{"id":279,"date":"2021-11-01T22:03:38","date_gmt":"2021-11-01T21:03:38","guid":{"rendered":"https:\/\/www.guhalg.com\/wordpress\/?page_id=279"},"modified":"2023-11-24T20:05:34","modified_gmt":"2023-11-24T19:05:34","slug":"madagaskar-2012-2013","status":"publish","type":"page","link":"https:\/\/www.guhalg.com\/wordpress\/?page_id=279","title":{"rendered":"Madagaskar 2012 \/ 2013"},"content":{"rendered":"\n<h1 class=\"wp-block-heading\" id=\"zwei-rundreisen-durch-unberuhrte-natur-und-ein-bade-und-tauchurlaub-mit-whalewatching-von-einer-kleinen-insel-aus\">Zwei Rundreisen durch unber\u00fchrte Natur und ein Bade- und Tauchurlaub mit Whalewatching von einer kleinen Insel aus.<\/h1>\n\n\n\n<p>In 2012 haben wir uns einen Traum erf\u00fcllt und sind nach Madagaskar geflogen. Das hatte uns so gut gefallen, dass wir f\u00fcr 2013 gleich noch eine weitere Reise gebucht hatten.<\/p>\n\n\n\n<p>Nun liegt Madagaskar ja nicht gleich um die Ecke und ist auch nur eine Insel, warum also gleich zwei Urlaube dorthin? Ja, die Antwort findet ihr in diesem Reisebericht. Nat\u00fcrlich aber wieder erst mal der Link zur Wikipedia <a rel=\"noreferrer noopener\" href=\"https:\/\/de.wikipedia.org\/wiki\/Madagaskar\" target=\"_blank\">Madagaskar<\/a>.<\/p>\n\n\n\n<h2 class=\"wp-block-heading\" id=\"madagaskar-die-idee\">Madagaskar &#8211; Die Idee<\/h2>\n\n\n\n<p>Wie kommt man auf ein Urlaubsziel wie Madagaskar? Nun, es gibt mehrere Ausl\u00f6ser, die einen diese Insel ins Blickfeld r\u00fccken. Da w\u00e4re als Erstes unser Tauchurlaub in Mosambik, quasi gegen\u00fcber von Madagaskar. Auch die Comicfilme Madagaskar haben einen den Namen ins Ged\u00e4chtnis gerufen. Und es gibt doch allerlei Fernsehberichte \u00fcber die fantastische Tierwelt, allen voran die Lemuren und die Geckos.\u00a0Die Erlebnisse, die sich einem in diesem Land bieten, sind schon au\u00dfergew\u00f6hnlich. Und damit wurden unsere Erwartungen auch immer gr\u00f6\u00dfer. \u00a0 Wenige Bilder hier am Anfang des Berichtes geben auf der einen Seite einen \u00dcberblick, sollen aber auch die Neugier auf die Einzelheiten wecken. Da w\u00e4re als erstes nat\u00fcrlich die Tierwelt. Viele Arten sind endemisch, kommen also nur hier vor, wie diese <a rel=\"noreferrer noopener\" href=\"https:\/\/de.wikipedia.org\/wiki\/Geckos\" target=\"_blank\">Geckos <\/a>und <a rel=\"noreferrer noopener\" href=\"https:\/\/de.wikipedia.org\/wiki\/Cham%C3%A4leons\" target=\"_blank\">Cham\u00e4leons <\/a>(linkes Bild), oder auch die <a rel=\"noreferrer noopener\" href=\"https:\/\/de.wikipedia.org\/wiki\/Lemuren\" target=\"_blank\">Lemuren <\/a>(rechtes Bild)<\/p>\n\n\n\n<div class=\"wp-block-columns is-layout-flex wp-container-core-columns-is-layout-9d6595d7 wp-block-columns-is-layout-flex\">\n<div class=\"wp-block-column is-layout-flow wp-block-column-is-layout-flow\">\n<div class=\"wp-block-image\"><figure class=\"aligncenter size-large\"><a href=\"https:\/\/www.guhalg.com\/wordpress\/wp-content\/uploads\/Reisen\/Madagaskar\/Reise\/Geckos.jpg\"><img loading=\"lazy\" decoding=\"async\" width=\"1024\" height=\"640\" src=\"https:\/\/www.guhalg.com\/wordpress\/wp-content\/uploads\/Reisen\/Madagaskar\/Reise\/Geckos-1024x640.jpg\" alt=\"Geckos\" class=\"wp-image-295\" srcset=\"https:\/\/www.guhalg.com\/wordpress\/wp-content\/uploads\/Reisen\/Madagaskar\/Reise\/Geckos-1024x640.jpg 1024w, https:\/\/www.guhalg.com\/wordpress\/wp-content\/uploads\/Reisen\/Madagaskar\/Reise\/Geckos-300x188.jpg 300w, https:\/\/www.guhalg.com\/wordpress\/wp-content\/uploads\/Reisen\/Madagaskar\/Reise\/Geckos-768x480.jpg 768w, https:\/\/www.guhalg.com\/wordpress\/wp-content\/uploads\/Reisen\/Madagaskar\/Reise\/Geckos-1536x960.jpg 1536w, https:\/\/www.guhalg.com\/wordpress\/wp-content\/uploads\/Reisen\/Madagaskar\/Reise\/Geckos.jpg 1920w\" sizes=\"auto, (max-width: 1024px) 100vw, 1024px\" \/><\/a><figcaption>Cham\u00e4leons und Geckos<\/figcaption><\/figure><\/div>\n<\/div>\n\n\n\n<div class=\"wp-block-column is-layout-flow wp-block-column-is-layout-flow\">\n<div class=\"wp-block-image\"><figure class=\"aligncenter size-large\"><a href=\"https:\/\/www.guhalg.com\/wordpress\/wp-content\/uploads\/Reisen\/Madagaskar\/Reise\/Lemuren.jpg\"><img loading=\"lazy\" decoding=\"async\" width=\"1024\" height=\"640\" src=\"https:\/\/www.guhalg.com\/wordpress\/wp-content\/uploads\/Reisen\/Madagaskar\/Reise\/Lemuren-1024x640.jpg\" alt=\"Lemuren\" class=\"wp-image-297\" srcset=\"https:\/\/www.guhalg.com\/wordpress\/wp-content\/uploads\/Reisen\/Madagaskar\/Reise\/Lemuren-1024x640.jpg 1024w, https:\/\/www.guhalg.com\/wordpress\/wp-content\/uploads\/Reisen\/Madagaskar\/Reise\/Lemuren-300x188.jpg 300w, https:\/\/www.guhalg.com\/wordpress\/wp-content\/uploads\/Reisen\/Madagaskar\/Reise\/Lemuren-768x480.jpg 768w, https:\/\/www.guhalg.com\/wordpress\/wp-content\/uploads\/Reisen\/Madagaskar\/Reise\/Lemuren-1536x960.jpg 1536w, https:\/\/www.guhalg.com\/wordpress\/wp-content\/uploads\/Reisen\/Madagaskar\/Reise\/Lemuren.jpg 1920w\" sizes=\"auto, (max-width: 1024px) 100vw, 1024px\" \/><\/a><figcaption>Lemuren<\/figcaption><\/figure><\/div>\n<\/div>\n<\/div>\n\n\n\n<p>Und nat\u00fcrlich die Landschaften. Dieses Land verf\u00fcgt \u00fcber viele unber\u00fchrte Landschaften und belohnt einen immer wieder f\u00fcr die viele Fahrerei mit au\u00dfergew\u00f6hnlichen Bildern.<\/p>\n\n\n\n<div class=\"wp-block-columns is-layout-flex wp-container-core-columns-is-layout-9d6595d7 wp-block-columns-is-layout-flex\">\n<div class=\"wp-block-column is-layout-flow wp-block-column-is-layout-flow\">\n<div class=\"wp-block-image\"><figure class=\"aligncenter size-large\"><a href=\"https:\/\/www.guhalg.com\/wordpress\/wp-content\/uploads\/Reisen\/Madagaskar\/Reise\/Landschaft.jpg\"><img loading=\"lazy\" decoding=\"async\" width=\"1024\" height=\"575\" src=\"https:\/\/www.guhalg.com\/wordpress\/wp-content\/uploads\/Reisen\/Madagaskar\/Reise\/Landschaft-1024x575.jpg\" alt=\"Landschaft\" class=\"wp-image-296\" srcset=\"https:\/\/www.guhalg.com\/wordpress\/wp-content\/uploads\/Reisen\/Madagaskar\/Reise\/Landschaft-1024x575.jpg 1024w, https:\/\/www.guhalg.com\/wordpress\/wp-content\/uploads\/Reisen\/Madagaskar\/Reise\/Landschaft-300x169.jpg 300w, https:\/\/www.guhalg.com\/wordpress\/wp-content\/uploads\/Reisen\/Madagaskar\/Reise\/Landschaft-768x432.jpg 768w, https:\/\/www.guhalg.com\/wordpress\/wp-content\/uploads\/Reisen\/Madagaskar\/Reise\/Landschaft-1536x863.jpg 1536w, https:\/\/www.guhalg.com\/wordpress\/wp-content\/uploads\/Reisen\/Madagaskar\/Reise\/Landschaft.jpg 1920w\" sizes=\"auto, (max-width: 1024px) 100vw, 1024px\" \/><\/a><figcaption>Madagaskar Landschaft<\/figcaption><\/figure><\/div>\n<\/div>\n\n\n\n<div class=\"wp-block-column is-layout-flow wp-block-column-is-layout-flow\">\n<div class=\"wp-block-image\"><figure class=\"aligncenter size-large\"><a href=\"https:\/\/www.guhalg.com\/wordpress\/wp-content\/uploads\/Reisen\/Madagaskar\/Reise\/Strand.jpg\"><img loading=\"lazy\" decoding=\"async\" width=\"1024\" height=\"575\" src=\"https:\/\/www.guhalg.com\/wordpress\/wp-content\/uploads\/Reisen\/Madagaskar\/Reise\/Strand-1024x575.jpg\" alt=\"Strand\" class=\"wp-image-299\" srcset=\"https:\/\/www.guhalg.com\/wordpress\/wp-content\/uploads\/Reisen\/Madagaskar\/Reise\/Strand-1024x575.jpg 1024w, https:\/\/www.guhalg.com\/wordpress\/wp-content\/uploads\/Reisen\/Madagaskar\/Reise\/Strand-300x169.jpg 300w, https:\/\/www.guhalg.com\/wordpress\/wp-content\/uploads\/Reisen\/Madagaskar\/Reise\/Strand-768x432.jpg 768w, https:\/\/www.guhalg.com\/wordpress\/wp-content\/uploads\/Reisen\/Madagaskar\/Reise\/Strand-1536x863.jpg 1536w, https:\/\/www.guhalg.com\/wordpress\/wp-content\/uploads\/Reisen\/Madagaskar\/Reise\/Strand.jpg 1920w\" sizes=\"auto, (max-width: 1024px) 100vw, 1024px\" \/><\/a><figcaption>Madagaskar Strand<\/figcaption><\/figure><\/div>\n<\/div>\n<\/div>\n\n\n\n<h2 class=\"wp-block-heading\" id=\"wie-ist-die-reise-aber-zu-stande-gekommen\">Wie ist die Reise aber zu Stande gekommen?<\/h2>\n\n\n\n<p>Wir haben uns im Internet sehr viele verschiedene Reisen angesehen. Die meisten davon waren aber auf einen ausgiebigen Badeurlaub ausgerichtet.<br>Das war jetzt nicht so unsere Vorstellung, aber die meisten Reiseangebote waren da doch sehr \u00e4hnlich.<br><br>Letztendlich sind wir dann bei L&#8217;Evasion-Tours auf mehrere gute Reiseangebote gesto\u00dfen. Der Veranstalter bietet die M\u00f6glichkeit, die Reise den eigenen W\u00fcnschen anzupassen. Sei es, was die Unterkunft betrifft, wir m\u00f6gen ja keine gro\u00dfen Luxusbunker, aber auch der Reiseverlauf und die jeweilige Dauer werden flexibel ausgearbeitet. Gr\u00f6\u00dftenteils sind nur die Fl\u00fcge der feste Anker in der Planung.<br><br>Wir haben uns dann f\u00fcr eine typische Kombination entschieden: Eine siebent\u00e4gige Rundreise durch den Norden, gefolgt von einem f\u00fcnft\u00e4gigen Badeurlaub auf einer kleinen Insel \u00f6stlich von Madagaskar: Isle Ste. Marie (Nosy Boraha).<br><br>Dass es im Jahr darauf gleich eine weitere Reise nach Madagaskar geben w\u00fcrde, war noch nicht abzusehen. Insbesondere, da uns die Vorstellung in eines der \u00e4rmsten L\u00e4nder der Welt zu reisen und was wir dort so vorfinden w\u00fcrden doch im Vorfeld stark besch\u00e4ftigte.<br>Fangen wir aber jetzt mit der ersten Reise an.<\/p>\n\n\n\n<div class=\"wp-block-buttons is-horizontal is-content-justification-right is-layout-flex wp-container-core-buttons-is-layout-ae2fe186 wp-block-buttons-is-layout-flex\">\n<div class=\"wp-block-button is-style-fill\"><a class=\"wp-block-button__link\" href=\"https:\/\/www.guhalg.com\/wordpress\/?page_id=291\">Die Anreise<\/a><\/div>\n<\/div>\n","protected":false},"excerpt":{"rendered":"<p>Zwei Rundreisen durch unber\u00fchrte Natur und ein Bade- und Tauchurlaub mit Whalewatching von einer kleinen Insel aus. In 2012 haben wir uns einen Traum erf\u00fcllt und sind nach Madagaskar geflogen. Das hatte uns so gut gefallen, dass wir f\u00fcr 2013&hellip; <\/p>\n","protected":false},"author":1,"featured_media":0,"parent":0,"menu_order":31,"comment_status":"closed","ping_status":"closed","template":"","meta":{"footnotes":""},"class_list":["post-279","page","type-page","status-publish","hentry"],"_links":{"self":[{"href":"https:\/\/www.guhalg.com\/wordpress\/index.php?rest_route=\/wp\/v2\/pages\/279","targetHints":{"allow":["GET"]}}],"collection":[{"href":"https:\/\/www.guhalg.com\/wordpress\/index.php?rest_route=\/wp\/v2\/pages"}],"about":[{"href":"https:\/\/www.guhalg.com\/wordpress\/index.php?rest_route=\/wp\/v2\/types\/page"}],"author":[{"embeddable":true,"href":"https:\/\/www.guhalg.com\/wordpress\/index.php?rest_route=\/wp\/v2\/users\/1"}],"replies":[{"embeddable":true,"href":"https:\/\/www.guhalg.com\/wordpress\/index.php?rest_route=%2Fwp%2Fv2%2Fcomments&post=279"}],"version-history":[{"count":14,"href":"https:\/\/www.guhalg.com\/wordpress\/index.php?rest_route=\/wp\/v2\/pages\/279\/revisions"}],"predecessor-version":[{"id":7849,"href":"https:\/\/www.guhalg.com\/wordpress\/index.php?rest_route=\/wp\/v2\/pages\/279\/revisions\/7849"}],"wp:attachment":[{"href":"https:\/\/www.guhalg.com\/wordpress\/index.php?rest_route=%2Fwp%2Fv2%2Fmedia&parent=279"}],"curies":[{"name":"wp","href":"https:\/\/api.w.org\/{rel}","templated":true}]}}