{"id":2840,"date":"2021-11-23T21:35:25","date_gmt":"2021-11-23T20:35:25","guid":{"rendered":"https:\/\/www.guhalg.com\/wordpress\/?page_id=2840"},"modified":"2022-02-06T21:37:31","modified_gmt":"2022-02-06T20:37:31","slug":"weiterreise-nach-donsol","status":"publish","type":"page","link":"https:\/\/www.guhalg.com\/wordpress\/?page_id=2840","title":{"rendered":"Weiterreise nach Donsol"},"content":{"rendered":"\n<p>So, und wo liegt jetzt Donsol? <\/p>\n\n\n\n<p>Auf der Hauptinsel der Philippinen, so wie Manila auch. Allerdings etwas weiter im S\u00fcden und ein wenig gen Osten. Von der Stadt Legazpi (bekannt u.a. durch seinen Vulkan Mayon) f\u00e4hrt man ca. 1,5 Std. einmal quer \u00fcber die Insel, vorbei an vielen Reisfeldern, verl\u00e4sst in Gedanken die zivilisierte Welt und taucht ein in ein anderes, (noch) nicht touristisch erschlossenes Hinterland. <\/p>\n\n\n\n<div class=\"wp-block-image\"><figure class=\"aligncenter size-full\"><a href=\"https:\/\/www.guhalg.com\/wordpress\/wp-content\/uploads\/Reisen\/Philippinen2005\/Bericht\/Abreise\/Ph_physical_map_Legazpi.png\"><img loading=\"lazy\" decoding=\"async\" width=\"600\" height=\"940\" src=\"https:\/\/www.guhalg.com\/wordpress\/wp-content\/uploads\/Reisen\/Philippinen2005\/Bericht\/Abreise\/Ph_physical_map_Legazpi.png\" alt=\"Legazpi\" class=\"wp-image-2846\" srcset=\"https:\/\/www.guhalg.com\/wordpress\/wp-content\/uploads\/Reisen\/Philippinen2005\/Bericht\/Abreise\/Ph_physical_map_Legazpi.png 600w, https:\/\/www.guhalg.com\/wordpress\/wp-content\/uploads\/Reisen\/Philippinen2005\/Bericht\/Abreise\/Ph_physical_map_Legazpi-191x300.png 191w\" sizes=\"auto, (max-width: 600px) 100vw, 600px\" \/><\/a><figcaption>Legazpi<\/figcaption><\/figure><\/div>\n\n\n\n<p>Beim Anflug auf Legazpi f\u00e4llt einem sofort die ungeheuer gr\u00fcne Landschaft auf. Man &#8217;sieht&#8216; schon die Feuchtigkeit in der Luft. Dieser Eindruck verst\u00e4rkt sich noch, wenn man bei der Busfahrt nach Donsol durch eine scheinbar immer-und-\u00fcberall gr\u00fcne Landschaft f\u00e4hrt. <\/p>\n\n\n\n<div class=\"wp-block-image\"><figure class=\"aligncenter size-full\"><a href=\"https:\/\/www.guhalg.com\/wordpress\/wp-content\/uploads\/Reisen\/Philippinen2005\/Bericht\/20060304 - 00 47 22.jpg\"><img loading=\"lazy\" decoding=\"async\" width=\"800\" height=\"600\" src=\"https:\/\/www.guhalg.com\/wordpress\/wp-content\/uploads\/Reisen\/Philippinen2005\/Bericht\/20060304 - 00 47 22.jpg\" alt=\"Anflug auf Legazpi\" class=\"wp-image-2884\" srcset=\"https:\/\/www.guhalg.com\/wordpress\/wp-content\/uploads\/Reisen\/Philippinen2005\/Bericht\/20060304%20-%2000%2047%2022.jpg 800w, https:\/\/www.guhalg.com\/wordpress\/wp-content\/uploads\/Reisen\/Philippinen2005\/Bericht\/20060304%20-%2000%2047%2022-300x225.jpg 300w, https:\/\/www.guhalg.com\/wordpress\/wp-content\/uploads\/Reisen\/Philippinen2005\/Bericht\/20060304%20-%2000%2047%2022-768x576.jpg 768w\" sizes=\"auto, (max-width: 800px) 100vw, 800px\" \/><\/a><figcaption>Anflug auf Legazpi<\/figcaption><\/figure><\/div>\n\n\n\n<p>Bei der Abfahrt von Flughafen wird man noch auf den Vulkan hingewiesen. Mit einem Blick zur Seite sieht man schon ein beeindruckendes Beispiel an nat\u00fcrlicher Symmetrie. Der Vulkan ist ber\u00fchmt f\u00fcr seinen geometrischen H\u00fcgel und gef\u00fcrchtet f\u00fcr seine Aktivit\u00e4t. <\/p>\n\n\n\n<div class=\"wp-block-image\"><figure class=\"aligncenter size-full\"><a href=\"https:\/\/www.guhalg.com\/wordpress\/wp-content\/uploads\/Reisen\/Philippinen2005\/Bericht\/20060307 - 00 35 39.jpg\"><img loading=\"lazy\" decoding=\"async\" width=\"800\" height=\"600\" src=\"https:\/\/www.guhalg.com\/wordpress\/wp-content\/uploads\/Reisen\/Philippinen2005\/Bericht\/20060307 - 00 35 39.jpg\" alt=\"Vulkan Mayon\" class=\"wp-image-2905\" srcset=\"https:\/\/www.guhalg.com\/wordpress\/wp-content\/uploads\/Reisen\/Philippinen2005\/Bericht\/20060307%20-%2000%2035%2039.jpg 800w, https:\/\/www.guhalg.com\/wordpress\/wp-content\/uploads\/Reisen\/Philippinen2005\/Bericht\/20060307%20-%2000%2035%2039-300x225.jpg 300w, https:\/\/www.guhalg.com\/wordpress\/wp-content\/uploads\/Reisen\/Philippinen2005\/Bericht\/20060307%20-%2000%2035%2039-768x576.jpg 768w\" sizes=\"auto, (max-width: 800px) 100vw, 800px\" \/><\/a><figcaption>Vulkan Mayon<\/figcaption><\/figure><\/div>\n\n\n\n<p>Vorbei an den vielen Reisfeldern geht es immer weiter in einen urspr\u00fcnglichen und wie es scheint unber\u00fchrten Teil der Philippinen bis wir schlie\u00dflich, nach einer manchmal etwas holprigen Fahrt \u00fcber teilweise nicht ausgebaute Strassen, dann unser Ziel erreichen.  Wir sind in Donsol. Alles total gr\u00fcn. man sp\u00fcrt und sieht auch, dass es hier keinen Wassermangel (zumindest in dieser Zeit) gibt. <\/p>\n\n\n\n<div class=\"wp-block-columns is-layout-flex wp-container-core-columns-is-layout-9d6595d7 wp-block-columns-is-layout-flex\">\n<div class=\"wp-block-column is-layout-flow wp-block-column-is-layout-flow\">\n<div class=\"wp-block-columns is-layout-flex wp-container-core-columns-is-layout-9d6595d7 wp-block-columns-is-layout-flex\">\n<div class=\"wp-block-column is-layout-flow wp-block-column-is-layout-flow\">\n<div class=\"wp-block-image\"><figure class=\"aligncenter size-full\"><a href=\"https:\/\/www.guhalg.com\/wordpress\/wp-content\/uploads\/Reisen\/Philippinen2005\/Bericht\/20060306 - 09 58 29.jpg\"><img loading=\"lazy\" decoding=\"async\" width=\"800\" height=\"600\" src=\"https:\/\/www.guhalg.com\/wordpress\/wp-content\/uploads\/Reisen\/Philippinen2005\/Bericht\/20060306 - 09 58 29.jpg\" alt=\"Reisfelder\" class=\"wp-image-2901\" srcset=\"https:\/\/www.guhalg.com\/wordpress\/wp-content\/uploads\/Reisen\/Philippinen2005\/Bericht\/20060306%20-%2009%2058%2029.jpg 800w, https:\/\/www.guhalg.com\/wordpress\/wp-content\/uploads\/Reisen\/Philippinen2005\/Bericht\/20060306%20-%2009%2058%2029-300x225.jpg 300w, https:\/\/www.guhalg.com\/wordpress\/wp-content\/uploads\/Reisen\/Philippinen2005\/Bericht\/20060306%20-%2009%2058%2029-768x576.jpg 768w\" sizes=\"auto, (max-width: 800px) 100vw, 800px\" \/><\/a><figcaption>Reisfelder<\/figcaption><\/figure><\/div>\n<\/div>\n\n\n\n<div class=\"wp-block-column is-layout-flow wp-block-column-is-layout-flow\">\n<div class=\"wp-block-image\"><figure class=\"aligncenter size-full\"><a href=\"https:\/\/www.guhalg.com\/wordpress\/wp-content\/uploads\/Reisen\/Philippinen2005\/Bericht\/20060305 - 09 26 23.jpg\"><img loading=\"lazy\" decoding=\"async\" width=\"800\" height=\"600\" src=\"https:\/\/www.guhalg.com\/wordpress\/wp-content\/uploads\/Reisen\/Philippinen2005\/Bericht\/20060305 - 09 26 23.jpg\" alt=\"Donsol\" class=\"wp-image-2890\" srcset=\"https:\/\/www.guhalg.com\/wordpress\/wp-content\/uploads\/Reisen\/Philippinen2005\/Bericht\/20060305%20-%2009%2026%2023.jpg 800w, https:\/\/www.guhalg.com\/wordpress\/wp-content\/uploads\/Reisen\/Philippinen2005\/Bericht\/20060305%20-%2009%2026%2023-300x225.jpg 300w, https:\/\/www.guhalg.com\/wordpress\/wp-content\/uploads\/Reisen\/Philippinen2005\/Bericht\/20060305%20-%2009%2026%2023-768x576.jpg 768w\" sizes=\"auto, (max-width: 800px) 100vw, 800px\" \/><\/a><figcaption>Donsol<\/figcaption><\/figure><\/div>\n<\/div>\n\n\n\n<div class=\"wp-block-column is-layout-flow wp-block-column-is-layout-flow\">\n<div class=\"wp-block-image\"><figure class=\"aligncenter size-full\"><a href=\"https:\/\/www.guhalg.com\/wordpress\/wp-content\/uploads\/Reisen\/Philippinen2005\/Bericht\/20060305 - 09 26 44.jpg\"><img loading=\"lazy\" decoding=\"async\" width=\"800\" height=\"600\" src=\"https:\/\/www.guhalg.com\/wordpress\/wp-content\/uploads\/Reisen\/Philippinen2005\/Bericht\/20060305 - 09 26 44.jpg\" alt=\"Alles gr\u00fcn\" class=\"wp-image-2891\" srcset=\"https:\/\/www.guhalg.com\/wordpress\/wp-content\/uploads\/Reisen\/Philippinen2005\/Bericht\/20060305%20-%2009%2026%2044.jpg 800w, https:\/\/www.guhalg.com\/wordpress\/wp-content\/uploads\/Reisen\/Philippinen2005\/Bericht\/20060305%20-%2009%2026%2044-300x225.jpg 300w, https:\/\/www.guhalg.com\/wordpress\/wp-content\/uploads\/Reisen\/Philippinen2005\/Bericht\/20060305%20-%2009%2026%2044-768x576.jpg 768w\" sizes=\"auto, (max-width: 800px) 100vw, 800px\" \/><\/a><figcaption>Alles gr\u00fcn<\/figcaption><\/figure><\/div>\n<\/div>\n<\/div>\n<\/div>\n<\/div>\n\n\n\n<div class=\"wp-block-columns is-layout-flex wp-container-core-columns-is-layout-9d6595d7 wp-block-columns-is-layout-flex\">\n<div class=\"wp-block-column is-layout-flow wp-block-column-is-layout-flow\">\n<div class=\"wp-block-buttons is-layout-flex wp-block-buttons-is-layout-flex\">\n<div class=\"wp-block-button\"><a class=\"wp-block-button__link\" href=\"https:\/\/www.guhalg.com\/wordpress\/?page_id=2826\">R\u00fcckflug nach Manila<\/a><\/div>\n<\/div>\n<\/div>\n\n\n\n<div class=\"wp-block-column is-layout-flow wp-block-column-is-layout-flow\">\n<div class=\"wp-block-buttons is-horizontal is-content-justification-right is-layout-flex wp-container-core-buttons-is-layout-ae2fe186 wp-block-buttons-is-layout-flex\">\n<div class=\"wp-block-button\"><a class=\"wp-block-button__link\" href=\"https:\/\/www.guhalg.com\/wordpress\/?page_id=2918\">Der Urlaub<\/a><\/div>\n<\/div>\n<\/div>\n<\/div>\n","protected":false},"excerpt":{"rendered":"<p>So, und wo liegt jetzt Donsol? Auf der Hauptinsel der Philippinen, so wie Manila auch. Allerdings etwas weiter im S\u00fcden und ein wenig gen Osten. Von der Stadt Legazpi (bekannt u.a. durch seinen Vulkan Mayon) f\u00e4hrt man ca. 1,5 Std.&hellip; <\/p>\n","protected":false},"author":1,"featured_media":0,"parent":2550,"menu_order":9,"comment_status":"closed","ping_status":"closed","template":"","meta":{"footnotes":""},"class_list":["post-2840","page","type-page","status-publish","hentry"],"_links":{"self":[{"href":"https:\/\/www.guhalg.com\/wordpress\/index.php?rest_route=\/wp\/v2\/pages\/2840","targetHints":{"allow":["GET"]}}],"collection":[{"href":"https:\/\/www.guhalg.com\/wordpress\/index.php?rest_route=\/wp\/v2\/pages"}],"about":[{"href":"https:\/\/www.guhalg.com\/wordpress\/index.php?rest_route=\/wp\/v2\/types\/page"}],"author":[{"embeddable":true,"href":"https:\/\/www.guhalg.com\/wordpress\/index.php?rest_route=\/wp\/v2\/users\/1"}],"replies":[{"embeddable":true,"href":"https:\/\/www.guhalg.com\/wordpress\/index.php?rest_route=%2Fwp%2Fv2%2Fcomments&post=2840"}],"version-history":[{"count":8,"href":"https:\/\/www.guhalg.com\/wordpress\/index.php?rest_route=\/wp\/v2\/pages\/2840\/revisions"}],"predecessor-version":[{"id":7678,"href":"https:\/\/www.guhalg.com\/wordpress\/index.php?rest_route=\/wp\/v2\/pages\/2840\/revisions\/7678"}],"up":[{"embeddable":true,"href":"https:\/\/www.guhalg.com\/wordpress\/index.php?rest_route=\/wp\/v2\/pages\/2550"}],"wp:attachment":[{"href":"https:\/\/www.guhalg.com\/wordpress\/index.php?rest_route=%2Fwp%2Fv2%2Fmedia&parent=2840"}],"curies":[{"name":"wp","href":"https:\/\/api.w.org\/{rel}","templated":true}]}}