{"id":291,"date":"2021-11-02T14:27:51","date_gmt":"2021-11-02T13:27:51","guid":{"rendered":"https:\/\/www.guhalg.com\/wordpress\/?page_id=291"},"modified":"2022-02-08T22:23:36","modified_gmt":"2022-02-08T21:23:36","slug":"madagaskar-die-vorbereitung-anreise-und-erster-tag","status":"publish","type":"page","link":"https:\/\/www.guhalg.com\/wordpress\/?page_id=291","title":{"rendered":"Die Vorbereitung, Anreise und erster Tag"},"content":{"rendered":"\n<p>Nachdem wir uns f\u00fcr den Reiseveranstalter entschieden hatten, ging auch gleich eine Anfrage f\u00fcr die Wunschreise raus. Die Antwort mit dem Angebot kam prompt zur\u00fcck und nach wenigen weiteren Mails war die Reise gebucht. Zu den eigentlichen zw\u00f6lf Tagen auf Madagaskar kamen noch jeweils zwei Tage An- und Abreise hinzu und fertig war der Urlaub: Sechzehn Tage Individualreise mit eigenem Fahrer und zus\u00e4tzlichem Guide \u2013 deutschsprachig.<br><br>Jetzt ging es an die Reisevorbereitungen und hier gab es doch noch einiges zu tun. Es ging los mit einer prall gef\u00fcllten Medikamentenbox, Erste-Hilfe-Set f\u00fcr Unf\u00e4lle und besonders wichtig die Anti-Moskito-Mittel inkl. Schutzkleidung, also lang \u00e4rmliche Shirts und Hosen f\u00fcr den Abend.<br>Aber auch die technische Ausr\u00fcstung mit Stromversorgung \/ Powerbank, die Kameras mit Ersatz Akkus und Speicherkarten bis hin zu den Backups f\u00fcr den Speicher und unabh\u00e4ngige Ladeger\u00e4te. All das wollte sorgf\u00e4ltig ausgew\u00e4hlt und eingepackt werden. Aber wir waren am Schluss f\u00fcr mehrere Tage autark.<br><br>Die n\u00e4chste Herausforderung war die Kleidung. Von warmer \u00dcbergangs- und regenfester Kleidung f\u00fcr die Bergregionen bis zum Strandoutfit war alles notwendig und wollte sorgsam ausgew\u00e4hlt werden.<br><br>Eine letzte Herausforderung war dann aber das eigentliche Packen. Wir wollten ja auf Ste. Marie tauchen gehen, hatten also unsere 18Kg Tauchausr\u00fcstung, ca. 10Kg Technik inkl. der Kameras und unser normales Gep\u00e4ck. Das mussten wir so verteilen, dass die 27Kg (20 + 7) Freigep\u00e4ck passten. Haben wir auch fast hinbekommen, die schweren Teile ins Handgep\u00e4ck, da dieses meist nicht gewogen wird und da die Kamera im Handgep\u00e4ck nicht zu den Kilos gez\u00e4hlt wurde, blieben dann f\u00fcr die Gep\u00e4ckaufgabe am Flughafen gerade mal die erlaubten 20 Kg.<br><br>Wer sich jetzt fragt, wieso eigentlich nur 20 Kg? Nun ja, wir hatten auch die Inlandsfl\u00fcge zur Insel Ste. Marie und hier gelten halt die 20 Kg.<br><br>Am Abreisetag ging es dann doch etwas schwer beladen mit dem Auto zur Messe, weiter mit der U- und S-Bahn zum Flughafen Hannover.<br><br>Nachdem das Gep\u00e4ck aufgegeben war hatten wir zwar beide dann noch jeweils zwei St\u00fcck Handgep\u00e4ck und mussten dieses auch durch den \u201asch\u00f6nen\u2018 Flughafen Charles De Gaulle mitschleppen, aber in Madagaskar wurde uns das alles abgenommen.<\/p>\n\n\n\n<p>Nach dem langen Flug waren wir endlich in Madagaskar angekommen und wurden am Flughafen von unserem Guide und unserem Fahrer abgeholt. Da es schon fr\u00fcher Abend war, ging es auch gleich ins Hotel. Die Fahrt durch die D\u00e4mmerung in Antananarivo war lang, aber ereignislos. Einen Eindruck der Stadt haben wir nicht bekommen und eine lange Autofahrt l\u00e4sst ja auch nicht unbedingt R\u00fcckschl\u00fcsse auf die Gr\u00f6\u00dfe der Stadt zu.<\/p>\n\n\n\n<div class=\"wp-block-image\"><figure class=\"aligncenter size-large\"><a href=\"https:\/\/www.guhalg.com\/wordpress\/wp-content\/uploads\/Reisen\/Madagaskar\/1Tag\/Hotel.jpg\"><img loading=\"lazy\" decoding=\"async\" width=\"1024\" height=\"575\" src=\"https:\/\/www.guhalg.com\/wordpress\/wp-content\/uploads\/Reisen\/Madagaskar\/1Tag\/Hotel-1024x575.jpg\" alt=\"Hotel\" class=\"wp-image-313\" title=\"Hotel in Antananarivo\" srcset=\"https:\/\/www.guhalg.com\/wordpress\/wp-content\/uploads\/Reisen\/Madagaskar\/1Tag\/Hotel-1024x575.jpg 1024w, https:\/\/www.guhalg.com\/wordpress\/wp-content\/uploads\/Reisen\/Madagaskar\/1Tag\/Hotel-300x169.jpg 300w, https:\/\/www.guhalg.com\/wordpress\/wp-content\/uploads\/Reisen\/Madagaskar\/1Tag\/Hotel-768x432.jpg 768w, https:\/\/www.guhalg.com\/wordpress\/wp-content\/uploads\/Reisen\/Madagaskar\/1Tag\/Hotel-1536x863.jpg 1536w, https:\/\/www.guhalg.com\/wordpress\/wp-content\/uploads\/Reisen\/Madagaskar\/1Tag\/Hotel.jpg 1920w\" sizes=\"auto, (max-width: 1024px) 100vw, 1024px\" \/><\/a><figcaption>Das Hotel in Antananarivo<\/figcaption><\/figure><\/div>\n\n\n\n<p>Das Hotel lag etwas abseits des Stadtzentrums, war durch einen gro\u00dfen Zaum von der Stra\u00dfe abgetrennt, etwas angestaubt, aber nett und v\u00f6llig ausreichend. Und es war mit viel Gr\u00fcn angelegt und wurde scheinbar auch immer bew\u00e4ssert. Ein Luxus, wie wir w\u00e4hrend der Reise noch lernen sollten.<br>Nach dem Fr\u00fchst\u00fcck ging es dann aber auch gleich los zu einer Erkundungsfahrt der Stadt. Nun ja, f\u00fcr \u00fcber 1,8 Millionen Einwohner war der Verkehr ertr\u00e4glich, aber schon \u00fcberall in der City ein gewisser Stau vorhanden.<br>Was wir bis dahin aber gar nicht registriert hatten, war die Berglage der Stadt: auf \u00fcber 1400 m gelegen ging es hier bergauf und bergab.<br>Das bot aber auch die Chance \u00fcber einem erh\u00f6hten Standort einen wunderbaren Blick \u00fcber die Stadt zu genie\u00dfen.<\/p>\n\n\n\n<div class=\"wp-block-image\"><figure class=\"aligncenter size-large\"><a href=\"https:\/\/www.guhalg.com\/wordpress\/wp-content\/uploads\/Reisen\/Madagaskar\/1Tag\/Antananarivo.jpg\"><img loading=\"lazy\" decoding=\"async\" width=\"1024\" height=\"287\" src=\"https:\/\/www.guhalg.com\/wordpress\/wp-content\/uploads\/Reisen\/Madagaskar\/1Tag\/Antananarivo-1024x287.jpg\" alt=\"Antananarivo\" class=\"wp-image-307\" title=\"Antananarivo\" srcset=\"https:\/\/www.guhalg.com\/wordpress\/wp-content\/uploads\/Reisen\/Madagaskar\/1Tag\/Antananarivo-1024x287.jpg 1024w, https:\/\/www.guhalg.com\/wordpress\/wp-content\/uploads\/Reisen\/Madagaskar\/1Tag\/Antananarivo-300x84.jpg 300w, https:\/\/www.guhalg.com\/wordpress\/wp-content\/uploads\/Reisen\/Madagaskar\/1Tag\/Antananarivo-768x216.jpg 768w, https:\/\/www.guhalg.com\/wordpress\/wp-content\/uploads\/Reisen\/Madagaskar\/1Tag\/Antananarivo-1536x431.jpg 1536w, https:\/\/www.guhalg.com\/wordpress\/wp-content\/uploads\/Reisen\/Madagaskar\/1Tag\/Antananarivo.jpg 1920w\" sizes=\"auto, (max-width: 1024px) 100vw, 1024px\" \/><\/a><figcaption>Antananarivo<\/figcaption><\/figure><\/div>\n\n\n\n<p>Im Anschluss an diese kurze Erkundung ging es auf der Schnellstra\u00dfe recht z\u00fcgig weg von der Stadt aufs Land. Nach einigen Kilometern, ja wir sind tats\u00e4chlich \u00fcber 40Km auf einer gut ausgebauten Stra\u00dfe gefahren, gab es dann keine H\u00e4user mehr, die Stra\u00dfe wurde schmaler und das gesamte Landschaftsbild \u00e4nderte sich merklich.<br>Die Abzweigungen der Hauptstra\u00dfe waren nur noch Sandpisten, es gab vereinzelt H\u00e4user bzw. Orte zu sehen und das Ganze wirkt dann schon sehr l\u00e4ndlich, aber auch romantisch, mit den wenigen H\u00e4usern inmitten einer scheinbar intakten Natur.<br>Leider sind ein Gro\u00dfteil der B\u00e4ume in dieser einst sehr waldreichen Gegend gef\u00e4llt worden und die in unseren Augen idyllische Agrarlandschaft, die \u00fcbriggeblieben ist, zeugt vom gnadenlosen \u00dcberlebenskampf der Menschen.<\/p>\n\n\n\n<div class=\"wp-block-columns is-layout-flex wp-container-core-columns-is-layout-9d6595d7 wp-block-columns-is-layout-flex\">\n<div class=\"wp-block-column is-layout-flow wp-block-column-is-layout-flow\">\n<div class=\"wp-block-image\"><figure class=\"aligncenter size-large\"><a href=\"https:\/\/www.guhalg.com\/wordpress\/wp-content\/uploads\/Reisen\/Madagaskar\/1Tag\/Ortschaft.jpg\"><img loading=\"lazy\" decoding=\"async\" width=\"1024\" height=\"575\" src=\"https:\/\/www.guhalg.com\/wordpress\/wp-content\/uploads\/Reisen\/Madagaskar\/1Tag\/Ortschaft-1024x575.jpg\" alt=\"Ortschaft\" class=\"wp-image-315\" srcset=\"https:\/\/www.guhalg.com\/wordpress\/wp-content\/uploads\/Reisen\/Madagaskar\/1Tag\/Ortschaft-1024x575.jpg 1024w, https:\/\/www.guhalg.com\/wordpress\/wp-content\/uploads\/Reisen\/Madagaskar\/1Tag\/Ortschaft-300x169.jpg 300w, https:\/\/www.guhalg.com\/wordpress\/wp-content\/uploads\/Reisen\/Madagaskar\/1Tag\/Ortschaft-768x432.jpg 768w, https:\/\/www.guhalg.com\/wordpress\/wp-content\/uploads\/Reisen\/Madagaskar\/1Tag\/Ortschaft-1536x863.jpg 1536w, https:\/\/www.guhalg.com\/wordpress\/wp-content\/uploads\/Reisen\/Madagaskar\/1Tag\/Ortschaft.jpg 1920w\" sizes=\"auto, (max-width: 1024px) 100vw, 1024px\" \/><\/a><figcaption>Ortschaft<\/figcaption><\/figure><\/div>\n<\/div>\n\n\n\n<div class=\"wp-block-column is-layout-flow wp-block-column-is-layout-flow\">\n<div class=\"wp-block-image\"><figure class=\"aligncenter size-large\"><a href=\"https:\/\/www.guhalg.com\/wordpress\/wp-content\/uploads\/Reisen\/Madagaskar\/1Tag\/Idylle.jpg\"><img loading=\"lazy\" decoding=\"async\" width=\"1024\" height=\"575\" src=\"https:\/\/www.guhalg.com\/wordpress\/wp-content\/uploads\/Reisen\/Madagaskar\/1Tag\/Idylle-1024x575.jpg\" alt=\"Idylle\" class=\"wp-image-314\" srcset=\"https:\/\/www.guhalg.com\/wordpress\/wp-content\/uploads\/Reisen\/Madagaskar\/1Tag\/Idylle-1024x575.jpg 1024w, https:\/\/www.guhalg.com\/wordpress\/wp-content\/uploads\/Reisen\/Madagaskar\/1Tag\/Idylle-300x169.jpg 300w, https:\/\/www.guhalg.com\/wordpress\/wp-content\/uploads\/Reisen\/Madagaskar\/1Tag\/Idylle-768x432.jpg 768w, https:\/\/www.guhalg.com\/wordpress\/wp-content\/uploads\/Reisen\/Madagaskar\/1Tag\/Idylle-1536x863.jpg 1536w, https:\/\/www.guhalg.com\/wordpress\/wp-content\/uploads\/Reisen\/Madagaskar\/1Tag\/Idylle.jpg 1920w\" sizes=\"auto, (max-width: 1024px) 100vw, 1024px\" \/><\/a><figcaption>Idylle<\/figcaption><\/figure><\/div>\n<\/div>\n<\/div>\n\n\n\n<p>Weiter ging es dann zu einem Park, der <a rel=\"noreferrer noopener\" href=\"https:\/\/en.wikipedia.org\/wiki\/Peyrieras_Reptile_Reserve\" target=\"_blank\">Marozevo-Cham\u00e4leonfarm<\/a>, der in seinen Terrarien und Gehegen einen Teil der einheimischen Tierwelt f\u00fcr die Besucher bereith\u00e4lt. Hier wurden bzw. werden aus ganz Madagaskar die Tiere f\u00fcr die Touristen zusammengetragen.<br>Das f\u00e4ngt mit den Cham\u00e4leons an, die in einem doch relativ gro\u00dfen Gehege in unterschiedlichster Gr\u00f6\u00dfe und Farbe auf die Besucher warten. Warum warten? Nun ja, die Pfleger haben eine Menge an Heuschrecken dabei, mit denen die Tiere zur Demonstration gef\u00fcttert werden. Das bedeutet schlichtweg, Touristen = (extra) Futter.<br>Der Versuch, so eine F\u00fctterung mit einem Foto einzufangen, ist dabei wegen der Schnelligkeit der Tiere unm\u00f6glich. Erst mit der Serienfunktion (10 Bilder pro Sekunde) und als Video sieht man das Hervorschnellen der Zunge und das Fressen.<\/p>\n\n\n\n<p>Eine Bildsequenz findet ihr unter folgenden Link: <a href=\"https:\/\/www.guhalg.com\/wordpress\/?page_id=548#Heuschrecke\" data-type=\"page\">Die arme Heuschrecke <\/a>und hier ein kleines Video: Nicht jeder Versuch ein Treffer.<\/p>\n\n\n\n<figure class=\"wp-block-video aligncenter\"><video height=\"480\" style=\"aspect-ratio: 720 \/ 480;\" width=\"720\" controls src=\"https:\/\/www.guhalg.com\/wordpress\/wp-content\/uploads\/Reisen\/Madagaskar\/1Tag\/Chamaeleon.mp4\"><\/video><figcaption>Nicht jeder Versuch ein Treffer<\/figcaption><\/figure>\n\n\n\n<div class=\"wp-block-columns is-layout-flex wp-container-core-columns-is-layout-9d6595d7 wp-block-columns-is-layout-flex\">\n<div class=\"wp-block-column is-layout-flow wp-block-column-is-layout-flow\">\n<div class=\"wp-block-image\"><figure class=\"aligncenter size-large\"><a href=\"https:\/\/www.guhalg.com\/wordpress\/wp-content\/uploads\/Reisen\/Madagaskar\/1Tag\/Hand1.jpg\"><img loading=\"lazy\" decoding=\"async\" width=\"1024\" height=\"575\" src=\"https:\/\/www.guhalg.com\/wordpress\/wp-content\/uploads\/Reisen\/Madagaskar\/1Tag\/Hand1-1024x575.jpg\" alt=\"Cham\u00e4leon auf der Hand\" class=\"wp-image-310\" srcset=\"https:\/\/www.guhalg.com\/wordpress\/wp-content\/uploads\/Reisen\/Madagaskar\/1Tag\/Hand1-1024x575.jpg 1024w, https:\/\/www.guhalg.com\/wordpress\/wp-content\/uploads\/Reisen\/Madagaskar\/1Tag\/Hand1-300x169.jpg 300w, https:\/\/www.guhalg.com\/wordpress\/wp-content\/uploads\/Reisen\/Madagaskar\/1Tag\/Hand1-768x432.jpg 768w, https:\/\/www.guhalg.com\/wordpress\/wp-content\/uploads\/Reisen\/Madagaskar\/1Tag\/Hand1-1536x863.jpg 1536w, https:\/\/www.guhalg.com\/wordpress\/wp-content\/uploads\/Reisen\/Madagaskar\/1Tag\/Hand1.jpg 1920w\" sizes=\"auto, (max-width: 1024px) 100vw, 1024px\" \/><\/a><figcaption>Cham\u00e4leon auf der Hand<\/figcaption><\/figure><\/div>\n<\/div>\n\n\n\n<div class=\"wp-block-column is-layout-flow wp-block-column-is-layout-flow\">\n<div class=\"wp-block-image\"><figure class=\"aligncenter size-large\"><a href=\"https:\/\/www.guhalg.com\/wordpress\/wp-content\/uploads\/Reisen\/Madagaskar\/1Tag\/Hand2.jpg\"><img loading=\"lazy\" decoding=\"async\" width=\"1024\" height=\"575\" src=\"https:\/\/www.guhalg.com\/wordpress\/wp-content\/uploads\/Reisen\/Madagaskar\/1Tag\/Hand2-1024x575.jpg\" alt=\"Gecko auf der Hand\" class=\"wp-image-311\" srcset=\"https:\/\/www.guhalg.com\/wordpress\/wp-content\/uploads\/Reisen\/Madagaskar\/1Tag\/Hand2-1024x575.jpg 1024w, https:\/\/www.guhalg.com\/wordpress\/wp-content\/uploads\/Reisen\/Madagaskar\/1Tag\/Hand2-300x169.jpg 300w, https:\/\/www.guhalg.com\/wordpress\/wp-content\/uploads\/Reisen\/Madagaskar\/1Tag\/Hand2-768x432.jpg 768w, https:\/\/www.guhalg.com\/wordpress\/wp-content\/uploads\/Reisen\/Madagaskar\/1Tag\/Hand2-1536x863.jpg 1536w, https:\/\/www.guhalg.com\/wordpress\/wp-content\/uploads\/Reisen\/Madagaskar\/1Tag\/Hand2.jpg 1920w\" sizes=\"auto, (max-width: 1024px) 100vw, 1024px\" \/><\/a><figcaption>Gecko auf der Hand<\/figcaption><\/figure><\/div>\n<\/div>\n\n\n\n<div class=\"wp-block-column is-layout-flow wp-block-column-is-layout-flow\">\n<div class=\"wp-block-image\"><figure class=\"aligncenter size-large\"><a href=\"https:\/\/www.guhalg.com\/wordpress\/wp-content\/uploads\/Reisen\/Madagaskar\/1Tag\/Hand3.jpg\"><img loading=\"lazy\" decoding=\"async\" width=\"1024\" height=\"575\" src=\"https:\/\/www.guhalg.com\/wordpress\/wp-content\/uploads\/Reisen\/Madagaskar\/1Tag\/Hand3-1024x575.jpg\" alt=\"Cham\u00e4leon will nicht weg\" class=\"wp-image-312\" srcset=\"https:\/\/www.guhalg.com\/wordpress\/wp-content\/uploads\/Reisen\/Madagaskar\/1Tag\/Hand3-1024x575.jpg 1024w, https:\/\/www.guhalg.com\/wordpress\/wp-content\/uploads\/Reisen\/Madagaskar\/1Tag\/Hand3-300x169.jpg 300w, https:\/\/www.guhalg.com\/wordpress\/wp-content\/uploads\/Reisen\/Madagaskar\/1Tag\/Hand3-768x432.jpg 768w, https:\/\/www.guhalg.com\/wordpress\/wp-content\/uploads\/Reisen\/Madagaskar\/1Tag\/Hand3-1536x863.jpg 1536w, https:\/\/www.guhalg.com\/wordpress\/wp-content\/uploads\/Reisen\/Madagaskar\/1Tag\/Hand3.jpg 1920w\" sizes=\"auto, (max-width: 1024px) 100vw, 1024px\" \/><\/a><figcaption>Cham\u00e4leon will nicht weg<\/figcaption><\/figure><\/div>\n<\/div>\n<\/div>\n\n\n\n<p>Einige der Tiere werden einem auch von den Pflegern auf den Arm oder auch auf die Hand gesetzt und ich war total erstaunt, wie weich und kalt sich die Tiere anf\u00fchlen.<br>Noch verbl\u00fcffender ist aber das Fluchtverhalten der Tiere weg von uns Menschen \u2013 es ist einfach nicht vorhanden. Die Tiere bleiben einfach sitzen und erst, wenn man sie etwas dr\u00e4ngt, also hinten schiebt, klettern sie ganz langsam auf den n\u00e4chsten Ast. Wir dachten erst, dass sich die Tiere an die Menschen gew\u00f6hnt haben, aber auch Cham\u00e4leons in der freien Natur haben sich gleich verhalten.<\/p>\n\n\n\n<p>Aber in diesem Park gibt es nicht nur Geckos und Cham\u00e4leons. Auch verschiedenste Insekten wie Schmetterlinge, Fr\u00f6sche, K\u00e4fer und Schlangen sind vorhanden. Nat\u00fcrlich auch die Heuschrecken aus eigener Z\u00fcchtung als Futtertiere.<\/p>\n\n\n\n<p>Einige weitere Bilder der <a href=\"https:\/\/www.guhalg.com\/wordpress\/?page_id=548#chamaeleonsundgeckos\" data-type=\"page\">Cham\u00e4leons und Geckos<\/a> haben wir noch zusammengestellt.<br>Nach all dieser Besichtigung der Tiere und den erstaunlichen F\u00e4higkeiten der Tarnung ging es dann weiter zu unserer Unterkunft in Andasibe, Hotel Feonny Ala, direkt am <a rel=\"noreferrer noopener\" href=\"https:\/\/en.wikipedia.org\/wiki\/Andasibe-Mantadia_National_Park\" target=\"_blank\">Andasibe-Mantadia National Park<\/a>.<br>Das Abendessen im Hotel war einfach und lecker und SCHRECKLCH kalt. So sch\u00f6n die Sonne auch tags\u00fcber scheint, in den Bergen wird es nachts richtig kalt und die kleinen Bungalows, aber auch das Restaurant haben keine Heizung.<\/p>\n\n\n\n<div class=\"wp-block-columns is-layout-flex wp-container-core-columns-is-layout-9d6595d7 wp-block-columns-is-layout-flex\">\n<div class=\"wp-block-column is-layout-flow wp-block-column-is-layout-flow\">\n<div class=\"wp-block-buttons is-layout-flex wp-block-buttons-is-layout-flex\">\n<div class=\"wp-block-button\"><a class=\"wp-block-button__link\" href=\"https:\/\/www.guhalg.com\/wordpress\/?page_id=279\">Die Idee<\/a><\/div>\n<\/div>\n<\/div>\n\n\n\n<div class=\"wp-block-column is-layout-flow wp-block-column-is-layout-flow\">\n<div class=\"wp-block-buttons is-horizontal is-content-justification-right is-layout-flex wp-container-core-buttons-is-layout-ae2fe186 wp-block-buttons-is-layout-flex\">\n<div class=\"wp-block-button\"><a class=\"wp-block-button__link\" href=\"https:\/\/www.guhalg.com\/wordpress\/?page_id=322\">Im Regenwald<\/a><\/div>\n<\/div>\n<\/div>\n<\/div>\n","protected":false},"excerpt":{"rendered":"<p>Nachdem wir uns f\u00fcr den Reiseveranstalter entschieden hatten, ging auch gleich eine Anfrage f\u00fcr die Wunschreise raus. Die Antwort mit dem Angebot kam prompt zur\u00fcck und nach wenigen weiteren Mails war die Reise gebucht. Zu den eigentlichen zw\u00f6lf Tagen auf&hellip; <\/p>\n","protected":false},"author":1,"featured_media":0,"parent":279,"menu_order":0,"comment_status":"closed","ping_status":"closed","template":"","meta":{"footnotes":""},"class_list":["post-291","page","type-page","status-publish","hentry"],"_links":{"self":[{"href":"https:\/\/www.guhalg.com\/wordpress\/index.php?rest_route=\/wp\/v2\/pages\/291","targetHints":{"allow":["GET"]}}],"collection":[{"href":"https:\/\/www.guhalg.com\/wordpress\/index.php?rest_route=\/wp\/v2\/pages"}],"about":[{"href":"https:\/\/www.guhalg.com\/wordpress\/index.php?rest_route=\/wp\/v2\/types\/page"}],"author":[{"embeddable":true,"href":"https:\/\/www.guhalg.com\/wordpress\/index.php?rest_route=\/wp\/v2\/users\/1"}],"replies":[{"embeddable":true,"href":"https:\/\/www.guhalg.com\/wordpress\/index.php?rest_route=%2Fwp%2Fv2%2Fcomments&post=291"}],"version-history":[{"count":21,"href":"https:\/\/www.guhalg.com\/wordpress\/index.php?rest_route=\/wp\/v2\/pages\/291\/revisions"}],"predecessor-version":[{"id":7851,"href":"https:\/\/www.guhalg.com\/wordpress\/index.php?rest_route=\/wp\/v2\/pages\/291\/revisions\/7851"}],"up":[{"embeddable":true,"href":"https:\/\/www.guhalg.com\/wordpress\/index.php?rest_route=\/wp\/v2\/pages\/279"}],"wp:attachment":[{"href":"https:\/\/www.guhalg.com\/wordpress\/index.php?rest_route=%2Fwp%2Fv2%2Fmedia&parent=291"}],"curies":[{"name":"wp","href":"https:\/\/api.w.org\/{rel}","templated":true}]}}