{"id":2918,"date":"2021-11-24T19:41:55","date_gmt":"2021-11-24T18:41:55","guid":{"rendered":"https:\/\/www.guhalg.com\/wordpress\/?page_id=2918"},"modified":"2022-02-06T21:39:25","modified_gmt":"2022-02-06T20:39:25","slug":"der-urlaub","status":"publish","type":"page","link":"https:\/\/www.guhalg.com\/wordpress\/?page_id=2918","title":{"rendered":"Der Urlaub"},"content":{"rendered":"\n<p>Wer die lange Anreise nicht scheut, findet auf den Philippinen wundersch\u00f6ne Tauchpl\u00e4tze, abseits vom Massentourismus, mit wenigen Tauchern und viel zu Sehen.<\/p>\n\n\n\n<p>Allerdings sind nicht alle Riffe in einem guten Zustand, da h\u00e4ufig mit Dynamit und Cyanid gefischt wird und somit die Riffe als Korallenschutt und ohne Fische zu finden sind. Hier ist also die R\u00fccksprache mit den \u00f6rtlichen Tauchbasen sehr hilfreich. Aber kommen wir erstmal auf unser Hotel in Coron, dem Restaurant und der Bar.<\/p>\n\n\n\n<p> Auf Coron waren wir in der Tauchbasis Sea Dive. Diese hat auch eine angeschlossene Unterkunft mit mehreren einfachen, aber v\u00f6llig ausreichenden Zimmern. Da unsere Gruppe aus 12 Personen bestand, hatten wir auf der ersten Etage den gesamten hinteren Zimmerbereich f\u00fcr uns.<\/p>\n\n\n\n<div class=\"wp-block-columns is-layout-flex wp-container-core-columns-is-layout-9d6595d7 wp-block-columns-is-layout-flex\">\n<div class=\"wp-block-column is-layout-flow wp-block-column-is-layout-flow\">\n<div class=\"wp-block-image\"><figure class=\"aligncenter size-full\"><a href=\"https:\/\/www.guhalg.com\/wordpress\/wp-content\/uploads\/Reisen\/Philippinen2005\/Tauchen\/20060227 - 10 24 02.jpg\"><img loading=\"lazy\" decoding=\"async\" width=\"800\" height=\"600\" src=\"https:\/\/www.guhalg.com\/wordpress\/wp-content\/uploads\/Reisen\/Philippinen2005\/Tauchen\/20060227 - 10 24 02.jpg\" alt=\"Sea Dive Resort\" class=\"wp-image-2948\" srcset=\"https:\/\/www.guhalg.com\/wordpress\/wp-content\/uploads\/Reisen\/Philippinen2005\/Tauchen\/20060227%20-%2010%2024%2002.jpg 800w, https:\/\/www.guhalg.com\/wordpress\/wp-content\/uploads\/Reisen\/Philippinen2005\/Tauchen\/20060227%20-%2010%2024%2002-300x225.jpg 300w, https:\/\/www.guhalg.com\/wordpress\/wp-content\/uploads\/Reisen\/Philippinen2005\/Tauchen\/20060227%20-%2010%2024%2002-768x576.jpg 768w\" sizes=\"auto, (max-width: 800px) 100vw, 800px\" \/><\/a><figcaption>Sea Dive Resort<\/figcaption><\/figure><\/div>\n<\/div>\n\n\n\n<div class=\"wp-block-column is-layout-flow wp-block-column-is-layout-flow\">\n<div class=\"wp-block-image\"><figure class=\"aligncenter size-full\"><a href=\"https:\/\/www.guhalg.com\/wordpress\/wp-content\/uploads\/Reisen\/Philippinen2005\/Tauchen\/20050208 - 05 31 00.jpg\"><img loading=\"lazy\" decoding=\"async\" width=\"800\" height=\"600\" src=\"https:\/\/www.guhalg.com\/wordpress\/wp-content\/uploads\/Reisen\/Philippinen2005\/Tauchen\/20050208 - 05 31 00.jpg\" alt=\"Steg zum Resort\" class=\"wp-image-2931\" srcset=\"https:\/\/www.guhalg.com\/wordpress\/wp-content\/uploads\/Reisen\/Philippinen2005\/Tauchen\/20050208%20-%2005%2031%2000.jpg 800w, https:\/\/www.guhalg.com\/wordpress\/wp-content\/uploads\/Reisen\/Philippinen2005\/Tauchen\/20050208%20-%2005%2031%2000-300x225.jpg 300w, https:\/\/www.guhalg.com\/wordpress\/wp-content\/uploads\/Reisen\/Philippinen2005\/Tauchen\/20050208%20-%2005%2031%2000-768x576.jpg 768w\" sizes=\"auto, (max-width: 800px) 100vw, 800px\" \/><\/a><figcaption>Steg zum Resort<\/figcaption><\/figure><\/div>\n<\/div>\n\n\n\n<div class=\"wp-block-column is-layout-flow wp-block-column-is-layout-flow\">\n<div class=\"wp-block-image\"><figure class=\"aligncenter size-full\"><a href=\"https:\/\/www.guhalg.com\/wordpress\/wp-content\/uploads\/Reisen\/Philippinen2005\/Tauchen\/IMG_1777.jpg\"><img loading=\"lazy\" decoding=\"async\" width=\"800\" height=\"600\" src=\"https:\/\/www.guhalg.com\/wordpress\/wp-content\/uploads\/Reisen\/Philippinen2005\/Tauchen\/IMG_1777.jpg\" alt=\"Das Resort\" class=\"wp-image-2959\" srcset=\"https:\/\/www.guhalg.com\/wordpress\/wp-content\/uploads\/Reisen\/Philippinen2005\/Tauchen\/IMG_1777.jpg 800w, https:\/\/www.guhalg.com\/wordpress\/wp-content\/uploads\/Reisen\/Philippinen2005\/Tauchen\/IMG_1777-300x225.jpg 300w, https:\/\/www.guhalg.com\/wordpress\/wp-content\/uploads\/Reisen\/Philippinen2005\/Tauchen\/IMG_1777-768x576.jpg 768w\" sizes=\"auto, (max-width: 800px) 100vw, 800px\" \/><\/a><figcaption>Das Resort<\/figcaption><\/figure><\/div>\n<\/div>\n<\/div>\n\n\n\n<p>Auch f\u00fcr unser leibliches Wohl waren wir hier am besten aufgehoben. Eine vielf\u00e4ltige Speisekarte und die M\u00f6glichkeit auch Sonderbestellungen aufzugeben sorgten f\u00fcr sehr viel Abwechslung. Allerdings waren wir auch mit Abstand die gr\u00f6\u00dfte Gruppe, die hier bislang beherbergt wurde. <\/p>\n\n\n\n<div class=\"wp-block-image\"><figure class=\"aligncenter size-full\"><a href=\"https:\/\/www.guhalg.com\/wordpress\/wp-content\/uploads\/Reisen\/Philippinen2005\/Tauchen\/20050211 - 11 40 50.jpg\"><img loading=\"lazy\" decoding=\"async\" width=\"800\" height=\"600\" src=\"https:\/\/www.guhalg.com\/wordpress\/wp-content\/uploads\/Reisen\/Philippinen2005\/Tauchen\/20050211 - 11 40 50.jpg\" alt=\"Der Fr\u00fchst\u00fccksbereich\" class=\"wp-image-2939\" srcset=\"https:\/\/www.guhalg.com\/wordpress\/wp-content\/uploads\/Reisen\/Philippinen2005\/Tauchen\/20050211%20-%2011%2040%2050.jpg 800w, https:\/\/www.guhalg.com\/wordpress\/wp-content\/uploads\/Reisen\/Philippinen2005\/Tauchen\/20050211%20-%2011%2040%2050-300x225.jpg 300w, https:\/\/www.guhalg.com\/wordpress\/wp-content\/uploads\/Reisen\/Philippinen2005\/Tauchen\/20050211%20-%2011%2040%2050-768x576.jpg 768w\" sizes=\"auto, (max-width: 800px) 100vw, 800px\" \/><\/a><figcaption>Der Fr\u00fchst\u00fccksbereich<\/figcaption><\/figure><\/div>\n\n\n\n<div class=\"wp-block-image\"><figure class=\"aligncenter size-full\"><a href=\"https:\/\/www.guhalg.com\/wordpress\/wp-content\/uploads\/Reisen\/Philippinen2005\/Tauchen\/051.jpg\"><img loading=\"lazy\" decoding=\"async\" width=\"800\" height=\"450\" src=\"https:\/\/www.guhalg.com\/wordpress\/wp-content\/uploads\/Reisen\/Philippinen2005\/Tauchen\/051.jpg\" alt=\"Und der Tresen\" class=\"wp-image-2923\" srcset=\"https:\/\/www.guhalg.com\/wordpress\/wp-content\/uploads\/Reisen\/Philippinen2005\/Tauchen\/051.jpg 800w, https:\/\/www.guhalg.com\/wordpress\/wp-content\/uploads\/Reisen\/Philippinen2005\/Tauchen\/051-300x169.jpg 300w, https:\/\/www.guhalg.com\/wordpress\/wp-content\/uploads\/Reisen\/Philippinen2005\/Tauchen\/051-768x432.jpg 768w\" sizes=\"auto, (max-width: 800px) 100vw, 800px\" \/><\/a><figcaption>Und der Tresen<\/figcaption><\/figure><\/div>\n\n\n\n<p>Das hatte doch das eine oder andere Mal zur Folge, dass es z.B. keine Bananen mehr f\u00fcr einen Daiquiri gab. Dass der Markt von Coron direkt neben dem Hotel lag, man h\u00f6rt unter anderem immer wieder die Philippinos in der Karaoke Bar, und dort alles M\u00f6gliche angeboten wurde, hat uns leider nicht geholfen, da der Lebensmitteleinkauf im Restaurant halt nur an bestimmten Tagen stattfindet, und wir somit bis zum n\u00e4chsten Einkaufstag warten mussten <\/p>\n\n\n\n<div class=\"wp-block-image\"><figure class=\"aligncenter size-full\"><a href=\"https:\/\/www.guhalg.com\/wordpress\/wp-content\/uploads\/Reisen\/Philippinen2005\/Tauchen\/20050210 - 03 37 48.jpg\"><img loading=\"lazy\" decoding=\"async\" width=\"800\" height=\"600\" src=\"https:\/\/www.guhalg.com\/wordpress\/wp-content\/uploads\/Reisen\/Philippinen2005\/Tauchen\/20050210 - 03 37 48.jpg\" alt=\"Im Restaurant\" class=\"wp-image-2934\" srcset=\"https:\/\/www.guhalg.com\/wordpress\/wp-content\/uploads\/Reisen\/Philippinen2005\/Tauchen\/20050210%20-%2003%2037%2048.jpg 800w, https:\/\/www.guhalg.com\/wordpress\/wp-content\/uploads\/Reisen\/Philippinen2005\/Tauchen\/20050210%20-%2003%2037%2048-300x225.jpg 300w, https:\/\/www.guhalg.com\/wordpress\/wp-content\/uploads\/Reisen\/Philippinen2005\/Tauchen\/20050210%20-%2003%2037%2048-768x576.jpg 768w\" sizes=\"auto, (max-width: 800px) 100vw, 800px\" \/><\/a><figcaption>Im Restaurant<\/figcaption><\/figure><\/div>\n\n\n\n<p>Man kann sich aber ganz einfach behelfen: losgehen zum Markt, selber kaufen und dann die Lebensmittel in der K\u00fcche abgeben, mit der Bitte, nun das entsprechende Essen oder Getr\u00e4nk zuzubereiten. <\/p>\n\n\n\n<div class=\"wp-block-image\"><figure class=\"aligncenter size-full\"><a href=\"https:\/\/www.guhalg.com\/wordpress\/wp-content\/uploads\/Reisen\/Philippinen2005\/Tauchen\/20050208 - 05 34 44.jpg\"><img loading=\"lazy\" decoding=\"async\" width=\"800\" height=\"600\" src=\"https:\/\/www.guhalg.com\/wordpress\/wp-content\/uploads\/Reisen\/Philippinen2005\/Tauchen\/20050208 - 05 34 44.jpg\" alt=\"Der Markt nebenan\" class=\"wp-image-2932\" srcset=\"https:\/\/www.guhalg.com\/wordpress\/wp-content\/uploads\/Reisen\/Philippinen2005\/Tauchen\/20050208%20-%2005%2034%2044.jpg 800w, https:\/\/www.guhalg.com\/wordpress\/wp-content\/uploads\/Reisen\/Philippinen2005\/Tauchen\/20050208%20-%2005%2034%2044-300x225.jpg 300w, https:\/\/www.guhalg.com\/wordpress\/wp-content\/uploads\/Reisen\/Philippinen2005\/Tauchen\/20050208%20-%2005%2034%2044-768x576.jpg 768w\" sizes=\"auto, (max-width: 800px) 100vw, 800px\" \/><\/a><figcaption>Der Markt nebenan<\/figcaption><\/figure><\/div>\n\n\n\n<p>Direkt hinter dem Restaurant geh\u00f6rt noch eine kleine Bar zum Sea Dive. Hier wird denn auch der Tag ruhig bei einem leckeren Cocktail zum Billard unter einem originalen Propeller eines amerikanischen Bombers aus dem 2. Weltkrieg beendet.<\/p>\n\n\n\n<div class=\"wp-block-columns is-layout-flex wp-container-core-columns-is-layout-9d6595d7 wp-block-columns-is-layout-flex\">\n<div class=\"wp-block-column is-layout-flow wp-block-column-is-layout-flow\">\n<div class=\"wp-block-image\"><figure class=\"aligncenter size-full\"><a href=\"https:\/\/www.guhalg.com\/wordpress\/wp-content\/uploads\/Reisen\/Philippinen2005\/Tauchen\/20050213 - 17 50 56.jpg\"><img loading=\"lazy\" decoding=\"async\" width=\"800\" height=\"600\" src=\"https:\/\/www.guhalg.com\/wordpress\/wp-content\/uploads\/Reisen\/Philippinen2005\/Tauchen\/20050213 - 17 50 56.jpg\" alt=\"Die Bar\" class=\"wp-image-2940\" srcset=\"https:\/\/www.guhalg.com\/wordpress\/wp-content\/uploads\/Reisen\/Philippinen2005\/Tauchen\/20050213%20-%2017%2050%2056.jpg 800w, https:\/\/www.guhalg.com\/wordpress\/wp-content\/uploads\/Reisen\/Philippinen2005\/Tauchen\/20050213%20-%2017%2050%2056-300x225.jpg 300w, https:\/\/www.guhalg.com\/wordpress\/wp-content\/uploads\/Reisen\/Philippinen2005\/Tauchen\/20050213%20-%2017%2050%2056-768x576.jpg 768w\" sizes=\"auto, (max-width: 800px) 100vw, 800px\" \/><\/a><figcaption>Die Bar<\/figcaption><\/figure><\/div>\n<\/div>\n\n\n\n<div class=\"wp-block-column is-layout-flow wp-block-column-is-layout-flow\">\n<div class=\"wp-block-image\"><figure class=\"aligncenter size-full\"><a href=\"https:\/\/www.guhalg.com\/wordpress\/wp-content\/uploads\/Reisen\/Philippinen2005\/Tauchen\/20050210 - 16 18 44.jpg\"><img loading=\"lazy\" decoding=\"async\" width=\"800\" height=\"600\" src=\"https:\/\/www.guhalg.com\/wordpress\/wp-content\/uploads\/Reisen\/Philippinen2005\/Tauchen\/20050210 - 16 18 44.jpg\" alt=\"Die Cocktails\" class=\"wp-image-2937\" srcset=\"https:\/\/www.guhalg.com\/wordpress\/wp-content\/uploads\/Reisen\/Philippinen2005\/Tauchen\/20050210%20-%2016%2018%2044.jpg 800w, https:\/\/www.guhalg.com\/wordpress\/wp-content\/uploads\/Reisen\/Philippinen2005\/Tauchen\/20050210%20-%2016%2018%2044-300x225.jpg 300w, https:\/\/www.guhalg.com\/wordpress\/wp-content\/uploads\/Reisen\/Philippinen2005\/Tauchen\/20050210%20-%2016%2018%2044-768x576.jpg 768w\" sizes=\"auto, (max-width: 800px) 100vw, 800px\" \/><\/a><figcaption>Die Cocktails<\/figcaption><\/figure><\/div>\n<\/div>\n\n\n\n<div class=\"wp-block-column is-layout-flow wp-block-column-is-layout-flow\">\n<div class=\"wp-block-image\"><figure class=\"aligncenter size-full\"><a href=\"https:\/\/www.guhalg.com\/wordpress\/wp-content\/uploads\/Reisen\/Philippinen2005\/Tauchen\/20050210 - 17 13 32.jpg\"><img loading=\"lazy\" decoding=\"async\" width=\"800\" height=\"600\" src=\"https:\/\/www.guhalg.com\/wordpress\/wp-content\/uploads\/Reisen\/Philippinen2005\/Tauchen\/20050210 - 17 13 32.jpg\" alt=\"Das Billard\" class=\"wp-image-2938\" srcset=\"https:\/\/www.guhalg.com\/wordpress\/wp-content\/uploads\/Reisen\/Philippinen2005\/Tauchen\/20050210%20-%2017%2013%2032.jpg 800w, https:\/\/www.guhalg.com\/wordpress\/wp-content\/uploads\/Reisen\/Philippinen2005\/Tauchen\/20050210%20-%2017%2013%2032-300x225.jpg 300w, https:\/\/www.guhalg.com\/wordpress\/wp-content\/uploads\/Reisen\/Philippinen2005\/Tauchen\/20050210%20-%2017%2013%2032-768x576.jpg 768w\" sizes=\"auto, (max-width: 800px) 100vw, 800px\" \/><\/a><figcaption>Das Billard<\/figcaption><\/figure><\/div>\n<\/div>\n<\/div>\n\n\n\n<div class=\"wp-block-columns is-layout-flex wp-container-core-columns-is-layout-9d6595d7 wp-block-columns-is-layout-flex\">\n<div class=\"wp-block-column is-layout-flow wp-block-column-is-layout-flow\">\n<div class=\"wp-block-buttons is-layout-flex wp-block-buttons-is-layout-flex\">\n<div class=\"wp-block-button\"><a class=\"wp-block-button__link\" href=\"https:\/\/www.guhalg.com\/wordpress\/?page_id=2840\">Weiterreise nach Donsol<\/a><\/div>\n<\/div>\n<\/div>\n\n\n\n<div class=\"wp-block-column is-layout-flow wp-block-column-is-layout-flow\">\n<div class=\"wp-block-buttons is-horizontal is-content-justification-right is-layout-flex wp-container-core-buttons-is-layout-ae2fe186 wp-block-buttons-is-layout-flex\">\n<div class=\"wp-block-button\"><a class=\"wp-block-button__link\" href=\"https:\/\/www.guhalg.com\/wordpress\/?page_id=2982\">Die Tauchbasis<\/a><\/div>\n<\/div>\n<\/div>\n<\/div>\n","protected":false},"excerpt":{"rendered":"<p>Wer die lange Anreise nicht scheut, findet auf den Philippinen wundersch\u00f6ne Tauchpl\u00e4tze, abseits vom Massentourismus, mit wenigen Tauchern und viel zu Sehen. Allerdings sind nicht alle Riffe in einem guten Zustand, da h\u00e4ufig mit Dynamit und Cyanid gefischt wird und&hellip; <\/p>\n","protected":false},"author":1,"featured_media":0,"parent":2550,"menu_order":10,"comment_status":"closed","ping_status":"closed","template":"","meta":{"footnotes":""},"class_list":["post-2918","page","type-page","status-publish","hentry"],"_links":{"self":[{"href":"https:\/\/www.guhalg.com\/wordpress\/index.php?rest_route=\/wp\/v2\/pages\/2918","targetHints":{"allow":["GET"]}}],"collection":[{"href":"https:\/\/www.guhalg.com\/wordpress\/index.php?rest_route=\/wp\/v2\/pages"}],"about":[{"href":"https:\/\/www.guhalg.com\/wordpress\/index.php?rest_route=\/wp\/v2\/types\/page"}],"author":[{"embeddable":true,"href":"https:\/\/www.guhalg.com\/wordpress\/index.php?rest_route=\/wp\/v2\/users\/1"}],"replies":[{"embeddable":true,"href":"https:\/\/www.guhalg.com\/wordpress\/index.php?rest_route=%2Fwp%2Fv2%2Fcomments&post=2918"}],"version-history":[{"count":10,"href":"https:\/\/www.guhalg.com\/wordpress\/index.php?rest_route=\/wp\/v2\/pages\/2918\/revisions"}],"predecessor-version":[{"id":7679,"href":"https:\/\/www.guhalg.com\/wordpress\/index.php?rest_route=\/wp\/v2\/pages\/2918\/revisions\/7679"}],"up":[{"embeddable":true,"href":"https:\/\/www.guhalg.com\/wordpress\/index.php?rest_route=\/wp\/v2\/pages\/2550"}],"wp:attachment":[{"href":"https:\/\/www.guhalg.com\/wordpress\/index.php?rest_route=%2Fwp%2Fv2%2Fmedia&parent=2918"}],"curies":[{"name":"wp","href":"https:\/\/api.w.org\/{rel}","templated":true}]}}