{"id":2982,"date":"2021-11-24T20:57:16","date_gmt":"2021-11-24T19:57:16","guid":{"rendered":"https:\/\/www.guhalg.com\/wordpress\/?page_id=2982"},"modified":"2022-02-06T21:41:23","modified_gmt":"2022-02-06T20:41:23","slug":"die-tauchbasis","status":"publish","type":"page","link":"https:\/\/www.guhalg.com\/wordpress\/?page_id=2982","title":{"rendered":"Die Tauchbasis"},"content":{"rendered":"\n<p>Ja, so sah unsere Tauchbasis hier auf den Philippinen in Coron aus. Allerdings haben wir au\u00dfer im Vorbeigehen auf dem Weg in die Stadt nur wenig mit der Basis zu tun gehabt. Claudia und Johannes, unsere Organisatoren, hatten dieses alles schon im Vorfeld geplant und abgestimmt, so dass wir uns eigentlich nur noch \u00fcber die Tauchpl\u00e4tze verst\u00e4ndigen mussten, die vorgeschlagen wurden. Also kein Eintragen in Listen, kein Equipment packen usw. <\/p>\n\n\n\n<div class=\"wp-block-image\"><figure class=\"aligncenter size-full\"><a href=\"https:\/\/www.guhalg.com\/wordpress\/wp-content\/uploads\/Reisen\/Philippinen2005\/Tauchen\/IMG_1778.jpg\"><img loading=\"lazy\" decoding=\"async\" width=\"800\" height=\"600\" src=\"https:\/\/www.guhalg.com\/wordpress\/wp-content\/uploads\/Reisen\/Philippinen2005\/Tauchen\/IMG_1778.jpg\" alt=\"Die Tauchbasis\" class=\"wp-image-2960\" srcset=\"https:\/\/www.guhalg.com\/wordpress\/wp-content\/uploads\/Reisen\/Philippinen2005\/Tauchen\/IMG_1778.jpg 800w, https:\/\/www.guhalg.com\/wordpress\/wp-content\/uploads\/Reisen\/Philippinen2005\/Tauchen\/IMG_1778-300x225.jpg 300w, https:\/\/www.guhalg.com\/wordpress\/wp-content\/uploads\/Reisen\/Philippinen2005\/Tauchen\/IMG_1778-768x576.jpg 768w\" sizes=\"auto, (max-width: 800px) 100vw, 800px\" \/><\/a><figcaption>Die Tauchbasis<\/figcaption><\/figure><\/div>\n\n\n\n<p> &nbsp;<br>Auch von der Technik im Hintergrund, wie dem Flaschenf\u00fcllen oder das&nbsp;Equipment vom Salzwasser absp\u00fclen, sind wir komplett verschont geblieben. Wir konnten unsere K\u00f6rbe auf den Booten lassen und die Crew hat diese dann wieder in die Basis ger\u00e4umt, wo sie dann gewaschen und luftig (in einen abschlie\u00dfbaren K\u00e4fig)&nbsp;aufgeh\u00e4ngt wurden. Am n\u00e4chsten Tag musste man halt nur \u00fcberpr\u00fcfen, ob auch alles Tauchequipment in der jeweils richtigen Box verstaut wurde. Das hatten die Dive Guides und Helfer aber ziemlich gut drauf. Vom Flaschenf\u00fcllen haben&nbsp;wir noch nicht mal den Kompressor geh\u00f6rt,&nbsp;obwohl die Basis ja direkt hinter dem Ressort und der Bar&nbsp;liegt.<\/p>\n\n\n\n<div class=\"wp-block-image\"><figure class=\"aligncenter size-full\"><a href=\"https:\/\/www.guhalg.com\/wordpress\/wp-content\/uploads\/Reisen\/Philippinen2005\/Tauchen\/20050220 - 12 27 46.jpg\"><img loading=\"lazy\" decoding=\"async\" width=\"800\" height=\"600\" src=\"https:\/\/www.guhalg.com\/wordpress\/wp-content\/uploads\/Reisen\/Philippinen2005\/Tauchen\/20050220 - 12 27 46.jpg\" alt=\"Die Technik\" class=\"wp-image-2947\" srcset=\"https:\/\/www.guhalg.com\/wordpress\/wp-content\/uploads\/Reisen\/Philippinen2005\/Tauchen\/20050220%20-%2012%2027%2046.jpg 800w, https:\/\/www.guhalg.com\/wordpress\/wp-content\/uploads\/Reisen\/Philippinen2005\/Tauchen\/20050220%20-%2012%2027%2046-300x225.jpg 300w, https:\/\/www.guhalg.com\/wordpress\/wp-content\/uploads\/Reisen\/Philippinen2005\/Tauchen\/20050220%20-%2012%2027%2046-768x576.jpg 768w\" sizes=\"auto, (max-width: 800px) 100vw, 800px\" \/><\/a><figcaption>Die Technik<\/figcaption><\/figure><\/div>\n\n\n\n<p>Nur als wir die kleine F\u00fchrung hatten, um uns die Druckkammer anzusehen, wurden wir wieder daran erinnert, dass man zum Tauchen ja Luft ben\u00f6tigt, die auch in die Flaschen gef\u00fcllt werden muss. Ja, ihr habt hier richtig gelesen, mitten im Nichts gibt es eine Druckkammer, die zur Tauchbasis geh\u00f6rt. <\/p>\n\n\n\n<div class=\"wp-block-image\"><figure class=\"aligncenter size-full\"><a href=\"https:\/\/www.guhalg.com\/wordpress\/wp-content\/uploads\/Reisen\/Philippinen2005\/Tauchen\/20050220 - 12 26 06.jpg\"><img loading=\"lazy\" decoding=\"async\" width=\"800\" height=\"600\" src=\"https:\/\/www.guhalg.com\/wordpress\/wp-content\/uploads\/Reisen\/Philippinen2005\/Tauchen\/20050220 - 12 26 06.jpg\" alt=\"Die Druckkammer\" class=\"wp-image-2944\" srcset=\"https:\/\/www.guhalg.com\/wordpress\/wp-content\/uploads\/Reisen\/Philippinen2005\/Tauchen\/20050220%20-%2012%2026%2006.jpg 800w, https:\/\/www.guhalg.com\/wordpress\/wp-content\/uploads\/Reisen\/Philippinen2005\/Tauchen\/20050220%20-%2012%2026%2006-300x225.jpg 300w, https:\/\/www.guhalg.com\/wordpress\/wp-content\/uploads\/Reisen\/Philippinen2005\/Tauchen\/20050220%20-%2012%2026%2006-768x576.jpg 768w\" sizes=\"auto, (max-width: 800px) 100vw, 800px\" \/><\/a><figcaption>Die Druckkammer<\/figcaption><\/figure><\/div>\n\n\n\n<p>Diese wird&nbsp;mitunter sogar genutzt. Die Einheimischen halten sich bei der &#8218;Bergung&#8216; von Altmetall aus den Schiffen in keinster Weise an irgendwelche Regeln, und so m\u00fcssen sie dann in der Druckkammer behandelt werden. <\/p>\n\n\n\n<div class=\"wp-block-image\"><figure class=\"aligncenter size-full\"><a href=\"https:\/\/www.guhalg.com\/wordpress\/wp-content\/uploads\/Reisen\/Philippinen2005\/Tauchen\/20050220 - 12 26 34.jpg\"><img loading=\"lazy\" decoding=\"async\" width=\"800\" height=\"600\" src=\"https:\/\/www.guhalg.com\/wordpress\/wp-content\/uploads\/Reisen\/Philippinen2005\/Tauchen\/20050220 - 12 26 34.jpg\" alt=\"Druckkammer\" class=\"wp-image-2945\" srcset=\"https:\/\/www.guhalg.com\/wordpress\/wp-content\/uploads\/Reisen\/Philippinen2005\/Tauchen\/20050220%20-%2012%2026%2034.jpg 800w, https:\/\/www.guhalg.com\/wordpress\/wp-content\/uploads\/Reisen\/Philippinen2005\/Tauchen\/20050220%20-%2012%2026%2034-300x225.jpg 300w, https:\/\/www.guhalg.com\/wordpress\/wp-content\/uploads\/Reisen\/Philippinen2005\/Tauchen\/20050220%20-%2012%2026%2034-768x576.jpg 768w\" sizes=\"auto, (max-width: 800px) 100vw, 800px\" \/><\/a><figcaption>Druckkammer<\/figcaption><\/figure><\/div>\n\n\n\n<div class=\"wp-block-columns is-layout-flex wp-container-core-columns-is-layout-9d6595d7 wp-block-columns-is-layout-flex\">\n<div class=\"wp-block-column is-layout-flow wp-block-column-is-layout-flow\">\n<div class=\"wp-block-buttons is-layout-flex wp-block-buttons-is-layout-flex\">\n<div class=\"wp-block-button\"><a class=\"wp-block-button__link\" href=\"https:\/\/www.guhalg.com\/wordpress\/?page_id=2918\">Der Urlaub<\/a><\/div>\n<\/div>\n<\/div>\n\n\n\n<div class=\"wp-block-column is-layout-flow wp-block-column-is-layout-flow\">\n<div class=\"wp-block-buttons is-horizontal is-content-justification-right is-layout-flex wp-container-core-buttons-is-layout-ae2fe186 wp-block-buttons-is-layout-flex\">\n<div class=\"wp-block-button\"><a class=\"wp-block-button__link\" href=\"https:\/\/www.guhalg.com\/wordpress\/?page_id=2990\">Eine Banka<\/a><\/div>\n<\/div>\n<\/div>\n<\/div>\n","protected":false},"excerpt":{"rendered":"<p>Ja, so sah unsere Tauchbasis hier auf den Philippinen in Coron aus. Allerdings haben wir au\u00dfer im Vorbeigehen auf dem Weg in die Stadt nur wenig mit der Basis zu tun gehabt. Claudia und Johannes, unsere Organisatoren, hatten dieses alles&hellip; <\/p>\n","protected":false},"author":1,"featured_media":0,"parent":2550,"menu_order":12,"comment_status":"closed","ping_status":"closed","template":"","meta":{"footnotes":""},"class_list":["post-2982","page","type-page","status-publish","hentry"],"_links":{"self":[{"href":"https:\/\/www.guhalg.com\/wordpress\/index.php?rest_route=\/wp\/v2\/pages\/2982","targetHints":{"allow":["GET"]}}],"collection":[{"href":"https:\/\/www.guhalg.com\/wordpress\/index.php?rest_route=\/wp\/v2\/pages"}],"about":[{"href":"https:\/\/www.guhalg.com\/wordpress\/index.php?rest_route=\/wp\/v2\/types\/page"}],"author":[{"embeddable":true,"href":"https:\/\/www.guhalg.com\/wordpress\/index.php?rest_route=\/wp\/v2\/users\/1"}],"replies":[{"embeddable":true,"href":"https:\/\/www.guhalg.com\/wordpress\/index.php?rest_route=%2Fwp%2Fv2%2Fcomments&post=2982"}],"version-history":[{"count":4,"href":"https:\/\/www.guhalg.com\/wordpress\/index.php?rest_route=\/wp\/v2\/pages\/2982\/revisions"}],"predecessor-version":[{"id":7680,"href":"https:\/\/www.guhalg.com\/wordpress\/index.php?rest_route=\/wp\/v2\/pages\/2982\/revisions\/7680"}],"up":[{"embeddable":true,"href":"https:\/\/www.guhalg.com\/wordpress\/index.php?rest_route=\/wp\/v2\/pages\/2550"}],"wp:attachment":[{"href":"https:\/\/www.guhalg.com\/wordpress\/index.php?rest_route=%2Fwp%2Fv2%2Fmedia&parent=2982"}],"curies":[{"name":"wp","href":"https:\/\/api.w.org\/{rel}","templated":true}]}}