{"id":3012,"date":"2021-11-24T21:38:14","date_gmt":"2021-11-24T20:38:14","guid":{"rendered":"https:\/\/www.guhalg.com\/wordpress\/?page_id=3012"},"modified":"2022-02-06T21:48:49","modified_gmt":"2022-02-06T20:48:49","slug":"die-wracks","status":"publish","type":"page","link":"https:\/\/www.guhalg.com\/wordpress\/?page_id=3012","title":{"rendered":"Die Wracks"},"content":{"rendered":"\n<p>Ja und hier sind sie nun, die Stars von Busuanga, die WRACKS<\/p>\n\n\n\n<h3 class=\"wp-block-heading\" id=\"die-akit-sushima\">Die  Akit Sushima<\/h3>\n\n\n\n<p>Die Akit Sushima war ein sogenanntes Tender Boot, d.h. es diente als Versorgungsbasis f\u00fcr ein Flugboot. Daher auch der Kran am Heck, um das Flugboot aus dem Wasser aufs Boot zu heben. Das Wrack liegt mit seinen rund 118m L\u00e4nge auf der Seite in einer Tiefe von ca. 20m bis 36m. Nicht ganz einfach zu betauchen &#8211; insbesondere die Penetration ist aufgrund der Seitenlage und Tiefe nicht einfach. Bei gut 40 Minuten in der Tiefe ist dieses aufgrund der notwendigen Dekompression nicht mehr im Sportbereich.<\/p>\n\n\n\n<div class=\"wp-block-image\"><figure class=\"aligncenter size-full\"><a href=\"https:\/\/www.guhalg.com\/wordpress\/wp-content\/uploads\/Reisen\/Philippinen2005\/Tauchen\/Akitsushima.jpg\"><img loading=\"lazy\" decoding=\"async\" width=\"800\" height=\"563\" src=\"https:\/\/www.guhalg.com\/wordpress\/wp-content\/uploads\/Reisen\/Philippinen2005\/Tauchen\/Akitsushima.jpg\" alt=\"Akitsushima\" class=\"wp-image-2954\" srcset=\"https:\/\/www.guhalg.com\/wordpress\/wp-content\/uploads\/Reisen\/Philippinen2005\/Tauchen\/Akitsushima.jpg 800w, https:\/\/www.guhalg.com\/wordpress\/wp-content\/uploads\/Reisen\/Philippinen2005\/Tauchen\/Akitsushima-300x211.jpg 300w, https:\/\/www.guhalg.com\/wordpress\/wp-content\/uploads\/Reisen\/Philippinen2005\/Tauchen\/Akitsushima-768x540.jpg 768w\" sizes=\"auto, (max-width: 800px) 100vw, 800px\" \/><\/a><figcaption>Akit Sushima<\/figcaption><\/figure><\/div>\n\n\n\n<h3 class=\"wp-block-heading\" id=\"east-tangat-gunboat\">East Tangat Gunboat<\/h3>\n\n\n\n<p>Ein kleines schnelles Kanonenboot von 40m L\u00e4nge, wahrscheinlich eingesetzt als U-Boot J\u00e4ger. Einfach zu betauchen bei einer Tiefe von ca. 6m bis 22m. <\/p>\n\n\n\n<div class=\"wp-block-image\"><figure class=\"aligncenter size-full\"><a href=\"https:\/\/www.guhalg.com\/wordpress\/wp-content\/uploads\/Reisen\/Philippinen2005\/Tauchen\/East Tangat Gun Boot.jpg\"><img loading=\"lazy\" decoding=\"async\" width=\"800\" height=\"584\" src=\"https:\/\/www.guhalg.com\/wordpress\/wp-content\/uploads\/Reisen\/Philippinen2005\/Tauchen\/East Tangat Gun Boot.jpg\" alt=\"East Tangat Gun Boot\" class=\"wp-image-2957\" srcset=\"https:\/\/www.guhalg.com\/wordpress\/wp-content\/uploads\/Reisen\/Philippinen2005\/Tauchen\/East%20Tangat%20Gun%20Boot.jpg 800w, https:\/\/www.guhalg.com\/wordpress\/wp-content\/uploads\/Reisen\/Philippinen2005\/Tauchen\/East%20Tangat%20Gun%20Boot-300x219.jpg 300w, https:\/\/www.guhalg.com\/wordpress\/wp-content\/uploads\/Reisen\/Philippinen2005\/Tauchen\/East%20Tangat%20Gun%20Boot-768x561.jpg 768w\" sizes=\"auto, (max-width: 800px) 100vw, 800px\" \/><\/a><figcaption>East Tangat Gun Boot<\/figcaption><\/figure><\/div>\n\n\n\n<h3 class=\"wp-block-heading\" id=\"irako\">Irako<\/h3>\n\n\n\n<p>Ein beeindruckendes K\u00fchlschiff mit seinen 147m L\u00e4nge und 19m Breite. Leider liegt sie sehr tief (bis \u00fcber 40m) und der Tauchgang ist eigentlich immer unterhalb der 30m. Daf\u00fcr hat man hier eine exzellente Sicht und ein fast aufrechtstehendes Wrack. Selbst beim Ab- und Aufstieg am Seil kann man noch die Fischschw\u00e4rme beobachten, die sich um das Wrack tummeln.<\/p>\n\n\n\n<div class=\"wp-block-image\"><figure class=\"aligncenter size-full\"><a href=\"https:\/\/www.guhalg.com\/wordpress\/wp-content\/uploads\/Reisen\/Philippinen2005\/Tauchen\/Irako.jpg\"><img loading=\"lazy\" decoding=\"async\" width=\"800\" height=\"548\" src=\"https:\/\/www.guhalg.com\/wordpress\/wp-content\/uploads\/Reisen\/Philippinen2005\/Tauchen\/Irako.jpg\" alt=\"Irako\" class=\"wp-image-2962\" srcset=\"https:\/\/www.guhalg.com\/wordpress\/wp-content\/uploads\/Reisen\/Philippinen2005\/Tauchen\/Irako.jpg 800w, https:\/\/www.guhalg.com\/wordpress\/wp-content\/uploads\/Reisen\/Philippinen2005\/Tauchen\/Irako-300x206.jpg 300w, https:\/\/www.guhalg.com\/wordpress\/wp-content\/uploads\/Reisen\/Philippinen2005\/Tauchen\/Irako-768x526.jpg 768w\" sizes=\"auto, (max-width: 800px) 100vw, 800px\" \/><\/a><figcaption>Irako<\/figcaption><\/figure><\/div>\n\n\n\n<h3 class=\"wp-block-heading\" id=\"kogyo-maru\">Kogyo Maru<\/h3>\n\n\n\n<p>Auch die Kogyo beindruckt mit ihren 129m L\u00e4nge und 18m breite. Leider liegt das Wrack in bis zu 34m auf der Seite. Daf\u00fcr sind die Luken sehr gro\u00df, so das man auch ohne Penetration sehr viel aus dem Inneren sehen kann. Eine Attraktion ist sicherlich der Bulldozer und ein Zementmischer mit noch ca. 1000 Sack Zement. <\/p>\n\n\n\n<div class=\"wp-block-image\"><figure class=\"aligncenter size-full\"><a href=\"https:\/\/www.guhalg.com\/wordpress\/wp-content\/uploads\/Reisen\/Philippinen2005\/Tauchen\/Kogyo Maru.jpg\"><img loading=\"lazy\" decoding=\"async\" width=\"800\" height=\"562\" src=\"https:\/\/www.guhalg.com\/wordpress\/wp-content\/uploads\/Reisen\/Philippinen2005\/Tauchen\/Kogyo Maru.jpg\" alt=\"Kogyo Maru\" class=\"wp-image-2963\" srcset=\"https:\/\/www.guhalg.com\/wordpress\/wp-content\/uploads\/Reisen\/Philippinen2005\/Tauchen\/Kogyo%20Maru.jpg 800w, https:\/\/www.guhalg.com\/wordpress\/wp-content\/uploads\/Reisen\/Philippinen2005\/Tauchen\/Kogyo%20Maru-300x211.jpg 300w, https:\/\/www.guhalg.com\/wordpress\/wp-content\/uploads\/Reisen\/Philippinen2005\/Tauchen\/Kogyo%20Maru-768x540.jpg 768w\" sizes=\"auto, (max-width: 800px) 100vw, 800px\" \/><\/a><figcaption>Kogyo Maru<\/figcaption><\/figure><\/div>\n\n\n\n<h3 class=\"wp-block-heading\" id=\"kyokuzan-maru\">Kyokuzan Maru<\/h3>\n\n\n\n<p>Ein sch\u00f6n gelegener, fast aufrechtstehender Frachter in ca. 22m bis 40m Tiefe. Beeindruckende 160m L\u00e4nge wollen hier erkundet werden. Leider liegt das Wrack etwas weiter weg, so dass es nicht mehr mit den \u00fcblichen Tagesausfahrten angefahren wird.<\/p>\n\n\n\n<div class=\"wp-block-image\"><figure class=\"aligncenter size-full\"><a href=\"https:\/\/www.guhalg.com\/wordpress\/wp-content\/uploads\/Reisen\/Philippinen2005\/Tauchen\/Kyokuzan Maru.jpg\"><img loading=\"lazy\" decoding=\"async\" width=\"800\" height=\"576\" src=\"https:\/\/www.guhalg.com\/wordpress\/wp-content\/uploads\/Reisen\/Philippinen2005\/Tauchen\/Kyokuzan Maru.jpg\" alt=\"Kyokuzan Maru\" class=\"wp-image-2964\" srcset=\"https:\/\/www.guhalg.com\/wordpress\/wp-content\/uploads\/Reisen\/Philippinen2005\/Tauchen\/Kyokuzan%20Maru.jpg 800w, https:\/\/www.guhalg.com\/wordpress\/wp-content\/uploads\/Reisen\/Philippinen2005\/Tauchen\/Kyokuzan%20Maru-300x216.jpg 300w, https:\/\/www.guhalg.com\/wordpress\/wp-content\/uploads\/Reisen\/Philippinen2005\/Tauchen\/Kyokuzan%20Maru-768x553.jpg 768w, https:\/\/www.guhalg.com\/wordpress\/wp-content\/uploads\/Reisen\/Philippinen2005\/Tauchen\/Kyokuzan%20Maru-474x342.jpg 474w\" sizes=\"auto, (max-width: 800px) 100vw, 800px\" \/><\/a><figcaption>Kyokuzan Maru<\/figcaption><\/figure><\/div>\n\n\n\n<h3 class=\"wp-block-heading\" id=\"olympia-maru\">Olympia Maru<\/h3>\n\n\n\n<p>Dieses Wrack liegt in idealer Tauchtiefe von 15m bis 25m. Bei 122m L\u00e4nge und den gro\u00dfen Lader\u00e4umen kann einen auch die Seitenlage nicht von der Erkundung des Frachters abhalten. Ob Fledermausfische, Barsche oder S\u00fc\u00dflippen, hier sind einfach alle Tiere von einer besonderen Gr\u00f6\u00dfe und Neugierde.<\/p>\n\n\n\n<div class=\"wp-block-image\"><figure class=\"aligncenter size-full\"><a href=\"https:\/\/www.guhalg.com\/wordpress\/wp-content\/uploads\/Reisen\/Philippinen2005\/Tauchen\/Olympia Maru.jpg\"><img loading=\"lazy\" decoding=\"async\" width=\"800\" height=\"593\" src=\"https:\/\/www.guhalg.com\/wordpress\/wp-content\/uploads\/Reisen\/Philippinen2005\/Tauchen\/Olympia Maru.jpg\" alt=\"Olympia Maru\" class=\"wp-image-2965\" srcset=\"https:\/\/www.guhalg.com\/wordpress\/wp-content\/uploads\/Reisen\/Philippinen2005\/Tauchen\/Olympia%20Maru.jpg 800w, https:\/\/www.guhalg.com\/wordpress\/wp-content\/uploads\/Reisen\/Philippinen2005\/Tauchen\/Olympia%20Maru-300x222.jpg 300w, https:\/\/www.guhalg.com\/wordpress\/wp-content\/uploads\/Reisen\/Philippinen2005\/Tauchen\/Olympia%20Maru-768x569.jpg 768w\" sizes=\"auto, (max-width: 800px) 100vw, 800px\" \/><\/a><figcaption>Olympia Maru<\/figcaption><\/figure><\/div>\n\n\n\n<h3 class=\"wp-block-heading\" id=\"okikawa-maru-taei-maru\">Okikawa Maru (Taei Maru)<\/h3>\n\n\n\n<p>Dieses Schiff ist unser pers\u00f6nliches Lieblingswrack. Der \u00d6ltanker mit seinen 168m L\u00e4nge ist nicht nur das gr\u00f6\u00dfte Wrack hier, es ist auch mit Abstand am sch\u00f6nsten bewachsen. Bei Tiefen von 12m &#8211; 26m, teilweiser starker Str\u00f6mung, kann man sowohl au\u00dfen als auch innen alles erkunden, Hier kommt man an seine Luft- und Nullzeitgrenzen. Selbst 2-3 Tauchg\u00e4nge an diesem Wrack reichen nicht.<\/p>\n\n\n\n<div class=\"wp-block-image\"><figure class=\"aligncenter size-full\"><a href=\"https:\/\/www.guhalg.com\/wordpress\/wp-content\/uploads\/Reisen\/Philippinen2005\/Tauchen\/Taie Maru.jpg\"><img loading=\"lazy\" decoding=\"async\" width=\"800\" height=\"575\" src=\"https:\/\/www.guhalg.com\/wordpress\/wp-content\/uploads\/Reisen\/Philippinen2005\/Tauchen\/Taie Maru.jpg\" alt=\"Taie Maru\" class=\"wp-image-2968\" srcset=\"https:\/\/www.guhalg.com\/wordpress\/wp-content\/uploads\/Reisen\/Philippinen2005\/Tauchen\/Taie%20Maru.jpg 800w, https:\/\/www.guhalg.com\/wordpress\/wp-content\/uploads\/Reisen\/Philippinen2005\/Tauchen\/Taie%20Maru-300x216.jpg 300w, https:\/\/www.guhalg.com\/wordpress\/wp-content\/uploads\/Reisen\/Philippinen2005\/Tauchen\/Taie%20Maru-768x552.jpg 768w, https:\/\/www.guhalg.com\/wordpress\/wp-content\/uploads\/Reisen\/Philippinen2005\/Tauchen\/Taie%20Maru-474x342.jpg 474w\" sizes=\"auto, (max-width: 800px) 100vw, 800px\" \/><\/a><figcaption>Taie Maru<\/figcaption><\/figure><\/div>\n\n\n\n<h3 class=\"wp-block-heading\" id=\"tangat-wreck\">Tangat Wreck<\/h3>\n\n\n\n<p>Dieser Frachter steht fast aufrecht in 30m Tiefe und kann mit seinen 120m L\u00e4nge sehr einfach betaucht werden. Durch die sehr gro\u00dfen Ladeluken ist auch eine Penetration sehr einfach. <\/p>\n\n\n\n<div class=\"wp-block-image\"><figure class=\"aligncenter size-full\"><a href=\"https:\/\/www.guhalg.com\/wordpress\/wp-content\/uploads\/Reisen\/Philippinen2005\/Tauchen\/Tangat Wreck.jpg\"><img loading=\"lazy\" decoding=\"async\" width=\"800\" height=\"547\" src=\"https:\/\/www.guhalg.com\/wordpress\/wp-content\/uploads\/Reisen\/Philippinen2005\/Tauchen\/Tangat Wreck.jpg\" alt=\"Tangat Wreck\" class=\"wp-image-2969\" srcset=\"https:\/\/www.guhalg.com\/wordpress\/wp-content\/uploads\/Reisen\/Philippinen2005\/Tauchen\/Tangat%20Wreck.jpg 800w, https:\/\/www.guhalg.com\/wordpress\/wp-content\/uploads\/Reisen\/Philippinen2005\/Tauchen\/Tangat%20Wreck-300x205.jpg 300w, https:\/\/www.guhalg.com\/wordpress\/wp-content\/uploads\/Reisen\/Philippinen2005\/Tauchen\/Tangat%20Wreck-768x525.jpg 768w\" sizes=\"auto, (max-width: 800px) 100vw, 800px\" \/><\/a><figcaption>Tangat Wreck<\/figcaption><\/figure><\/div>\n\n\n\n<p>Dar\u00fcber hinaus gibt es mit dem Lusong Island Gunboat noch ein Wrack, das bei gutem Wetter sogar hervorragend beschnorchelt werden kann, da es bis auf 2m an die Wasseroberfl\u00e4che heranragt bei einer maximalen Tiefe von ca. 12m.<\/p>\n\n\n\n<p>Auf unserer Safaritour rund um Busuanga haben wir auch noch die Nanshin Maru, besser bekannt als Black Island Wreck betaucht. Dieses steht fast senkrecht in einer Tiefe von 28m &#8211; 35m auf Sand und l\u00e4sst sich mit bester Sicht schon beim Abtauchen in Augenschein nehmen.<\/p>\n\n\n\n<p>Bei den Eindr\u00fccken haben wir f\u00fcr euch einige Bilder zusammengestellt, die die Sch\u00f6nheit der Wracks mit ihrem Bewuchs, dem Fischreichtum aber auch der Gewalt und Zerst\u00f6rung vermitteln.<\/p>\n\n\n\n<p>Die Gr\u00f6\u00dfe der Wracks und das Gef\u00fchl, wenn beim Abtauchen ins Gr\u00fcn so ein Wrack schemenhaft erscheint, lassen sich leider nur schwer einfangen.<\/p>\n\n\n\n<p><a href=\"https:\/\/www.guhalg.com\/wordpress\/?page_id=3077\" data-type=\"page\" data-id=\"3077\">Eindr\u00fccke in Bildern &#8211; Die Wracks<\/a><\/p>\n\n\n\n<div class=\"wp-block-columns is-layout-flex wp-container-core-columns-is-layout-9d6595d7 wp-block-columns-is-layout-flex\">\n<div class=\"wp-block-column is-layout-flow wp-block-column-is-layout-flow\">\n<div class=\"wp-block-buttons is-layout-flex wp-block-buttons-is-layout-flex\">\n<div class=\"wp-block-button\"><a class=\"wp-block-button__link\" href=\"https:\/\/www.guhalg.com\/wordpress\/?page_id=3002\">Die japanische Flotte<\/a><\/div>\n<\/div>\n<\/div>\n\n\n\n<div class=\"wp-block-column is-layout-flow wp-block-column-is-layout-flow\">\n<div class=\"wp-block-buttons is-horizontal is-content-justification-right is-layout-flex wp-container-core-buttons-is-layout-ae2fe186 wp-block-buttons-is-layout-flex\">\n<div class=\"wp-block-button\"><a class=\"wp-block-button__link\" href=\"https:\/\/www.guhalg.com\/wordpress\/?page_id=3082\">Der Barracuda Lake<\/a><\/div>\n<\/div>\n<\/div>\n<\/div>\n","protected":false},"excerpt":{"rendered":"<p>Ja und hier sind sie nun, die Stars von Busuanga, die WRACKS Die Akit Sushima Die Akit Sushima war ein sogenanntes Tender Boot, d.h. es diente als Versorgungsbasis f\u00fcr ein Flugboot. Daher auch der Kran am Heck, um das Flugboot&hellip; <\/p>\n","protected":false},"author":1,"featured_media":0,"parent":2550,"menu_order":14,"comment_status":"closed","ping_status":"closed","template":"","meta":{"footnotes":""},"class_list":["post-3012","page","type-page","status-publish","hentry"],"_links":{"self":[{"href":"https:\/\/www.guhalg.com\/wordpress\/index.php?rest_route=\/wp\/v2\/pages\/3012","targetHints":{"allow":["GET"]}}],"collection":[{"href":"https:\/\/www.guhalg.com\/wordpress\/index.php?rest_route=\/wp\/v2\/pages"}],"about":[{"href":"https:\/\/www.guhalg.com\/wordpress\/index.php?rest_route=\/wp\/v2\/types\/page"}],"author":[{"embeddable":true,"href":"https:\/\/www.guhalg.com\/wordpress\/index.php?rest_route=\/wp\/v2\/users\/1"}],"replies":[{"embeddable":true,"href":"https:\/\/www.guhalg.com\/wordpress\/index.php?rest_route=%2Fwp%2Fv2%2Fcomments&post=3012"}],"version-history":[{"count":12,"href":"https:\/\/www.guhalg.com\/wordpress\/index.php?rest_route=\/wp\/v2\/pages\/3012\/revisions"}],"predecessor-version":[{"id":7684,"href":"https:\/\/www.guhalg.com\/wordpress\/index.php?rest_route=\/wp\/v2\/pages\/3012\/revisions\/7684"}],"up":[{"embeddable":true,"href":"https:\/\/www.guhalg.com\/wordpress\/index.php?rest_route=\/wp\/v2\/pages\/2550"}],"wp:attachment":[{"href":"https:\/\/www.guhalg.com\/wordpress\/index.php?rest_route=%2Fwp%2Fv2%2Fmedia&parent=3012"}],"curies":[{"name":"wp","href":"https:\/\/api.w.org\/{rel}","templated":true}]}}