{"id":3094,"date":"2021-11-24T22:48:39","date_gmt":"2021-11-24T21:48:39","guid":{"rendered":"https:\/\/www.guhalg.com\/wordpress\/?page_id=3094"},"modified":"2022-02-06T22:03:05","modified_gmt":"2022-02-06T21:03:05","slug":"die-cathedral-cave","status":"publish","type":"page","link":"https:\/\/www.guhalg.com\/wordpress\/?page_id=3094","title":{"rendered":"Die Cathedral Cave"},"content":{"rendered":"\n<p>Diese H\u00f6hle ist ein weiteres interessantes und sch\u00f6nes Ziel. Sie kann allerdings nur bei gutem Wetter angefahren werden, da das Boot recht ungesch\u00fctzt vor dem Eingang ankert, um auf die Taucher zu warten. Dadurch hat man halt eine wesentlich gr\u00f6\u00dfere Wetterabh\u00e4ngigkeit. Also, sofern sich die M\u00f6glichkeit bietet: zugreifen. Wer wei\u00df, wann es wieder eine Change gibt. <\/p>\n\n\n\n<p>An dieser Ecke kann es schon mal einige Wellen geben, so dass das Ankern hier f\u00fcr eine Banka beliebig schwierig bis unm\u00f6glich werden kann.  Aber wie man hier sieht: Bilderbuchwetter!<\/p>\n\n\n\n<div class=\"wp-block-image\"><figure class=\"aligncenter size-full\"><a href=\"https:\/\/www.guhalg.com\/wordpress\/wp-content\/uploads\/Reisen\/Philippinen2005\/Bericht\/20050218 - 05 19 34.jpg\"><img loading=\"lazy\" decoding=\"async\" width=\"600\" height=\"800\" src=\"https:\/\/www.guhalg.com\/wordpress\/wp-content\/uploads\/Reisen\/Philippinen2005\/Bericht\/20050218 - 05 19 34.jpg\" alt=\"Ecke an der Cathedral Cave\" class=\"wp-image-2858\" srcset=\"https:\/\/www.guhalg.com\/wordpress\/wp-content\/uploads\/Reisen\/Philippinen2005\/Bericht\/20050218%20-%2005%2019%2034.jpg 600w, https:\/\/www.guhalg.com\/wordpress\/wp-content\/uploads\/Reisen\/Philippinen2005\/Bericht\/20050218%20-%2005%2019%2034-225x300.jpg 225w\" sizes=\"auto, (max-width: 600px) 100vw, 600px\" \/><\/a><figcaption>Ecke an der Cathedral Cave<\/figcaption><\/figure><\/div>\n\n\n\n<p>Wer w\u00fcrde in diesen Felsen eine sch\u00f6ne H\u00f6hle vermuten mit dem Eingang unter Wasser?<\/p>\n\n\n\n<div class=\"wp-block-image\"><figure class=\"aligncenter size-full\"><a href=\"https:\/\/www.guhalg.com\/wordpress\/wp-content\/uploads\/Reisen\/Philippinen2005\/Bericht\/20050218 - 05 19 50.jpg\"><img loading=\"lazy\" decoding=\"async\" width=\"600\" height=\"800\" src=\"https:\/\/www.guhalg.com\/wordpress\/wp-content\/uploads\/Reisen\/Philippinen2005\/Bericht\/20050218 - 05 19 50.jpg\" alt=\"Die Cathedral Cave\" class=\"wp-image-2859\" srcset=\"https:\/\/www.guhalg.com\/wordpress\/wp-content\/uploads\/Reisen\/Philippinen2005\/Bericht\/20050218%20-%2005%2019%2050.jpg 600w, https:\/\/www.guhalg.com\/wordpress\/wp-content\/uploads\/Reisen\/Philippinen2005\/Bericht\/20050218%20-%2005%2019%2050-225x300.jpg 225w\" sizes=\"auto, (max-width: 600px) 100vw, 600px\" \/><\/a><figcaption>Die Cathedral Cave<\/figcaption><\/figure><\/div>\n\n\n\n<p>Wenn man dann den doch recht schmalen Eingang durchgetaucht ist, Lampe ausgeschaltet hat und sich die Augen an das D\u00e4mmerlicht gew\u00f6hnt haben, bietet sich einem ein fantastisches Bild. Man sieht die Taucher vor einer gro\u00dfartigen Kulisse, bemerkt einen Lichteinfall von der rechten Seite und taucht langsam in Richtung dieses Lichtes auf. <\/p>\n\n\n\n<div class=\"wp-block-columns is-layout-flex wp-container-core-columns-is-layout-9d6595d7 wp-block-columns-is-layout-flex\">\n<div class=\"wp-block-column is-layout-flow wp-block-column-is-layout-flow\">\n<div class=\"wp-block-image\"><figure class=\"aligncenter size-full\"><a href=\"https:\/\/www.guhalg.com\/wordpress\/wp-content\/uploads\/Reisen\/Philippinen2005\/Bericht\/20060301 - 05 12 50.jpg\"><img loading=\"lazy\" decoding=\"async\" width=\"800\" height=\"600\" src=\"https:\/\/www.guhalg.com\/wordpress\/wp-content\/uploads\/Reisen\/Philippinen2005\/Bericht\/20060301 - 05 12 50.jpg\" alt=\"Doch, etwas Licht\" class=\"wp-image-2879\" srcset=\"https:\/\/www.guhalg.com\/wordpress\/wp-content\/uploads\/Reisen\/Philippinen2005\/Bericht\/20060301%20-%2005%2012%2050.jpg 800w, https:\/\/www.guhalg.com\/wordpress\/wp-content\/uploads\/Reisen\/Philippinen2005\/Bericht\/20060301%20-%2005%2012%2050-300x225.jpg 300w, https:\/\/www.guhalg.com\/wordpress\/wp-content\/uploads\/Reisen\/Philippinen2005\/Bericht\/20060301%20-%2005%2012%2050-768x576.jpg 768w\" sizes=\"auto, (max-width: 800px) 100vw, 800px\" \/><\/a><figcaption>Doch, etwas Licht<\/figcaption><\/figure><\/div>\n<\/div>\n\n\n\n<div class=\"wp-block-column is-layout-flow wp-block-column-is-layout-flow\">\n<div class=\"wp-block-image\"><figure class=\"aligncenter size-full\"><a href=\"https:\/\/www.guhalg.com\/wordpress\/wp-content\/uploads\/Reisen\/Philippinen2005\/Bericht\/20050218 - 06 38 42.jpg\"><img loading=\"lazy\" decoding=\"async\" width=\"800\" height=\"600\" src=\"https:\/\/www.guhalg.com\/wordpress\/wp-content\/uploads\/Reisen\/Philippinen2005\/Bericht\/20050218 - 06 38 42.jpg\" alt=\"Blick in das Licht\" class=\"wp-image-2864\" srcset=\"https:\/\/www.guhalg.com\/wordpress\/wp-content\/uploads\/Reisen\/Philippinen2005\/Bericht\/20050218%20-%2006%2038%2042.jpg 800w, https:\/\/www.guhalg.com\/wordpress\/wp-content\/uploads\/Reisen\/Philippinen2005\/Bericht\/20050218%20-%2006%2038%2042-300x225.jpg 300w, https:\/\/www.guhalg.com\/wordpress\/wp-content\/uploads\/Reisen\/Philippinen2005\/Bericht\/20050218%20-%2006%2038%2042-768x576.jpg 768w\" sizes=\"auto, (max-width: 800px) 100vw, 800px\" \/><\/a><figcaption>Blick in das Licht<\/figcaption><\/figure><\/div>\n<\/div>\n\n\n\n<div class=\"wp-block-column is-layout-flow wp-block-column-is-layout-flow\">\n<div class=\"wp-block-image\"><figure class=\"aligncenter size-full\"><a href=\"https:\/\/www.guhalg.com\/wordpress\/wp-content\/uploads\/Reisen\/Philippinen2005\/Bericht\/20050218 - 06 21 24.jpg\"><img loading=\"lazy\" decoding=\"async\" width=\"800\" height=\"600\" src=\"https:\/\/www.guhalg.com\/wordpress\/wp-content\/uploads\/Reisen\/Philippinen2005\/Bericht\/20050218 - 06 21 24.jpg\" alt=\"Blick auf die Vegetation\" class=\"wp-image-2860\" srcset=\"https:\/\/www.guhalg.com\/wordpress\/wp-content\/uploads\/Reisen\/Philippinen2005\/Bericht\/20050218%20-%2006%2021%2024.jpg 800w, https:\/\/www.guhalg.com\/wordpress\/wp-content\/uploads\/Reisen\/Philippinen2005\/Bericht\/20050218%20-%2006%2021%2024-300x225.jpg 300w, https:\/\/www.guhalg.com\/wordpress\/wp-content\/uploads\/Reisen\/Philippinen2005\/Bericht\/20050218%20-%2006%2021%2024-768x576.jpg 768w\" sizes=\"auto, (max-width: 800px) 100vw, 800px\" \/><\/a><figcaption>Blick auf die Vegetation<\/figcaption><\/figure><\/div>\n<\/div>\n<\/div>\n\n\n\n<p>Und anschlie\u00dfend, wenn man sich in der H\u00f6hle umsieht und mit der Lampe versucht diese H\u00f6hle ein wenig zu erhellen, erkennt man, dass man in einer Tropfsteinh\u00f6hle ist, wo das Regenwasser \u00fcber viele Jahrhunderte skurrile Formen geschaffen hat.<\/p>\n\n\n\n<div class=\"wp-block-image\"><figure class=\"aligncenter size-full\"><a href=\"https:\/\/www.guhalg.com\/wordpress\/wp-content\/uploads\/Reisen\/Philippinen2005\/Bericht\/20050218 - 06 22 32_2.jpg\"><img loading=\"lazy\" decoding=\"async\" width=\"600\" height=\"800\" src=\"https:\/\/www.guhalg.com\/wordpress\/wp-content\/uploads\/Reisen\/Philippinen2005\/Bericht\/20050218 - 06 22 32_2.jpg\" alt=\"Tropfsteinh\u00f6hle\" class=\"wp-image-2861\" srcset=\"https:\/\/www.guhalg.com\/wordpress\/wp-content\/uploads\/Reisen\/Philippinen2005\/Bericht\/20050218%20-%2006%2022%2032_2.jpg 600w, https:\/\/www.guhalg.com\/wordpress\/wp-content\/uploads\/Reisen\/Philippinen2005\/Bericht\/20050218%20-%2006%2022%2032_2-225x300.jpg 225w\" sizes=\"auto, (max-width: 600px) 100vw, 600px\" \/><\/a><figcaption>Tropfsteinh\u00f6hle<\/figcaption><\/figure><\/div>\n\n\n\n<p>Anschlie\u00dfend schwimmt man in der H\u00f6hle herum, schaut sich alle Winkel an, f\u00fchrt mehr oder weniger sinnvolle Gespr\u00e4che bis es denn wieder hei\u00dft: Auf zum R\u00fcckweg. Hier kommt noch die Aufgabe, drei Langusten zu finden. Also wird wieder abgetaucht, man hat ja schlie\u00dflich den Ansporn die Langusten aufzusp\u00fcren. Und man begibt sich auf die Suche. Doch die Langusten haben wir da noch nicht entdeckt, sondern noch eine weitere kleine H\u00f6hle, mit recht schmalem Eingang und nach oben geschlossen.  Hier finden sich viele Krabben und Garnelen. Allerdings ist die H\u00f6hle so klein, dass nach wenigen Minuten die Sicht gegen Null geht und wir uns den Ausgang ertasten m\u00fcssen. <\/p>\n\n\n\n<div class=\"wp-block-columns is-layout-flex wp-container-core-columns-is-layout-9d6595d7 wp-block-columns-is-layout-flex\">\n<div class=\"wp-block-column is-layout-flow wp-block-column-is-layout-flow\">\n<div class=\"wp-block-image\"><figure class=\"aligncenter size-full\"><a href=\"https:\/\/www.guhalg.com\/wordpress\/wp-content\/uploads\/Reisen\/Philippinen2005\/Bericht\/20050218 - 06 30 20.jpg\"><img loading=\"lazy\" decoding=\"async\" width=\"800\" height=\"600\" src=\"https:\/\/www.guhalg.com\/wordpress\/wp-content\/uploads\/Reisen\/Philippinen2005\/Bericht\/20050218 - 06 30 20.jpg\" alt=\"Krabbe\" class=\"wp-image-2862\" srcset=\"https:\/\/www.guhalg.com\/wordpress\/wp-content\/uploads\/Reisen\/Philippinen2005\/Bericht\/20050218%20-%2006%2030%2020.jpg 800w, https:\/\/www.guhalg.com\/wordpress\/wp-content\/uploads\/Reisen\/Philippinen2005\/Bericht\/20050218%20-%2006%2030%2020-300x225.jpg 300w, https:\/\/www.guhalg.com\/wordpress\/wp-content\/uploads\/Reisen\/Philippinen2005\/Bericht\/20050218%20-%2006%2030%2020-768x576.jpg 768w\" sizes=\"auto, (max-width: 800px) 100vw, 800px\" \/><\/a><figcaption>Krabbe<\/figcaption><\/figure><\/div>\n<\/div>\n\n\n\n<div class=\"wp-block-column is-layout-flow wp-block-column-is-layout-flow\">\n<div class=\"wp-block-image\"><figure class=\"aligncenter size-full\"><a href=\"https:\/\/www.guhalg.com\/wordpress\/wp-content\/uploads\/Reisen\/Philippinen2005\/Bericht\/20050218 - 06 32 34.jpg\"><img loading=\"lazy\" decoding=\"async\" width=\"800\" height=\"600\" src=\"https:\/\/www.guhalg.com\/wordpress\/wp-content\/uploads\/Reisen\/Philippinen2005\/Bericht\/20050218 - 06 32 34.jpg\" alt=\"Garnelen\" class=\"wp-image-2863\" srcset=\"https:\/\/www.guhalg.com\/wordpress\/wp-content\/uploads\/Reisen\/Philippinen2005\/Bericht\/20050218%20-%2006%2032%2034.jpg 800w, https:\/\/www.guhalg.com\/wordpress\/wp-content\/uploads\/Reisen\/Philippinen2005\/Bericht\/20050218%20-%2006%2032%2034-300x225.jpg 300w, https:\/\/www.guhalg.com\/wordpress\/wp-content\/uploads\/Reisen\/Philippinen2005\/Bericht\/20050218%20-%2006%2032%2034-768x576.jpg 768w\" sizes=\"auto, (max-width: 800px) 100vw, 800px\" \/><\/a><figcaption>Garnelen<\/figcaption><\/figure><\/div>\n<\/div>\n<\/div>\n\n\n\n<p>Ach ja, wir wollten ja nach den Langusten Ausschau halten. Eigentlich gar nicht schwer. Sie befinden im Zugang zur H\u00f6hle an der Seite und Decke. Sind ein bisschen scheu aber auch neugierig. <\/p>\n\n\n\n<div class=\"wp-block-columns is-layout-flex wp-container-core-columns-is-layout-9d6595d7 wp-block-columns-is-layout-flex\">\n<div class=\"wp-block-column is-layout-flow wp-block-column-is-layout-flow\">\n<div class=\"wp-block-image\"><figure class=\"aligncenter size-full\"><a href=\"https:\/\/www.guhalg.com\/wordpress\/wp-content\/uploads\/Reisen\/Philippinen2005\/Bericht\/20060301 - 05 00 56.jpg\"><img loading=\"lazy\" decoding=\"async\" width=\"800\" height=\"600\" src=\"https:\/\/www.guhalg.com\/wordpress\/wp-content\/uploads\/Reisen\/Philippinen2005\/Bericht\/20060301 - 05 00 56.jpg\" alt=\"Die Langusten\" class=\"wp-image-2878\" srcset=\"https:\/\/www.guhalg.com\/wordpress\/wp-content\/uploads\/Reisen\/Philippinen2005\/Bericht\/20060301%20-%2005%2000%2056.jpg 800w, https:\/\/www.guhalg.com\/wordpress\/wp-content\/uploads\/Reisen\/Philippinen2005\/Bericht\/20060301%20-%2005%2000%2056-300x225.jpg 300w, https:\/\/www.guhalg.com\/wordpress\/wp-content\/uploads\/Reisen\/Philippinen2005\/Bericht\/20060301%20-%2005%2000%2056-768x576.jpg 768w\" sizes=\"auto, (max-width: 800px) 100vw, 800px\" \/><\/a><figcaption>Die Langusten<\/figcaption><\/figure><\/div>\n<\/div>\n\n\n\n<div class=\"wp-block-column is-layout-flow wp-block-column-is-layout-flow\">\n<div class=\"wp-block-image\"><figure class=\"aligncenter size-full\"><a href=\"https:\/\/www.guhalg.com\/wordpress\/wp-content\/uploads\/Reisen\/Philippinen2005\/Bericht\/20060301 - 05 16 38.jpg\"><img loading=\"lazy\" decoding=\"async\" width=\"800\" height=\"600\" src=\"https:\/\/www.guhalg.com\/wordpress\/wp-content\/uploads\/Reisen\/Philippinen2005\/Bericht\/20060301 - 05 16 38.jpg\" alt=\"Die Langusten\" class=\"wp-image-2880\" srcset=\"https:\/\/www.guhalg.com\/wordpress\/wp-content\/uploads\/Reisen\/Philippinen2005\/Bericht\/20060301%20-%2005%2016%2038.jpg 800w, https:\/\/www.guhalg.com\/wordpress\/wp-content\/uploads\/Reisen\/Philippinen2005\/Bericht\/20060301%20-%2005%2016%2038-300x225.jpg 300w, https:\/\/www.guhalg.com\/wordpress\/wp-content\/uploads\/Reisen\/Philippinen2005\/Bericht\/20060301%20-%2005%2016%2038-768x576.jpg 768w\" sizes=\"auto, (max-width: 800px) 100vw, 800px\" \/><\/a><figcaption>Die Langusten<\/figcaption><\/figure><\/div>\n<\/div>\n\n\n\n<div class=\"wp-block-column is-layout-flow wp-block-column-is-layout-flow\">\n<div class=\"wp-block-image\"><figure class=\"aligncenter size-full\"><a href=\"https:\/\/www.guhalg.com\/wordpress\/wp-content\/uploads\/Reisen\/Philippinen2005\/Bericht\/20060301 - 05 23 51.jpg\"><img loading=\"lazy\" decoding=\"async\" width=\"800\" height=\"600\" src=\"https:\/\/www.guhalg.com\/wordpress\/wp-content\/uploads\/Reisen\/Philippinen2005\/Bericht\/20060301 - 05 23 51.jpg\" alt=\"Die Langusten\" class=\"wp-image-2881\" srcset=\"https:\/\/www.guhalg.com\/wordpress\/wp-content\/uploads\/Reisen\/Philippinen2005\/Bericht\/20060301%20-%2005%2023%2051.jpg 800w, https:\/\/www.guhalg.com\/wordpress\/wp-content\/uploads\/Reisen\/Philippinen2005\/Bericht\/20060301%20-%2005%2023%2051-300x225.jpg 300w, https:\/\/www.guhalg.com\/wordpress\/wp-content\/uploads\/Reisen\/Philippinen2005\/Bericht\/20060301%20-%2005%2023%2051-768x576.jpg 768w\" sizes=\"auto, (max-width: 800px) 100vw, 800px\" \/><\/a><figcaption>Die Langusten<\/figcaption><\/figure><\/div>\n<\/div>\n<\/div>\n\n\n\n<p>Man sieht dann allerdings nicht nur die Langusten, sondern mit ein bisschen Gl\u00fcck gibt es noch allerlei mehr aufzusp\u00fcren, wie den jungen, b\u00e4rtigen Drachenkopf oder die Rot-Wei\u00df geb\u00e4nderten Seenadeln.<\/p>\n\n\n\n<div class=\"wp-block-columns is-layout-flex wp-container-core-columns-is-layout-9d6595d7 wp-block-columns-is-layout-flex\">\n<div class=\"wp-block-column is-layout-flow wp-block-column-is-layout-flow\">\n<div class=\"wp-block-image\"><figure class=\"aligncenter size-full\"><a href=\"https:\/\/www.guhalg.com\/wordpress\/wp-content\/uploads\/Reisen\/Philippinen2005\/Bericht\/20060301 - 04 59 19.jpg\"><img loading=\"lazy\" decoding=\"async\" width=\"800\" height=\"605\" src=\"https:\/\/www.guhalg.com\/wordpress\/wp-content\/uploads\/Reisen\/Philippinen2005\/Bericht\/20060301 - 04 59 19.jpg\" alt=\"Drachenkopf\" class=\"wp-image-2877\" srcset=\"https:\/\/www.guhalg.com\/wordpress\/wp-content\/uploads\/Reisen\/Philippinen2005\/Bericht\/20060301%20-%2004%2059%2019.jpg 800w, https:\/\/www.guhalg.com\/wordpress\/wp-content\/uploads\/Reisen\/Philippinen2005\/Bericht\/20060301%20-%2004%2059%2019-300x227.jpg 300w, https:\/\/www.guhalg.com\/wordpress\/wp-content\/uploads\/Reisen\/Philippinen2005\/Bericht\/20060301%20-%2004%2059%2019-768x581.jpg 768w\" sizes=\"auto, (max-width: 800px) 100vw, 800px\" \/><\/a><figcaption>Drachenkopf<\/figcaption><\/figure><\/div>\n<\/div>\n\n\n\n<div class=\"wp-block-column is-layout-flow wp-block-column-is-layout-flow\">\n<div class=\"wp-block-image\"><figure class=\"aligncenter size-full\"><a href=\"https:\/\/www.guhalg.com\/wordpress\/wp-content\/uploads\/Reisen\/Philippinen2005\/Bericht\/20060301 - 05 26 07.jpg\"><img loading=\"lazy\" decoding=\"async\" width=\"800\" height=\"600\" src=\"https:\/\/www.guhalg.com\/wordpress\/wp-content\/uploads\/Reisen\/Philippinen2005\/Bericht\/20060301 - 05 26 07.jpg\" alt=\"Seenadeln\" class=\"wp-image-2882\" srcset=\"https:\/\/www.guhalg.com\/wordpress\/wp-content\/uploads\/Reisen\/Philippinen2005\/Bericht\/20060301%20-%2005%2026%2007.jpg 800w, https:\/\/www.guhalg.com\/wordpress\/wp-content\/uploads\/Reisen\/Philippinen2005\/Bericht\/20060301%20-%2005%2026%2007-300x225.jpg 300w, https:\/\/www.guhalg.com\/wordpress\/wp-content\/uploads\/Reisen\/Philippinen2005\/Bericht\/20060301%20-%2005%2026%2007-768x576.jpg 768w\" sizes=\"auto, (max-width: 800px) 100vw, 800px\" \/><\/a><figcaption>Seenadeln<\/figcaption><\/figure><\/div>\n<\/div>\n<\/div>\n\n\n\n<p>Aber irgendwann muss man ja auch mal wieder zur\u00fcck zum Boot. Und so geht auch hier wieder ein sch\u00f6ner Tauchgang zu Ende. Man taucht halt wieder auf, diesmal sogar wortw\u00f6rtlich. <\/p>\n\n\n\n<div class=\"wp-block-image\"><figure class=\"aligncenter size-full\"><a href=\"https:\/\/www.guhalg.com\/wordpress\/wp-content\/uploads\/Reisen\/Philippinen2005\/Bericht\/20060301 - 05 28 45.jpg\"><img loading=\"lazy\" decoding=\"async\" width=\"800\" height=\"600\" src=\"https:\/\/www.guhalg.com\/wordpress\/wp-content\/uploads\/Reisen\/Philippinen2005\/Bericht\/20060301 - 05 28 45.jpg\" alt=\"Auftauchen\" class=\"wp-image-2883\" srcset=\"https:\/\/www.guhalg.com\/wordpress\/wp-content\/uploads\/Reisen\/Philippinen2005\/Bericht\/20060301%20-%2005%2028%2045.jpg 800w, https:\/\/www.guhalg.com\/wordpress\/wp-content\/uploads\/Reisen\/Philippinen2005\/Bericht\/20060301%20-%2005%2028%2045-300x225.jpg 300w, https:\/\/www.guhalg.com\/wordpress\/wp-content\/uploads\/Reisen\/Philippinen2005\/Bericht\/20060301%20-%2005%2028%2045-768x576.jpg 768w\" sizes=\"auto, (max-width: 800px) 100vw, 800px\" \/><\/a><figcaption>Auftauchen<\/figcaption><\/figure><\/div>\n\n\n\n<div class=\"wp-block-columns is-layout-flex wp-container-core-columns-is-layout-9d6595d7 wp-block-columns-is-layout-flex\">\n<div class=\"wp-block-column is-layout-flow wp-block-column-is-layout-flow\">\n<div class=\"wp-block-buttons is-layout-flex wp-block-buttons-is-layout-flex\">\n<div class=\"wp-block-button\"><a class=\"wp-block-button__link\" href=\"https:\/\/www.guhalg.com\/wordpress\/?page_id=3082\">Der Barracuda Lake<\/a><\/div>\n<\/div>\n<\/div>\n\n\n\n<div class=\"wp-block-column is-layout-flow wp-block-column-is-layout-flow\">\n<div class=\"wp-block-buttons is-horizontal is-content-justification-right is-layout-flex wp-container-core-buttons-is-layout-ae2fe186 wp-block-buttons-is-layout-flex\">\n<div class=\"wp-block-button\"><a class=\"wp-block-button__link\" href=\"https:\/\/www.guhalg.com\/wordpress\/?page_id=3115\">Walhaischnorcheln<\/a><\/div>\n<\/div>\n<\/div>\n<\/div>\n","protected":false},"excerpt":{"rendered":"<p>Diese H\u00f6hle ist ein weiteres interessantes und sch\u00f6nes Ziel. Sie kann allerdings nur bei gutem Wetter angefahren werden, da das Boot recht ungesch\u00fctzt vor dem Eingang ankert, um auf die Taucher zu warten. Dadurch hat man halt eine wesentlich gr\u00f6\u00dfere&hellip; <\/p>\n","protected":false},"author":1,"featured_media":0,"parent":2550,"menu_order":16,"comment_status":"closed","ping_status":"closed","template":"","meta":{"footnotes":""},"class_list":["post-3094","page","type-page","status-publish","hentry"],"_links":{"self":[{"href":"https:\/\/www.guhalg.com\/wordpress\/index.php?rest_route=\/wp\/v2\/pages\/3094","targetHints":{"allow":["GET"]}}],"collection":[{"href":"https:\/\/www.guhalg.com\/wordpress\/index.php?rest_route=\/wp\/v2\/pages"}],"about":[{"href":"https:\/\/www.guhalg.com\/wordpress\/index.php?rest_route=\/wp\/v2\/types\/page"}],"author":[{"embeddable":true,"href":"https:\/\/www.guhalg.com\/wordpress\/index.php?rest_route=\/wp\/v2\/users\/1"}],"replies":[{"embeddable":true,"href":"https:\/\/www.guhalg.com\/wordpress\/index.php?rest_route=%2Fwp%2Fv2%2Fcomments&post=3094"}],"version-history":[{"count":15,"href":"https:\/\/www.guhalg.com\/wordpress\/index.php?rest_route=\/wp\/v2\/pages\/3094\/revisions"}],"predecessor-version":[{"id":7693,"href":"https:\/\/www.guhalg.com\/wordpress\/index.php?rest_route=\/wp\/v2\/pages\/3094\/revisions\/7693"}],"up":[{"embeddable":true,"href":"https:\/\/www.guhalg.com\/wordpress\/index.php?rest_route=\/wp\/v2\/pages\/2550"}],"wp:attachment":[{"href":"https:\/\/www.guhalg.com\/wordpress\/index.php?rest_route=%2Fwp%2Fv2%2Fmedia&parent=3094"}],"curies":[{"name":"wp","href":"https:\/\/api.w.org\/{rel}","templated":true}]}}