{"id":322,"date":"2021-11-02T18:18:56","date_gmt":"2021-11-02T17:18:56","guid":{"rendered":"https:\/\/www.guhalg.com\/wordpress\/?page_id=322"},"modified":"2022-02-08T22:25:34","modified_gmt":"2022-02-08T21:25:34","slug":"madagaskar-im-regenwald","status":"publish","type":"page","link":"https:\/\/www.guhalg.com\/wordpress\/?page_id=322","title":{"rendered":"Im Regenwald"},"content":{"rendered":"\n<p>Am n\u00e4chsten Morgen ging es dann in das Naturreservat Perinet zur Tierbeobachtung.<\/p>\n\n\n\n<p>Gestartet sind wir bei leichtem Regen, aber bis zum Mittag kam dann wunderbar die Sonne hervor, auch wenn man im Regenwald nicht so viel davon hat. Aber es wurde allgemein w\u00e4rmer und mit den Temperaturen stieg auch die Wahrscheinlichkeit die Lemuren, bzw. verschiedene Lemuren zu finden. Wir hatten dann auch Gl\u00fcck und ihr k\u00f6nnt einige der <a href=\"http:\/\/localhost:8080\/page\/reisen\/2012-madagaskar\/lemuren.php\">Bilder der Lemuren<\/a> hier finden. Die ersten Bilder stammen von hier:<\/p>\n\n\n\n<p>Nach dem Regenwald ging es dann noch in einen kleinen privaten Park auf dem Gel\u00e4nde einer Mine. Hier leben die Lemuren recht ungest\u00f6rt, aber doch sehr vertraulich mit Menschen. Sie sind auf mehreren kleinen Inseln untergebracht, also in nat\u00fcrlicher Begrenzung und auf den Inseln, die f\u00fcr die Menschen freigegeben sind, extrem zutraulich und verfressen. Sie springen einem auf die Schulter, lassen sich durch die Gegend tragen und versuchen auch schon mal mit Zerren an den Haaren die Bewegungsrichtung zu beeinflussen.<\/p>\n\n\n\n<div class=\"wp-block-columns is-layout-flex wp-container-core-columns-is-layout-9d6595d7 wp-block-columns-is-layout-flex\">\n<div class=\"wp-block-column is-layout-flow wp-block-column-is-layout-flow\">\n<div class=\"wp-block-image\"><figure class=\"aligncenter size-large\"><a href=\"https:\/\/www.guhalg.com\/wordpress\/wp-content\/uploads\/Reisen\/Madagaskar\/Regenwald\/Chrischi und die Lemuren.jpg\"><img loading=\"lazy\" decoding=\"async\" width=\"1024\" height=\"575\" src=\"https:\/\/www.guhalg.com\/wordpress\/wp-content\/uploads\/Reisen\/Madagaskar\/Regenwald\/Chrischi und die Lemuren-1024x575.jpg\" alt=\"Chrischi und die Lemuren\" class=\"wp-image-326\" srcset=\"https:\/\/www.guhalg.com\/wordpress\/wp-content\/uploads\/Reisen\/Madagaskar\/Regenwald\/Chrischi%20und%20die%20Lemuren-1024x575.jpg 1024w, https:\/\/www.guhalg.com\/wordpress\/wp-content\/uploads\/Reisen\/Madagaskar\/Regenwald\/Chrischi%20und%20die%20Lemuren-300x169.jpg 300w, https:\/\/www.guhalg.com\/wordpress\/wp-content\/uploads\/Reisen\/Madagaskar\/Regenwald\/Chrischi%20und%20die%20Lemuren-768x432.jpg 768w, https:\/\/www.guhalg.com\/wordpress\/wp-content\/uploads\/Reisen\/Madagaskar\/Regenwald\/Chrischi%20und%20die%20Lemuren-1536x863.jpg 1536w, https:\/\/www.guhalg.com\/wordpress\/wp-content\/uploads\/Reisen\/Madagaskar\/Regenwald\/Chrischi%20und%20die%20Lemuren.jpg 1920w\" sizes=\"auto, (max-width: 1024px) 100vw, 1024px\" \/><\/a><figcaption>Chrischi und die Lemuren<\/figcaption><\/figure><\/div>\n<\/div>\n\n\n\n<div class=\"wp-block-column is-layout-flow wp-block-column-is-layout-flow\">\n<div class=\"wp-block-image\"><figure class=\"aligncenter size-large\"><a href=\"https:\/\/www.guhalg.com\/wordpress\/wp-content\/uploads\/Reisen\/Madagaskar\/Regenwald\/Die Steuerung.jpg\"><img loading=\"lazy\" decoding=\"async\" width=\"1024\" height=\"575\" src=\"https:\/\/www.guhalg.com\/wordpress\/wp-content\/uploads\/Reisen\/Madagaskar\/Regenwald\/Die Steuerung-1024x575.jpg\" alt=\"Die Steuerung\" class=\"wp-image-327\" srcset=\"https:\/\/www.guhalg.com\/wordpress\/wp-content\/uploads\/Reisen\/Madagaskar\/Regenwald\/Die%20Steuerung-1024x575.jpg 1024w, https:\/\/www.guhalg.com\/wordpress\/wp-content\/uploads\/Reisen\/Madagaskar\/Regenwald\/Die%20Steuerung-300x169.jpg 300w, https:\/\/www.guhalg.com\/wordpress\/wp-content\/uploads\/Reisen\/Madagaskar\/Regenwald\/Die%20Steuerung-768x432.jpg 768w, https:\/\/www.guhalg.com\/wordpress\/wp-content\/uploads\/Reisen\/Madagaskar\/Regenwald\/Die%20Steuerung-1536x863.jpg 1536w, https:\/\/www.guhalg.com\/wordpress\/wp-content\/uploads\/Reisen\/Madagaskar\/Regenwald\/Die%20Steuerung.jpg 1920w\" sizes=\"auto, (max-width: 1024px) 100vw, 1024px\" \/><\/a><figcaption>Die Steuerung<\/figcaption><\/figure><\/div>\n<\/div>\n<\/div>\n\n\n\n<p>Am fr\u00fchen Nachmittag ging es dann wieder zur\u00fcck in die Unterkunft. Man konnte jetzt wunderbar auf dem kleinen Balkon bei unserem Bungalow sitzen und auf das Naturschutzgebiet und den kleinen Grenzfluss dazu schauen. Die Rufe der Lemuren waren teilweise auch hier noch h\u00f6rbar, ganz abgesehen von den vielen anderen Ger\u00e4uschen der Natur.<br>Sobald die Sonne aber unterging, wurde es empfindlich kalt. So kalt, dass wir uns in das Bett unter mehrere Zudecken gelegt haben und sp\u00e4ter dann auch auf das Abendbrot verzichteten.<br>Erst am n\u00e4chsten Morgen mochte man wieder aufstehen, aber auch erst, nachdem das Duschwasser angestellt wurde.<br>Dieses musste so ca. 10 Min. vor dem Duschen aufgedreht werden. Es brauchte so lange um hei\u00df zu werden, aber dann wurde es auch richtig hei\u00df, so hei\u00df, dass man damit den gesamten Bungalow heizen konnte, wenn auch mit hei\u00dfem Wasserdampf.<\/p>\n\n\n\n<p>Am n\u00e4chsten Morgen ging es mit unserem Auto weiter nach Manambato.<\/p>\n\n\n\n<div class=\"wp-block-image\"><figure class=\"aligncenter size-large\"><a href=\"https:\/\/www.guhalg.com\/wordpress\/wp-content\/uploads\/Reisen\/Madagaskar\/Regenwald\/Auto.jpg\"><img loading=\"lazy\" decoding=\"async\" width=\"1024\" height=\"575\" src=\"https:\/\/www.guhalg.com\/wordpress\/wp-content\/uploads\/Reisen\/Madagaskar\/Regenwald\/Auto-1024x575.jpg\" alt=\"Auto\" class=\"wp-image-325\" title=\"Auto\" srcset=\"https:\/\/www.guhalg.com\/wordpress\/wp-content\/uploads\/Reisen\/Madagaskar\/Regenwald\/Auto-1024x575.jpg 1024w, https:\/\/www.guhalg.com\/wordpress\/wp-content\/uploads\/Reisen\/Madagaskar\/Regenwald\/Auto-300x169.jpg 300w, https:\/\/www.guhalg.com\/wordpress\/wp-content\/uploads\/Reisen\/Madagaskar\/Regenwald\/Auto-768x432.jpg 768w, https:\/\/www.guhalg.com\/wordpress\/wp-content\/uploads\/Reisen\/Madagaskar\/Regenwald\/Auto-1536x863.jpg 1536w, https:\/\/www.guhalg.com\/wordpress\/wp-content\/uploads\/Reisen\/Madagaskar\/Regenwald\/Auto.jpg 1920w\" sizes=\"auto, (max-width: 1024px) 100vw, 1024px\" \/><\/a><figcaption>unser Auto w\u00e4hrend der Rundreise<\/figcaption><\/figure><\/div>\n\n\n\n<p>Hier wurden wir mitsamt unseres Gep\u00e4cks auf ein kleines Motorboot verladen und es ging \u00fcber Kan\u00e4le und kleine Seen weiter zu unserem n\u00e4chsten Ziel, dem Palmarium bzw. dort zur Palmarium Lodge.<\/p>\n\n\n\n<p>Wir sind also an diesem einen Tag aus dem Gebirge (\u00fcber 1400 m H\u00f6he) bis auf Meeresniveau \u00fcber teilweise abenteuerliche Stra\u00dfen gefahren. Obwohl die Entfernung in Luftlinie nur ca. 100 Km betr\u00e4gt, war dieses eine fast Tagesf\u00fcllende Aktivit\u00e4t.<\/p>\n\n\n\n<div class=\"wp-block-columns is-layout-flex wp-container-core-columns-is-layout-9d6595d7 wp-block-columns-is-layout-flex\">\n<div class=\"wp-block-column is-layout-flow wp-block-column-is-layout-flow\">\n<div class=\"wp-block-image\"><figure class=\"aligncenter size-large\"><a href=\"https:\/\/www.guhalg.com\/wordpress\/wp-content\/uploads\/Reisen\/Madagaskar\/Regenwald\/In den Bergen.jpg\"><img loading=\"lazy\" decoding=\"async\" width=\"1024\" height=\"575\" src=\"https:\/\/www.guhalg.com\/wordpress\/wp-content\/uploads\/Reisen\/Madagaskar\/Regenwald\/In den Bergen-1024x575.jpg\" alt=\"In den Bergen\" class=\"wp-image-328\" srcset=\"https:\/\/www.guhalg.com\/wordpress\/wp-content\/uploads\/Reisen\/Madagaskar\/Regenwald\/In%20den%20Bergen-1024x575.jpg 1024w, https:\/\/www.guhalg.com\/wordpress\/wp-content\/uploads\/Reisen\/Madagaskar\/Regenwald\/In%20den%20Bergen-300x169.jpg 300w, https:\/\/www.guhalg.com\/wordpress\/wp-content\/uploads\/Reisen\/Madagaskar\/Regenwald\/In%20den%20Bergen-768x432.jpg 768w, https:\/\/www.guhalg.com\/wordpress\/wp-content\/uploads\/Reisen\/Madagaskar\/Regenwald\/In%20den%20Bergen-1536x863.jpg 1536w, https:\/\/www.guhalg.com\/wordpress\/wp-content\/uploads\/Reisen\/Madagaskar\/Regenwald\/In%20den%20Bergen.jpg 1920w\" sizes=\"auto, (max-width: 1024px) 100vw, 1024px\" \/><\/a><figcaption>In den Bergen<\/figcaption><\/figure><\/div>\n<\/div>\n\n\n\n<div class=\"wp-block-column is-layout-flow wp-block-column-is-layout-flow\">\n<div class=\"wp-block-image\"><figure class=\"aligncenter size-large\"><a href=\"https:\/\/www.guhalg.com\/wordpress\/wp-content\/uploads\/Reisen\/Madagaskar\/Regenwald\/Nahe am Kanal von Pangalanes.jpg\"><img loading=\"lazy\" decoding=\"async\" width=\"1024\" height=\"575\" src=\"https:\/\/www.guhalg.com\/wordpress\/wp-content\/uploads\/Reisen\/Madagaskar\/Regenwald\/Nahe am Kanal von Pangalanes-1024x575.jpg\" alt=\"Nahe am Kanal von Pangalanes\" class=\"wp-image-329\" srcset=\"https:\/\/www.guhalg.com\/wordpress\/wp-content\/uploads\/Reisen\/Madagaskar\/Regenwald\/Nahe%20am%20Kanal%20von%20Pangalanes-1024x575.jpg 1024w, https:\/\/www.guhalg.com\/wordpress\/wp-content\/uploads\/Reisen\/Madagaskar\/Regenwald\/Nahe%20am%20Kanal%20von%20Pangalanes-300x169.jpg 300w, https:\/\/www.guhalg.com\/wordpress\/wp-content\/uploads\/Reisen\/Madagaskar\/Regenwald\/Nahe%20am%20Kanal%20von%20Pangalanes-768x432.jpg 768w, https:\/\/www.guhalg.com\/wordpress\/wp-content\/uploads\/Reisen\/Madagaskar\/Regenwald\/Nahe%20am%20Kanal%20von%20Pangalanes-1536x863.jpg 1536w, https:\/\/www.guhalg.com\/wordpress\/wp-content\/uploads\/Reisen\/Madagaskar\/Regenwald\/Nahe%20am%20Kanal%20von%20Pangalanes.jpg 1920w\" sizes=\"auto, (max-width: 1024px) 100vw, 1024px\" \/><\/a><figcaption>Nahe am Kanal von Pangalanes<\/figcaption><\/figure><\/div>\n<\/div>\n<\/div>\n\n\n\n<p>Daf\u00fcr wurden wir am Abend auch mit wunderbarem sonnigem Wetter in einer traumhaft sch\u00f6nen Landschaft belohnt. Wir konnten uns wieder sommerlich anziehen und den wunderbaren Ausblick aus dem offenen Restaurant auf die umgebende Natur genie\u00dfen. Nach einem leckeren Abendbrot ging es dann in den riesigen Bungalow zur Nachtruhe.<\/p>\n\n\n\n<div class=\"wp-block-columns is-layout-flex wp-container-core-columns-is-layout-9d6595d7 wp-block-columns-is-layout-flex\">\n<div class=\"wp-block-column is-layout-flow wp-block-column-is-layout-flow\">\n<div class=\"wp-block-image\"><figure class=\"aligncenter size-large\"><a href=\"https:\/\/www.guhalg.com\/wordpress\/wp-content\/uploads\/Reisen\/Madagaskar\/Regenwald\/Palmarium Lodge Restaurant.jpg\"><img loading=\"lazy\" decoding=\"async\" width=\"1024\" height=\"575\" src=\"https:\/\/www.guhalg.com\/wordpress\/wp-content\/uploads\/Reisen\/Madagaskar\/Regenwald\/Palmarium Lodge Restaurant-1024x575.jpg\" alt=\"Palmarium Lodge Restaurant\" class=\"wp-image-331\" srcset=\"https:\/\/www.guhalg.com\/wordpress\/wp-content\/uploads\/Reisen\/Madagaskar\/Regenwald\/Palmarium%20Lodge%20Restaurant-1024x575.jpg 1024w, https:\/\/www.guhalg.com\/wordpress\/wp-content\/uploads\/Reisen\/Madagaskar\/Regenwald\/Palmarium%20Lodge%20Restaurant-300x169.jpg 300w, https:\/\/www.guhalg.com\/wordpress\/wp-content\/uploads\/Reisen\/Madagaskar\/Regenwald\/Palmarium%20Lodge%20Restaurant-768x432.jpg 768w, https:\/\/www.guhalg.com\/wordpress\/wp-content\/uploads\/Reisen\/Madagaskar\/Regenwald\/Palmarium%20Lodge%20Restaurant-1536x863.jpg 1536w, https:\/\/www.guhalg.com\/wordpress\/wp-content\/uploads\/Reisen\/Madagaskar\/Regenwald\/Palmarium%20Lodge%20Restaurant.jpg 1920w\" sizes=\"auto, (max-width: 1024px) 100vw, 1024px\" \/><\/a><figcaption>Palmarium Lodge Restaurant<\/figcaption><\/figure><\/div>\n<\/div>\n\n\n\n<div class=\"wp-block-column is-layout-flow wp-block-column-is-layout-flow\">\n<div class=\"wp-block-image\"><figure class=\"aligncenter size-large\"><a href=\"https:\/\/www.guhalg.com\/wordpress\/wp-content\/uploads\/Reisen\/Madagaskar\/Regenwald\/Palmarium Lodge Bungalow.jpg\"><img loading=\"lazy\" decoding=\"async\" width=\"1024\" height=\"575\" src=\"https:\/\/www.guhalg.com\/wordpress\/wp-content\/uploads\/Reisen\/Madagaskar\/Regenwald\/Palmarium Lodge Bungalow-1024x575.jpg\" alt=\"Palmarium Lodge Bungalow\" class=\"wp-image-330\" srcset=\"https:\/\/www.guhalg.com\/wordpress\/wp-content\/uploads\/Reisen\/Madagaskar\/Regenwald\/Palmarium%20Lodge%20Bungalow-1024x575.jpg 1024w, https:\/\/www.guhalg.com\/wordpress\/wp-content\/uploads\/Reisen\/Madagaskar\/Regenwald\/Palmarium%20Lodge%20Bungalow-300x169.jpg 300w, https:\/\/www.guhalg.com\/wordpress\/wp-content\/uploads\/Reisen\/Madagaskar\/Regenwald\/Palmarium%20Lodge%20Bungalow-768x432.jpg 768w, https:\/\/www.guhalg.com\/wordpress\/wp-content\/uploads\/Reisen\/Madagaskar\/Regenwald\/Palmarium%20Lodge%20Bungalow-1536x863.jpg 1536w, https:\/\/www.guhalg.com\/wordpress\/wp-content\/uploads\/Reisen\/Madagaskar\/Regenwald\/Palmarium%20Lodge%20Bungalow.jpg 1920w\" sizes=\"auto, (max-width: 1024px) 100vw, 1024px\" \/><\/a><figcaption>Palmarium Lodge Bungalow<\/figcaption><\/figure><\/div>\n<\/div>\n<\/div>\n\n\n\n<div class=\"wp-block-columns is-layout-flex wp-container-core-columns-is-layout-9d6595d7 wp-block-columns-is-layout-flex\">\n<div class=\"wp-block-column is-layout-flow wp-block-column-is-layout-flow\">\n<div class=\"wp-block-buttons is-layout-flex wp-block-buttons-is-layout-flex\">\n<div class=\"wp-block-button\"><a class=\"wp-block-button__link\" href=\"https:\/\/www.guhalg.com\/wordpress\/?page_id=291\">Die Anreise<\/a><\/div>\n<\/div>\n<\/div>\n\n\n\n<div class=\"wp-block-column is-layout-flow wp-block-column-is-layout-flow\">\n<div class=\"wp-block-buttons is-horizontal is-content-justification-right is-layout-flex wp-container-core-buttons-is-layout-ae2fe186 wp-block-buttons-is-layout-flex\">\n<div class=\"wp-block-button\"><a class=\"wp-block-button__link\" href=\"https:\/\/www.guhalg.com\/wordpress\/?page_id=333\">Natur und Strand<\/a><\/div>\n<\/div>\n<\/div>\n<\/div>\n","protected":false},"excerpt":{"rendered":"<p>Am n\u00e4chsten Morgen ging es dann in das Naturreservat Perinet zur Tierbeobachtung. Gestartet sind wir bei leichtem Regen, aber bis zum Mittag kam dann wunderbar die Sonne hervor, auch wenn man im Regenwald nicht so viel davon hat. Aber es&hellip; <\/p>\n","protected":false},"author":1,"featured_media":0,"parent":279,"menu_order":0,"comment_status":"closed","ping_status":"closed","template":"","meta":{"footnotes":""},"class_list":["post-322","page","type-page","status-publish","hentry"],"_links":{"self":[{"href":"https:\/\/www.guhalg.com\/wordpress\/index.php?rest_route=\/wp\/v2\/pages\/322","targetHints":{"allow":["GET"]}}],"collection":[{"href":"https:\/\/www.guhalg.com\/wordpress\/index.php?rest_route=\/wp\/v2\/pages"}],"about":[{"href":"https:\/\/www.guhalg.com\/wordpress\/index.php?rest_route=\/wp\/v2\/types\/page"}],"author":[{"embeddable":true,"href":"https:\/\/www.guhalg.com\/wordpress\/index.php?rest_route=\/wp\/v2\/users\/1"}],"replies":[{"embeddable":true,"href":"https:\/\/www.guhalg.com\/wordpress\/index.php?rest_route=%2Fwp%2Fv2%2Fcomments&post=322"}],"version-history":[{"count":9,"href":"https:\/\/www.guhalg.com\/wordpress\/index.php?rest_route=\/wp\/v2\/pages\/322\/revisions"}],"predecessor-version":[{"id":7853,"href":"https:\/\/www.guhalg.com\/wordpress\/index.php?rest_route=\/wp\/v2\/pages\/322\/revisions\/7853"}],"up":[{"embeddable":true,"href":"https:\/\/www.guhalg.com\/wordpress\/index.php?rest_route=\/wp\/v2\/pages\/279"}],"wp:attachment":[{"href":"https:\/\/www.guhalg.com\/wordpress\/index.php?rest_route=%2Fwp%2Fv2%2Fmedia&parent=322"}],"curies":[{"name":"wp","href":"https:\/\/api.w.org\/{rel}","templated":true}]}}