{"id":333,"date":"2021-11-02T18:31:39","date_gmt":"2021-11-02T17:31:39","guid":{"rendered":"https:\/\/www.guhalg.com\/wordpress\/?page_id=333"},"modified":"2022-02-08T22:35:53","modified_gmt":"2022-02-08T21:35:53","slug":"natur-und-strand","status":"publish","type":"page","link":"https:\/\/www.guhalg.com\/wordpress\/?page_id=333","title":{"rendered":"Natur und Strand"},"content":{"rendered":"\n<p>F\u00fcr den n\u00e4chsten Tag war ein ausgiebiger Spaziergang mit Guide durch das Naturschutzgebiet Palmarium, Ankanin&#8217;ny Nofy geplant. Gestartet wurde aber mit einem ausgiebigen Fr\u00fchst\u00fcck. Und hier haben wir das beste Baguette des Urlaubs bekommen. Die Lodge liegt so abseits der Zivilisation, dass der Koch hier seine Br\u00f6tchen bzw. das Baguette selber backt, FANTASTISCH. Es gibt zwar ein kleines Dorf in der N\u00e4he, aber keine L\u00e4den oder Infrastruktur drumherum und alles muss mit dem Boot geholt werden.<\/p>\n\n\n\n<p>Das hat sich auch bei den Lemuren rumgesprochen. Wir hatten da einen besonders aufdringlichen Gast beim Fr\u00fchst\u00fcck. Immer bereit zu einem Sprung auf unserem Fr\u00fchst\u00fccktisch, einen Bissen zu ergattern.<\/p>\n\n\n\n<div class=\"wp-block-image\"><figure class=\"aligncenter size-large\"><a href=\"https:\/\/www.guhalg.com\/wordpress\/wp-content\/uploads\/Reisen\/Madagaskar\/Strand\/Hybrid.jpg\"><img loading=\"lazy\" decoding=\"async\" width=\"1024\" height=\"575\" src=\"https:\/\/www.guhalg.com\/wordpress\/wp-content\/uploads\/Reisen\/Madagaskar\/Strand\/Hybrid-1024x575.jpg\" alt=\"Hybrid Lemur\" class=\"wp-image-346\" title=\"Hybrid Lemure beim Fr\u00fchst\u00fcck\" srcset=\"https:\/\/www.guhalg.com\/wordpress\/wp-content\/uploads\/Reisen\/Madagaskar\/Strand\/Hybrid-1024x575.jpg 1024w, https:\/\/www.guhalg.com\/wordpress\/wp-content\/uploads\/Reisen\/Madagaskar\/Strand\/Hybrid-300x169.jpg 300w, https:\/\/www.guhalg.com\/wordpress\/wp-content\/uploads\/Reisen\/Madagaskar\/Strand\/Hybrid-768x432.jpg 768w, https:\/\/www.guhalg.com\/wordpress\/wp-content\/uploads\/Reisen\/Madagaskar\/Strand\/Hybrid-1536x863.jpg 1536w, https:\/\/www.guhalg.com\/wordpress\/wp-content\/uploads\/Reisen\/Madagaskar\/Strand\/Hybrid.jpg 1920w\" sizes=\"auto, (max-width: 1024px) 100vw, 1024px\" \/><\/a><figcaption>Hybrid Lemur<\/figcaption><\/figure><\/div>\n\n\n\n<p>Wir haben auch noch einige Informationen aus dem Resort zu diesem Lemuren erhalten. Erst einmal ist dieses Tier ein Liebesbeweis zwischen zwei unterschiedlichen Arten \u2013 und nicht zeugungsf\u00e4hig f\u00fcr Nachkommen. Daf\u00fcr hat es aber zwei sagenhafte Fertigkeiten entwickelt:<\/p>\n\n\n\n<ul class=\"wp-block-list\"><li>ich bin ja so arm dran &#8211; zumindest kann ich so vernachl\u00e4ssigt aussehen<\/li><li>ich habe schon seit Wochen nichts Richtiges mehr zum Essen bekommen<\/li><\/ul>\n\n\n\n<p>Und es ging nicht nur uns so. Auch die anderen G\u00e4ste waren von der Dreistigkeit \u00fcberrascht.<\/p>\n\n\n\n<p>Wir sind nach dem sehr guten Fr\u00fchst\u00fcck auf unsere Erkundungstour in die wilde Natur aufgebrochen. Unser einheimischer Guide sprach ein wenig Franz\u00f6sisch und nat\u00fcrlich den lokalen Dialekt und unser Tourguide hat ihn ermutigt, uns die Natur auf Franz\u00f6sisch zu erkl\u00e4ren, soweit er mit den Worten zurechtkam. Den Rest wurde f\u00fcr uns auf Deutsch \u00fcbersetzt. Das hat auch erstaunlich gut funktioniert. Doch kommen wir jetzt zum verbl\u00fcffenden Start dieser Wild Life Tour.<\/p>\n\n\n\n<p>Wir sind quasi direkt im Resort zu der Entdeckertour aufgebrochen und mussten fast 50\u00a0m, die Anlage ist recht gro\u00df, laufen, um zu unserem ersten Spektakel zu gelangen. Also gef\u00fchlt direkt um die Ecke bei uns. Auf einem Dornenbusch direkt neben dem Weg vom Bungalow zum Restaurant entdeckte unser Guide ein sehr sch\u00f6nes Cham\u00e4leon.<\/p>\n\n\n\n<div class=\"wp-block-columns is-layout-flex wp-container-core-columns-is-layout-9d6595d7 wp-block-columns-is-layout-flex\">\n<div class=\"wp-block-column is-layout-flow wp-block-column-is-layout-flow\">\n<div class=\"wp-block-image\"><figure class=\"aligncenter size-large\"><a href=\"https:\/\/www.guhalg.com\/wordpress\/wp-content\/uploads\/Reisen\/Madagaskar\/Strand\/Cham\u00e4leon.jpg\"><img loading=\"lazy\" decoding=\"async\" width=\"1024\" height=\"575\" src=\"https:\/\/www.guhalg.com\/wordpress\/wp-content\/uploads\/Reisen\/Madagaskar\/Strand\/Cham\u00e4leon-1024x575.jpg\" alt=\"Cham\u00e4leon\" class=\"wp-image-343\" srcset=\"https:\/\/www.guhalg.com\/wordpress\/wp-content\/uploads\/Reisen\/Madagaskar\/Strand\/Cham\u00e4leon-1024x575.jpg 1024w, https:\/\/www.guhalg.com\/wordpress\/wp-content\/uploads\/Reisen\/Madagaskar\/Strand\/Cham\u00e4leon-300x169.jpg 300w, https:\/\/www.guhalg.com\/wordpress\/wp-content\/uploads\/Reisen\/Madagaskar\/Strand\/Cham\u00e4leon-768x432.jpg 768w, https:\/\/www.guhalg.com\/wordpress\/wp-content\/uploads\/Reisen\/Madagaskar\/Strand\/Cham\u00e4leon-1536x863.jpg 1536w, https:\/\/www.guhalg.com\/wordpress\/wp-content\/uploads\/Reisen\/Madagaskar\/Strand\/Cham\u00e4leon.jpg 1920w\" sizes=\"auto, (max-width: 1024px) 100vw, 1024px\" \/><\/a><figcaption>Cham\u00e4leon<\/figcaption><\/figure><\/div>\n<\/div>\n\n\n\n<div class=\"wp-block-column is-layout-flow wp-block-column-is-layout-flow\">\n<div class=\"wp-block-image\"><figure class=\"aligncenter size-large\"><a href=\"https:\/\/www.guhalg.com\/wordpress\/wp-content\/uploads\/Reisen\/Madagaskar\/Strand\/Frosch.jpg\"><img loading=\"lazy\" decoding=\"async\" width=\"1024\" height=\"575\" src=\"https:\/\/www.guhalg.com\/wordpress\/wp-content\/uploads\/Reisen\/Madagaskar\/Strand\/Frosch-1024x575.jpg\" alt=\"Frosch\" class=\"wp-image-345\" srcset=\"https:\/\/www.guhalg.com\/wordpress\/wp-content\/uploads\/Reisen\/Madagaskar\/Strand\/Frosch-1024x575.jpg 1024w, https:\/\/www.guhalg.com\/wordpress\/wp-content\/uploads\/Reisen\/Madagaskar\/Strand\/Frosch-300x169.jpg 300w, https:\/\/www.guhalg.com\/wordpress\/wp-content\/uploads\/Reisen\/Madagaskar\/Strand\/Frosch-768x432.jpg 768w, https:\/\/www.guhalg.com\/wordpress\/wp-content\/uploads\/Reisen\/Madagaskar\/Strand\/Frosch-1536x863.jpg 1536w, https:\/\/www.guhalg.com\/wordpress\/wp-content\/uploads\/Reisen\/Madagaskar\/Strand\/Frosch.jpg 1920w\" sizes=\"auto, (max-width: 1024px) 100vw, 1024px\" \/><\/a><figcaption>Frosch<\/figcaption><\/figure><\/div>\n<\/div>\n<\/div>\n\n\n\n<p>Und so ging es auch gleich weiter. Eine exotische Pflanze hier, eine h\u00fcbsche Bl\u00fcte da, ein Baum, der Wasser speichert (<a rel=\"noreferrer noopener\" href=\"https:\/\/de.wikipedia.org\/wiki\/Baum_der_Reisenden\" target=\"_blank\">Baum der Reisenden<\/a>) und welches man auch trinken kann, wenn man wei\u00df, wie man an das saubere Wasser herankommt. Aufsitzerpflanzen wie Orchideen, darunter auch die bekannte Vanille, Geckos hier, Cham\u00e4leons dort und selbst kleine Fr\u00f6sche fand unser Guide, siehe Bild rechts oben \ud83d\ude42 ohne Probleme. Die Erkundung auf dem Resort Gel\u00e4nde zeigte uns die Verbundenheit der Anlage mit der Natur. Aber unser eigentliches Ziel waren ja die Lemuren im Wald und die Kannenpflanzen am Wasser. Wir gingen langsam durch den Naturpark, immer auf der Suche nach den Indris, sehr bekannt f\u00fcr Ihren Gesang und wir sind auch immer wieder stehengeblieben, um ihren Gesang zu h\u00f6ren. Dass wir dabei durch fantastische Landschaften gewandert sind, sei hier nur nebenbei erw\u00e4hnt \u2013 und vielleicht mit drei Bildern belegt.<\/p>\n\n\n\n<div class=\"wp-block-columns is-layout-flex wp-container-core-columns-is-layout-9d6595d7 wp-block-columns-is-layout-flex\">\n<div class=\"wp-block-column is-layout-flow wp-block-column-is-layout-flow\">\n<div class=\"wp-block-image\"><figure class=\"aligncenter size-large\"><a href=\"https:\/\/www.guhalg.com\/wordpress\/wp-content\/uploads\/Reisen\/Madagaskar\/Strand\/Berglandschaft.jpg\"><img loading=\"lazy\" decoding=\"async\" width=\"1024\" height=\"575\" src=\"https:\/\/www.guhalg.com\/wordpress\/wp-content\/uploads\/Reisen\/Madagaskar\/Strand\/Berglandschaft-1024x575.jpg\" alt=\"Berglandschaft\" class=\"wp-image-341\" srcset=\"https:\/\/www.guhalg.com\/wordpress\/wp-content\/uploads\/Reisen\/Madagaskar\/Strand\/Berglandschaft-1024x575.jpg 1024w, https:\/\/www.guhalg.com\/wordpress\/wp-content\/uploads\/Reisen\/Madagaskar\/Strand\/Berglandschaft-300x169.jpg 300w, https:\/\/www.guhalg.com\/wordpress\/wp-content\/uploads\/Reisen\/Madagaskar\/Strand\/Berglandschaft-768x432.jpg 768w, https:\/\/www.guhalg.com\/wordpress\/wp-content\/uploads\/Reisen\/Madagaskar\/Strand\/Berglandschaft-1536x863.jpg 1536w, https:\/\/www.guhalg.com\/wordpress\/wp-content\/uploads\/Reisen\/Madagaskar\/Strand\/Berglandschaft.jpg 1920w\" sizes=\"auto, (max-width: 1024px) 100vw, 1024px\" \/><\/a><figcaption>Berglandschaft<\/figcaption><\/figure><\/div>\n<\/div>\n\n\n\n<div class=\"wp-block-column is-layout-flow wp-block-column-is-layout-flow\">\n<div class=\"wp-block-image\"><figure class=\"aligncenter size-large\"><a href=\"https:\/\/www.guhalg.com\/wordpress\/wp-content\/uploads\/Reisen\/Madagaskar\/Strand\/Blick zur\u00fcck in den Wald.jpg\"><img loading=\"lazy\" decoding=\"async\" width=\"1024\" height=\"575\" src=\"https:\/\/www.guhalg.com\/wordpress\/wp-content\/uploads\/Reisen\/Madagaskar\/Strand\/Blick zur\u00fcck in den Wald-1024x575.jpg\" alt=\"Blick zur\u00fcck in den Wald\" class=\"wp-image-342\" srcset=\"https:\/\/www.guhalg.com\/wordpress\/wp-content\/uploads\/Reisen\/Madagaskar\/Strand\/Blick%20zur\u00fcck%20in%20den%20Wald-1024x575.jpg 1024w, https:\/\/www.guhalg.com\/wordpress\/wp-content\/uploads\/Reisen\/Madagaskar\/Strand\/Blick%20zur\u00fcck%20in%20den%20Wald-300x169.jpg 300w, https:\/\/www.guhalg.com\/wordpress\/wp-content\/uploads\/Reisen\/Madagaskar\/Strand\/Blick%20zur\u00fcck%20in%20den%20Wald-768x432.jpg 768w, https:\/\/www.guhalg.com\/wordpress\/wp-content\/uploads\/Reisen\/Madagaskar\/Strand\/Blick%20zur\u00fcck%20in%20den%20Wald-1536x863.jpg 1536w, https:\/\/www.guhalg.com\/wordpress\/wp-content\/uploads\/Reisen\/Madagaskar\/Strand\/Blick%20zur\u00fcck%20in%20den%20Wald.jpg 1920w\" sizes=\"auto, (max-width: 1024px) 100vw, 1024px\" \/><\/a><figcaption>Blick zur\u00fcck in den Wald<\/figcaption><\/figure><\/div>\n<\/div>\n\n\n\n<div class=\"wp-block-column is-layout-flow wp-block-column-is-layout-flow\">\n<div class=\"wp-block-image\"><figure class=\"aligncenter size-large\"><a href=\"https:\/\/www.guhalg.com\/wordpress\/wp-content\/uploads\/Reisen\/Madagaskar\/Strand\/Am Strand des Sees.jpg\"><img loading=\"lazy\" decoding=\"async\" width=\"1024\" height=\"575\" src=\"https:\/\/www.guhalg.com\/wordpress\/wp-content\/uploads\/Reisen\/Madagaskar\/Strand\/Am Strand des Sees-1024x575.jpg\" alt=\"Am Strand des Sees\" class=\"wp-image-340\" srcset=\"https:\/\/www.guhalg.com\/wordpress\/wp-content\/uploads\/Reisen\/Madagaskar\/Strand\/Am%20Strand%20des%20Sees-1024x575.jpg 1024w, https:\/\/www.guhalg.com\/wordpress\/wp-content\/uploads\/Reisen\/Madagaskar\/Strand\/Am%20Strand%20des%20Sees-300x169.jpg 300w, https:\/\/www.guhalg.com\/wordpress\/wp-content\/uploads\/Reisen\/Madagaskar\/Strand\/Am%20Strand%20des%20Sees-768x432.jpg 768w, https:\/\/www.guhalg.com\/wordpress\/wp-content\/uploads\/Reisen\/Madagaskar\/Strand\/Am%20Strand%20des%20Sees-1536x863.jpg 1536w, https:\/\/www.guhalg.com\/wordpress\/wp-content\/uploads\/Reisen\/Madagaskar\/Strand\/Am%20Strand%20des%20Sees.jpg 1920w\" sizes=\"auto, (max-width: 1024px) 100vw, 1024px\" \/><\/a><figcaption>Am Strand des Sees<\/figcaption><\/figure><\/div>\n<\/div>\n<\/div>\n\n\n\n<p>Obwohl wir die Indris eigentlich immer wieder gut h\u00f6ren konnten haben sie sich aber bei uns nicht blicken lassen. So haben wir aufgeh\u00f6rt dem Gesang hinterherzugehen und uns auf die Suche nach den Sifakas, einer weiteren Lemuren Art, begeben. Also wieder etwas raus dem Urwald. Kurz bevor wir dann wieder in den lichteren Teil angekommen waren, haben sich die Indris dann aber doch noch zu uns gesellt. Sie sind schon noch scheue Tiere, aber auch sehr verfressen und kennen den Umgang mit Menschen. Wenn man sich sehr ruhig verh\u00e4lt, fressen Sie einem sogar aus der Hand und unser Guide hatte ein paar Leckerlis f\u00fcr die Indris mitgenommen. Diese haben die Fr\u00fcchte dann sehr vorsichtig aus der Hand genommen, diese aber auch bis zum letzten Bissen festgehalten und sich ein wenig kraulen lassen.<\/p>\n\n\n\n<div class=\"wp-block-image\"><figure class=\"aligncenter size-large\"><a href=\"https:\/\/www.guhalg.com\/wordpress\/wp-content\/uploads\/Reisen\/Madagaskar\/Strand\/Indri.jpg\"><img loading=\"lazy\" decoding=\"async\" width=\"1024\" height=\"575\" src=\"https:\/\/www.guhalg.com\/wordpress\/wp-content\/uploads\/Reisen\/Madagaskar\/Strand\/Indri-1024x575.jpg\" alt=\"Indri\" class=\"wp-image-347\" title=\"Indri\" srcset=\"https:\/\/www.guhalg.com\/wordpress\/wp-content\/uploads\/Reisen\/Madagaskar\/Strand\/Indri-1024x575.jpg 1024w, https:\/\/www.guhalg.com\/wordpress\/wp-content\/uploads\/Reisen\/Madagaskar\/Strand\/Indri-300x169.jpg 300w, https:\/\/www.guhalg.com\/wordpress\/wp-content\/uploads\/Reisen\/Madagaskar\/Strand\/Indri-768x432.jpg 768w, https:\/\/www.guhalg.com\/wordpress\/wp-content\/uploads\/Reisen\/Madagaskar\/Strand\/Indri-1536x863.jpg 1536w, https:\/\/www.guhalg.com\/wordpress\/wp-content\/uploads\/Reisen\/Madagaskar\/Strand\/Indri.jpg 1920w\" sizes=\"auto, (max-width: 1024px) 100vw, 1024px\" \/><\/a><figcaption>Indri bei Chrischi an der Hand<\/figcaption><\/figure><\/div>\n\n\n\n<p>Nach einiger Zeit sind wir weitergezogen und der Guide hat versucht Anzeichen der Sifakas zu finden. Leider konnten wir im Wald keine entdecken und so sind wir runter zum Strand um dort im Sumpfgebiet die Kannenpflanzen zu suchen. Auf dem Weg zeigte uns der Guide unter ganz vielen Bl\u00e4ttern kleine Fr\u00f6sche in unterschiedlichster Farbe, die sich im Schatten vor der Tagessonne verstecken.<\/p>\n\n\n\n<div class=\"wp-block-columns is-layout-flex wp-container-core-columns-is-layout-9d6595d7 wp-block-columns-is-layout-flex\">\n<div class=\"wp-block-column is-layout-flow wp-block-column-is-layout-flow\">\n<div class=\"wp-block-image\"><figure class=\"aligncenter size-large\"><a href=\"https:\/\/www.guhalg.com\/wordpress\/wp-content\/uploads\/Reisen\/Madagaskar\/Strand\/Strand.jpg\"><img loading=\"lazy\" decoding=\"async\" width=\"1024\" height=\"575\" src=\"https:\/\/www.guhalg.com\/wordpress\/wp-content\/uploads\/Reisen\/Madagaskar\/Strand\/Strand-1024x575.jpg\" alt=\"Strand\" class=\"wp-image-352\" srcset=\"https:\/\/www.guhalg.com\/wordpress\/wp-content\/uploads\/Reisen\/Madagaskar\/Strand\/Strand-1024x575.jpg 1024w, https:\/\/www.guhalg.com\/wordpress\/wp-content\/uploads\/Reisen\/Madagaskar\/Strand\/Strand-300x169.jpg 300w, https:\/\/www.guhalg.com\/wordpress\/wp-content\/uploads\/Reisen\/Madagaskar\/Strand\/Strand-768x432.jpg 768w, https:\/\/www.guhalg.com\/wordpress\/wp-content\/uploads\/Reisen\/Madagaskar\/Strand\/Strand-1536x863.jpg 1536w, https:\/\/www.guhalg.com\/wordpress\/wp-content\/uploads\/Reisen\/Madagaskar\/Strand\/Strand.jpg 1920w\" sizes=\"auto, (max-width: 1024px) 100vw, 1024px\" \/><\/a><figcaption>Strand<\/figcaption><\/figure><\/div>\n<\/div>\n\n\n\n<div class=\"wp-block-column is-layout-flow wp-block-column-is-layout-flow\">\n<div class=\"wp-block-image\"><figure class=\"aligncenter size-large\"><a href=\"https:\/\/www.guhalg.com\/wordpress\/wp-content\/uploads\/Reisen\/Madagaskar\/Strand\/Frosch am Strand.jpg\"><img loading=\"lazy\" decoding=\"async\" width=\"1024\" height=\"575\" src=\"https:\/\/www.guhalg.com\/wordpress\/wp-content\/uploads\/Reisen\/Madagaskar\/Strand\/Frosch am Strand-1024x575.jpg\" alt=\"Frosch am Strand\" class=\"wp-image-344\" srcset=\"https:\/\/www.guhalg.com\/wordpress\/wp-content\/uploads\/Reisen\/Madagaskar\/Strand\/Frosch%20am%20Strand-1024x575.jpg 1024w, https:\/\/www.guhalg.com\/wordpress\/wp-content\/uploads\/Reisen\/Madagaskar\/Strand\/Frosch%20am%20Strand-300x169.jpg 300w, https:\/\/www.guhalg.com\/wordpress\/wp-content\/uploads\/Reisen\/Madagaskar\/Strand\/Frosch%20am%20Strand-768x432.jpg 768w, https:\/\/www.guhalg.com\/wordpress\/wp-content\/uploads\/Reisen\/Madagaskar\/Strand\/Frosch%20am%20Strand-1536x863.jpg 1536w, https:\/\/www.guhalg.com\/wordpress\/wp-content\/uploads\/Reisen\/Madagaskar\/Strand\/Frosch%20am%20Strand.jpg 1920w\" sizes=\"auto, (max-width: 1024px) 100vw, 1024px\" \/><\/a><figcaption>Frosch am Strand<\/figcaption><\/figure><\/div>\n<\/div>\n<\/div>\n\n\n\n<p>Einige Meter abseits des Wassers sind wir einen kleinen Pfad wieder ins Landesinnere gefolgt und nach wenigen Metern auf ganz viele fleischfressende Pflanzen gesto\u00dfen. Hier mussten wir ein wenig mit unseren Schritten aufpassen, um nicht zu versinken und wenn wir die Sonne nicht als Orientierung gehabt h\u00e4tten, und nat\u00fcrlich unseren Guide, dann w\u00e4re das mit dem wieder Herausfinden gar nicht so einfach gewesen. Aber so konnten wir Landschaft und die Unber\u00fchrtheit der Natur genie\u00dfen und haben uns nach einiger Zeit auf den R\u00fcckweg begeben.<\/p>\n\n\n\n<div class=\"wp-block-columns is-layout-flex wp-container-core-columns-is-layout-9d6595d7 wp-block-columns-is-layout-flex\">\n<div class=\"wp-block-column is-layout-flow wp-block-column-is-layout-flow\">\n<div class=\"wp-block-image\"><figure class=\"aligncenter size-large\"><a href=\"https:\/\/www.guhalg.com\/wordpress\/wp-content\/uploads\/Reisen\/Madagaskar\/Strand\/Kannenpflanzen1.jpg\"><img loading=\"lazy\" decoding=\"async\" width=\"1024\" height=\"575\" src=\"https:\/\/www.guhalg.com\/wordpress\/wp-content\/uploads\/Reisen\/Madagaskar\/Strand\/Kannenpflanzen1-1024x575.jpg\" alt=\"Kannenpflanzen\" class=\"wp-image-348\" srcset=\"https:\/\/www.guhalg.com\/wordpress\/wp-content\/uploads\/Reisen\/Madagaskar\/Strand\/Kannenpflanzen1-1024x575.jpg 1024w, https:\/\/www.guhalg.com\/wordpress\/wp-content\/uploads\/Reisen\/Madagaskar\/Strand\/Kannenpflanzen1-300x169.jpg 300w, https:\/\/www.guhalg.com\/wordpress\/wp-content\/uploads\/Reisen\/Madagaskar\/Strand\/Kannenpflanzen1-768x432.jpg 768w, https:\/\/www.guhalg.com\/wordpress\/wp-content\/uploads\/Reisen\/Madagaskar\/Strand\/Kannenpflanzen1-1536x863.jpg 1536w, https:\/\/www.guhalg.com\/wordpress\/wp-content\/uploads\/Reisen\/Madagaskar\/Strand\/Kannenpflanzen1.jpg 1920w\" sizes=\"auto, (max-width: 1024px) 100vw, 1024px\" \/><\/a><figcaption>Kannenpflanzen<\/figcaption><\/figure><\/div>\n<\/div>\n\n\n\n<div class=\"wp-block-column is-layout-flow wp-block-column-is-layout-flow\">\n<div class=\"wp-block-image\"><figure class=\"aligncenter size-large\"><a href=\"https:\/\/www.guhalg.com\/wordpress\/wp-content\/uploads\/Reisen\/Madagaskar\/Strand\/Kannenpflanzen2.jpg\"><img loading=\"lazy\" decoding=\"async\" width=\"1024\" height=\"575\" src=\"https:\/\/www.guhalg.com\/wordpress\/wp-content\/uploads\/Reisen\/Madagaskar\/Strand\/Kannenpflanzen2-1024x575.jpg\" alt=\"Kannenpflanzen\" class=\"wp-image-349\" srcset=\"https:\/\/www.guhalg.com\/wordpress\/wp-content\/uploads\/Reisen\/Madagaskar\/Strand\/Kannenpflanzen2-1024x575.jpg 1024w, https:\/\/www.guhalg.com\/wordpress\/wp-content\/uploads\/Reisen\/Madagaskar\/Strand\/Kannenpflanzen2-300x169.jpg 300w, https:\/\/www.guhalg.com\/wordpress\/wp-content\/uploads\/Reisen\/Madagaskar\/Strand\/Kannenpflanzen2-768x432.jpg 768w, https:\/\/www.guhalg.com\/wordpress\/wp-content\/uploads\/Reisen\/Madagaskar\/Strand\/Kannenpflanzen2-1536x863.jpg 1536w, https:\/\/www.guhalg.com\/wordpress\/wp-content\/uploads\/Reisen\/Madagaskar\/Strand\/Kannenpflanzen2.jpg 1920w\" sizes=\"auto, (max-width: 1024px) 100vw, 1024px\" \/><\/a><figcaption>Kannenpflanzen<\/figcaption><\/figure><\/div>\n<\/div>\n<\/div>\n\n\n\n<p>Zum kr\u00f6nenden Abschluss des Tages haben uns im Resort die Sifakas erwartet, die wir im Reservat nicht mehr gefunden haben. Zu unserer Freude haben Sie sich auch noch am Boden fortbewegt. Sie haben da n\u00e4mlich eine springende, ja fast tanzende, Methode mit bis zu 10\u00a0m langen Spr\u00fcngen. Gut bei uns waren es vielleicht 1\u20132\u00a0m, aber schon sehr beeindruckend. Auch diese Lemuren haben sich mit den Menschen arrangiert und nehmen gerne kleine Leckerbissen.<\/p>\n\n\n\n<p>So ging denn dieser Tag irgendwo im Nichts zu Ende und wir wollten fr\u00fch schlafen gehen, da am n\u00e4chsten Tag die Weiterreise zur Hafenstadt Toamasina anstand. Nach den beiden Bildern von den Sifakas geht es auf der n\u00e4chsten Seite weiter, und zwar etwas anders als geplant.<\/p>\n\n\n\n<div class=\"wp-block-columns is-layout-flex wp-container-core-columns-is-layout-9d6595d7 wp-block-columns-is-layout-flex\">\n<div class=\"wp-block-column is-layout-flow wp-block-column-is-layout-flow\">\n<div class=\"wp-block-image\"><figure class=\"aligncenter size-large\"><img loading=\"lazy\" decoding=\"async\" width=\"1024\" height=\"575\" src=\"https:\/\/www.guhalg.com\/wordpress\/wp-content\/uploads\/Reisen\/Madagaskar\/Strand\/Sifaka1-1024x575.jpg\" alt=\"Sifaka\" class=\"wp-image-350\" srcset=\"https:\/\/www.guhalg.com\/wordpress\/wp-content\/uploads\/Reisen\/Madagaskar\/Strand\/Sifaka1-1024x575.jpg 1024w, https:\/\/www.guhalg.com\/wordpress\/wp-content\/uploads\/Reisen\/Madagaskar\/Strand\/Sifaka1-300x169.jpg 300w, https:\/\/www.guhalg.com\/wordpress\/wp-content\/uploads\/Reisen\/Madagaskar\/Strand\/Sifaka1-768x432.jpg 768w, https:\/\/www.guhalg.com\/wordpress\/wp-content\/uploads\/Reisen\/Madagaskar\/Strand\/Sifaka1-1536x863.jpg 1536w, https:\/\/www.guhalg.com\/wordpress\/wp-content\/uploads\/Reisen\/Madagaskar\/Strand\/Sifaka1.jpg 1920w\" sizes=\"auto, (max-width: 1024px) 100vw, 1024px\" \/><figcaption>Sifaka<\/figcaption><\/figure><\/div>\n<\/div>\n\n\n\n<div class=\"wp-block-column is-layout-flow wp-block-column-is-layout-flow\">\n<div class=\"wp-block-image\"><figure class=\"aligncenter size-large\"><img loading=\"lazy\" decoding=\"async\" width=\"1024\" height=\"575\" src=\"https:\/\/www.guhalg.com\/wordpress\/wp-content\/uploads\/Reisen\/Madagaskar\/Strand\/Sifaka2-1024x575.jpg\" alt=\"Sifaka\" class=\"wp-image-351\" srcset=\"https:\/\/www.guhalg.com\/wordpress\/wp-content\/uploads\/Reisen\/Madagaskar\/Strand\/Sifaka2-1024x575.jpg 1024w, https:\/\/www.guhalg.com\/wordpress\/wp-content\/uploads\/Reisen\/Madagaskar\/Strand\/Sifaka2-300x169.jpg 300w, https:\/\/www.guhalg.com\/wordpress\/wp-content\/uploads\/Reisen\/Madagaskar\/Strand\/Sifaka2-768x432.jpg 768w, https:\/\/www.guhalg.com\/wordpress\/wp-content\/uploads\/Reisen\/Madagaskar\/Strand\/Sifaka2-1536x863.jpg 1536w, https:\/\/www.guhalg.com\/wordpress\/wp-content\/uploads\/Reisen\/Madagaskar\/Strand\/Sifaka2.jpg 1920w\" sizes=\"auto, (max-width: 1024px) 100vw, 1024px\" \/><figcaption>Sifaka<\/figcaption><\/figure><\/div>\n<\/div>\n<\/div>\n\n\n\n<div class=\"wp-block-columns is-layout-flex wp-container-core-columns-is-layout-9d6595d7 wp-block-columns-is-layout-flex\">\n<div class=\"wp-block-column is-layout-flow wp-block-column-is-layout-flow\"><\/div>\n<\/div>\n\n\n\n<div class=\"wp-block-columns is-layout-flex wp-container-core-columns-is-layout-9d6595d7 wp-block-columns-is-layout-flex\">\n<div class=\"wp-block-column is-layout-flow wp-block-column-is-layout-flow\">\n<div class=\"wp-block-buttons is-layout-flex wp-block-buttons-is-layout-flex\">\n<div class=\"wp-block-button\"><a class=\"wp-block-button__link\" href=\"https:\/\/www.guhalg.com\/wordpress\/?page_id=322\">Im Regenwald<\/a><\/div>\n<\/div>\n<\/div>\n\n\n\n<div class=\"wp-block-column is-layout-flow wp-block-column-is-layout-flow\">\n<div class=\"wp-block-buttons is-horizontal is-content-justification-right is-layout-flex wp-container-core-buttons-is-layout-ae2fe186 wp-block-buttons-is-layout-flex\">\n<div class=\"wp-block-button\"><a class=\"wp-block-button__link\" href=\"https:\/\/www.guhalg.com\/wordpress\/?page_id=367\">Folklore<\/a><\/div>\n<\/div>\n<\/div>\n<\/div>\n\n\n\n<p><\/p>\n","protected":false},"excerpt":{"rendered":"<p>F\u00fcr den n\u00e4chsten Tag war ein ausgiebiger Spaziergang mit Guide durch das Naturschutzgebiet Palmarium, Ankanin&#8217;ny Nofy geplant. Gestartet wurde aber mit einem ausgiebigen Fr\u00fchst\u00fcck. Und hier haben wir das beste Baguette des Urlaubs bekommen. Die Lodge liegt so abseits der&hellip; <\/p>\n","protected":false},"author":1,"featured_media":0,"parent":279,"menu_order":0,"comment_status":"closed","ping_status":"closed","template":"","meta":{"footnotes":""},"class_list":["post-333","page","type-page","status-publish","hentry"],"_links":{"self":[{"href":"https:\/\/www.guhalg.com\/wordpress\/index.php?rest_route=\/wp\/v2\/pages\/333","targetHints":{"allow":["GET"]}}],"collection":[{"href":"https:\/\/www.guhalg.com\/wordpress\/index.php?rest_route=\/wp\/v2\/pages"}],"about":[{"href":"https:\/\/www.guhalg.com\/wordpress\/index.php?rest_route=\/wp\/v2\/types\/page"}],"author":[{"embeddable":true,"href":"https:\/\/www.guhalg.com\/wordpress\/index.php?rest_route=\/wp\/v2\/users\/1"}],"replies":[{"embeddable":true,"href":"https:\/\/www.guhalg.com\/wordpress\/index.php?rest_route=%2Fwp%2Fv2%2Fcomments&post=333"}],"version-history":[{"count":13,"href":"https:\/\/www.guhalg.com\/wordpress\/index.php?rest_route=\/wp\/v2\/pages\/333\/revisions"}],"predecessor-version":[{"id":7855,"href":"https:\/\/www.guhalg.com\/wordpress\/index.php?rest_route=\/wp\/v2\/pages\/333\/revisions\/7855"}],"up":[{"embeddable":true,"href":"https:\/\/www.guhalg.com\/wordpress\/index.php?rest_route=\/wp\/v2\/pages\/279"}],"wp:attachment":[{"href":"https:\/\/www.guhalg.com\/wordpress\/index.php?rest_route=%2Fwp%2Fv2%2Fmedia&parent=333"}],"curies":[{"name":"wp","href":"https:\/\/api.w.org\/{rel}","templated":true}]}}