{"id":3336,"date":"2021-11-26T23:22:26","date_gmt":"2021-11-26T22:22:26","guid":{"rendered":"https:\/\/www.guhalg.com\/wordpress\/?page_id=3336"},"modified":"2021-11-27T17:10:15","modified_gmt":"2021-11-27T16:10:15","slug":"weiterreise-nach-leythe","status":"publish","type":"page","link":"https:\/\/www.guhalg.com\/wordpress\/?page_id=3336","title":{"rendered":"Weiterreise nach Leythe"},"content":{"rendered":"\n<p>Am n\u00e4chsten Tag ging es nach dem Fr\u00fchst\u00fcck weiter. Also erstmal anstellen zur F\u00e4hre,<\/p>\n\n\n\n<div class=\"wp-block-columns is-layout-flex wp-container-core-columns-is-layout-9d6595d7 wp-block-columns-is-layout-flex\">\n<div class=\"wp-block-column is-layout-flow wp-block-column-is-layout-flow\">\n<div class=\"wp-block-image\"><figure class=\"aligncenter size-full\"><a href=\"https:\/\/www.guhalg.com\/wordpress\/wp-content\/uploads\/Reisen\/Philippinen2007\/Reise\/IMG_8103.jpg\"><img loading=\"lazy\" decoding=\"async\" width=\"800\" height=\"600\" src=\"https:\/\/www.guhalg.com\/wordpress\/wp-content\/uploads\/Reisen\/Philippinen2007\/Reise\/IMG_8103.jpg\" alt=\"Anstellen zur F\u00e4hre\" class=\"wp-image-3302\" srcset=\"https:\/\/www.guhalg.com\/wordpress\/wp-content\/uploads\/Reisen\/Philippinen2007\/Reise\/IMG_8103.jpg 800w, https:\/\/www.guhalg.com\/wordpress\/wp-content\/uploads\/Reisen\/Philippinen2007\/Reise\/IMG_8103-300x225.jpg 300w, https:\/\/www.guhalg.com\/wordpress\/wp-content\/uploads\/Reisen\/Philippinen2007\/Reise\/IMG_8103-768x576.jpg 768w\" sizes=\"auto, (max-width: 800px) 100vw, 800px\" \/><\/a><figcaption>Anstellen zur F\u00e4hre<\/figcaption><\/figure><\/div>\n<\/div>\n\n\n\n<div class=\"wp-block-column is-layout-flow wp-block-column-is-layout-flow\">\n<div class=\"wp-block-image\"><figure class=\"aligncenter size-full\"><a href=\"https:\/\/www.guhalg.com\/wordpress\/wp-content\/uploads\/Reisen\/Philippinen2007\/Reise\/IMG_8104.jpg\"><img loading=\"lazy\" decoding=\"async\" width=\"800\" height=\"600\" src=\"https:\/\/www.guhalg.com\/wordpress\/wp-content\/uploads\/Reisen\/Philippinen2007\/Reise\/IMG_8104.jpg\" alt=\"Anstellen zur F\u00e4hre\" class=\"wp-image-3303\" srcset=\"https:\/\/www.guhalg.com\/wordpress\/wp-content\/uploads\/Reisen\/Philippinen2007\/Reise\/IMG_8104.jpg 800w, https:\/\/www.guhalg.com\/wordpress\/wp-content\/uploads\/Reisen\/Philippinen2007\/Reise\/IMG_8104-300x225.jpg 300w, https:\/\/www.guhalg.com\/wordpress\/wp-content\/uploads\/Reisen\/Philippinen2007\/Reise\/IMG_8104-768x576.jpg 768w\" sizes=\"auto, (max-width: 800px) 100vw, 800px\" \/><\/a><figcaption>Anstellen zur F\u00e4hre<\/figcaption><\/figure><\/div>\n<\/div>\n<\/div>\n\n\n\n<p>sich \u00fcber die augenscheinlich kleine F\u00e4hre wundern<\/p>\n\n\n\n<div class=\"wp-block-image\"><figure class=\"aligncenter size-full\"><a href=\"https:\/\/www.guhalg.com\/wordpress\/wp-content\/uploads\/Reisen\/Philippinen2007\/Reise\/IMG_8105.jpg\"><img loading=\"lazy\" decoding=\"async\" width=\"800\" height=\"600\" src=\"https:\/\/www.guhalg.com\/wordpress\/wp-content\/uploads\/Reisen\/Philippinen2007\/Reise\/IMG_8105.jpg\" alt=\"Die F\u00e4hre\" class=\"wp-image-3304\" srcset=\"https:\/\/www.guhalg.com\/wordpress\/wp-content\/uploads\/Reisen\/Philippinen2007\/Reise\/IMG_8105.jpg 800w, https:\/\/www.guhalg.com\/wordpress\/wp-content\/uploads\/Reisen\/Philippinen2007\/Reise\/IMG_8105-300x225.jpg 300w, https:\/\/www.guhalg.com\/wordpress\/wp-content\/uploads\/Reisen\/Philippinen2007\/Reise\/IMG_8105-768x576.jpg 768w\" sizes=\"auto, (max-width: 800px) 100vw, 800px\" \/><\/a><figcaption>Die F\u00e4hre<\/figcaption><\/figure><\/div>\n\n\n\n<p>dort das Gep\u00e4ck verstauen,<\/p>\n\n\n\n<div class=\"wp-block-columns is-layout-flex wp-container-core-columns-is-layout-9d6595d7 wp-block-columns-is-layout-flex\">\n<div class=\"wp-block-column is-layout-flow wp-block-column-is-layout-flow\">\n<figure class=\"wp-block-image size-full\"><img loading=\"lazy\" decoding=\"async\" width=\"800\" height=\"600\" src=\"https:\/\/www.guhalg.com\/wordpress\/wp-content\/uploads\/Reisen\/Philippinen2007\/Reise\/IMG_8106.jpg\" alt=\"Gep\u00e4ckverladung\" class=\"wp-image-3305\" srcset=\"https:\/\/www.guhalg.com\/wordpress\/wp-content\/uploads\/Reisen\/Philippinen2007\/Reise\/IMG_8106.jpg 800w, https:\/\/www.guhalg.com\/wordpress\/wp-content\/uploads\/Reisen\/Philippinen2007\/Reise\/IMG_8106-300x225.jpg 300w, https:\/\/www.guhalg.com\/wordpress\/wp-content\/uploads\/Reisen\/Philippinen2007\/Reise\/IMG_8106-768x576.jpg 768w\" sizes=\"auto, (max-width: 800px) 100vw, 800px\" \/><figcaption>Gep\u00e4ckverladung<\/figcaption><\/figure>\n<\/div>\n\n\n\n<div class=\"wp-block-column is-layout-flow wp-block-column-is-layout-flow\">\n<div class=\"wp-block-image\"><figure class=\"aligncenter size-full\"><a href=\"https:\/\/www.guhalg.com\/wordpress\/wp-content\/uploads\/Reisen\/Philippinen2007\/Reise\/IMG_8111.jpg\"><img loading=\"lazy\" decoding=\"async\" width=\"800\" height=\"600\" src=\"https:\/\/www.guhalg.com\/wordpress\/wp-content\/uploads\/Reisen\/Philippinen2007\/Reise\/IMG_8111.jpg\" alt=\"Gep\u00e4ckverladung\" class=\"wp-image-3306\" srcset=\"https:\/\/www.guhalg.com\/wordpress\/wp-content\/uploads\/Reisen\/Philippinen2007\/Reise\/IMG_8111.jpg 800w, https:\/\/www.guhalg.com\/wordpress\/wp-content\/uploads\/Reisen\/Philippinen2007\/Reise\/IMG_8111-300x225.jpg 300w, https:\/\/www.guhalg.com\/wordpress\/wp-content\/uploads\/Reisen\/Philippinen2007\/Reise\/IMG_8111-768x576.jpg 768w\" sizes=\"auto, (max-width: 800px) 100vw, 800px\" \/><\/a><figcaption>Gep\u00e4ckverladung<\/figcaption><\/figure><\/div>\n<\/div>\n<\/div>\n\n\n\n<p>Sitzplatz unter Deck einnehmen und sich \u00fcber die gelungene Organisation freuen<\/p>\n\n\n\n<div class=\"wp-block-columns is-layout-flex wp-container-core-columns-is-layout-9d6595d7 wp-block-columns-is-layout-flex\">\n<div class=\"wp-block-column is-layout-flow wp-block-column-is-layout-flow\">\n<div class=\"wp-block-image\"><figure class=\"aligncenter size-full\"><a href=\"https:\/\/www.guhalg.com\/wordpress\/wp-content\/uploads\/Reisen\/Philippinen2007\/Reise\/IMG_8114.jpg\"><img loading=\"lazy\" decoding=\"async\" width=\"800\" height=\"600\" src=\"https:\/\/www.guhalg.com\/wordpress\/wp-content\/uploads\/Reisen\/Philippinen2007\/Reise\/IMG_8114.jpg\" alt=\"Unter Deck\" class=\"wp-image-3307\" srcset=\"https:\/\/www.guhalg.com\/wordpress\/wp-content\/uploads\/Reisen\/Philippinen2007\/Reise\/IMG_8114.jpg 800w, https:\/\/www.guhalg.com\/wordpress\/wp-content\/uploads\/Reisen\/Philippinen2007\/Reise\/IMG_8114-300x225.jpg 300w, https:\/\/www.guhalg.com\/wordpress\/wp-content\/uploads\/Reisen\/Philippinen2007\/Reise\/IMG_8114-768x576.jpg 768w\" sizes=\"auto, (max-width: 800px) 100vw, 800px\" \/><\/a><figcaption>Unter Deck<\/figcaption><\/figure><\/div>\n<\/div>\n\n\n\n<div class=\"wp-block-column is-layout-flow wp-block-column-is-layout-flow\">\n<div class=\"wp-block-image\"><figure class=\"aligncenter size-full\"><a href=\"https:\/\/www.guhalg.com\/wordpress\/wp-content\/uploads\/Reisen\/Philippinen2007\/Reise\/IMG_8118.jpg\"><img loading=\"lazy\" decoding=\"async\" width=\"800\" height=\"600\" src=\"https:\/\/www.guhalg.com\/wordpress\/wp-content\/uploads\/Reisen\/Philippinen2007\/Reise\/IMG_8118.jpg\" alt=\"Claudia\" class=\"wp-image-3308\" srcset=\"https:\/\/www.guhalg.com\/wordpress\/wp-content\/uploads\/Reisen\/Philippinen2007\/Reise\/IMG_8118.jpg 800w, https:\/\/www.guhalg.com\/wordpress\/wp-content\/uploads\/Reisen\/Philippinen2007\/Reise\/IMG_8118-300x225.jpg 300w, https:\/\/www.guhalg.com\/wordpress\/wp-content\/uploads\/Reisen\/Philippinen2007\/Reise\/IMG_8118-768x576.jpg 768w\" sizes=\"auto, (max-width: 800px) 100vw, 800px\" \/><\/a><figcaption>Claudia<\/figcaption><\/figure><\/div>\n<\/div>\n<\/div>\n\n\n\n<p>und einfach entspannen. <\/p>\n\n\n\n<div class=\"wp-block-image\"><figure class=\"aligncenter size-full\"><a href=\"https:\/\/www.guhalg.com\/wordpress\/wp-content\/uploads\/Reisen\/Philippinen2007\/Reise\/IMG_8121.jpg\"><img loading=\"lazy\" decoding=\"async\" width=\"800\" height=\"600\" src=\"https:\/\/www.guhalg.com\/wordpress\/wp-content\/uploads\/Reisen\/Philippinen2007\/Reise\/IMG_8121.jpg\" alt=\"Entspannung\" class=\"wp-image-3309\" srcset=\"https:\/\/www.guhalg.com\/wordpress\/wp-content\/uploads\/Reisen\/Philippinen2007\/Reise\/IMG_8121.jpg 800w, https:\/\/www.guhalg.com\/wordpress\/wp-content\/uploads\/Reisen\/Philippinen2007\/Reise\/IMG_8121-300x225.jpg 300w, https:\/\/www.guhalg.com\/wordpress\/wp-content\/uploads\/Reisen\/Philippinen2007\/Reise\/IMG_8121-768x576.jpg 768w\" sizes=\"auto, (max-width: 800px) 100vw, 800px\" \/><\/a><figcaption>Entspannung<\/figcaption><\/figure><\/div>\n\n\n\n<p>Tja, und nach der F\u00e4hre wurden wir abends noch per Kleinbus weitertransportiert bis wir unsere Unterkunft beziehen konnten. Die Anreise war schon eine Herausforderung &#8211; zeitlich wie strapazi\u00f6s. Die Unterkunft vor Ort, die Lage und der Ausblick waen es wert und am n\u00e4chsten Tag ging es endlich mit dem Tauchen los. <\/p>\n\n\n\n<div class=\"wp-block-image\"><figure class=\"aligncenter size-full\"><a href=\"https:\/\/www.guhalg.com\/wordpress\/wp-content\/uploads\/Reisen\/Philippinen2007\/Reise\/IMG_8164.jpg\"><img loading=\"lazy\" decoding=\"async\" width=\"800\" height=\"600\" src=\"https:\/\/www.guhalg.com\/wordpress\/wp-content\/uploads\/Reisen\/Philippinen2007\/Reise\/IMG_8164.jpg\" alt=\"Das Resort\" class=\"wp-image-3310\" srcset=\"https:\/\/www.guhalg.com\/wordpress\/wp-content\/uploads\/Reisen\/Philippinen2007\/Reise\/IMG_8164.jpg 800w, https:\/\/www.guhalg.com\/wordpress\/wp-content\/uploads\/Reisen\/Philippinen2007\/Reise\/IMG_8164-300x225.jpg 300w, https:\/\/www.guhalg.com\/wordpress\/wp-content\/uploads\/Reisen\/Philippinen2007\/Reise\/IMG_8164-768x576.jpg 768w\" sizes=\"auto, (max-width: 800px) 100vw, 800px\" \/><\/a><figcaption>Das Resort<\/figcaption><\/figure><\/div>\n\n\n\n<div class=\"wp-block-columns is-layout-flex wp-container-core-columns-is-layout-9d6595d7 wp-block-columns-is-layout-flex\">\n<div class=\"wp-block-column is-layout-flow wp-block-column-is-layout-flow\">\n<div class=\"wp-block-buttons is-layout-flex wp-block-buttons-is-layout-flex\">\n<div class=\"wp-block-button\"><a class=\"wp-block-button__link\" href=\"https:\/\/www.guhalg.com\/wordpress\/?page_id=3330\">Anreise nach Cebu<\/a><\/div>\n<\/div>\n<\/div>\n\n\n\n<div class=\"wp-block-column is-layout-flow wp-block-column-is-layout-flow\">\n<div class=\"wp-block-buttons is-content-justification-right is-layout-flex wp-block-buttons-is-layout-flex\">\n<div class=\"wp-block-button\"><a class=\"wp-block-button__link\" href=\"https:\/\/www.guhalg.com\/wordpress\/?page_id=3379\">Leythe<\/a><\/div>\n<\/div>\n<\/div>\n<\/div>\n","protected":false},"excerpt":{"rendered":"<p>Am n\u00e4chsten Tag ging es nach dem Fr\u00fchst\u00fcck weiter. Also erstmal anstellen zur F\u00e4hre, sich \u00fcber die augenscheinlich kleine F\u00e4hre wundern dort das Gep\u00e4ck verstauen, Sitzplatz unter Deck einnehmen und sich \u00fcber die gelungene Organisation freuen und einfach entspannen. Tja,&hellip; <\/p>\n","protected":false},"author":1,"featured_media":0,"parent":3277,"menu_order":2,"comment_status":"closed","ping_status":"closed","template":"","meta":{"footnotes":""},"class_list":["post-3336","page","type-page","status-publish","hentry"],"_links":{"self":[{"href":"https:\/\/www.guhalg.com\/wordpress\/index.php?rest_route=\/wp\/v2\/pages\/3336","targetHints":{"allow":["GET"]}}],"collection":[{"href":"https:\/\/www.guhalg.com\/wordpress\/index.php?rest_route=\/wp\/v2\/pages"}],"about":[{"href":"https:\/\/www.guhalg.com\/wordpress\/index.php?rest_route=\/wp\/v2\/types\/page"}],"author":[{"embeddable":true,"href":"https:\/\/www.guhalg.com\/wordpress\/index.php?rest_route=\/wp\/v2\/users\/1"}],"replies":[{"embeddable":true,"href":"https:\/\/www.guhalg.com\/wordpress\/index.php?rest_route=%2Fwp%2Fv2%2Fcomments&post=3336"}],"version-history":[{"count":6,"href":"https:\/\/www.guhalg.com\/wordpress\/index.php?rest_route=\/wp\/v2\/pages\/3336\/revisions"}],"predecessor-version":[{"id":3382,"href":"https:\/\/www.guhalg.com\/wordpress\/index.php?rest_route=\/wp\/v2\/pages\/3336\/revisions\/3382"}],"up":[{"embeddable":true,"href":"https:\/\/www.guhalg.com\/wordpress\/index.php?rest_route=\/wp\/v2\/pages\/3277"}],"wp:attachment":[{"href":"https:\/\/www.guhalg.com\/wordpress\/index.php?rest_route=%2Fwp%2Fv2%2Fmedia&parent=3336"}],"curies":[{"name":"wp","href":"https:\/\/api.w.org\/{rel}","templated":true}]}}