{"id":3379,"date":"2021-11-27T17:09:40","date_gmt":"2021-11-27T16:09:40","guid":{"rendered":"https:\/\/www.guhalg.com\/wordpress\/?page_id=3379"},"modified":"2021-11-27T19:45:58","modified_gmt":"2021-11-27T18:45:58","slug":"leythe","status":"publish","type":"page","link":"https:\/\/www.guhalg.com\/wordpress\/?page_id=3379","title":{"rendered":"Leythe"},"content":{"rendered":"\n<p>Unsere Unterkunft war direkt an unserer Tauchbasis angegliedert. Im Sogod Bay Scuba Resort gab es ein gro\u00dfes Haupthaus und ein angegliedertes Nebenhaus mit den einzelnen Zimmern und einer gemeinsamen Terasse. Das Ganze eingebettet in die Natur und direkt am Strand.<\/p>\n\n\n\n<div class=\"wp-block-image\"><figure class=\"aligncenter size-full\"><a href=\"https:\/\/www.guhalg.com\/wordpress\/wp-content\/uploads\/Reisen\/Philippinen2007\/Reise\/IMG_8249.jpg\"><img loading=\"lazy\" decoding=\"async\" width=\"800\" height=\"600\" src=\"https:\/\/www.guhalg.com\/wordpress\/wp-content\/uploads\/Reisen\/Philippinen2007\/Reise\/IMG_8249.jpg\" alt=\"Haupthaus\" class=\"wp-image-3387\" srcset=\"https:\/\/www.guhalg.com\/wordpress\/wp-content\/uploads\/Reisen\/Philippinen2007\/Reise\/IMG_8249.jpg 800w, https:\/\/www.guhalg.com\/wordpress\/wp-content\/uploads\/Reisen\/Philippinen2007\/Reise\/IMG_8249-300x225.jpg 300w, https:\/\/www.guhalg.com\/wordpress\/wp-content\/uploads\/Reisen\/Philippinen2007\/Reise\/IMG_8249-768x576.jpg 768w\" sizes=\"auto, (max-width: 800px) 100vw, 800px\" \/><\/a><figcaption>Haupthaus<\/figcaption><\/figure><\/div>\n\n\n\n<div class=\"wp-block-image\"><figure class=\"aligncenter size-full\"><a href=\"https:\/\/www.guhalg.com\/wordpress\/wp-content\/uploads\/Reisen\/Philippinen2007\/Reise\/CIMG1152.jpg\"><img loading=\"lazy\" decoding=\"async\" width=\"800\" height=\"532\" src=\"https:\/\/www.guhalg.com\/wordpress\/wp-content\/uploads\/Reisen\/Philippinen2007\/Reise\/CIMG1152.jpg\" alt=\"Gemeinsame Terasse\" class=\"wp-image-3386\" srcset=\"https:\/\/www.guhalg.com\/wordpress\/wp-content\/uploads\/Reisen\/Philippinen2007\/Reise\/CIMG1152.jpg 800w, https:\/\/www.guhalg.com\/wordpress\/wp-content\/uploads\/Reisen\/Philippinen2007\/Reise\/CIMG1152-300x200.jpg 300w, https:\/\/www.guhalg.com\/wordpress\/wp-content\/uploads\/Reisen\/Philippinen2007\/Reise\/CIMG1152-768x511.jpg 768w\" sizes=\"auto, (max-width: 800px) 100vw, 800px\" \/><\/a><figcaption>Gemeinsame Terasse<\/figcaption><\/figure><\/div>\n\n\n\n<div class=\"wp-block-columns is-layout-flex wp-container-core-columns-is-layout-9d6595d7 wp-block-columns-is-layout-flex\">\n<div class=\"wp-block-column is-layout-flow wp-block-column-is-layout-flow\">\n<p>Treffpunkt morgens war immer im Restaurant beim Fr\u00fchst\u00fcck, aber zum Tagesausklang bei einem Bier oder Glas Wein haben wir uns immer auf der Terasse getroffen.<\/p>\n\n\n\n<p>Da wir nicht jeden Abend zum Nachttauchgang rausgefahren sind, konnten wir Nachmittags immer noch ein wenig die Umgebung erkunden. Das kleine St\u00e4dchen war nicht weit weg und die Natur direkt vor der T\u00fcr. Von \u00e4lteren einfachen Holzh\u00e4usern, zweist\u00f6ckige Steinbauten, einfache Gottesh\u00e4user aber auch Kirchen im westlichen Stil bis hin zu einer kleinen Schule, es gab viel zu entdecken. EInige der Bilder haben wir zusammengestellt: <a href=\"https:\/\/www.guhalg.com\/wordpress\/?page_id=3388\" data-type=\"page\" data-id=\"3388\">Leythe<\/a><\/p>\n\n\n\n<p>Ein wichtiger Punkt ist nat\u00fcrlich das Essen. Die Tische waren immer nett gedeckt und zahlreiche gute Geister haben uns mit leckeren Gerichten versorgt.<\/p>\n<\/div>\n<\/div>\n\n\n\n<div class=\"wp-block-columns is-layout-flex wp-container-core-columns-is-layout-9d6595d7 wp-block-columns-is-layout-flex\">\n<div class=\"wp-block-column is-layout-flow wp-block-column-is-layout-flow\">\n<div class=\"wp-block-image\"><figure class=\"aligncenter size-large\"><a href=\"https:\/\/www.guhalg.com\/wordpress\/wp-content\/uploads\/Reisen\/Philippinen2007\/Reise\/IMG_8258.JPG\"><img loading=\"lazy\" decoding=\"async\" width=\"1024\" height=\"768\" src=\"https:\/\/www.guhalg.com\/wordpress\/wp-content\/uploads\/Reisen\/Philippinen2007\/Reise\/IMG_8258-1024x768.jpg\" alt=\"Service\" class=\"wp-image-3427\" srcset=\"https:\/\/www.guhalg.com\/wordpress\/wp-content\/uploads\/Reisen\/Philippinen2007\/Reise\/IMG_8258-1024x768.jpg 1024w, https:\/\/www.guhalg.com\/wordpress\/wp-content\/uploads\/Reisen\/Philippinen2007\/Reise\/IMG_8258-300x225.jpg 300w, https:\/\/www.guhalg.com\/wordpress\/wp-content\/uploads\/Reisen\/Philippinen2007\/Reise\/IMG_8258-768x576.jpg 768w, https:\/\/www.guhalg.com\/wordpress\/wp-content\/uploads\/Reisen\/Philippinen2007\/Reise\/IMG_8258-1536x1152.jpg 1536w, https:\/\/www.guhalg.com\/wordpress\/wp-content\/uploads\/Reisen\/Philippinen2007\/Reise\/IMG_8258-2048x1536.jpg 2048w\" sizes=\"auto, (max-width: 1024px) 100vw, 1024px\" \/><\/a><figcaption>Service<\/figcaption><\/figure><\/div>\n<\/div>\n\n\n\n<div class=\"wp-block-column is-layout-flow wp-block-column-is-layout-flow\">\n<div class=\"wp-block-image\"><figure class=\"aligncenter size-large\"><a href=\"https:\/\/www.guhalg.com\/wordpress\/wp-content\/uploads\/Reisen\/Philippinen2007\/Reise\/IMG_8260.JPG\"><img loading=\"lazy\" decoding=\"async\" width=\"1024\" height=\"768\" src=\"https:\/\/www.guhalg.com\/wordpress\/wp-content\/uploads\/Reisen\/Philippinen2007\/Reise\/IMG_8260-1024x768.jpg\" alt=\"Gedeckter Tisch\" class=\"wp-image-3428\" srcset=\"https:\/\/www.guhalg.com\/wordpress\/wp-content\/uploads\/Reisen\/Philippinen2007\/Reise\/IMG_8260-1024x768.jpg 1024w, https:\/\/www.guhalg.com\/wordpress\/wp-content\/uploads\/Reisen\/Philippinen2007\/Reise\/IMG_8260-300x225.jpg 300w, https:\/\/www.guhalg.com\/wordpress\/wp-content\/uploads\/Reisen\/Philippinen2007\/Reise\/IMG_8260-768x576.jpg 768w, https:\/\/www.guhalg.com\/wordpress\/wp-content\/uploads\/Reisen\/Philippinen2007\/Reise\/IMG_8260-1536x1152.jpg 1536w, https:\/\/www.guhalg.com\/wordpress\/wp-content\/uploads\/Reisen\/Philippinen2007\/Reise\/IMG_8260-2048x1536.jpg 2048w\" sizes=\"auto, (max-width: 1024px) 100vw, 1024px\" \/><\/a><figcaption>Gedeckter Tisch<\/figcaption><\/figure><\/div>\n<\/div>\n<\/div>\n\n\n\n<p>Aber die Zeit vergeht wie immer viel zu schnell und wir mussten uns wieder auf die Reise begeben.<\/p>\n\n\n\n<div class=\"wp-block-columns is-layout-flex wp-container-core-columns-is-layout-9d6595d7 wp-block-columns-is-layout-flex\">\n<div class=\"wp-block-column is-layout-flow wp-block-column-is-layout-flow\">\n<div class=\"wp-block-buttons is-layout-flex wp-block-buttons-is-layout-flex\">\n<div class=\"wp-block-button\"><a class=\"wp-block-button__link\" href=\"https:\/\/www.guhalg.com\/wordpress\/?page_id=3336\">Weiterreise nach Leythe<\/a><\/div>\n<\/div>\n<\/div>\n\n\n\n<div class=\"wp-block-column is-layout-flow wp-block-column-is-layout-flow\">\n<div class=\"wp-block-buttons is-content-justification-right is-layout-flex wp-block-buttons-is-layout-flex\">\n<div class=\"wp-block-button\"><a class=\"wp-block-button__link\" href=\"https:\/\/www.guhalg.com\/wordpress\/?page_id=3349\">R\u00fcckreise nach Cebu<\/a><\/div>\n<\/div>\n<\/div>\n<\/div>\n","protected":false},"excerpt":{"rendered":"<p>Unsere Unterkunft war direkt an unserer Tauchbasis angegliedert. Im Sogod Bay Scuba Resort gab es ein gro\u00dfes Haupthaus und ein angegliedertes Nebenhaus mit den einzelnen Zimmern und einer gemeinsamen Terasse. Das Ganze eingebettet in die Natur und direkt am Strand.&hellip; <\/p>\n","protected":false},"author":1,"featured_media":0,"parent":3277,"menu_order":3,"comment_status":"closed","ping_status":"closed","template":"","meta":{"footnotes":""},"class_list":["post-3379","page","type-page","status-publish","hentry"],"_links":{"self":[{"href":"https:\/\/www.guhalg.com\/wordpress\/index.php?rest_route=\/wp\/v2\/pages\/3379","targetHints":{"allow":["GET"]}}],"collection":[{"href":"https:\/\/www.guhalg.com\/wordpress\/index.php?rest_route=\/wp\/v2\/pages"}],"about":[{"href":"https:\/\/www.guhalg.com\/wordpress\/index.php?rest_route=\/wp\/v2\/types\/page"}],"author":[{"embeddable":true,"href":"https:\/\/www.guhalg.com\/wordpress\/index.php?rest_route=\/wp\/v2\/users\/1"}],"replies":[{"embeddable":true,"href":"https:\/\/www.guhalg.com\/wordpress\/index.php?rest_route=%2Fwp%2Fv2%2Fcomments&post=3379"}],"version-history":[{"count":4,"href":"https:\/\/www.guhalg.com\/wordpress\/index.php?rest_route=\/wp\/v2\/pages\/3379\/revisions"}],"predecessor-version":[{"id":3430,"href":"https:\/\/www.guhalg.com\/wordpress\/index.php?rest_route=\/wp\/v2\/pages\/3379\/revisions\/3430"}],"up":[{"embeddable":true,"href":"https:\/\/www.guhalg.com\/wordpress\/index.php?rest_route=\/wp\/v2\/pages\/3277"}],"wp:attachment":[{"href":"https:\/\/www.guhalg.com\/wordpress\/index.php?rest_route=%2Fwp%2Fv2%2Fmedia&parent=3379"}],"curies":[{"name":"wp","href":"https:\/\/api.w.org\/{rel}","templated":true}]}}