{"id":3419,"date":"2021-11-27T19:33:08","date_gmt":"2021-11-27T18:33:08","guid":{"rendered":"https:\/\/www.guhalg.com\/wordpress\/?page_id=3419"},"modified":"2021-11-27T20:23:01","modified_gmt":"2021-11-27T19:23:01","slug":"malapascua","status":"publish","type":"page","link":"https:\/\/www.guhalg.com\/wordpress\/?page_id=3419","title":{"rendered":"Malapascua"},"content":{"rendered":"\n<p>Unser Resort lag auf einer kleinen Felsnase einge Meter \u00fcber dem Strand. Auf der einen Seite war der Freidhof der kleinen Insel, auf der anderen Seite eigentlich nur Strand. Au\u00dferdem eine kleine Strandbar. Wenn die Abneds aber zur Party die Musik aufdrehte war es so laut, das in den Zimmern auf der angrenzenden Seite des Resorts nicht an Schlafen zu denken war. Daher haben sich CLaudia und Johannes zum Schlafen bei uns eingenistet. Wir hatten ein gro\u00dfes Zimmer mit zwei vollwertigen Betten.<\/p>\n\n\n\n<div class=\"wp-block-image\"><figure class=\"aligncenter size-full\"><a href=\"https:\/\/www.guhalg.com\/wordpress\/wp-content\/uploads\/Reisen\/Philippinen2007\/Reise\/IMG_8544.jpg\"><img loading=\"lazy\" decoding=\"async\" width=\"800\" height=\"600\" src=\"https:\/\/www.guhalg.com\/wordpress\/wp-content\/uploads\/Reisen\/Philippinen2007\/Reise\/IMG_8544.jpg\" alt=\"Der Friedhof\" class=\"wp-image-3433\" srcset=\"https:\/\/www.guhalg.com\/wordpress\/wp-content\/uploads\/Reisen\/Philippinen2007\/Reise\/IMG_8544.jpg 800w, https:\/\/www.guhalg.com\/wordpress\/wp-content\/uploads\/Reisen\/Philippinen2007\/Reise\/IMG_8544-300x225.jpg 300w, https:\/\/www.guhalg.com\/wordpress\/wp-content\/uploads\/Reisen\/Philippinen2007\/Reise\/IMG_8544-768x576.jpg 768w\" sizes=\"auto, (max-width: 800px) 100vw, 800px\" \/><\/a><figcaption>Der Friedhof<\/figcaption><\/figure><\/div>\n\n\n\n<div class=\"wp-block-image\"><figure class=\"aligncenter size-full\"><a href=\"https:\/\/www.guhalg.com\/wordpress\/wp-content\/uploads\/Reisen\/Philippinen2007\/Reise\/IMG_8536.jpg\"><img loading=\"lazy\" decoding=\"async\" width=\"800\" height=\"600\" src=\"https:\/\/www.guhalg.com\/wordpress\/wp-content\/uploads\/Reisen\/Philippinen2007\/Reise\/IMG_8536.jpg\" alt=\"Der Strand\" class=\"wp-image-3432\" srcset=\"https:\/\/www.guhalg.com\/wordpress\/wp-content\/uploads\/Reisen\/Philippinen2007\/Reise\/IMG_8536.jpg 800w, https:\/\/www.guhalg.com\/wordpress\/wp-content\/uploads\/Reisen\/Philippinen2007\/Reise\/IMG_8536-300x225.jpg 300w, https:\/\/www.guhalg.com\/wordpress\/wp-content\/uploads\/Reisen\/Philippinen2007\/Reise\/IMG_8536-768x576.jpg 768w\" sizes=\"auto, (max-width: 800px) 100vw, 800px\" \/><\/a><figcaption>Der Strand<\/figcaption><\/figure><\/div>\n\n\n\n<p>Die M\u00f6glichkeiten auf der Insel etwas anderes zu unternehmen als zu tauchen waren schon sehr eingesch\u00e4nkt. Ein kleiner Spaziergang \u00fcber die Insel oder eine Verkostung frischer Kokusnussmilch mit einem Schuss Rum. Viel mehr war nicht m\u00f6glich.<\/p>\n\n\n\n<div class=\"wp-block-columns is-layout-flex wp-container-core-columns-is-layout-9d6595d7 wp-block-columns-is-layout-flex\">\n<div class=\"wp-block-column is-layout-flow wp-block-column-is-layout-flow\">\n<div class=\"wp-block-image\"><figure class=\"aligncenter size-full\"><a href=\"https:\/\/www.guhalg.com\/wordpress\/wp-content\/uploads\/Reisen\/Philippinen2007\/Reise\/IMG_8686.jpg\"><img loading=\"lazy\" decoding=\"async\" width=\"800\" height=\"600\" src=\"https:\/\/www.guhalg.com\/wordpress\/wp-content\/uploads\/Reisen\/Philippinen2007\/Reise\/IMG_8686.jpg\" alt=\"Spaziergang\" class=\"wp-image-3434\" srcset=\"https:\/\/www.guhalg.com\/wordpress\/wp-content\/uploads\/Reisen\/Philippinen2007\/Reise\/IMG_8686.jpg 800w, https:\/\/www.guhalg.com\/wordpress\/wp-content\/uploads\/Reisen\/Philippinen2007\/Reise\/IMG_8686-300x225.jpg 300w, https:\/\/www.guhalg.com\/wordpress\/wp-content\/uploads\/Reisen\/Philippinen2007\/Reise\/IMG_8686-768x576.jpg 768w\" sizes=\"auto, (max-width: 800px) 100vw, 800px\" \/><\/a><figcaption>Spaziergang<\/figcaption><\/figure><\/div>\n<\/div>\n\n\n\n<div class=\"wp-block-column is-layout-flow wp-block-column-is-layout-flow\">\n<div class=\"wp-block-image\"><figure class=\"aligncenter size-full\"><a href=\"https:\/\/www.guhalg.com\/wordpress\/wp-content\/uploads\/Reisen\/Philippinen2007\/Reise\/IMG_8688.jpg\"><img loading=\"lazy\" decoding=\"async\" width=\"800\" height=\"600\" src=\"https:\/\/www.guhalg.com\/wordpress\/wp-content\/uploads\/Reisen\/Philippinen2007\/Reise\/IMG_8688.jpg\" alt=\"Landschaft\" class=\"wp-image-3435\" srcset=\"https:\/\/www.guhalg.com\/wordpress\/wp-content\/uploads\/Reisen\/Philippinen2007\/Reise\/IMG_8688.jpg 800w, https:\/\/www.guhalg.com\/wordpress\/wp-content\/uploads\/Reisen\/Philippinen2007\/Reise\/IMG_8688-300x225.jpg 300w, https:\/\/www.guhalg.com\/wordpress\/wp-content\/uploads\/Reisen\/Philippinen2007\/Reise\/IMG_8688-768x576.jpg 768w\" sizes=\"auto, (max-width: 800px) 100vw, 800px\" \/><\/a><figcaption>Landschaft<\/figcaption><\/figure><\/div>\n<\/div>\n<\/div>\n\n\n\n<div class=\"wp-block-columns is-layout-flex wp-container-core-columns-is-layout-9d6595d7 wp-block-columns-is-layout-flex\">\n<div class=\"wp-block-column is-layout-flow wp-block-column-is-layout-flow\">\n<div class=\"wp-block-image\"><figure class=\"aligncenter size-full\"><a href=\"https:\/\/www.guhalg.com\/wordpress\/wp-content\/uploads\/Reisen\/Philippinen2007\/Reise\/IMG_9348.jpg\"><img loading=\"lazy\" decoding=\"async\" width=\"800\" height=\"600\" src=\"https:\/\/www.guhalg.com\/wordpress\/wp-content\/uploads\/Reisen\/Philippinen2007\/Reise\/IMG_9348.jpg\" alt=\"frische Kokusnuss\" class=\"wp-image-3437\" srcset=\"https:\/\/www.guhalg.com\/wordpress\/wp-content\/uploads\/Reisen\/Philippinen2007\/Reise\/IMG_9348.jpg 800w, https:\/\/www.guhalg.com\/wordpress\/wp-content\/uploads\/Reisen\/Philippinen2007\/Reise\/IMG_9348-300x225.jpg 300w, https:\/\/www.guhalg.com\/wordpress\/wp-content\/uploads\/Reisen\/Philippinen2007\/Reise\/IMG_9348-768x576.jpg 768w\" sizes=\"auto, (max-width: 800px) 100vw, 800px\" \/><\/a><figcaption>frische Kokusnuss<\/figcaption><\/figure><\/div>\n<\/div>\n\n\n\n<div class=\"wp-block-column is-layout-flow wp-block-column-is-layout-flow\">\n<div class=\"wp-block-image\"><figure class=\"aligncenter size-full\"><a href=\"https:\/\/www.guhalg.com\/wordpress\/wp-content\/uploads\/Reisen\/Philippinen2007\/Reise\/IMG_9347.jpg\"><img loading=\"lazy\" decoding=\"async\" width=\"800\" height=\"600\" src=\"https:\/\/www.guhalg.com\/wordpress\/wp-content\/uploads\/Reisen\/Philippinen2007\/Reise\/IMG_9347.jpg\" alt=\"Aufgef\u00fcllt mit Rum\" class=\"wp-image-3436\" srcset=\"https:\/\/www.guhalg.com\/wordpress\/wp-content\/uploads\/Reisen\/Philippinen2007\/Reise\/IMG_9347.jpg 800w, https:\/\/www.guhalg.com\/wordpress\/wp-content\/uploads\/Reisen\/Philippinen2007\/Reise\/IMG_9347-300x225.jpg 300w, https:\/\/www.guhalg.com\/wordpress\/wp-content\/uploads\/Reisen\/Philippinen2007\/Reise\/IMG_9347-768x576.jpg 768w\" sizes=\"auto, (max-width: 800px) 100vw, 800px\" \/><\/a><figcaption>aufgef\u00fcllt mit Rum<\/figcaption><\/figure><\/div>\n<\/div>\n<\/div>\n\n\n\n<p>So sind wir, solange es keinen Nachttauchgang gab, p\u00fcnktlich um 17:00 Uhr zur Happy Hour in die Bar gegangen zum Cocktail trinken &#8211; Pay One Get Two. Da das Wasser auf Malapascua fast durchg\u00e4ngig salzig schmeckt haben wir die Cocktails immer ohne Eis bestellt. Das hatten sie sich in der Bar auch gemerkt. Nur, eine Caipirinha ohne Eis daf\u00fcr mit mehr Rum entfaltet am sp\u00e4ten Nachmittag so seine eigene Wirkung.<\/p>\n\n\n\n<p>Apropo Wasser, auch das Duschen nach dem Tauchen hinterlies weiterhin eine feine Salzschicht auf der Haut. Man konnte sich f\u00fcr wenig Geld einen 10l Frischwasser Kanister ordern, um zumindest die Haare salzfrei zu bekommen.<\/p>\n\n\n\n<p>Interessatnt war auch die Geburtstagsfeier der Resortbesitzerin. Dazu wurden die Honorationen des Dorfes eingeladen und wir als Resortg\u00e4ste auch. Es gabe Spanferkel, Unmengen an Salaten und es wurde wieder sehr viel Rum getrunken. Scheint eine Sitte hier zu sein oder war es wichtig zur Verdauung?<\/p>\n\n\n\n<div class=\"wp-block-columns is-layout-flex wp-container-core-columns-is-layout-9d6595d7 wp-block-columns-is-layout-flex\">\n<div class=\"wp-block-column is-layout-flow wp-block-column-is-layout-flow\">\n<div class=\"wp-block-image\"><figure class=\"aligncenter size-full\"><a href=\"https:\/\/www.guhalg.com\/wordpress\/wp-content\/uploads\/Reisen\/Philippinen2007\/Reise\/IMG_9374.jpg\"><img loading=\"lazy\" decoding=\"async\" width=\"450\" height=\"600\" src=\"https:\/\/www.guhalg.com\/wordpress\/wp-content\/uploads\/Reisen\/Philippinen2007\/Reise\/IMG_9374.jpg\" alt=\"Das Spanferkel von vorne\" class=\"wp-image-3444\" srcset=\"https:\/\/www.guhalg.com\/wordpress\/wp-content\/uploads\/Reisen\/Philippinen2007\/Reise\/IMG_9374.jpg 450w, https:\/\/www.guhalg.com\/wordpress\/wp-content\/uploads\/Reisen\/Philippinen2007\/Reise\/IMG_9374-225x300.jpg 225w\" sizes=\"auto, (max-width: 450px) 100vw, 450px\" \/><\/a><figcaption>Das Spanferkel von vorne<\/figcaption><\/figure><\/div>\n<\/div>\n\n\n\n<div class=\"wp-block-column is-layout-flow wp-block-column-is-layout-flow\">\n<div class=\"wp-block-image\"><figure class=\"aligncenter size-full\"><a href=\"https:\/\/www.guhalg.com\/wordpress\/wp-content\/uploads\/Reisen\/Philippinen2007\/Reise\/IMG_9375.jpg\"><img loading=\"lazy\" decoding=\"async\" width=\"450\" height=\"600\" src=\"https:\/\/www.guhalg.com\/wordpress\/wp-content\/uploads\/Reisen\/Philippinen2007\/Reise\/IMG_9375.jpg\" alt=\"Das Spanferkel von hinten\" class=\"wp-image-3445\" srcset=\"https:\/\/www.guhalg.com\/wordpress\/wp-content\/uploads\/Reisen\/Philippinen2007\/Reise\/IMG_9375.jpg 450w, https:\/\/www.guhalg.com\/wordpress\/wp-content\/uploads\/Reisen\/Philippinen2007\/Reise\/IMG_9375-225x300.jpg 225w\" sizes=\"auto, (max-width: 450px) 100vw, 450px\" \/><\/a><figcaption>Das Spanferkel von hinten<\/figcaption><\/figure><\/div>\n<\/div>\n<\/div>\n\n\n\n<div class=\"wp-block-columns is-layout-flex wp-container-core-columns-is-layout-9d6595d7 wp-block-columns-is-layout-flex\">\n<div class=\"wp-block-column is-layout-flow wp-block-column-is-layout-flow\">\n<div class=\"wp-block-image\"><figure class=\"aligncenter size-full\"><a href=\"https:\/\/www.guhalg.com\/wordpress\/wp-content\/uploads\/Reisen\/Philippinen2007\/Reise\/IMG_9376.jpg\"><img loading=\"lazy\" decoding=\"async\" width=\"800\" height=\"600\" src=\"https:\/\/www.guhalg.com\/wordpress\/wp-content\/uploads\/Reisen\/Philippinen2007\/Reise\/IMG_9376.jpg\" alt=\"Das Spanferkel vor dem Essen\" class=\"wp-image-3446\" srcset=\"https:\/\/www.guhalg.com\/wordpress\/wp-content\/uploads\/Reisen\/Philippinen2007\/Reise\/IMG_9376.jpg 800w, https:\/\/www.guhalg.com\/wordpress\/wp-content\/uploads\/Reisen\/Philippinen2007\/Reise\/IMG_9376-300x225.jpg 300w, https:\/\/www.guhalg.com\/wordpress\/wp-content\/uploads\/Reisen\/Philippinen2007\/Reise\/IMG_9376-768x576.jpg 768w\" sizes=\"auto, (max-width: 800px) 100vw, 800px\" \/><\/a><figcaption>Das Spanferkel vor dem Essen<\/figcaption><\/figure><\/div>\n<\/div>\n\n\n\n<div class=\"wp-block-column is-layout-flow wp-block-column-is-layout-flow\">\n<div class=\"wp-block-image\"><figure class=\"aligncenter size-full\"><a href=\"https:\/\/www.guhalg.com\/wordpress\/wp-content\/uploads\/Reisen\/Philippinen2007\/Reise\/IMG_9381.jpg\"><img loading=\"lazy\" decoding=\"async\" width=\"800\" height=\"600\" src=\"https:\/\/www.guhalg.com\/wordpress\/wp-content\/uploads\/Reisen\/Philippinen2007\/Reise\/IMG_9381.jpg\" alt=\"Das Spanferkel nach dem Essen\" class=\"wp-image-3447\" srcset=\"https:\/\/www.guhalg.com\/wordpress\/wp-content\/uploads\/Reisen\/Philippinen2007\/Reise\/IMG_9381.jpg 800w, https:\/\/www.guhalg.com\/wordpress\/wp-content\/uploads\/Reisen\/Philippinen2007\/Reise\/IMG_9381-300x225.jpg 300w, https:\/\/www.guhalg.com\/wordpress\/wp-content\/uploads\/Reisen\/Philippinen2007\/Reise\/IMG_9381-768x576.jpg 768w\" sizes=\"auto, (max-width: 800px) 100vw, 800px\" \/><\/a><figcaption>Das Spanferkel nach dem Essen<\/figcaption><\/figure><\/div>\n<\/div>\n<\/div>\n\n\n\n<p>Und auch die Zeit hier auf der kleinen Insel ging wiedr viel zu schnell zu Ende. Ein paar Bilder von Malapascua haben wir noch zusammen gestellt: <a href=\"https:\/\/www.guhalg.com\/wordpress\/?page_id=3415\" data-type=\"page\" data-id=\"3415\">Malapascua<\/a><\/p>\n\n\n\n<p>Von hier aus haben wir den R\u00fcckweg angetreten. So weit ab wieder eine lange Reise. Und man kommt aus der W\u00e4rme in das eiskalte Deutschland zur\u00fcck. So kalt die Reise auch angefangen hatte, in derselebn K\u00e4lte endete sie.<\/p>\n\n\n\n<div class=\"wp-block-columns is-layout-flex wp-container-core-columns-is-layout-9d6595d7 wp-block-columns-is-layout-flex\">\n<div class=\"wp-block-column is-layout-flow wp-block-column-is-layout-flow\">\n<div class=\"wp-block-buttons is-layout-flex wp-block-buttons-is-layout-flex\">\n<div class=\"wp-block-button\"><a class=\"wp-block-button__link\" href=\"https:\/\/www.guhalg.com\/wordpress\/?page_id=3360\">Ab nach Malapascua<\/a><\/div>\n<\/div>\n<\/div>\n\n\n\n<div class=\"wp-block-column is-layout-flow wp-block-column-is-layout-flow\">\n<div class=\"wp-block-buttons is-content-justification-right is-layout-flex wp-block-buttons-is-layout-flex\">\n<div class=\"wp-block-button\"><a class=\"wp-block-button__link\" href=\"https:\/\/www.guhalg.com\/wordpress\/?page_id=3388\">Impressionen Leythe<\/a><\/div>\n<\/div>\n<\/div>\n<\/div>\n","protected":false},"excerpt":{"rendered":"<p>Unser Resort lag auf einer kleinen Felsnase einge Meter \u00fcber dem Strand. Auf der einen Seite war der Freidhof der kleinen Insel, auf der anderen Seite eigentlich nur Strand. Au\u00dferdem eine kleine Strandbar. Wenn die Abneds aber zur Party die&hellip; <\/p>\n","protected":false},"author":1,"featured_media":0,"parent":3277,"menu_order":6,"comment_status":"closed","ping_status":"closed","template":"","meta":{"footnotes":""},"class_list":["post-3419","page","type-page","status-publish","hentry"],"_links":{"self":[{"href":"https:\/\/www.guhalg.com\/wordpress\/index.php?rest_route=\/wp\/v2\/pages\/3419","targetHints":{"allow":["GET"]}}],"collection":[{"href":"https:\/\/www.guhalg.com\/wordpress\/index.php?rest_route=\/wp\/v2\/pages"}],"about":[{"href":"https:\/\/www.guhalg.com\/wordpress\/index.php?rest_route=\/wp\/v2\/types\/page"}],"author":[{"embeddable":true,"href":"https:\/\/www.guhalg.com\/wordpress\/index.php?rest_route=\/wp\/v2\/users\/1"}],"replies":[{"embeddable":true,"href":"https:\/\/www.guhalg.com\/wordpress\/index.php?rest_route=%2Fwp%2Fv2%2Fcomments&post=3419"}],"version-history":[{"count":6,"href":"https:\/\/www.guhalg.com\/wordpress\/index.php?rest_route=\/wp\/v2\/pages\/3419\/revisions"}],"predecessor-version":[{"id":3448,"href":"https:\/\/www.guhalg.com\/wordpress\/index.php?rest_route=\/wp\/v2\/pages\/3419\/revisions\/3448"}],"up":[{"embeddable":true,"href":"https:\/\/www.guhalg.com\/wordpress\/index.php?rest_route=\/wp\/v2\/pages\/3277"}],"wp:attachment":[{"href":"https:\/\/www.guhalg.com\/wordpress\/index.php?rest_route=%2Fwp%2Fv2%2Fmedia&parent=3419"}],"curies":[{"name":"wp","href":"https:\/\/api.w.org\/{rel}","templated":true}]}}