{"id":3548,"date":"2021-11-29T22:02:09","date_gmt":"2021-11-29T21:02:09","guid":{"rendered":"https:\/\/www.guhalg.com\/wordpress\/?page_id=3548"},"modified":"2022-02-07T18:36:45","modified_gmt":"2022-02-07T17:36:45","slug":"mexico-2007","status":"publish","type":"page","link":"https:\/\/www.guhalg.com\/wordpress\/?page_id=3548","title":{"rendered":"Mexico 2007"},"content":{"rendered":"\n<p>Hallo Urlauber, nachdem wir in den letzten Jahren haupts\u00e4chlich auf Tauchurlaube aus waren, haben wir uns im Herbst 2007 auch wieder ein wenig mit Kultur besch\u00e4ftigt. Wir sind f\u00fcr 14 Tage nach Mexiko geflogen, haben das Leben und Essen vor Ort genossen, sind in den Cenoten getaucht und haben mehrere Maya St\u00e4tten besucht.  Wer uns auf dieser Reise ein wenig begleiten will, findet hier einen Reisebericht und eine Menge Bilder.  F\u00fcr allgemeine Informationen ist man ja bei Wikipedia (de) sehr gut aufgehoben, daher hier ein paar Links als erste Anlaufstation&#8230; <\/p>\n\n\n\n<p>Ein Link zu dem Reiseziel <a rel=\"noreferrer noopener\" href=\"http:\/\/de.wikipedia.org\/wiki\/Mexiko\" target=\"_blank\">Mexiko<\/a> <\/p>\n\n\n\n<p>Das Kalkstein H\u00f6hlensystem auf Yucatan <a rel=\"noreferrer noopener\" href=\"http:\/\/de.wikipedia.org\/wiki\/Cenote\" target=\"_blank\">Cenoten<\/a> <\/p>\n\n\n\n<p>Die alte Kultur der <a rel=\"noreferrer noopener\" href=\"http:\/\/de.wikipedia.org\/wiki\/Maya\" target=\"_blank\">Maya<\/a> <\/p>\n\n\n\n<p>Und nat\u00fcrlich darf die \u00dcbersicht wo ging es hin hier nicht fehlen.<\/p>\n\n\n\n<div class=\"wp-block-image\"><figure class=\"aligncenter size-full\"><a href=\"https:\/\/www.guhalg.com\/wordpress\/wp-content\/uploads\/Reisen\/Mexiko2007\/Reise\/world_rel_803005AI_2003_Mexiko.jpg\"><img loading=\"lazy\" decoding=\"async\" width=\"1024\" height=\"568\" src=\"https:\/\/www.guhalg.com\/wordpress\/wp-content\/uploads\/Reisen\/Mexiko2007\/Reise\/world_rel_803005AI_2003_Mexiko.jpg\" alt=\"Mexiko\" class=\"wp-image-3559\" srcset=\"https:\/\/www.guhalg.com\/wordpress\/wp-content\/uploads\/Reisen\/Mexiko2007\/Reise\/world_rel_803005AI_2003_Mexiko.jpg 1024w, https:\/\/www.guhalg.com\/wordpress\/wp-content\/uploads\/Reisen\/Mexiko2007\/Reise\/world_rel_803005AI_2003_Mexiko-300x166.jpg 300w, https:\/\/www.guhalg.com\/wordpress\/wp-content\/uploads\/Reisen\/Mexiko2007\/Reise\/world_rel_803005AI_2003_Mexiko-768x426.jpg 768w\" sizes=\"auto, (max-width: 1024px) 100vw, 1024px\" \/><\/a><figcaption>Mexiko<\/figcaption><\/figure><\/div>\n\n\n\n<div class=\"wp-block-buttons is-horizontal is-content-justification-right is-layout-flex wp-container-core-buttons-is-layout-ae2fe186 wp-block-buttons-is-layout-flex\">\n<div class=\"wp-block-button\"><a class=\"wp-block-button__link\" href=\"https:\/\/www.guhalg.com\/wordpress\/?page_id=3564\">Die Anreise<\/a><\/div>\n<\/div>\n","protected":false},"excerpt":{"rendered":"<p>Hallo Urlauber, nachdem wir in den letzten Jahren haupts\u00e4chlich auf Tauchurlaube aus waren, haben wir uns im Herbst 2007 auch wieder ein wenig mit Kultur besch\u00e4ftigt. Wir sind f\u00fcr 14 Tage nach Mexiko geflogen, haben das Leben und Essen vor&hellip; <\/p>\n","protected":false},"author":1,"featured_media":0,"parent":0,"menu_order":16,"comment_status":"closed","ping_status":"closed","template":"","meta":{"footnotes":""},"class_list":["post-3548","page","type-page","status-publish","hentry"],"_links":{"self":[{"href":"https:\/\/www.guhalg.com\/wordpress\/index.php?rest_route=\/wp\/v2\/pages\/3548","targetHints":{"allow":["GET"]}}],"collection":[{"href":"https:\/\/www.guhalg.com\/wordpress\/index.php?rest_route=\/wp\/v2\/pages"}],"about":[{"href":"https:\/\/www.guhalg.com\/wordpress\/index.php?rest_route=\/wp\/v2\/types\/page"}],"author":[{"embeddable":true,"href":"https:\/\/www.guhalg.com\/wordpress\/index.php?rest_route=\/wp\/v2\/users\/1"}],"replies":[{"embeddable":true,"href":"https:\/\/www.guhalg.com\/wordpress\/index.php?rest_route=%2Fwp%2Fv2%2Fcomments&post=3548"}],"version-history":[{"count":10,"href":"https:\/\/www.guhalg.com\/wordpress\/index.php?rest_route=\/wp\/v2\/pages\/3548\/revisions"}],"predecessor-version":[{"id":7700,"href":"https:\/\/www.guhalg.com\/wordpress\/index.php?rest_route=\/wp\/v2\/pages\/3548\/revisions\/7700"}],"wp:attachment":[{"href":"https:\/\/www.guhalg.com\/wordpress\/index.php?rest_route=%2Fwp%2Fv2%2Fmedia&parent=3548"}],"curies":[{"name":"wp","href":"https:\/\/api.w.org\/{rel}","templated":true}]}}