{"id":367,"date":"2021-11-02T19:11:14","date_gmt":"2021-11-02T18:11:14","guid":{"rendered":"https:\/\/www.guhalg.com\/wordpress\/?page_id=367"},"modified":"2022-02-08T22:37:04","modified_gmt":"2022-02-08T21:37:04","slug":"madagaskar-folklore","status":"publish","type":"page","link":"https:\/\/www.guhalg.com\/wordpress\/?page_id=367","title":{"rendered":"Folklore"},"content":{"rendered":"\n<p>Nach dem erlebnisreichen Tag und den vielen sch\u00f6nen Eindr\u00fccken sind wir erstmal in unseren Bungalow zur\u00fcck und haben eine ausgiebige Dusche genossen. Da es erst gut 16.00 Uhr war, hatten wir noch gen\u00fcgend Zeit f\u00fcr eine eigene Erkundung der Gegend. Wir sind also einfach so drauf losgelaufen, haben den ersten gr\u00f6\u00dferen Weg genommen und sind diesem gefolgt.<\/p>\n\n\n\n<p>Nach gut 20 Min. mehr oder minder geradeaus, rechts und links flankiert vom Urwald, mit vielen Ger\u00e4uschen aber im Vergleich zum Tagesausflug wenig zu sehen, haben wir die erste Abzweigung nach rechts genommen und sind diesem Weg weiter gefolgt. Er brachte uns nach weiteren 10 Min. in ein kleines Dorf aus Holzh\u00fctten, mit Kindern, die zwischen den H\u00e4usern spielen, uns auch anschauten, aber nicht besonders interessiert wirkten. Hier schienen also \u00f6fter mal Touristen vorbeizukommen \u2013 kann also nicht so falsch sein, der Weg. Wir sind durch das Dorf auf der einzigen Stra\u00dfe durchgelaufen und konnten anschlie\u00dfend schon das Wasser des Sees sehen. Diesem Weg sind wir gefolgt und am See zur\u00fcck zu unserem Resort gegangen. Nach ein wenig Ruhe auf unserer Terrasse mit Blick auf den See ging es zum Dinner. Wir wollten nach dem Abendbrot unsere Sachen f\u00fcr die Weiterreise packen. Allerdings wurde w\u00e4hrend des Abendessens auf der Au\u00dfenterrasse der innenliegende Bereich freiger\u00e4umt. Die Tische und B\u00e4nke wurden weit nach au\u00dfen getragen und in der Mitte ergab sich ein gro\u00dfer freier Platz. Auf die Nachfrage der G\u00e4ste kam die lachende Antwort, die Folkloregruppe aus dem benachbarten Dorf m\u00f6chte einige traditionelle T\u00e4nze auff\u00fchren und mit kleinen Spenden ihre Dorfkasse aufzuf\u00fcllen.<\/p>\n\n\n\n<p>Unter der Begleitung einer kleinen Musikgruppe und kr\u00e4ftigem Gesang wurden unterschiedliche T\u00e4nze und kleine Akrobatik aufgef\u00fchrt. Nun ja, sie haben nicht nur T\u00e4nze aufgef\u00fchrt, sondern auch die G\u00e4ste mit eingebunden. Ob diese T\u00e4nze jetzt alle so traditionell waren, ist schwierig zu entscheiden. Bei einer Polonaise zumindest dr\u00e4ngt sich sehr stark der Verdacht eines Touristenspektakels auf.<\/p>\n\n\n\n<div class=\"wp-block-columns is-layout-flex wp-container-core-columns-is-layout-9d6595d7 wp-block-columns-is-layout-flex\">\n<div class=\"wp-block-column is-layout-flow wp-block-column-is-layout-flow\">\n<div class=\"wp-block-image\"><figure class=\"aligncenter size-large\"><a href=\"https:\/\/www.guhalg.com\/wordpress\/wp-content\/uploads\/Reisen\/Madagaskar\/Folklore\/Musikgruppe.jpg\"><img loading=\"lazy\" decoding=\"async\" width=\"1024\" height=\"575\" src=\"https:\/\/www.guhalg.com\/wordpress\/wp-content\/uploads\/Reisen\/Madagaskar\/Folklore\/Musikgruppe-1024x575.jpg\" alt=\"Musikgruppe\" class=\"wp-image-365\" srcset=\"https:\/\/www.guhalg.com\/wordpress\/wp-content\/uploads\/Reisen\/Madagaskar\/Folklore\/Musikgruppe-1024x575.jpg 1024w, https:\/\/www.guhalg.com\/wordpress\/wp-content\/uploads\/Reisen\/Madagaskar\/Folklore\/Musikgruppe-300x169.jpg 300w, https:\/\/www.guhalg.com\/wordpress\/wp-content\/uploads\/Reisen\/Madagaskar\/Folklore\/Musikgruppe-768x432.jpg 768w, https:\/\/www.guhalg.com\/wordpress\/wp-content\/uploads\/Reisen\/Madagaskar\/Folklore\/Musikgruppe-1536x863.jpg 1536w, https:\/\/www.guhalg.com\/wordpress\/wp-content\/uploads\/Reisen\/Madagaskar\/Folklore\/Musikgruppe.jpg 1920w\" sizes=\"auto, (max-width: 1024px) 100vw, 1024px\" \/><\/a><figcaption>Musikgruppe<\/figcaption><\/figure><\/div>\n<\/div>\n\n\n\n<div class=\"wp-block-column is-layout-flow wp-block-column-is-layout-flow\">\n<div class=\"wp-block-image\"><figure class=\"aligncenter size-large\"><a href=\"https:\/\/www.guhalg.com\/wordpress\/wp-content\/uploads\/Reisen\/Madagaskar\/Folklore\/Polonaise.jpg\"><img loading=\"lazy\" decoding=\"async\" width=\"1024\" height=\"575\" src=\"https:\/\/www.guhalg.com\/wordpress\/wp-content\/uploads\/Reisen\/Madagaskar\/Folklore\/Polonaise-1024x575.jpg\" alt=\"Polonaise\" class=\"wp-image-366\" srcset=\"https:\/\/www.guhalg.com\/wordpress\/wp-content\/uploads\/Reisen\/Madagaskar\/Folklore\/Polonaise-1024x575.jpg 1024w, https:\/\/www.guhalg.com\/wordpress\/wp-content\/uploads\/Reisen\/Madagaskar\/Folklore\/Polonaise-300x169.jpg 300w, https:\/\/www.guhalg.com\/wordpress\/wp-content\/uploads\/Reisen\/Madagaskar\/Folklore\/Polonaise-768x432.jpg 768w, https:\/\/www.guhalg.com\/wordpress\/wp-content\/uploads\/Reisen\/Madagaskar\/Folklore\/Polonaise-1536x863.jpg 1536w, https:\/\/www.guhalg.com\/wordpress\/wp-content\/uploads\/Reisen\/Madagaskar\/Folklore\/Polonaise.jpg 1920w\" sizes=\"auto, (max-width: 1024px) 100vw, 1024px\" \/><\/a><figcaption>Polonaise<\/figcaption><\/figure><\/div>\n<\/div>\n<\/div>\n\n\n\n<p>Aber das wichtigste war der Spa\u00df an der Sache und da sind sowohl die T\u00e4nzer als auch die G\u00e4ste voll auf ihre Kosten gekommen. Wir haben ein kleines Video zusammengeschnitten, so ca. 25 Min., damit sich jeder ein eigenes Bild von der Darbietung machen kann.<\/p>\n\n\n\n<figure class=\"wp-block-video aligncenter\"><video height=\"480\" style=\"aspect-ratio: 720 \/ 480;\" width=\"720\" controls poster=\"https:\/\/www.guhalg.com\/wordpress\/wp-content\/uploads\/Reisen\/Madagaskar\/Folklore\/Folklore.jpg\" src=\"https:\/\/www.guhalg.com\/wordpress\/wp-content\/uploads\/Reisen\/Madagaskar\/Folklore\/Folklore.mp4\"><\/video><figcaption>Folklore<\/figcaption><\/figure>\n\n\n\n<p>Nach diesem sch\u00f6nen und auch lustigen Abendspektakel sind wir dann auch bald schlafen gegangen und die Packung f\u00fcr die Weiterreise wurde auf den n\u00e4chsten Tag verschoben.<\/p>\n\n\n\n<div class=\"wp-block-columns is-layout-flex wp-container-core-columns-is-layout-9d6595d7 wp-block-columns-is-layout-flex\">\n<div class=\"wp-block-column is-layout-flow wp-block-column-is-layout-flow\">\n<div class=\"wp-block-buttons is-layout-flex wp-block-buttons-is-layout-flex\">\n<div class=\"wp-block-button\"><a class=\"wp-block-button__link\" href=\"https:\/\/www.guhalg.com\/wordpress\/?page_id=333\">Natur und Strand<\/a><\/div>\n<\/div>\n<\/div>\n\n\n\n<div class=\"wp-block-column is-layout-flow wp-block-column-is-layout-flow\">\n<div class=\"wp-block-buttons is-horizontal is-content-justification-right is-layout-flex wp-container-core-buttons-is-layout-ae2fe186 wp-block-buttons-is-layout-flex\">\n<div class=\"wp-block-button\"><a class=\"wp-block-button__link\" href=\"https:\/\/www.guhalg.com\/wordpress\/?page_id=374\">Weitereise<\/a><\/div>\n<\/div>\n<\/div>\n<\/div>\n","protected":false},"excerpt":{"rendered":"<p>Nach dem erlebnisreichen Tag und den vielen sch\u00f6nen Eindr\u00fccken sind wir erstmal in unseren Bungalow zur\u00fcck und haben eine ausgiebige Dusche genossen. Da es erst gut 16.00 Uhr war, hatten wir noch gen\u00fcgend Zeit f\u00fcr eine eigene Erkundung der Gegend.&hellip; <\/p>\n","protected":false},"author":1,"featured_media":0,"parent":279,"menu_order":0,"comment_status":"closed","ping_status":"closed","template":"","meta":{"footnotes":""},"class_list":["post-367","page","type-page","status-publish","hentry"],"_links":{"self":[{"href":"https:\/\/www.guhalg.com\/wordpress\/index.php?rest_route=\/wp\/v2\/pages\/367","targetHints":{"allow":["GET"]}}],"collection":[{"href":"https:\/\/www.guhalg.com\/wordpress\/index.php?rest_route=\/wp\/v2\/pages"}],"about":[{"href":"https:\/\/www.guhalg.com\/wordpress\/index.php?rest_route=\/wp\/v2\/types\/page"}],"author":[{"embeddable":true,"href":"https:\/\/www.guhalg.com\/wordpress\/index.php?rest_route=\/wp\/v2\/users\/1"}],"replies":[{"embeddable":true,"href":"https:\/\/www.guhalg.com\/wordpress\/index.php?rest_route=%2Fwp%2Fv2%2Fcomments&post=367"}],"version-history":[{"count":13,"href":"https:\/\/www.guhalg.com\/wordpress\/index.php?rest_route=\/wp\/v2\/pages\/367\/revisions"}],"predecessor-version":[{"id":7856,"href":"https:\/\/www.guhalg.com\/wordpress\/index.php?rest_route=\/wp\/v2\/pages\/367\/revisions\/7856"}],"up":[{"embeddable":true,"href":"https:\/\/www.guhalg.com\/wordpress\/index.php?rest_route=\/wp\/v2\/pages\/279"}],"wp:attachment":[{"href":"https:\/\/www.guhalg.com\/wordpress\/index.php?rest_route=%2Fwp%2Fv2%2Fmedia&parent=367"}],"curies":[{"name":"wp","href":"https:\/\/api.w.org\/{rel}","templated":true}]}}