{"id":3727,"date":"2021-12-04T21:47:12","date_gmt":"2021-12-04T20:47:12","guid":{"rendered":"https:\/\/www.guhalg.com\/wordpress\/?page_id=3727"},"modified":"2022-02-07T19:11:31","modified_gmt":"2022-02-07T18:11:31","slug":"tauchen-in-der-karibik","status":"publish","type":"page","link":"https:\/\/www.guhalg.com\/wordpress\/?page_id=3727","title":{"rendered":"Tauchen in der Karibik"},"content":{"rendered":"\n<p>Nebenbei sind wir auch in der Karibik getaucht. Das Handling war etwas ungew\u00f6hnlich. Wir haben uns in der Tauchbasis angezogen, sind dann zum Strand gegangen, um von dort ins Boot einzusteigen. Dann ging es hinaus zum Tauchen (normalerweise nur ca. 40 Min.) und schon wieder zur\u00fcck zum Strand. Raus aus dem Boot und zur\u00fcck zur Tauchbasis. F\u00fcr den n\u00e4chsten Tauchgang dann wieder das gleiche Prozedere.<\/p>\n\n\n\n<p>Das Tauchen in der Karibik hat uns ansonsten gut gefallen, kann aber nicht mit den Cenoten Tauchg\u00e4ngen konkurrieren. Wir hatten meistens erstklassige Sichtweiten und an einer Stelle bei einer ruhigen Drift bestimmt um die 20 Schildkr\u00f6ten. Leider hatten wir auch beim Tauchen mit dem Regen zu k\u00e4mpfen. Man friert viel schneller und die Sicht unter Wasser l\u00e4sst nach. Da uns bei einem Tauchgang die Kamera abgesoffen ist, gibt es hier nur noch einige wenige Bilder: <a href=\"https:\/\/www.guhalg.com\/wordpress\/?page_id=3752\" data-type=\"page\" data-id=\"3752\">Unterwasserwelt der Karibik<\/a> <\/p>\n\n\n\n<div class=\"wp-block-columns is-layout-flex wp-container-core-columns-is-layout-9d6595d7 wp-block-columns-is-layout-flex\">\n<div class=\"wp-block-column is-layout-flow wp-block-column-is-layout-flow\">\n<div class=\"wp-block-buttons is-layout-flex wp-block-buttons-is-layout-flex\">\n<div class=\"wp-block-button\"><a class=\"wp-block-button__link\" href=\"https:\/\/www.guhalg.com\/wordpress\/?page_id=3651\">Tauchen in den Cenoten<\/a><\/div>\n<\/div>\n<\/div>\n\n\n\n<div class=\"wp-block-column is-layout-flow wp-block-column-is-layout-flow\">\n<div class=\"wp-block-buttons is-horizontal is-content-justification-right is-layout-flex wp-container-core-buttons-is-layout-ae2fe186 wp-block-buttons-is-layout-flex\">\n<div class=\"wp-block-button\"><a class=\"wp-block-button__link\" href=\"https:\/\/www.guhalg.com\/wordpress\/?page_id=3756\">Mexiko &#8211; Tulum<\/a><\/div>\n<\/div>\n<\/div>\n<\/div>\n","protected":false},"excerpt":{"rendered":"<p>Nebenbei sind wir auch in der Karibik getaucht. Das Handling war etwas ungew\u00f6hnlich. Wir haben uns in der Tauchbasis angezogen, sind dann zum Strand gegangen, um von dort ins Boot einzusteigen. Dann ging es hinaus zum Tauchen (normalerweise nur ca.&hellip; <\/p>\n","protected":false},"author":1,"featured_media":0,"parent":3548,"menu_order":4,"comment_status":"closed","ping_status":"closed","template":"","meta":{"footnotes":""},"class_list":["post-3727","page","type-page","status-publish","hentry"],"_links":{"self":[{"href":"https:\/\/www.guhalg.com\/wordpress\/index.php?rest_route=\/wp\/v2\/pages\/3727","targetHints":{"allow":["GET"]}}],"collection":[{"href":"https:\/\/www.guhalg.com\/wordpress\/index.php?rest_route=\/wp\/v2\/pages"}],"about":[{"href":"https:\/\/www.guhalg.com\/wordpress\/index.php?rest_route=\/wp\/v2\/types\/page"}],"author":[{"embeddable":true,"href":"https:\/\/www.guhalg.com\/wordpress\/index.php?rest_route=\/wp\/v2\/users\/1"}],"replies":[{"embeddable":true,"href":"https:\/\/www.guhalg.com\/wordpress\/index.php?rest_route=%2Fwp%2Fv2%2Fcomments&post=3727"}],"version-history":[{"count":4,"href":"https:\/\/www.guhalg.com\/wordpress\/index.php?rest_route=\/wp\/v2\/pages\/3727\/revisions"}],"predecessor-version":[{"id":7711,"href":"https:\/\/www.guhalg.com\/wordpress\/index.php?rest_route=\/wp\/v2\/pages\/3727\/revisions\/7711"}],"up":[{"embeddable":true,"href":"https:\/\/www.guhalg.com\/wordpress\/index.php?rest_route=\/wp\/v2\/pages\/3548"}],"wp:attachment":[{"href":"https:\/\/www.guhalg.com\/wordpress\/index.php?rest_route=%2Fwp%2Fv2%2Fmedia&parent=3727"}],"curies":[{"name":"wp","href":"https:\/\/api.w.org\/{rel}","templated":true}]}}