{"id":374,"date":"2021-11-02T20:26:34","date_gmt":"2021-11-02T19:26:34","guid":{"rendered":"https:\/\/www.guhalg.com\/wordpress\/?page_id=374"},"modified":"2022-02-08T22:41:46","modified_gmt":"2022-02-08T21:41:46","slug":"madagaskar-weiterreise","status":"publish","type":"page","link":"https:\/\/www.guhalg.com\/wordpress\/?page_id=374","title":{"rendered":"Weiterreise nach Toamasina"},"content":{"rendered":"\n<p>Nach der erfrischenden morgendlichen Dusche und dem kurzen Packen unserer Reisetaschen ging es wieder zum leckeren Fr\u00fchst\u00fcck, und auch heute Morgen wieder begleitet von den frechen Lemuren. Immer auf dem Sprung, etwas vom Fr\u00fchst\u00fcckstisch zu klauen.<\/p>\n\n\n\n<p>Bald nach dem Fr\u00fchst\u00fcck hie\u00df es Gep\u00e4ckst\u00fccke vor die T\u00fcr des Bungalows stellen und die Treppe runter zum See gehen, wo unser Boot auf uns wartet. Dieses brachte uns \u00fcber einige kleine Seen und dem <a rel=\"noreferrer noopener\" href=\"https:\/\/de.wikipedia.org\/wiki\/Canal_des_Pangalanes\" target=\"_blank\">Kanal von Pangalanes<\/a> bis <a rel=\"noreferrer noopener\" href=\"https:\/\/de.wikipedia.org\/wiki\/Toamasina\" target=\"_blank\">Toamasina<\/a>, der zweitgr\u00f6\u00dften Stadt Madagaskars und zentrale Hafenstadt. Ein letzter Blick zur\u00fcck zum Anleger, noch weitere Boote auf ihre G\u00e4ste warteten, und wir sind eingetaucht in eine eigene Welt.<\/p>\n\n\n\n<p>Der Kanal ist die Lebensader hier am Indischen Ozean, da dieser aufgrund der oft st\u00fcrmischen Wetterlage f\u00fcr die kleinen Boote keine Alternative ist. \u00dcberall begegnen uns Boote, die wenigsten sind motorisiert, sondern es werden Paddel und auch schon mal Segel genutzt. Auf der gesamten Strecke finden sich immer wieder kleine D\u00f6rfer und auch einzelne H\u00e4user, die nicht permanent bewohnt sind, sondern nur, wenn es darum geht, die Felder oder auch Fischernetze zu bewirtschaften.<\/p>\n\n\n\n<div class=\"wp-block-columns is-layout-flex wp-container-core-columns-is-layout-9d6595d7 wp-block-columns-is-layout-flex\">\n<div class=\"wp-block-column is-layout-flow wp-block-column-is-layout-flow\">\n<figure class=\"wp-block-image size-large\"><a href=\"https:\/\/www.guhalg.com\/wordpress\/wp-content\/uploads\/Reisen\/Madagaskar\/Weiterreise\/Anleger.jpg\"><img loading=\"lazy\" decoding=\"async\" width=\"1024\" height=\"575\" src=\"https:\/\/www.guhalg.com\/wordpress\/wp-content\/uploads\/Reisen\/Madagaskar\/Weiterreise\/Anleger-1024x575.jpg\" alt=\"Anleger\" class=\"wp-image-380\" srcset=\"https:\/\/www.guhalg.com\/wordpress\/wp-content\/uploads\/Reisen\/Madagaskar\/Weiterreise\/Anleger-1024x575.jpg 1024w, https:\/\/www.guhalg.com\/wordpress\/wp-content\/uploads\/Reisen\/Madagaskar\/Weiterreise\/Anleger-300x169.jpg 300w, https:\/\/www.guhalg.com\/wordpress\/wp-content\/uploads\/Reisen\/Madagaskar\/Weiterreise\/Anleger-768x432.jpg 768w, https:\/\/www.guhalg.com\/wordpress\/wp-content\/uploads\/Reisen\/Madagaskar\/Weiterreise\/Anleger-1536x863.jpg 1536w, https:\/\/www.guhalg.com\/wordpress\/wp-content\/uploads\/Reisen\/Madagaskar\/Weiterreise\/Anleger.jpg 1920w\" sizes=\"auto, (max-width: 1024px) 100vw, 1024px\" \/><\/a><figcaption>Anleger<\/figcaption><\/figure>\n<\/div>\n\n\n\n<div class=\"wp-block-column is-layout-flow wp-block-column-is-layout-flow\">\n<figure class=\"wp-block-image size-large\"><a href=\"https:\/\/www.guhalg.com\/wordpress\/wp-content\/uploads\/Reisen\/Madagaskar\/Weiterreise\/Dorf.jpg\"><img loading=\"lazy\" decoding=\"async\" width=\"1024\" height=\"575\" src=\"https:\/\/www.guhalg.com\/wordpress\/wp-content\/uploads\/Reisen\/Madagaskar\/Weiterreise\/Dorf-1024x575.jpg\" alt=\"Dorf\" class=\"wp-image-384\" srcset=\"https:\/\/www.guhalg.com\/wordpress\/wp-content\/uploads\/Reisen\/Madagaskar\/Weiterreise\/Dorf-1024x575.jpg 1024w, https:\/\/www.guhalg.com\/wordpress\/wp-content\/uploads\/Reisen\/Madagaskar\/Weiterreise\/Dorf-300x169.jpg 300w, https:\/\/www.guhalg.com\/wordpress\/wp-content\/uploads\/Reisen\/Madagaskar\/Weiterreise\/Dorf-768x432.jpg 768w, https:\/\/www.guhalg.com\/wordpress\/wp-content\/uploads\/Reisen\/Madagaskar\/Weiterreise\/Dorf-1536x863.jpg 1536w, https:\/\/www.guhalg.com\/wordpress\/wp-content\/uploads\/Reisen\/Madagaskar\/Weiterreise\/Dorf.jpg 1920w\" sizes=\"auto, (max-width: 1024px) 100vw, 1024px\" \/><\/a><figcaption>Dorf<\/figcaption><\/figure>\n<\/div>\n\n\n\n<div class=\"wp-block-column is-layout-flow wp-block-column-is-layout-flow\">\n<figure class=\"wp-block-image size-large\"><a href=\"https:\/\/www.guhalg.com\/wordpress\/wp-content\/uploads\/Reisen\/Madagaskar\/Weiterreise\/Transport.jpg\"><img loading=\"lazy\" decoding=\"async\" width=\"1024\" height=\"575\" src=\"https:\/\/www.guhalg.com\/wordpress\/wp-content\/uploads\/Reisen\/Madagaskar\/Weiterreise\/Transport-1024x575.jpg\" alt=\"Transport\" class=\"wp-image-386\" srcset=\"https:\/\/www.guhalg.com\/wordpress\/wp-content\/uploads\/Reisen\/Madagaskar\/Weiterreise\/Transport-1024x575.jpg 1024w, https:\/\/www.guhalg.com\/wordpress\/wp-content\/uploads\/Reisen\/Madagaskar\/Weiterreise\/Transport-300x169.jpg 300w, https:\/\/www.guhalg.com\/wordpress\/wp-content\/uploads\/Reisen\/Madagaskar\/Weiterreise\/Transport-768x432.jpg 768w, https:\/\/www.guhalg.com\/wordpress\/wp-content\/uploads\/Reisen\/Madagaskar\/Weiterreise\/Transport-1536x863.jpg 1536w, https:\/\/www.guhalg.com\/wordpress\/wp-content\/uploads\/Reisen\/Madagaskar\/Weiterreise\/Transport.jpg 1920w\" sizes=\"auto, (max-width: 1024px) 100vw, 1024px\" \/><\/a><figcaption>Transport<\/figcaption><\/figure>\n<\/div>\n<\/div>\n\n\n\n<p>Wenn man so \u00fcber den Fluss f\u00e4hrt, spielt die Zeit nur noch eine geringe Rolle. Wir waren gef\u00fchlt gerade erst losgefahren, als wir ein technisches Problem am Bord hatten. Dieses wurde kurzerhand ans Ufer gesteuert und wir hatten die M\u00f6glichkeit uns ein wenig die Beine zu vertreten. Es gab auch gleich den Tipp, vielleicht mal zum Ozean zu gehen. Zum Ozean? Ja, das ist nur wenige Meter entfernt \u2013 einfach quer durch den Dschungel gehen. Wir h\u00e4tten so eine halbe Stunde Zeit.<\/p>\n\n\n\n<p>Da es doch sehr hei\u00df war haben wir noch kurz einen Schluck getrunken und losging es. Direkt am Kanal f\u00fchrt hier parallel eine Sandstra\u00dfe lang, aber nach nur wenigen Metern weiter waren wir komplett von Geb\u00fcschen umgeben. Also gleich nochmal den Sonnenstand gescheckt, damit wir uns auch f\u00fcr den R\u00fcckweg orientieren k\u00f6nnen, hatte aber nicht viel gebracht. Die Sonne stand senkrecht am Himmel. Also musste es so um die Mittagszeit sein und wir sp\u00fcrten auch mit diesem Wissen die Hitze noch intensiver. Wir mussten unsere Aufmerksamkeit jetzt etwas st\u00e4rker auf den Weg richten und hatten uns ein \u2013 zwei Punkte f\u00fcr den R\u00fcckweg gemerkt. Nat\u00fcrlich indem wir uns umgedreht haben, um die Punkte zu fixieren. Nach noch nicht mal 15 Minuten lichtete sich das Geb\u00fcsch und wir waren am Indischen Ozean.<\/p>\n\n\n\n<div class=\"wp-block-columns is-layout-flex wp-container-core-columns-is-layout-9d6595d7 wp-block-columns-is-layout-flex\">\n<div class=\"wp-block-column is-layout-flow wp-block-column-is-layout-flow\">\n<figure class=\"wp-block-image size-large\"><a href=\"https:\/\/www.guhalg.com\/wordpress\/wp-content\/uploads\/Reisen\/Madagaskar\/Weiterreise\/Ufer.jpg\"><img loading=\"lazy\" decoding=\"async\" width=\"1024\" height=\"575\" src=\"https:\/\/www.guhalg.com\/wordpress\/wp-content\/uploads\/Reisen\/Madagaskar\/Weiterreise\/Ufer-1024x575.jpg\" alt=\"Ufer\" class=\"wp-image-387\" srcset=\"https:\/\/www.guhalg.com\/wordpress\/wp-content\/uploads\/Reisen\/Madagaskar\/Weiterreise\/Ufer-1024x575.jpg 1024w, https:\/\/www.guhalg.com\/wordpress\/wp-content\/uploads\/Reisen\/Madagaskar\/Weiterreise\/Ufer-300x169.jpg 300w, https:\/\/www.guhalg.com\/wordpress\/wp-content\/uploads\/Reisen\/Madagaskar\/Weiterreise\/Ufer-768x432.jpg 768w, https:\/\/www.guhalg.com\/wordpress\/wp-content\/uploads\/Reisen\/Madagaskar\/Weiterreise\/Ufer-1536x863.jpg 1536w, https:\/\/www.guhalg.com\/wordpress\/wp-content\/uploads\/Reisen\/Madagaskar\/Weiterreise\/Ufer.jpg 1920w\" sizes=\"auto, (max-width: 1024px) 100vw, 1024px\" \/><\/a><figcaption>Ufer<\/figcaption><\/figure>\n<\/div>\n\n\n\n<div class=\"wp-block-column is-layout-flow wp-block-column-is-layout-flow\">\n<figure class=\"wp-block-image size-large\"><a href=\"https:\/\/www.guhalg.com\/wordpress\/wp-content\/uploads\/Reisen\/Madagaskar\/Weiterreise\/Ausblick.jpg\"><img loading=\"lazy\" decoding=\"async\" width=\"1024\" height=\"575\" src=\"https:\/\/www.guhalg.com\/wordpress\/wp-content\/uploads\/Reisen\/Madagaskar\/Weiterreise\/Ausblick-1024x575.jpg\" alt=\"Ausblick\" class=\"wp-image-381\" srcset=\"https:\/\/www.guhalg.com\/wordpress\/wp-content\/uploads\/Reisen\/Madagaskar\/Weiterreise\/Ausblick-1024x575.jpg 1024w, https:\/\/www.guhalg.com\/wordpress\/wp-content\/uploads\/Reisen\/Madagaskar\/Weiterreise\/Ausblick-300x169.jpg 300w, https:\/\/www.guhalg.com\/wordpress\/wp-content\/uploads\/Reisen\/Madagaskar\/Weiterreise\/Ausblick-768x432.jpg 768w, https:\/\/www.guhalg.com\/wordpress\/wp-content\/uploads\/Reisen\/Madagaskar\/Weiterreise\/Ausblick-1536x863.jpg 1536w, https:\/\/www.guhalg.com\/wordpress\/wp-content\/uploads\/Reisen\/Madagaskar\/Weiterreise\/Ausblick.jpg 1920w\" sizes=\"auto, (max-width: 1024px) 100vw, 1024px\" \/><\/a><figcaption>Ausblick<\/figcaption><\/figure>\n<\/div>\n\n\n\n<div class=\"wp-block-column is-layout-flow wp-block-column-is-layout-flow\">\n<figure class=\"wp-block-image size-large\"><a href=\"https:\/\/www.guhalg.com\/wordpress\/wp-content\/uploads\/Reisen\/Madagaskar\/Weiterreise\/Ozean.jpg\"><img loading=\"lazy\" decoding=\"async\" width=\"1024\" height=\"575\" src=\"https:\/\/www.guhalg.com\/wordpress\/wp-content\/uploads\/Reisen\/Madagaskar\/Weiterreise\/Ozean-1024x575.jpg\" alt=\"Ozean\" class=\"wp-image-385\" srcset=\"https:\/\/www.guhalg.com\/wordpress\/wp-content\/uploads\/Reisen\/Madagaskar\/Weiterreise\/Ozean-1024x575.jpg 1024w, https:\/\/www.guhalg.com\/wordpress\/wp-content\/uploads\/Reisen\/Madagaskar\/Weiterreise\/Ozean-300x169.jpg 300w, https:\/\/www.guhalg.com\/wordpress\/wp-content\/uploads\/Reisen\/Madagaskar\/Weiterreise\/Ozean-768x432.jpg 768w, https:\/\/www.guhalg.com\/wordpress\/wp-content\/uploads\/Reisen\/Madagaskar\/Weiterreise\/Ozean-1536x863.jpg 1536w, https:\/\/www.guhalg.com\/wordpress\/wp-content\/uploads\/Reisen\/Madagaskar\/Weiterreise\/Ozean.jpg 1920w\" sizes=\"auto, (max-width: 1024px) 100vw, 1024px\" \/><\/a><figcaption>Ozean<\/figcaption><\/figure>\n<\/div>\n<\/div>\n\n\n\n<p>Auf dieser Seite konnte man in keiner Richtung irgendwelche Anzeichen von Menschen erkennen. Weder gab es Boote noch kleine H\u00e4user, auch keinerlei Anzeichen von D\u00f6rfern, die vielleicht, etwas zur\u00fcckgesetzt hier sind. Es war v\u00f6llig menschenleer. Da wir aktuell nicht genau wussten, wie lange wir jetzt schon unterwegs waren, haben wir aber auch bald wieder den R\u00fcckweg angetreten. Erstmal wieder die Stelle am Ozean finden, wo wir aus dem Geb\u00fcsch herunter zum Wasser gegangen waren, um dann den Weg zur\u00fcck anzutreten.<\/p>\n\n\n\n<div class=\"wp-block-columns is-layout-flex wp-container-core-columns-is-layout-9d6595d7 wp-block-columns-is-layout-flex\">\n<div class=\"wp-block-column is-layout-flow wp-block-column-is-layout-flow\">\n<figure class=\"wp-block-image size-large\"><a href=\"https:\/\/www.guhalg.com\/wordpress\/wp-content\/uploads\/Reisen\/Madagaskar\/Weiterreise\/Zurueck.jpg\"><img loading=\"lazy\" decoding=\"async\" width=\"1024\" height=\"575\" src=\"https:\/\/www.guhalg.com\/wordpress\/wp-content\/uploads\/Reisen\/Madagaskar\/Weiterreise\/Zurueck-1024x575.jpg\" alt=\"Zurueck\" class=\"wp-image-389\" srcset=\"https:\/\/www.guhalg.com\/wordpress\/wp-content\/uploads\/Reisen\/Madagaskar\/Weiterreise\/Zurueck-1024x575.jpg 1024w, https:\/\/www.guhalg.com\/wordpress\/wp-content\/uploads\/Reisen\/Madagaskar\/Weiterreise\/Zurueck-300x169.jpg 300w, https:\/\/www.guhalg.com\/wordpress\/wp-content\/uploads\/Reisen\/Madagaskar\/Weiterreise\/Zurueck-768x432.jpg 768w, https:\/\/www.guhalg.com\/wordpress\/wp-content\/uploads\/Reisen\/Madagaskar\/Weiterreise\/Zurueck-1536x863.jpg 1536w, https:\/\/www.guhalg.com\/wordpress\/wp-content\/uploads\/Reisen\/Madagaskar\/Weiterreise\/Zurueck.jpg 1920w\" sizes=\"auto, (max-width: 1024px) 100vw, 1024px\" \/><\/a><figcaption>Zurueck<\/figcaption><\/figure>\n<\/div>\n\n\n\n<div class=\"wp-block-column is-layout-flow wp-block-column-is-layout-flow\">\n<figure class=\"wp-block-image size-large\"><a href=\"https:\/\/www.guhalg.com\/wordpress\/wp-content\/uploads\/Reisen\/Madagaskar\/Weiterreise\/Zurueck2.jpg\"><img loading=\"lazy\" decoding=\"async\" width=\"1024\" height=\"575\" src=\"https:\/\/www.guhalg.com\/wordpress\/wp-content\/uploads\/Reisen\/Madagaskar\/Weiterreise\/Zurueck2-1024x575.jpg\" alt=\"Auf ins Palmenmeer\" class=\"wp-image-390\" srcset=\"https:\/\/www.guhalg.com\/wordpress\/wp-content\/uploads\/Reisen\/Madagaskar\/Weiterreise\/Zurueck2-1024x575.jpg 1024w, https:\/\/www.guhalg.com\/wordpress\/wp-content\/uploads\/Reisen\/Madagaskar\/Weiterreise\/Zurueck2-300x169.jpg 300w, https:\/\/www.guhalg.com\/wordpress\/wp-content\/uploads\/Reisen\/Madagaskar\/Weiterreise\/Zurueck2-768x432.jpg 768w, https:\/\/www.guhalg.com\/wordpress\/wp-content\/uploads\/Reisen\/Madagaskar\/Weiterreise\/Zurueck2-1536x863.jpg 1536w, https:\/\/www.guhalg.com\/wordpress\/wp-content\/uploads\/Reisen\/Madagaskar\/Weiterreise\/Zurueck2.jpg 1920w\" sizes=\"auto, (max-width: 1024px) 100vw, 1024px\" \/><\/a><figcaption>Auf ins Palmenmeer<\/figcaption><\/figure>\n<\/div>\n\n\n\n<div class=\"wp-block-column is-layout-flow wp-block-column-is-layout-flow\">\n<figure class=\"wp-block-image size-large\"><a href=\"https:\/\/www.guhalg.com\/wordpress\/wp-content\/uploads\/Reisen\/Madagaskar\/Weiterreise\/Weg.jpg\"><img loading=\"lazy\" decoding=\"async\" width=\"1024\" height=\"575\" src=\"https:\/\/www.guhalg.com\/wordpress\/wp-content\/uploads\/Reisen\/Madagaskar\/Weiterreise\/Weg-1024x575.jpg\" alt=\"Der Weg\" class=\"wp-image-388\" srcset=\"https:\/\/www.guhalg.com\/wordpress\/wp-content\/uploads\/Reisen\/Madagaskar\/Weiterreise\/Weg-1024x575.jpg 1024w, https:\/\/www.guhalg.com\/wordpress\/wp-content\/uploads\/Reisen\/Madagaskar\/Weiterreise\/Weg-300x169.jpg 300w, https:\/\/www.guhalg.com\/wordpress\/wp-content\/uploads\/Reisen\/Madagaskar\/Weiterreise\/Weg-768x432.jpg 768w, https:\/\/www.guhalg.com\/wordpress\/wp-content\/uploads\/Reisen\/Madagaskar\/Weiterreise\/Weg-1536x863.jpg 1536w, https:\/\/www.guhalg.com\/wordpress\/wp-content\/uploads\/Reisen\/Madagaskar\/Weiterreise\/Weg.jpg 1920w\" sizes=\"auto, (max-width: 1024px) 100vw, 1024px\" \/><\/a><figcaption>Der Weg<\/figcaption><\/figure>\n<\/div>\n<\/div>\n\n\n\n<p>Wir wissen nicht genau wie lange wir unterwegs waren, aber das Boot wartete schon auf uns. Was immer da auch technisch nicht passte. Ob es \u00fcberhaupt ein Defekt war oder die Bootsjungs nur ein kleines Zwischengesch\u00e4ft abgewickelt haben und uns daher zum Ozean geschickt hatten zur freien Bahn. Keine Ahnung und f\u00fcr uns war es letztendlich ja auch egal. Nun ging landschaftlich noch eine Zeit so weiter, bis wir dann als Zeichen der Zivilisation eine Br\u00fccke \u00fcber den Kanal passierten. Dann ging es aber auch recht schnell, bis wir unseren Anleger erreicht haben, wo uns unserer Fahrer dann auch erwartete.<\/p>\n\n\n\n<p>Da wir ausgeruht von der Bootsfahrt waren, ging es auch gleich weiter mit der Besichtigung dieser Hafenstadt. Besonders einen ber\u00fchmten Park mit riesigen B\u00e4umen (Banyan Tree oder auch Bengalische Feige) wollten wir uns anschauen. Einmal nat\u00fcrlich wegen der B\u00e4ume an sich, aber auch, weil sich dort t\u00e4glich eine Gemeinschaft zum Boccia spielen einfindet.<\/p>\n\n\n\n<div class=\"wp-block-columns is-layout-flex wp-container-core-columns-is-layout-9d6595d7 wp-block-columns-is-layout-flex\">\n<div class=\"wp-block-column is-layout-flow wp-block-column-is-layout-flow\">\n<figure class=\"wp-block-image size-large\"><a href=\"https:\/\/www.guhalg.com\/wordpress\/wp-content\/uploads\/Reisen\/Madagaskar\/Weiterreise\/Banyan.jpg\"><img loading=\"lazy\" decoding=\"async\" width=\"1024\" height=\"575\" src=\"https:\/\/www.guhalg.com\/wordpress\/wp-content\/uploads\/Reisen\/Madagaskar\/Weiterreise\/Banyan-1024x575.jpg\" alt=\"Banyan Trees\" class=\"wp-image-382\" srcset=\"https:\/\/www.guhalg.com\/wordpress\/wp-content\/uploads\/Reisen\/Madagaskar\/Weiterreise\/Banyan-1024x575.jpg 1024w, https:\/\/www.guhalg.com\/wordpress\/wp-content\/uploads\/Reisen\/Madagaskar\/Weiterreise\/Banyan-300x169.jpg 300w, https:\/\/www.guhalg.com\/wordpress\/wp-content\/uploads\/Reisen\/Madagaskar\/Weiterreise\/Banyan-768x432.jpg 768w, https:\/\/www.guhalg.com\/wordpress\/wp-content\/uploads\/Reisen\/Madagaskar\/Weiterreise\/Banyan-1536x863.jpg 1536w, https:\/\/www.guhalg.com\/wordpress\/wp-content\/uploads\/Reisen\/Madagaskar\/Weiterreise\/Banyan.jpg 1920w\" sizes=\"auto, (max-width: 1024px) 100vw, 1024px\" \/><\/a><figcaption>Banyan Trees<\/figcaption><\/figure>\n<\/div>\n\n\n\n<div class=\"wp-block-column is-layout-flow wp-block-column-is-layout-flow\">\n<figure class=\"wp-block-image size-large\"><a href=\"https:\/\/www.guhalg.com\/wordpress\/wp-content\/uploads\/Reisen\/Madagaskar\/Weiterreise\/Boccia.jpg\"><img loading=\"lazy\" decoding=\"async\" width=\"1024\" height=\"575\" src=\"https:\/\/www.guhalg.com\/wordpress\/wp-content\/uploads\/Reisen\/Madagaskar\/Weiterreise\/Boccia-1024x575.jpg\" alt=\"Boccia\" class=\"wp-image-383\" srcset=\"https:\/\/www.guhalg.com\/wordpress\/wp-content\/uploads\/Reisen\/Madagaskar\/Weiterreise\/Boccia-1024x575.jpg 1024w, https:\/\/www.guhalg.com\/wordpress\/wp-content\/uploads\/Reisen\/Madagaskar\/Weiterreise\/Boccia-300x169.jpg 300w, https:\/\/www.guhalg.com\/wordpress\/wp-content\/uploads\/Reisen\/Madagaskar\/Weiterreise\/Boccia-768x432.jpg 768w, https:\/\/www.guhalg.com\/wordpress\/wp-content\/uploads\/Reisen\/Madagaskar\/Weiterreise\/Boccia-1536x863.jpg 1536w, https:\/\/www.guhalg.com\/wordpress\/wp-content\/uploads\/Reisen\/Madagaskar\/Weiterreise\/Boccia.jpg 1920w\" sizes=\"auto, (max-width: 1024px) 100vw, 1024px\" \/><\/a><figcaption>Boccia<\/figcaption><\/figure>\n<\/div>\n<\/div>\n\n\n\n<p>Anschlie\u00dfend ging es in unser Hotel und wir haben uns f\u00fcr sp\u00e4ter mit unserem Guide noch zum Abendessen verabredet. Schlie\u00dflich war dieses jetzt ja der letzte Abend auf dem Festland.<\/p>\n\n\n\n<p>Am n\u00e4chsten Morgen ging es weiter zum Badeurlaub auf die Insel Ile. Sainte Marie. Wir bekamen allerdings abends vom Guide den Anruf, doch lieber bei uns im Hotel essen zu gehen, da die Sicherheitslage im Dunkeln nicht die beste sei, insbesondere nicht f\u00fcr Touristen. Nun, auch das Essen bei uns im Hotel war hervorragend und nach einer erholsamen Nacht sind wir am n\u00e4chsten Morgen mit dem Flugzeug auf die Insel geflogen. Einfach eine Woche erholen von dieser erlebnisreichen Rundreise.<\/p>\n\n\n\n<p>Bevor wir die Erlebnisse unseres Entspannungsteils schildern, kommt auf der n\u00e4chsten Seite noch ein mehrfaches Erlebnis der Reise, das wir bisher noch gar nicht beschrieben haben: die einheimischen M\u00e4rkte.<\/p>\n\n\n\n<div class=\"wp-block-columns is-layout-flex wp-container-core-columns-is-layout-9d6595d7 wp-block-columns-is-layout-flex\">\n<div class=\"wp-block-column is-layout-flow wp-block-column-is-layout-flow\">\n<div class=\"wp-block-buttons is-layout-flex wp-block-buttons-is-layout-flex\">\n<div class=\"wp-block-button\"><a class=\"wp-block-button__link\" href=\"https:\/\/www.guhalg.com\/wordpress\/?page_id=367\">Folklore<\/a><\/div>\n<\/div>\n<\/div>\n\n\n\n<div class=\"wp-block-column is-layout-flow wp-block-column-is-layout-flow\">\n<div class=\"wp-block-buttons is-horizontal is-content-justification-right is-layout-flex wp-container-core-buttons-is-layout-ae2fe186 wp-block-buttons-is-layout-flex\">\n<div class=\"wp-block-button\"><a class=\"wp-block-button__link\" href=\"https:\/\/www.guhalg.com\/wordpress\/?page_id=423\">M\u00e4rkte<\/a><\/div>\n<\/div>\n<\/div>\n<\/div>\n","protected":false},"excerpt":{"rendered":"<p>Nach der erfrischenden morgendlichen Dusche und dem kurzen Packen unserer Reisetaschen ging es wieder zum leckeren Fr\u00fchst\u00fcck, und auch heute Morgen wieder begleitet von den frechen Lemuren. Immer auf dem Sprung, etwas vom Fr\u00fchst\u00fcckstisch zu klauen. Bald nach dem Fr\u00fchst\u00fcck&hellip; <\/p>\n","protected":false},"author":1,"featured_media":0,"parent":279,"menu_order":0,"comment_status":"closed","ping_status":"closed","template":"","meta":{"footnotes":""},"class_list":["post-374","page","type-page","status-publish","hentry"],"_links":{"self":[{"href":"https:\/\/www.guhalg.com\/wordpress\/index.php?rest_route=\/wp\/v2\/pages\/374","targetHints":{"allow":["GET"]}}],"collection":[{"href":"https:\/\/www.guhalg.com\/wordpress\/index.php?rest_route=\/wp\/v2\/pages"}],"about":[{"href":"https:\/\/www.guhalg.com\/wordpress\/index.php?rest_route=\/wp\/v2\/types\/page"}],"author":[{"embeddable":true,"href":"https:\/\/www.guhalg.com\/wordpress\/index.php?rest_route=\/wp\/v2\/users\/1"}],"replies":[{"embeddable":true,"href":"https:\/\/www.guhalg.com\/wordpress\/index.php?rest_route=%2Fwp%2Fv2%2Fcomments&post=374"}],"version-history":[{"count":11,"href":"https:\/\/www.guhalg.com\/wordpress\/index.php?rest_route=\/wp\/v2\/pages\/374\/revisions"}],"predecessor-version":[{"id":7858,"href":"https:\/\/www.guhalg.com\/wordpress\/index.php?rest_route=\/wp\/v2\/pages\/374\/revisions\/7858"}],"up":[{"embeddable":true,"href":"https:\/\/www.guhalg.com\/wordpress\/index.php?rest_route=\/wp\/v2\/pages\/279"}],"wp:attachment":[{"href":"https:\/\/www.guhalg.com\/wordpress\/index.php?rest_route=%2Fwp%2Fv2%2Fmedia&parent=374"}],"curies":[{"name":"wp","href":"https:\/\/api.w.org\/{rel}","templated":true}]}}