{"id":3756,"date":"2021-12-04T22:01:27","date_gmt":"2021-12-04T21:01:27","guid":{"rendered":"https:\/\/www.guhalg.com\/wordpress\/?page_id=3756"},"modified":"2022-02-07T19:16:18","modified_gmt":"2022-02-07T18:16:18","slug":"mexiko-tulum","status":"publish","type":"page","link":"https:\/\/www.guhalg.com\/wordpress\/?page_id=3756","title":{"rendered":"Mexiko &#8211; Tulum"},"content":{"rendered":"\n<p>Da wir uns in Yukatan in einer Hochburg der ehemaligen Maya Kultur befanden, haben wir die Gelegenheit genutzt uns im Nachbarort Tulum die einzige Maya Siedlung direkt am Meer anzuschauen. Hier mal der Link auf Wikipedia <a href=\"http:\/\/de.wikipedia.org\/wiki\/Tul%C3%BAm\">Tulum<\/a> und ein Panoramabild zur Einstimmung. <\/p>\n\n\n\n<div class=\"wp-block-image\"><figure class=\"aligncenter size-large\"><a href=\"https:\/\/www.guhalg.com\/wordpress\/wp-content\/uploads\/Reisen\/Mexiko2007\/Tulum\/Uebersicht-scaled.jpg\"><img loading=\"lazy\" decoding=\"async\" width=\"1024\" height=\"241\" src=\"https:\/\/www.guhalg.com\/wordpress\/wp-content\/uploads\/Reisen\/Mexiko2007\/Tulum\/Uebersicht-1024x241.jpg\" alt=\"Panorama von Tulum\" class=\"wp-image-3775\" srcset=\"https:\/\/www.guhalg.com\/wordpress\/wp-content\/uploads\/Reisen\/Mexiko2007\/Tulum\/Uebersicht-1024x241.jpg 1024w, https:\/\/www.guhalg.com\/wordpress\/wp-content\/uploads\/Reisen\/Mexiko2007\/Tulum\/Uebersicht-300x71.jpg 300w, https:\/\/www.guhalg.com\/wordpress\/wp-content\/uploads\/Reisen\/Mexiko2007\/Tulum\/Uebersicht-768x181.jpg 768w, https:\/\/www.guhalg.com\/wordpress\/wp-content\/uploads\/Reisen\/Mexiko2007\/Tulum\/Uebersicht-1536x362.jpg 1536w, https:\/\/www.guhalg.com\/wordpress\/wp-content\/uploads\/Reisen\/Mexiko2007\/Tulum\/Uebersicht-2048x482.jpg 2048w\" sizes=\"auto, (max-width: 1024px) 100vw, 1024px\" \/><\/a><figcaption>Panorama von Tulum<\/figcaption><\/figure><\/div>\n\n\n\n<p>Wir sind mit dem Bus von Playa del Carmen direkt bis zur Haltestelle an der Maya Siedlung gefahren. Auf dem Weg zum Strand sind wir schon direkt in den \u00fcblichen, touristischen Rummel an ber\u00fchmten Pl\u00e4tzen eingetaucht: Souvenirst\u00e4nde, Getr\u00e4nke- und Fressbuden, aber auch Darbietungen der einheimischen Folklore.<\/p>\n\n\n\n<div class=\"wp-block-columns is-layout-flex wp-container-core-columns-is-layout-9d6595d7 wp-block-columns-is-layout-flex\">\n<div class=\"wp-block-column is-layout-flow wp-block-column-is-layout-flow\">\n<div class=\"wp-block-image\"><figure class=\"aligncenter size-full\"><a href=\"https:\/\/www.guhalg.com\/wordpress\/wp-content\/uploads\/Reisen\/Mexiko2007\/Tulum\/20071113 - 11 48 55.jpg\"><img loading=\"lazy\" decoding=\"async\" width=\"800\" height=\"600\" src=\"https:\/\/www.guhalg.com\/wordpress\/wp-content\/uploads\/Reisen\/Mexiko2007\/Tulum\/20071113 - 11 48 55.jpg\" alt=\"souvenirs\" class=\"wp-image-3763\" srcset=\"https:\/\/www.guhalg.com\/wordpress\/wp-content\/uploads\/Reisen\/Mexiko2007\/Tulum\/20071113%20-%2011%2048%2055.jpg 800w, https:\/\/www.guhalg.com\/wordpress\/wp-content\/uploads\/Reisen\/Mexiko2007\/Tulum\/20071113%20-%2011%2048%2055-300x225.jpg 300w, https:\/\/www.guhalg.com\/wordpress\/wp-content\/uploads\/Reisen\/Mexiko2007\/Tulum\/20071113%20-%2011%2048%2055-768x576.jpg 768w\" sizes=\"auto, (max-width: 800px) 100vw, 800px\" \/><\/a><figcaption>Souvenirs<\/figcaption><\/figure><\/div>\n<\/div>\n\n\n\n<div class=\"wp-block-column is-layout-flow wp-block-column-is-layout-flow\">\n<div class=\"wp-block-image\"><figure class=\"aligncenter size-full\"><a href=\"https:\/\/www.guhalg.com\/wordpress\/wp-content\/uploads\/Reisen\/Mexiko2007\/Tulum\/20071113 - 11 50 19.jpg\"><img loading=\"lazy\" decoding=\"async\" width=\"800\" height=\"600\" src=\"https:\/\/www.guhalg.com\/wordpress\/wp-content\/uploads\/Reisen\/Mexiko2007\/Tulum\/20071113 - 11 50 19.jpg\" alt=\"Darbietungen\" class=\"wp-image-3764\" srcset=\"https:\/\/www.guhalg.com\/wordpress\/wp-content\/uploads\/Reisen\/Mexiko2007\/Tulum\/20071113%20-%2011%2050%2019.jpg 800w, https:\/\/www.guhalg.com\/wordpress\/wp-content\/uploads\/Reisen\/Mexiko2007\/Tulum\/20071113%20-%2011%2050%2019-300x225.jpg 300w, https:\/\/www.guhalg.com\/wordpress\/wp-content\/uploads\/Reisen\/Mexiko2007\/Tulum\/20071113%20-%2011%2050%2019-768x576.jpg 768w\" sizes=\"auto, (max-width: 800px) 100vw, 800px\" \/><\/a><figcaption>Darbietungen<\/figcaption><\/figure><\/div>\n<\/div>\n<\/div>\n\n\n\n<p>Etwas verbl\u00fcfft waren wir \u00fcber die Menge an Leuten, die sowohl hin- als auch zur\u00fcckstr\u00f6mten bzw. \u00fcber die Warteschlange am Kasse H\u00e4uschen f\u00fcr die Eintrittskarten. Wir haben noch einen einheimischen F\u00fchrer genommen und sind los die Vergangenheit zu erkunden.<\/p>\n\n\n\n<div class=\"wp-block-columns is-layout-flex wp-container-core-columns-is-layout-9d6595d7 wp-block-columns-is-layout-flex\">\n<div class=\"wp-block-column is-layout-flow wp-block-column-is-layout-flow\">\n<div class=\"wp-block-image\"><figure class=\"aligncenter size-full\"><a href=\"https:\/\/www.guhalg.com\/wordpress\/wp-content\/uploads\/Reisen\/Mexiko2007\/Tulum\/20071113 - 11 57 37.jpg\"><img loading=\"lazy\" decoding=\"async\" width=\"800\" height=\"600\" src=\"https:\/\/www.guhalg.com\/wordpress\/wp-content\/uploads\/Reisen\/Mexiko2007\/Tulum\/20071113 - 11 57 37.jpg\" alt=\"Andrang\" class=\"wp-image-3765\" srcset=\"https:\/\/www.guhalg.com\/wordpress\/wp-content\/uploads\/Reisen\/Mexiko2007\/Tulum\/20071113%20-%2011%2057%2037.jpg 800w, https:\/\/www.guhalg.com\/wordpress\/wp-content\/uploads\/Reisen\/Mexiko2007\/Tulum\/20071113%20-%2011%2057%2037-300x225.jpg 300w, https:\/\/www.guhalg.com\/wordpress\/wp-content\/uploads\/Reisen\/Mexiko2007\/Tulum\/20071113%20-%2011%2057%2037-768x576.jpg 768w\" sizes=\"auto, (max-width: 800px) 100vw, 800px\" \/><\/a><figcaption>Andrang<\/figcaption><\/figure><\/div>\n<\/div>\n\n\n\n<div class=\"wp-block-column is-layout-flow wp-block-column-is-layout-flow\">\n<div class=\"wp-block-image\"><figure class=\"aligncenter size-full\"><a href=\"https:\/\/www.guhalg.com\/wordpress\/wp-content\/uploads\/Reisen\/Mexiko2007\/Tulum\/20071113 - 11 59 01.jpg\"><img loading=\"lazy\" decoding=\"async\" width=\"800\" height=\"600\" src=\"https:\/\/www.guhalg.com\/wordpress\/wp-content\/uploads\/Reisen\/Mexiko2007\/Tulum\/20071113 - 11 59 01.jpg\" alt=\"Leute\" class=\"wp-image-3766\" srcset=\"https:\/\/www.guhalg.com\/wordpress\/wp-content\/uploads\/Reisen\/Mexiko2007\/Tulum\/20071113%20-%2011%2059%2001.jpg 800w, https:\/\/www.guhalg.com\/wordpress\/wp-content\/uploads\/Reisen\/Mexiko2007\/Tulum\/20071113%20-%2011%2059%2001-300x225.jpg 300w, https:\/\/www.guhalg.com\/wordpress\/wp-content\/uploads\/Reisen\/Mexiko2007\/Tulum\/20071113%20-%2011%2059%2001-768x576.jpg 768w\" sizes=\"auto, (max-width: 800px) 100vw, 800px\" \/><\/a><figcaption>Leute<\/figcaption><\/figure><\/div>\n<\/div>\n\n\n\n<div class=\"wp-block-column is-layout-flow wp-block-column-is-layout-flow\">\n<div class=\"wp-block-image\"><figure class=\"aligncenter size-full\"><a href=\"https:\/\/www.guhalg.com\/wordpress\/wp-content\/uploads\/Reisen\/Mexiko2007\/Tulum\/20071113 - 12 02 33.jpg\"><img loading=\"lazy\" decoding=\"async\" width=\"800\" height=\"600\" src=\"https:\/\/www.guhalg.com\/wordpress\/wp-content\/uploads\/Reisen\/Mexiko2007\/Tulum\/20071113 - 12 02 33.jpg\" alt=\"Schlange am Kasseh\u00e4uschen\" class=\"wp-image-3767\" srcset=\"https:\/\/www.guhalg.com\/wordpress\/wp-content\/uploads\/Reisen\/Mexiko2007\/Tulum\/20071113%20-%2012%2002%2033.jpg 800w, https:\/\/www.guhalg.com\/wordpress\/wp-content\/uploads\/Reisen\/Mexiko2007\/Tulum\/20071113%20-%2012%2002%2033-300x225.jpg 300w, https:\/\/www.guhalg.com\/wordpress\/wp-content\/uploads\/Reisen\/Mexiko2007\/Tulum\/20071113%20-%2012%2002%2033-768x576.jpg 768w\" sizes=\"auto, (max-width: 800px) 100vw, 800px\" \/><\/a><figcaption>Schlange am Kasse H\u00e4uschen<\/figcaption><\/figure><\/div>\n<\/div>\n<\/div>\n\n\n\n<p>Die vielen Bilder aus Tulum findet ihr hier: <a href=\"https:\/\/www.guhalg.com\/wordpress\/?page_id=3782\" data-type=\"page\" data-id=\"3782\">Bildergalerie Tulum<\/a> Nach der sehr interessanten F\u00fchrung (unser F\u00fchrer sprach ein gutes Deutsch) und ausgiebiger Besichtigung sind wir zu Fu\u00df weiter in Richtung Tulum Stadt gegangen. Vorbei an traumhaften Str\u00e4nden und kleinen Bars. Diese geniale Landschaft hat auch viele, teilweise sehr skurrile, Aussteiger angelockt. Die Verlockung sich hier f\u00fcr 1-2 Jahre niederzulassen, entspannen und eigentlich nichts zu tun dr\u00e4ngt sich geradezu auf. Traumhafte Karibik.<\/p>\n\n\n\n<div class=\"wp-block-columns is-layout-flex wp-container-core-columns-is-layout-9d6595d7 wp-block-columns-is-layout-flex\">\n<div class=\"wp-block-column is-layout-flow wp-block-column-is-layout-flow\">\n<div class=\"wp-block-image\"><figure class=\"aligncenter size-full\"><a href=\"https:\/\/www.guhalg.com\/wordpress\/wp-content\/uploads\/Reisen\/Mexiko2007\/Tulum\/20071113 - 14 41 19.jpg\"><img loading=\"lazy\" decoding=\"async\" width=\"800\" height=\"600\" src=\"https:\/\/www.guhalg.com\/wordpress\/wp-content\/uploads\/Reisen\/Mexiko2007\/Tulum\/20071113 - 14 41 19.jpg\" alt=\"endloser Strand\" class=\"wp-image-3770\" srcset=\"https:\/\/www.guhalg.com\/wordpress\/wp-content\/uploads\/Reisen\/Mexiko2007\/Tulum\/20071113%20-%2014%2041%2019.jpg 800w, https:\/\/www.guhalg.com\/wordpress\/wp-content\/uploads\/Reisen\/Mexiko2007\/Tulum\/20071113%20-%2014%2041%2019-300x225.jpg 300w, https:\/\/www.guhalg.com\/wordpress\/wp-content\/uploads\/Reisen\/Mexiko2007\/Tulum\/20071113%20-%2014%2041%2019-768x576.jpg 768w\" sizes=\"auto, (max-width: 800px) 100vw, 800px\" \/><\/a><figcaption>endloser Strand<\/figcaption><\/figure><\/div>\n<\/div>\n\n\n\n<div class=\"wp-block-column is-layout-flow wp-block-column-is-layout-flow\">\n<div class=\"wp-block-image\"><figure class=\"aligncenter size-full\"><a href=\"https:\/\/www.guhalg.com\/wordpress\/wp-content\/uploads\/Reisen\/Mexiko2007\/Tulum\/20071113 - 15 26 34.jpg\"><img loading=\"lazy\" decoding=\"async\" width=\"800\" height=\"600\" src=\"https:\/\/www.guhalg.com\/wordpress\/wp-content\/uploads\/Reisen\/Mexiko2007\/Tulum\/20071113 - 15 26 34.jpg\" alt=\"weit bis zum Meer\" class=\"wp-image-3773\" srcset=\"https:\/\/www.guhalg.com\/wordpress\/wp-content\/uploads\/Reisen\/Mexiko2007\/Tulum\/20071113%20-%2015%2026%2034.jpg 800w, https:\/\/www.guhalg.com\/wordpress\/wp-content\/uploads\/Reisen\/Mexiko2007\/Tulum\/20071113%20-%2015%2026%2034-300x225.jpg 300w, https:\/\/www.guhalg.com\/wordpress\/wp-content\/uploads\/Reisen\/Mexiko2007\/Tulum\/20071113%20-%2015%2026%2034-768x576.jpg 768w\" sizes=\"auto, (max-width: 800px) 100vw, 800px\" \/><\/a><figcaption>weit bis zum Meer<\/figcaption><\/figure><\/div>\n<\/div>\n\n\n\n<div class=\"wp-block-column is-layout-flow wp-block-column-is-layout-flow\">\n<div class=\"wp-block-image\"><figure class=\"aligncenter size-full\"><a href=\"https:\/\/www.guhalg.com\/wordpress\/wp-content\/uploads\/Reisen\/Mexiko2007\/Tulum\/20071113 - 14 41 32.jpg\"><img loading=\"lazy\" decoding=\"async\" width=\"800\" height=\"600\" src=\"https:\/\/www.guhalg.com\/wordpress\/wp-content\/uploads\/Reisen\/Mexiko2007\/Tulum\/20071113 - 14 41 32.jpg\" alt=\"Traumhaft sch\u00f6n\" class=\"wp-image-3771\" srcset=\"https:\/\/www.guhalg.com\/wordpress\/wp-content\/uploads\/Reisen\/Mexiko2007\/Tulum\/20071113%20-%2014%2041%2032.jpg 800w, https:\/\/www.guhalg.com\/wordpress\/wp-content\/uploads\/Reisen\/Mexiko2007\/Tulum\/20071113%20-%2014%2041%2032-300x225.jpg 300w, https:\/\/www.guhalg.com\/wordpress\/wp-content\/uploads\/Reisen\/Mexiko2007\/Tulum\/20071113%20-%2014%2041%2032-768x576.jpg 768w\" sizes=\"auto, (max-width: 800px) 100vw, 800px\" \/><\/a><figcaption>Traumhaft sch\u00f6n<\/figcaption><\/figure><\/div>\n<\/div>\n<\/div>\n\n\n\n<div class=\"wp-block-columns is-layout-flex wp-container-core-columns-is-layout-9d6595d7 wp-block-columns-is-layout-flex\">\n<div class=\"wp-block-column is-layout-flow wp-block-column-is-layout-flow\">\n<div class=\"wp-block-image\"><figure class=\"aligncenter size-full\"><a href=\"https:\/\/www.guhalg.com\/wordpress\/wp-content\/uploads\/Reisen\/Mexiko2007\/Tulum\/20071113 - 15 23 55.jpg\"><img loading=\"lazy\" decoding=\"async\" width=\"800\" height=\"600\" src=\"https:\/\/www.guhalg.com\/wordpress\/wp-content\/uploads\/Reisen\/Mexiko2007\/Tulum\/20071113 - 15 23 55.jpg\" alt=\"hier eine Strandbar\" class=\"wp-image-3772\" srcset=\"https:\/\/www.guhalg.com\/wordpress\/wp-content\/uploads\/Reisen\/Mexiko2007\/Tulum\/20071113%20-%2015%2023%2055.jpg 800w, https:\/\/www.guhalg.com\/wordpress\/wp-content\/uploads\/Reisen\/Mexiko2007\/Tulum\/20071113%20-%2015%2023%2055-300x225.jpg 300w, https:\/\/www.guhalg.com\/wordpress\/wp-content\/uploads\/Reisen\/Mexiko2007\/Tulum\/20071113%20-%2015%2023%2055-768x576.jpg 768w\" sizes=\"auto, (max-width: 800px) 100vw, 800px\" \/><\/a><figcaption>hier eine Strandbar<\/figcaption><\/figure><\/div>\n<\/div>\n\n\n\n<div class=\"wp-block-column is-layout-flow wp-block-column-is-layout-flow\">\n<div class=\"wp-block-image\"><figure class=\"aligncenter size-full\"><a href=\"https:\/\/www.guhalg.com\/wordpress\/wp-content\/uploads\/Reisen\/Mexiko2007\/Tulum\/20071113 - 15 33 00.jpg\"><img loading=\"lazy\" decoding=\"async\" width=\"800\" height=\"600\" src=\"https:\/\/www.guhalg.com\/wordpress\/wp-content\/uploads\/Reisen\/Mexiko2007\/Tulum\/20071113 - 15 33 00.jpg\" alt=\"dort eine Strandbar\" class=\"wp-image-3774\" srcset=\"https:\/\/www.guhalg.com\/wordpress\/wp-content\/uploads\/Reisen\/Mexiko2007\/Tulum\/20071113%20-%2015%2033%2000.jpg 800w, https:\/\/www.guhalg.com\/wordpress\/wp-content\/uploads\/Reisen\/Mexiko2007\/Tulum\/20071113%20-%2015%2033%2000-300x225.jpg 300w, https:\/\/www.guhalg.com\/wordpress\/wp-content\/uploads\/Reisen\/Mexiko2007\/Tulum\/20071113%20-%2015%2033%2000-768x576.jpg 768w\" sizes=\"auto, (max-width: 800px) 100vw, 800px\" \/><\/a><figcaption>dort eine Strandbar<\/figcaption><\/figure><\/div>\n<\/div>\n<\/div>\n\n\n\n<p>Wir haben die Bars nicht alle betreten und trotzdem zog sich der Weg nach Tulum und zog sich. So haben wir letztendlich ein Taxi genommen, das uns nach Tulum gebracht hat. Dort ging es nach einem Kaffee in einer kleinen Bar und der Besichtigung einiger kleiner L\u00e4den mit dem Bus zur\u00fcck nach Playa del Carmen. Dieser Tag war ein unvergleichliches Erlebnis.<\/p>\n\n\n\n<div class=\"wp-block-columns is-layout-flex wp-container-core-columns-is-layout-9d6595d7 wp-block-columns-is-layout-flex\">\n<div class=\"wp-block-column is-layout-flow wp-block-column-is-layout-flow\">\n<div class=\"wp-block-buttons is-layout-flex wp-block-buttons-is-layout-flex\">\n<div class=\"wp-block-button\"><a class=\"wp-block-button__link\" href=\"https:\/\/www.guhalg.com\/wordpress\/?page_id=3727\">Tauchen in der Karibik<\/a><\/div>\n<\/div>\n<\/div>\n\n\n\n<div class=\"wp-block-column is-layout-flow wp-block-column-is-layout-flow\">\n<div class=\"wp-block-buttons is-horizontal is-content-justification-right is-layout-flex wp-container-core-buttons-is-layout-ae2fe186 wp-block-buttons-is-layout-flex\">\n<div class=\"wp-block-button\"><a class=\"wp-block-button__link\" href=\"https:\/\/www.guhalg.com\/wordpress\/?page_id=3873\">Chitzen Itza<\/a><\/div>\n<\/div>\n<\/div>\n<\/div>\n","protected":false},"excerpt":{"rendered":"<p>Da wir uns in Yukatan in einer Hochburg der ehemaligen Maya Kultur befanden, haben wir die Gelegenheit genutzt uns im Nachbarort Tulum die einzige Maya Siedlung direkt am Meer anzuschauen. Hier mal der Link auf Wikipedia Tulum und ein Panoramabild&hellip; <\/p>\n","protected":false},"author":1,"featured_media":0,"parent":3548,"menu_order":5,"comment_status":"closed","ping_status":"closed","template":"","meta":{"footnotes":""},"class_list":["post-3756","page","type-page","status-publish","hentry"],"_links":{"self":[{"href":"https:\/\/www.guhalg.com\/wordpress\/index.php?rest_route=\/wp\/v2\/pages\/3756","targetHints":{"allow":["GET"]}}],"collection":[{"href":"https:\/\/www.guhalg.com\/wordpress\/index.php?rest_route=\/wp\/v2\/pages"}],"about":[{"href":"https:\/\/www.guhalg.com\/wordpress\/index.php?rest_route=\/wp\/v2\/types\/page"}],"author":[{"embeddable":true,"href":"https:\/\/www.guhalg.com\/wordpress\/index.php?rest_route=\/wp\/v2\/users\/1"}],"replies":[{"embeddable":true,"href":"https:\/\/www.guhalg.com\/wordpress\/index.php?rest_route=%2Fwp%2Fv2%2Fcomments&post=3756"}],"version-history":[{"count":10,"href":"https:\/\/www.guhalg.com\/wordpress\/index.php?rest_route=\/wp\/v2\/pages\/3756\/revisions"}],"predecessor-version":[{"id":7714,"href":"https:\/\/www.guhalg.com\/wordpress\/index.php?rest_route=\/wp\/v2\/pages\/3756\/revisions\/7714"}],"up":[{"embeddable":true,"href":"https:\/\/www.guhalg.com\/wordpress\/index.php?rest_route=\/wp\/v2\/pages\/3548"}],"wp:attachment":[{"href":"https:\/\/www.guhalg.com\/wordpress\/index.php?rest_route=%2Fwp%2Fv2%2Fmedia&parent=3756"}],"curies":[{"name":"wp","href":"https:\/\/api.w.org\/{rel}","templated":true}]}}