{"id":3873,"date":"2021-12-05T14:13:07","date_gmt":"2021-12-05T13:13:07","guid":{"rendered":"https:\/\/www.guhalg.com\/wordpress\/?page_id=3873"},"modified":"2022-02-07T19:20:28","modified_gmt":"2022-02-07T18:20:28","slug":"mexiko-chitzen-itza","status":"publish","type":"page","link":"https:\/\/www.guhalg.com\/wordpress\/?page_id=3873","title":{"rendered":"Mexiko &#8211; Chitzen Itza"},"content":{"rendered":"\n<p>Nachdem wir an der Meeressiedlung Tulum so richtig auf den Geschmack gekommen sind, haben wir uns auf den Weg nach Chitzen Itza gemacht. Eine sehr bekannte Maya Siedlung, die u.a. auch von den Pauschal Touristen der Luxus Liner besucht wird, die in Cozumel eine Zwischenstation in Mexiko machen. Chitzen Itza ist mittlerweile sehr gut restauriert und wurde samt Infrastruktur f\u00fcr den Tourismus ausgebaut. Zur Einstimmung der Link auf Wikipedia <a href=\"http:\/\/de.wikipedia.org\/wiki\/Chich%C3%A9n_Itz%C3%A1\">Chitzen Itza<\/a> und ein Panoramabild. <\/p>\n\n\n\n<div class=\"wp-block-image\"><figure class=\"aligncenter size-large\"><a href=\"https:\/\/www.guhalg.com\/wordpress\/wp-content\/uploads\/Reisen\/Mexiko2007\/Chitzen\/Uebersicht-scaled.jpg\"><img loading=\"lazy\" decoding=\"async\" width=\"1024\" height=\"177\" src=\"https:\/\/www.guhalg.com\/wordpress\/wp-content\/uploads\/Reisen\/Mexiko2007\/Chitzen\/Uebersicht-1024x177.jpg\" alt=\"\u00dcbersicht Chitzen Itza\" class=\"wp-image-3882\" srcset=\"https:\/\/www.guhalg.com\/wordpress\/wp-content\/uploads\/Reisen\/Mexiko2007\/Chitzen\/Uebersicht-1024x177.jpg 1024w, https:\/\/www.guhalg.com\/wordpress\/wp-content\/uploads\/Reisen\/Mexiko2007\/Chitzen\/Uebersicht-300x52.jpg 300w, https:\/\/www.guhalg.com\/wordpress\/wp-content\/uploads\/Reisen\/Mexiko2007\/Chitzen\/Uebersicht-768x132.jpg 768w, https:\/\/www.guhalg.com\/wordpress\/wp-content\/uploads\/Reisen\/Mexiko2007\/Chitzen\/Uebersicht-1536x265.jpg 1536w, https:\/\/www.guhalg.com\/wordpress\/wp-content\/uploads\/Reisen\/Mexiko2007\/Chitzen\/Uebersicht-2048x353.jpg 2048w\" sizes=\"auto, (max-width: 1024px) 100vw, 1024px\" \/><\/a><figcaption>\u00dcbersicht Chitzen Itza<\/figcaption><\/figure><\/div>\n\n\n\n<p>Der Tagesausflug begann schon recht fr\u00fch denn wir sind mit einem Linienbus nach Chitzen Itza gefahren. Diese Fernreisebusse sind erstaunlich komfortabel und modern ausger\u00fcstet allerdings, wie immer in warmen L\u00e4ndern, sehr kalt klimatisiert. Die Videos auf dem TFT Schirm konnten wir w\u00e4hrend der Fahrt aufgrund der spanischen Sprache nicht verfolgen. Wir glauben aber, das war kein Verlust. Nach mehr als drei Stunden Fahrt sind wir zusammen mit vielen anderen Bussen auf dem gro\u00dfen Parkplatz angekommen. Dort haben wir uns die Abfahrtszeit f\u00fcr den R\u00fcckweg herausgesucht um unsere reservierten Pl\u00e4tze nicht zu verpassen, uns den Abfahrtsort unserer Linie gemerkt, ja und dann haben wir uns all den anderen Touristen angeschlossen. Auf ins Get\u00fcmmel und auf, die Anlage zu erkunden. <\/p>\n\n\n\n<p>Im Eingangsbereich gibt es gleich eine \u00dcbersicht \u00fcber das Gel\u00e4nde, so dass man sofort die Gr\u00f6\u00dfe der gesamten Anlage erkennt. <\/p>\n\n\n\n<div class=\"wp-block-columns is-layout-flex wp-container-core-columns-is-layout-9d6595d7 wp-block-columns-is-layout-flex\">\n<div class=\"wp-block-column is-layout-flow wp-block-column-is-layout-flow\">\n<div class=\"wp-block-image\"><figure class=\"aligncenter size-full\"><a href=\"https:\/\/www.guhalg.com\/wordpress\/wp-content\/uploads\/Reisen\/Mexiko2007\/Chitzen\/20071117 - 16 11 15.jpg\"><img loading=\"lazy\" decoding=\"async\" width=\"800\" height=\"600\" src=\"https:\/\/www.guhalg.com\/wordpress\/wp-content\/uploads\/Reisen\/Mexiko2007\/Chitzen\/20071117 - 16 11 15.jpg\" alt=\"Chitzen Itza\" class=\"wp-image-3878\" srcset=\"https:\/\/www.guhalg.com\/wordpress\/wp-content\/uploads\/Reisen\/Mexiko2007\/Chitzen\/20071117%20-%2016%2011%2015.jpg 800w, https:\/\/www.guhalg.com\/wordpress\/wp-content\/uploads\/Reisen\/Mexiko2007\/Chitzen\/20071117%20-%2016%2011%2015-300x225.jpg 300w, https:\/\/www.guhalg.com\/wordpress\/wp-content\/uploads\/Reisen\/Mexiko2007\/Chitzen\/20071117%20-%2016%2011%2015-768x576.jpg 768w\" sizes=\"auto, (max-width: 800px) 100vw, 800px\" \/><\/a><figcaption>Chitzen Itza<\/figcaption><\/figure><\/div>\n<\/div>\n\n\n\n<div class=\"wp-block-column is-layout-flow wp-block-column-is-layout-flow\">\n<div class=\"wp-block-image\"><figure class=\"aligncenter size-full\"><a href=\"https:\/\/www.guhalg.com\/wordpress\/wp-content\/uploads\/Reisen\/Mexiko2007\/Chitzen\/20071117 - 16 11 39.jpg\"><img loading=\"lazy\" decoding=\"async\" width=\"800\" height=\"600\" src=\"https:\/\/www.guhalg.com\/wordpress\/wp-content\/uploads\/Reisen\/Mexiko2007\/Chitzen\/20071117 - 16 11 39.jpg\" alt=\"Chitzen Itza\" class=\"wp-image-3879\" srcset=\"https:\/\/www.guhalg.com\/wordpress\/wp-content\/uploads\/Reisen\/Mexiko2007\/Chitzen\/20071117%20-%2016%2011%2039.jpg 800w, https:\/\/www.guhalg.com\/wordpress\/wp-content\/uploads\/Reisen\/Mexiko2007\/Chitzen\/20071117%20-%2016%2011%2039-300x225.jpg 300w, https:\/\/www.guhalg.com\/wordpress\/wp-content\/uploads\/Reisen\/Mexiko2007\/Chitzen\/20071117%20-%2016%2011%2039-768x576.jpg 768w\" sizes=\"auto, (max-width: 800px) 100vw, 800px\" \/><\/a><figcaption>Chitzen Itza<\/figcaption><\/figure><\/div>\n<\/div>\n\n\n\n<div class=\"wp-block-column is-layout-flow wp-block-column-is-layout-flow\">\n<div class=\"wp-block-image\"><figure class=\"aligncenter size-full\"><a href=\"https:\/\/www.guhalg.com\/wordpress\/wp-content\/uploads\/Reisen\/Mexiko2007\/Chitzen\/20071117 - 16 11 57.jpg\"><img loading=\"lazy\" decoding=\"async\" width=\"800\" height=\"600\" src=\"https:\/\/www.guhalg.com\/wordpress\/wp-content\/uploads\/Reisen\/Mexiko2007\/Chitzen\/20071117 - 16 11 57.jpg\" alt=\"Chitzen Itza\" class=\"wp-image-3880\" srcset=\"https:\/\/www.guhalg.com\/wordpress\/wp-content\/uploads\/Reisen\/Mexiko2007\/Chitzen\/20071117%20-%2016%2011%2057.jpg 800w, https:\/\/www.guhalg.com\/wordpress\/wp-content\/uploads\/Reisen\/Mexiko2007\/Chitzen\/20071117%20-%2016%2011%2057-300x225.jpg 300w, https:\/\/www.guhalg.com\/wordpress\/wp-content\/uploads\/Reisen\/Mexiko2007\/Chitzen\/20071117%20-%2016%2011%2057-768x576.jpg 768w\" sizes=\"auto, (max-width: 800px) 100vw, 800px\" \/><\/a><figcaption>Chitzen Itza<\/figcaption><\/figure><\/div>\n<\/div>\n<\/div>\n\n\n\n<p>Wenn man nun bedenkt, dass wir uns hier mitten im Urwald aufhalten, so ist diese Anlage mit ihren Rasen- und Freifl\u00e4chen extrem gepflegt. Die Geb\u00e4ude wurden teilweise hervorragend wieder aufgebaut und restauriert. Allerdings gibt es ein wenig abseits der Touristenwege auch noch viel Arbeit.<\/p>\n\n\n\n<div class=\"wp-block-image\"><figure class=\"aligncenter size-full\"><a href=\"https:\/\/www.guhalg.com\/wordpress\/wp-content\/uploads\/Reisen\/Mexiko2007\/Chitzen\/20071117 - 12 30 49.jpg\"><img loading=\"lazy\" decoding=\"async\" width=\"800\" height=\"600\" src=\"https:\/\/www.guhalg.com\/wordpress\/wp-content\/uploads\/Reisen\/Mexiko2007\/Chitzen\/20071117 - 12 30 49.jpg\" alt=\"Schmuckk\u00f6pfe\" class=\"wp-image-3877\" srcset=\"https:\/\/www.guhalg.com\/wordpress\/wp-content\/uploads\/Reisen\/Mexiko2007\/Chitzen\/20071117%20-%2012%2030%2049.jpg 800w, https:\/\/www.guhalg.com\/wordpress\/wp-content\/uploads\/Reisen\/Mexiko2007\/Chitzen\/20071117%20-%2012%2030%2049-300x225.jpg 300w, https:\/\/www.guhalg.com\/wordpress\/wp-content\/uploads\/Reisen\/Mexiko2007\/Chitzen\/20071117%20-%2012%2030%2049-768x576.jpg 768w\" sizes=\"auto, (max-width: 800px) 100vw, 800px\" \/><\/a><figcaption>Schmuckk\u00f6pfe<\/figcaption><\/figure><\/div>\n\n\n\n<p>Die K\u00f6pfe sieht man sonst als Schmuck an den Eing\u00e4ngen und Seiten der Geb\u00e4ude. Die Wiederaufarbeitung erfolgt erst seit Mitte des 20. Jahrhunderts und die gesamte Anlage war vom Urwald \u00fcberwuchert (kann man noch original in Coba sehen). Da ist das Ergebnis einfach nur fantastisch. Man kann hier ca. 3-4 Stunden durch Ruinen gehen und sieht teilweise riesige Geb\u00e4ude, wie hier den Palast der S\u00e4ulen.<\/p>\n\n\n\n<div class=\"wp-block-image\"><figure class=\"aligncenter size-large\"><a href=\"https:\/\/www.guhalg.com\/wordpress\/wp-content\/uploads\/Reisen\/Mexiko2007\/Chitzen\/Palast der Saeulen 1-scaled.jpg\"><img loading=\"lazy\" decoding=\"async\" width=\"1024\" height=\"341\" src=\"https:\/\/www.guhalg.com\/wordpress\/wp-content\/uploads\/Reisen\/Mexiko2007\/Chitzen\/Palast der Saeulen 1-1024x341.jpg\" alt=\"Palast der S\u00e4ulen\" class=\"wp-image-3881\" srcset=\"https:\/\/www.guhalg.com\/wordpress\/wp-content\/uploads\/Reisen\/Mexiko2007\/Chitzen\/Palast%20der%20Saeulen%201-1024x341.jpg 1024w, https:\/\/www.guhalg.com\/wordpress\/wp-content\/uploads\/Reisen\/Mexiko2007\/Chitzen\/Palast%20der%20Saeulen%201-300x100.jpg 300w, https:\/\/www.guhalg.com\/wordpress\/wp-content\/uploads\/Reisen\/Mexiko2007\/Chitzen\/Palast%20der%20Saeulen%201-768x256.jpg 768w, https:\/\/www.guhalg.com\/wordpress\/wp-content\/uploads\/Reisen\/Mexiko2007\/Chitzen\/Palast%20der%20Saeulen%201-1536x512.jpg 1536w, https:\/\/www.guhalg.com\/wordpress\/wp-content\/uploads\/Reisen\/Mexiko2007\/Chitzen\/Palast%20der%20Saeulen%201-2048x683.jpg 2048w\" sizes=\"auto, (max-width: 1024px) 100vw, 1024px\" \/><\/a><figcaption>Palast der S\u00e4ulen<\/figcaption><\/figure><\/div>\n\n\n\n<p>Viel Spa\u00df bei der <a href=\"https:\/\/www.guhalg.com\/wordpress\/?page_id=3995\" data-type=\"page\" data-id=\"3995\">Bildergalerie Chitzen Itza<\/a>.<\/p>\n\n\n\n<div class=\"wp-block-columns is-layout-flex wp-container-core-columns-is-layout-9d6595d7 wp-block-columns-is-layout-flex\">\n<div class=\"wp-block-column is-layout-flow wp-block-column-is-layout-flow\">\n<div class=\"wp-block-buttons is-layout-flex wp-block-buttons-is-layout-flex\">\n<div class=\"wp-block-button\"><a class=\"wp-block-button__link\" href=\"https:\/\/www.guhalg.com\/wordpress\/?page_id=3756\">Tulum<\/a><\/div>\n<\/div>\n<\/div>\n\n\n\n<div class=\"wp-block-column is-layout-flow wp-block-column-is-layout-flow\">\n<div class=\"wp-block-buttons is-horizontal is-content-justification-right is-layout-flex wp-container-core-buttons-is-layout-ae2fe186 wp-block-buttons-is-layout-flex\">\n<div class=\"wp-block-button\"><a class=\"wp-block-button__link\" href=\"https:\/\/www.guhalg.com\/wordpress\/?page_id=3890\">Coba<\/a><\/div>\n<\/div>\n<\/div>\n<\/div>\n","protected":false},"excerpt":{"rendered":"<p>Nachdem wir an der Meeressiedlung Tulum so richtig auf den Geschmack gekommen sind, haben wir uns auf den Weg nach Chitzen Itza gemacht. Eine sehr bekannte Maya Siedlung, die u.a. auch von den Pauschal Touristen der Luxus Liner besucht wird,&hellip; <\/p>\n","protected":false},"author":1,"featured_media":0,"parent":3548,"menu_order":6,"comment_status":"closed","ping_status":"closed","template":"","meta":{"footnotes":""},"class_list":["post-3873","page","type-page","status-publish","hentry"],"_links":{"self":[{"href":"https:\/\/www.guhalg.com\/wordpress\/index.php?rest_route=\/wp\/v2\/pages\/3873","targetHints":{"allow":["GET"]}}],"collection":[{"href":"https:\/\/www.guhalg.com\/wordpress\/index.php?rest_route=\/wp\/v2\/pages"}],"about":[{"href":"https:\/\/www.guhalg.com\/wordpress\/index.php?rest_route=\/wp\/v2\/types\/page"}],"author":[{"embeddable":true,"href":"https:\/\/www.guhalg.com\/wordpress\/index.php?rest_route=\/wp\/v2\/users\/1"}],"replies":[{"embeddable":true,"href":"https:\/\/www.guhalg.com\/wordpress\/index.php?rest_route=%2Fwp%2Fv2%2Fcomments&post=3873"}],"version-history":[{"count":8,"href":"https:\/\/www.guhalg.com\/wordpress\/index.php?rest_route=\/wp\/v2\/pages\/3873\/revisions"}],"predecessor-version":[{"id":7716,"href":"https:\/\/www.guhalg.com\/wordpress\/index.php?rest_route=\/wp\/v2\/pages\/3873\/revisions\/7716"}],"up":[{"embeddable":true,"href":"https:\/\/www.guhalg.com\/wordpress\/index.php?rest_route=\/wp\/v2\/pages\/3548"}],"wp:attachment":[{"href":"https:\/\/www.guhalg.com\/wordpress\/index.php?rest_route=%2Fwp%2Fv2%2Fmedia&parent=3873"}],"curies":[{"name":"wp","href":"https:\/\/api.w.org\/{rel}","templated":true}]}}