{"id":3890,"date":"2021-12-05T14:44:12","date_gmt":"2021-12-05T13:44:12","guid":{"rendered":"https:\/\/www.guhalg.com\/wordpress\/?page_id=3890"},"modified":"2022-02-07T19:29:59","modified_gmt":"2022-02-07T18:29:59","slug":"mexiko-coba","status":"publish","type":"page","link":"https:\/\/www.guhalg.com\/wordpress\/?page_id=3890","title":{"rendered":"Mexiko &#8211; Coba"},"content":{"rendered":"\n<p>Nach dem Besuch von Tulum und Chitzen Itza haben wir uns den Besuch von Coba doch mehrfach \u00fcberlegt. Was sollte hier noch Neues zu entdecken sein? Man k\u00f6nnte ja noch auf zwei Tauchg\u00e4nge in die Cenoten gehen. Andererseits, wann bekommt man wieder solch eine Gelegenheit? Der Bericht auf Wikipedia <a href=\"http:\/\/de.wikipedia.org\/wiki\/Cob%C3%A1\">Coba<\/a> gibt einen kleinen \u00dcberblick. Er zeigt aber auch, dass diese St\u00e4tte noch wenig erforscht ist. Auch zu diesem Ausflug haben wir wieder einen der komfortablen Fernreisebusse genutzt (mit Klima und Video) und sind bis zu Endstation nach Coba gefahren. Hier h\u00e4tte eigentlich die Ausgrabungsst\u00e4tte sein sollen? Aber au\u00dfer einer leeren Stra\u00dfe gab es nichts. Kein Hinweisschild, keine Busse, keine Touristen? <\/p>\n\n\n\n<div class=\"wp-block-image\"><figure class=\"aligncenter size-full\"><a href=\"https:\/\/www.guhalg.com\/wordpress\/wp-content\/uploads\/Reisen\/Mexiko2007\/Coba\/20071122 - 18 15 47.jpg\"><img loading=\"lazy\" decoding=\"async\" width=\"800\" height=\"600\" src=\"https:\/\/www.guhalg.com\/wordpress\/wp-content\/uploads\/Reisen\/Mexiko2007\/Coba\/20071122 - 18 15 47.jpg\" alt=\"Leere Stra\u00dfe\" class=\"wp-image-4005\" srcset=\"https:\/\/www.guhalg.com\/wordpress\/wp-content\/uploads\/Reisen\/Mexiko2007\/Coba\/20071122%20-%2018%2015%2047.jpg 800w, https:\/\/www.guhalg.com\/wordpress\/wp-content\/uploads\/Reisen\/Mexiko2007\/Coba\/20071122%20-%2018%2015%2047-300x225.jpg 300w, https:\/\/www.guhalg.com\/wordpress\/wp-content\/uploads\/Reisen\/Mexiko2007\/Coba\/20071122%20-%2018%2015%2047-768x576.jpg 768w\" sizes=\"auto, (max-width: 800px) 100vw, 800px\" \/><\/a><figcaption>Leere Stra\u00dfe<\/figcaption><\/figure><\/div>\n\n\n\n<p>Also sind wir erstmal los die Stra\u00dfe runter und haben einen Blick um die Ecke gewagt. Wieder nichts Aber momentmal, da hinten, 500 m weiter, hinter der Sand- und Schlammw\u00fcste: DER EINGANG  Dann mal schnell angestellt f\u00fcr die Karten, sieht doch nach vielen Touristen aus.<\/p>\n\n\n\n<div class=\"wp-block-columns is-layout-flex wp-container-core-columns-is-layout-9d6595d7 wp-block-columns-is-layout-flex\">\n<div class=\"wp-block-column is-layout-flow wp-block-column-is-layout-flow\">\n<div class=\"wp-block-image\"><figure class=\"aligncenter size-full\"><a href=\"https:\/\/www.guhalg.com\/wordpress\/wp-content\/uploads\/Reisen\/Mexiko2007\/Coba\/20071122 - 18 35 49.jpg\"><img loading=\"lazy\" decoding=\"async\" width=\"800\" height=\"600\" src=\"https:\/\/www.guhalg.com\/wordpress\/wp-content\/uploads\/Reisen\/Mexiko2007\/Coba\/20071122 - 18 35 49.jpg\" alt=\"Der Eingang\" class=\"wp-image-4006\" srcset=\"https:\/\/www.guhalg.com\/wordpress\/wp-content\/uploads\/Reisen\/Mexiko2007\/Coba\/20071122%20-%2018%2035%2049.jpg 800w, https:\/\/www.guhalg.com\/wordpress\/wp-content\/uploads\/Reisen\/Mexiko2007\/Coba\/20071122%20-%2018%2035%2049-300x225.jpg 300w, https:\/\/www.guhalg.com\/wordpress\/wp-content\/uploads\/Reisen\/Mexiko2007\/Coba\/20071122%20-%2018%2035%2049-768x576.jpg 768w\" sizes=\"auto, (max-width: 800px) 100vw, 800px\" \/><\/a><figcaption>Der Eingang<\/figcaption><\/figure><\/div>\n<\/div>\n\n\n\n<div class=\"wp-block-column is-layout-flow wp-block-column-is-layout-flow\">\n<div class=\"wp-block-image\"><figure class=\"aligncenter size-full\"><a href=\"https:\/\/www.guhalg.com\/wordpress\/wp-content\/uploads\/Reisen\/Mexiko2007\/Coba\/20071122 - 18 36 00.jpg\"><img loading=\"lazy\" decoding=\"async\" width=\"800\" height=\"600\" src=\"https:\/\/www.guhalg.com\/wordpress\/wp-content\/uploads\/Reisen\/Mexiko2007\/Coba\/20071122 - 18 36 00.jpg\" alt=\"einige Leute\" class=\"wp-image-4007\" srcset=\"https:\/\/www.guhalg.com\/wordpress\/wp-content\/uploads\/Reisen\/Mexiko2007\/Coba\/20071122%20-%2018%2036%2000.jpg 800w, https:\/\/www.guhalg.com\/wordpress\/wp-content\/uploads\/Reisen\/Mexiko2007\/Coba\/20071122%20-%2018%2036%2000-300x225.jpg 300w, https:\/\/www.guhalg.com\/wordpress\/wp-content\/uploads\/Reisen\/Mexiko2007\/Coba\/20071122%20-%2018%2036%2000-768x576.jpg 768w\" sizes=\"auto, (max-width: 800px) 100vw, 800px\" \/><\/a><figcaption>einige Leute<\/figcaption><\/figure><\/div>\n<\/div>\n<\/div>\n\n\n\n<p>Die \u00dcbersichtskarte im Eingangsbereich war schon vorhanden, aber im Vergleich zu den Miniaturbauten in Chitzen Itza doch eher einfach gestaltet. Auch die Beschreibung der ersten Ausgrabungsst\u00e4tte war in gleicher Qualit\u00e4t. Man konnte sich aber anhand der Karten orientieren und alle zug\u00e4nglichen Pl\u00e4tze finden.<\/p>\n\n\n\n<div class=\"wp-block-image\"><figure class=\"aligncenter size-full\"><a href=\"https:\/\/www.guhalg.com\/wordpress\/wp-content\/uploads\/Reisen\/Mexiko2007\/Coba\/20071122 - 18 38 29.jpg\"><img loading=\"lazy\" decoding=\"async\" width=\"450\" height=\"600\" src=\"https:\/\/www.guhalg.com\/wordpress\/wp-content\/uploads\/Reisen\/Mexiko2007\/Coba\/20071122 - 18 38 29.jpg\" alt=\"Coba \u00dcbersicht\" class=\"wp-image-4008\" srcset=\"https:\/\/www.guhalg.com\/wordpress\/wp-content\/uploads\/Reisen\/Mexiko2007\/Coba\/20071122%20-%2018%2038%2029.jpg 450w, https:\/\/www.guhalg.com\/wordpress\/wp-content\/uploads\/Reisen\/Mexiko2007\/Coba\/20071122%20-%2018%2038%2029-225x300.jpg 225w\" sizes=\"auto, (max-width: 450px) 100vw, 450px\" \/><\/a><figcaption>Coba \u00dcbersicht<\/figcaption><\/figure><\/div>\n\n\n\n<div class=\"wp-block-image\"><figure class=\"aligncenter size-full\"><a href=\"https:\/\/www.guhalg.com\/wordpress\/wp-content\/uploads\/Reisen\/Mexiko2007\/Coba\/20071122 - 18 41 37.jpg\"><img loading=\"lazy\" decoding=\"async\" width=\"800\" height=\"600\" src=\"https:\/\/www.guhalg.com\/wordpress\/wp-content\/uploads\/Reisen\/Mexiko2007\/Coba\/20071122 - 18 41 37.jpg\" alt=\"Beschreibung einer Ausgrabungsst\u00e4tte\" class=\"wp-image-4009\" srcset=\"https:\/\/www.guhalg.com\/wordpress\/wp-content\/uploads\/Reisen\/Mexiko2007\/Coba\/20071122%20-%2018%2041%2037.jpg 800w, https:\/\/www.guhalg.com\/wordpress\/wp-content\/uploads\/Reisen\/Mexiko2007\/Coba\/20071122%20-%2018%2041%2037-300x225.jpg 300w, https:\/\/www.guhalg.com\/wordpress\/wp-content\/uploads\/Reisen\/Mexiko2007\/Coba\/20071122%20-%2018%2041%2037-768x576.jpg 768w\" sizes=\"auto, (max-width: 800px) 100vw, 800px\" \/><\/a><figcaption>Beschreibung einer Ausgrabungsst\u00e4tte<\/figcaption><\/figure><\/div>\n\n\n\n<p>Da die einzelnen Siedlungsbereiche doch recht weit auseinander lagen, haben wir uns Fahrr\u00e4der gemietet und sind damit durch den Urwald gefahren. nun ja, sie passten vielleicht nicht ganz in der Gr\u00f6\u00dfe und von den Einstellungen, auch gab es zwischendurch immer einige Wege  wo man schieben musste, aber ohne die R\u00e4der h\u00e4tten wir das gro\u00dfe Gel\u00e4nde gar nicht erkunden k\u00f6nnen.<\/p>\n\n\n\n<div class=\"wp-block-columns is-layout-flex wp-container-core-columns-is-layout-9d6595d7 wp-block-columns-is-layout-flex\">\n<div class=\"wp-block-column is-layout-flow wp-block-column-is-layout-flow\">\n<div class=\"wp-block-image\"><figure class=\"aligncenter size-full\"><a href=\"https:\/\/www.guhalg.com\/wordpress\/wp-content\/uploads\/Reisen\/Mexiko2007\/Coba\/20071122 - 19 35 53.jpg\"><img loading=\"lazy\" decoding=\"async\" width=\"800\" height=\"600\" src=\"https:\/\/www.guhalg.com\/wordpress\/wp-content\/uploads\/Reisen\/Mexiko2007\/Coba\/20071122 - 19 35 53.jpg\" alt=\"Unsere R\u00e4der\" class=\"wp-image-4010\" srcset=\"https:\/\/www.guhalg.com\/wordpress\/wp-content\/uploads\/Reisen\/Mexiko2007\/Coba\/20071122%20-%2019%2035%2053.jpg 800w, https:\/\/www.guhalg.com\/wordpress\/wp-content\/uploads\/Reisen\/Mexiko2007\/Coba\/20071122%20-%2019%2035%2053-300x225.jpg 300w, https:\/\/www.guhalg.com\/wordpress\/wp-content\/uploads\/Reisen\/Mexiko2007\/Coba\/20071122%20-%2019%2035%2053-768x576.jpg 768w\" sizes=\"auto, (max-width: 800px) 100vw, 800px\" \/><\/a><figcaption>Unsere R\u00e4der<\/figcaption><\/figure><\/div>\n<\/div>\n\n\n\n<div class=\"wp-block-column is-layout-flow wp-block-column-is-layout-flow\">\n<div class=\"wp-block-image\"><figure class=\"aligncenter size-full\"><a href=\"https:\/\/www.guhalg.com\/wordpress\/wp-content\/uploads\/Reisen\/Mexiko2007\/Coba\/20071122 - 19 36 23.jpg\"><img loading=\"lazy\" decoding=\"async\" width=\"800\" height=\"600\" src=\"https:\/\/www.guhalg.com\/wordpress\/wp-content\/uploads\/Reisen\/Mexiko2007\/Coba\/20071122 - 19 36 23.jpg\" alt=\"und sie fuhren\" class=\"wp-image-4011\" srcset=\"https:\/\/www.guhalg.com\/wordpress\/wp-content\/uploads\/Reisen\/Mexiko2007\/Coba\/20071122%20-%2019%2036%2023.jpg 800w, https:\/\/www.guhalg.com\/wordpress\/wp-content\/uploads\/Reisen\/Mexiko2007\/Coba\/20071122%20-%2019%2036%2023-300x225.jpg 300w, https:\/\/www.guhalg.com\/wordpress\/wp-content\/uploads\/Reisen\/Mexiko2007\/Coba\/20071122%20-%2019%2036%2023-768x576.jpg 768w\" sizes=\"auto, (max-width: 800px) 100vw, 800px\" \/><\/a><figcaption>und sie fuhren<\/figcaption><\/figure><\/div>\n<\/div>\n<\/div>\n\n\n\n<p>Haben wir uns am Anfang noch \u00fcber den vielen Schatten gefreut, so waren wir zwischendurch froh, wenn es mal nicht regnete. Insbesondere bei der Besteigung der gro\u00dfen Pyramide (eine der wenigen, wo dieses \u00fcberhaupt noch erlaubt ist) waren die Steine schon sehr glitschig. Das war schon anstrengend. Die Stufen waren sehr sehr unregelm\u00e4\u00dfig, nass und extrem steil. <\/p>\n\n\n\n<div class=\"wp-block-columns is-layout-flex wp-container-core-columns-is-layout-9d6595d7 wp-block-columns-is-layout-flex\">\n<div class=\"wp-block-column is-layout-flow wp-block-column-is-layout-flow\">\n<div class=\"wp-block-image\"><figure class=\"aligncenter size-full\"><a href=\"https:\/\/www.guhalg.com\/wordpress\/wp-content\/uploads\/Reisen\/Mexiko2007\/Coba\/20071122 - 21 42 13.jpg\"><img loading=\"lazy\" decoding=\"async\" width=\"450\" height=\"600\" src=\"https:\/\/www.guhalg.com\/wordpress\/wp-content\/uploads\/Reisen\/Mexiko2007\/Coba\/20071122 - 21 42 13.jpg\" alt=\"Die Pyramide\" class=\"wp-image-4012\" srcset=\"https:\/\/www.guhalg.com\/wordpress\/wp-content\/uploads\/Reisen\/Mexiko2007\/Coba\/20071122%20-%2021%2042%2013.jpg 450w, https:\/\/www.guhalg.com\/wordpress\/wp-content\/uploads\/Reisen\/Mexiko2007\/Coba\/20071122%20-%2021%2042%2013-225x300.jpg 225w\" sizes=\"auto, (max-width: 450px) 100vw, 450px\" \/><\/a><figcaption>Die Pyramide<\/figcaption><\/figure><\/div>\n<\/div>\n\n\n\n<div class=\"wp-block-column is-layout-flow wp-block-column-is-layout-flow\">\n<div class=\"wp-block-image\"><figure class=\"aligncenter size-full\"><a href=\"https:\/\/www.guhalg.com\/wordpress\/wp-content\/uploads\/Reisen\/Mexiko2007\/Coba\/20071122 - 21 44 48.jpg\"><img loading=\"lazy\" decoding=\"async\" width=\"450\" height=\"600\" src=\"https:\/\/www.guhalg.com\/wordpress\/wp-content\/uploads\/Reisen\/Mexiko2007\/Coba\/20071122 - 21 44 48.jpg\" alt=\"sehr uneben\" class=\"wp-image-4014\" srcset=\"https:\/\/www.guhalg.com\/wordpress\/wp-content\/uploads\/Reisen\/Mexiko2007\/Coba\/20071122%20-%2021%2044%2048.jpg 450w, https:\/\/www.guhalg.com\/wordpress\/wp-content\/uploads\/Reisen\/Mexiko2007\/Coba\/20071122%20-%2021%2044%2048-225x300.jpg 225w\" sizes=\"auto, (max-width: 450px) 100vw, 450px\" \/><\/a><figcaption>sehr uneben<\/figcaption><\/figure><\/div>\n<\/div>\n<\/div>\n\n\n\n<div class=\"wp-block-columns is-layout-flex wp-container-core-columns-is-layout-9d6595d7 wp-block-columns-is-layout-flex\">\n<div class=\"wp-block-column is-layout-flow wp-block-column-is-layout-flow\">\n<div class=\"wp-block-image\"><figure class=\"aligncenter size-full\"><a href=\"https:\/\/www.guhalg.com\/wordpress\/wp-content\/uploads\/Reisen\/Mexiko2007\/Coba\/20071122 - 21 42 53.jpg\"><img loading=\"lazy\" decoding=\"async\" width=\"800\" height=\"600\" src=\"https:\/\/www.guhalg.com\/wordpress\/wp-content\/uploads\/Reisen\/Mexiko2007\/Coba\/20071122 - 21 42 53.jpg\" alt=\"ja und steil\" class=\"wp-image-4013\" srcset=\"https:\/\/www.guhalg.com\/wordpress\/wp-content\/uploads\/Reisen\/Mexiko2007\/Coba\/20071122%20-%2021%2042%2053.jpg 800w, https:\/\/www.guhalg.com\/wordpress\/wp-content\/uploads\/Reisen\/Mexiko2007\/Coba\/20071122%20-%2021%2042%2053-300x225.jpg 300w, https:\/\/www.guhalg.com\/wordpress\/wp-content\/uploads\/Reisen\/Mexiko2007\/Coba\/20071122%20-%2021%2042%2053-768x576.jpg 768w\" sizes=\"auto, (max-width: 800px) 100vw, 800px\" \/><\/a><figcaption>ja und steil<\/figcaption><\/figure><\/div>\n<\/div>\n\n\n\n<div class=\"wp-block-column is-layout-flow wp-block-column-is-layout-flow\">\n<div class=\"wp-block-image\"><figure class=\"aligncenter size-full\"><a href=\"https:\/\/www.guhalg.com\/wordpress\/wp-content\/uploads\/Reisen\/Mexiko2007\/Coba\/20071122 - 22 09 51.jpg\"><img loading=\"lazy\" decoding=\"async\" width=\"800\" height=\"600\" src=\"https:\/\/www.guhalg.com\/wordpress\/wp-content\/uploads\/Reisen\/Mexiko2007\/Coba\/20071122 - 22 09 51.jpg\" alt=\"ziemlich steil\" class=\"wp-image-4017\" srcset=\"https:\/\/www.guhalg.com\/wordpress\/wp-content\/uploads\/Reisen\/Mexiko2007\/Coba\/20071122%20-%2022%2009%2051.jpg 800w, https:\/\/www.guhalg.com\/wordpress\/wp-content\/uploads\/Reisen\/Mexiko2007\/Coba\/20071122%20-%2022%2009%2051-300x225.jpg 300w, https:\/\/www.guhalg.com\/wordpress\/wp-content\/uploads\/Reisen\/Mexiko2007\/Coba\/20071122%20-%2022%2009%2051-768x576.jpg 768w\" sizes=\"auto, (max-width: 800px) 100vw, 800px\" \/><\/a><figcaption>ziemlich steil<\/figcaption><\/figure><\/div>\n<\/div>\n\n\n\n<div class=\"wp-block-column is-layout-flow wp-block-column-is-layout-flow\">\n<div class=\"wp-block-image\"><figure class=\"aligncenter size-full\"><a href=\"https:\/\/www.guhalg.com\/wordpress\/wp-content\/uploads\/Reisen\/Mexiko2007\/Coba\/20071122 - 21 59 01.jpg\"><img loading=\"lazy\" decoding=\"async\" width=\"800\" height=\"600\" src=\"https:\/\/www.guhalg.com\/wordpress\/wp-content\/uploads\/Reisen\/Mexiko2007\/Coba\/20071122 - 21 59 01.jpg\" alt=\"sehr ziemlich steil\" class=\"wp-image-4016\" srcset=\"https:\/\/www.guhalg.com\/wordpress\/wp-content\/uploads\/Reisen\/Mexiko2007\/Coba\/20071122%20-%2021%2059%2001.jpg 800w, https:\/\/www.guhalg.com\/wordpress\/wp-content\/uploads\/Reisen\/Mexiko2007\/Coba\/20071122%20-%2021%2059%2001-300x225.jpg 300w, https:\/\/www.guhalg.com\/wordpress\/wp-content\/uploads\/Reisen\/Mexiko2007\/Coba\/20071122%20-%2021%2059%2001-768x576.jpg 768w\" sizes=\"auto, (max-width: 800px) 100vw, 800px\" \/><\/a><figcaption>sehr ziemlich steil<\/figcaption><\/figure><\/div>\n<\/div>\n<\/div>\n\n\n\n<p> Daf\u00fcr wurden wir durch den Ausblick vollkommen entsch\u00e4digt. Auch wenn man hier nur eine einzige kleine Steinkuppel sieht, im gesamten Urwald sind Ruinen vorhanden. <\/p>\n\n\n\n<div class=\"wp-block-image\"><figure class=\"aligncenter size-full\"><a href=\"https:\/\/www.guhalg.com\/wordpress\/wp-content\/uploads\/Reisen\/Mexiko2007\/Coba\/20071122 - 21 54 39.jpg\"><img loading=\"lazy\" decoding=\"async\" width=\"800\" height=\"600\" src=\"https:\/\/www.guhalg.com\/wordpress\/wp-content\/uploads\/Reisen\/Mexiko2007\/Coba\/20071122 - 21 54 39.jpg\" alt=\"Rundblick\" class=\"wp-image-4015\" srcset=\"https:\/\/www.guhalg.com\/wordpress\/wp-content\/uploads\/Reisen\/Mexiko2007\/Coba\/20071122%20-%2021%2054%2039.jpg 800w, https:\/\/www.guhalg.com\/wordpress\/wp-content\/uploads\/Reisen\/Mexiko2007\/Coba\/20071122%20-%2021%2054%2039-300x225.jpg 300w, https:\/\/www.guhalg.com\/wordpress\/wp-content\/uploads\/Reisen\/Mexiko2007\/Coba\/20071122%20-%2021%2054%2039-768x576.jpg 768w\" sizes=\"auto, (max-width: 800px) 100vw, 800px\" \/><\/a><figcaption>Rundblick<\/figcaption><\/figure><\/div>\n\n\n\n<p>Ja, und dann was es auch schon wieder an der Zeit zur\u00fcck zum Bus zu gehen. Dabei hatten wir dann nochmal einen extremen Regenschauer, der uns komplett durchn\u00e4sst hat. Ja, und wer sich jetzt bei dem Bild wundert, direkt am Stra\u00dfenrand lag dieses Krokodil. Nur gesonnt hat es sich wohl nicht.<\/p>\n\n\n\n<div class=\"wp-block-image\"><figure class=\"aligncenter size-full\"><a href=\"https:\/\/www.guhalg.com\/wordpress\/wp-content\/uploads\/Reisen\/Mexiko2007\/Coba\/20071122 - 23 02 30.jpg\"><img loading=\"lazy\" decoding=\"async\" width=\"800\" height=\"600\" src=\"https:\/\/www.guhalg.com\/wordpress\/wp-content\/uploads\/Reisen\/Mexiko2007\/Coba\/20071122 - 23 02 30.jpg\" alt=\"Das Krokodil\" class=\"wp-image-4019\" srcset=\"https:\/\/www.guhalg.com\/wordpress\/wp-content\/uploads\/Reisen\/Mexiko2007\/Coba\/20071122%20-%2023%2002%2030.jpg 800w, https:\/\/www.guhalg.com\/wordpress\/wp-content\/uploads\/Reisen\/Mexiko2007\/Coba\/20071122%20-%2023%2002%2030-300x225.jpg 300w, https:\/\/www.guhalg.com\/wordpress\/wp-content\/uploads\/Reisen\/Mexiko2007\/Coba\/20071122%20-%2023%2002%2030-768x576.jpg 768w\" sizes=\"auto, (max-width: 800px) 100vw, 800px\" \/><\/a><figcaption>Das Krokodil<\/figcaption><\/figure><\/div>\n\n\n\n<p>Da sind wir so die nasse Stra\u00dfe entlang auf der Suche nach unserer Bushaltestelle. Im Restaurant haben wir erstmal etwas Hei\u00dfes zu trinken bestellt und stellen dann fest, dass das gleichzeitig auch die Bushaltestelle ist. <\/p>\n\n\n\n<div class=\"wp-block-columns is-layout-flex wp-container-core-columns-is-layout-9d6595d7 wp-block-columns-is-layout-flex\">\n<div class=\"wp-block-column is-layout-flow wp-block-column-is-layout-flow\">\n<div class=\"wp-block-image\"><figure class=\"aligncenter size-full\"><a href=\"https:\/\/www.guhalg.com\/wordpress\/wp-content\/uploads\/Reisen\/Mexiko2007\/Coba\/20071122 - 23 24 36.jpg\"><img loading=\"lazy\" decoding=\"async\" width=\"800\" height=\"600\" src=\"https:\/\/www.guhalg.com\/wordpress\/wp-content\/uploads\/Reisen\/Mexiko2007\/Coba\/20071122 - 23 24 36.jpg\" alt=\"nur Regen\" class=\"wp-image-4021\" srcset=\"https:\/\/www.guhalg.com\/wordpress\/wp-content\/uploads\/Reisen\/Mexiko2007\/Coba\/20071122%20-%2023%2024%2036.jpg 800w, https:\/\/www.guhalg.com\/wordpress\/wp-content\/uploads\/Reisen\/Mexiko2007\/Coba\/20071122%20-%2023%2024%2036-300x225.jpg 300w, https:\/\/www.guhalg.com\/wordpress\/wp-content\/uploads\/Reisen\/Mexiko2007\/Coba\/20071122%20-%2023%2024%2036-768x576.jpg 768w\" sizes=\"auto, (max-width: 800px) 100vw, 800px\" \/><\/a><figcaption>nur Regen<\/figcaption><\/figure><\/div>\n<\/div>\n\n\n\n<div class=\"wp-block-column is-layout-flow wp-block-column-is-layout-flow\">\n<div class=\"wp-block-image\"><figure class=\"aligncenter size-full\"><a href=\"https:\/\/www.guhalg.com\/wordpress\/wp-content\/uploads\/Reisen\/Mexiko2007\/Coba\/20071122 - 23 25 04.jpg\"><img loading=\"lazy\" decoding=\"async\" width=\"800\" height=\"600\" src=\"https:\/\/www.guhalg.com\/wordpress\/wp-content\/uploads\/Reisen\/Mexiko2007\/Coba\/20071122 - 23 25 04.jpg\" alt=\"Restaurant\" class=\"wp-image-4022\" srcset=\"https:\/\/www.guhalg.com\/wordpress\/wp-content\/uploads\/Reisen\/Mexiko2007\/Coba\/20071122%20-%2023%2025%2004.jpg 800w, https:\/\/www.guhalg.com\/wordpress\/wp-content\/uploads\/Reisen\/Mexiko2007\/Coba\/20071122%20-%2023%2025%2004-300x225.jpg 300w, https:\/\/www.guhalg.com\/wordpress\/wp-content\/uploads\/Reisen\/Mexiko2007\/Coba\/20071122%20-%2023%2025%2004-768x576.jpg 768w\" sizes=\"auto, (max-width: 800px) 100vw, 800px\" \/><\/a><figcaption>Restaurant<\/figcaption><\/figure><\/div>\n<\/div>\n\n\n\n<div class=\"wp-block-column is-layout-flow wp-block-column-is-layout-flow\">\n<div class=\"wp-block-image\"><figure class=\"aligncenter size-full\"><a href=\"https:\/\/www.guhalg.com\/wordpress\/wp-content\/uploads\/Reisen\/Mexiko2007\/Coba\/20071122 - 23 24 23.jpg\"><img loading=\"lazy\" decoding=\"async\" width=\"800\" height=\"600\" src=\"https:\/\/www.guhalg.com\/wordpress\/wp-content\/uploads\/Reisen\/Mexiko2007\/Coba\/20071122 - 23 24 23.jpg\" alt=\"Bushaltestelle\" class=\"wp-image-4020\" srcset=\"https:\/\/www.guhalg.com\/wordpress\/wp-content\/uploads\/Reisen\/Mexiko2007\/Coba\/20071122%20-%2023%2024%2023.jpg 800w, https:\/\/www.guhalg.com\/wordpress\/wp-content\/uploads\/Reisen\/Mexiko2007\/Coba\/20071122%20-%2023%2024%2023-300x225.jpg 300w, https:\/\/www.guhalg.com\/wordpress\/wp-content\/uploads\/Reisen\/Mexiko2007\/Coba\/20071122%20-%2023%2024%2023-768x576.jpg 768w\" sizes=\"auto, (max-width: 800px) 100vw, 800px\" \/><\/a><figcaption>Bushaltestelle<\/figcaption><\/figure><\/div>\n<\/div>\n<\/div>\n\n\n\n<p>Auf dem R\u00fcckweg, durchn\u00e4sst im eiskalten Bus, haben wir dann das eben Erlebte passieren lassen: Eine riesige, uralte Ruinenlandschaft mitten im Dschungel, teilweise restauriert, meistens noch unber\u00fchrt. Einfach fantastisch. Die Bilder findet ihr hier: <a href=\"https:\/\/www.guhalg.com\/wordpress\/?page_id=3997\" data-type=\"page\" data-id=\"3997\">Bildergalerie Coba<\/a>. <\/p>\n\n\n\n<p>Es gibt noch so vieles zu berichten. Angefangen von dem Essen in den Restaurants in der 5a Avenida  zu Preisen wie in Deutschland, \u00fcber einen unscheinbaren Imbiss am Stra\u00dfenrand bis zu den neon-beleuchteten Restaurants in der neunten, wo sich selten Touristen verirren und die Preise weniger als ein Viertel betragen.<\/p>\n\n\n\n<p>Unseren privaten Tauch Guide oder die Cocktails und Shooter. Wir haben gelernt, dass der serviceorientierte Restaurantbesitzer in der neunten aus New York nach Playa del Carmen gegangen ist und es ihm hier gut gef\u00e4llt. \u00dcber die Vorsicht, die man immer bei den Vorspeisen und den Dips haben sollte, heute super lecker und morgen super scharf.<\/p>\n\n\n\n<p>Dem Unterschied zwischen hervorragend restaurierten Ausgrabungsst\u00e4tten bis hin zu v\u00f6llig unerforschten H\u00fcgeln, wo man schon wei\u00df, dass sich dort weitere Maya St\u00e4tten verbergen. Die vielen Stelen, die aus der Zeit erz\u00e4hlen, wenn man sie denn v\u00f6llig entschl\u00fcsseln k\u00f6nnte.<\/p>\n\n\n\n<p>Und nicht zu vergessen, man ist in der Karibik. Wir verabschieden uns hier mit ganz vielen Bildern auf den n\u00e4chsten Seiten von dieser Reise.<\/p>\n\n\n\n<div class=\"wp-block-columns is-layout-flex wp-container-core-columns-is-layout-9d6595d7 wp-block-columns-is-layout-flex\">\n<div class=\"wp-block-column is-layout-flow wp-block-column-is-layout-flow\">\n<div class=\"wp-block-buttons is-layout-flex wp-block-buttons-is-layout-flex\">\n<div class=\"wp-block-button\"><a class=\"wp-block-button__link\" href=\"https:\/\/www.guhalg.com\/wordpress\/?page_id=3873\">Chitzen Itza<\/a><\/div>\n<\/div>\n<\/div>\n\n\n\n<div class=\"wp-block-column is-layout-flow wp-block-column-is-layout-flow\">\n<div class=\"wp-block-buttons is-horizontal is-content-justification-right is-layout-flex wp-container-core-buttons-is-layout-ae2fe186 wp-block-buttons-is-layout-flex\">\n<div class=\"wp-block-button\"><a class=\"wp-block-button__link\" href=\"https:\/\/www.guhalg.com\/wordpress\/?page_id=3630\">Bilder Playa del Carmen<\/a><\/div>\n<\/div>\n<\/div>\n<\/div>\n","protected":false},"excerpt":{"rendered":"<p>Nach dem Besuch von Tulum und Chitzen Itza haben wir uns den Besuch von Coba doch mehrfach \u00fcberlegt. Was sollte hier noch Neues zu entdecken sein? Man k\u00f6nnte ja noch auf zwei Tauchg\u00e4nge in die Cenoten gehen. Andererseits, wann bekommt&hellip; <\/p>\n","protected":false},"author":1,"featured_media":0,"parent":3548,"menu_order":7,"comment_status":"closed","ping_status":"closed","template":"","meta":{"footnotes":""},"class_list":["post-3890","page","type-page","status-publish","hentry"],"_links":{"self":[{"href":"https:\/\/www.guhalg.com\/wordpress\/index.php?rest_route=\/wp\/v2\/pages\/3890","targetHints":{"allow":["GET"]}}],"collection":[{"href":"https:\/\/www.guhalg.com\/wordpress\/index.php?rest_route=\/wp\/v2\/pages"}],"about":[{"href":"https:\/\/www.guhalg.com\/wordpress\/index.php?rest_route=\/wp\/v2\/types\/page"}],"author":[{"embeddable":true,"href":"https:\/\/www.guhalg.com\/wordpress\/index.php?rest_route=\/wp\/v2\/users\/1"}],"replies":[{"embeddable":true,"href":"https:\/\/www.guhalg.com\/wordpress\/index.php?rest_route=%2Fwp%2Fv2%2Fcomments&post=3890"}],"version-history":[{"count":15,"href":"https:\/\/www.guhalg.com\/wordpress\/index.php?rest_route=\/wp\/v2\/pages\/3890\/revisions"}],"predecessor-version":[{"id":7720,"href":"https:\/\/www.guhalg.com\/wordpress\/index.php?rest_route=\/wp\/v2\/pages\/3890\/revisions\/7720"}],"up":[{"embeddable":true,"href":"https:\/\/www.guhalg.com\/wordpress\/index.php?rest_route=\/wp\/v2\/pages\/3548"}],"wp:attachment":[{"href":"https:\/\/www.guhalg.com\/wordpress\/index.php?rest_route=%2Fwp%2Fv2%2Fmedia&parent=3890"}],"curies":[{"name":"wp","href":"https:\/\/api.w.org\/{rel}","templated":true}]}}