{"id":4189,"date":"2021-12-05T20:31:25","date_gmt":"2021-12-05T19:31:25","guid":{"rendered":"https:\/\/www.guhalg.com\/wordpress\/?page_id=4189"},"modified":"2022-02-08T21:22:55","modified_gmt":"2022-02-08T20:22:55","slug":"afrika-2011","status":"publish","type":"page","link":"https:\/\/www.guhalg.com\/wordpress\/?page_id=4189","title":{"rendered":"Afrika 2011"},"content":{"rendered":"\n<p>Im Herbst 2011 haben wir zweifach Neuland betreten. Wir sind zum ersten Mal nach Afrika, nicht \u00c4gypten oder Saudi-Arabien, sondern richtig Afrika gereist. Und es war nach mehreren Jahren die erste Fernreise, wo wir nicht nur zum Tauchen waren. Gut zweieinhalb Wochen haben wir daf\u00fcr eingeplant. Der erste Teil war eine kleine Rundreise in S\u00fcdafrika, gefolgt von einigen Tagen im Kr\u00fcger Nationalpark. Dem haben sich einige Tage in einem privaten Game Reserve angeschlossen und zum Abschluss ging es f\u00fcr eine Woche zum Tauchen nach Mosambik. Soviel zur Planung.<\/p>\n\n\n\n<p>Ein gro\u00dfer Vorteil bei Reisen nach Afrika sind die geringen oder auch nicht vorhandenen Zeitverschiebungen. Man fliegt ja quasi nur in den S\u00fcden, wenn auch auf die andere Seite der Erde. Im Vorfeld haben wir die notwendigen Bedingungen zur Einreise in die beiden L\u00e4nder gepr\u00fcft und f\u00fcr uns war alles in Ordnung. Zwei Wochen vor Abflug dann die Erkenntnis: Wir reisen von S\u00fcdafrika nach Mosambik, also innerhalb von Afrika und da hat muss man zur Einreise in Mosambik eine Gelbfieberimpfung nachweisen. Braucht man nicht bei Anreise aus Europa &#8211; aber innerhalb Afrikas schon.<\/p>\n\n\n\n<p>Gut, kurz beim Hausarzt angerufen und die ern\u00fcchternde Nachricht: Das kann nur ein Amtsarzt durchf\u00fchren wegen der amtlichen Beglaubigung. Na gut, also einen Termin beim Amtsarzt gemacht, genau eine Woche vor der Abreise noch einen Termin bekommen. Hat aber letztendlich gepasst. Und wie sieht es mit Malaria und weiteren Impfungen aus? Zum Gl\u00fcck haben wir da schon alles Wesentliche und so blieb nur die Malaria Prophylaxe zum Mitnehmen.<\/p>\n\n\n\n<p>Das Buchen der Reise war dann sehr einfach. Gesamtpaket nach S\u00fcdafrika finden und buchen, Anschlussflug nach Mosambik nebst Unterkunft in Tofo und die R\u00fcckreise. Wir hatten mit Susanne von Country Reisen schon sehr gute Erfahrungen und das hat sich hier auch wieder gezeigt. Wir haben nur unsere Vorstellung ge\u00e4u\u00dfert und schon gab es das Gesamtpaket fix und fertig vorbereitet. Hallo, Afrika \u2013 wir kommen.<\/p>\n\n\n\n<p>Da jeder sicherlich S\u00fcdafrika kennt und dieses auch auf der Landkarte wiederfindet, stellt sich hier eher die Frage: Wo liegt Mosambik und wo in Mosambik liegt Tofo? Nun, Mosambik liegt \u00f6stlich von S\u00fcdafrika, genau genommen nord\u00f6stlich. Und Tofo, ein kleines, noch relativ unbekanntes Dorf am Meer, liegt in etwa auf der H\u00f6he der S\u00fcdspitze von Madagaskar, etwas s\u00fcdlich von Inhambene, alles klar? Schaut euch einfach mal die beiden folgen Bilder an&#8230;<\/p>\n\n\n\n<div class=\"wp-block-image\"><figure class=\"aligncenter size-large\"><a href=\"https:\/\/www.guhalg.com\/wordpress\/wp-content\/uploads\/Reisen\/2011 Afrika\/Reise\/Afrika2011.jpg\"><img loading=\"lazy\" decoding=\"async\" width=\"1024\" height=\"568\" src=\"https:\/\/www.guhalg.com\/wordpress\/wp-content\/uploads\/Reisen\/2011 Afrika\/Reise\/Afrika2011-1024x568.jpg\" alt=\"Afrika 2011\" class=\"wp-image-4197\" srcset=\"https:\/\/www.guhalg.com\/wordpress\/wp-content\/uploads\/Reisen\/2011%20Afrika\/Reise\/Afrika2011-1024x568.jpg 1024w, https:\/\/www.guhalg.com\/wordpress\/wp-content\/uploads\/Reisen\/2011%20Afrika\/Reise\/Afrika2011-300x166.jpg 300w, https:\/\/www.guhalg.com\/wordpress\/wp-content\/uploads\/Reisen\/2011%20Afrika\/Reise\/Afrika2011-768x426.jpg 768w, https:\/\/www.guhalg.com\/wordpress\/wp-content\/uploads\/Reisen\/2011%20Afrika\/Reise\/Afrika2011-1536x852.jpg 1536w, https:\/\/www.guhalg.com\/wordpress\/wp-content\/uploads\/Reisen\/2011%20Afrika\/Reise\/Afrika2011.jpg 1920w\" sizes=\"auto, (max-width: 1024px) 100vw, 1024px\" \/><\/a><figcaption>Afrika 2011<\/figcaption><\/figure><\/div>\n\n\n\n<div class=\"wp-block-image\"><figure class=\"aligncenter size-large\"><a href=\"https:\/\/www.guhalg.com\/wordpress\/wp-content\/uploads\/Reisen\/2011 Afrika\/Reise\/Tofo.jpg\"><img loading=\"lazy\" decoding=\"async\" width=\"1024\" height=\"710\" src=\"https:\/\/www.guhalg.com\/wordpress\/wp-content\/uploads\/Reisen\/2011 Afrika\/Reise\/Tofo-1024x710.jpg\" alt=\"Tofo\" class=\"wp-image-4204\" srcset=\"https:\/\/www.guhalg.com\/wordpress\/wp-content\/uploads\/Reisen\/2011%20Afrika\/Reise\/Tofo-1024x710.jpg 1024w, https:\/\/www.guhalg.com\/wordpress\/wp-content\/uploads\/Reisen\/2011%20Afrika\/Reise\/Tofo-300x208.jpg 300w, https:\/\/www.guhalg.com\/wordpress\/wp-content\/uploads\/Reisen\/2011%20Afrika\/Reise\/Tofo-768x533.jpg 768w, https:\/\/www.guhalg.com\/wordpress\/wp-content\/uploads\/Reisen\/2011%20Afrika\/Reise\/Tofo.jpg 1357w\" sizes=\"auto, (max-width: 1024px) 100vw, 1024px\" \/><\/a><figcaption>Tofo<\/figcaption><\/figure><\/div>\n\n\n\n<p>Das kleine rote A auf der Google Map ist Tofo. Wer sich noch ein wenig in die beiden L\u00e4nder einlesen m\u00f6chte, wie immer die Links zur Wikipedia: <a rel=\"noreferrer noopener\" target=\"_blank\" href=\"http:\/\/de.wikipedia.org\/wiki\/S%C3%BCdafrika\">S\u00fcdafrika<\/a>, <a rel=\"noreferrer noopener\" target=\"_blank\" href=\"http:\/\/de.wikipedia.org\/wiki\/Mosambik\">Mosambik<\/a>.<\/p>\n\n\n\n<div class=\"wp-block-buttons is-horizontal is-content-justification-right is-layout-flex wp-container-core-buttons-is-layout-ae2fe186 wp-block-buttons-is-layout-flex\">\n<div class=\"wp-block-button\"><a class=\"wp-block-button__link\" href=\"https:\/\/www.guhalg.com\/wordpress\/?page_id=4210\">Anreise S\u00fcdafrika<\/a><\/div>\n<\/div>\n","protected":false},"excerpt":{"rendered":"<p>Im Herbst 2011 haben wir zweifach Neuland betreten. Wir sind zum ersten Mal nach Afrika, nicht \u00c4gypten oder Saudi-Arabien, sondern richtig Afrika gereist. Und es war nach mehreren Jahren die erste Fernreise, wo wir nicht nur zum Tauchen waren. Gut&hellip; <\/p>\n","protected":false},"author":1,"featured_media":0,"parent":0,"menu_order":26,"comment_status":"closed","ping_status":"closed","template":"","meta":{"footnotes":""},"class_list":["post-4189","page","type-page","status-publish","hentry"],"_links":{"self":[{"href":"https:\/\/www.guhalg.com\/wordpress\/index.php?rest_route=\/wp\/v2\/pages\/4189","targetHints":{"allow":["GET"]}}],"collection":[{"href":"https:\/\/www.guhalg.com\/wordpress\/index.php?rest_route=\/wp\/v2\/pages"}],"about":[{"href":"https:\/\/www.guhalg.com\/wordpress\/index.php?rest_route=\/wp\/v2\/types\/page"}],"author":[{"embeddable":true,"href":"https:\/\/www.guhalg.com\/wordpress\/index.php?rest_route=\/wp\/v2\/users\/1"}],"replies":[{"embeddable":true,"href":"https:\/\/www.guhalg.com\/wordpress\/index.php?rest_route=%2Fwp%2Fv2%2Fcomments&post=4189"}],"version-history":[{"count":12,"href":"https:\/\/www.guhalg.com\/wordpress\/index.php?rest_route=\/wp\/v2\/pages\/4189\/revisions"}],"predecessor-version":[{"id":7816,"href":"https:\/\/www.guhalg.com\/wordpress\/index.php?rest_route=\/wp\/v2\/pages\/4189\/revisions\/7816"}],"wp:attachment":[{"href":"https:\/\/www.guhalg.com\/wordpress\/index.php?rest_route=%2Fwp%2Fv2%2Fmedia&parent=4189"}],"curies":[{"name":"wp","href":"https:\/\/api.w.org\/{rel}","templated":true}]}}