{"id":4210,"date":"2021-12-05T20:49:39","date_gmt":"2021-12-05T19:49:39","guid":{"rendered":"https:\/\/www.guhalg.com\/wordpress\/?page_id=4210"},"modified":"2022-02-08T21:23:54","modified_gmt":"2022-02-08T20:23:54","slug":"anreise-suedafrika-2011","status":"publish","type":"page","link":"https:\/\/www.guhalg.com\/wordpress\/?page_id=4210","title":{"rendered":"Anreise S\u00fcdafrika 2011"},"content":{"rendered":"\n<p>Die Anreise nach S\u00fcdafrika erfolgte \u00fcber Frankfurt. Von dort fliegt die Lufthansa mit einem Airbus 380 Nonstop bis nach Johannesburg. Sicherlich ist einer der Vorteile von Afrika, dass es so gut wie keine Zeitverschiebung gibt. Also abends in den Flieger steigen, die Nacht durchschlafen und am n\u00e4chsten Morgen ausgeruht am Zielort ankommen. Das ist schon ziemlich bequem. Jetzt noch schnell das Visum eintragen lassen, dann konnten wir uns auch schon zu unserem Autoverleih begeben und unseren Mietwagen f\u00fcr die Woche abholen, einen Toyota Corolla. F\u00fcr die Navigation hatten wir Horsts altes Nokia Handy mit, und damit war es auch gar nicht so schwer, aus der Stadt herauszukommen. Schlie\u00dflich hatten wir ja einige hundert Kilometer bis zu unserer ersten Unterkunft und f\u00fcr S\u00fcdafrika gibt es die Empfehlung, auf keinen Fall in der Dunkelheit unterwegs zu sein. So ging es \u00fcber Autobahnen und sp\u00e4ter \u00fcber 2-spurige Landstra\u00dfen in den Nordosten, zu unserer ersten Unterkunft nach White River. <\/p>\n\n\n\n<div class=\"wp-block-columns is-layout-flex wp-container-core-columns-is-layout-9d6595d7 wp-block-columns-is-layout-flex\">\n<div class=\"wp-block-column is-layout-flow wp-block-column-is-layout-flow\">\n<div class=\"wp-block-image\"><figure class=\"aligncenter size-full\"><a href=\"https:\/\/www.guhalg.com\/wordpress\/wp-content\/uploads\/Reisen\/2011 Afrika\/Reise\/DSC00794.jpg\"><img loading=\"lazy\" decoding=\"async\" width=\"1024\" height=\"575\" src=\"https:\/\/www.guhalg.com\/wordpress\/wp-content\/uploads\/Reisen\/2011 Afrika\/Reise\/DSC00794.jpg\" alt=\"Autobahn in S\u00fcdafrika\" class=\"wp-image-4198\" srcset=\"https:\/\/www.guhalg.com\/wordpress\/wp-content\/uploads\/Reisen\/2011%20Afrika\/Reise\/DSC00794.jpg 1024w, https:\/\/www.guhalg.com\/wordpress\/wp-content\/uploads\/Reisen\/2011%20Afrika\/Reise\/DSC00794-300x168.jpg 300w, https:\/\/www.guhalg.com\/wordpress\/wp-content\/uploads\/Reisen\/2011%20Afrika\/Reise\/DSC00794-768x431.jpg 768w\" sizes=\"auto, (max-width: 1024px) 100vw, 1024px\" \/><\/a><figcaption>Autobahn in S\u00fcdafrika<\/figcaption><\/figure><\/div>\n<\/div>\n\n\n\n<div class=\"wp-block-column is-layout-flow wp-block-column-is-layout-flow\">\n<div class=\"wp-block-image\"><figure class=\"aligncenter size-full\"><a href=\"https:\/\/www.guhalg.com\/wordpress\/wp-content\/uploads\/Reisen\/2011 Afrika\/Reise\/DSC00801.jpg\"><img loading=\"lazy\" decoding=\"async\" width=\"1024\" height=\"575\" src=\"https:\/\/www.guhalg.com\/wordpress\/wp-content\/uploads\/Reisen\/2011 Afrika\/Reise\/DSC00801.jpg\" alt=\"Landstrasse 2-spurig\" class=\"wp-image-4199\" srcset=\"https:\/\/www.guhalg.com\/wordpress\/wp-content\/uploads\/Reisen\/2011%20Afrika\/Reise\/DSC00801.jpg 1024w, https:\/\/www.guhalg.com\/wordpress\/wp-content\/uploads\/Reisen\/2011%20Afrika\/Reise\/DSC00801-300x168.jpg 300w, https:\/\/www.guhalg.com\/wordpress\/wp-content\/uploads\/Reisen\/2011%20Afrika\/Reise\/DSC00801-768x431.jpg 768w\" sizes=\"auto, (max-width: 1024px) 100vw, 1024px\" \/><\/a><figcaption>Landstrasse 2-spurig<\/figcaption><\/figure><\/div>\n<\/div>\n<\/div>\n\n\n\n<p>Wir hatten dort f\u00fcr die erste Nacht einen kleinen Bungalow, der in einer weitr\u00e4umigen Landschaft gelegen war. <\/p>\n\n\n\n<div class=\"wp-block-image\"><figure class=\"aligncenter size-full\"><a href=\"https:\/\/www.guhalg.com\/wordpress\/wp-content\/uploads\/Reisen\/2011 Afrika\/Reise\/DSC00804.jpg\"><img loading=\"lazy\" decoding=\"async\" width=\"1024\" height=\"575\" src=\"https:\/\/www.guhalg.com\/wordpress\/wp-content\/uploads\/Reisen\/2011 Afrika\/Reise\/DSC00804.jpg\" alt=\"Bungalow\" class=\"wp-image-4200\" srcset=\"https:\/\/www.guhalg.com\/wordpress\/wp-content\/uploads\/Reisen\/2011%20Afrika\/Reise\/DSC00804.jpg 1024w, https:\/\/www.guhalg.com\/wordpress\/wp-content\/uploads\/Reisen\/2011%20Afrika\/Reise\/DSC00804-300x168.jpg 300w, https:\/\/www.guhalg.com\/wordpress\/wp-content\/uploads\/Reisen\/2011%20Afrika\/Reise\/DSC00804-768x431.jpg 768w\" sizes=\"auto, (max-width: 1024px) 100vw, 1024px\" \/><\/a><figcaption>Bungalow<\/figcaption><\/figure><\/div>\n\n\n\n<div class=\"wp-block-image\"><figure class=\"aligncenter size-full\"><a href=\"https:\/\/www.guhalg.com\/wordpress\/wp-content\/uploads\/Reisen\/2011 Afrika\/Reise\/DSC00810.jpg\"><img loading=\"lazy\" decoding=\"async\" width=\"1024\" height=\"575\" src=\"https:\/\/www.guhalg.com\/wordpress\/wp-content\/uploads\/Reisen\/2011 Afrika\/Reise\/DSC00810.jpg\" alt=\"weite Landschaft\" class=\"wp-image-4201\" srcset=\"https:\/\/www.guhalg.com\/wordpress\/wp-content\/uploads\/Reisen\/2011%20Afrika\/Reise\/DSC00810.jpg 1024w, https:\/\/www.guhalg.com\/wordpress\/wp-content\/uploads\/Reisen\/2011%20Afrika\/Reise\/DSC00810-300x168.jpg 300w, https:\/\/www.guhalg.com\/wordpress\/wp-content\/uploads\/Reisen\/2011%20Afrika\/Reise\/DSC00810-768x431.jpg 768w\" sizes=\"auto, (max-width: 1024px) 100vw, 1024px\" \/><\/a><figcaption>weite Landschaft<\/figcaption><\/figure><\/div>\n\n\n\n<p>Vor dem Urlaub hatte uns unser Nachbar noch von einem Restaurant in S\u00fcdafrika erz\u00e4hlt. Es sollte in der N\u00e4he von White River liegen: <a href=\"http:\/\/www.olivers.co.za\/\">Oliver&#8217;s Lodge &amp; Restaurant<\/a> ist schon mal als das beste Restaurant S\u00fcdafrikas ausgezeichnet worden. Witzigerweise lag unser nicht ganz so vornehmer Bungalow nur f\u00fcnf Autominuten entfernt. So haben wir unseren ersten Abend in S\u00fcdafrika im Oliver&#8217;s bei gutem Essen und Wein mit anschlie\u00dfendem Latte Macchiato verbracht.<\/p>\n\n\n\n<div class=\"wp-block-columns is-layout-flex wp-container-core-columns-is-layout-9d6595d7 wp-block-columns-is-layout-flex\">\n<div class=\"wp-block-column is-layout-flow wp-block-column-is-layout-flow\">\n<div class=\"wp-block-buttons is-layout-flex wp-block-buttons-is-layout-flex\">\n<div class=\"wp-block-button\"><a class=\"wp-block-button__link\" href=\"https:\/\/www.guhalg.com\/wordpress\/?page_id=4189\">Afrika 2011<\/a><\/div>\n<\/div>\n<\/div>\n\n\n\n<div class=\"wp-block-column is-layout-flow wp-block-column-is-layout-flow\">\n<div class=\"wp-block-buttons is-horizontal is-content-justification-right is-layout-flex wp-container-core-buttons-is-layout-ae2fe186 wp-block-buttons-is-layout-flex\">\n<div class=\"wp-block-button\"><a class=\"wp-block-button__link\" href=\"https:\/\/www.guhalg.com\/wordpress\/?page_id=4218\">Drakensberge<\/a><\/div>\n<\/div>\n<\/div>\n<\/div>\n","protected":false},"excerpt":{"rendered":"<p>Die Anreise nach S\u00fcdafrika erfolgte \u00fcber Frankfurt. Von dort fliegt die Lufthansa mit einem Airbus 380 Nonstop bis nach Johannesburg. Sicherlich ist einer der Vorteile von Afrika, dass es so gut wie keine Zeitverschiebung gibt. Also abends in den Flieger&hellip; <\/p>\n","protected":false},"author":1,"featured_media":0,"parent":4189,"menu_order":2,"comment_status":"closed","ping_status":"closed","template":"","meta":{"footnotes":""},"class_list":["post-4210","page","type-page","status-publish","hentry"],"_links":{"self":[{"href":"https:\/\/www.guhalg.com\/wordpress\/index.php?rest_route=\/wp\/v2\/pages\/4210","targetHints":{"allow":["GET"]}}],"collection":[{"href":"https:\/\/www.guhalg.com\/wordpress\/index.php?rest_route=\/wp\/v2\/pages"}],"about":[{"href":"https:\/\/www.guhalg.com\/wordpress\/index.php?rest_route=\/wp\/v2\/types\/page"}],"author":[{"embeddable":true,"href":"https:\/\/www.guhalg.com\/wordpress\/index.php?rest_route=\/wp\/v2\/users\/1"}],"replies":[{"embeddable":true,"href":"https:\/\/www.guhalg.com\/wordpress\/index.php?rest_route=%2Fwp%2Fv2%2Fcomments&post=4210"}],"version-history":[{"count":6,"href":"https:\/\/www.guhalg.com\/wordpress\/index.php?rest_route=\/wp\/v2\/pages\/4210\/revisions"}],"predecessor-version":[{"id":7817,"href":"https:\/\/www.guhalg.com\/wordpress\/index.php?rest_route=\/wp\/v2\/pages\/4210\/revisions\/7817"}],"up":[{"embeddable":true,"href":"https:\/\/www.guhalg.com\/wordpress\/index.php?rest_route=\/wp\/v2\/pages\/4189"}],"wp:attachment":[{"href":"https:\/\/www.guhalg.com\/wordpress\/index.php?rest_route=%2Fwp%2Fv2%2Fmedia&parent=4210"}],"curies":[{"name":"wp","href":"https:\/\/api.w.org\/{rel}","templated":true}]}}