{"id":4218,"date":"2021-12-05T21:00:28","date_gmt":"2021-12-05T20:00:28","guid":{"rendered":"https:\/\/www.guhalg.com\/wordpress\/?page_id=4218"},"modified":"2022-02-08T21:26:18","modified_gmt":"2022-02-08T20:26:18","slug":"drakensberge","status":"publish","type":"page","link":"https:\/\/www.guhalg.com\/wordpress\/?page_id=4218","title":{"rendered":"Drakensberge"},"content":{"rendered":"\n<p>Am n\u00e4chsten Morgen ging es doch recht fr\u00fch zum Fr\u00fchst\u00fcck. Schlie\u00dflich hatten wir ein volles Programm f\u00fcr diesen Tag. Auf dem Weg zu unserer n\u00e4chsten Unterkunft im Kr\u00fcger Nationalpark wollten wir uns entlang der Panorama-Route u.\u00a0a. den <a rel=\"noreferrer noopener\" href=\"http:\/\/de.wikipedia.org\/wiki\/Blyde_River_Canyon\" target=\"_blank\">Blyde River Canyon<\/a> und den Rainforrest im Hochland der <a rel=\"noreferrer noopener\" href=\"http:\/\/de.wikipedia.org\/wiki\/Drakensberge\" target=\"_blank\">Drakensberge<\/a> anschauen. Im Vorfeld hatten wir uns schon die typischen Touristenziele herausgesucht und waren so mit gut gef\u00fcttertem Navi bestens unterwegs zu unseren Zielen: &#8211; <a rel=\"noreferrer noopener\" href=\"http:\/\/de.wikipedia.org\/wiki\/God%E2%80%99s_Window\" target=\"_blank\">God&#8217;s Window<\/a> &#8211; <a rel=\"noreferrer noopener\" href=\"http:\/\/de.wikipedia.org\/wiki\/Bourke%E2%80%99s_Luck_Potholes\" target=\"_blank\">Bourke&#8217;s Luck Potholes<\/a> &#8211; <a rel=\"noreferrer noopener\" href=\"http:\/\/www.sa-venues.com\/attractionsmpl\/three-rondavels.htm\" target=\"_blank\">Three Rondavels<\/a> um nur einige der bekanntesten Touristenattraktionen zu nennen. Und so zwischendurch, sozusagen auf dem Weg, gibt es halt auch mal einen kleinen Wasserfall, die Mac-Mac Falls, zu bewundern.<\/p>\n\n\n\n<div class=\"wp-block-columns is-layout-flex wp-container-core-columns-is-layout-9d6595d7 wp-block-columns-is-layout-flex\">\n<div class=\"wp-block-column is-layout-flow wp-block-column-is-layout-flow\">\n<div class=\"wp-block-image\"><figure class=\"aligncenter size-full\"><a href=\"https:\/\/www.guhalg.com\/wordpress\/wp-content\/uploads\/Reisen\/2011 Afrika\/Reise\/DSC00846.jpg\"><img loading=\"lazy\" decoding=\"async\" width=\"1024\" height=\"575\" src=\"https:\/\/www.guhalg.com\/wordpress\/wp-content\/uploads\/Reisen\/2011 Afrika\/Reise\/DSC00846.jpg\" alt=\"Mac-Mac Falls\" class=\"wp-image-4202\" srcset=\"https:\/\/www.guhalg.com\/wordpress\/wp-content\/uploads\/Reisen\/2011%20Afrika\/Reise\/DSC00846.jpg 1024w, https:\/\/www.guhalg.com\/wordpress\/wp-content\/uploads\/Reisen\/2011%20Afrika\/Reise\/DSC00846-300x168.jpg 300w, https:\/\/www.guhalg.com\/wordpress\/wp-content\/uploads\/Reisen\/2011%20Afrika\/Reise\/DSC00846-768x431.jpg 768w\" sizes=\"auto, (max-width: 1024px) 100vw, 1024px\" \/><\/a><figcaption>Mac-Mac Falls<\/figcaption><\/figure><\/div>\n<\/div>\n\n\n\n<div class=\"wp-block-column is-layout-flow wp-block-column-is-layout-flow\">\n<div class=\"wp-block-image\"><figure class=\"aligncenter size-full\"><a href=\"https:\/\/www.guhalg.com\/wordpress\/wp-content\/uploads\/Reisen\/2011 Afrika\/Reise\/DSC00847.jpg\"><img loading=\"lazy\" decoding=\"async\" width=\"1024\" height=\"575\" src=\"https:\/\/www.guhalg.com\/wordpress\/wp-content\/uploads\/Reisen\/2011 Afrika\/Reise\/DSC00847.jpg\" alt=\"Mac-Mac Falls\" class=\"wp-image-4203\" srcset=\"https:\/\/www.guhalg.com\/wordpress\/wp-content\/uploads\/Reisen\/2011%20Afrika\/Reise\/DSC00847.jpg 1024w, https:\/\/www.guhalg.com\/wordpress\/wp-content\/uploads\/Reisen\/2011%20Afrika\/Reise\/DSC00847-300x168.jpg 300w, https:\/\/www.guhalg.com\/wordpress\/wp-content\/uploads\/Reisen\/2011%20Afrika\/Reise\/DSC00847-768x431.jpg 768w\" sizes=\"auto, (max-width: 1024px) 100vw, 1024px\" \/><\/a><figcaption>Mac-Mac Falls<\/figcaption><\/figure><\/div>\n<\/div>\n<\/div>\n\n\n\n<p>Wir hatten das Schild zu dem Wasserfall am Stra\u00dfenrand gesehen und unser Auto ca. 200\u00a0m weiter neben der\u00a0 Stra\u00dfe abgestellt. Als wir die kurze Strecke zum Parkplatz am Wasserfall gelaufen waren, riet uns der Wachmann, das Auto von dort auf alle F\u00e4lle zur\u00fcckzuholen und auf dem bewachten Parkplatz abzustellen \u2013 sicher ist sicher. Das war schon eine etwas komische Erfahrung und hat uns daran erinnert, dass das Ende der Apartheid und die Gleichberechtigung in S\u00fcdafrika noch nicht \u00fcberall angekommen sind. Die Menschen nutzen f\u00fcr ihren Lebensunterhalt alle M\u00f6glichkeiten, eben auch ein herrenlos abgestelltes Auto am Stra\u00dfenrand. Nun gut, wir haben dieses dann den weiteren Urlaub ber\u00fccksichtigt und z.\u00a0B. nur Parkpl\u00e4tze angefahren, auf denen sich schon mehrere Touristen aufhielten. Bei dem Parkplatz unseres n\u00e4chstens Ziels war viel los, also kein Problem. Trotz schlechter Sicht im Allgemeinen war der Blick durchs God&#8217;s Window auf die darunterliegende Landschaft schon m\u00e4chtig beeindruckend.<\/p>\n\n\n\n<div class=\"wp-block-image\"><figure class=\"aligncenter size-full\"><a href=\"https:\/\/www.guhalg.com\/wordpress\/wp-content\/uploads\/Reisen\/2011 Afrika\/BlydeRiverCanyon\/DSC00857.jpg\"><img loading=\"lazy\" decoding=\"async\" width=\"1024\" height=\"575\" src=\"https:\/\/www.guhalg.com\/wordpress\/wp-content\/uploads\/Reisen\/2011 Afrika\/BlydeRiverCanyon\/DSC00857.jpg\" alt=\"God's WIndow\" class=\"wp-image-4232\" srcset=\"https:\/\/www.guhalg.com\/wordpress\/wp-content\/uploads\/Reisen\/2011%20Afrika\/BlydeRiverCanyon\/DSC00857.jpg 1024w, https:\/\/www.guhalg.com\/wordpress\/wp-content\/uploads\/Reisen\/2011%20Afrika\/BlydeRiverCanyon\/DSC00857-300x168.jpg 300w, https:\/\/www.guhalg.com\/wordpress\/wp-content\/uploads\/Reisen\/2011%20Afrika\/BlydeRiverCanyon\/DSC00857-768x431.jpg 768w\" sizes=\"auto, (max-width: 1024px) 100vw, 1024px\" \/><\/a><figcaption>God&#8217;s WIndow<\/figcaption><\/figure><\/div>\n\n\n\n<div class=\"wp-block-image\"><figure class=\"aligncenter size-full\"><a href=\"https:\/\/www.guhalg.com\/wordpress\/wp-content\/uploads\/Reisen\/2011 Afrika\/BlydeRiverCanyon\/DSC00863.jpg\"><img loading=\"lazy\" decoding=\"async\" width=\"1024\" height=\"575\" src=\"https:\/\/www.guhalg.com\/wordpress\/wp-content\/uploads\/Reisen\/2011 Afrika\/BlydeRiverCanyon\/DSC00863.jpg\" alt=\"weit ins Tal\" class=\"wp-image-4233\" srcset=\"https:\/\/www.guhalg.com\/wordpress\/wp-content\/uploads\/Reisen\/2011%20Afrika\/BlydeRiverCanyon\/DSC00863.jpg 1024w, https:\/\/www.guhalg.com\/wordpress\/wp-content\/uploads\/Reisen\/2011%20Afrika\/BlydeRiverCanyon\/DSC00863-300x168.jpg 300w, https:\/\/www.guhalg.com\/wordpress\/wp-content\/uploads\/Reisen\/2011%20Afrika\/BlydeRiverCanyon\/DSC00863-768x431.jpg 768w\" sizes=\"auto, (max-width: 1024px) 100vw, 1024px\" \/><\/a><figcaption>weit ins Tal<\/figcaption><\/figure><\/div>\n\n\n\n<p>Von hieraus ging es gleich weiter zum n\u00e4chsten Viewpoint, mitten durch den Regenwald zur dritten und h\u00f6chstgelegenen Plattform, dem Jungle View.  Und ein H\u00f6hepunkt war hier schon alleine die kurze Wanderung durch den Regenwald, manchmal sogar begleitet von der Sonne, also warm und schw\u00fcl. <\/p>\n\n\n\n<div class=\"wp-block-columns is-layout-flex wp-container-core-columns-is-layout-9d6595d7 wp-block-columns-is-layout-flex\">\n<div class=\"wp-block-column is-layout-flow wp-block-column-is-layout-flow\">\n<div class=\"wp-block-image\"><figure class=\"aligncenter size-full\"><a href=\"https:\/\/www.guhalg.com\/wordpress\/wp-content\/uploads\/Reisen\/2011 Afrika\/BlydeRiverCanyon\/DSC00869.jpg\"><img loading=\"lazy\" decoding=\"async\" width=\"1024\" height=\"575\" src=\"https:\/\/www.guhalg.com\/wordpress\/wp-content\/uploads\/Reisen\/2011 Afrika\/BlydeRiverCanyon\/DSC00869.jpg\" alt=\"Im Regenwald\" class=\"wp-image-4234\" srcset=\"https:\/\/www.guhalg.com\/wordpress\/wp-content\/uploads\/Reisen\/2011%20Afrika\/BlydeRiverCanyon\/DSC00869.jpg 1024w, https:\/\/www.guhalg.com\/wordpress\/wp-content\/uploads\/Reisen\/2011%20Afrika\/BlydeRiverCanyon\/DSC00869-300x168.jpg 300w, https:\/\/www.guhalg.com\/wordpress\/wp-content\/uploads\/Reisen\/2011%20Afrika\/BlydeRiverCanyon\/DSC00869-768x431.jpg 768w\" sizes=\"auto, (max-width: 1024px) 100vw, 1024px\" \/><\/a><figcaption>Im Regenwald<\/figcaption><\/figure><\/div>\n<\/div>\n\n\n\n<div class=\"wp-block-column is-layout-flow wp-block-column-is-layout-flow\">\n<div class=\"wp-block-image\"><figure class=\"aligncenter size-full\"><a href=\"https:\/\/www.guhalg.com\/wordpress\/wp-content\/uploads\/Reisen\/2011 Afrika\/BlydeRiverCanyon\/DSC00870.jpg\"><img loading=\"lazy\" decoding=\"async\" width=\"1024\" height=\"575\" src=\"https:\/\/www.guhalg.com\/wordpress\/wp-content\/uploads\/Reisen\/2011 Afrika\/BlydeRiverCanyon\/DSC00870.jpg\" alt=\"mit Sonnenschein\" class=\"wp-image-4235\" srcset=\"https:\/\/www.guhalg.com\/wordpress\/wp-content\/uploads\/Reisen\/2011%20Afrika\/BlydeRiverCanyon\/DSC00870.jpg 1024w, https:\/\/www.guhalg.com\/wordpress\/wp-content\/uploads\/Reisen\/2011%20Afrika\/BlydeRiverCanyon\/DSC00870-300x168.jpg 300w, https:\/\/www.guhalg.com\/wordpress\/wp-content\/uploads\/Reisen\/2011%20Afrika\/BlydeRiverCanyon\/DSC00870-768x431.jpg 768w\" sizes=\"auto, (max-width: 1024px) 100vw, 1024px\" \/><\/a><figcaption>mit Sonnenschein<\/figcaption><\/figure><\/div>\n<\/div>\n<\/div>\n\n\n\n<p>Belohnt wurden wir mit einem wunderbaren Blick in die Ferne, ohne Z\u00e4une und Absperrung, einfach nur die freie Sicht. Leider gl\u00e4nzte die Sonne hier oben mit Abwesenheit, aber ein Blick fast 700\u00a0m in die Tiefe in die unendlichen Weiten. Es hei\u00dft: Bei guter Sicht reicht der Blick bis an die Grenze zu Mosambik.<\/p>\n\n\n\n<div class=\"wp-block-image\"><figure class=\"aligncenter size-large\"><a href=\"https:\/\/www.guhalg.com\/wordpress\/wp-content\/uploads\/Reisen\/2011 Afrika\/BlydeRiverCanyon\/DSC00875.jpg\"><img loading=\"lazy\" decoding=\"async\" width=\"1024\" height=\"871\" src=\"https:\/\/www.guhalg.com\/wordpress\/wp-content\/uploads\/Reisen\/2011 Afrika\/BlydeRiverCanyon\/DSC00875-1024x871.jpg\" alt=\"700 Meter in die Tiefe\" class=\"wp-image-4236\" srcset=\"https:\/\/www.guhalg.com\/wordpress\/wp-content\/uploads\/Reisen\/2011%20Afrika\/BlydeRiverCanyon\/DSC00875-1024x871.jpg 1024w, https:\/\/www.guhalg.com\/wordpress\/wp-content\/uploads\/Reisen\/2011%20Afrika\/BlydeRiverCanyon\/DSC00875-300x255.jpg 300w, https:\/\/www.guhalg.com\/wordpress\/wp-content\/uploads\/Reisen\/2011%20Afrika\/BlydeRiverCanyon\/DSC00875-768x653.jpg 768w, https:\/\/www.guhalg.com\/wordpress\/wp-content\/uploads\/Reisen\/2011%20Afrika\/BlydeRiverCanyon\/DSC00875-1536x1306.jpg 1536w, https:\/\/www.guhalg.com\/wordpress\/wp-content\/uploads\/Reisen\/2011%20Afrika\/BlydeRiverCanyon\/DSC00875.jpg 1920w\" sizes=\"auto, (max-width: 1024px) 100vw, 1024px\" \/><\/a><figcaption>700 Meter in die Tiefe<\/figcaption><\/figure><\/div>\n\n\n\n<div class=\"wp-block-image\"><figure class=\"aligncenter size-large\"><a href=\"https:\/\/www.guhalg.com\/wordpress\/wp-content\/uploads\/Reisen\/2011 Afrika\/BlydeRiverCanyon\/DSC00881.JPG\"><img loading=\"lazy\" decoding=\"async\" width=\"1024\" height=\"321\" src=\"https:\/\/www.guhalg.com\/wordpress\/wp-content\/uploads\/Reisen\/2011 Afrika\/BlydeRiverCanyon\/DSC00881-1024x321.jpg\" alt=\"als Panorama\" class=\"wp-image-4237\" srcset=\"https:\/\/www.guhalg.com\/wordpress\/wp-content\/uploads\/Reisen\/2011%20Afrika\/BlydeRiverCanyon\/DSC00881-1024x321.jpg 1024w, https:\/\/www.guhalg.com\/wordpress\/wp-content\/uploads\/Reisen\/2011%20Afrika\/BlydeRiverCanyon\/DSC00881-300x94.jpg 300w, https:\/\/www.guhalg.com\/wordpress\/wp-content\/uploads\/Reisen\/2011%20Afrika\/BlydeRiverCanyon\/DSC00881-768x240.jpg 768w, https:\/\/www.guhalg.com\/wordpress\/wp-content\/uploads\/Reisen\/2011%20Afrika\/BlydeRiverCanyon\/DSC00881-1536x481.jpg 1536w, https:\/\/www.guhalg.com\/wordpress\/wp-content\/uploads\/Reisen\/2011%20Afrika\/BlydeRiverCanyon\/DSC00881.JPG 1920w\" sizes=\"auto, (max-width: 1024px) 100vw, 1024px\" \/><\/a><figcaption>als Panorama<\/figcaption><\/figure><\/div>\n\n\n\n<div class=\"wp-block-columns is-layout-flex wp-container-core-columns-is-layout-9d6595d7 wp-block-columns-is-layout-flex\">\n<div class=\"wp-block-column is-layout-flow wp-block-column-is-layout-flow\">\n<div class=\"wp-block-buttons is-layout-flex wp-block-buttons-is-layout-flex\">\n<div class=\"wp-block-button\"><a class=\"wp-block-button__link\" href=\"https:\/\/www.guhalg.com\/wordpress\/?page_id=4210\">Anreise<\/a><\/div>\n<\/div>\n<\/div>\n\n\n\n<div class=\"wp-block-column is-layout-flow wp-block-column-is-layout-flow\">\n<div class=\"wp-block-buttons is-horizontal is-content-justification-right is-layout-flex wp-container-core-buttons-is-layout-ae2fe186 wp-block-buttons-is-layout-flex\">\n<div class=\"wp-block-button\"><a class=\"wp-block-button__link\" href=\"https:\/\/www.guhalg.com\/wordpress\/?page_id=4259\">Potholes<\/a><\/div>\n<\/div>\n<\/div>\n<\/div>\n","protected":false},"excerpt":{"rendered":"<p>Am n\u00e4chsten Morgen ging es doch recht fr\u00fch zum Fr\u00fchst\u00fcck. Schlie\u00dflich hatten wir ein volles Programm f\u00fcr diesen Tag. Auf dem Weg zu unserer n\u00e4chsten Unterkunft im Kr\u00fcger Nationalpark wollten wir uns entlang der Panorama-Route u.\u00a0a. den Blyde River Canyon&hellip; <\/p>\n","protected":false},"author":1,"featured_media":0,"parent":4189,"menu_order":1,"comment_status":"closed","ping_status":"closed","template":"","meta":{"footnotes":""},"class_list":["post-4218","page","type-page","status-publish","hentry"],"_links":{"self":[{"href":"https:\/\/www.guhalg.com\/wordpress\/index.php?rest_route=\/wp\/v2\/pages\/4218","targetHints":{"allow":["GET"]}}],"collection":[{"href":"https:\/\/www.guhalg.com\/wordpress\/index.php?rest_route=\/wp\/v2\/pages"}],"about":[{"href":"https:\/\/www.guhalg.com\/wordpress\/index.php?rest_route=\/wp\/v2\/types\/page"}],"author":[{"embeddable":true,"href":"https:\/\/www.guhalg.com\/wordpress\/index.php?rest_route=\/wp\/v2\/users\/1"}],"replies":[{"embeddable":true,"href":"https:\/\/www.guhalg.com\/wordpress\/index.php?rest_route=%2Fwp%2Fv2%2Fcomments&post=4218"}],"version-history":[{"count":8,"href":"https:\/\/www.guhalg.com\/wordpress\/index.php?rest_route=\/wp\/v2\/pages\/4218\/revisions"}],"predecessor-version":[{"id":7819,"href":"https:\/\/www.guhalg.com\/wordpress\/index.php?rest_route=\/wp\/v2\/pages\/4218\/revisions\/7819"}],"up":[{"embeddable":true,"href":"https:\/\/www.guhalg.com\/wordpress\/index.php?rest_route=\/wp\/v2\/pages\/4189"}],"wp:attachment":[{"href":"https:\/\/www.guhalg.com\/wordpress\/index.php?rest_route=%2Fwp%2Fv2%2Fmedia&parent=4218"}],"curies":[{"name":"wp","href":"https:\/\/api.w.org\/{rel}","templated":true}]}}