{"id":423,"date":"2021-11-02T21:07:55","date_gmt":"2021-11-02T20:07:55","guid":{"rendered":"https:\/\/www.guhalg.com\/wordpress\/?page_id=423"},"modified":"2022-02-08T22:46:20","modified_gmt":"2022-02-08T21:46:20","slug":"madagaskar-markt","status":"publish","type":"page","link":"https:\/\/www.guhalg.com\/wordpress\/?page_id=423","title":{"rendered":"Die M\u00e4rkte Madagaskars"},"content":{"rendered":"\n<p>W\u00e4hrend der Rundreise haben wir zwei gro\u00dfe M\u00e4rkte besucht. Der erste war in Manjakandriana und der zweite in Toamasina. Beide M\u00e4rkte sind ziemlich gro\u00df, aber teilweise doch v\u00f6llig anders ausgerichtet, also unterschieden sich teils massiv vom Angebot.<\/p>\n\n\n\n<p>Der Markt in Manjakandriana war eindeutig auf die \u00f6rtlichen Belange wie Lebensmittel und Zubeh\u00f6r des t\u00e4glichen Bedarfs ausgerichtet. Wenn man sich allein mal die Gr\u00f6\u00dfe dieses Marktes anschaut kann man sich den Trubel und die Bedeutung f\u00fcr das \u00f6ffentliche Leben in der Region gut vorstellen.<\/p>\n\n\n\n<figure class=\"wp-block-image size-large\"><a href=\"https:\/\/www.guhalg.com\/wordpress\/wp-content\/uploads\/Reisen\/Madagaskar\/Markt\/Manjakandriana.jpg\"><img loading=\"lazy\" decoding=\"async\" width=\"1024\" height=\"269\" src=\"https:\/\/www.guhalg.com\/wordpress\/wp-content\/uploads\/Reisen\/Madagaskar\/Markt\/Manjakandriana-1024x269.jpg\" alt=\"Manjakandriana\" class=\"wp-image-415\" title=\"Manjakandriana \" srcset=\"https:\/\/www.guhalg.com\/wordpress\/wp-content\/uploads\/Reisen\/Madagaskar\/Markt\/Manjakandriana-1024x269.jpg 1024w, https:\/\/www.guhalg.com\/wordpress\/wp-content\/uploads\/Reisen\/Madagaskar\/Markt\/Manjakandriana-300x79.jpg 300w, https:\/\/www.guhalg.com\/wordpress\/wp-content\/uploads\/Reisen\/Madagaskar\/Markt\/Manjakandriana-768x202.jpg 768w, https:\/\/www.guhalg.com\/wordpress\/wp-content\/uploads\/Reisen\/Madagaskar\/Markt\/Manjakandriana-1536x403.jpg 1536w, https:\/\/www.guhalg.com\/wordpress\/wp-content\/uploads\/Reisen\/Madagaskar\/Markt\/Manjakandriana.jpg 1657w\" sizes=\"auto, (max-width: 1024px) 100vw, 1024px\" \/><\/a><figcaption>Markt in Manjakandriana<\/figcaption><\/figure>\n\n\n\n<p>Das Angebot an den St\u00e4nden bestand teilweise aus selbst geernteten Gem\u00fcse und Obst, das die Bauern teilweise \u00fcber mehrere Stunden zum Markt transportiert hatten. Wir konnten das mal beobachten, wo wir morgens Leuten begegnet sind, die auf einem kleinen Karren beladen mit Fr\u00fcchten unterwegs waren. Unser Guide erkl\u00e4rte daraufhin, dass die Leute auf dem Weg zum n\u00e4chsten gr\u00f6\u00dferen Markt sind, um dort ihre Ernte zu verkaufen. Aber auch Dinge des t\u00e4glichen Lebens, wie T\u00f6pfe oder das unten fotografierte B\u00fcgeleisen konnte man kaufen.<\/p>\n\n\n\n<div class=\"wp-block-columns is-layout-flex wp-container-core-columns-is-layout-9d6595d7 wp-block-columns-is-layout-flex\">\n<div class=\"wp-block-column is-layout-flow wp-block-column-is-layout-flow\">\n<figure class=\"wp-block-image size-large\"><a href=\"https:\/\/www.guhalg.com\/wordpress\/wp-content\/uploads\/Reisen\/Madagaskar\/Markt\/Bohnen.jpg\"><img loading=\"lazy\" decoding=\"async\" width=\"1024\" height=\"575\" src=\"https:\/\/www.guhalg.com\/wordpress\/wp-content\/uploads\/Reisen\/Madagaskar\/Markt\/Bohnen-1024x575.jpg\" alt=\"Bohnen\" class=\"wp-image-405\" srcset=\"https:\/\/www.guhalg.com\/wordpress\/wp-content\/uploads\/Reisen\/Madagaskar\/Markt\/Bohnen-1024x575.jpg 1024w, https:\/\/www.guhalg.com\/wordpress\/wp-content\/uploads\/Reisen\/Madagaskar\/Markt\/Bohnen-300x169.jpg 300w, https:\/\/www.guhalg.com\/wordpress\/wp-content\/uploads\/Reisen\/Madagaskar\/Markt\/Bohnen-768x432.jpg 768w, https:\/\/www.guhalg.com\/wordpress\/wp-content\/uploads\/Reisen\/Madagaskar\/Markt\/Bohnen-1536x863.jpg 1536w, https:\/\/www.guhalg.com\/wordpress\/wp-content\/uploads\/Reisen\/Madagaskar\/Markt\/Bohnen.jpg 1920w\" sizes=\"auto, (max-width: 1024px) 100vw, 1024px\" \/><\/a><figcaption>Bohnen<\/figcaption><\/figure>\n<\/div>\n\n\n\n<div class=\"wp-block-column is-layout-flow wp-block-column-is-layout-flow\">\n<figure class=\"wp-block-image size-large\"><a href=\"https:\/\/www.guhalg.com\/wordpress\/wp-content\/uploads\/Reisen\/Madagaskar\/Markt\/Gemuese.jpg\"><img loading=\"lazy\" decoding=\"async\" width=\"1024\" height=\"575\" src=\"https:\/\/www.guhalg.com\/wordpress\/wp-content\/uploads\/Reisen\/Madagaskar\/Markt\/Gemuese-1024x575.jpg\" alt=\"Gemuese\" class=\"wp-image-410\" srcset=\"https:\/\/www.guhalg.com\/wordpress\/wp-content\/uploads\/Reisen\/Madagaskar\/Markt\/Gemuese-1024x575.jpg 1024w, https:\/\/www.guhalg.com\/wordpress\/wp-content\/uploads\/Reisen\/Madagaskar\/Markt\/Gemuese-300x169.jpg 300w, https:\/\/www.guhalg.com\/wordpress\/wp-content\/uploads\/Reisen\/Madagaskar\/Markt\/Gemuese-768x432.jpg 768w, https:\/\/www.guhalg.com\/wordpress\/wp-content\/uploads\/Reisen\/Madagaskar\/Markt\/Gemuese-1536x863.jpg 1536w, https:\/\/www.guhalg.com\/wordpress\/wp-content\/uploads\/Reisen\/Madagaskar\/Markt\/Gemuese.jpg 1920w\" sizes=\"auto, (max-width: 1024px) 100vw, 1024px\" \/><\/a><figcaption>Gem\u00fcse<\/figcaption><\/figure>\n<\/div>\n\n\n\n<div class=\"wp-block-column is-layout-flow wp-block-column-is-layout-flow\">\n<figure class=\"wp-block-image size-large\"><a href=\"https:\/\/www.guhalg.com\/wordpress\/wp-content\/uploads\/Reisen\/Madagaskar\/Markt\/Buegeleisen.jpg\"><img loading=\"lazy\" decoding=\"async\" width=\"1024\" height=\"575\" src=\"https:\/\/www.guhalg.com\/wordpress\/wp-content\/uploads\/Reisen\/Madagaskar\/Markt\/Buegeleisen-1024x575.jpg\" alt=\"Buegeleisen\" class=\"wp-image-406\" srcset=\"https:\/\/www.guhalg.com\/wordpress\/wp-content\/uploads\/Reisen\/Madagaskar\/Markt\/Buegeleisen-1024x575.jpg 1024w, https:\/\/www.guhalg.com\/wordpress\/wp-content\/uploads\/Reisen\/Madagaskar\/Markt\/Buegeleisen-300x169.jpg 300w, https:\/\/www.guhalg.com\/wordpress\/wp-content\/uploads\/Reisen\/Madagaskar\/Markt\/Buegeleisen-768x432.jpg 768w, https:\/\/www.guhalg.com\/wordpress\/wp-content\/uploads\/Reisen\/Madagaskar\/Markt\/Buegeleisen-1536x863.jpg 1536w, https:\/\/www.guhalg.com\/wordpress\/wp-content\/uploads\/Reisen\/Madagaskar\/Markt\/Buegeleisen.jpg 1920w\" sizes=\"auto, (max-width: 1024px) 100vw, 1024px\" \/><\/a><figcaption>B\u00fcgeleisen<\/figcaption><\/figure>\n<\/div>\n<\/div>\n\n\n\n<p>Auch Fisch und Fleisch gab es einigen St\u00e4nden. Die Pr\u00e4sentation ist sicherlich nicht vergleichbar mit unseren extremen hygienischen Vorgaben, bei getrocknetem Fisch spielt die Hitze aber keine gro\u00dfe Rolle, schlie\u00dflich wurde der Fisch ja in der Sonne getrocknet, und das Fleisch muss halt kr\u00e4ftig durchgebraten werden.<\/p>\n\n\n\n<div class=\"wp-block-columns is-layout-flex wp-container-core-columns-is-layout-9d6595d7 wp-block-columns-is-layout-flex\">\n<div class=\"wp-block-column is-layout-flow wp-block-column-is-layout-flow\">\n<figure class=\"wp-block-image size-large\"><img loading=\"lazy\" decoding=\"async\" width=\"1024\" height=\"575\" src=\"https:\/\/www.guhalg.com\/wordpress\/wp-content\/uploads\/Reisen\/Madagaskar\/Markt\/Fisch-1024x575.jpg\" alt=\"Fisch\" class=\"wp-image-407\" srcset=\"https:\/\/www.guhalg.com\/wordpress\/wp-content\/uploads\/Reisen\/Madagaskar\/Markt\/Fisch-1024x575.jpg 1024w, https:\/\/www.guhalg.com\/wordpress\/wp-content\/uploads\/Reisen\/Madagaskar\/Markt\/Fisch-300x169.jpg 300w, https:\/\/www.guhalg.com\/wordpress\/wp-content\/uploads\/Reisen\/Madagaskar\/Markt\/Fisch-768x432.jpg 768w, https:\/\/www.guhalg.com\/wordpress\/wp-content\/uploads\/Reisen\/Madagaskar\/Markt\/Fisch-1536x863.jpg 1536w, https:\/\/www.guhalg.com\/wordpress\/wp-content\/uploads\/Reisen\/Madagaskar\/Markt\/Fisch.jpg 1920w\" sizes=\"auto, (max-width: 1024px) 100vw, 1024px\" \/><figcaption>getrockneter Fisch<\/figcaption><\/figure>\n<\/div>\n\n\n\n<div class=\"wp-block-column is-layout-flow wp-block-column-is-layout-flow\">\n<figure class=\"wp-block-image size-large\"><img loading=\"lazy\" decoding=\"async\" width=\"1024\" height=\"575\" src=\"https:\/\/www.guhalg.com\/wordpress\/wp-content\/uploads\/Reisen\/Madagaskar\/Markt\/Fleisch-1024x575.jpg\" alt=\"Fleisch\" class=\"wp-image-408\" srcset=\"https:\/\/www.guhalg.com\/wordpress\/wp-content\/uploads\/Reisen\/Madagaskar\/Markt\/Fleisch-1024x575.jpg 1024w, https:\/\/www.guhalg.com\/wordpress\/wp-content\/uploads\/Reisen\/Madagaskar\/Markt\/Fleisch-300x169.jpg 300w, https:\/\/www.guhalg.com\/wordpress\/wp-content\/uploads\/Reisen\/Madagaskar\/Markt\/Fleisch-768x432.jpg 768w, https:\/\/www.guhalg.com\/wordpress\/wp-content\/uploads\/Reisen\/Madagaskar\/Markt\/Fleisch-1536x863.jpg 1536w, https:\/\/www.guhalg.com\/wordpress\/wp-content\/uploads\/Reisen\/Madagaskar\/Markt\/Fleisch.jpg 1920w\" sizes=\"auto, (max-width: 1024px) 100vw, 1024px\" \/><figcaption>Fleisch am Marktstand<\/figcaption><\/figure>\n<\/div>\n<\/div>\n\n\n\n<p>Abgerundet wurde das Angebot u.\u00a0a. mit Seife und Kleidung, auff\u00e4llig dabei, es gab nur ganz wenige Artikel, die vorverpackt angeboten wurden und das waren dann meist Ramschartikel \u00f6stlicher Produktion.<\/p>\n\n\n\n<div class=\"wp-block-columns is-layout-flex wp-container-core-columns-is-layout-9d6595d7 wp-block-columns-is-layout-flex\">\n<div class=\"wp-block-column is-layout-flow wp-block-column-is-layout-flow\">\n<figure class=\"wp-block-image size-large\"><a href=\"https:\/\/www.guhalg.com\/wordpress\/wp-content\/uploads\/Reisen\/Madagaskar\/Markt\/Seife.jpg\"><img loading=\"lazy\" decoding=\"async\" width=\"1024\" height=\"575\" src=\"https:\/\/www.guhalg.com\/wordpress\/wp-content\/uploads\/Reisen\/Madagaskar\/Markt\/Seife-1024x575.jpg\" alt=\"Seife\" class=\"wp-image-418\" srcset=\"https:\/\/www.guhalg.com\/wordpress\/wp-content\/uploads\/Reisen\/Madagaskar\/Markt\/Seife-1024x575.jpg 1024w, https:\/\/www.guhalg.com\/wordpress\/wp-content\/uploads\/Reisen\/Madagaskar\/Markt\/Seife-300x169.jpg 300w, https:\/\/www.guhalg.com\/wordpress\/wp-content\/uploads\/Reisen\/Madagaskar\/Markt\/Seife-768x432.jpg 768w, https:\/\/www.guhalg.com\/wordpress\/wp-content\/uploads\/Reisen\/Madagaskar\/Markt\/Seife-1536x863.jpg 1536w, https:\/\/www.guhalg.com\/wordpress\/wp-content\/uploads\/Reisen\/Madagaskar\/Markt\/Seife.jpg 1920w\" sizes=\"auto, (max-width: 1024px) 100vw, 1024px\" \/><\/a><figcaption>Seife<\/figcaption><\/figure>\n<\/div>\n\n\n\n<div class=\"wp-block-column is-layout-flow wp-block-column-is-layout-flow\">\n<figure class=\"wp-block-image size-large\"><a href=\"https:\/\/www.guhalg.com\/wordpress\/wp-content\/uploads\/Reisen\/Madagaskar\/Markt\/Kleidung.jpg\"><img loading=\"lazy\" decoding=\"async\" width=\"1024\" height=\"575\" src=\"https:\/\/www.guhalg.com\/wordpress\/wp-content\/uploads\/Reisen\/Madagaskar\/Markt\/Kleidung-1024x575.jpg\" alt=\"Kleidung\" class=\"wp-image-412\" srcset=\"https:\/\/www.guhalg.com\/wordpress\/wp-content\/uploads\/Reisen\/Madagaskar\/Markt\/Kleidung-1024x575.jpg 1024w, https:\/\/www.guhalg.com\/wordpress\/wp-content\/uploads\/Reisen\/Madagaskar\/Markt\/Kleidung-300x169.jpg 300w, https:\/\/www.guhalg.com\/wordpress\/wp-content\/uploads\/Reisen\/Madagaskar\/Markt\/Kleidung-768x432.jpg 768w, https:\/\/www.guhalg.com\/wordpress\/wp-content\/uploads\/Reisen\/Madagaskar\/Markt\/Kleidung-1536x863.jpg 1536w, https:\/\/www.guhalg.com\/wordpress\/wp-content\/uploads\/Reisen\/Madagaskar\/Markt\/Kleidung.jpg 1920w\" sizes=\"auto, (max-width: 1024px) 100vw, 1024px\" \/><\/a><figcaption>Kleidung<\/figcaption><\/figure>\n<\/div>\n\n\n\n<div class=\"wp-block-column is-layout-flow wp-block-column-is-layout-flow\">\n<figure class=\"wp-block-image size-large\"><a href=\"https:\/\/www.guhalg.com\/wordpress\/wp-content\/uploads\/Reisen\/Madagaskar\/Markt\/Plastikschuhe.jpg\"><img loading=\"lazy\" decoding=\"async\" width=\"1024\" height=\"575\" src=\"https:\/\/www.guhalg.com\/wordpress\/wp-content\/uploads\/Reisen\/Madagaskar\/Markt\/Plastikschuhe-1024x575.jpg\" alt=\"Plastikschuhe\" class=\"wp-image-416\" srcset=\"https:\/\/www.guhalg.com\/wordpress\/wp-content\/uploads\/Reisen\/Madagaskar\/Markt\/Plastikschuhe-1024x575.jpg 1024w, https:\/\/www.guhalg.com\/wordpress\/wp-content\/uploads\/Reisen\/Madagaskar\/Markt\/Plastikschuhe-300x169.jpg 300w, https:\/\/www.guhalg.com\/wordpress\/wp-content\/uploads\/Reisen\/Madagaskar\/Markt\/Plastikschuhe-768x432.jpg 768w, https:\/\/www.guhalg.com\/wordpress\/wp-content\/uploads\/Reisen\/Madagaskar\/Markt\/Plastikschuhe-1536x863.jpg 1536w, https:\/\/www.guhalg.com\/wordpress\/wp-content\/uploads\/Reisen\/Madagaskar\/Markt\/Plastikschuhe.jpg 1920w\" sizes=\"auto, (max-width: 1024px) 100vw, 1024px\" \/><\/a><figcaption>Plastikschuhe<\/figcaption><\/figure>\n<\/div>\n<\/div>\n\n\n\n<p>Es gab auch hier und da kleine Gark\u00fcchen und wir haben da nat\u00fcrlich auch etwas probiert. Allerdings hat das unser Guide ausgesucht, damit wir auch etwas zu essen bekommen, was unser Magen vertr\u00e4gt. Ich glaube, es war etwas \u00c4hnliches wie Maniok mit Reis und weiteren Gem\u00fcsen.<\/p>\n\n\n\n<p>W\u00e4hrend Horst auf dem Markt hier und da die Fotos geschossen hat, wurden wir dann von einer Frau mit kleinem Sohn angesprochen. Nach der \u00dcbersetzung unseres Guides bat die Frau um ein Foto. Es ging ihr dabei gar nicht um das Bild selber, sondern einfach nur, dass sie mit Ihrem Sohn aufgenommen wird.<\/p>\n\n\n\n<p>Nun ja, dem Sohn war das Ganze nicht so richtig geheuer. Er hatte auch etwas Angst vor dem Mann mit dem Bart oder vor den anders aussehenden Menschen im Allgemeinem. Aber, als die beiden sich das Bild dann am Display der Kamera angeschaut hatten, war die Frau zufrieden, bedankte sich und zog weiter.<\/p>\n\n\n\n<figure class=\"wp-block-image size-large\"><a href=\"https:\/\/www.guhalg.com\/wordpress\/wp-content\/uploads\/Reisen\/Madagaskar\/Markt\/Frau.jpg\"><img loading=\"lazy\" decoding=\"async\" width=\"1024\" height=\"575\" src=\"https:\/\/www.guhalg.com\/wordpress\/wp-content\/uploads\/Reisen\/Madagaskar\/Markt\/Frau-1024x575.jpg\" alt=\"Frau mit Sohn\" class=\"wp-image-409\" title=\"Frau mit Sohn\" srcset=\"https:\/\/www.guhalg.com\/wordpress\/wp-content\/uploads\/Reisen\/Madagaskar\/Markt\/Frau-1024x575.jpg 1024w, https:\/\/www.guhalg.com\/wordpress\/wp-content\/uploads\/Reisen\/Madagaskar\/Markt\/Frau-300x169.jpg 300w, https:\/\/www.guhalg.com\/wordpress\/wp-content\/uploads\/Reisen\/Madagaskar\/Markt\/Frau-768x432.jpg 768w, https:\/\/www.guhalg.com\/wordpress\/wp-content\/uploads\/Reisen\/Madagaskar\/Markt\/Frau-1536x863.jpg 1536w, https:\/\/www.guhalg.com\/wordpress\/wp-content\/uploads\/Reisen\/Madagaskar\/Markt\/Frau.jpg 1920w\" sizes=\"auto, (max-width: 1024px) 100vw, 1024px\" \/><\/a><figcaption>Frau mit Sohn<\/figcaption><\/figure>\n\n\n\n<p>Der Markt in Toamasina war da schon ganz anders. Auch hier gab es Obst und Gem\u00fcse, allerdings oft in gr\u00f6\u00dferen Mengen aufgeschichtet, also sicherlich kein Bauer mehr, sondern eher ein H\u00e4ndler. Es waren auch keine Tagesst\u00e4nde mehr, sondern der Markt bestand aus kleine festen St\u00e4nden, wurde also nicht zum Markttag aufgebaut, sondern es waren Dauerst\u00e4nde, \u00e4hnlich einer Markthalle, hier aber noch im Freien.<\/p>\n\n\n\n<div class=\"wp-block-columns is-layout-flex wp-container-core-columns-is-layout-9d6595d7 wp-block-columns-is-layout-flex\">\n<div class=\"wp-block-column is-layout-flow wp-block-column-is-layout-flow\">\n<figure class=\"wp-block-image size-large\"><a href=\"https:\/\/www.guhalg.com\/wordpress\/wp-content\/uploads\/Reisen\/Madagaskar\/Markt\/Kokos.jpg\"><img loading=\"lazy\" decoding=\"async\" width=\"1024\" height=\"575\" src=\"https:\/\/www.guhalg.com\/wordpress\/wp-content\/uploads\/Reisen\/Madagaskar\/Markt\/Kokos-1024x575.jpg\" alt=\"Kokos\" class=\"wp-image-413\" srcset=\"https:\/\/www.guhalg.com\/wordpress\/wp-content\/uploads\/Reisen\/Madagaskar\/Markt\/Kokos-1024x575.jpg 1024w, https:\/\/www.guhalg.com\/wordpress\/wp-content\/uploads\/Reisen\/Madagaskar\/Markt\/Kokos-300x169.jpg 300w, https:\/\/www.guhalg.com\/wordpress\/wp-content\/uploads\/Reisen\/Madagaskar\/Markt\/Kokos-768x432.jpg 768w, https:\/\/www.guhalg.com\/wordpress\/wp-content\/uploads\/Reisen\/Madagaskar\/Markt\/Kokos-1536x863.jpg 1536w, https:\/\/www.guhalg.com\/wordpress\/wp-content\/uploads\/Reisen\/Madagaskar\/Markt\/Kokos.jpg 1920w\" sizes=\"auto, (max-width: 1024px) 100vw, 1024px\" \/><\/a><figcaption>Kokos<\/figcaption><\/figure>\n<\/div>\n\n\n\n<div class=\"wp-block-column is-layout-flow wp-block-column-is-layout-flow\">\n<figure class=\"wp-block-image size-large\"><a href=\"https:\/\/www.guhalg.com\/wordpress\/wp-content\/uploads\/Reisen\/Madagaskar\/Markt\/Toamasina.jpg\"><img loading=\"lazy\" decoding=\"async\" width=\"1024\" height=\"575\" src=\"https:\/\/www.guhalg.com\/wordpress\/wp-content\/uploads\/Reisen\/Madagaskar\/Markt\/Toamasina-1024x575.jpg\" alt=\"Toamasina\" class=\"wp-image-419\" srcset=\"https:\/\/www.guhalg.com\/wordpress\/wp-content\/uploads\/Reisen\/Madagaskar\/Markt\/Toamasina-1024x575.jpg 1024w, https:\/\/www.guhalg.com\/wordpress\/wp-content\/uploads\/Reisen\/Madagaskar\/Markt\/Toamasina-300x169.jpg 300w, https:\/\/www.guhalg.com\/wordpress\/wp-content\/uploads\/Reisen\/Madagaskar\/Markt\/Toamasina-768x432.jpg 768w, https:\/\/www.guhalg.com\/wordpress\/wp-content\/uploads\/Reisen\/Madagaskar\/Markt\/Toamasina-1536x863.jpg 1536w, https:\/\/www.guhalg.com\/wordpress\/wp-content\/uploads\/Reisen\/Madagaskar\/Markt\/Toamasina.jpg 1920w\" sizes=\"auto, (max-width: 1024px) 100vw, 1024px\" \/><\/a><figcaption>Toamasina<\/figcaption><\/figure>\n<\/div>\n<\/div>\n\n\n\n<p>Dass dieser Markt auch h\u00e4ufig von Touristen besucht wird, konnte man auch an dem weiteren Angebot sehen. Hier gab es abgepackte Gew\u00fcrze und \u00f6stlichen Ramsch als Souvenir zu kaufen. Allerdings wurde man noch nicht permanent angesprochen. Ob dieses an der Mentalit\u00e4t der Leute liegt, oder einfach noch nicht Einzug gehalten hat, keine Ahnung.<\/p>\n\n\n\n<div class=\"wp-block-columns is-layout-flex wp-container-core-columns-is-layout-9d6595d7 wp-block-columns-is-layout-flex\">\n<div class=\"wp-block-column is-layout-flow wp-block-column-is-layout-flow\">\n<figure class=\"wp-block-image size-large\"><a href=\"https:\/\/www.guhalg.com\/wordpress\/wp-content\/uploads\/Reisen\/Madagaskar\/Markt\/Gewuerze.jpg\"><img loading=\"lazy\" decoding=\"async\" width=\"1024\" height=\"575\" src=\"https:\/\/www.guhalg.com\/wordpress\/wp-content\/uploads\/Reisen\/Madagaskar\/Markt\/Gewuerze-1024x575.jpg\" alt=\"abgepackte Gew\u00fcrze\" class=\"wp-image-411\" srcset=\"https:\/\/www.guhalg.com\/wordpress\/wp-content\/uploads\/Reisen\/Madagaskar\/Markt\/Gewuerze-1024x575.jpg 1024w, https:\/\/www.guhalg.com\/wordpress\/wp-content\/uploads\/Reisen\/Madagaskar\/Markt\/Gewuerze-300x169.jpg 300w, https:\/\/www.guhalg.com\/wordpress\/wp-content\/uploads\/Reisen\/Madagaskar\/Markt\/Gewuerze-768x432.jpg 768w, https:\/\/www.guhalg.com\/wordpress\/wp-content\/uploads\/Reisen\/Madagaskar\/Markt\/Gewuerze-1536x863.jpg 1536w, https:\/\/www.guhalg.com\/wordpress\/wp-content\/uploads\/Reisen\/Madagaskar\/Markt\/Gewuerze.jpg 1920w\" sizes=\"auto, (max-width: 1024px) 100vw, 1024px\" \/><\/a><figcaption>Gewuerze<\/figcaption><\/figure>\n<\/div>\n\n\n\n<div class=\"wp-block-column is-layout-flow wp-block-column-is-layout-flow\">\n<figure class=\"wp-block-image size-large\"><a href=\"https:\/\/www.guhalg.com\/wordpress\/wp-content\/uploads\/Reisen\/Madagaskar\/Markt\/Ramsch.jpg\"><img loading=\"lazy\" decoding=\"async\" width=\"1024\" height=\"575\" src=\"https:\/\/www.guhalg.com\/wordpress\/wp-content\/uploads\/Reisen\/Madagaskar\/Markt\/Ramsch-1024x575.jpg\" alt=\"Ramsch\" class=\"wp-image-417\" srcset=\"https:\/\/www.guhalg.com\/wordpress\/wp-content\/uploads\/Reisen\/Madagaskar\/Markt\/Ramsch-1024x575.jpg 1024w, https:\/\/www.guhalg.com\/wordpress\/wp-content\/uploads\/Reisen\/Madagaskar\/Markt\/Ramsch-300x169.jpg 300w, https:\/\/www.guhalg.com\/wordpress\/wp-content\/uploads\/Reisen\/Madagaskar\/Markt\/Ramsch-768x432.jpg 768w, https:\/\/www.guhalg.com\/wordpress\/wp-content\/uploads\/Reisen\/Madagaskar\/Markt\/Ramsch-1536x863.jpg 1536w, https:\/\/www.guhalg.com\/wordpress\/wp-content\/uploads\/Reisen\/Madagaskar\/Markt\/Ramsch.jpg 1920w\" sizes=\"auto, (max-width: 1024px) 100vw, 1024px\" \/><\/a><figcaption>Ramsch<\/figcaption><\/figure>\n<\/div>\n<\/div>\n\n\n\n<p>Uns sind an diesem Markt einige Kleinigkeiten aufgefallen:<\/p>\n\n\n\n<ul class=\"wp-block-list\"><li>Die St\u00e4nde, die noch lose Sch\u00fcttung verkaufen, befinden sich im inneren Teil des Marktes. Die Touristen meiden aber oft diesen gedr\u00e4ngten Abschnitt inmitten vieler Menschen und kaufen dann lieber an den \u00e4u\u00dferen St\u00e4nden, wo auch gleich die Preise h\u00f6her sind, und es fertig abgepackte Ware gibt.<\/li><li>An diesem Markt gibt es neben den Dingen des t\u00e4glichen Lebens auch viele Dekoartikel zu kaufen. Eindeutig ein Zeichen f\u00fcr touristische Besucher.<\/li><li>H\u00e4ndler, die einheimisches Handwerk verkaufen, und zwar in einer Menge am Stand, die nicht auf \u00f6stliche Massenproduktion schlie\u00dfen l\u00e4sst, sondern vielleicht noch im Dorf in Handarbeit hergestellt wurde, finden sich nicht mehr auf dem zentralen Marktplatz, sondern in den angrenzenden Stra\u00dfen<\/li><\/ul>\n\n\n\n<p>Zum Abschluss noch ein Bild von der Handwerkskunst und auf der n\u00e4chsten Seite geht es dann weiter mit Ile. Sainte Marie.<\/p>\n\n\n\n<figure class=\"wp-block-image size-large\"><img loading=\"lazy\" decoding=\"async\" width=\"1024\" height=\"575\" src=\"https:\/\/www.guhalg.com\/wordpress\/wp-content\/uploads\/Reisen\/Madagaskar\/Markt\/Kokosschale-1024x575.jpg\" alt=\"Kokosschale\" class=\"wp-image-414\" title=\"Kokosschale\" srcset=\"https:\/\/www.guhalg.com\/wordpress\/wp-content\/uploads\/Reisen\/Madagaskar\/Markt\/Kokosschale-1024x575.jpg 1024w, https:\/\/www.guhalg.com\/wordpress\/wp-content\/uploads\/Reisen\/Madagaskar\/Markt\/Kokosschale-300x169.jpg 300w, https:\/\/www.guhalg.com\/wordpress\/wp-content\/uploads\/Reisen\/Madagaskar\/Markt\/Kokosschale-768x432.jpg 768w, https:\/\/www.guhalg.com\/wordpress\/wp-content\/uploads\/Reisen\/Madagaskar\/Markt\/Kokosschale-1536x863.jpg 1536w, https:\/\/www.guhalg.com\/wordpress\/wp-content\/uploads\/Reisen\/Madagaskar\/Markt\/Kokosschale.jpg 1920w\" sizes=\"auto, (max-width: 1024px) 100vw, 1024px\" \/><figcaption>Handwerkskunst auf Kokosschale<\/figcaption><\/figure>\n\n\n\n<div class=\"wp-block-columns is-layout-flex wp-container-core-columns-is-layout-9d6595d7 wp-block-columns-is-layout-flex\">\n<div class=\"wp-block-column is-layout-flow wp-block-column-is-layout-flow\">\n<div class=\"wp-block-buttons is-layout-flex wp-block-buttons-is-layout-flex\">\n<div class=\"wp-block-button\"><a class=\"wp-block-button__link\" href=\"https:\/\/www.guhalg.com\/wordpress\/?page_id=374\">Weiterreise<\/a><\/div>\n<\/div>\n<\/div>\n\n\n\n<div class=\"wp-block-column is-layout-flow wp-block-column-is-layout-flow\">\n<div class=\"wp-block-buttons is-horizontal is-content-justification-right is-layout-flex wp-container-core-buttons-is-layout-ae2fe186 wp-block-buttons-is-layout-flex\">\n<div class=\"wp-block-button\"><a class=\"wp-block-button__link\" href=\"https:\/\/www.guhalg.com\/wordpress\/?page_id=445\">Ile Sainte Marie<\/a><\/div>\n<\/div>\n<\/div>\n<\/div>\n","protected":false},"excerpt":{"rendered":"<p>W\u00e4hrend der Rundreise haben wir zwei gro\u00dfe M\u00e4rkte besucht. Der erste war in Manjakandriana und der zweite in Toamasina. Beide M\u00e4rkte sind ziemlich gro\u00df, aber teilweise doch v\u00f6llig anders ausgerichtet, also unterschieden sich teils massiv vom Angebot. Der Markt in&hellip; <\/p>\n","protected":false},"author":1,"featured_media":0,"parent":279,"menu_order":0,"comment_status":"closed","ping_status":"closed","template":"","meta":{"footnotes":""},"class_list":["post-423","page","type-page","status-publish","hentry"],"_links":{"self":[{"href":"https:\/\/www.guhalg.com\/wordpress\/index.php?rest_route=\/wp\/v2\/pages\/423","targetHints":{"allow":["GET"]}}],"collection":[{"href":"https:\/\/www.guhalg.com\/wordpress\/index.php?rest_route=\/wp\/v2\/pages"}],"about":[{"href":"https:\/\/www.guhalg.com\/wordpress\/index.php?rest_route=\/wp\/v2\/types\/page"}],"author":[{"embeddable":true,"href":"https:\/\/www.guhalg.com\/wordpress\/index.php?rest_route=\/wp\/v2\/users\/1"}],"replies":[{"embeddable":true,"href":"https:\/\/www.guhalg.com\/wordpress\/index.php?rest_route=%2Fwp%2Fv2%2Fcomments&post=423"}],"version-history":[{"count":9,"href":"https:\/\/www.guhalg.com\/wordpress\/index.php?rest_route=\/wp\/v2\/pages\/423\/revisions"}],"predecessor-version":[{"id":7860,"href":"https:\/\/www.guhalg.com\/wordpress\/index.php?rest_route=\/wp\/v2\/pages\/423\/revisions\/7860"}],"up":[{"embeddable":true,"href":"https:\/\/www.guhalg.com\/wordpress\/index.php?rest_route=\/wp\/v2\/pages\/279"}],"wp:attachment":[{"href":"https:\/\/www.guhalg.com\/wordpress\/index.php?rest_route=%2Fwp%2Fv2%2Fmedia&parent=423"}],"curies":[{"name":"wp","href":"https:\/\/api.w.org\/{rel}","templated":true}]}}