{"id":4301,"date":"2021-12-06T21:52:44","date_gmt":"2021-12-06T20:52:44","guid":{"rendered":"https:\/\/www.guhalg.com\/wordpress\/?page_id=4301"},"modified":"2022-02-08T21:28:44","modified_gmt":"2022-02-08T20:28:44","slug":"three-rondavels","status":"publish","type":"page","link":"https:\/\/www.guhalg.com\/wordpress\/?page_id=4301","title":{"rendered":"Three Rondavels"},"content":{"rendered":"\n<p>Nach der doch anstrengenden Wanderung an den Potholes in der prallen Sonne ging es die Panoramaroute weiter nordw\u00e4rts. Erstmal ein wenig im klimatisierten Auto entspannen, um doch gleich beim n\u00e4chsten View Point wieder anzuhalten. Sehr sch\u00f6n konnte man so den Wandel der Landschaft von einem Plateau \/ einer Hochebene hin zu einer Bergwelt verfolgen. <\/p>\n\n\n\n<div class=\"wp-block-columns is-layout-flex wp-container-core-columns-is-layout-9d6595d7 wp-block-columns-is-layout-flex\">\n<div class=\"wp-block-column is-layout-flow wp-block-column-is-layout-flow\">\n<div class=\"wp-block-image\"><figure class=\"aligncenter size-full\"><a href=\"https:\/\/www.guhalg.com\/wordpress\/wp-content\/uploads\/Reisen\/2011 Afrika\/BlydeRiverCanyon\/DSC00999.jpg\"><img loading=\"lazy\" decoding=\"async\" width=\"1024\" height=\"575\" src=\"https:\/\/www.guhalg.com\/wordpress\/wp-content\/uploads\/Reisen\/2011 Afrika\/BlydeRiverCanyon\/DSC00999.jpg\" alt=\"Auf dem Plateau\" class=\"wp-image-4247\" srcset=\"https:\/\/www.guhalg.com\/wordpress\/wp-content\/uploads\/Reisen\/2011%20Afrika\/BlydeRiverCanyon\/DSC00999.jpg 1024w, https:\/\/www.guhalg.com\/wordpress\/wp-content\/uploads\/Reisen\/2011%20Afrika\/BlydeRiverCanyon\/DSC00999-300x168.jpg 300w, https:\/\/www.guhalg.com\/wordpress\/wp-content\/uploads\/Reisen\/2011%20Afrika\/BlydeRiverCanyon\/DSC00999-768x431.jpg 768w\" sizes=\"auto, (max-width: 1024px) 100vw, 1024px\" \/><\/a><figcaption>Auf dem Plateau<\/figcaption><\/figure><\/div>\n<\/div>\n\n\n\n<div class=\"wp-block-column is-layout-flow wp-block-column-is-layout-flow\">\n<div class=\"wp-block-image\"><figure class=\"aligncenter size-full\"><a href=\"https:\/\/www.guhalg.com\/wordpress\/wp-content\/uploads\/Reisen\/2011 Afrika\/BlydeRiverCanyon\/DSC01011.jpg\"><img loading=\"lazy\" decoding=\"async\" width=\"1024\" height=\"575\" src=\"https:\/\/www.guhalg.com\/wordpress\/wp-content\/uploads\/Reisen\/2011 Afrika\/BlydeRiverCanyon\/DSC01011.jpg\" alt=\"In den Canyon\" class=\"wp-image-4249\" srcset=\"https:\/\/www.guhalg.com\/wordpress\/wp-content\/uploads\/Reisen\/2011%20Afrika\/BlydeRiverCanyon\/DSC01011.jpg 1024w, https:\/\/www.guhalg.com\/wordpress\/wp-content\/uploads\/Reisen\/2011%20Afrika\/BlydeRiverCanyon\/DSC01011-300x168.jpg 300w, https:\/\/www.guhalg.com\/wordpress\/wp-content\/uploads\/Reisen\/2011%20Afrika\/BlydeRiverCanyon\/DSC01011-768x431.jpg 768w\" sizes=\"auto, (max-width: 1024px) 100vw, 1024px\" \/><\/a><figcaption>In den Canyon<\/figcaption><\/figure><\/div>\n<\/div>\n<\/div>\n\n\n\n<div class=\"wp-block-image\"><figure class=\"aligncenter size-full\"><a href=\"https:\/\/www.guhalg.com\/wordpress\/wp-content\/uploads\/Reisen\/2011 Afrika\/BlydeRiverCanyon\/DSC01000.jpg\"><img loading=\"lazy\" decoding=\"async\" width=\"1024\" height=\"366\" src=\"https:\/\/www.guhalg.com\/wordpress\/wp-content\/uploads\/Reisen\/2011 Afrika\/BlydeRiverCanyon\/DSC01000.jpg\" alt=\"Bergwelt\" class=\"wp-image-4248\" srcset=\"https:\/\/www.guhalg.com\/wordpress\/wp-content\/uploads\/Reisen\/2011%20Afrika\/BlydeRiverCanyon\/DSC01000.jpg 1024w, https:\/\/www.guhalg.com\/wordpress\/wp-content\/uploads\/Reisen\/2011%20Afrika\/BlydeRiverCanyon\/DSC01000-300x107.jpg 300w, https:\/\/www.guhalg.com\/wordpress\/wp-content\/uploads\/Reisen\/2011%20Afrika\/BlydeRiverCanyon\/DSC01000-768x275.jpg 768w\" sizes=\"auto, (max-width: 1024px) 100vw, 1024px\" \/><\/a><figcaption>Bergwelt<\/figcaption><\/figure><\/div>\n\n\n\n<p>An einem dieser Viewpoints gab es dann auch das obligatorische Urlaubsfoto vor einer fantastischen Kulisse und am n\u00e4chsten Viewpoint waren wir dann am Ziel: den Three Rondavels.  <\/p>\n\n\n\n<div class=\"wp-block-image\"><figure class=\"aligncenter size-full\"><a href=\"https:\/\/www.guhalg.com\/wordpress\/wp-content\/uploads\/Reisen\/2011 Afrika\/BlydeRiverCanyon\/DSC01014.jpg\"><img loading=\"lazy\" decoding=\"async\" width=\"1024\" height=\"575\" src=\"https:\/\/www.guhalg.com\/wordpress\/wp-content\/uploads\/Reisen\/2011 Afrika\/BlydeRiverCanyon\/DSC01014.jpg\" alt=\"und wir\" class=\"wp-image-4250\" srcset=\"https:\/\/www.guhalg.com\/wordpress\/wp-content\/uploads\/Reisen\/2011%20Afrika\/BlydeRiverCanyon\/DSC01014.jpg 1024w, https:\/\/www.guhalg.com\/wordpress\/wp-content\/uploads\/Reisen\/2011%20Afrika\/BlydeRiverCanyon\/DSC01014-300x168.jpg 300w, https:\/\/www.guhalg.com\/wordpress\/wp-content\/uploads\/Reisen\/2011%20Afrika\/BlydeRiverCanyon\/DSC01014-768x431.jpg 768w\" sizes=\"auto, (max-width: 1024px) 100vw, 1024px\" \/><\/a><figcaption>Viewpoint und wir<\/figcaption><\/figure><\/div>\n\n\n\n<div class=\"wp-block-image\"><figure class=\"aligncenter size-full\"><a href=\"https:\/\/www.guhalg.com\/wordpress\/wp-content\/uploads\/Reisen\/2011 Afrika\/BlydeRiverCanyon\/DSC01016.jpg\"><img loading=\"lazy\" decoding=\"async\" width=\"1024\" height=\"575\" src=\"https:\/\/www.guhalg.com\/wordpress\/wp-content\/uploads\/Reisen\/2011 Afrika\/BlydeRiverCanyon\/DSC01016.jpg\" alt=\"The Three Rondavels\" class=\"wp-image-4251\" srcset=\"https:\/\/www.guhalg.com\/wordpress\/wp-content\/uploads\/Reisen\/2011%20Afrika\/BlydeRiverCanyon\/DSC01016.jpg 1024w, https:\/\/www.guhalg.com\/wordpress\/wp-content\/uploads\/Reisen\/2011%20Afrika\/BlydeRiverCanyon\/DSC01016-300x168.jpg 300w, https:\/\/www.guhalg.com\/wordpress\/wp-content\/uploads\/Reisen\/2011%20Afrika\/BlydeRiverCanyon\/DSC01016-768x431.jpg 768w\" sizes=\"auto, (max-width: 1024px) 100vw, 1024px\" \/><\/a><figcaption>The Three Rondavels<\/figcaption><\/figure><\/div>\n\n\n\n<p>Drei einzelne Berge, im Aussehen wie strohgedeckte H\u00fctten, eingebettet in einer wunderbaren Landschaft. Mit dem n\u00e4chsten Panorama verabschieden wir uns auch von den Drakensbergen. Unser n\u00e4chstes Ziel war unsere Unterkunft f\u00fcr die Nacht, gelegen im Kr\u00fcger Nationalpark.<\/p>\n\n\n\n<div class=\"wp-block-image\"><figure class=\"aligncenter size-large\"><a href=\"https:\/\/www.guhalg.com\/wordpress\/wp-content\/uploads\/Reisen\/2011 Afrika\/BlydeRiverCanyon\/DSC01022_stitch.jpg\"><img loading=\"lazy\" decoding=\"async\" width=\"1024\" height=\"418\" src=\"https:\/\/www.guhalg.com\/wordpress\/wp-content\/uploads\/Reisen\/2011 Afrika\/BlydeRiverCanyon\/DSC01022_stitch-1024x418.jpg\" alt=\"The Three Rondavels\" class=\"wp-image-4252\" srcset=\"https:\/\/www.guhalg.com\/wordpress\/wp-content\/uploads\/Reisen\/2011%20Afrika\/BlydeRiverCanyon\/DSC01022_stitch-1024x418.jpg 1024w, https:\/\/www.guhalg.com\/wordpress\/wp-content\/uploads\/Reisen\/2011%20Afrika\/BlydeRiverCanyon\/DSC01022_stitch-300x123.jpg 300w, https:\/\/www.guhalg.com\/wordpress\/wp-content\/uploads\/Reisen\/2011%20Afrika\/BlydeRiverCanyon\/DSC01022_stitch-768x314.jpg 768w, https:\/\/www.guhalg.com\/wordpress\/wp-content\/uploads\/Reisen\/2011%20Afrika\/BlydeRiverCanyon\/DSC01022_stitch.jpg 1280w\" sizes=\"auto, (max-width: 1024px) 100vw, 1024px\" \/><\/a><figcaption>The Three Rondavels<\/figcaption><\/figure><\/div>\n\n\n\n<div class=\"wp-block-columns is-layout-flex wp-container-core-columns-is-layout-9d6595d7 wp-block-columns-is-layout-flex\">\n<div class=\"wp-block-column is-layout-flow wp-block-column-is-layout-flow\">\n<div class=\"wp-block-buttons is-layout-flex wp-block-buttons-is-layout-flex\">\n<div class=\"wp-block-button\"><a class=\"wp-block-button__link\" href=\"https:\/\/www.guhalg.com\/wordpress\/?page_id=4259\">Potholes<\/a><\/div>\n<\/div>\n<\/div>\n\n\n\n<div class=\"wp-block-column is-layout-flow wp-block-column-is-layout-flow\">\n<div class=\"wp-block-buttons is-horizontal is-content-justification-right is-layout-flex wp-container-core-buttons-is-layout-ae2fe186 wp-block-buttons-is-layout-flex\">\n<div class=\"wp-block-button\"><a class=\"wp-block-button__link\" href=\"https:\/\/www.guhalg.com\/wordpress\/?page_id=4311\">Kr\u00fcger Nationalpark 1<\/a><\/div>\n<\/div>\n<\/div>\n<\/div>\n","protected":false},"excerpt":{"rendered":"<p>Nach der doch anstrengenden Wanderung an den Potholes in der prallen Sonne ging es die Panoramaroute weiter nordw\u00e4rts. Erstmal ein wenig im klimatisierten Auto entspannen, um doch gleich beim n\u00e4chsten View Point wieder anzuhalten. Sehr sch\u00f6n konnte man so den&hellip; <\/p>\n","protected":false},"author":1,"featured_media":0,"parent":4189,"menu_order":4,"comment_status":"closed","ping_status":"closed","template":"","meta":{"footnotes":""},"class_list":["post-4301","page","type-page","status-publish","hentry"],"_links":{"self":[{"href":"https:\/\/www.guhalg.com\/wordpress\/index.php?rest_route=\/wp\/v2\/pages\/4301","targetHints":{"allow":["GET"]}}],"collection":[{"href":"https:\/\/www.guhalg.com\/wordpress\/index.php?rest_route=\/wp\/v2\/pages"}],"about":[{"href":"https:\/\/www.guhalg.com\/wordpress\/index.php?rest_route=\/wp\/v2\/types\/page"}],"author":[{"embeddable":true,"href":"https:\/\/www.guhalg.com\/wordpress\/index.php?rest_route=\/wp\/v2\/users\/1"}],"replies":[{"embeddable":true,"href":"https:\/\/www.guhalg.com\/wordpress\/index.php?rest_route=%2Fwp%2Fv2%2Fcomments&post=4301"}],"version-history":[{"count":6,"href":"https:\/\/www.guhalg.com\/wordpress\/index.php?rest_route=\/wp\/v2\/pages\/4301\/revisions"}],"predecessor-version":[{"id":7822,"href":"https:\/\/www.guhalg.com\/wordpress\/index.php?rest_route=\/wp\/v2\/pages\/4301\/revisions\/7822"}],"up":[{"embeddable":true,"href":"https:\/\/www.guhalg.com\/wordpress\/index.php?rest_route=\/wp\/v2\/pages\/4189"}],"wp:attachment":[{"href":"https:\/\/www.guhalg.com\/wordpress\/index.php?rest_route=%2Fwp%2Fv2%2Fmedia&parent=4301"}],"curies":[{"name":"wp","href":"https:\/\/api.w.org\/{rel}","templated":true}]}}