{"id":4311,"date":"2021-12-06T22:05:16","date_gmt":"2021-12-06T21:05:16","guid":{"rendered":"https:\/\/www.guhalg.com\/wordpress\/?page_id=4311"},"modified":"2022-02-08T21:33:58","modified_gmt":"2022-02-08T20:33:58","slug":"krueger-nationalpark-teil-1","status":"publish","type":"page","link":"https:\/\/www.guhalg.com\/wordpress\/?page_id=4311","title":{"rendered":"Kr\u00fcger Nationalpark Teil 1"},"content":{"rendered":"\n<p>Aus den Drakensbergen ging es weiter zum <a rel=\"noreferrer noopener\" href=\"http:\/\/de.wikipedia.org\/wiki\/Kr%C3%BCger-Nationalpark\" target=\"_blank\">Kr\u00fcger Nationalpark<\/a>. Hier konnten wir die gute Infrastruktur in S\u00fcdafrika bewundern. Nachdem leider unsere Reisedokumente es nicht bis zu uns geschafft hatten, wurden wir bei der Einreise in den Park, so muss man es schon bezeichnen, anhand der hinterlegten Computerdaten und unserer Ausweise identifiziert.  Mit den hier neu ausgestellten Vouchers wurden wir dann auch durchs Tor eingelassen. Direkt danach ging auch schon die Erlebnisreise los. Es ist nicht so, dass hinter jedem Busch ein Highlight der Tierwelt auf einen wartet, aber wer mit ge\u00f6ffneten Augen LANGSAM \u00fcber die Stra\u00dfen und Pisten f\u00e4hrt, kann eigentlich immer Tiere in ihrem Lebensraum finden. Allerdings, das erste Tier, das wir im Kr\u00fcger-Park ersp\u00e4ht hatten, war: eine Taube!<\/p>\n\n\n\n<p>Bevor wir auf einige der Highlights eingehen, erstmal ein paar generelle Worte zum Nationalpark und den wenigen Regeln, die man beachten sollte.<\/p>\n\n\n\n<p>Niemals au\u00dferhalb der Camps aus dem Auto aussteigen. Immer mit dem Auto auf den ausgeschilderten Stra\u00dfen, von breit geteert bis hin zur schmalen Piste, bleiben. Bei der Anreise im Camp anmelden, bei der Abreise abmelden. Keine Aufmerksamkeit der Tiere erlangen, weder durch Gesten, noch durch Laute oder Futter. Das war\u2032s dann aber auch schon. Den Rest lernt man und so sind wir drei Tage durch den Kr\u00fcger Nationalpark gefahren, genaugenommen war die Aufteilung Chrischi f\u00e4hrt und Horst fotografiert. Gleich an der ersten Unterkunft, im Skukuza Restcamp, haben wir uns noch f\u00fcr die Abendtour und auch gleich f\u00fcr die Morgentour im gro\u00dfen Bus angemeldet. Es gab aber noch genug Zeit, das Auto am Bungalow abzustellen und das Camp beim Spaziergang zu erkunden.<\/p>\n\n\n\n<div class=\"wp-block-image\"><figure class=\"aligncenter size-full\"><a href=\"https:\/\/www.guhalg.com\/wordpress\/wp-content\/uploads\/Reisen\/2011 Afrika\/Krueger\/DSC01067.jpg\"><img loading=\"lazy\" decoding=\"async\" width=\"1024\" height=\"571\" src=\"https:\/\/www.guhalg.com\/wordpress\/wp-content\/uploads\/Reisen\/2011 Afrika\/Krueger\/DSC01067.jpg\" alt=\"Der Bungalow\" class=\"wp-image-4317\" srcset=\"https:\/\/www.guhalg.com\/wordpress\/wp-content\/uploads\/Reisen\/2011%20Afrika\/Krueger\/DSC01067.jpg 1024w, https:\/\/www.guhalg.com\/wordpress\/wp-content\/uploads\/Reisen\/2011%20Afrika\/Krueger\/DSC01067-300x167.jpg 300w, https:\/\/www.guhalg.com\/wordpress\/wp-content\/uploads\/Reisen\/2011%20Afrika\/Krueger\/DSC01067-768x428.jpg 768w\" sizes=\"auto, (max-width: 1024px) 100vw, 1024px\" \/><\/a><figcaption>Der Bungalow<\/figcaption><\/figure><\/div>\n\n\n\n<p>Mit Einbruch der Dunkelheit ging es zum Bus, nat\u00fcrlich bewaffnet mit einem Pullover und einer dicken Jacke. Die Ausfahrt selber im gro\u00dfen Bus hat uns beide Male (abends und am n\u00e4chsten Morgen gleich nochmal) insgesamt nicht so gut gefallen. Es waren einfach zu viele Leute dabei und daher war es immer etwas unruhig. Auch die Sicht auf die Tiere war nicht optimal. Allerdings waren die Erl\u00e4uterungen des Busfahrers zu den Verhaltensweisen und Eigenarten der Tiere schon sehr interessant. Aber im zweiten Camp haben wir doch lieber einen morgendlichen Footwalk (Spaziergang) gebucht. Doch da sind wir noch nicht. Erstmal gab es am n\u00e4chsten Morgen nach der Ausfahrt unsere Belohnung, ein Fr\u00fchst\u00fcck in freier Natur mit einem wunderbaren Ausblick auf den Sabi River.<\/p>\n\n\n\n<div class=\"wp-block-columns is-layout-flex wp-container-core-columns-is-layout-9d6595d7 wp-block-columns-is-layout-flex\">\n<div class=\"wp-block-column is-layout-flow wp-block-column-is-layout-flow\">\n<div class=\"wp-block-image\"><figure class=\"aligncenter size-full\"><a href=\"https:\/\/www.guhalg.com\/wordpress\/wp-content\/uploads\/Reisen\/2011 Afrika\/Krueger\/DSC01360.jpg\"><img loading=\"lazy\" decoding=\"async\" width=\"1024\" height=\"575\" src=\"https:\/\/www.guhalg.com\/wordpress\/wp-content\/uploads\/Reisen\/2011 Afrika\/Krueger\/DSC01360.jpg\" alt=\"Br\u00fccke \u00fcber den Sabi River\" class=\"wp-image-4319\" srcset=\"https:\/\/www.guhalg.com\/wordpress\/wp-content\/uploads\/Reisen\/2011%20Afrika\/Krueger\/DSC01360.jpg 1024w, https:\/\/www.guhalg.com\/wordpress\/wp-content\/uploads\/Reisen\/2011%20Afrika\/Krueger\/DSC01360-300x168.jpg 300w, https:\/\/www.guhalg.com\/wordpress\/wp-content\/uploads\/Reisen\/2011%20Afrika\/Krueger\/DSC01360-768x431.jpg 768w\" sizes=\"auto, (max-width: 1024px) 100vw, 1024px\" \/><\/a><figcaption>Br\u00fccke \u00fcber den Sabi River<\/figcaption><\/figure><\/div>\n<\/div>\n\n\n\n<div class=\"wp-block-column is-layout-flow wp-block-column-is-layout-flow\">\n<div class=\"wp-block-image\"><figure class=\"aligncenter size-full\"><a href=\"https:\/\/www.guhalg.com\/wordpress\/wp-content\/uploads\/Reisen\/2011 Afrika\/Krueger\/DSC01346.jpg\"><img loading=\"lazy\" decoding=\"async\" width=\"1024\" height=\"575\" src=\"https:\/\/www.guhalg.com\/wordpress\/wp-content\/uploads\/Reisen\/2011 Afrika\/Krueger\/DSC01346.jpg\" alt=\"Der Sabi River\" class=\"wp-image-4318\" srcset=\"https:\/\/www.guhalg.com\/wordpress\/wp-content\/uploads\/Reisen\/2011%20Afrika\/Krueger\/DSC01346.jpg 1024w, https:\/\/www.guhalg.com\/wordpress\/wp-content\/uploads\/Reisen\/2011%20Afrika\/Krueger\/DSC01346-300x168.jpg 300w, https:\/\/www.guhalg.com\/wordpress\/wp-content\/uploads\/Reisen\/2011%20Afrika\/Krueger\/DSC01346-768x431.jpg 768w\" sizes=\"auto, (max-width: 1024px) 100vw, 1024px\" \/><\/a><figcaption>Der Sabi River<\/figcaption><\/figure><\/div>\n<\/div>\n\n\n\n<div class=\"wp-block-column is-layout-flow wp-block-column-is-layout-flow\">\n<div class=\"wp-block-image\"><figure class=\"aligncenter size-full\"><a href=\"https:\/\/www.guhalg.com\/wordpress\/wp-content\/uploads\/Reisen\/2011 Afrika\/Krueger\/DSC01362.jpg\"><img loading=\"lazy\" decoding=\"async\" width=\"1024\" height=\"575\" src=\"https:\/\/www.guhalg.com\/wordpress\/wp-content\/uploads\/Reisen\/2011 Afrika\/Krueger\/DSC01362.jpg\" alt=\"in voller Sch\u00f6nheit\" class=\"wp-image-4320\" srcset=\"https:\/\/www.guhalg.com\/wordpress\/wp-content\/uploads\/Reisen\/2011%20Afrika\/Krueger\/DSC01362.jpg 1024w, https:\/\/www.guhalg.com\/wordpress\/wp-content\/uploads\/Reisen\/2011%20Afrika\/Krueger\/DSC01362-300x168.jpg 300w, https:\/\/www.guhalg.com\/wordpress\/wp-content\/uploads\/Reisen\/2011%20Afrika\/Krueger\/DSC01362-768x431.jpg 768w\" sizes=\"auto, (max-width: 1024px) 100vw, 1024px\" \/><\/a><figcaption>in voller Sch\u00f6nheit<\/figcaption><\/figure><\/div>\n<\/div>\n<\/div>\n\n\n\n<p>Nach dieser St\u00e4rkung ging es weiter, auf mit dem Auto \u00fcber Stra\u00dfen, Pisten und durch ausgetrocknete Flussfurten. Zwischendurch unterbrochen durch eine Toilettenpause in einem der wenigen St\u00fctzpunkte au\u00dferhalb der Camps. Hier waren zwei Ranger den ganzen Tag stationiert und sorgten f\u00fcr Ordnung. Allerdings eher zur Sicherheit und zum Schutz der Touristen.<\/p>\n\n\n\n<div class=\"wp-block-columns is-layout-flex wp-container-core-columns-is-layout-9d6595d7 wp-block-columns-is-layout-flex\">\n<div class=\"wp-block-column is-layout-flow wp-block-column-is-layout-flow\">\n<div class=\"wp-block-image\"><figure class=\"aligncenter size-full\"><a href=\"https:\/\/www.guhalg.com\/wordpress\/wp-content\/uploads\/Reisen\/2011 Afrika\/Krueger\/DSC01520.jpg\"><img loading=\"lazy\" decoding=\"async\" width=\"1024\" height=\"575\" src=\"https:\/\/www.guhalg.com\/wordpress\/wp-content\/uploads\/Reisen\/2011 Afrika\/Krueger\/DSC01520.jpg\" alt=\"im gesch\u00fctzen Camp\" class=\"wp-image-4324\" srcset=\"https:\/\/www.guhalg.com\/wordpress\/wp-content\/uploads\/Reisen\/2011%20Afrika\/Krueger\/DSC01520.jpg 1024w, https:\/\/www.guhalg.com\/wordpress\/wp-content\/uploads\/Reisen\/2011%20Afrika\/Krueger\/DSC01520-300x168.jpg 300w, https:\/\/www.guhalg.com\/wordpress\/wp-content\/uploads\/Reisen\/2011%20Afrika\/Krueger\/DSC01520-768x431.jpg 768w\" sizes=\"auto, (max-width: 1024px) 100vw, 1024px\" \/><\/a><figcaption>im gesch\u00fctzen Camp<\/figcaption><\/figure><\/div>\n<\/div>\n\n\n\n<div class=\"wp-block-column is-layout-flow wp-block-column-is-layout-flow\">\n<div class=\"wp-block-image\"><figure class=\"aligncenter size-full\"><a href=\"https:\/\/www.guhalg.com\/wordpress\/wp-content\/uploads\/Reisen\/2011 Afrika\/Krueger\/DSC01518.jpg\"><img loading=\"lazy\" decoding=\"async\" width=\"1024\" height=\"575\" src=\"https:\/\/www.guhalg.com\/wordpress\/wp-content\/uploads\/Reisen\/2011 Afrika\/Krueger\/DSC01518.jpg\" alt=\"bei der Pause\" class=\"wp-image-4323\" srcset=\"https:\/\/www.guhalg.com\/wordpress\/wp-content\/uploads\/Reisen\/2011%20Afrika\/Krueger\/DSC01518.jpg 1024w, https:\/\/www.guhalg.com\/wordpress\/wp-content\/uploads\/Reisen\/2011%20Afrika\/Krueger\/DSC01518-300x168.jpg 300w, https:\/\/www.guhalg.com\/wordpress\/wp-content\/uploads\/Reisen\/2011%20Afrika\/Krueger\/DSC01518-768x431.jpg 768w\" sizes=\"auto, (max-width: 1024px) 100vw, 1024px\" \/><\/a><figcaption>bei der Pause<\/figcaption><\/figure><\/div>\n<\/div>\n<\/div>\n\n\n\n<p>Dieses war denn auch mal eine der wenigen Gelegenheiten, das Auto zu verlassen und sich einfach mal die Beine ein wenig zu vertreten. Danach ging es weiter, unterbrochen von kleinen Zwangspausen wegen Stra\u00dfensperrung.<\/p>\n\n\n\n<div class=\"wp-block-image\"><figure class=\"aligncenter size-full\"><a href=\"https:\/\/www.guhalg.com\/wordpress\/wp-content\/uploads\/Reisen\/2011 Afrika\/Krueger\/DSC01419.jpg\"><img loading=\"lazy\" decoding=\"async\" width=\"1024\" height=\"575\" src=\"https:\/\/www.guhalg.com\/wordpress\/wp-content\/uploads\/Reisen\/2011 Afrika\/Krueger\/DSC01419.jpg\" alt=\"Strassensperrung\" class=\"wp-image-4321\" srcset=\"https:\/\/www.guhalg.com\/wordpress\/wp-content\/uploads\/Reisen\/2011%20Afrika\/Krueger\/DSC01419.jpg 1024w, https:\/\/www.guhalg.com\/wordpress\/wp-content\/uploads\/Reisen\/2011%20Afrika\/Krueger\/DSC01419-300x168.jpg 300w, https:\/\/www.guhalg.com\/wordpress\/wp-content\/uploads\/Reisen\/2011%20Afrika\/Krueger\/DSC01419-768x431.jpg 768w\" sizes=\"auto, (max-width: 1024px) 100vw, 1024px\" \/><\/a><figcaption>Strassensperrung<\/figcaption><\/figure><\/div>\n\n\n\n<p>Es ging vorbei an Windr\u00e4dern zur Speisung eines Wasserlochs, immer auf der Suche nach den Tieren und einem sch\u00f6nen Motiv. So ging dieser Tag langsam aber sicher dem Ende entgegen. <\/p>\n\n\n\n<div class=\"wp-block-image\"><figure class=\"aligncenter size-full\"><a href=\"https:\/\/www.guhalg.com\/wordpress\/wp-content\/uploads\/Reisen\/2011 Afrika\/Krueger\/DSC01469.jpg\"><img loading=\"lazy\" decoding=\"async\" width=\"1024\" height=\"575\" src=\"https:\/\/www.guhalg.com\/wordpress\/wp-content\/uploads\/Reisen\/2011 Afrika\/Krueger\/DSC01469.jpg\" alt=\"Windrad\" class=\"wp-image-4322\" srcset=\"https:\/\/www.guhalg.com\/wordpress\/wp-content\/uploads\/Reisen\/2011%20Afrika\/Krueger\/DSC01469.jpg 1024w, https:\/\/www.guhalg.com\/wordpress\/wp-content\/uploads\/Reisen\/2011%20Afrika\/Krueger\/DSC01469-300x168.jpg 300w, https:\/\/www.guhalg.com\/wordpress\/wp-content\/uploads\/Reisen\/2011%20Afrika\/Krueger\/DSC01469-768x431.jpg 768w\" sizes=\"auto, (max-width: 1024px) 100vw, 1024px\" \/><\/a><figcaption>Windrad<\/figcaption><\/figure><\/div>\n\n\n\n<p>Die Stra\u00dfe zum letzten Wasserloch kurz vor unserer zweiten Unterkunft, dem Satara Rest Camp, wurde gerade durch eine Gruppe Elefanten blockiert. Da es nur eine Stra\u00dfe gab haben wir uns doch lieber auf den Weg ins Camp gemacht, wer wei\u00df schon, ob die Elefanten beim R\u00fcckweg nicht im Weg stehen? <\/p>\n\n\n\n<div class=\"wp-block-image\"><figure class=\"aligncenter size-full\"><a href=\"https:\/\/www.guhalg.com\/wordpress\/wp-content\/uploads\/Reisen\/2011 Afrika\/Krueger\/DSC01560.jpg\"><img loading=\"lazy\" decoding=\"async\" width=\"1024\" height=\"575\" src=\"https:\/\/www.guhalg.com\/wordpress\/wp-content\/uploads\/Reisen\/2011 Afrika\/Krueger\/DSC01560.jpg\" alt=\"Strassenblockade heftiger\" class=\"wp-image-4325\" srcset=\"https:\/\/www.guhalg.com\/wordpress\/wp-content\/uploads\/Reisen\/2011%20Afrika\/Krueger\/DSC01560.jpg 1024w, https:\/\/www.guhalg.com\/wordpress\/wp-content\/uploads\/Reisen\/2011%20Afrika\/Krueger\/DSC01560-300x168.jpg 300w, https:\/\/www.guhalg.com\/wordpress\/wp-content\/uploads\/Reisen\/2011%20Afrika\/Krueger\/DSC01560-768x431.jpg 768w\" sizes=\"auto, (max-width: 1024px) 100vw, 1024px\" \/><\/a><figcaption>Strassenblockade heftiger<\/figcaption><\/figure><\/div>\n\n\n\n<div class=\"wp-block-image\"><figure class=\"aligncenter size-full\"><a href=\"https:\/\/www.guhalg.com\/wordpress\/wp-content\/uploads\/Reisen\/2011 Afrika\/Krueger\/DSC01563.jpg\"><img loading=\"lazy\" decoding=\"async\" width=\"1024\" height=\"575\" src=\"https:\/\/www.guhalg.com\/wordpress\/wp-content\/uploads\/Reisen\/2011 Afrika\/Krueger\/DSC01563.jpg\" alt=\"ein Koloss\" class=\"wp-image-4326\" srcset=\"https:\/\/www.guhalg.com\/wordpress\/wp-content\/uploads\/Reisen\/2011%20Afrika\/Krueger\/DSC01563.jpg 1024w, https:\/\/www.guhalg.com\/wordpress\/wp-content\/uploads\/Reisen\/2011%20Afrika\/Krueger\/DSC01563-300x168.jpg 300w, https:\/\/www.guhalg.com\/wordpress\/wp-content\/uploads\/Reisen\/2011%20Afrika\/Krueger\/DSC01563-768x431.jpg 768w\" sizes=\"auto, (max-width: 1024px) 100vw, 1024px\" \/><\/a><figcaption>ein Koloss<\/figcaption><\/figure><\/div>\n\n\n\n<p>Ansonsten h\u00e4tten wir bestimmt auch nicht diese Strau\u00dfen-Familie gesehen oder w\u00e4ren vielleicht auch zu sp\u00e4t im Camp angekommen, um uns noch f\u00fcr den morgendlichen Footwalk anzumelden.<\/p>\n\n\n\n<div class=\"wp-block-image\"><figure class=\"aligncenter size-full\"><a href=\"https:\/\/www.guhalg.com\/wordpress\/wp-content\/uploads\/Reisen\/2011 Afrika\/Krueger\/DSC01576.jpg\"><img loading=\"lazy\" decoding=\"async\" width=\"1024\" height=\"575\" src=\"https:\/\/www.guhalg.com\/wordpress\/wp-content\/uploads\/Reisen\/2011 Afrika\/Krueger\/DSC01576.jpg\" alt=\"Strau\u00dfenfamilie\" class=\"wp-image-4327\" srcset=\"https:\/\/www.guhalg.com\/wordpress\/wp-content\/uploads\/Reisen\/2011%20Afrika\/Krueger\/DSC01576.jpg 1024w, https:\/\/www.guhalg.com\/wordpress\/wp-content\/uploads\/Reisen\/2011%20Afrika\/Krueger\/DSC01576-300x168.jpg 300w, https:\/\/www.guhalg.com\/wordpress\/wp-content\/uploads\/Reisen\/2011%20Afrika\/Krueger\/DSC01576-768x431.jpg 768w\" sizes=\"auto, (max-width: 1024px) 100vw, 1024px\" \/><\/a><figcaption>Strau\u00dfenfamilie<\/figcaption><\/figure><\/div>\n\n\n\n<div class=\"wp-block-columns is-layout-flex wp-container-core-columns-is-layout-9d6595d7 wp-block-columns-is-layout-flex\">\n<div class=\"wp-block-column is-layout-flow wp-block-column-is-layout-flow\">\n<div class=\"wp-block-buttons is-layout-flex wp-block-buttons-is-layout-flex\">\n<div class=\"wp-block-button\"><a class=\"wp-block-button__link\" href=\"https:\/\/www.guhalg.com\/wordpress\/?page_id=4301\">Three Rondavels<\/a><\/div>\n<\/div>\n<\/div>\n\n\n\n<div class=\"wp-block-column is-layout-flow wp-block-column-is-layout-flow\">\n<div class=\"wp-block-buttons is-horizontal is-content-justification-right is-layout-flex wp-container-core-buttons-is-layout-ae2fe186 wp-block-buttons-is-layout-flex\">\n<div class=\"wp-block-button\"><a class=\"wp-block-button__link\" href=\"https:\/\/www.guhalg.com\/wordpress\/?page_id=4348\">Kr\u00fcger Nationalpark 2<\/a><\/div>\n<\/div>\n<\/div>\n<\/div>\n","protected":false},"excerpt":{"rendered":"<p>Aus den Drakensbergen ging es weiter zum Kr\u00fcger Nationalpark. Hier konnten wir die gute Infrastruktur in S\u00fcdafrika bewundern. Nachdem leider unsere Reisedokumente es nicht bis zu uns geschafft hatten, wurden wir bei der Einreise in den Park, so muss man&hellip; <\/p>\n","protected":false},"author":1,"featured_media":0,"parent":4189,"menu_order":6,"comment_status":"closed","ping_status":"closed","template":"","meta":{"footnotes":""},"class_list":["post-4311","page","type-page","status-publish","hentry"],"_links":{"self":[{"href":"https:\/\/www.guhalg.com\/wordpress\/index.php?rest_route=\/wp\/v2\/pages\/4311","targetHints":{"allow":["GET"]}}],"collection":[{"href":"https:\/\/www.guhalg.com\/wordpress\/index.php?rest_route=\/wp\/v2\/pages"}],"about":[{"href":"https:\/\/www.guhalg.com\/wordpress\/index.php?rest_route=\/wp\/v2\/types\/page"}],"author":[{"embeddable":true,"href":"https:\/\/www.guhalg.com\/wordpress\/index.php?rest_route=\/wp\/v2\/users\/1"}],"replies":[{"embeddable":true,"href":"https:\/\/www.guhalg.com\/wordpress\/index.php?rest_route=%2Fwp%2Fv2%2Fcomments&post=4311"}],"version-history":[{"count":8,"href":"https:\/\/www.guhalg.com\/wordpress\/index.php?rest_route=\/wp\/v2\/pages\/4311\/revisions"}],"predecessor-version":[{"id":7825,"href":"https:\/\/www.guhalg.com\/wordpress\/index.php?rest_route=\/wp\/v2\/pages\/4311\/revisions\/7825"}],"up":[{"embeddable":true,"href":"https:\/\/www.guhalg.com\/wordpress\/index.php?rest_route=\/wp\/v2\/pages\/4189"}],"wp:attachment":[{"href":"https:\/\/www.guhalg.com\/wordpress\/index.php?rest_route=%2Fwp%2Fv2%2Fmedia&parent=4311"}],"curies":[{"name":"wp","href":"https:\/\/api.w.org\/{rel}","templated":true}]}}