{"id":4348,"date":"2021-12-06T22:31:36","date_gmt":"2021-12-06T21:31:36","guid":{"rendered":"https:\/\/www.guhalg.com\/wordpress\/?page_id=4348"},"modified":"2022-02-08T21:37:11","modified_gmt":"2022-02-08T20:37:11","slug":"krueger-nationalpark-teil-2","status":"publish","type":"page","link":"https:\/\/www.guhalg.com\/wordpress\/?page_id=4348","title":{"rendered":"Kr\u00fcger Nationalpark Teil 2"},"content":{"rendered":"\n<p>Im Satara Rest Camp sind die Bungalows in einzelnen Kreisen angeordnet und damit den urspr\u00fcnglichen D\u00f6rfern nachempfunden. Unser Kreis lag dabei schon etwas au\u00dferhalb, direkt an der Fl\u00e4che f\u00fcr die Camper und Zelter und somit sch\u00f6n ruhig. Da wir uns gleich beim Einchecken f\u00fcr den morgendlichen Spaziergang angemeldet hatten, war der Abend somit frei und ohne weitere Aufgaben. Wir haben ihn mit einem guten Abendessen im Restaurant ausklingen lassen, am n\u00e4chsten Morgen ging es ja schlie\u00dflich fr\u00fch los. Auf den Hinweis keine knalligen Farben anzuziehen waren wir vorbereitet und entsprechend in Kaki gekleidet.<\/p>\n\n\n\n<p>Am Morgen ging es warm angezogen zum Treffpunkt. Allerdings haben wir das Camp nicht direkt zu Fu\u00df verlassen, sondern es ging noch so ca. 20 Min. mit dem Wagen in die Wildnis und dieses ist direkt so zu verstehen. Der Wagen bog in einen schmalen Feldweg ein und folgte diesem noch so f\u00fcr einige hundert Meter. Da war dieser Weg aber als solcher schon nicht mehr zu erkennen. An einer passenden Stelle, alles soweit eben und gut einsehbar, wurde der Wagen abgestellt. Dann packten beide Ranger Ihre Gewehre aus und luden diese erstmal mit Patronen. Anschlie\u00dfend gab es Verhaltensregeln im Busch:<\/p>\n\n\n\n<ul class=\"wp-block-list\"><li>immer hintereinander gehen<\/li><li>nicht stehen bleiben<\/li><li>bei Fotos h\u00e4lt immer die ganze Gruppe<\/li><li>au\u00dfer einer Schildkr\u00f6te sind alle Tiere schneller, also lohnt sich weglaufen nicht!<\/li><\/ul>\n\n\n\n<div class=\"wp-block-image\"><figure class=\"aligncenter size-full\"><a href=\"https:\/\/www.guhalg.com\/wordpress\/wp-content\/uploads\/Reisen\/2011 Afrika\/Krueger\/DSC01596.jpg\"><img loading=\"lazy\" decoding=\"async\" width=\"1024\" height=\"575\" src=\"https:\/\/www.guhalg.com\/wordpress\/wp-content\/uploads\/Reisen\/2011 Afrika\/Krueger\/DSC01596.jpg\" alt=\"Buschwalk\" class=\"wp-image-4328\" srcset=\"https:\/\/www.guhalg.com\/wordpress\/wp-content\/uploads\/Reisen\/2011%20Afrika\/Krueger\/DSC01596.jpg 1024w, https:\/\/www.guhalg.com\/wordpress\/wp-content\/uploads\/Reisen\/2011%20Afrika\/Krueger\/DSC01596-300x168.jpg 300w, https:\/\/www.guhalg.com\/wordpress\/wp-content\/uploads\/Reisen\/2011%20Afrika\/Krueger\/DSC01596-768x431.jpg 768w\" sizes=\"auto, (max-width: 1024px) 100vw, 1024px\" \/><\/a><figcaption>Buschwalk<\/figcaption><\/figure><\/div>\n\n\n\n<div class=\"wp-block-image\"><figure class=\"aligncenter size-full\"><a href=\"https:\/\/www.guhalg.com\/wordpress\/wp-content\/uploads\/Reisen\/2011 Afrika\/Krueger\/DSC01608.jpg\"><img loading=\"lazy\" decoding=\"async\" width=\"1024\" height=\"575\" src=\"https:\/\/www.guhalg.com\/wordpress\/wp-content\/uploads\/Reisen\/2011 Afrika\/Krueger\/DSC01608.jpg\" alt=\"Gras und kleine B\u00e4ume\" class=\"wp-image-4332\" srcset=\"https:\/\/www.guhalg.com\/wordpress\/wp-content\/uploads\/Reisen\/2011%20Afrika\/Krueger\/DSC01608.jpg 1024w, https:\/\/www.guhalg.com\/wordpress\/wp-content\/uploads\/Reisen\/2011%20Afrika\/Krueger\/DSC01608-300x168.jpg 300w, https:\/\/www.guhalg.com\/wordpress\/wp-content\/uploads\/Reisen\/2011%20Afrika\/Krueger\/DSC01608-768x431.jpg 768w\" sizes=\"auto, (max-width: 1024px) 100vw, 1024px\" \/><\/a><figcaption>Gras und kleine B\u00e4ume<\/figcaption><\/figure><\/div>\n\n\n\n<p>Ja und dann, dann ging es los in den Busch. Hier ist wirklich der Busch gemeint. Man f\u00fchlt sich auf einmal so klein und verletzlich. Au\u00dferdem wird und f\u00fchlt man sich beobachtet und fragt sich: Welche Tiere gibt es hier sonst noch? <\/p>\n\n\n\n<div class=\"wp-block-image\"><figure class=\"aligncenter size-full\"><a href=\"https:\/\/www.guhalg.com\/wordpress\/wp-content\/uploads\/Reisen\/2011 Afrika\/Krueger\/DSC01603.jpg\"><img loading=\"lazy\" decoding=\"async\" width=\"1024\" height=\"575\" src=\"https:\/\/www.guhalg.com\/wordpress\/wp-content\/uploads\/Reisen\/2011 Afrika\/Krueger\/DSC01603.jpg\" alt=\"verdeckte Beobachtung\" class=\"wp-image-4330\" srcset=\"https:\/\/www.guhalg.com\/wordpress\/wp-content\/uploads\/Reisen\/2011%20Afrika\/Krueger\/DSC01603.jpg 1024w, https:\/\/www.guhalg.com\/wordpress\/wp-content\/uploads\/Reisen\/2011%20Afrika\/Krueger\/DSC01603-300x168.jpg 300w, https:\/\/www.guhalg.com\/wordpress\/wp-content\/uploads\/Reisen\/2011%20Afrika\/Krueger\/DSC01603-768x431.jpg 768w\" sizes=\"auto, (max-width: 1024px) 100vw, 1024px\" \/><\/a><figcaption>verdeckte Beobachtung<\/figcaption><\/figure><\/div>\n\n\n\n<div class=\"wp-block-image\"><figure class=\"aligncenter size-full\"><a href=\"https:\/\/www.guhalg.com\/wordpress\/wp-content\/uploads\/Reisen\/2011 Afrika\/Krueger\/DSC01598.jpg\"><img loading=\"lazy\" decoding=\"async\" width=\"1024\" height=\"575\" src=\"https:\/\/www.guhalg.com\/wordpress\/wp-content\/uploads\/Reisen\/2011 Afrika\/Krueger\/DSC01598.jpg\" alt=\"offensichtliche Neugier\" class=\"wp-image-4329\" srcset=\"https:\/\/www.guhalg.com\/wordpress\/wp-content\/uploads\/Reisen\/2011%20Afrika\/Krueger\/DSC01598.jpg 1024w, https:\/\/www.guhalg.com\/wordpress\/wp-content\/uploads\/Reisen\/2011%20Afrika\/Krueger\/DSC01598-300x168.jpg 300w, https:\/\/www.guhalg.com\/wordpress\/wp-content\/uploads\/Reisen\/2011%20Afrika\/Krueger\/DSC01598-768x431.jpg 768w\" sizes=\"auto, (max-width: 1024px) 100vw, 1024px\" \/><\/a><figcaption>offensichtliche Neugier<\/figcaption><\/figure><\/div>\n\n\n\n<p>Das ist so in der ersten halben Stunde schon eine ungew\u00f6hnliche und neue Erfahrung. Mit der Zeit gew\u00f6hnt man sich an das Gef\u00fchl und schaut sich nicht mehr alle paar Meter in alle Richtungen um. Zur Pause haben uns die Ranger zu einem kleinen Buschplatz inmitten einer etwas gr\u00f6\u00dferen freien Fl\u00e4che gef\u00fchrt. So hatten wir einen guten Blick in die Umgebung und es konnten sich keine Tiere unbemerkt n\u00e4hern. Die Ranger hatten kleine T\u00fcten mit Saft und viele Kekse mit und etwas hinter und abseits der B\u00fcsche gab es auch Gelegenheit f\u00fcr den kleinen Toilettenstopp.<\/p>\n\n\n\n<div class=\"wp-block-image\"><figure class=\"aligncenter size-large\"><a href=\"https:\/\/www.guhalg.com\/wordpress\/wp-content\/uploads\/Reisen\/2011 Afrika\/Krueger\/DSC01613.jpg\"><img loading=\"lazy\" decoding=\"async\" width=\"1024\" height=\"439\" src=\"https:\/\/www.guhalg.com\/wordpress\/wp-content\/uploads\/Reisen\/2011 Afrika\/Krueger\/DSC01613-1024x439.jpg\" alt=\"Rastplatz\" class=\"wp-image-4333\" srcset=\"https:\/\/www.guhalg.com\/wordpress\/wp-content\/uploads\/Reisen\/2011%20Afrika\/Krueger\/DSC01613-1024x439.jpg 1024w, https:\/\/www.guhalg.com\/wordpress\/wp-content\/uploads\/Reisen\/2011%20Afrika\/Krueger\/DSC01613-300x129.jpg 300w, https:\/\/www.guhalg.com\/wordpress\/wp-content\/uploads\/Reisen\/2011%20Afrika\/Krueger\/DSC01613-768x329.jpg 768w, https:\/\/www.guhalg.com\/wordpress\/wp-content\/uploads\/Reisen\/2011%20Afrika\/Krueger\/DSC01613.jpg 1280w\" sizes=\"auto, (max-width: 1024px) 100vw, 1024px\" \/><\/a><figcaption>Rastplatz<\/figcaption><\/figure><\/div>\n\n\n\n<div class=\"wp-block-columns is-layout-flex wp-container-core-columns-is-layout-9d6595d7 wp-block-columns-is-layout-flex\">\n<div class=\"wp-block-column is-layout-flow wp-block-column-is-layout-flow\">\n<div class=\"wp-block-image\"><figure class=\"aligncenter size-full\"><a href=\"https:\/\/www.guhalg.com\/wordpress\/wp-content\/uploads\/Reisen\/2011 Afrika\/Krueger\/DSC01606.jpg\"><img loading=\"lazy\" decoding=\"async\" width=\"1024\" height=\"575\" src=\"https:\/\/www.guhalg.com\/wordpress\/wp-content\/uploads\/Reisen\/2011 Afrika\/Krueger\/DSC01606.jpg\" alt=\"Buschlandschaft\" class=\"wp-image-4331\" srcset=\"https:\/\/www.guhalg.com\/wordpress\/wp-content\/uploads\/Reisen\/2011%20Afrika\/Krueger\/DSC01606.jpg 1024w, https:\/\/www.guhalg.com\/wordpress\/wp-content\/uploads\/Reisen\/2011%20Afrika\/Krueger\/DSC01606-300x168.jpg 300w, https:\/\/www.guhalg.com\/wordpress\/wp-content\/uploads\/Reisen\/2011%20Afrika\/Krueger\/DSC01606-768x431.jpg 768w\" sizes=\"auto, (max-width: 1024px) 100vw, 1024px\" \/><\/a><figcaption>Buschlandschaft<\/figcaption><\/figure><\/div>\n<\/div>\n\n\n\n<div class=\"wp-block-column is-layout-flow wp-block-column-is-layout-flow\">\n<div class=\"wp-block-image\"><figure class=\"aligncenter size-full\"><a href=\"https:\/\/www.guhalg.com\/wordpress\/wp-content\/uploads\/Reisen\/2011 Afrika\/Krueger\/DSC01616.jpg\"><img loading=\"lazy\" decoding=\"async\" width=\"1024\" height=\"575\" src=\"https:\/\/www.guhalg.com\/wordpress\/wp-content\/uploads\/Reisen\/2011 Afrika\/Krueger\/DSC01616.jpg\" alt=\"wir mittendrin\" class=\"wp-image-4334\" srcset=\"https:\/\/www.guhalg.com\/wordpress\/wp-content\/uploads\/Reisen\/2011%20Afrika\/Krueger\/DSC01616.jpg 1024w, https:\/\/www.guhalg.com\/wordpress\/wp-content\/uploads\/Reisen\/2011%20Afrika\/Krueger\/DSC01616-300x168.jpg 300w, https:\/\/www.guhalg.com\/wordpress\/wp-content\/uploads\/Reisen\/2011%20Afrika\/Krueger\/DSC01616-768x431.jpg 768w\" sizes=\"auto, (max-width: 1024px) 100vw, 1024px\" \/><\/a><figcaption>wir mittendrin<\/figcaption><\/figure><\/div>\n<\/div>\n\n\n\n<div class=\"wp-block-column is-layout-flow wp-block-column-is-layout-flow\">\n<div class=\"wp-block-image\"><figure class=\"aligncenter size-full\"><a href=\"https:\/\/www.guhalg.com\/wordpress\/wp-content\/uploads\/Reisen\/2011 Afrika\/Krueger\/DSC01618.jpg\"><img loading=\"lazy\" decoding=\"async\" width=\"1024\" height=\"575\" src=\"https:\/\/www.guhalg.com\/wordpress\/wp-content\/uploads\/Reisen\/2011 Afrika\/Krueger\/DSC01618.jpg\" alt=\"und entspannt\" class=\"wp-image-4335\" srcset=\"https:\/\/www.guhalg.com\/wordpress\/wp-content\/uploads\/Reisen\/2011%20Afrika\/Krueger\/DSC01618.jpg 1024w, https:\/\/www.guhalg.com\/wordpress\/wp-content\/uploads\/Reisen\/2011%20Afrika\/Krueger\/DSC01618-300x168.jpg 300w, https:\/\/www.guhalg.com\/wordpress\/wp-content\/uploads\/Reisen\/2011%20Afrika\/Krueger\/DSC01618-768x431.jpg 768w\" sizes=\"auto, (max-width: 1024px) 100vw, 1024px\" \/><\/a><figcaption>und entspannt<\/figcaption><\/figure><\/div>\n<\/div>\n<\/div>\n\n\n\n<p>Nat\u00fcrlich wurde alles Verpackungsmaterial peinlichst genau wieder in die Rucks\u00e4cke verstaut. Anschlie\u00dfend haben wir uns auf den R\u00fcckweg zum Auto aufgemacht. Der weitere Tag konnte beginnen.<\/p>\n\n\n\n<div class=\"wp-block-columns is-layout-flex wp-container-core-columns-is-layout-9d6595d7 wp-block-columns-is-layout-flex\">\n<div class=\"wp-block-column is-layout-flow wp-block-column-is-layout-flow\">\n<div class=\"wp-block-buttons is-layout-flex wp-block-buttons-is-layout-flex\">\n<div class=\"wp-block-button\"><a class=\"wp-block-button__link\" href=\"https:\/\/www.guhalg.com\/wordpress\/?page_id=4311\">Kr\u00fcger Nationalpark Teil 1<\/a><\/div>\n<\/div>\n<\/div>\n\n\n\n<div class=\"wp-block-column is-layout-flow wp-block-column-is-layout-flow\">\n<div class=\"wp-block-buttons is-horizontal is-content-justification-right is-layout-flex wp-container-core-buttons-is-layout-ae2fe186 wp-block-buttons-is-layout-flex\">\n<div class=\"wp-block-button\"><a class=\"wp-block-button__link\" href=\"https:\/\/www.guhalg.com\/wordpress\/?page_id=4359\"> Kr\u00fcger Nationalpark Teil 3<\/a><\/div>\n<\/div>\n<\/div>\n<\/div>\n","protected":false},"excerpt":{"rendered":"<p>Im Satara Rest Camp sind die Bungalows in einzelnen Kreisen angeordnet und damit den urspr\u00fcnglichen D\u00f6rfern nachempfunden. Unser Kreis lag dabei schon etwas au\u00dferhalb, direkt an der Fl\u00e4che f\u00fcr die Camper und Zelter und somit sch\u00f6n ruhig. Da wir uns&hellip; <\/p>\n","protected":false},"author":1,"featured_media":0,"parent":4189,"menu_order":5,"comment_status":"closed","ping_status":"closed","template":"","meta":{"footnotes":""},"class_list":["post-4348","page","type-page","status-publish","hentry"],"_links":{"self":[{"href":"https:\/\/www.guhalg.com\/wordpress\/index.php?rest_route=\/wp\/v2\/pages\/4348","targetHints":{"allow":["GET"]}}],"collection":[{"href":"https:\/\/www.guhalg.com\/wordpress\/index.php?rest_route=\/wp\/v2\/pages"}],"about":[{"href":"https:\/\/www.guhalg.com\/wordpress\/index.php?rest_route=\/wp\/v2\/types\/page"}],"author":[{"embeddable":true,"href":"https:\/\/www.guhalg.com\/wordpress\/index.php?rest_route=\/wp\/v2\/users\/1"}],"replies":[{"embeddable":true,"href":"https:\/\/www.guhalg.com\/wordpress\/index.php?rest_route=%2Fwp%2Fv2%2Fcomments&post=4348"}],"version-history":[{"count":5,"href":"https:\/\/www.guhalg.com\/wordpress\/index.php?rest_route=\/wp\/v2\/pages\/4348\/revisions"}],"predecessor-version":[{"id":7827,"href":"https:\/\/www.guhalg.com\/wordpress\/index.php?rest_route=\/wp\/v2\/pages\/4348\/revisions\/7827"}],"up":[{"embeddable":true,"href":"https:\/\/www.guhalg.com\/wordpress\/index.php?rest_route=\/wp\/v2\/pages\/4189"}],"wp:attachment":[{"href":"https:\/\/www.guhalg.com\/wordpress\/index.php?rest_route=%2Fwp%2Fv2%2Fmedia&parent=4348"}],"curies":[{"name":"wp","href":"https:\/\/api.w.org\/{rel}","templated":true}]}}