{"id":4366,"date":"2021-12-07T18:31:19","date_gmt":"2021-12-07T17:31:19","guid":{"rendered":"https:\/\/www.guhalg.com\/wordpress\/?page_id=4366"},"modified":"2022-02-08T21:43:09","modified_gmt":"2022-02-08T20:43:09","slug":"kapama-game-reserve-teil-1","status":"publish","type":"page","link":"https:\/\/www.guhalg.com\/wordpress\/?page_id=4366","title":{"rendered":"Kapama Game Reserve Teil 1"},"content":{"rendered":"\n<p>Im <a rel=\"noreferrer noopener\" href=\"http:\/\/www.kapama.co.za\/\" target=\"_blank\">Kapama Private Game Reserve<\/a> war die Vorgehensweise allerdings etwas anders als im Kr\u00fcger Park, wo wir allerdings auch nur in der einfachen Kategorie eingebucht waren. Hier war es kein staatlich gelenktes und finanziertes Unternehmen, sondern alles ist privatwirtschaftlich organisiert und muss Gewinne abwerfen. Allerdings bekommt man f\u00fcr das Geld auch einiges mehr geboten.<\/p>\n\n\n\n<p>Als wir in unserer Lodge angekommen waren, mussten wir unser ben\u00f6tigtes Gep\u00e4ck zeigen, welches dann in unseren Bungalow gebracht wurde. Der Wagen wurde uns abgenommen und sicher im hinteren Bereich des Anwesens geparkt. Den brauchten wir f\u00fcr die Zeit im Kapama nicht mehr. Der Bungalow war sehr schick aus Holz und Zeltplane gebaut und stand auf der Terrassenseite quasi mitten im Busch. Nur durch einen hohen Elektrozaun von der Tierwelt getrennt. Eine Spitzenunterkunft.<\/p>\n\n\n\n<div class=\"wp-block-image\"><figure class=\"aligncenter size-full\"><a href=\"https:\/\/www.guhalg.com\/wordpress\/wp-content\/uploads\/Reisen\/2011 Afrika\/Kapama\/DSC01757.jpg\"><img loading=\"lazy\" decoding=\"async\" width=\"1024\" height=\"575\" src=\"https:\/\/www.guhalg.com\/wordpress\/wp-content\/uploads\/Reisen\/2011 Afrika\/Kapama\/DSC01757.jpg\" alt=\"Schlafbereich\" class=\"wp-image-4375\" srcset=\"https:\/\/www.guhalg.com\/wordpress\/wp-content\/uploads\/Reisen\/2011%20Afrika\/Kapama\/DSC01757.jpg 1024w, https:\/\/www.guhalg.com\/wordpress\/wp-content\/uploads\/Reisen\/2011%20Afrika\/Kapama\/DSC01757-300x168.jpg 300w, https:\/\/www.guhalg.com\/wordpress\/wp-content\/uploads\/Reisen\/2011%20Afrika\/Kapama\/DSC01757-768x431.jpg 768w\" sizes=\"auto, (max-width: 1024px) 100vw, 1024px\" \/><\/a><figcaption>Schlafbereich<\/figcaption><\/figure><\/div>\n\n\n\n<div class=\"wp-block-image\"><figure class=\"aligncenter size-full\"><a href=\"https:\/\/www.guhalg.com\/wordpress\/wp-content\/uploads\/Reisen\/2011 Afrika\/Kapama\/DSC01756.jpg\"><img loading=\"lazy\" decoding=\"async\" width=\"1024\" height=\"575\" src=\"https:\/\/www.guhalg.com\/wordpress\/wp-content\/uploads\/Reisen\/2011 Afrika\/Kapama\/DSC01756.jpg\" alt=\"Na\u00dfbereich\" class=\"wp-image-4374\" srcset=\"https:\/\/www.guhalg.com\/wordpress\/wp-content\/uploads\/Reisen\/2011%20Afrika\/Kapama\/DSC01756.jpg 1024w, https:\/\/www.guhalg.com\/wordpress\/wp-content\/uploads\/Reisen\/2011%20Afrika\/Kapama\/DSC01756-300x168.jpg 300w, https:\/\/www.guhalg.com\/wordpress\/wp-content\/uploads\/Reisen\/2011%20Afrika\/Kapama\/DSC01756-768x431.jpg 768w\" sizes=\"auto, (max-width: 1024px) 100vw, 1024px\" \/><\/a><figcaption>Na\u00dfbereich<\/figcaption><\/figure><\/div>\n\n\n\n<div class=\"wp-block-image\"><figure class=\"aligncenter size-full\"><a href=\"https:\/\/www.guhalg.com\/wordpress\/wp-content\/uploads\/Reisen\/2011 Afrika\/Kapama\/DSC02082.jpg\"><img loading=\"lazy\" decoding=\"async\" width=\"1024\" height=\"575\" src=\"https:\/\/www.guhalg.com\/wordpress\/wp-content\/uploads\/Reisen\/2011 Afrika\/Kapama\/DSC02082.jpg\" alt=\"der Balkon\" class=\"wp-image-4392\" srcset=\"https:\/\/www.guhalg.com\/wordpress\/wp-content\/uploads\/Reisen\/2011%20Afrika\/Kapama\/DSC02082.jpg 1024w, https:\/\/www.guhalg.com\/wordpress\/wp-content\/uploads\/Reisen\/2011%20Afrika\/Kapama\/DSC02082-300x168.jpg 300w, https:\/\/www.guhalg.com\/wordpress\/wp-content\/uploads\/Reisen\/2011%20Afrika\/Kapama\/DSC02082-768x431.jpg 768w\" sizes=\"auto, (max-width: 1024px) 100vw, 1024px\" \/><\/a><figcaption>der Balkon<\/figcaption><\/figure><\/div>\n\n\n\n<p>Besonders hervorzuheben sind allerdings die Ausfahrten. Diese finden nicht in gro\u00dfen Bussen statt und sie sind nicht extra zu bezahlen. Nein, hier sind die Ausfahrten in kleinen Gel\u00e4ndewagen im Preis inbegriffen und werden sowohl morgens, vor dem eigentlichen Fr\u00fchst\u00fcck, als auch abends, nach dem Nachmittagstee, angeboten. Man muss sich nur ca. 1 Std. vorher anmelden, damit gen\u00fcgend Safariwagen bereitgestellt werden. Vorne links sitzt der F\u00e4hrtensucher und nachdem sich der Fahrer mit den Kollegen der anderen Wagen ausgetauscht hat, wer welche Tiere wo beobachten will bzw. welche Tiere sich wo befinden, ist es seine Aufgabe, die Tiere dann auch aufzusp\u00fcren. Der Park ist insgesamt so gro\u00df, dass es mehrere Tiergruppen pro Tierart gibt, aber trotzdem noch so \u00fcbersichtlich, dass die Ranger die Wege und Aufenthaltsorte der Tiere im Gro\u00dfen und Ganzen kennen. Man kann vor der Ausfahrt z.\u00a0B. den Wunsch nach Leoparden \u00e4u\u00dfern, und schon wird nach Leoparden gesucht und meist auch gefunden. <\/p>\n\n\n\n<div class=\"wp-block-image\"><figure class=\"aligncenter size-full\"><a href=\"https:\/\/www.guhalg.com\/wordpress\/wp-content\/uploads\/Reisen\/2011 Afrika\/Kapama\/DSC01765.jpg\"><img loading=\"lazy\" decoding=\"async\" width=\"1024\" height=\"575\" src=\"https:\/\/www.guhalg.com\/wordpress\/wp-content\/uploads\/Reisen\/2011 Afrika\/Kapama\/DSC01765.jpg\" alt=\"Der F\u00e4hrtensucher\" class=\"wp-image-4376\" srcset=\"https:\/\/www.guhalg.com\/wordpress\/wp-content\/uploads\/Reisen\/2011%20Afrika\/Kapama\/DSC01765.jpg 1024w, https:\/\/www.guhalg.com\/wordpress\/wp-content\/uploads\/Reisen\/2011%20Afrika\/Kapama\/DSC01765-300x168.jpg 300w, https:\/\/www.guhalg.com\/wordpress\/wp-content\/uploads\/Reisen\/2011%20Afrika\/Kapama\/DSC01765-768x431.jpg 768w\" sizes=\"auto, (max-width: 1024px) 100vw, 1024px\" \/><\/a><figcaption>Der F\u00e4hrtensucher<\/figcaption><\/figure><\/div>\n\n\n\n<p>Wer jetzt \u00fcrbigens meint, na ja, wie gro\u00df kann denn so ein privater Park schon sein? Schaut euch doch einfach mal die Bilder an.<\/p>\n\n\n\n<div class=\"wp-block-columns is-layout-flex wp-container-core-columns-is-layout-9d6595d7 wp-block-columns-is-layout-flex\">\n<div class=\"wp-block-column is-layout-flow wp-block-column-is-layout-flow\">\n<div class=\"wp-block-image\"><figure class=\"aligncenter size-full\"><a href=\"https:\/\/www.guhalg.com\/wordpress\/wp-content\/uploads\/Reisen\/2011 Afrika\/Kapama\/DSC01799.jpg\"><img loading=\"lazy\" decoding=\"async\" width=\"1024\" height=\"575\" src=\"https:\/\/www.guhalg.com\/wordpress\/wp-content\/uploads\/Reisen\/2011 Afrika\/Kapama\/DSC01799.jpg\" alt=\"geradeaus\" class=\"wp-image-4380\" srcset=\"https:\/\/www.guhalg.com\/wordpress\/wp-content\/uploads\/Reisen\/2011%20Afrika\/Kapama\/DSC01799.jpg 1024w, https:\/\/www.guhalg.com\/wordpress\/wp-content\/uploads\/Reisen\/2011%20Afrika\/Kapama\/DSC01799-300x168.jpg 300w, https:\/\/www.guhalg.com\/wordpress\/wp-content\/uploads\/Reisen\/2011%20Afrika\/Kapama\/DSC01799-768x431.jpg 768w\" sizes=\"auto, (max-width: 1024px) 100vw, 1024px\" \/><\/a><figcaption>geradeaus<\/figcaption><\/figure><\/div>\n<\/div>\n\n\n\n<div class=\"wp-block-column is-layout-flow wp-block-column-is-layout-flow\">\n<div class=\"wp-block-image\"><figure class=\"aligncenter size-full\"><a href=\"https:\/\/www.guhalg.com\/wordpress\/wp-content\/uploads\/Reisen\/2011 Afrika\/Kapama\/DSC01891.jpg\"><img loading=\"lazy\" decoding=\"async\" width=\"1024\" height=\"575\" src=\"https:\/\/www.guhalg.com\/wordpress\/wp-content\/uploads\/Reisen\/2011 Afrika\/Kapama\/DSC01891.jpg\" alt=\"und holprig\" class=\"wp-image-4384\" srcset=\"https:\/\/www.guhalg.com\/wordpress\/wp-content\/uploads\/Reisen\/2011%20Afrika\/Kapama\/DSC01891.jpg 1024w, https:\/\/www.guhalg.com\/wordpress\/wp-content\/uploads\/Reisen\/2011%20Afrika\/Kapama\/DSC01891-300x168.jpg 300w, https:\/\/www.guhalg.com\/wordpress\/wp-content\/uploads\/Reisen\/2011%20Afrika\/Kapama\/DSC01891-768x431.jpg 768w\" sizes=\"auto, (max-width: 1024px) 100vw, 1024px\" \/><\/a><figcaption>und holprig<\/figcaption><\/figure><\/div>\n<\/div>\n<\/div>\n\n\n\n<p>So sind wir in den Abend hinein unterwegs gewesen, um uns von der zahlreichen Tierwelt \u00fcberw\u00e4ltigen zu lassen. Auf dem R\u00fcckweg in die Lodge gab es auch noch den ultimativen Kick beim Sonnenuntergang. Nach der R\u00fcckkehr ins Resort gab es die wohlverdiente hei\u00dfe Dusche und anschlie\u00dfend das Abendbrot in gemeinsamer Runde mit dem Hotel-Manager und den Rangern. Das Ganze inkl. wei\u00dfem Tischtuch, allen m\u00f6glichen Gl\u00e4sern und Besteck Orgien am Platz und nat\u00fcrlich eine hervorragende Weinkarte. Wer wollte, konnte sich noch am Kamin oder Pool bei einem Cocktail entspannen, aber die meisten sind doch bald zum Schlafen auf die Bungalows gegangen.<\/p>\n\n\n\n<div class=\"wp-block-image\"><figure class=\"aligncenter size-full\"><a href=\"https:\/\/www.guhalg.com\/wordpress\/wp-content\/uploads\/Reisen\/2011 Afrika\/Kapama\/DSC01786.jpg\"><img loading=\"lazy\" decoding=\"async\" width=\"1024\" height=\"575\" src=\"https:\/\/www.guhalg.com\/wordpress\/wp-content\/uploads\/Reisen\/2011 Afrika\/Kapama\/DSC01786.jpg\" alt=\"es geht los\" class=\"wp-image-4377\" srcset=\"https:\/\/www.guhalg.com\/wordpress\/wp-content\/uploads\/Reisen\/2011%20Afrika\/Kapama\/DSC01786.jpg 1024w, https:\/\/www.guhalg.com\/wordpress\/wp-content\/uploads\/Reisen\/2011%20Afrika\/Kapama\/DSC01786-300x168.jpg 300w, https:\/\/www.guhalg.com\/wordpress\/wp-content\/uploads\/Reisen\/2011%20Afrika\/Kapama\/DSC01786-768x431.jpg 768w\" sizes=\"auto, (max-width: 1024px) 100vw, 1024px\" \/><\/a><figcaption>es geht los<\/figcaption><\/figure><\/div>\n\n\n\n<div class=\"wp-block-image\"><figure class=\"aligncenter size-full\"><a href=\"https:\/\/www.guhalg.com\/wordpress\/wp-content\/uploads\/Reisen\/2011 Afrika\/Kapama\/DSC01789.jpg\"><img loading=\"lazy\" decoding=\"async\" width=\"1024\" height=\"575\" src=\"https:\/\/www.guhalg.com\/wordpress\/wp-content\/uploads\/Reisen\/2011 Afrika\/Kapama\/DSC01789.jpg\" alt=\"und weiter\" class=\"wp-image-4378\" srcset=\"https:\/\/www.guhalg.com\/wordpress\/wp-content\/uploads\/Reisen\/2011%20Afrika\/Kapama\/DSC01789.jpg 1024w, https:\/\/www.guhalg.com\/wordpress\/wp-content\/uploads\/Reisen\/2011%20Afrika\/Kapama\/DSC01789-300x168.jpg 300w, https:\/\/www.guhalg.com\/wordpress\/wp-content\/uploads\/Reisen\/2011%20Afrika\/Kapama\/DSC01789-768x431.jpg 768w\" sizes=\"auto, (max-width: 1024px) 100vw, 1024px\" \/><\/a><figcaption>und weiter<\/figcaption><\/figure><\/div>\n\n\n\n<div class=\"wp-block-image\"><figure class=\"aligncenter size-full\"><a href=\"https:\/\/www.guhalg.com\/wordpress\/wp-content\/uploads\/Reisen\/2011 Afrika\/Kapama\/DSC01792.jpg\"><img loading=\"lazy\" decoding=\"async\" width=\"1024\" height=\"575\" src=\"https:\/\/www.guhalg.com\/wordpress\/wp-content\/uploads\/Reisen\/2011 Afrika\/Kapama\/DSC01792.jpg\" alt=\"bis zum Schluss\" class=\"wp-image-4379\" srcset=\"https:\/\/www.guhalg.com\/wordpress\/wp-content\/uploads\/Reisen\/2011%20Afrika\/Kapama\/DSC01792.jpg 1024w, https:\/\/www.guhalg.com\/wordpress\/wp-content\/uploads\/Reisen\/2011%20Afrika\/Kapama\/DSC01792-300x168.jpg 300w, https:\/\/www.guhalg.com\/wordpress\/wp-content\/uploads\/Reisen\/2011%20Afrika\/Kapama\/DSC01792-768x431.jpg 768w\" sizes=\"auto, (max-width: 1024px) 100vw, 1024px\" \/><\/a><figcaption>bis zum Schluss<\/figcaption><\/figure><\/div>\n\n\n\n<div class=\"wp-block-columns is-layout-flex wp-container-core-columns-is-layout-9d6595d7 wp-block-columns-is-layout-flex\">\n<div class=\"wp-block-column is-layout-flow wp-block-column-is-layout-flow\">\n<div class=\"wp-block-buttons is-layout-flex wp-block-buttons-is-layout-flex\">\n<div class=\"wp-block-button\"><a class=\"wp-block-button__link\" href=\"https:\/\/www.guhalg.com\/wordpress\/?page_id=4359\">Kr\u00fcger Nationalpark Teil 3<\/a><\/div>\n<\/div>\n<\/div>\n\n\n\n<div class=\"wp-block-column is-layout-flow wp-block-column-is-layout-flow\">\n<div class=\"wp-block-buttons is-horizontal is-content-justification-right is-layout-flex wp-container-core-buttons-is-layout-ae2fe186 wp-block-buttons-is-layout-flex\">\n<div class=\"wp-block-button\"><a class=\"wp-block-button__link\" href=\"https:\/\/www.guhalg.com\/wordpress\/?page_id=4403\">Kapama Game Reserve Teil 2<\/a><\/div>\n<\/div>\n<\/div>\n<\/div>\n","protected":false},"excerpt":{"rendered":"<p>Im Kapama Private Game Reserve war die Vorgehensweise allerdings etwas anders als im Kr\u00fcger Park, wo wir allerdings auch nur in der einfachen Kategorie eingebucht waren. Hier war es kein staatlich gelenktes und finanziertes Unternehmen, sondern alles ist privatwirtschaftlich organisiert&hellip; <\/p>\n","protected":false},"author":1,"featured_media":0,"parent":4189,"menu_order":8,"comment_status":"closed","ping_status":"closed","template":"","meta":{"footnotes":""},"class_list":["post-4366","page","type-page","status-publish","hentry"],"_links":{"self":[{"href":"https:\/\/www.guhalg.com\/wordpress\/index.php?rest_route=\/wp\/v2\/pages\/4366","targetHints":{"allow":["GET"]}}],"collection":[{"href":"https:\/\/www.guhalg.com\/wordpress\/index.php?rest_route=\/wp\/v2\/pages"}],"about":[{"href":"https:\/\/www.guhalg.com\/wordpress\/index.php?rest_route=\/wp\/v2\/types\/page"}],"author":[{"embeddable":true,"href":"https:\/\/www.guhalg.com\/wordpress\/index.php?rest_route=\/wp\/v2\/users\/1"}],"replies":[{"embeddable":true,"href":"https:\/\/www.guhalg.com\/wordpress\/index.php?rest_route=%2Fwp%2Fv2%2Fcomments&post=4366"}],"version-history":[{"count":9,"href":"https:\/\/www.guhalg.com\/wordpress\/index.php?rest_route=\/wp\/v2\/pages\/4366\/revisions"}],"predecessor-version":[{"id":7831,"href":"https:\/\/www.guhalg.com\/wordpress\/index.php?rest_route=\/wp\/v2\/pages\/4366\/revisions\/7831"}],"up":[{"embeddable":true,"href":"https:\/\/www.guhalg.com\/wordpress\/index.php?rest_route=\/wp\/v2\/pages\/4189"}],"wp:attachment":[{"href":"https:\/\/www.guhalg.com\/wordpress\/index.php?rest_route=%2Fwp%2Fv2%2Fmedia&parent=4366"}],"curies":[{"name":"wp","href":"https:\/\/api.w.org\/{rel}","templated":true}]}}