{"id":4403,"date":"2021-12-07T19:21:44","date_gmt":"2021-12-07T18:21:44","guid":{"rendered":"https:\/\/www.guhalg.com\/wordpress\/?page_id=4403"},"modified":"2022-02-08T21:48:21","modified_gmt":"2022-02-08T20:48:21","slug":"kapama-game-reserve-teil-2","status":"publish","type":"page","link":"https:\/\/www.guhalg.com\/wordpress\/?page_id=4403","title":{"rendered":"Kapama Game Reserve Teil 2"},"content":{"rendered":"\n<p>Der n\u00e4chste Morgen begann mit einem kleinen Snack vor der Ausfahrt und dem wichtigen hei\u00dfen Kaffee. Heute wollten wir nach Elefanten und Nash\u00f6rnern suchen. F\u00fcr einige G\u00e4ste bedeutete dieses dann den Haken hinter den Big Five, so werden hier die Tiere genannt, die im Falle einer Verwundung durch den Menschen nicht die Flucht ergreifen, sondern zum Gegenangriff \u00fcbergehen. Dazu z\u00e4hlen:<\/p>\n\n\n\n<ul class=\"wp-block-list\"><li>Der L\u00f6we<\/li><li>der Leopard<\/li><li>der B\u00fcffel<\/li><li>der Elefant<\/li><li>das Nashorn<\/li><\/ul>\n\n\n\n<p>Am Abend vorher hatten wir das unwahrscheinliche Gl\u00fcck, oder auch den t\u00fcchtigen Rangern und Spurenlesern zu verdanken, sowohl L\u00f6wen als auch Leoparden zu sehen. Die zweiteren wurden von den ersteren gestellt und hatten sich auf einen Baum in Sicherheit gebracht. Selten hat man die Gelegenheit, Leoparden so nah zu kommen. Die L\u00f6wen haben sich einen Spa\u00df daraus gemacht, die ganze Nacht in der N\u00e4he des Baumes zu ruhen. Somit mussten die Leoparden ausharren und hungern und konnten erst am n\u00e4chsten Vormittag, als die L\u00f6wen weitergezogen waren, den Baum verlassen. <\/p>\n\n\n\n<div class=\"wp-block-columns is-layout-flex wp-container-core-columns-is-layout-9d6595d7 wp-block-columns-is-layout-flex\">\n<div class=\"wp-block-column is-layout-flow wp-block-column-is-layout-flow\">\n<div class=\"wp-block-image\"><figure class=\"aligncenter size-full\"><a href=\"https:\/\/www.guhalg.com\/wordpress\/wp-content\/uploads\/Reisen\/2011 Afrika\/Kapama\/DSC01817.jpg\"><img loading=\"lazy\" decoding=\"async\" width=\"1024\" height=\"575\" src=\"https:\/\/www.guhalg.com\/wordpress\/wp-content\/uploads\/Reisen\/2011 Afrika\/Kapama\/DSC01817.jpg\" alt=\"Der L\u00f6we\" class=\"wp-image-4381\" srcset=\"https:\/\/www.guhalg.com\/wordpress\/wp-content\/uploads\/Reisen\/2011%20Afrika\/Kapama\/DSC01817.jpg 1024w, https:\/\/www.guhalg.com\/wordpress\/wp-content\/uploads\/Reisen\/2011%20Afrika\/Kapama\/DSC01817-300x168.jpg 300w, https:\/\/www.guhalg.com\/wordpress\/wp-content\/uploads\/Reisen\/2011%20Afrika\/Kapama\/DSC01817-768x431.jpg 768w\" sizes=\"auto, (max-width: 1024px) 100vw, 1024px\" \/><\/a><figcaption>Der L\u00f6we<\/figcaption><\/figure><\/div>\n<\/div>\n\n\n\n<div class=\"wp-block-column is-layout-flow wp-block-column-is-layout-flow\">\n<div class=\"wp-block-image\"><figure class=\"aligncenter size-full\"><a href=\"https:\/\/www.guhalg.com\/wordpress\/wp-content\/uploads\/Reisen\/2011 Afrika\/Kapama\/DSC01870.jpg\"><img loading=\"lazy\" decoding=\"async\" width=\"1024\" height=\"575\" src=\"https:\/\/www.guhalg.com\/wordpress\/wp-content\/uploads\/Reisen\/2011 Afrika\/Kapama\/DSC01870.jpg\" alt=\"Der Leopard\" class=\"wp-image-4382\" srcset=\"https:\/\/www.guhalg.com\/wordpress\/wp-content\/uploads\/Reisen\/2011%20Afrika\/Kapama\/DSC01870.jpg 1024w, https:\/\/www.guhalg.com\/wordpress\/wp-content\/uploads\/Reisen\/2011%20Afrika\/Kapama\/DSC01870-300x168.jpg 300w, https:\/\/www.guhalg.com\/wordpress\/wp-content\/uploads\/Reisen\/2011%20Afrika\/Kapama\/DSC01870-768x431.jpg 768w\" sizes=\"auto, (max-width: 1024px) 100vw, 1024px\" \/><\/a><figcaption>Der Leopard<\/figcaption><\/figure><\/div>\n<\/div>\n<\/div>\n\n\n\n<div class=\"wp-block-image\"><figure class=\"aligncenter size-full\"><a href=\"https:\/\/www.guhalg.com\/wordpress\/wp-content\/uploads\/Reisen\/2011 Afrika\/Kapama\/DSC02072.jpg\"><img loading=\"lazy\" decoding=\"async\" width=\"1024\" height=\"575\" src=\"https:\/\/www.guhalg.com\/wordpress\/wp-content\/uploads\/Reisen\/2011 Afrika\/Kapama\/DSC02072.jpg\" alt=\"am n\u00e4chsten Morgen\" class=\"wp-image-4391\" srcset=\"https:\/\/www.guhalg.com\/wordpress\/wp-content\/uploads\/Reisen\/2011%20Afrika\/Kapama\/DSC02072.jpg 1024w, https:\/\/www.guhalg.com\/wordpress\/wp-content\/uploads\/Reisen\/2011%20Afrika\/Kapama\/DSC02072-300x168.jpg 300w, https:\/\/www.guhalg.com\/wordpress\/wp-content\/uploads\/Reisen\/2011%20Afrika\/Kapama\/DSC02072-768x431.jpg 768w\" sizes=\"auto, (max-width: 1024px) 100vw, 1024px\" \/><\/a><figcaption>am n\u00e4chsten Morgen<\/figcaption><\/figure><\/div>\n\n\n\n<p>Wer sich jetzt bei den Bildern fragt: wie nah kommt man eigentlich an die Tiere heran im offenen Wagen? Nun ja, so in etwa bis auf ca. 5 m Abstand. Soweit hat der Ranger den Wagen an die L\u00f6wen herangefahren. Allerdings sa\u00df dann der Spurensucher nicht mehr vorne auf dem Sitz, sondern im Auto. Die Tiere nehmen nicht die einzelnen Personen im Auto war, sondern nur das ganze Gef\u00e4hrt an sich, und dieses bedeutet f\u00fcr Sie keine Gefahr oder Konkurrenz. Daher verhalten sie sich so entspannt. Auch andere Tiere im Park sind an die Wagen und Menschen gew\u00f6hnt und zeigen daher wenig scheu, wie diese Giraffe hier, an der wir auf der Suche nach den Elefanten bestimmt sechsmal mit dem Wagen vorbeigefahren sind. <\/p>\n\n\n\n<div class=\"wp-block-columns is-layout-flex wp-container-core-columns-is-layout-9d6595d7 wp-block-columns-is-layout-flex\">\n<div class=\"wp-block-column is-layout-flow wp-block-column-is-layout-flow\">\n<div class=\"wp-block-image\"><figure class=\"aligncenter size-full\"><a href=\"https:\/\/www.guhalg.com\/wordpress\/wp-content\/uploads\/Reisen\/2011 Afrika\/Kapama\/DSC01890.jpg\"><img loading=\"lazy\" decoding=\"async\" width=\"1024\" height=\"575\" src=\"https:\/\/www.guhalg.com\/wordpress\/wp-content\/uploads\/Reisen\/2011 Afrika\/Kapama\/DSC01890.jpg\" alt=\"Due Giraffe\" class=\"wp-image-4383\" srcset=\"https:\/\/www.guhalg.com\/wordpress\/wp-content\/uploads\/Reisen\/2011%20Afrika\/Kapama\/DSC01890.jpg 1024w, https:\/\/www.guhalg.com\/wordpress\/wp-content\/uploads\/Reisen\/2011%20Afrika\/Kapama\/DSC01890-300x168.jpg 300w, https:\/\/www.guhalg.com\/wordpress\/wp-content\/uploads\/Reisen\/2011%20Afrika\/Kapama\/DSC01890-768x431.jpg 768w\" sizes=\"auto, (max-width: 1024px) 100vw, 1024px\" \/><\/a><figcaption>Due Giraffe<\/figcaption><\/figure><\/div>\n<\/div>\n\n\n\n<div class=\"wp-block-column is-layout-flow wp-block-column-is-layout-flow\">\n<div class=\"wp-block-image\"><figure class=\"aligncenter size-full\"><a href=\"https:\/\/www.guhalg.com\/wordpress\/wp-content\/uploads\/Reisen\/2011 Afrika\/Kapama\/DSC01898.jpg\"><img loading=\"lazy\" decoding=\"async\" width=\"1024\" height=\"575\" src=\"https:\/\/www.guhalg.com\/wordpress\/wp-content\/uploads\/Reisen\/2011 Afrika\/Kapama\/DSC01898.jpg\" alt=\"im Portrait\" class=\"wp-image-4385\" srcset=\"https:\/\/www.guhalg.com\/wordpress\/wp-content\/uploads\/Reisen\/2011%20Afrika\/Kapama\/DSC01898.jpg 1024w, https:\/\/www.guhalg.com\/wordpress\/wp-content\/uploads\/Reisen\/2011%20Afrika\/Kapama\/DSC01898-300x168.jpg 300w, https:\/\/www.guhalg.com\/wordpress\/wp-content\/uploads\/Reisen\/2011%20Afrika\/Kapama\/DSC01898-768x431.jpg 768w\" sizes=\"auto, (max-width: 1024px) 100vw, 1024px\" \/><\/a><figcaption>im Portrait<\/figcaption><\/figure><\/div>\n<\/div>\n<\/div>\n\n\n\n<p>Wie sich sp\u00e4ter herausstellte, gab es ein Missverst\u00e4ndnis in der Kommunikation. Wir waren eigentlich erstmal auf der Suche nach den Elefanten gewesen, der Tippgeber dachte aber, wir wollten zu den Nash\u00f6rnern, wollten wir auch, aber erst nach den Elefanten. Daher dauerte die Suche eine Weile, aber letztendlich haben wir sie gefunden, die Elefantengruppe im Kapama. Auch diese Tiere waren v\u00f6llig entspannt und haben sich auf zwei Meter dem Auto gen\u00e4hert. <\/p>\n\n\n\n<div class=\"wp-block-image\"><figure class=\"aligncenter size-full\"><a href=\"https:\/\/www.guhalg.com\/wordpress\/wp-content\/uploads\/Reisen\/2011 Afrika\/Kapama\/DSC01917.jpg\"><img loading=\"lazy\" decoding=\"async\" width=\"1024\" height=\"575\" src=\"https:\/\/www.guhalg.com\/wordpress\/wp-content\/uploads\/Reisen\/2011 Afrika\/Kapama\/DSC01917.jpg\" alt=\"nah dran\" class=\"wp-image-4387\" srcset=\"https:\/\/www.guhalg.com\/wordpress\/wp-content\/uploads\/Reisen\/2011%20Afrika\/Kapama\/DSC01917.jpg 1024w, https:\/\/www.guhalg.com\/wordpress\/wp-content\/uploads\/Reisen\/2011%20Afrika\/Kapama\/DSC01917-300x168.jpg 300w, https:\/\/www.guhalg.com\/wordpress\/wp-content\/uploads\/Reisen\/2011%20Afrika\/Kapama\/DSC01917-768x431.jpg 768w\" sizes=\"auto, (max-width: 1024px) 100vw, 1024px\" \/><\/a><figcaption>nah dran<\/figcaption><\/figure><\/div>\n\n\n\n<div class=\"wp-block-image\"><figure class=\"aligncenter size-full\"><a href=\"https:\/\/www.guhalg.com\/wordpress\/wp-content\/uploads\/Reisen\/2011 Afrika\/Kapama\/DSC01914.jpg\"><img loading=\"lazy\" decoding=\"async\" width=\"1024\" height=\"575\" src=\"https:\/\/www.guhalg.com\/wordpress\/wp-content\/uploads\/Reisen\/2011 Afrika\/Kapama\/DSC01914.jpg\" alt=\"und ein wenig neugierig\" class=\"wp-image-4386\" srcset=\"https:\/\/www.guhalg.com\/wordpress\/wp-content\/uploads\/Reisen\/2011%20Afrika\/Kapama\/DSC01914.jpg 1024w, https:\/\/www.guhalg.com\/wordpress\/wp-content\/uploads\/Reisen\/2011%20Afrika\/Kapama\/DSC01914-300x168.jpg 300w, https:\/\/www.guhalg.com\/wordpress\/wp-content\/uploads\/Reisen\/2011%20Afrika\/Kapama\/DSC01914-768x431.jpg 768w\" sizes=\"auto, (max-width: 1024px) 100vw, 1024px\" \/><\/a><figcaption>und ein wenig neugierig<\/figcaption><\/figure><\/div>\n\n\n\n<p>Genau genommen sind sie in dieser Entfernung vor dem Auto \u00fcber die Piste gezogen. Das war f\u00fcr uns insofern besonders g\u00fcnstig, als dass wir damit die ganze Zeit \u00fcber die Tiere beobachten konnten. Normalerweise gilt f\u00fcr jeden Wagen in der Tierbeobachtung ein Zeitlimit von zwanzig Minuten bei maximal zwei Wagen pro Tiergruppe. Anschlie\u00dfend muss der Platz dann f\u00fcr einen wartenden Wagen ger\u00e4umt werden, dieses war aber hier f\u00fcr unseren Ranger nicht m\u00f6glich und wir hatten somit besonders viel Zeit f\u00fcr die Beobachtung. Nach den Elefanten ging es weiter zu den Nash\u00f6rnern. Dabei handelte es sich um eine Mutter \/ Tochter Gruppe und das junge Nashorn war sichtbar vorsichtig und nerv\u00f6s. Nach einiger Zeit wurde es den beiden auch zu viel und sie sind ihres Weges gezogen, nicht ohne dass die Mutter uns noch ihre Wertsch\u00e4tzung kundtat.<\/p>\n\n\n\n<div class=\"wp-block-image\"><figure class=\"aligncenter size-full\"><a href=\"https:\/\/www.guhalg.com\/wordpress\/wp-content\/uploads\/Reisen\/2011 Afrika\/Kapama\/DSC01973.jpg\"><img loading=\"lazy\" decoding=\"async\" width=\"1024\" height=\"575\" src=\"https:\/\/www.guhalg.com\/wordpress\/wp-content\/uploads\/Reisen\/2011 Afrika\/Kapama\/DSC01973.jpg\" alt=\"Mutter und Tochter\" class=\"wp-image-4388\" srcset=\"https:\/\/www.guhalg.com\/wordpress\/wp-content\/uploads\/Reisen\/2011%20Afrika\/Kapama\/DSC01973.jpg 1024w, https:\/\/www.guhalg.com\/wordpress\/wp-content\/uploads\/Reisen\/2011%20Afrika\/Kapama\/DSC01973-300x168.jpg 300w, https:\/\/www.guhalg.com\/wordpress\/wp-content\/uploads\/Reisen\/2011%20Afrika\/Kapama\/DSC01973-768x431.jpg 768w\" sizes=\"auto, (max-width: 1024px) 100vw, 1024px\" \/><\/a><figcaption>Mutter und Tochter<\/figcaption><\/figure><\/div>\n\n\n\n<div class=\"wp-block-columns is-layout-flex wp-container-core-columns-is-layout-9d6595d7 wp-block-columns-is-layout-flex\">\n<div class=\"wp-block-column is-layout-flow wp-block-column-is-layout-flow\">\n<div class=\"wp-block-image\"><figure class=\"aligncenter size-full\"><a href=\"https:\/\/www.guhalg.com\/wordpress\/wp-content\/uploads\/Reisen\/2011 Afrika\/Kapama\/DSC01985.jpg\"><img loading=\"lazy\" decoding=\"async\" width=\"1024\" height=\"575\" src=\"https:\/\/www.guhalg.com\/wordpress\/wp-content\/uploads\/Reisen\/2011 Afrika\/Kapama\/DSC01985.jpg\" alt=\"etwas unruhig\" class=\"wp-image-4389\" srcset=\"https:\/\/www.guhalg.com\/wordpress\/wp-content\/uploads\/Reisen\/2011%20Afrika\/Kapama\/DSC01985.jpg 1024w, https:\/\/www.guhalg.com\/wordpress\/wp-content\/uploads\/Reisen\/2011%20Afrika\/Kapama\/DSC01985-300x168.jpg 300w, https:\/\/www.guhalg.com\/wordpress\/wp-content\/uploads\/Reisen\/2011%20Afrika\/Kapama\/DSC01985-768x431.jpg 768w\" sizes=\"auto, (max-width: 1024px) 100vw, 1024px\" \/><\/a><figcaption>etwas unruhig<\/figcaption><\/figure><\/div>\n<\/div>\n\n\n\n<div class=\"wp-block-column is-layout-flow wp-block-column-is-layout-flow\">\n<div class=\"wp-block-image\"><figure class=\"aligncenter size-full\"><a href=\"https:\/\/www.guhalg.com\/wordpress\/wp-content\/uploads\/Reisen\/2011 Afrika\/Kapama\/DSC01994.jpg\"><img loading=\"lazy\" decoding=\"async\" width=\"1024\" height=\"575\" src=\"https:\/\/www.guhalg.com\/wordpress\/wp-content\/uploads\/Reisen\/2011 Afrika\/Kapama\/DSC01994.jpg\" alt=\"Wertsch\u00e4tzung\" class=\"wp-image-4390\" srcset=\"https:\/\/www.guhalg.com\/wordpress\/wp-content\/uploads\/Reisen\/2011%20Afrika\/Kapama\/DSC01994.jpg 1024w, https:\/\/www.guhalg.com\/wordpress\/wp-content\/uploads\/Reisen\/2011%20Afrika\/Kapama\/DSC01994-300x168.jpg 300w, https:\/\/www.guhalg.com\/wordpress\/wp-content\/uploads\/Reisen\/2011%20Afrika\/Kapama\/DSC01994-768x431.jpg 768w\" sizes=\"auto, (max-width: 1024px) 100vw, 1024px\" \/><\/a><figcaption>Wertsch\u00e4tzung<\/figcaption><\/figure><\/div>\n<\/div>\n<\/div>\n\n\n\n<p>Bald ging es zur\u00fcck ins Resort, das Fr\u00fchst\u00fcck wartete. W\u00e4hrend sich die anderen G\u00e4ste nach einer Erholungspause einfanden, um in ein wenige Kilometer entferntes Reservat f\u00fcr Geparden (Cheetahs) zu fahren, haben wir unsere Sachen wieder zusammen gepackt um den Weg in Richtung n\u00e4chstes Resort, <a rel=\"noreferrer noopener\" href=\"http:\/\/casadosol.ahagroup.co.za\/\" target=\"_blank\">Casa Do Sol<\/a>, anzutreten. Dieses l\u00e4utete gleichzeitig unseren R\u00fcckweg in Richtung Johannesburg ein. \u00dcbrigens, mit den Nash\u00f6rnern hatten wir unsere Big Five vervollst\u00e4ndigt.<\/p>\n\n\n\n<div class=\"wp-block-columns is-layout-flex wp-container-core-columns-is-layout-9d6595d7 wp-block-columns-is-layout-flex\">\n<div class=\"wp-block-column is-layout-flow wp-block-column-is-layout-flow\">\n<div class=\"wp-block-buttons is-layout-flex wp-block-buttons-is-layout-flex\">\n<div class=\"wp-block-button\"><a class=\"wp-block-button__link\" href=\"https:\/\/www.guhalg.com\/wordpress\/?page_id=4366\">Kapama Game Reserve Teil 1<\/a><\/div>\n<\/div>\n<\/div>\n\n\n\n<div class=\"wp-block-column is-layout-flow wp-block-column-is-layout-flow\">\n<div class=\"wp-block-buttons is-horizontal is-content-justification-right is-layout-flex wp-container-core-buttons-is-layout-ae2fe186 wp-block-buttons-is-layout-flex\">\n<div class=\"wp-block-button\"><a class=\"wp-block-button__link\" href=\"https:\/\/www.guhalg.com\/wordpress\/?page_id=4416\">Casa Do Sol<\/a><\/div>\n<\/div>\n<\/div>\n<\/div>\n","protected":false},"excerpt":{"rendered":"<p>Der n\u00e4chste Morgen begann mit einem kleinen Snack vor der Ausfahrt und dem wichtigen hei\u00dfen Kaffee. Heute wollten wir nach Elefanten und Nash\u00f6rnern suchen. F\u00fcr einige G\u00e4ste bedeutete dieses dann den Haken hinter den Big Five, so werden hier die&hellip; <\/p>\n","protected":false},"author":1,"featured_media":0,"parent":4189,"menu_order":9,"comment_status":"closed","ping_status":"closed","template":"","meta":{"footnotes":""},"class_list":["post-4403","page","type-page","status-publish","hentry"],"_links":{"self":[{"href":"https:\/\/www.guhalg.com\/wordpress\/index.php?rest_route=\/wp\/v2\/pages\/4403","targetHints":{"allow":["GET"]}}],"collection":[{"href":"https:\/\/www.guhalg.com\/wordpress\/index.php?rest_route=\/wp\/v2\/pages"}],"about":[{"href":"https:\/\/www.guhalg.com\/wordpress\/index.php?rest_route=\/wp\/v2\/types\/page"}],"author":[{"embeddable":true,"href":"https:\/\/www.guhalg.com\/wordpress\/index.php?rest_route=\/wp\/v2\/users\/1"}],"replies":[{"embeddable":true,"href":"https:\/\/www.guhalg.com\/wordpress\/index.php?rest_route=%2Fwp%2Fv2%2Fcomments&post=4403"}],"version-history":[{"count":8,"href":"https:\/\/www.guhalg.com\/wordpress\/index.php?rest_route=\/wp\/v2\/pages\/4403\/revisions"}],"predecessor-version":[{"id":7833,"href":"https:\/\/www.guhalg.com\/wordpress\/index.php?rest_route=\/wp\/v2\/pages\/4403\/revisions\/7833"}],"up":[{"embeddable":true,"href":"https:\/\/www.guhalg.com\/wordpress\/index.php?rest_route=\/wp\/v2\/pages\/4189"}],"wp:attachment":[{"href":"https:\/\/www.guhalg.com\/wordpress\/index.php?rest_route=%2Fwp%2Fv2%2Fmedia&parent=4403"}],"curies":[{"name":"wp","href":"https:\/\/api.w.org\/{rel}","templated":true}]}}