{"id":4416,"date":"2021-12-07T20:32:54","date_gmt":"2021-12-07T19:32:54","guid":{"rendered":"https:\/\/www.guhalg.com\/wordpress\/?page_id=4416"},"modified":"2022-02-08T21:51:12","modified_gmt":"2022-02-08T20:51:12","slug":"casa-do-sol","status":"publish","type":"page","link":"https:\/\/www.guhalg.com\/wordpress\/?page_id=4416","title":{"rendered":"Casa Do Sol"},"content":{"rendered":"\n<p>Den Abschied machte uns das Kapama Private Game Reserve ganz sch\u00f6n schwer. Nicht nur, dass es uns in der Lodge besonders gut gefallen hatte, es auf den Ausfahrten viele Tiere zu sehen gab und viel Informationen durch die Ranger vermittelt wurde, nein wir wurden auch noch durch eine Stra\u00dfensperre aufgehalten.<\/p>\n\n\n\n<div class=\"wp-block-image\"><figure class=\"aligncenter size-full\"><a href=\"https:\/\/www.guhalg.com\/wordpress\/wp-content\/uploads\/Reisen\/2011 Afrika\/Kapama\/DSC02086.jpg\"><img loading=\"lazy\" decoding=\"async\" width=\"1024\" height=\"575\" src=\"https:\/\/www.guhalg.com\/wordpress\/wp-content\/uploads\/Reisen\/2011 Afrika\/Kapama\/DSC02086.jpg\" alt=\"Strassensperre\" class=\"wp-image-4393\" srcset=\"https:\/\/www.guhalg.com\/wordpress\/wp-content\/uploads\/Reisen\/2011%20Afrika\/Kapama\/DSC02086.jpg 1024w, https:\/\/www.guhalg.com\/wordpress\/wp-content\/uploads\/Reisen\/2011%20Afrika\/Kapama\/DSC02086-300x168.jpg 300w, https:\/\/www.guhalg.com\/wordpress\/wp-content\/uploads\/Reisen\/2011%20Afrika\/Kapama\/DSC02086-768x431.jpg 768w\" sizes=\"auto, (max-width: 1024px) 100vw, 1024px\" \/><\/a><figcaption>Strassensperre<\/figcaption><\/figure><\/div>\n\n\n\n<p>Aber durch langsames Weiterfahren konnten wir unseren Weg fortsetzen. Nachdem wir uns am Tor aus dem Kapama abgemeldet hatten, ging es auf gut ausgebauten Stra\u00dfen weiter ins Casa Do Sol, einem etwas altbackenen aber total sch\u00f6n gelegenen Hotel in der N\u00e4he von Hazyview. Hier bezogen wir unser Zimmer inkl. einer kleinen privaten Terrasse.<\/p>\n\n\n\n<div class=\"wp-block-columns is-layout-flex wp-container-core-columns-is-layout-9d6595d7 wp-block-columns-is-layout-flex\">\n<div class=\"wp-block-column is-layout-flow wp-block-column-is-layout-flow\">\n<div class=\"wp-block-image\"><figure class=\"aligncenter size-full\"><a href=\"https:\/\/www.guhalg.com\/wordpress\/wp-content\/uploads\/Reisen\/2011 Afrika\/CasaDoSol\/DSC02090.jpg\"><img loading=\"lazy\" decoding=\"async\" width=\"1024\" height=\"575\" src=\"https:\/\/www.guhalg.com\/wordpress\/wp-content\/uploads\/Reisen\/2011 Afrika\/CasaDoSol\/DSC02090.jpg\" alt=\"etwas Altbacken\" class=\"wp-image-4421\" srcset=\"https:\/\/www.guhalg.com\/wordpress\/wp-content\/uploads\/Reisen\/2011%20Afrika\/CasaDoSol\/DSC02090.jpg 1024w, https:\/\/www.guhalg.com\/wordpress\/wp-content\/uploads\/Reisen\/2011%20Afrika\/CasaDoSol\/DSC02090-300x168.jpg 300w, https:\/\/www.guhalg.com\/wordpress\/wp-content\/uploads\/Reisen\/2011%20Afrika\/CasaDoSol\/DSC02090-768x431.jpg 768w\" sizes=\"auto, (max-width: 1024px) 100vw, 1024px\" \/><\/a><figcaption>etwas Altbacken<\/figcaption><\/figure><\/div>\n<\/div>\n\n\n\n<div class=\"wp-block-column is-layout-flow wp-block-column-is-layout-flow\">\n<div class=\"wp-block-image\"><figure class=\"aligncenter size-full\"><a href=\"https:\/\/www.guhalg.com\/wordpress\/wp-content\/uploads\/Reisen\/2011 Afrika\/CasaDoSol\/DSC02091.jpg\"><img loading=\"lazy\" decoding=\"async\" width=\"1024\" height=\"575\" src=\"https:\/\/www.guhalg.com\/wordpress\/wp-content\/uploads\/Reisen\/2011 Afrika\/CasaDoSol\/DSC02091.jpg\" alt=\"und gem\u00fctlich\" class=\"wp-image-4422\" srcset=\"https:\/\/www.guhalg.com\/wordpress\/wp-content\/uploads\/Reisen\/2011%20Afrika\/CasaDoSol\/DSC02091.jpg 1024w, https:\/\/www.guhalg.com\/wordpress\/wp-content\/uploads\/Reisen\/2011%20Afrika\/CasaDoSol\/DSC02091-300x168.jpg 300w, https:\/\/www.guhalg.com\/wordpress\/wp-content\/uploads\/Reisen\/2011%20Afrika\/CasaDoSol\/DSC02091-768x431.jpg 768w\" sizes=\"auto, (max-width: 1024px) 100vw, 1024px\" \/><\/a><figcaption>und gem\u00fctlich<\/figcaption><\/figure><\/div>\n<\/div>\n<\/div>\n\n\n\n<div class=\"wp-block-image\"><figure class=\"aligncenter size-full\"><a href=\"https:\/\/www.guhalg.com\/wordpress\/wp-content\/uploads\/Reisen\/2011 Afrika\/CasaDoSol\/DSC02097.jpg\"><img loading=\"lazy\" decoding=\"async\" width=\"1024\" height=\"575\" src=\"https:\/\/www.guhalg.com\/wordpress\/wp-content\/uploads\/Reisen\/2011 Afrika\/CasaDoSol\/DSC02097.jpg\" alt=\"mit sch\u00f6ner Terasse\" class=\"wp-image-4423\" srcset=\"https:\/\/www.guhalg.com\/wordpress\/wp-content\/uploads\/Reisen\/2011%20Afrika\/CasaDoSol\/DSC02097.jpg 1024w, https:\/\/www.guhalg.com\/wordpress\/wp-content\/uploads\/Reisen\/2011%20Afrika\/CasaDoSol\/DSC02097-300x168.jpg 300w, https:\/\/www.guhalg.com\/wordpress\/wp-content\/uploads\/Reisen\/2011%20Afrika\/CasaDoSol\/DSC02097-768x431.jpg 768w\" sizes=\"auto, (max-width: 1024px) 100vw, 1024px\" \/><\/a><figcaption>mit sch\u00f6ner Terasse<\/figcaption><\/figure><\/div>\n\n\n\n<p>Da es erst sp\u00e4ter Nachmittag war, hatten wir noch einige Zeit bis zum Dunkelwerden und konnten so ein wenig am Pool entspannen und die Hotelanlage erkunden. Also genau betrachtet gab es eine Arbeitsteilung. Horst hat den Entspannungsteil \u00fcbernommen und Chrischi die Gegend erkundet. <\/p>\n\n\n\n<div class=\"wp-block-columns is-layout-flex wp-container-core-columns-is-layout-9d6595d7 wp-block-columns-is-layout-flex\">\n<div class=\"wp-block-column is-layout-flow wp-block-column-is-layout-flow\">\n<div class=\"wp-block-image\"><figure class=\"aligncenter size-full\"><a href=\"https:\/\/www.guhalg.com\/wordpress\/wp-content\/uploads\/Reisen\/2011 Afrika\/CasaDoSol\/DSC02115.jpg\"><img loading=\"lazy\" decoding=\"async\" width=\"1024\" height=\"575\" src=\"https:\/\/www.guhalg.com\/wordpress\/wp-content\/uploads\/Reisen\/2011 Afrika\/CasaDoSol\/DSC02115.jpg\" alt=\"am Pool\" class=\"wp-image-4426\" srcset=\"https:\/\/www.guhalg.com\/wordpress\/wp-content\/uploads\/Reisen\/2011%20Afrika\/CasaDoSol\/DSC02115.jpg 1024w, https:\/\/www.guhalg.com\/wordpress\/wp-content\/uploads\/Reisen\/2011%20Afrika\/CasaDoSol\/DSC02115-300x168.jpg 300w, https:\/\/www.guhalg.com\/wordpress\/wp-content\/uploads\/Reisen\/2011%20Afrika\/CasaDoSol\/DSC02115-768x431.jpg 768w\" sizes=\"auto, (max-width: 1024px) 100vw, 1024px\" \/><\/a><figcaption>am Pool<\/figcaption><\/figure><\/div>\n<\/div>\n\n\n\n<div class=\"wp-block-column is-layout-flow wp-block-column-is-layout-flow\">\n<div class=\"wp-block-image\"><figure class=\"aligncenter size-full\"><a href=\"https:\/\/www.guhalg.com\/wordpress\/wp-content\/uploads\/Reisen\/2011 Afrika\/CasaDoSol\/DSC02098.jpg\"><img loading=\"lazy\" decoding=\"async\" width=\"1024\" height=\"575\" src=\"https:\/\/www.guhalg.com\/wordpress\/wp-content\/uploads\/Reisen\/2011 Afrika\/CasaDoSol\/DSC02098.jpg\" alt=\"am Pool\" class=\"wp-image-4424\" srcset=\"https:\/\/www.guhalg.com\/wordpress\/wp-content\/uploads\/Reisen\/2011%20Afrika\/CasaDoSol\/DSC02098.jpg 1024w, https:\/\/www.guhalg.com\/wordpress\/wp-content\/uploads\/Reisen\/2011%20Afrika\/CasaDoSol\/DSC02098-300x168.jpg 300w, https:\/\/www.guhalg.com\/wordpress\/wp-content\/uploads\/Reisen\/2011%20Afrika\/CasaDoSol\/DSC02098-768x431.jpg 768w\" sizes=\"auto, (max-width: 1024px) 100vw, 1024px\" \/><\/a><figcaption>am Pool<\/figcaption><\/figure><\/div>\n<\/div>\n\n\n\n<div class=\"wp-block-column is-layout-flow wp-block-column-is-layout-flow\">\n<div class=\"wp-block-image\"><figure class=\"aligncenter size-full\"><a href=\"https:\/\/www.guhalg.com\/wordpress\/wp-content\/uploads\/Reisen\/2011 Afrika\/CasaDoSol\/DSC02116.jpg\"><img loading=\"lazy\" decoding=\"async\" width=\"1024\" height=\"575\" src=\"https:\/\/www.guhalg.com\/wordpress\/wp-content\/uploads\/Reisen\/2011 Afrika\/CasaDoSol\/DSC02116.jpg\" alt=\"in der Anlage\" class=\"wp-image-4427\" srcset=\"https:\/\/www.guhalg.com\/wordpress\/wp-content\/uploads\/Reisen\/2011%20Afrika\/CasaDoSol\/DSC02116.jpg 1024w, https:\/\/www.guhalg.com\/wordpress\/wp-content\/uploads\/Reisen\/2011%20Afrika\/CasaDoSol\/DSC02116-300x168.jpg 300w, https:\/\/www.guhalg.com\/wordpress\/wp-content\/uploads\/Reisen\/2011%20Afrika\/CasaDoSol\/DSC02116-768x431.jpg 768w\" sizes=\"auto, (max-width: 1024px) 100vw, 1024px\" \/><\/a><figcaption>in der Anlage<\/figcaption><\/figure><\/div>\n<\/div>\n<\/div>\n\n\n\n<div class=\"wp-block-columns is-layout-flex wp-container-core-columns-is-layout-9d6595d7 wp-block-columns-is-layout-flex\">\n<div class=\"wp-block-column is-layout-flow wp-block-column-is-layout-flow\">\n<div class=\"wp-block-image\"><figure class=\"aligncenter size-full\"><a href=\"https:\/\/www.guhalg.com\/wordpress\/wp-content\/uploads\/Reisen\/2011 Afrika\/CasaDoSol\/DSC02114.jpg\"><img loading=\"lazy\" decoding=\"async\" width=\"1024\" height=\"575\" src=\"https:\/\/www.guhalg.com\/wordpress\/wp-content\/uploads\/Reisen\/2011 Afrika\/CasaDoSol\/DSC02114.jpg\" alt=\"im Garten\" class=\"wp-image-4425\" srcset=\"https:\/\/www.guhalg.com\/wordpress\/wp-content\/uploads\/Reisen\/2011%20Afrika\/CasaDoSol\/DSC02114.jpg 1024w, https:\/\/www.guhalg.com\/wordpress\/wp-content\/uploads\/Reisen\/2011%20Afrika\/CasaDoSol\/DSC02114-300x168.jpg 300w, https:\/\/www.guhalg.com\/wordpress\/wp-content\/uploads\/Reisen\/2011%20Afrika\/CasaDoSol\/DSC02114-768x431.jpg 768w\" sizes=\"auto, (max-width: 1024px) 100vw, 1024px\" \/><\/a><figcaption>im Garten<\/figcaption><\/figure><\/div>\n<\/div>\n\n\n\n<div class=\"wp-block-column is-layout-flow wp-block-column-is-layout-flow\">\n<div class=\"wp-block-image\"><figure class=\"aligncenter size-full\"><a href=\"https:\/\/www.guhalg.com\/wordpress\/wp-content\/uploads\/Reisen\/2011 Afrika\/CasaDoSol\/DSC02133.jpg\"><img loading=\"lazy\" decoding=\"async\" width=\"1024\" height=\"575\" src=\"https:\/\/www.guhalg.com\/wordpress\/wp-content\/uploads\/Reisen\/2011 Afrika\/CasaDoSol\/DSC02133.jpg\" alt=\"im Park\" class=\"wp-image-4429\" srcset=\"https:\/\/www.guhalg.com\/wordpress\/wp-content\/uploads\/Reisen\/2011%20Afrika\/CasaDoSol\/DSC02133.jpg 1024w, https:\/\/www.guhalg.com\/wordpress\/wp-content\/uploads\/Reisen\/2011%20Afrika\/CasaDoSol\/DSC02133-300x168.jpg 300w, https:\/\/www.guhalg.com\/wordpress\/wp-content\/uploads\/Reisen\/2011%20Afrika\/CasaDoSol\/DSC02133-768x431.jpg 768w\" sizes=\"auto, (max-width: 1024px) 100vw, 1024px\" \/><\/a><figcaption>im Park<\/figcaption><\/figure><\/div>\n<\/div>\n\n\n\n<div class=\"wp-block-column is-layout-flow wp-block-column-is-layout-flow\">\n<div class=\"wp-block-image\"><figure class=\"aligncenter size-full\"><a href=\"https:\/\/www.guhalg.com\/wordpress\/wp-content\/uploads\/Reisen\/2011 Afrika\/CasaDoSol\/DSC02118.jpg\"><img loading=\"lazy\" decoding=\"async\" width=\"1024\" height=\"575\" src=\"https:\/\/www.guhalg.com\/wordpress\/wp-content\/uploads\/Reisen\/2011 Afrika\/CasaDoSol\/DSC02118.jpg\" alt=\"ein Teil der Anlage\" class=\"wp-image-4428\" srcset=\"https:\/\/www.guhalg.com\/wordpress\/wp-content\/uploads\/Reisen\/2011%20Afrika\/CasaDoSol\/DSC02118.jpg 1024w, https:\/\/www.guhalg.com\/wordpress\/wp-content\/uploads\/Reisen\/2011%20Afrika\/CasaDoSol\/DSC02118-300x168.jpg 300w, https:\/\/www.guhalg.com\/wordpress\/wp-content\/uploads\/Reisen\/2011%20Afrika\/CasaDoSol\/DSC02118-768x431.jpg 768w\" sizes=\"auto, (max-width: 1024px) 100vw, 1024px\" \/><\/a><figcaption>ein Teil der Anlage<\/figcaption><\/figure><\/div>\n<\/div>\n<\/div>\n\n\n\n<p>Am Abend gab es einen kleinen Snack auf der Terrasse vom Restaurant und als wir dort so sa\u00dfen, kam auch noch ein Zebra zu Besuch. Das lief einfach so die Einfahrt vom Hotel hoch, schaute sich ein wenig auf der Gr\u00fcnfl\u00e4che um und trabte dann gem\u00fctlich wieder von dannen. Das war jetzt aber einfach so, in freier Wildbahn bzw. Zivilisation, und nicht in einem Park. Wow!<\/p>\n\n\n\n<p>Nach einem ausgiebigen Fr\u00fchst\u00fcck am n\u00e4chsten Morgen ging es endg\u00fcltig zur\u00fcck nach Johannesburg und welch \u00dcberraschung \u2013 unser Auto war in der Nacht von einem staubigen verdreckten Etwas auf dem Parkplatz wieder in einen farbigen erkennbaren Toyota Coralla zur\u00fcckverwandelt. Das gab nat\u00fcrlich ein entsprechendes Trinkgeld f\u00fcr den Service. Die Fahrt stellte dank des Navis kein Problem dar und auch die R\u00fcckgabe am Flughafen war vorbildlich organisiert. Die letzte Nacht haben wir in einem Hotelkomplex direkt am Flughafen verbracht. Dort waren wir in einem 4* Hotel untergebracht, konnten aber den Pool vom 5* Hotel mitbenutzen. <\/p>\n\n\n\n<div class=\"wp-block-image\"><figure class=\"aligncenter size-large\"><a href=\"https:\/\/www.guhalg.com\/wordpress\/wp-content\/uploads\/Reisen\/2011 Afrika\/CasaDoSol\/DSC02135_stitch.jpg\"><img loading=\"lazy\" decoding=\"async\" width=\"1024\" height=\"466\" src=\"https:\/\/www.guhalg.com\/wordpress\/wp-content\/uploads\/Reisen\/2011 Afrika\/CasaDoSol\/DSC02135_stitch-1024x466.jpg\" alt=\"Der 5* Pool\" class=\"wp-image-4430\" srcset=\"https:\/\/www.guhalg.com\/wordpress\/wp-content\/uploads\/Reisen\/2011%20Afrika\/CasaDoSol\/DSC02135_stitch-1024x466.jpg 1024w, https:\/\/www.guhalg.com\/wordpress\/wp-content\/uploads\/Reisen\/2011%20Afrika\/CasaDoSol\/DSC02135_stitch-300x137.jpg 300w, https:\/\/www.guhalg.com\/wordpress\/wp-content\/uploads\/Reisen\/2011%20Afrika\/CasaDoSol\/DSC02135_stitch-768x350.jpg 768w, https:\/\/www.guhalg.com\/wordpress\/wp-content\/uploads\/Reisen\/2011%20Afrika\/CasaDoSol\/DSC02135_stitch.jpg 1280w\" sizes=\"auto, (max-width: 1024px) 100vw, 1024px\" \/><\/a><figcaption>Der 5* Pool<\/figcaption><\/figure><\/div>\n\n\n\n<p>Am n\u00e4chsten Morgen ging es mit dem Flughafen Shuttle direkt zu unserer Abflugebene zum Weiterflug nach Mosambik. Der zweite Teil des Urlaubs konnte beginnen. Anbei zum Abschluss noch einige Bilder aus den Parks in S\u00fcdafrika: <a href=\"https:\/\/www.guhalg.com\/wordpress\/?page_id=4486\" data-type=\"page\" data-id=\"4486\">Nationalparks<\/a> <\/p>\n\n\n\n<div class=\"wp-block-columns is-layout-flex wp-container-core-columns-is-layout-9d6595d7 wp-block-columns-is-layout-flex\">\n<div class=\"wp-block-column is-layout-flow wp-block-column-is-layout-flow\">\n<div class=\"wp-block-buttons is-layout-flex wp-block-buttons-is-layout-flex\">\n<div class=\"wp-block-button\"><a class=\"wp-block-button__link\" href=\"https:\/\/www.guhalg.com\/wordpress\/?page_id=4403\">Kapama Game Reserve Teil 2<\/a><\/div>\n<\/div>\n<\/div>\n\n\n\n<div class=\"wp-block-column is-layout-flow wp-block-column-is-layout-flow\">\n<div class=\"wp-block-buttons is-horizontal is-content-justification-right is-layout-flex wp-container-core-buttons-is-layout-ae2fe186 wp-block-buttons-is-layout-flex\">\n<div class=\"wp-block-button\"><a class=\"wp-block-button__link\" href=\"https:\/\/www.guhalg.com\/wordpress\/?page_id=4491\">Ankunft in Tofo<\/a><\/div>\n<\/div>\n<\/div>\n<\/div>\n","protected":false},"excerpt":{"rendered":"<p>Den Abschied machte uns das Kapama Private Game Reserve ganz sch\u00f6n schwer. Nicht nur, dass es uns in der Lodge besonders gut gefallen hatte, es auf den Ausfahrten viele Tiere zu sehen gab und viel Informationen durch die Ranger vermittelt&hellip; <\/p>\n","protected":false},"author":1,"featured_media":0,"parent":4189,"menu_order":10,"comment_status":"closed","ping_status":"closed","template":"","meta":{"footnotes":""},"class_list":["post-4416","page","type-page","status-publish","hentry"],"_links":{"self":[{"href":"https:\/\/www.guhalg.com\/wordpress\/index.php?rest_route=\/wp\/v2\/pages\/4416","targetHints":{"allow":["GET"]}}],"collection":[{"href":"https:\/\/www.guhalg.com\/wordpress\/index.php?rest_route=\/wp\/v2\/pages"}],"about":[{"href":"https:\/\/www.guhalg.com\/wordpress\/index.php?rest_route=\/wp\/v2\/types\/page"}],"author":[{"embeddable":true,"href":"https:\/\/www.guhalg.com\/wordpress\/index.php?rest_route=\/wp\/v2\/users\/1"}],"replies":[{"embeddable":true,"href":"https:\/\/www.guhalg.com\/wordpress\/index.php?rest_route=%2Fwp%2Fv2%2Fcomments&post=4416"}],"version-history":[{"count":7,"href":"https:\/\/www.guhalg.com\/wordpress\/index.php?rest_route=\/wp\/v2\/pages\/4416\/revisions"}],"predecessor-version":[{"id":7835,"href":"https:\/\/www.guhalg.com\/wordpress\/index.php?rest_route=\/wp\/v2\/pages\/4416\/revisions\/7835"}],"up":[{"embeddable":true,"href":"https:\/\/www.guhalg.com\/wordpress\/index.php?rest_route=\/wp\/v2\/pages\/4189"}],"wp:attachment":[{"href":"https:\/\/www.guhalg.com\/wordpress\/index.php?rest_route=%2Fwp%2Fv2%2Fmedia&parent=4416"}],"curies":[{"name":"wp","href":"https:\/\/api.w.org\/{rel}","templated":true}]}}