{"id":445,"date":"2021-11-02T21:37:38","date_gmt":"2021-11-02T20:37:38","guid":{"rendered":"https:\/\/www.guhalg.com\/wordpress\/?page_id=445"},"modified":"2022-02-08T22:49:59","modified_gmt":"2022-02-08T21:49:59","slug":"madagaskar-ile-sainte-marie-2","status":"publish","type":"page","link":"https:\/\/www.guhalg.com\/wordpress\/?page_id=445","title":{"rendered":"Ile Sainte Marie"},"content":{"rendered":"\n<p>Unsere erste Reise nach Madagaskar war ja zweigeteilt mit einer Woche kurzer Rundreise im Norden und anschlie\u00dfend einer Woche Entspannung mit Tauchen auf einer kleinen vorgelagerten Insel <a rel=\"noreferrer noopener\" href=\"https:\/\/de.wikipedia.org\/wiki\/Sainte_Marie\" target=\"_blank\">Ile. Sainte Marie<\/a> (oder auch Nosy Boraha). Wir hatten ein einfaches Hotel gebucht (2**+) und au\u00dfer der Walbeobachtung sollte es hier nur etwas Relaxen und ein wenig Tauchen sein. Aber auch hier hat uns das Land wieder \u00fcberrascht.<\/p>\n\n\n\n<p>Erstmal mussten wir auf die Insel r\u00fcber. Wir wurden morgens am Hotel abgeholt und unser Guide brachte uns zum Flughafen. Die Insel wird fast t\u00e4glich angeflogen. Die Flieger kommen aus Antananarivo, landen f\u00fcr einen Zwischenstopp in Toamasina und fliegen dann weiter nach Ile. Sainte Marie, um von dort wieder zur\u00fcck in die Hauptstadt zu fliegen. Hier hie\u00df es Abschied nehmen von Fahrer und Guide und f\u00fcr kurze Zeit, so ca. 20\u201330 Minuten, ab in den Flieger.<\/p>\n\n\n\n<p>Auf Ile. Sainte Marie wurden wir von einem Minibus abgeholt und in unsere Unterkunft der Masoandro Lodge gebracht. Diese liegt etwas zur\u00fcckversetzt von der Stra\u00dfe und ist somit v\u00f6llig ruhig. Ein kleines Restaurant, ein Pool und ein klasse Bungalow mit tadellosem Moskitonetz und Meerblick hinterlassen einen sehr guten Eindruck. Hier fragt man sich wieder, wie eigentlich diese Sternklassifizierungen zustande kommen. Wir fanden das Hotel eher auf dem Niveau von 4***, insbesondere wenn man die Freundlichkeit des Personals, das durchweg gute Essen und die \u00fcberall sichtbare Sauberkeit und Aufger\u00e4umtheit mit einbezieht. Das fing schon mit der Begr\u00fc\u00dfung an:<\/p>\n\n\n\n<figure class=\"wp-block-image size-large\"><a href=\"https:\/\/www.guhalg.com\/wordpress\/wp-content\/uploads\/Reisen\/Madagaskar\/Marie\/Cocktail.jpg\"><img loading=\"lazy\" decoding=\"async\" width=\"1024\" height=\"575\" src=\"https:\/\/www.guhalg.com\/wordpress\/wp-content\/uploads\/Reisen\/Madagaskar\/Marie\/Cocktail-1024x575.jpg\" alt=\"Cocktail\" class=\"wp-image-439\" title=\"Begr\u00fc\u00dfungscocktail\" srcset=\"https:\/\/www.guhalg.com\/wordpress\/wp-content\/uploads\/Reisen\/Madagaskar\/Marie\/Cocktail-1024x575.jpg 1024w, https:\/\/www.guhalg.com\/wordpress\/wp-content\/uploads\/Reisen\/Madagaskar\/Marie\/Cocktail-300x169.jpg 300w, https:\/\/www.guhalg.com\/wordpress\/wp-content\/uploads\/Reisen\/Madagaskar\/Marie\/Cocktail-768x432.jpg 768w, https:\/\/www.guhalg.com\/wordpress\/wp-content\/uploads\/Reisen\/Madagaskar\/Marie\/Cocktail-1536x863.jpg 1536w, https:\/\/www.guhalg.com\/wordpress\/wp-content\/uploads\/Reisen\/Madagaskar\/Marie\/Cocktail.jpg 1920w\" sizes=\"auto, (max-width: 1024px) 100vw, 1024px\" \/><\/a><figcaption>Cocktail<\/figcaption><\/figure>\n\n\n\n<p>Vor dem ganzen formalistischen Kram gab es erstmal einen Begr\u00fc\u00dfungscocktail im Restaurant und gleich ein wenig Smalltalk. In der Zwischenzeit wurde unser Gep\u00e4ck in den Bungalow gebracht und nach dem Cocktail wurden sehr schnell die Papiere ausgef\u00fcllt. Anschlie\u00dfend ging es wenige Meter durch die sch\u00f6ne Anlage zu unsrem Bungalow, sch\u00f6n am Strand gelegen, wenn auch etwas erh\u00f6ht, daf\u00fcr aber mit fantastischem Ausblick. Und der Weg zum Strand hinunter war nur wenige Meter entfernt.<\/p>\n\n\n\n<div class=\"wp-block-columns is-layout-flex wp-container-core-columns-is-layout-9d6595d7 wp-block-columns-is-layout-flex\">\n<div class=\"wp-block-column is-layout-flow wp-block-column-is-layout-flow\">\n<figure class=\"wp-block-image size-large\"><a href=\"https:\/\/www.guhalg.com\/wordpress\/wp-content\/uploads\/Reisen\/Madagaskar\/Marie\/Bungalow.jpg\"><img loading=\"lazy\" decoding=\"async\" width=\"1024\" height=\"575\" src=\"https:\/\/www.guhalg.com\/wordpress\/wp-content\/uploads\/Reisen\/Madagaskar\/Marie\/Bungalow-1024x575.jpg\" alt=\"Bungalow\" class=\"wp-image-438\" srcset=\"https:\/\/www.guhalg.com\/wordpress\/wp-content\/uploads\/Reisen\/Madagaskar\/Marie\/Bungalow-1024x575.jpg 1024w, https:\/\/www.guhalg.com\/wordpress\/wp-content\/uploads\/Reisen\/Madagaskar\/Marie\/Bungalow-300x169.jpg 300w, https:\/\/www.guhalg.com\/wordpress\/wp-content\/uploads\/Reisen\/Madagaskar\/Marie\/Bungalow-768x432.jpg 768w, https:\/\/www.guhalg.com\/wordpress\/wp-content\/uploads\/Reisen\/Madagaskar\/Marie\/Bungalow-1536x863.jpg 1536w, https:\/\/www.guhalg.com\/wordpress\/wp-content\/uploads\/Reisen\/Madagaskar\/Marie\/Bungalow.jpg 1920w\" sizes=\"auto, (max-width: 1024px) 100vw, 1024px\" \/><\/a><figcaption>Bungalow<\/figcaption><\/figure>\n<\/div>\n\n\n\n<div class=\"wp-block-column is-layout-flow wp-block-column-is-layout-flow\">\n<figure class=\"wp-block-image size-large\"><a href=\"https:\/\/www.guhalg.com\/wordpress\/wp-content\/uploads\/Reisen\/Madagaskar\/Marie\/Ausblick.jpg\"><img loading=\"lazy\" decoding=\"async\" width=\"1024\" height=\"575\" src=\"https:\/\/www.guhalg.com\/wordpress\/wp-content\/uploads\/Reisen\/Madagaskar\/Marie\/Ausblick-1024x575.jpg\" alt=\"Ausblick\" class=\"wp-image-437\" srcset=\"https:\/\/www.guhalg.com\/wordpress\/wp-content\/uploads\/Reisen\/Madagaskar\/Marie\/Ausblick-1024x575.jpg 1024w, https:\/\/www.guhalg.com\/wordpress\/wp-content\/uploads\/Reisen\/Madagaskar\/Marie\/Ausblick-300x169.jpg 300w, https:\/\/www.guhalg.com\/wordpress\/wp-content\/uploads\/Reisen\/Madagaskar\/Marie\/Ausblick-768x432.jpg 768w, https:\/\/www.guhalg.com\/wordpress\/wp-content\/uploads\/Reisen\/Madagaskar\/Marie\/Ausblick-1536x863.jpg 1536w, https:\/\/www.guhalg.com\/wordpress\/wp-content\/uploads\/Reisen\/Madagaskar\/Marie\/Ausblick.jpg 1920w\" sizes=\"auto, (max-width: 1024px) 100vw, 1024px\" \/><\/a><figcaption>Ausblick<\/figcaption><\/figure>\n<\/div>\n<\/div>\n\n\n\n<p>Nachdem wir die Anlage erkundet hatten, ging es auch gleich an die Planung. Wir wollten tauchen und auf eine Bootstour zum Wal Watching. Das mit dem Tauchen stellte sich dann als etwas schwieriger dar als gedacht. Es gab zu dem Zeitpunkt \u00fcberhaupt nur zwei Anbieter f\u00fcrs Tauchen, aber nur einer hatte auf. Das Resort hat dann bei der Buchung unterst\u00fctzt und wir konnten f\u00fcr den \u00fcbern\u00e4chsten Tag einen Tauchtermin vereinbaren. Somit blieben uns morgen und der Rest von heute, um die Insel zu erkunden.<\/p>\n\n\n\n<p>Vor dem Mittag haben wir die erste Erkundung noch zu Fu\u00df unternommen. Allerdings, so richtig weit kommt man damit nicht und so ging das Ganze nach dem Mittag mit einem kleinen Snack nochmal mit zwei geliehenen Fahrr\u00e4dern aus dem Resort von vorne los.<\/p>\n\n\n\n<p>F\u00fcr eine Insel war es an einigen Stellen ganz sch\u00f6n h\u00fcgelig, aber da die Stra\u00dfe sehr nah am Strand entlangf\u00fchrt, gab es viel wundersch\u00f6ne Natur zu sehen. Als es dann langsam Dunkel wurde, sind wir zum Abendbrot (mit drei G\u00e4nge Men\u00fc) zur\u00fcck, um anschlie\u00dfend den Sonnenuntergang auf unserer Terrasse zu genie\u00dfen.<\/p>\n\n\n\n<div class=\"wp-block-columns is-layout-flex wp-container-core-columns-is-layout-9d6595d7 wp-block-columns-is-layout-flex\">\n<div class=\"wp-block-column is-layout-flow wp-block-column-is-layout-flow\">\n<figure class=\"wp-block-image size-large\"><a href=\"https:\/\/www.guhalg.com\/wordpress\/wp-content\/uploads\/Reisen\/Madagaskar\/Marie\/Strasse.jpg\"><img loading=\"lazy\" decoding=\"async\" width=\"1024\" height=\"575\" src=\"https:\/\/www.guhalg.com\/wordpress\/wp-content\/uploads\/Reisen\/Madagaskar\/Marie\/Strasse-1024x575.jpg\" alt=\"Strasse\" class=\"wp-image-442\" srcset=\"https:\/\/www.guhalg.com\/wordpress\/wp-content\/uploads\/Reisen\/Madagaskar\/Marie\/Strasse-1024x575.jpg 1024w, https:\/\/www.guhalg.com\/wordpress\/wp-content\/uploads\/Reisen\/Madagaskar\/Marie\/Strasse-300x169.jpg 300w, https:\/\/www.guhalg.com\/wordpress\/wp-content\/uploads\/Reisen\/Madagaskar\/Marie\/Strasse-768x432.jpg 768w, https:\/\/www.guhalg.com\/wordpress\/wp-content\/uploads\/Reisen\/Madagaskar\/Marie\/Strasse-1536x863.jpg 1536w, https:\/\/www.guhalg.com\/wordpress\/wp-content\/uploads\/Reisen\/Madagaskar\/Marie\/Strasse.jpg 1920w\" sizes=\"auto, (max-width: 1024px) 100vw, 1024px\" \/><\/a><figcaption>Strasse<\/figcaption><\/figure>\n<\/div>\n\n\n\n<div class=\"wp-block-column is-layout-flow wp-block-column-is-layout-flow\">\n<figure class=\"wp-block-image size-large is-resized\"><a href=\"https:\/\/www.guhalg.com\/wordpress\/wp-content\/uploads\/Reisen\/Madagaskar\/Marie\/Strand.jpg\"><img loading=\"lazy\" decoding=\"async\" src=\"https:\/\/www.guhalg.com\/wordpress\/wp-content\/uploads\/Reisen\/Madagaskar\/Marie\/Strand-1024x575.jpg\" alt=\"Strand\" class=\"wp-image-441\" width=\"259\" height=\"145\" srcset=\"https:\/\/www.guhalg.com\/wordpress\/wp-content\/uploads\/Reisen\/Madagaskar\/Marie\/Strand-1024x575.jpg 1024w, https:\/\/www.guhalg.com\/wordpress\/wp-content\/uploads\/Reisen\/Madagaskar\/Marie\/Strand-300x169.jpg 300w, https:\/\/www.guhalg.com\/wordpress\/wp-content\/uploads\/Reisen\/Madagaskar\/Marie\/Strand-768x432.jpg 768w, https:\/\/www.guhalg.com\/wordpress\/wp-content\/uploads\/Reisen\/Madagaskar\/Marie\/Strand-1536x863.jpg 1536w, https:\/\/www.guhalg.com\/wordpress\/wp-content\/uploads\/Reisen\/Madagaskar\/Marie\/Strand.jpg 1920w\" sizes=\"auto, (max-width: 259px) 100vw, 259px\" \/><\/a><figcaption>Strand &#8211; irgendwo im Norden<\/figcaption><\/figure>\n<\/div>\n\n\n\n<div class=\"wp-block-column is-layout-flow wp-block-column-is-layout-flow\">\n<figure class=\"wp-block-image size-large\"><a href=\"https:\/\/www.guhalg.com\/wordpress\/wp-content\/uploads\/Reisen\/Madagaskar\/Marie\/Sonnenuntergang.jpg\"><img loading=\"lazy\" decoding=\"async\" width=\"1024\" height=\"575\" src=\"https:\/\/www.guhalg.com\/wordpress\/wp-content\/uploads\/Reisen\/Madagaskar\/Marie\/Sonnenuntergang-1024x575.jpg\" alt=\"Sonnenuntergang\" class=\"wp-image-440\" srcset=\"https:\/\/www.guhalg.com\/wordpress\/wp-content\/uploads\/Reisen\/Madagaskar\/Marie\/Sonnenuntergang-1024x575.jpg 1024w, https:\/\/www.guhalg.com\/wordpress\/wp-content\/uploads\/Reisen\/Madagaskar\/Marie\/Sonnenuntergang-300x169.jpg 300w, https:\/\/www.guhalg.com\/wordpress\/wp-content\/uploads\/Reisen\/Madagaskar\/Marie\/Sonnenuntergang-768x432.jpg 768w, https:\/\/www.guhalg.com\/wordpress\/wp-content\/uploads\/Reisen\/Madagaskar\/Marie\/Sonnenuntergang-1536x863.jpg 1536w, https:\/\/www.guhalg.com\/wordpress\/wp-content\/uploads\/Reisen\/Madagaskar\/Marie\/Sonnenuntergang.jpg 1920w\" sizes=\"auto, (max-width: 1024px) 100vw, 1024px\" \/><\/a><figcaption>Sonnenuntergang<\/figcaption><\/figure>\n<\/div>\n<\/div>\n\n\n\n<p>Danach haben wir uns f\u00fcr den n\u00e4chsten Tag noch einen Roller bestellt, um damit die Insel weiter zu erkunden.<\/p>\n\n\n\n<div class=\"wp-block-columns is-layout-flex wp-container-core-columns-is-layout-9d6595d7 wp-block-columns-is-layout-flex\">\n<div class=\"wp-block-column is-layout-flow wp-block-column-is-layout-flow\">\n<div class=\"wp-block-buttons is-layout-flex wp-block-buttons-is-layout-flex\">\n<div class=\"wp-block-button\"><a class=\"wp-block-button__link\" href=\"https:\/\/www.guhalg.com\/wordpress\/?page_id=423\">M\u00e4rkte<\/a><\/div>\n<\/div>\n<\/div>\n\n\n\n<div class=\"wp-block-column is-layout-flow wp-block-column-is-layout-flow\">\n<div class=\"wp-block-buttons is-horizontal is-content-justification-right is-layout-flex wp-container-core-buttons-is-layout-ae2fe186 wp-block-buttons-is-layout-flex\">\n<div class=\"wp-block-button\"><a class=\"wp-block-button__link\" href=\"https:\/\/www.guhalg.com\/wordpress\/?page_id=451\">Ein Inseltag<\/a><\/div>\n<\/div>\n<\/div>\n<\/div>\n","protected":false},"excerpt":{"rendered":"<p>Unsere erste Reise nach Madagaskar war ja zweigeteilt mit einer Woche kurzer Rundreise im Norden und anschlie\u00dfend einer Woche Entspannung mit Tauchen auf einer kleinen vorgelagerten Insel Ile. Sainte Marie (oder auch Nosy Boraha). Wir hatten ein einfaches Hotel gebucht&hellip; <\/p>\n","protected":false},"author":1,"featured_media":0,"parent":279,"menu_order":0,"comment_status":"closed","ping_status":"closed","template":"","meta":{"footnotes":""},"class_list":["post-445","page","type-page","status-publish","hentry"],"_links":{"self":[{"href":"https:\/\/www.guhalg.com\/wordpress\/index.php?rest_route=\/wp\/v2\/pages\/445","targetHints":{"allow":["GET"]}}],"collection":[{"href":"https:\/\/www.guhalg.com\/wordpress\/index.php?rest_route=\/wp\/v2\/pages"}],"about":[{"href":"https:\/\/www.guhalg.com\/wordpress\/index.php?rest_route=\/wp\/v2\/types\/page"}],"author":[{"embeddable":true,"href":"https:\/\/www.guhalg.com\/wordpress\/index.php?rest_route=\/wp\/v2\/users\/1"}],"replies":[{"embeddable":true,"href":"https:\/\/www.guhalg.com\/wordpress\/index.php?rest_route=%2Fwp%2Fv2%2Fcomments&post=445"}],"version-history":[{"count":7,"href":"https:\/\/www.guhalg.com\/wordpress\/index.php?rest_route=\/wp\/v2\/pages\/445\/revisions"}],"predecessor-version":[{"id":7862,"href":"https:\/\/www.guhalg.com\/wordpress\/index.php?rest_route=\/wp\/v2\/pages\/445\/revisions\/7862"}],"up":[{"embeddable":true,"href":"https:\/\/www.guhalg.com\/wordpress\/index.php?rest_route=\/wp\/v2\/pages\/279"}],"wp:attachment":[{"href":"https:\/\/www.guhalg.com\/wordpress\/index.php?rest_route=%2Fwp%2Fv2%2Fmedia&parent=445"}],"curies":[{"name":"wp","href":"https:\/\/api.w.org\/{rel}","templated":true}]}}