{"id":4491,"date":"2021-12-07T21:06:42","date_gmt":"2021-12-07T20:06:42","guid":{"rendered":"https:\/\/www.guhalg.com\/wordpress\/?page_id=4491"},"modified":"2022-02-08T21:54:22","modified_gmt":"2022-02-08T20:54:22","slug":"ankunft-in-tofo","status":"publish","type":"page","link":"https:\/\/www.guhalg.com\/wordpress\/?page_id=4491","title":{"rendered":"Ankunft in Tofo"},"content":{"rendered":"\n<p>Nach einem kurzen Flug sind wir in Inhambane in Mosambik gelandet und auf ging es \u00fcber das Rollfeld zum Flughafen und zur Abfertigung.<\/p>\n\n\n\n<div class=\"wp-block-columns is-layout-flex wp-container-core-columns-is-layout-9d6595d7 wp-block-columns-is-layout-flex\">\n<div class=\"wp-block-column is-layout-flow wp-block-column-is-layout-flow\">\n<div class=\"wp-block-image\"><figure class=\"aligncenter size-full\"><a href=\"https:\/\/www.guhalg.com\/wordpress\/wp-content\/uploads\/Reisen\/2011 Afrika\/Tofo\/Mozambik_002.jpg\"><img loading=\"lazy\" decoding=\"async\" width=\"1024\" height=\"575\" src=\"https:\/\/www.guhalg.com\/wordpress\/wp-content\/uploads\/Reisen\/2011 Afrika\/Tofo\/Mozambik_002.jpg\" alt=\"Ankunft\" class=\"wp-image-4501\" srcset=\"https:\/\/www.guhalg.com\/wordpress\/wp-content\/uploads\/Reisen\/2011%20Afrika\/Tofo\/Mozambik_002.jpg 1024w, https:\/\/www.guhalg.com\/wordpress\/wp-content\/uploads\/Reisen\/2011%20Afrika\/Tofo\/Mozambik_002-300x168.jpg 300w, https:\/\/www.guhalg.com\/wordpress\/wp-content\/uploads\/Reisen\/2011%20Afrika\/Tofo\/Mozambik_002-768x431.jpg 768w\" sizes=\"auto, (max-width: 1024px) 100vw, 1024px\" \/><\/a><figcaption>Ankunft<\/figcaption><\/figure><\/div>\n<\/div>\n\n\n\n<div class=\"wp-block-column is-layout-flow wp-block-column-is-layout-flow\">\n<div class=\"wp-block-image\"><figure class=\"aligncenter size-full\"><a href=\"https:\/\/www.guhalg.com\/wordpress\/wp-content\/uploads\/Reisen\/2011 Afrika\/Tofo\/Mozambik_001.jpg\"><img loading=\"lazy\" decoding=\"async\" width=\"1024\" height=\"575\" src=\"https:\/\/www.guhalg.com\/wordpress\/wp-content\/uploads\/Reisen\/2011 Afrika\/Tofo\/Mozambik_001.jpg\" alt=\"Das Flughafengeb\u00e4ude\" class=\"wp-image-4500\" srcset=\"https:\/\/www.guhalg.com\/wordpress\/wp-content\/uploads\/Reisen\/2011%20Afrika\/Tofo\/Mozambik_001.jpg 1024w, https:\/\/www.guhalg.com\/wordpress\/wp-content\/uploads\/Reisen\/2011%20Afrika\/Tofo\/Mozambik_001-300x168.jpg 300w, https:\/\/www.guhalg.com\/wordpress\/wp-content\/uploads\/Reisen\/2011%20Afrika\/Tofo\/Mozambik_001-768x431.jpg 768w\" sizes=\"auto, (max-width: 1024px) 100vw, 1024px\" \/><\/a><figcaption>Das Flughafengeb\u00e4ude<\/figcaption><\/figure><\/div>\n<\/div>\n<\/div>\n\n\n\n<p>Dort mussten wir eine Weile f\u00fcr die Einreise zu warten. Einer der beiden Drucker am Tresen hatte einen Papierstau und so konnte das Einreisevisum nicht gedruckt werden und ohne Visum keine Einreise. Doch nach der Hilfe eines Gastes ging es auch hier weiter. Im Vorfeld hatten wir ja noch Stress mit der notwendigen Gelbfieberimpfung gehabt. Schaut man sich die Einreisebestimmungen an, so ist diese Impfung bei Einreise aus Deutschland nicht notwendig. Sie ist nur zwingend vorgeschrieben, wenn man aus einem Gelbfiebergebiet einreist. Da S\u00fcdafrika kein Gelbfiebergebiet ist, brauchten wir also keine Impfung. Das war aber leider ein Trugschluss, da f\u00fcr Mosambik bei Einreise aus einem afrikanischen Land, egal ob Gelbfieberland oder nicht, diese Impfung zwingend vorgeschrieben ist. Diese darf und wird in Deutschland nur von zertifizierten \u00c4rzten durchgef\u00fchrt. Da hatten wir im Vorfeld quasi in letzter Minute, n\u00e4mlich zwei Wochen vor Abreise, noch einen Termin beim Amtsarzt bekommen und dann wollte bei der Einreise nach Mosambik keiner unsere sch\u00f6ne Impfbest\u00e4tigung sehen. Was soll&#8217;s, f\u00fcr die n\u00e4chsten zehn Jahre sind wir jetzt ger\u00fcstet. Am Flughafen wurden wir abgeholt und in unsere kleine Unterkunft gebracht, einem kleinen Privathaus, neu genutzt als G\u00e4stehaus.<\/p>\n\n\n\n<div class=\"wp-block-image\"><figure class=\"aligncenter size-full\"><a href=\"https:\/\/www.guhalg.com\/wordpress\/wp-content\/uploads\/Reisen\/2011 Afrika\/Tofo\/Mozambik_017.jpg\"><img loading=\"lazy\" decoding=\"async\" width=\"1024\" height=\"575\" src=\"https:\/\/www.guhalg.com\/wordpress\/wp-content\/uploads\/Reisen\/2011 Afrika\/Tofo\/Mozambik_017.jpg\" alt=\"private Unterkunft\" class=\"wp-image-4507\" srcset=\"https:\/\/www.guhalg.com\/wordpress\/wp-content\/uploads\/Reisen\/2011%20Afrika\/Tofo\/Mozambik_017.jpg 1024w, https:\/\/www.guhalg.com\/wordpress\/wp-content\/uploads\/Reisen\/2011%20Afrika\/Tofo\/Mozambik_017-300x168.jpg 300w, https:\/\/www.guhalg.com\/wordpress\/wp-content\/uploads\/Reisen\/2011%20Afrika\/Tofo\/Mozambik_017-768x431.jpg 768w\" sizes=\"auto, (max-width: 1024px) 100vw, 1024px\" \/><\/a><figcaption>private Unterkunft<\/figcaption><\/figure><\/div>\n\n\n\n<div class=\"wp-block-image\"><figure class=\"aligncenter size-full\"><a href=\"https:\/\/www.guhalg.com\/wordpress\/wp-content\/uploads\/Reisen\/2011 Afrika\/Tofo\/Mozambik_019.jpg\"><img loading=\"lazy\" decoding=\"async\" width=\"1024\" height=\"575\" src=\"https:\/\/www.guhalg.com\/wordpress\/wp-content\/uploads\/Reisen\/2011 Afrika\/Tofo\/Mozambik_019.jpg\" alt=\"Living Room\" class=\"wp-image-4509\" srcset=\"https:\/\/www.guhalg.com\/wordpress\/wp-content\/uploads\/Reisen\/2011%20Afrika\/Tofo\/Mozambik_019.jpg 1024w, https:\/\/www.guhalg.com\/wordpress\/wp-content\/uploads\/Reisen\/2011%20Afrika\/Tofo\/Mozambik_019-300x168.jpg 300w, https:\/\/www.guhalg.com\/wordpress\/wp-content\/uploads\/Reisen\/2011%20Afrika\/Tofo\/Mozambik_019-768x431.jpg 768w\" sizes=\"auto, (max-width: 1024px) 100vw, 1024px\" \/><\/a><figcaption>Living Room<\/figcaption><\/figure><\/div>\n\n\n\n<p>Schon der Eingang versprach Gem\u00fctlichkeit und auch der Aufenthaltsraum stand dem in nichts nach. Dazu gab es dann auch eine kleine K\u00fcche und nat\u00fcrlich den Au\u00dfenbereich mit Liegen und dem Blick zum Strand. <\/p>\n\n\n\n<div class=\"wp-block-image\"><figure class=\"aligncenter size-full\"><a href=\"https:\/\/www.guhalg.com\/wordpress\/wp-content\/uploads\/Reisen\/2011 Afrika\/Tofo\/Mozambik_020.jpg\"><img loading=\"lazy\" decoding=\"async\" width=\"1024\" height=\"575\" src=\"https:\/\/www.guhalg.com\/wordpress\/wp-content\/uploads\/Reisen\/2011 Afrika\/Tofo\/Mozambik_020.jpg\" alt=\"Die K\u00fcche\" class=\"wp-image-4510\" srcset=\"https:\/\/www.guhalg.com\/wordpress\/wp-content\/uploads\/Reisen\/2011%20Afrika\/Tofo\/Mozambik_020.jpg 1024w, https:\/\/www.guhalg.com\/wordpress\/wp-content\/uploads\/Reisen\/2011%20Afrika\/Tofo\/Mozambik_020-300x168.jpg 300w, https:\/\/www.guhalg.com\/wordpress\/wp-content\/uploads\/Reisen\/2011%20Afrika\/Tofo\/Mozambik_020-768x431.jpg 768w\" sizes=\"auto, (max-width: 1024px) 100vw, 1024px\" \/><\/a><figcaption>Die K\u00fcche<\/figcaption><\/figure><\/div>\n\n\n\n<div class=\"wp-block-image\"><figure class=\"aligncenter size-full\"><a href=\"https:\/\/www.guhalg.com\/wordpress\/wp-content\/uploads\/Reisen\/2011 Afrika\/Tofo\/Mozambik_018.jpg\"><img loading=\"lazy\" decoding=\"async\" width=\"1024\" height=\"575\" src=\"https:\/\/www.guhalg.com\/wordpress\/wp-content\/uploads\/Reisen\/2011 Afrika\/Tofo\/Mozambik_018.jpg\" alt=\"Die Terrasse\" class=\"wp-image-4508\" srcset=\"https:\/\/www.guhalg.com\/wordpress\/wp-content\/uploads\/Reisen\/2011%20Afrika\/Tofo\/Mozambik_018.jpg 1024w, https:\/\/www.guhalg.com\/wordpress\/wp-content\/uploads\/Reisen\/2011%20Afrika\/Tofo\/Mozambik_018-300x168.jpg 300w, https:\/\/www.guhalg.com\/wordpress\/wp-content\/uploads\/Reisen\/2011%20Afrika\/Tofo\/Mozambik_018-768x431.jpg 768w\" sizes=\"auto, (max-width: 1024px) 100vw, 1024px\" \/><\/a><figcaption>Die Terrasse<\/figcaption><\/figure><\/div>\n\n\n\n<div class=\"wp-block-image\"><figure class=\"aligncenter size-large\"><a href=\"https:\/\/www.guhalg.com\/wordpress\/wp-content\/uploads\/Reisen\/2011 Afrika\/Tofo\/Mozambik_003.jpg\"><img loading=\"lazy\" decoding=\"async\" width=\"1024\" height=\"575\" src=\"https:\/\/www.guhalg.com\/wordpress\/wp-content\/uploads\/Reisen\/2011 Afrika\/Tofo\/Mozambik_003-1024x575.jpg\" alt=\"Blick zum Strand\" class=\"wp-image-4502\" srcset=\"https:\/\/www.guhalg.com\/wordpress\/wp-content\/uploads\/Reisen\/2011%20Afrika\/Tofo\/Mozambik_003-1024x575.jpg 1024w, https:\/\/www.guhalg.com\/wordpress\/wp-content\/uploads\/Reisen\/2011%20Afrika\/Tofo\/Mozambik_003-300x169.jpg 300w, https:\/\/www.guhalg.com\/wordpress\/wp-content\/uploads\/Reisen\/2011%20Afrika\/Tofo\/Mozambik_003-768x431.jpg 768w, https:\/\/www.guhalg.com\/wordpress\/wp-content\/uploads\/Reisen\/2011%20Afrika\/Tofo\/Mozambik_003.jpg 1280w\" sizes=\"auto, (max-width: 1024px) 100vw, 1024px\" \/><\/a><figcaption>Blick zum Strand<\/figcaption><\/figure><\/div>\n\n\n\n<p>Das war auf alle F\u00e4lle schon mal ein guter Start f\u00fcr den zweiten Teil der Reise. Nach einer frischen Dusche ging es auch gleich los, den Ort zu erkunden. Dieser ist allerdings keine typische Ortschaft f\u00fcr Mosambik, sondern eher als Touristenzentrum zu sehen. Alleine die H\u00e4user aus Stein sind untypisch f\u00fcr ein Dorf und eher ein Zeichen einer Stadt, daf\u00fcr sind aber alle Stra\u00dfen aus Sand und teilweise nur mit Allrad befahrbar. Hier mal ein paar typische Bilder:<\/p>\n\n\n\n<div class=\"wp-block-columns is-layout-flex wp-container-core-columns-is-layout-9d6595d7 wp-block-columns-is-layout-flex\">\n<div class=\"wp-block-column is-layout-flow wp-block-column-is-layout-flow\">\n<div class=\"wp-block-image\"><figure class=\"aligncenter size-full\"><a href=\"https:\/\/www.guhalg.com\/wordpress\/wp-content\/uploads\/Reisen\/2011 Afrika\/Tofo\/Mozambik_006.jpg\"><img loading=\"lazy\" decoding=\"async\" width=\"1024\" height=\"575\" src=\"https:\/\/www.guhalg.com\/wordpress\/wp-content\/uploads\/Reisen\/2011 Afrika\/Tofo\/Mozambik_006.jpg\" alt=\"eine Strasse\" class=\"wp-image-4504\" srcset=\"https:\/\/www.guhalg.com\/wordpress\/wp-content\/uploads\/Reisen\/2011%20Afrika\/Tofo\/Mozambik_006.jpg 1024w, https:\/\/www.guhalg.com\/wordpress\/wp-content\/uploads\/Reisen\/2011%20Afrika\/Tofo\/Mozambik_006-300x168.jpg 300w, https:\/\/www.guhalg.com\/wordpress\/wp-content\/uploads\/Reisen\/2011%20Afrika\/Tofo\/Mozambik_006-768x431.jpg 768w\" sizes=\"auto, (max-width: 1024px) 100vw, 1024px\" \/><\/a><figcaption>Blick zum Strand<\/figcaption><\/figure><\/div>\n<\/div>\n\n\n\n<div class=\"wp-block-column is-layout-flow wp-block-column-is-layout-flow\">\n<div class=\"wp-block-image\"><figure class=\"aligncenter size-full\"><a href=\"https:\/\/www.guhalg.com\/wordpress\/wp-content\/uploads\/Reisen\/2011 Afrika\/Tofo\/Mozambik_013.jpg\"><img loading=\"lazy\" decoding=\"async\" width=\"1024\" height=\"575\" src=\"https:\/\/www.guhalg.com\/wordpress\/wp-content\/uploads\/Reisen\/2011 Afrika\/Tofo\/Mozambik_013.jpg\" alt=\"schon spezieller\" class=\"wp-image-4506\" srcset=\"https:\/\/www.guhalg.com\/wordpress\/wp-content\/uploads\/Reisen\/2011%20Afrika\/Tofo\/Mozambik_013.jpg 1024w, https:\/\/www.guhalg.com\/wordpress\/wp-content\/uploads\/Reisen\/2011%20Afrika\/Tofo\/Mozambik_013-300x168.jpg 300w, https:\/\/www.guhalg.com\/wordpress\/wp-content\/uploads\/Reisen\/2011%20Afrika\/Tofo\/Mozambik_013-768x431.jpg 768w\" sizes=\"auto, (max-width: 1024px) 100vw, 1024px\" \/><\/a><figcaption>schon spezieller<\/figcaption><\/figure><\/div>\n<\/div>\n\n\n\n<div class=\"wp-block-column is-layout-flow wp-block-column-is-layout-flow\">\n<div class=\"wp-block-image\"><figure class=\"aligncenter size-full\"><a href=\"https:\/\/www.guhalg.com\/wordpress\/wp-content\/uploads\/Reisen\/2011 Afrika\/Tofo\/Mozambik_007.jpg\"><img loading=\"lazy\" decoding=\"async\" width=\"1024\" height=\"575\" src=\"https:\/\/www.guhalg.com\/wordpress\/wp-content\/uploads\/Reisen\/2011 Afrika\/Tofo\/Mozambik_007.jpg\" alt=\"und Richtung Strand\" class=\"wp-image-4505\" srcset=\"https:\/\/www.guhalg.com\/wordpress\/wp-content\/uploads\/Reisen\/2011%20Afrika\/Tofo\/Mozambik_007.jpg 1024w, https:\/\/www.guhalg.com\/wordpress\/wp-content\/uploads\/Reisen\/2011%20Afrika\/Tofo\/Mozambik_007-300x168.jpg 300w, https:\/\/www.guhalg.com\/wordpress\/wp-content\/uploads\/Reisen\/2011%20Afrika\/Tofo\/Mozambik_007-768x431.jpg 768w\" sizes=\"auto, (max-width: 1024px) 100vw, 1024px\" \/><\/a><figcaption>und Richtung Strand<\/figcaption><\/figure><\/div>\n<\/div>\n<\/div>\n\n\n\n<p>\u00dcbrigens, der Gel\u00e4ndewagen geh\u00f6rt zur Tauchbasis, ebenso wie das Boot im mittleren Bild. Und damit w\u00e4ren wir dann auch schon bei der Freizeitgestaltung in Tofo. Nat\u00fcrlich tauchen, allerdings bei Preisen von gut 50,- \u20ac pro Tauchgang sind das pro Tag dann 200,- \u20ac f\u00fcr zwei Personen. Da taucht man dann nur noch einmal am Tag. Aber es gab ja auch noch reiten (f\u00fcr Chrischi), gef\u00fchrte und eigenst\u00e4ndige Wanderungen, relaxen und das Spielen und Erziehen einer kleinen Katze.<\/p>\n\n\n\n<div class=\"wp-block-columns is-layout-flex wp-container-core-columns-is-layout-9d6595d7 wp-block-columns-is-layout-flex\">\n<div class=\"wp-block-column is-layout-flow wp-block-column-is-layout-flow\">\n<div class=\"wp-block-buttons is-layout-flex wp-block-buttons-is-layout-flex\">\n<div class=\"wp-block-button\"><a class=\"wp-block-button__link\" href=\"https:\/\/www.guhalg.com\/wordpress\/?page_id=4416\">Casa Do Sol<\/a><\/div>\n<\/div>\n<\/div>\n\n\n\n<div class=\"wp-block-column is-layout-flow wp-block-column-is-layout-flow\">\n<div class=\"wp-block-buttons is-horizontal is-content-justification-right is-layout-flex wp-container-core-buttons-is-layout-ae2fe186 wp-block-buttons-is-layout-flex\">\n<div class=\"wp-block-button\"><a class=\"wp-block-button__link\" href=\"https:\/\/www.guhalg.com\/wordpress\/?page_id=4562\">Die Katze<\/a><\/div>\n<\/div>\n<\/div>\n<\/div>\n","protected":false},"excerpt":{"rendered":"<p>Nach einem kurzen Flug sind wir in Inhambane in Mosambik gelandet und auf ging es \u00fcber das Rollfeld zum Flughafen und zur Abfertigung. Dort mussten wir eine Weile f\u00fcr die Einreise zu warten. Einer der beiden Drucker am Tresen hatte&hellip; <\/p>\n","protected":false},"author":1,"featured_media":0,"parent":4189,"menu_order":11,"comment_status":"closed","ping_status":"closed","template":"","meta":{"footnotes":""},"class_list":["post-4491","page","type-page","status-publish","hentry"],"_links":{"self":[{"href":"https:\/\/www.guhalg.com\/wordpress\/index.php?rest_route=\/wp\/v2\/pages\/4491","targetHints":{"allow":["GET"]}}],"collection":[{"href":"https:\/\/www.guhalg.com\/wordpress\/index.php?rest_route=\/wp\/v2\/pages"}],"about":[{"href":"https:\/\/www.guhalg.com\/wordpress\/index.php?rest_route=\/wp\/v2\/types\/page"}],"author":[{"embeddable":true,"href":"https:\/\/www.guhalg.com\/wordpress\/index.php?rest_route=\/wp\/v2\/users\/1"}],"replies":[{"embeddable":true,"href":"https:\/\/www.guhalg.com\/wordpress\/index.php?rest_route=%2Fwp%2Fv2%2Fcomments&post=4491"}],"version-history":[{"count":11,"href":"https:\/\/www.guhalg.com\/wordpress\/index.php?rest_route=\/wp\/v2\/pages\/4491\/revisions"}],"predecessor-version":[{"id":7837,"href":"https:\/\/www.guhalg.com\/wordpress\/index.php?rest_route=\/wp\/v2\/pages\/4491\/revisions\/7837"}],"up":[{"embeddable":true,"href":"https:\/\/www.guhalg.com\/wordpress\/index.php?rest_route=\/wp\/v2\/pages\/4189"}],"wp:attachment":[{"href":"https:\/\/www.guhalg.com\/wordpress\/index.php?rest_route=%2Fwp%2Fv2%2Fmedia&parent=4491"}],"curies":[{"name":"wp","href":"https:\/\/api.w.org\/{rel}","templated":true}]}}