{"id":451,"date":"2021-11-03T18:30:25","date_gmt":"2021-11-03T17:30:25","guid":{"rendered":"https:\/\/www.guhalg.com\/wordpress\/?page_id=451"},"modified":"2022-02-08T22:53:36","modified_gmt":"2022-02-08T21:53:36","slug":"madagaskar-ein-inseltag","status":"publish","type":"page","link":"https:\/\/www.guhalg.com\/wordpress\/?page_id=451","title":{"rendered":"Ein Tag \u00fcber die Insel"},"content":{"rendered":"\n<p>Der Roller wurde p\u00fcnktlich morgens zum Resort gebracht und nach etwas Papierkram an uns \u00fcbergeben. Schnell noch ein paar Sachen f\u00fcr den Tag einpacken und es konnte losgehen.<\/p>\n\n\n\n<p>Wir hatten uns schon im Vorfeld ein wenig mit der Insel besch\u00e4ftigt und Chrischi hatte wegen der Ausflugsziele auch nochmal im Resort einige Informationen eingeholt. Eigentlich lief es darauf hinaus, dass man mit dem Roller einmal zum anderen Ende der Insel fahren kann, um sich die Landebahn am Flughafen anzusehen und sich anschlie\u00dfend auf die kleine vorgelagerte Insel Ile aux Nattes bringen zu lassen. Wer will, kann sich dann noch den Piratenfriedhof anschauen und f\u00e4hrt danach wieder in seine Unterkunft. Klingt jetzt ja nicht so wirklich aufregend oder spektakul\u00e4r \u2013 aber lassen wir uns \u00fcberraschen.<\/p>\n\n\n\n<p>Als erstes verw\u00f6hnte uns die Insel am Vormittag mit ihrem milden, warmen Wetter. Auf dem Roller kommt noch der leicht k\u00fchle Fahrtwind dazu, perfekt f\u00fcr eine Erkundung. Sofern man etwas langsamer unterwegs ist, und das bietet sich ja im Urlaub auf einer kleinen Insel auch an (mit knapp 60 km L\u00e4nge und 2\u20136 km Breite), sieht man auch so nette Beigaben wie diesen Fluss mit dem Wasserlauf.<\/p>\n\n\n\n<div class=\"wp-block-columns is-layout-flex wp-container-core-columns-is-layout-9d6595d7 wp-block-columns-is-layout-flex\">\n<div class=\"wp-block-column is-layout-flow wp-block-column-is-layout-flow\">\n<figure class=\"wp-block-image size-large\"><a href=\"https:\/\/www.guhalg.com\/wordpress\/wp-content\/uploads\/Reisen\/Madagaskar\/Marie\/Wasserlauf1.jpg\"><img loading=\"lazy\" decoding=\"async\" width=\"1024\" height=\"575\" src=\"https:\/\/www.guhalg.com\/wordpress\/wp-content\/uploads\/Reisen\/Madagaskar\/Marie\/Wasserlauf1-1024x575.jpg\" alt=\"Wasserlauf\" class=\"wp-image-443\" srcset=\"https:\/\/www.guhalg.com\/wordpress\/wp-content\/uploads\/Reisen\/Madagaskar\/Marie\/Wasserlauf1-1024x575.jpg 1024w, https:\/\/www.guhalg.com\/wordpress\/wp-content\/uploads\/Reisen\/Madagaskar\/Marie\/Wasserlauf1-300x169.jpg 300w, https:\/\/www.guhalg.com\/wordpress\/wp-content\/uploads\/Reisen\/Madagaskar\/Marie\/Wasserlauf1-768x432.jpg 768w, https:\/\/www.guhalg.com\/wordpress\/wp-content\/uploads\/Reisen\/Madagaskar\/Marie\/Wasserlauf1-1536x863.jpg 1536w, https:\/\/www.guhalg.com\/wordpress\/wp-content\/uploads\/Reisen\/Madagaskar\/Marie\/Wasserlauf1.jpg 1920w\" sizes=\"auto, (max-width: 1024px) 100vw, 1024px\" \/><\/a><figcaption>Wasserlauf etwas in den Bergen<\/figcaption><\/figure>\n<\/div>\n\n\n\n<div class=\"wp-block-column is-layout-flow wp-block-column-is-layout-flow\">\n<figure class=\"wp-block-image size-large\"><a href=\"https:\/\/www.guhalg.com\/wordpress\/wp-content\/uploads\/Reisen\/Madagaskar\/Marie\/Wasserlauf2.jpg\"><img loading=\"lazy\" decoding=\"async\" width=\"1024\" height=\"575\" src=\"https:\/\/www.guhalg.com\/wordpress\/wp-content\/uploads\/Reisen\/Madagaskar\/Marie\/Wasserlauf2-1024x575.jpg\" alt=\"Wasserlauf\" class=\"wp-image-444\" srcset=\"https:\/\/www.guhalg.com\/wordpress\/wp-content\/uploads\/Reisen\/Madagaskar\/Marie\/Wasserlauf2-1024x575.jpg 1024w, https:\/\/www.guhalg.com\/wordpress\/wp-content\/uploads\/Reisen\/Madagaskar\/Marie\/Wasserlauf2-300x169.jpg 300w, https:\/\/www.guhalg.com\/wordpress\/wp-content\/uploads\/Reisen\/Madagaskar\/Marie\/Wasserlauf2-768x432.jpg 768w, https:\/\/www.guhalg.com\/wordpress\/wp-content\/uploads\/Reisen\/Madagaskar\/Marie\/Wasserlauf2-1536x863.jpg 1536w, https:\/\/www.guhalg.com\/wordpress\/wp-content\/uploads\/Reisen\/Madagaskar\/Marie\/Wasserlauf2.jpg 1920w\" sizes=\"auto, (max-width: 1024px) 100vw, 1024px\" \/><\/a><figcaption>Wasserlauf kurz vor dem Meer<\/figcaption><\/figure>\n<\/div>\n<\/div>\n\n\n\n<p>Wir sind quasi auf der Stra\u00dfe direkt daran vorbeigefahren und mussten nur am Stra\u00dfenrand halten, um diesen Ausblick zu genie\u00dfen. Anschlie\u00dfend ging es weiter in die Hauptstadt Ambodifotatra. Dort fiel uns ein Schild auf, dass auf einen kleinen Zoo \/ Tierpark \/ Botanischen Garten in der Hauptstadt hinwies. Nun ja, wir sind die Hauptstra\u00dfe dann mehrfach rauf- und runtergefahren, bis wir ihn endlich gefunden hatten \u2013 leider geschlossen. Ein Hinweisschild mit den \u00d6ffnungszeiten konnten wir bedauerlicherweise nicht entdecken, aber auf einer kleinen Bank in der N\u00e4he sa\u00df aber ein junger Mann, den haben wir nach den \u00d6ffnungszeiten gefragt. Dabei stellte sich heraus, dass es der heutige Ranger f\u00fcr diesen Park war, der gerade sein Mittagessen einnahm und bevor wir irgendwie gro\u00df reagieren konnten wurde der Park auch schon f\u00fcr uns aufgeschlossen und wir zu einem Besuch eingeladen. Mit seiner pers\u00f6nlichen F\u00fchrung gab es dort auch total viel zu sehen. Angefangen bei den einheimischen Fr\u00f6schen, Schlangen, der Stabschrecke, ja, dass was unser Guide hier in der Hand h\u00e4lt ist eine Stabschrecke und kein Ast, bis hin zur Strahlenschildkr\u00f6te, hier explizit das Muster auf dem Panzer.<\/p>\n\n\n\n<div class=\"wp-block-columns is-layout-flex wp-container-core-columns-is-layout-9d6595d7 wp-block-columns-is-layout-flex\">\n<div class=\"wp-block-column is-layout-flow wp-block-column-is-layout-flow\">\n<figure class=\"wp-block-image size-large\"><a href=\"https:\/\/www.guhalg.com\/wordpress\/wp-content\/uploads\/Reisen\/Madagaskar\/Park_Marie\/Frosch.jpg\"><img loading=\"lazy\" decoding=\"async\" width=\"1024\" height=\"575\" src=\"https:\/\/www.guhalg.com\/wordpress\/wp-content\/uploads\/Reisen\/Madagaskar\/Park_Marie\/Frosch-1024x575.jpg\" alt=\"Frosch\" class=\"wp-image-458\" srcset=\"https:\/\/www.guhalg.com\/wordpress\/wp-content\/uploads\/Reisen\/Madagaskar\/Park_Marie\/Frosch-1024x575.jpg 1024w, https:\/\/www.guhalg.com\/wordpress\/wp-content\/uploads\/Reisen\/Madagaskar\/Park_Marie\/Frosch-300x169.jpg 300w, https:\/\/www.guhalg.com\/wordpress\/wp-content\/uploads\/Reisen\/Madagaskar\/Park_Marie\/Frosch-768x432.jpg 768w, https:\/\/www.guhalg.com\/wordpress\/wp-content\/uploads\/Reisen\/Madagaskar\/Park_Marie\/Frosch-1536x863.jpg 1536w, https:\/\/www.guhalg.com\/wordpress\/wp-content\/uploads\/Reisen\/Madagaskar\/Park_Marie\/Frosch.jpg 1920w\" sizes=\"auto, (max-width: 1024px) 100vw, 1024px\" \/><\/a><figcaption>Frosch<\/figcaption><\/figure>\n<\/div>\n\n\n\n<div class=\"wp-block-column is-layout-flow wp-block-column-is-layout-flow\">\n<figure class=\"wp-block-image size-large\"><a href=\"https:\/\/www.guhalg.com\/wordpress\/wp-content\/uploads\/Reisen\/Madagaskar\/Park_Marie\/Schlange.jpg\"><img loading=\"lazy\" decoding=\"async\" width=\"1024\" height=\"575\" src=\"https:\/\/www.guhalg.com\/wordpress\/wp-content\/uploads\/Reisen\/Madagaskar\/Park_Marie\/Schlange-1024x575.jpg\" alt=\"Schlange\" class=\"wp-image-460\" srcset=\"https:\/\/www.guhalg.com\/wordpress\/wp-content\/uploads\/Reisen\/Madagaskar\/Park_Marie\/Schlange-1024x575.jpg 1024w, https:\/\/www.guhalg.com\/wordpress\/wp-content\/uploads\/Reisen\/Madagaskar\/Park_Marie\/Schlange-300x169.jpg 300w, https:\/\/www.guhalg.com\/wordpress\/wp-content\/uploads\/Reisen\/Madagaskar\/Park_Marie\/Schlange-768x432.jpg 768w, https:\/\/www.guhalg.com\/wordpress\/wp-content\/uploads\/Reisen\/Madagaskar\/Park_Marie\/Schlange-1536x863.jpg 1536w, https:\/\/www.guhalg.com\/wordpress\/wp-content\/uploads\/Reisen\/Madagaskar\/Park_Marie\/Schlange.jpg 1920w\" sizes=\"auto, (max-width: 1024px) 100vw, 1024px\" \/><\/a><figcaption>Schlange<\/figcaption><\/figure>\n<\/div>\n<\/div>\n\n\n\n<div class=\"wp-block-columns is-layout-flex wp-container-core-columns-is-layout-9d6595d7 wp-block-columns-is-layout-flex\">\n<div class=\"wp-block-column is-layout-flow wp-block-column-is-layout-flow\">\n<figure class=\"wp-block-image size-large\"><a href=\"https:\/\/www.guhalg.com\/wordpress\/wp-content\/uploads\/Reisen\/Madagaskar\/Park_Marie\/Stabschrecke.jpg\"><img loading=\"lazy\" decoding=\"async\" width=\"1024\" height=\"575\" src=\"https:\/\/www.guhalg.com\/wordpress\/wp-content\/uploads\/Reisen\/Madagaskar\/Park_Marie\/Stabschrecke-1024x575.jpg\" alt=\"Stabschrecke\" class=\"wp-image-463\" srcset=\"https:\/\/www.guhalg.com\/wordpress\/wp-content\/uploads\/Reisen\/Madagaskar\/Park_Marie\/Stabschrecke-1024x575.jpg 1024w, https:\/\/www.guhalg.com\/wordpress\/wp-content\/uploads\/Reisen\/Madagaskar\/Park_Marie\/Stabschrecke-300x169.jpg 300w, https:\/\/www.guhalg.com\/wordpress\/wp-content\/uploads\/Reisen\/Madagaskar\/Park_Marie\/Stabschrecke-768x432.jpg 768w, https:\/\/www.guhalg.com\/wordpress\/wp-content\/uploads\/Reisen\/Madagaskar\/Park_Marie\/Stabschrecke-1536x863.jpg 1536w, https:\/\/www.guhalg.com\/wordpress\/wp-content\/uploads\/Reisen\/Madagaskar\/Park_Marie\/Stabschrecke.jpg 1920w\" sizes=\"auto, (max-width: 1024px) 100vw, 1024px\" \/><\/a><figcaption>Stabschrecke<\/figcaption><\/figure>\n<\/div>\n\n\n\n<div class=\"wp-block-column is-layout-flow wp-block-column-is-layout-flow\">\n<figure class=\"wp-block-image size-large\"><a href=\"https:\/\/www.guhalg.com\/wordpress\/wp-content\/uploads\/Reisen\/Madagaskar\/Park_Marie\/Strahlenschildkr\u00f6te.jpg\"><img loading=\"lazy\" decoding=\"async\" width=\"1024\" height=\"575\" src=\"https:\/\/www.guhalg.com\/wordpress\/wp-content\/uploads\/Reisen\/Madagaskar\/Park_Marie\/Strahlenschildkr\u00f6te-1024x575.jpg\" alt=\"Strahlenschildkr\u00f6te\" class=\"wp-image-464\" srcset=\"https:\/\/www.guhalg.com\/wordpress\/wp-content\/uploads\/Reisen\/Madagaskar\/Park_Marie\/Strahlenschildkr\u00f6te-1024x575.jpg 1024w, https:\/\/www.guhalg.com\/wordpress\/wp-content\/uploads\/Reisen\/Madagaskar\/Park_Marie\/Strahlenschildkr\u00f6te-300x169.jpg 300w, https:\/\/www.guhalg.com\/wordpress\/wp-content\/uploads\/Reisen\/Madagaskar\/Park_Marie\/Strahlenschildkr\u00f6te-768x432.jpg 768w, https:\/\/www.guhalg.com\/wordpress\/wp-content\/uploads\/Reisen\/Madagaskar\/Park_Marie\/Strahlenschildkr\u00f6te-1536x863.jpg 1536w, https:\/\/www.guhalg.com\/wordpress\/wp-content\/uploads\/Reisen\/Madagaskar\/Park_Marie\/Strahlenschildkr\u00f6te.jpg 1920w\" sizes=\"auto, (max-width: 1024px) 100vw, 1024px\" \/><\/a><figcaption>Strahlenschildkr\u00f6te<\/figcaption><\/figure>\n<\/div>\n<\/div>\n\n\n\n<p>Das war schon sehr sch\u00f6n und faszinierend. Auch weil der Guide uns mit allerlei Informationen geflutet hat, u.\u00a0a., dass Schildkr\u00f6ten durch Ihren Panzer hindurch f\u00fchlen k\u00f6nnen, so also Streicheleinheiten sp\u00fcren und darauf reagieren, indem sie sich der \u201aPflege\u2018, also dem Streichelnden, entgegenstrecken. Aber verbl\u00fcffend war auch die Natur an sich. Wir haben uns dort durch einen wirklich sch\u00f6nen und wilden Park bewegt und haben mithilfe des Guides eine kleine \u00dcberraschung erlebt.<\/p>\n\n\n\n<div class=\"wp-block-columns is-layout-flex wp-container-core-columns-is-layout-9d6595d7 wp-block-columns-is-layout-flex\">\n<div class=\"wp-block-column is-layout-flow wp-block-column-is-layout-flow\">\n<figure class=\"wp-block-image size-large\"><a href=\"https:\/\/www.guhalg.com\/wordpress\/wp-content\/uploads\/Reisen\/Madagaskar\/Park_Marie\/Garten.jpg\"><img loading=\"lazy\" decoding=\"async\" width=\"1024\" height=\"575\" src=\"https:\/\/www.guhalg.com\/wordpress\/wp-content\/uploads\/Reisen\/Madagaskar\/Park_Marie\/Garten-1024x575.jpg\" alt=\"Garten\" class=\"wp-image-459\" srcset=\"https:\/\/www.guhalg.com\/wordpress\/wp-content\/uploads\/Reisen\/Madagaskar\/Park_Marie\/Garten-1024x575.jpg 1024w, https:\/\/www.guhalg.com\/wordpress\/wp-content\/uploads\/Reisen\/Madagaskar\/Park_Marie\/Garten-300x169.jpg 300w, https:\/\/www.guhalg.com\/wordpress\/wp-content\/uploads\/Reisen\/Madagaskar\/Park_Marie\/Garten-768x432.jpg 768w, https:\/\/www.guhalg.com\/wordpress\/wp-content\/uploads\/Reisen\/Madagaskar\/Park_Marie\/Garten-1536x863.jpg 1536w, https:\/\/www.guhalg.com\/wordpress\/wp-content\/uploads\/Reisen\/Madagaskar\/Park_Marie\/Garten.jpg 1920w\" sizes=\"auto, (max-width: 1024px) 100vw, 1024px\" \/><\/a><figcaption>Garten<\/figcaption><\/figure>\n<\/div>\n\n\n\n<div class=\"wp-block-column is-layout-flow wp-block-column-is-layout-flow\">\n<figure class=\"wp-block-image size-large\"><a href=\"https:\/\/www.guhalg.com\/wordpress\/wp-content\/uploads\/Reisen\/Madagaskar\/Park_Marie\/Schlange2.jpg\"><img loading=\"lazy\" decoding=\"async\" width=\"1024\" height=\"575\" src=\"https:\/\/www.guhalg.com\/wordpress\/wp-content\/uploads\/Reisen\/Madagaskar\/Park_Marie\/Schlange2-1024x575.jpg\" alt=\"Schlange\" class=\"wp-image-461\" srcset=\"https:\/\/www.guhalg.com\/wordpress\/wp-content\/uploads\/Reisen\/Madagaskar\/Park_Marie\/Schlange2-1024x575.jpg 1024w, https:\/\/www.guhalg.com\/wordpress\/wp-content\/uploads\/Reisen\/Madagaskar\/Park_Marie\/Schlange2-300x169.jpg 300w, https:\/\/www.guhalg.com\/wordpress\/wp-content\/uploads\/Reisen\/Madagaskar\/Park_Marie\/Schlange2-768x432.jpg 768w, https:\/\/www.guhalg.com\/wordpress\/wp-content\/uploads\/Reisen\/Madagaskar\/Park_Marie\/Schlange2-1536x863.jpg 1536w, https:\/\/www.guhalg.com\/wordpress\/wp-content\/uploads\/Reisen\/Madagaskar\/Park_Marie\/Schlange2.jpg 1920w\" sizes=\"auto, (max-width: 1024px) 100vw, 1024px\" \/><\/a><figcaption>Schlange<\/figcaption><\/figure>\n<\/div>\n\n\n\n<div class=\"wp-block-column is-layout-flow wp-block-column-is-layout-flow\">\n<figure class=\"wp-block-image size-large\"><a href=\"https:\/\/www.guhalg.com\/wordpress\/wp-content\/uploads\/Reisen\/Madagaskar\/Park_Marie\/Schlange3.jpg\"><img loading=\"lazy\" decoding=\"async\" width=\"1024\" height=\"575\" src=\"https:\/\/www.guhalg.com\/wordpress\/wp-content\/uploads\/Reisen\/Madagaskar\/Park_Marie\/Schlange3-1024x575.jpg\" alt=\"Schlange\" class=\"wp-image-462\" srcset=\"https:\/\/www.guhalg.com\/wordpress\/wp-content\/uploads\/Reisen\/Madagaskar\/Park_Marie\/Schlange3-1024x575.jpg 1024w, https:\/\/www.guhalg.com\/wordpress\/wp-content\/uploads\/Reisen\/Madagaskar\/Park_Marie\/Schlange3-300x169.jpg 300w, https:\/\/www.guhalg.com\/wordpress\/wp-content\/uploads\/Reisen\/Madagaskar\/Park_Marie\/Schlange3-768x432.jpg 768w, https:\/\/www.guhalg.com\/wordpress\/wp-content\/uploads\/Reisen\/Madagaskar\/Park_Marie\/Schlange3-1536x863.jpg 1536w, https:\/\/www.guhalg.com\/wordpress\/wp-content\/uploads\/Reisen\/Madagaskar\/Park_Marie\/Schlange3.jpg 1920w\" sizes=\"auto, (max-width: 1024px) 100vw, 1024px\" \/><\/a><figcaption>Schlange etwas beunruhigt<\/figcaption><\/figure>\n<\/div>\n<\/div>\n\n\n\n<p>Die Schlange lag so mitten im Geb\u00fcsch und erst als sie unsere Aufmerksamkeit sp\u00fcrte, hat sie sich in eine Angriffsposition zur\u00fcckgezogen. Aber mit gen\u00fcgend Abstand, d.\u00a0h. au\u00dferhalb ihrer Angriffsreichweite beim nach vorne Schnellen, kein Problem. Da in diesem Park auch die Tiere ihre Rechte haben, wollten wir die Schlange nicht weiter st\u00f6ren und sind langsam wieder zum Ausgang des Parks gegangen.<\/p>\n\n\n\n<p>Also mitten auf einer kleinen Touristeninsel so einen Park und Zoo zu finden, ist schon au\u00dfergew\u00f6hnlich. Aber wir hatten ja noch einiges zu erkunden und so sind wir mit dem Roller weiter bis an die s\u00fcdliche Spitze der Insel gefahren.<\/p>\n\n\n\n<div class=\"wp-block-columns is-layout-flex wp-container-core-columns-is-layout-9d6595d7 wp-block-columns-is-layout-flex\">\n<div class=\"wp-block-column is-layout-flow wp-block-column-is-layout-flow\">\n<div class=\"wp-block-buttons is-layout-flex wp-block-buttons-is-layout-flex\">\n<div class=\"wp-block-button\"><a class=\"wp-block-button__link\" href=\"https:\/\/www.guhalg.com\/wordpress\/?page_id=445\">Ile Sainte Marie<\/a><\/div>\n<\/div>\n<\/div>\n\n\n\n<div class=\"wp-block-column is-layout-flow wp-block-column-is-layout-flow\">\n<div class=\"wp-block-buttons is-horizontal is-content-justification-right is-layout-flex wp-container-core-buttons-is-layout-ae2fe186 wp-block-buttons-is-layout-flex\">\n<div class=\"wp-block-button\"><a class=\"wp-block-button__link\" href=\"https:\/\/www.guhalg.com\/wordpress\/?page_id=469\">Weiter \u00fcber die Insel<\/a><\/div>\n<\/div>\n<\/div>\n<\/div>\n","protected":false},"excerpt":{"rendered":"<p>Der Roller wurde p\u00fcnktlich morgens zum Resort gebracht und nach etwas Papierkram an uns \u00fcbergeben. Schnell noch ein paar Sachen f\u00fcr den Tag einpacken und es konnte losgehen. Wir hatten uns schon im Vorfeld ein wenig mit der Insel besch\u00e4ftigt&hellip; <\/p>\n","protected":false},"author":1,"featured_media":0,"parent":279,"menu_order":0,"comment_status":"closed","ping_status":"closed","template":"","meta":{"footnotes":""},"class_list":["post-451","page","type-page","status-publish","hentry"],"_links":{"self":[{"href":"https:\/\/www.guhalg.com\/wordpress\/index.php?rest_route=\/wp\/v2\/pages\/451","targetHints":{"allow":["GET"]}}],"collection":[{"href":"https:\/\/www.guhalg.com\/wordpress\/index.php?rest_route=\/wp\/v2\/pages"}],"about":[{"href":"https:\/\/www.guhalg.com\/wordpress\/index.php?rest_route=\/wp\/v2\/types\/page"}],"author":[{"embeddable":true,"href":"https:\/\/www.guhalg.com\/wordpress\/index.php?rest_route=\/wp\/v2\/users\/1"}],"replies":[{"embeddable":true,"href":"https:\/\/www.guhalg.com\/wordpress\/index.php?rest_route=%2Fwp%2Fv2%2Fcomments&post=451"}],"version-history":[{"count":10,"href":"https:\/\/www.guhalg.com\/wordpress\/index.php?rest_route=\/wp\/v2\/pages\/451\/revisions"}],"predecessor-version":[{"id":7864,"href":"https:\/\/www.guhalg.com\/wordpress\/index.php?rest_route=\/wp\/v2\/pages\/451\/revisions\/7864"}],"up":[{"embeddable":true,"href":"https:\/\/www.guhalg.com\/wordpress\/index.php?rest_route=\/wp\/v2\/pages\/279"}],"wp:attachment":[{"href":"https:\/\/www.guhalg.com\/wordpress\/index.php?rest_route=%2Fwp%2Fv2%2Fmedia&parent=451"}],"curies":[{"name":"wp","href":"https:\/\/api.w.org\/{rel}","templated":true}]}}