{"id":4579,"date":"2021-12-08T20:55:07","date_gmt":"2021-12-08T19:55:07","guid":{"rendered":"https:\/\/www.guhalg.com\/wordpress\/?page_id=4579"},"modified":"2022-02-08T22:02:07","modified_gmt":"2022-02-08T21:02:07","slug":"die-landschaft","status":"publish","type":"page","link":"https:\/\/www.guhalg.com\/wordpress\/?page_id=4579","title":{"rendered":"Die Landschaft"},"content":{"rendered":"\n<p>Wenn man so die Eindr\u00fccke von Mosambik im Nachhinein betrachtet, dann waren die Unterschiede zwischen der Stadt und dem Land, insbesondere dem Land, wo keine Touristen sind, schon sehr gro\u00df. Fangen wir also mit der Landschaft rund um Tofo an. Da w\u00e4re als Erstes der wunderbare Strandabschnitt, genau genommen die gesamte Bucht in Tofo. <\/p>\n\n\n\n<div class=\"wp-block-image\"><figure class=\"aligncenter size-large\"><a href=\"https:\/\/www.guhalg.com\/wordpress\/wp-content\/uploads\/Reisen\/2011 Afrika\/Tofo\/Mozambik_034.jpg\"><img loading=\"lazy\" decoding=\"async\" width=\"1024\" height=\"253\" src=\"https:\/\/www.guhalg.com\/wordpress\/wp-content\/uploads\/Reisen\/2011 Afrika\/Tofo\/Mozambik_034-1024x253.jpg\" alt=\"Die Bucht von Tofo\" class=\"wp-image-4516\" srcset=\"https:\/\/www.guhalg.com\/wordpress\/wp-content\/uploads\/Reisen\/2011%20Afrika\/Tofo\/Mozambik_034-1024x253.jpg 1024w, https:\/\/www.guhalg.com\/wordpress\/wp-content\/uploads\/Reisen\/2011%20Afrika\/Tofo\/Mozambik_034-300x74.jpg 300w, https:\/\/www.guhalg.com\/wordpress\/wp-content\/uploads\/Reisen\/2011%20Afrika\/Tofo\/Mozambik_034-768x190.jpg 768w, https:\/\/www.guhalg.com\/wordpress\/wp-content\/uploads\/Reisen\/2011%20Afrika\/Tofo\/Mozambik_034.jpg 1280w\" sizes=\"auto, (max-width: 1024px) 100vw, 1024px\" \/><\/a><figcaption>Die Bucht von Tofo<\/figcaption><\/figure><\/div>\n\n\n\n<p>Aber auch der Blick von unserer Terrasse war sehr romantisch und sch\u00f6n.<\/p>\n\n\n\n<div class=\"wp-block-columns is-layout-flex wp-container-core-columns-is-layout-9d6595d7 wp-block-columns-is-layout-flex\">\n<div class=\"wp-block-column is-layout-flow wp-block-column-is-layout-flow\">\n<div class=\"wp-block-image\"><figure class=\"aligncenter size-full\"><a href=\"https:\/\/www.guhalg.com\/wordpress\/wp-content\/uploads\/Reisen\/2011 Afrika\/Tofo\/Mozambik_004.jpg\"><img loading=\"lazy\" decoding=\"async\" width=\"1024\" height=\"575\" src=\"https:\/\/www.guhalg.com\/wordpress\/wp-content\/uploads\/Reisen\/2011 Afrika\/Tofo\/Mozambik_004.jpg\" alt=\"Strandblick von der Terrasse\" class=\"wp-image-4503\" srcset=\"https:\/\/www.guhalg.com\/wordpress\/wp-content\/uploads\/Reisen\/2011%20Afrika\/Tofo\/Mozambik_004.jpg 1024w, https:\/\/www.guhalg.com\/wordpress\/wp-content\/uploads\/Reisen\/2011%20Afrika\/Tofo\/Mozambik_004-300x168.jpg 300w, https:\/\/www.guhalg.com\/wordpress\/wp-content\/uploads\/Reisen\/2011%20Afrika\/Tofo\/Mozambik_004-768x431.jpg 768w\" sizes=\"auto, (max-width: 1024px) 100vw, 1024px\" \/><\/a><figcaption>Strandblick von der Terrasse<\/figcaption><\/figure><\/div>\n<\/div>\n\n\n\n<div class=\"wp-block-column is-layout-flow wp-block-column-is-layout-flow\">\n<div class=\"wp-block-image\"><figure class=\"aligncenter size-full\"><a href=\"https:\/\/www.guhalg.com\/wordpress\/wp-content\/uploads\/Reisen\/2011 Afrika\/Tofo\/Mozambik_024.jpg\"><img loading=\"lazy\" decoding=\"async\" width=\"1024\" height=\"575\" src=\"https:\/\/www.guhalg.com\/wordpress\/wp-content\/uploads\/Reisen\/2011 Afrika\/Tofo\/Mozambik_024.jpg\" alt=\"Strandblick in die andere Richtung\" class=\"wp-image-4511\" srcset=\"https:\/\/www.guhalg.com\/wordpress\/wp-content\/uploads\/Reisen\/2011%20Afrika\/Tofo\/Mozambik_024.jpg 1024w, https:\/\/www.guhalg.com\/wordpress\/wp-content\/uploads\/Reisen\/2011%20Afrika\/Tofo\/Mozambik_024-300x168.jpg 300w, https:\/\/www.guhalg.com\/wordpress\/wp-content\/uploads\/Reisen\/2011%20Afrika\/Tofo\/Mozambik_024-768x431.jpg 768w\" sizes=\"auto, (max-width: 1024px) 100vw, 1024px\" \/><\/a><figcaption>Strandblick in die andere Richtung<\/figcaption><\/figure><\/div>\n<\/div>\n<\/div>\n\n\n\n<p>Nicht nur, dass dieser Strand sehr gro\u00df und meistens menschenleer war, er konnte auch alle Klischees wie kleine einheimischen Boote und romantische Strandh\u00fctten erf\u00fcllen. <\/p>\n\n\n\n<div class=\"wp-block-image\"><figure class=\"aligncenter size-full\"><a href=\"https:\/\/www.guhalg.com\/wordpress\/wp-content\/uploads\/Reisen\/2011 Afrika\/Tofo\/Mozambik_033.jpg\"><img loading=\"lazy\" decoding=\"async\" width=\"1024\" height=\"575\" src=\"https:\/\/www.guhalg.com\/wordpress\/wp-content\/uploads\/Reisen\/2011 Afrika\/Tofo\/Mozambik_033.jpg\" alt=\"Der Strand\" class=\"wp-image-4515\" srcset=\"https:\/\/www.guhalg.com\/wordpress\/wp-content\/uploads\/Reisen\/2011%20Afrika\/Tofo\/Mozambik_033.jpg 1024w, https:\/\/www.guhalg.com\/wordpress\/wp-content\/uploads\/Reisen\/2011%20Afrika\/Tofo\/Mozambik_033-300x168.jpg 300w, https:\/\/www.guhalg.com\/wordpress\/wp-content\/uploads\/Reisen\/2011%20Afrika\/Tofo\/Mozambik_033-768x431.jpg 768w\" sizes=\"auto, (max-width: 1024px) 100vw, 1024px\" \/><\/a><figcaption>Der Strand<\/figcaption><\/figure><\/div>\n\n\n\n<div class=\"wp-block-image\"><figure class=\"aligncenter size-full\"><a href=\"https:\/\/www.guhalg.com\/wordpress\/wp-content\/uploads\/Reisen\/2011 Afrika\/Tofo\/Mozambik_043.jpg\"><img loading=\"lazy\" decoding=\"async\" width=\"1024\" height=\"575\" src=\"https:\/\/www.guhalg.com\/wordpress\/wp-content\/uploads\/Reisen\/2011 Afrika\/Tofo\/Mozambik_043.jpg\" alt=\"Kleine Boote am Strand\" class=\"wp-image-4517\" srcset=\"https:\/\/www.guhalg.com\/wordpress\/wp-content\/uploads\/Reisen\/2011%20Afrika\/Tofo\/Mozambik_043.jpg 1024w, https:\/\/www.guhalg.com\/wordpress\/wp-content\/uploads\/Reisen\/2011%20Afrika\/Tofo\/Mozambik_043-300x168.jpg 300w, https:\/\/www.guhalg.com\/wordpress\/wp-content\/uploads\/Reisen\/2011%20Afrika\/Tofo\/Mozambik_043-768x431.jpg 768w\" sizes=\"auto, (max-width: 1024px) 100vw, 1024px\" \/><\/a><figcaption>Kleine Boote am Strand<\/figcaption><\/figure><\/div>\n\n\n\n<div class=\"wp-block-image\"><figure class=\"aligncenter size-full\"><a href=\"https:\/\/www.guhalg.com\/wordpress\/wp-content\/uploads\/Reisen\/2011 Afrika\/Tofo\/Mozambik_044.jpg\"><img loading=\"lazy\" decoding=\"async\" width=\"1024\" height=\"575\" src=\"https:\/\/www.guhalg.com\/wordpress\/wp-content\/uploads\/Reisen\/2011 Afrika\/Tofo\/Mozambik_044.jpg\" alt=\"Strandh\u00fctten\" class=\"wp-image-4518\" srcset=\"https:\/\/www.guhalg.com\/wordpress\/wp-content\/uploads\/Reisen\/2011%20Afrika\/Tofo\/Mozambik_044.jpg 1024w, https:\/\/www.guhalg.com\/wordpress\/wp-content\/uploads\/Reisen\/2011%20Afrika\/Tofo\/Mozambik_044-300x168.jpg 300w, https:\/\/www.guhalg.com\/wordpress\/wp-content\/uploads\/Reisen\/2011%20Afrika\/Tofo\/Mozambik_044-768x431.jpg 768w\" sizes=\"auto, (max-width: 1024px) 100vw, 1024px\" \/><\/a><figcaption>Strandh\u00fctten<\/figcaption><\/figure><\/div>\n\n\n\n<p>In der Woche wird dieser Strand ausschlie\u00dflich von Touristen genutzt, doch am Wochenende verwandelt er sich in einen Ausflugsort f\u00fcr die Mosambikaner und in eine Stranddisco. Aber wenn man sich nur wenige Meter von Tofo wegbewegt.<\/p>\n\n\n\n<ul class=\"wp-block-list\"><li>Sei es mit dem Pferde, wie Chrischi auf ihrem Ausflug<\/li><li>zu Fu\u00df auf dem Weg zur n\u00e4chsten Tankstelle mit Geldautomat, na ja genaugenommen der einzigen Tankstelle weit und breit, mit dem einzigen Geldautomaten weit und breit<\/li><\/ul>\n\n\n\n<p>Die Landschaft wandelt sich in eine ruhige, leere Wildnis. Einige erste Bilder hierzu gibt es von Chrischis <a href=\"https:\/\/www.guhalg.com\/wordpress\/?page_id=4604\" data-type=\"page\" data-id=\"4604\">Reitausflug<\/a>.<\/p>\n\n\n\n<p>Tiefere Einblicke und Informationen haben wir dann bei einer gef\u00fchrten Wanderung erhalten. Wir sind dazu nach Inhambane gefahren, um von dort unsere kleine Wanderung zu starten. Diese Tour war zeitlich so abgestimmt, dass wir bei Ebbe auf eine kleine Nachbarinsel laufen konnten, um zum Abschluss mit einer <a href=\"http:\/\/de.wikipedia.org\/wiki\/Dau\">Dhau<\/a> wieder zur\u00fcckzufahren. So sind wir als Erstes in Richtung Meer und \u00fcber den Meeresboden (bei uns w\u00fcrde man auch Watt sagen) auf die Nachbarinsel gegangen. Das fing somit schon total interessant an: auf der einen Seite ein Boot auf dem Trockenen, auf der anderen Seite Flamingos auf der Suche nach Krebsen im Schlamm. <\/p>\n\n\n\n<div class=\"wp-block-image\"><figure class=\"aligncenter size-full\"><a href=\"https:\/\/www.guhalg.com\/wordpress\/wp-content\/uploads\/Reisen\/2011 Afrika\/Tofo\/Mozambik_068.jpg\"><img loading=\"lazy\" decoding=\"async\" width=\"1024\" height=\"575\" src=\"https:\/\/www.guhalg.com\/wordpress\/wp-content\/uploads\/Reisen\/2011 Afrika\/Tofo\/Mozambik_068.jpg\" alt=\"Wattwanderung\" class=\"wp-image-4531\" srcset=\"https:\/\/www.guhalg.com\/wordpress\/wp-content\/uploads\/Reisen\/2011%20Afrika\/Tofo\/Mozambik_068.jpg 1024w, https:\/\/www.guhalg.com\/wordpress\/wp-content\/uploads\/Reisen\/2011%20Afrika\/Tofo\/Mozambik_068-300x168.jpg 300w, https:\/\/www.guhalg.com\/wordpress\/wp-content\/uploads\/Reisen\/2011%20Afrika\/Tofo\/Mozambik_068-768x431.jpg 768w\" sizes=\"auto, (max-width: 1024px) 100vw, 1024px\" \/><\/a><figcaption>Wattwanderung<\/figcaption><\/figure><\/div>\n\n\n\n<div class=\"wp-block-image\"><figure class=\"aligncenter size-full\"><a href=\"https:\/\/www.guhalg.com\/wordpress\/wp-content\/uploads\/Reisen\/2011 Afrika\/Tofo\/Mozambik_071.jpg\"><img loading=\"lazy\" decoding=\"async\" width=\"1024\" height=\"575\" src=\"https:\/\/www.guhalg.com\/wordpress\/wp-content\/uploads\/Reisen\/2011 Afrika\/Tofo\/Mozambik_071.jpg\" alt=\"Boot auf dem Trockenen\" class=\"wp-image-4532\" srcset=\"https:\/\/www.guhalg.com\/wordpress\/wp-content\/uploads\/Reisen\/2011%20Afrika\/Tofo\/Mozambik_071.jpg 1024w, https:\/\/www.guhalg.com\/wordpress\/wp-content\/uploads\/Reisen\/2011%20Afrika\/Tofo\/Mozambik_071-300x168.jpg 300w, https:\/\/www.guhalg.com\/wordpress\/wp-content\/uploads\/Reisen\/2011%20Afrika\/Tofo\/Mozambik_071-768x431.jpg 768w\" sizes=\"auto, (max-width: 1024px) 100vw, 1024px\" \/><\/a><figcaption>Boot auf dem Trockenen<\/figcaption><\/figure><\/div>\n\n\n\n<div class=\"wp-block-image\"><figure class=\"aligncenter size-full\"><a href=\"https:\/\/www.guhalg.com\/wordpress\/wp-content\/uploads\/Reisen\/2011 Afrika\/Tofo\/Mozambik_072.jpg\"><img loading=\"lazy\" decoding=\"async\" width=\"1024\" height=\"575\" src=\"https:\/\/www.guhalg.com\/wordpress\/wp-content\/uploads\/Reisen\/2011 Afrika\/Tofo\/Mozambik_072.jpg\" alt=\"Flamingos\" class=\"wp-image-4533\" srcset=\"https:\/\/www.guhalg.com\/wordpress\/wp-content\/uploads\/Reisen\/2011%20Afrika\/Tofo\/Mozambik_072.jpg 1024w, https:\/\/www.guhalg.com\/wordpress\/wp-content\/uploads\/Reisen\/2011%20Afrika\/Tofo\/Mozambik_072-300x168.jpg 300w, https:\/\/www.guhalg.com\/wordpress\/wp-content\/uploads\/Reisen\/2011%20Afrika\/Tofo\/Mozambik_072-768x431.jpg 768w\" sizes=\"auto, (max-width: 1024px) 100vw, 1024px\" \/><\/a><figcaption>Flamingos<\/figcaption><\/figure><\/div>\n\n\n\n<div class=\"wp-block-columns is-layout-flex wp-container-core-columns-is-layout-9d6595d7 wp-block-columns-is-layout-flex\">\n<div class=\"wp-block-column is-layout-flow wp-block-column-is-layout-flow\">\n<div class=\"wp-block-buttons is-layout-flex wp-block-buttons-is-layout-flex\">\n<div class=\"wp-block-button\"><a class=\"wp-block-button__link\" href=\"https:\/\/www.guhalg.com\/wordpress\/?page_id=4562\">Die Katze<\/a><\/div>\n<\/div>\n<\/div>\n\n\n\n<div class=\"wp-block-column is-layout-flow wp-block-column-is-layout-flow\">\n<div class=\"wp-block-buttons is-horizontal is-content-justification-right is-layout-flex wp-container-core-buttons-is-layout-ae2fe186 wp-block-buttons-is-layout-flex\">\n<div class=\"wp-block-button\"><a class=\"wp-block-button__link\" href=\"https:\/\/www.guhalg.com\/wordpress\/?page_id=4615\">Das Leben in Mosambik<\/a><\/div>\n<\/div>\n<\/div>\n<\/div>\n","protected":false},"excerpt":{"rendered":"<p>Wenn man so die Eindr\u00fccke von Mosambik im Nachhinein betrachtet, dann waren die Unterschiede zwischen der Stadt und dem Land, insbesondere dem Land, wo keine Touristen sind, schon sehr gro\u00df. Fangen wir also mit der Landschaft rund um Tofo an.&hellip; <\/p>\n","protected":false},"author":1,"featured_media":0,"parent":4189,"menu_order":13,"comment_status":"closed","ping_status":"closed","template":"","meta":{"footnotes":""},"class_list":["post-4579","page","type-page","status-publish","hentry"],"_links":{"self":[{"href":"https:\/\/www.guhalg.com\/wordpress\/index.php?rest_route=\/wp\/v2\/pages\/4579","targetHints":{"allow":["GET"]}}],"collection":[{"href":"https:\/\/www.guhalg.com\/wordpress\/index.php?rest_route=\/wp\/v2\/pages"}],"about":[{"href":"https:\/\/www.guhalg.com\/wordpress\/index.php?rest_route=\/wp\/v2\/types\/page"}],"author":[{"embeddable":true,"href":"https:\/\/www.guhalg.com\/wordpress\/index.php?rest_route=\/wp\/v2\/users\/1"}],"replies":[{"embeddable":true,"href":"https:\/\/www.guhalg.com\/wordpress\/index.php?rest_route=%2Fwp%2Fv2%2Fcomments&post=4579"}],"version-history":[{"count":10,"href":"https:\/\/www.guhalg.com\/wordpress\/index.php?rest_route=\/wp\/v2\/pages\/4579\/revisions"}],"predecessor-version":[{"id":7841,"href":"https:\/\/www.guhalg.com\/wordpress\/index.php?rest_route=\/wp\/v2\/pages\/4579\/revisions\/7841"}],"up":[{"embeddable":true,"href":"https:\/\/www.guhalg.com\/wordpress\/index.php?rest_route=\/wp\/v2\/pages\/4189"}],"wp:attachment":[{"href":"https:\/\/www.guhalg.com\/wordpress\/index.php?rest_route=%2Fwp%2Fv2%2Fmedia&parent=4579"}],"curies":[{"name":"wp","href":"https:\/\/api.w.org\/{rel}","templated":true}]}}