{"id":4654,"date":"2021-12-13T14:27:21","date_gmt":"2021-12-13T13:27:21","guid":{"rendered":"https:\/\/www.guhalg.com\/wordpress\/?page_id=4654"},"modified":"2022-02-08T22:09:14","modified_gmt":"2022-02-08T21:09:14","slug":"das-tauchen","status":"publish","type":"page","link":"https:\/\/www.guhalg.com\/wordpress\/?page_id=4654","title":{"rendered":"Das Tauchen"},"content":{"rendered":"\n<p>Einer der Gr\u00fcnde, in Mosambik zu tauchen, sind sicherlich die Buckelwale, die im Sommer vorbeiziehen und auch Gro\u00dffisch, allen voran Mantas und Walhaie, geh\u00f6ren zur Tagesordnung. Leider war bei uns schon das Ende der Buckelwal Saison erreicht, sodass wir nur noch in der Ferne zweimal den Blas, also die Ausatemluft der Wale, sehen konnten. Interessant waren aber auch die fulminanten Unterschiede der Tauchgebiete. Auf der einen Seite Tauchpl\u00e4tze in der warmen Str\u00f6mung des Mosambikstroms \/ Agulhasstrom, auf der anderen Seite Tauchpl\u00e4tze im Plankton reichen Kaltwasser. Und hier hei\u00dft Kaltwasser so ca. 15\u00a0\u00b0C in einer Tiefe von 20\u00a0m, bei einer Oberfl\u00e4chentemperatur von 26-27\u00a0\u00b0C. Hier gab es bei jedem Tauchgang Mantas und an der Oberfl\u00e4che mehrfach Walhaie. Daf\u00fcr war die Sicht unter Wasser aufgrund des hohen Planktongehalts doch farblich stark verf\u00e4lscht, n\u00e4mlich gr\u00fcn.<\/p>\n\n\n\n<div class=\"wp-block-columns is-layout-flex wp-container-core-columns-is-layout-9d6595d7 wp-block-columns-is-layout-flex\">\n<div class=\"wp-block-column is-layout-flow wp-block-column-is-layout-flow\">\n<div class=\"wp-block-image\"><figure class=\"aligncenter size-full\"><a href=\"https:\/\/www.guhalg.com\/wordpress\/wp-content\/uploads\/Reisen\/2011 Afrika\/Tauchen\/P1080779.jpg\"><img loading=\"lazy\" decoding=\"async\" width=\"1024\" height=\"576\" src=\"https:\/\/www.guhalg.com\/wordpress\/wp-content\/uploads\/Reisen\/2011 Afrika\/Tauchen\/P1080779.jpg\" alt=\"Manta\" class=\"wp-image-4665\" srcset=\"https:\/\/www.guhalg.com\/wordpress\/wp-content\/uploads\/Reisen\/2011%20Afrika\/Tauchen\/P1080779.jpg 1024w, https:\/\/www.guhalg.com\/wordpress\/wp-content\/uploads\/Reisen\/2011%20Afrika\/Tauchen\/P1080779-300x169.jpg 300w, https:\/\/www.guhalg.com\/wordpress\/wp-content\/uploads\/Reisen\/2011%20Afrika\/Tauchen\/P1080779-768x432.jpg 768w\" sizes=\"auto, (max-width: 1024px) 100vw, 1024px\" \/><\/a><figcaption>Manta<\/figcaption><\/figure><\/div>\n<\/div>\n\n\n\n<div class=\"wp-block-column is-layout-flow wp-block-column-is-layout-flow\">\n<div class=\"wp-block-image\"><figure class=\"aligncenter size-full\"><a href=\"https:\/\/www.guhalg.com\/wordpress\/wp-content\/uploads\/Reisen\/2011 Afrika\/Tauchen\/P1080778.jpg\"><img loading=\"lazy\" decoding=\"async\" width=\"1024\" height=\"576\" src=\"https:\/\/www.guhalg.com\/wordpress\/wp-content\/uploads\/Reisen\/2011 Afrika\/Tauchen\/P1080778.jpg\" alt=\"Manta\" class=\"wp-image-4664\" srcset=\"https:\/\/www.guhalg.com\/wordpress\/wp-content\/uploads\/Reisen\/2011%20Afrika\/Tauchen\/P1080778.jpg 1024w, https:\/\/www.guhalg.com\/wordpress\/wp-content\/uploads\/Reisen\/2011%20Afrika\/Tauchen\/P1080778-300x169.jpg 300w, https:\/\/www.guhalg.com\/wordpress\/wp-content\/uploads\/Reisen\/2011%20Afrika\/Tauchen\/P1080778-768x432.jpg 768w\" sizes=\"auto, (max-width: 1024px) 100vw, 1024px\" \/><\/a><figcaption>Manta<\/figcaption><\/figure><\/div>\n<\/div>\n<\/div>\n\n\n\n<p>Wie schlecht die Sicht zeitweise war, kann man an den folgenden Bildern erkennen und vielleicht auch ein wenig am Video, aufgenommen in Schnorchel tiefe. <\/p>\n\n\n\n<div class=\"wp-block-columns is-layout-flex wp-container-core-columns-is-layout-9d6595d7 wp-block-columns-is-layout-flex\">\n<div class=\"wp-block-column is-layout-flow wp-block-column-is-layout-flow\">\n<div class=\"wp-block-image\"><figure class=\"aligncenter size-full\"><a href=\"https:\/\/www.guhalg.com\/wordpress\/wp-content\/uploads\/Reisen\/2011 Afrika\/Tauchen\/P1080568.jpg\"><img loading=\"lazy\" decoding=\"async\" width=\"1024\" height=\"576\" src=\"https:\/\/www.guhalg.com\/wordpress\/wp-content\/uploads\/Reisen\/2011 Afrika\/Tauchen\/P1080568.jpg\" alt=\"Walhai\" class=\"wp-image-4661\" srcset=\"https:\/\/www.guhalg.com\/wordpress\/wp-content\/uploads\/Reisen\/2011%20Afrika\/Tauchen\/P1080568.jpg 1024w, https:\/\/www.guhalg.com\/wordpress\/wp-content\/uploads\/Reisen\/2011%20Afrika\/Tauchen\/P1080568-300x169.jpg 300w, https:\/\/www.guhalg.com\/wordpress\/wp-content\/uploads\/Reisen\/2011%20Afrika\/Tauchen\/P1080568-768x432.jpg 768w\" sizes=\"auto, (max-width: 1024px) 100vw, 1024px\" \/><\/a><figcaption>Walhai<\/figcaption><\/figure><\/div>\n<\/div>\n\n\n\n<div class=\"wp-block-column is-layout-flow wp-block-column-is-layout-flow\">\n<div class=\"wp-block-image\"><figure class=\"aligncenter size-full\"><a href=\"https:\/\/www.guhalg.com\/wordpress\/wp-content\/uploads\/Reisen\/2011 Afrika\/Tauchen\/P1080574.jpg\"><img loading=\"lazy\" decoding=\"async\" width=\"1024\" height=\"576\" src=\"https:\/\/www.guhalg.com\/wordpress\/wp-content\/uploads\/Reisen\/2011 Afrika\/Tauchen\/P1080574.jpg\" alt=\"Walhai\" class=\"wp-image-4662\" srcset=\"https:\/\/www.guhalg.com\/wordpress\/wp-content\/uploads\/Reisen\/2011%20Afrika\/Tauchen\/P1080574.jpg 1024w, https:\/\/www.guhalg.com\/wordpress\/wp-content\/uploads\/Reisen\/2011%20Afrika\/Tauchen\/P1080574-300x169.jpg 300w, https:\/\/www.guhalg.com\/wordpress\/wp-content\/uploads\/Reisen\/2011%20Afrika\/Tauchen\/P1080574-768x432.jpg 768w\" sizes=\"auto, (max-width: 1024px) 100vw, 1024px\" \/><\/a><figcaption>Walhai<\/figcaption><\/figure><\/div>\n<\/div>\n<\/div>\n\n\n\n<figure class=\"wp-block-video aligncenter\"><video height=\"360\" style=\"aspect-ratio: 640 \/ 360;\" width=\"640\" controls src=\"https:\/\/www.guhalg.com\/wordpress\/wp-content\/uploads\/Reisen\/2011 Afrika\/Tauchen\/Walhai.mp4\"><\/video><figcaption>Walhai in Schnorcheltiefe<\/figcaption><\/figure>\n\n\n\n<p>Die Sicht war hier sogar so schlecht, das wir bis heute nicht entscheiden konnten, ob es sich bei dem kleinen Schatten links am Walhai um ein kleines Wahlhai Baby handelt oder ob es nur ein Schiffshalter ist. Aber wir hatten auch Tauchpl\u00e4tze mit relativ normaler Sicht. Und die Unterwasserwelt in Mosambik hat schon einiges zu bieten. \u00dcber Fischschw\u00e4rme, Haie, Rochen, bis hin zu Langusten, Anglerfischen und Fl\u00fcgelro\u00dffische &#8211; alles vertreten. Und die Vielzahl an Mur\u00e4nen war schon sehr verbl\u00fcffend. <\/p>\n\n\n\n<div class=\"wp-block-image\"><figure class=\"aligncenter size-full\"><a href=\"https:\/\/www.guhalg.com\/wordpress\/wp-content\/uploads\/Reisen\/2011 Afrika\/Tauchen\/Mozambik_052.jpg\"><img loading=\"lazy\" decoding=\"async\" width=\"1024\" height=\"576\" src=\"https:\/\/www.guhalg.com\/wordpress\/wp-content\/uploads\/Reisen\/2011 Afrika\/Tauchen\/Mozambik_052.jpg\" alt=\"Tauchpl\u00e4tze\" class=\"wp-image-4660\" srcset=\"https:\/\/www.guhalg.com\/wordpress\/wp-content\/uploads\/Reisen\/2011%20Afrika\/Tauchen\/Mozambik_052.jpg 1024w, https:\/\/www.guhalg.com\/wordpress\/wp-content\/uploads\/Reisen\/2011%20Afrika\/Tauchen\/Mozambik_052-300x169.jpg 300w, https:\/\/www.guhalg.com\/wordpress\/wp-content\/uploads\/Reisen\/2011%20Afrika\/Tauchen\/Mozambik_052-768x432.jpg 768w\" sizes=\"auto, (max-width: 1024px) 100vw, 1024px\" \/><\/a><figcaption>Tauchpl\u00e4tze<\/figcaption><\/figure><\/div>\n\n\n\n<p>\u00dcberboten wurde dieses nur noch durch die stoische Ruhe der Barsche. Bei dem Bild rechts war das Tier vielleicht noch 30 cm von der Kamera entfernt und v\u00f6llig entspannt. Bei einem anderen Barsch hing ein Angelhaken am Kiemen fest und der Tauchguide konnte diesen einfach vom Barsch entfernen, ohne dass dieser eine Fluchtabsicht erkennen lie\u00df. <\/p>\n\n\n\n<div class=\"wp-block-image\"><figure class=\"aligncenter size-full\"><a href=\"https:\/\/www.guhalg.com\/wordpress\/wp-content\/uploads\/Reisen\/2011 Afrika\/Tauchen\/P1080775.jpg\"><img loading=\"lazy\" decoding=\"async\" width=\"1024\" height=\"576\" src=\"https:\/\/www.guhalg.com\/wordpress\/wp-content\/uploads\/Reisen\/2011 Afrika\/Tauchen\/P1080775.jpg\" alt=\"Der Barsch\" class=\"wp-image-4663\" srcset=\"https:\/\/www.guhalg.com\/wordpress\/wp-content\/uploads\/Reisen\/2011%20Afrika\/Tauchen\/P1080775.jpg 1024w, https:\/\/www.guhalg.com\/wordpress\/wp-content\/uploads\/Reisen\/2011%20Afrika\/Tauchen\/P1080775-300x169.jpg 300w, https:\/\/www.guhalg.com\/wordpress\/wp-content\/uploads\/Reisen\/2011%20Afrika\/Tauchen\/P1080775-768x432.jpg 768w\" sizes=\"auto, (max-width: 1024px) 100vw, 1024px\" \/><\/a><figcaption>Der Barsch<\/figcaption><\/figure><\/div>\n\n\n\n<p>Einige weitere Bilder dieser Unterwasserwelt haben wir noch: <a href=\"http:\/\/localhost:4001\/wb\/pages\/afrika-2011\/bilder\/unterwasser.php\">Mosambik<\/a> und zum Abschluss des Tauchens noch ein paar Worte zum Ablauf beim Tauchen. Wie meistens packt man seine Sachen in der Basis zusammen. Diese werden dann per Jeep zum Boot gebracht und dort verstaut. Aber dann geht es los: <\/p>\n\n\n\n<p>Dieses Boot gilt es mit Muskelkraft am Strand zu drehen, dann in Richtung Wasser zu ziehen und bei geeigneten Wellen weiter ins Wasser zu ziehen und zu schieben. Anschlie\u00dfend muss auf Kommando ins Boot gesprungen werden. Wenn man aber schon bis zur Brust im Wasser steht und einem die D\u00fcnung gerade \u00fcber den Kopf schl\u00e4gt, ist das nicht ganz so einfach. <\/p>\n\n\n\n<div class=\"wp-block-image\"><figure class=\"aligncenter size-full\"><a href=\"https:\/\/www.guhalg.com\/wordpress\/wp-content\/uploads\/Reisen\/2011 Afrika\/Tauchen\/Mozambik_023.jpg\"><img loading=\"lazy\" decoding=\"async\" width=\"1024\" height=\"576\" src=\"https:\/\/www.guhalg.com\/wordpress\/wp-content\/uploads\/Reisen\/2011 Afrika\/Tauchen\/Mozambik_023.jpg\" alt=\"Unser Boot\" class=\"wp-image-4659\" srcset=\"https:\/\/www.guhalg.com\/wordpress\/wp-content\/uploads\/Reisen\/2011%20Afrika\/Tauchen\/Mozambik_023.jpg 1024w, https:\/\/www.guhalg.com\/wordpress\/wp-content\/uploads\/Reisen\/2011%20Afrika\/Tauchen\/Mozambik_023-300x169.jpg 300w, https:\/\/www.guhalg.com\/wordpress\/wp-content\/uploads\/Reisen\/2011%20Afrika\/Tauchen\/Mozambik_023-768x432.jpg 768w\" sizes=\"auto, (max-width: 1024px) 100vw, 1024px\" \/><\/a><figcaption>Unser Boot<\/figcaption><\/figure><\/div>\n\n\n\n<p>Dann wird es teilweise aber richtig interessant. Als Erstes gilt: beide F\u00fc\u00dfe in die Laschen und mit beiden H\u00e4nden an den Seilen fest verankern. Die Bootsf\u00fchrer haben den Anspruch: Zeit ist Geld, und so wird der Gashebel voll aufgerissen und das Boot schl\u00e4gt mit voller Wucht auf den Wellen auf. Bei bretthart aufgepumpten Schlauchbooten gibt das Schl\u00e4ge, die selbst einen v\u00f6llig gesunden Menschen nach 30 Minuten alle Knochen sp\u00fcren lassen. Allerdings dauert eine Fahrt oft bis zu einer Stunde. So geschunden geht es zum Tauchen, wo man sich endlich wieder entspannen und erholen kann. Das R\u00fcckklettern ins Boot, nat\u00fcrlich ohne Leiter \u2013 einfach hochziehen, stellt die n\u00e4chste Herausforderung dar. Also wird das Tauchequipment hoch gereicht, Schwung geholt und versucht, \u00fcber den Auftriebsk\u00f6rper irgendwie ins Boot zu kommen.<\/p>\n\n\n\n<p>Wenn zwei Tauchg\u00e4nge am St\u00fcck anstehen, gibt es anschlie\u00dfend in der prallen Sonne die Oberfl\u00e4chenpause auf dem schaukelnden Boot, meist so eine Stunde, bis man endlich wieder ins Wasser darf. Danach wieder ins Boot klettern und hurra, die R\u00fcckfahrt naht. Daf\u00fcr hat man am Schluss den Spa\u00df, dass der Bootsf\u00fchrer das Boot mit fast voller Geschwindigkeit auf den Strand setzt, damit es dort vom Jeep auf den H\u00e4nger gezogen werden kann. Also, das Tauchen in Mosambik bedingt einen v\u00f6llig intakten R\u00fccken, gen\u00fcgend Kraft in den Armen, um den Einstieg ins Boot zu schaffen, einen ausreichend stabilen Magen und gen\u00fcgend Hitzevertr\u00e4glichkeit, um die Oberfl\u00e4chenpause zu \u00fcberstehen.<\/p>\n\n\n\n<div class=\"wp-block-columns is-layout-flex wp-container-core-columns-is-layout-9d6595d7 wp-block-columns-is-layout-flex\">\n<div class=\"wp-block-column is-layout-flow wp-block-column-is-layout-flow\">\n<div class=\"wp-block-buttons is-layout-flex wp-block-buttons-is-layout-flex\">\n<div class=\"wp-block-button\"><a class=\"wp-block-button__link\" href=\"https:\/\/www.guhalg.com\/wordpress\/?page_id=4615\">Die Wanderung<\/a><\/div>\n<\/div>\n<\/div>\n\n\n\n<div class=\"wp-block-column is-layout-flow wp-block-column-is-layout-flow\">\n<div class=\"wp-block-buttons is-horizontal is-content-justification-right is-layout-flex wp-container-core-buttons-is-layout-ae2fe186 wp-block-buttons-is-layout-flex\">\n<div class=\"wp-block-button\"><a class=\"wp-block-button__link\" href=\"https:\/\/www.guhalg.com\/wordpress\/?page_id=4707\">unser letzter Tag<\/a><\/div>\n<\/div>\n<\/div>\n<\/div>\n","protected":false},"excerpt":{"rendered":"<p>Einer der Gr\u00fcnde, in Mosambik zu tauchen, sind sicherlich die Buckelwale, die im Sommer vorbeiziehen und auch Gro\u00dffisch, allen voran Mantas und Walhaie, geh\u00f6ren zur Tagesordnung. Leider war bei uns schon das Ende der Buckelwal Saison erreicht, sodass wir nur&hellip; <\/p>\n","protected":false},"author":1,"featured_media":0,"parent":4189,"menu_order":15,"comment_status":"closed","ping_status":"closed","template":"","meta":{"footnotes":""},"class_list":["post-4654","page","type-page","status-publish","hentry"],"_links":{"self":[{"href":"https:\/\/www.guhalg.com\/wordpress\/index.php?rest_route=\/wp\/v2\/pages\/4654","targetHints":{"allow":["GET"]}}],"collection":[{"href":"https:\/\/www.guhalg.com\/wordpress\/index.php?rest_route=\/wp\/v2\/pages"}],"about":[{"href":"https:\/\/www.guhalg.com\/wordpress\/index.php?rest_route=\/wp\/v2\/types\/page"}],"author":[{"embeddable":true,"href":"https:\/\/www.guhalg.com\/wordpress\/index.php?rest_route=\/wp\/v2\/users\/1"}],"replies":[{"embeddable":true,"href":"https:\/\/www.guhalg.com\/wordpress\/index.php?rest_route=%2Fwp%2Fv2%2Fcomments&post=4654"}],"version-history":[{"count":9,"href":"https:\/\/www.guhalg.com\/wordpress\/index.php?rest_route=\/wp\/v2\/pages\/4654\/revisions"}],"predecessor-version":[{"id":7845,"href":"https:\/\/www.guhalg.com\/wordpress\/index.php?rest_route=\/wp\/v2\/pages\/4654\/revisions\/7845"}],"up":[{"embeddable":true,"href":"https:\/\/www.guhalg.com\/wordpress\/index.php?rest_route=\/wp\/v2\/pages\/4189"}],"wp:attachment":[{"href":"https:\/\/www.guhalg.com\/wordpress\/index.php?rest_route=%2Fwp%2Fv2%2Fmedia&parent=4654"}],"curies":[{"name":"wp","href":"https:\/\/api.w.org\/{rel}","templated":true}]}}