{"id":469,"date":"2021-11-03T19:06:01","date_gmt":"2021-11-03T18:06:01","guid":{"rendered":"https:\/\/www.guhalg.com\/wordpress\/?page_id=469"},"modified":"2022-02-08T22:56:48","modified_gmt":"2022-02-08T21:56:48","slug":"madagaskar-weiter-ueber-die-insel","status":"publish","type":"page","link":"https:\/\/www.guhalg.com\/wordpress\/?page_id=469","title":{"rendered":"weiter \u00fcber die Insel"},"content":{"rendered":"\n<p>Wir sind anschlie\u00dfend weiter bis an die S\u00fcdspitze von Ile. Saint Marie gefahren. Dort gibt es noch eine kleine vorgelagerte Insel Ile. aux Nattes (Nosy Nanto). Man kann dort mit kleinen Booten \u00fcbersetzen und landet dabei in einem Paradies.<\/p>\n\n\n\n<figure class=\"wp-block-image size-large\"><a href=\"https:\/\/www.guhalg.com\/wordpress\/wp-content\/uploads\/Reisen\/Madagaskar\/Nattes\/Ueberfahrt.jpg\"><img loading=\"lazy\" decoding=\"async\" width=\"1024\" height=\"575\" src=\"https:\/\/www.guhalg.com\/wordpress\/wp-content\/uploads\/Reisen\/Madagaskar\/Nattes\/Ueberfahrt-1024x575.jpg\" alt=\"Ueberfahrt\" class=\"wp-image-483\" title=\"\u00dcberfahrt\" srcset=\"https:\/\/www.guhalg.com\/wordpress\/wp-content\/uploads\/Reisen\/Madagaskar\/Nattes\/Ueberfahrt-1024x575.jpg 1024w, https:\/\/www.guhalg.com\/wordpress\/wp-content\/uploads\/Reisen\/Madagaskar\/Nattes\/Ueberfahrt-300x169.jpg 300w, https:\/\/www.guhalg.com\/wordpress\/wp-content\/uploads\/Reisen\/Madagaskar\/Nattes\/Ueberfahrt-768x432.jpg 768w, https:\/\/www.guhalg.com\/wordpress\/wp-content\/uploads\/Reisen\/Madagaskar\/Nattes\/Ueberfahrt-1536x863.jpg 1536w, https:\/\/www.guhalg.com\/wordpress\/wp-content\/uploads\/Reisen\/Madagaskar\/Nattes\/Ueberfahrt.jpg 1920w\" sizes=\"auto, (max-width: 1024px) 100vw, 1024px\" \/><\/a><figcaption>\u00dcberfahrt<\/figcaption><\/figure>\n\n\n\n<p>Die \u00dcberfahrt dauert nur wenige Minuten. Es sind vielleicht, je nach Wasserstand, 100 m &#8211; 150 m, zu fahren, aber ein Erlebnis ist es allemal. Die Insel stellt sich einem als ruhiges, paradiesisches Island vor. Von den dort lebenden gut 1500 Einwohnern sieht man nichts. Alles nur einsamer Strand.<\/p>\n\n\n\n<figure class=\"wp-block-image size-large\"><a href=\"https:\/\/www.guhalg.com\/wordpress\/wp-content\/uploads\/Reisen\/Madagaskar\/Nattes\/Ankunft.jpg\"><img loading=\"lazy\" decoding=\"async\" width=\"1024\" height=\"575\" src=\"https:\/\/www.guhalg.com\/wordpress\/wp-content\/uploads\/Reisen\/Madagaskar\/Nattes\/Ankunft-1024x575.jpg\" alt=\"Ankunft\" class=\"wp-image-473\" title=\"Ankunft auf Ile. aux Nattes\" srcset=\"https:\/\/www.guhalg.com\/wordpress\/wp-content\/uploads\/Reisen\/Madagaskar\/Nattes\/Ankunft-1024x575.jpg 1024w, https:\/\/www.guhalg.com\/wordpress\/wp-content\/uploads\/Reisen\/Madagaskar\/Nattes\/Ankunft-300x169.jpg 300w, https:\/\/www.guhalg.com\/wordpress\/wp-content\/uploads\/Reisen\/Madagaskar\/Nattes\/Ankunft-768x432.jpg 768w, https:\/\/www.guhalg.com\/wordpress\/wp-content\/uploads\/Reisen\/Madagaskar\/Nattes\/Ankunft-1536x863.jpg 1536w, https:\/\/www.guhalg.com\/wordpress\/wp-content\/uploads\/Reisen\/Madagaskar\/Nattes\/Ankunft.jpg 1920w\" sizes=\"auto, (max-width: 1024px) 100vw, 1024px\" \/><\/a><figcaption>Ankunft im Paradis<\/figcaption><\/figure>\n\n\n\n<p>In den zwei Stunden schlendern \u00fcber die Insel sind uns nur wenige Leute begegnet. Daf\u00fcr gab es aber eine Menge an Postkartenmotiven zu bestaunen. Innerhalb der Insel gab es so manche, auf den ersten Blick, verlassene H\u00fctte, die teilweise als Lagerhaus, aber auch als Saisonunterkunft dient. Die Str\u00e4nde rund um die Insel sind aber das eigentliche Highlight. Die Resorts auf der Insel (meist im oberen Qualit\u00e4tssegment) sind v\u00f6llig in die Landschaft integriert, aber egal wo man auch hinschaut, \u00fcberall nur Traumstr\u00e4nde und keine Menschen.<\/p>\n\n\n\n<p>Ein paar dieser Bilder haben wir unter folgendem Link bereitgestellt: <a href=\"https:\/\/www.guhalg.com\/wordpress\/?page_id=548#ileauxnattes\" data-type=\"page\">Ils. aux Nattes<\/a><\/p>\n\n\n\n<p>P\u00fcnktlich zur vereinbarten Zeit war unser Boot wieder da, um uns abzuholen. Nach nur wenigen Metern Fu\u00dfweg stand auch unser Roller, bewacht von einem Jungen f\u00fcr wenig Geld. Vorbei am Flughafen und an der Landebahn, beides v\u00f6llig ungesichert und f\u00fcr jeden ohne Probleme erreichbar, zumindest wenn man den Weg zum Strand nimmt und nicht von vorne zum Eingang geht, ging es dann langsam zur\u00fcck zu unserer Lodge.<\/p>\n\n\n\n<div class=\"wp-block-columns is-layout-flex wp-container-core-columns-is-layout-9d6595d7 wp-block-columns-is-layout-flex\">\n<div class=\"wp-block-column is-layout-flow wp-block-column-is-layout-flow\">\n<figure class=\"wp-block-image size-large\"><a href=\"https:\/\/www.guhalg.com\/wordpress\/wp-content\/uploads\/Reisen\/Madagaskar\/Nattes\/Flughafen.jpg\"><img loading=\"lazy\" decoding=\"async\" width=\"1024\" height=\"575\" src=\"https:\/\/www.guhalg.com\/wordpress\/wp-content\/uploads\/Reisen\/Madagaskar\/Nattes\/Flughafen-1024x575.jpg\" alt=\"Flughafen\" class=\"wp-image-477\" srcset=\"https:\/\/www.guhalg.com\/wordpress\/wp-content\/uploads\/Reisen\/Madagaskar\/Nattes\/Flughafen-1024x575.jpg 1024w, https:\/\/www.guhalg.com\/wordpress\/wp-content\/uploads\/Reisen\/Madagaskar\/Nattes\/Flughafen-300x169.jpg 300w, https:\/\/www.guhalg.com\/wordpress\/wp-content\/uploads\/Reisen\/Madagaskar\/Nattes\/Flughafen-768x432.jpg 768w, https:\/\/www.guhalg.com\/wordpress\/wp-content\/uploads\/Reisen\/Madagaskar\/Nattes\/Flughafen-1536x863.jpg 1536w, https:\/\/www.guhalg.com\/wordpress\/wp-content\/uploads\/Reisen\/Madagaskar\/Nattes\/Flughafen.jpg 1920w\" sizes=\"auto, (max-width: 1024px) 100vw, 1024px\" \/><\/a><figcaption>Flughafen<\/figcaption><\/figure>\n<\/div>\n\n\n\n<div class=\"wp-block-column is-layout-flow wp-block-column-is-layout-flow\">\n<figure class=\"wp-block-image size-large\"><a href=\"https:\/\/www.guhalg.com\/wordpress\/wp-content\/uploads\/Reisen\/Madagaskar\/Nattes\/Landebahn.jpg\"><img loading=\"lazy\" decoding=\"async\" width=\"1024\" height=\"575\" src=\"https:\/\/www.guhalg.com\/wordpress\/wp-content\/uploads\/Reisen\/Madagaskar\/Nattes\/Landebahn-1024x575.jpg\" alt=\"Landebahn\" class=\"wp-image-480\" srcset=\"https:\/\/www.guhalg.com\/wordpress\/wp-content\/uploads\/Reisen\/Madagaskar\/Nattes\/Landebahn-1024x575.jpg 1024w, https:\/\/www.guhalg.com\/wordpress\/wp-content\/uploads\/Reisen\/Madagaskar\/Nattes\/Landebahn-300x169.jpg 300w, https:\/\/www.guhalg.com\/wordpress\/wp-content\/uploads\/Reisen\/Madagaskar\/Nattes\/Landebahn-768x432.jpg 768w, https:\/\/www.guhalg.com\/wordpress\/wp-content\/uploads\/Reisen\/Madagaskar\/Nattes\/Landebahn-1536x863.jpg 1536w, https:\/\/www.guhalg.com\/wordpress\/wp-content\/uploads\/Reisen\/Madagaskar\/Nattes\/Landebahn.jpg 1920w\" sizes=\"auto, (max-width: 1024px) 100vw, 1024px\" \/><\/a><figcaption>Landebahn<\/figcaption><\/figure>\n<\/div>\n<\/div>\n\n\n\n<p>In der Hauptstadt haben wir dann noch auf einen kleinen Parkplatz angesteuert, wo der Piratenfriedhof ausgeschildert ist. Schnell noch einen Guide gemietet, da der Friedhof nur mit Guide betreten werden darf und schon sind wir \u00fcber die Br\u00fccke und entlang des Damms auf die kleine Insel Ile aux Forbans losgezogen.<\/p>\n\n\n\n<div class=\"wp-block-columns is-layout-flex wp-container-core-columns-is-layout-9d6595d7 wp-block-columns-is-layout-flex\">\n<div class=\"wp-block-column is-layout-flow wp-block-column-is-layout-flow\">\n<figure class=\"wp-block-image size-large\"><a href=\"https:\/\/www.guhalg.com\/wordpress\/wp-content\/uploads\/Reisen\/Madagaskar\/Nattes\/Bruecke.jpg\"><img loading=\"lazy\" decoding=\"async\" width=\"1024\" height=\"575\" src=\"https:\/\/www.guhalg.com\/wordpress\/wp-content\/uploads\/Reisen\/Madagaskar\/Nattes\/Bruecke-1024x575.jpg\" alt=\"Bruecke\" class=\"wp-image-474\" srcset=\"https:\/\/www.guhalg.com\/wordpress\/wp-content\/uploads\/Reisen\/Madagaskar\/Nattes\/Bruecke-1024x575.jpg 1024w, https:\/\/www.guhalg.com\/wordpress\/wp-content\/uploads\/Reisen\/Madagaskar\/Nattes\/Bruecke-300x169.jpg 300w, https:\/\/www.guhalg.com\/wordpress\/wp-content\/uploads\/Reisen\/Madagaskar\/Nattes\/Bruecke-768x432.jpg 768w, https:\/\/www.guhalg.com\/wordpress\/wp-content\/uploads\/Reisen\/Madagaskar\/Nattes\/Bruecke-1536x863.jpg 1536w, https:\/\/www.guhalg.com\/wordpress\/wp-content\/uploads\/Reisen\/Madagaskar\/Nattes\/Bruecke.jpg 1920w\" sizes=\"auto, (max-width: 1024px) 100vw, 1024px\" \/><\/a><figcaption>Die Br\u00fccke zur Insel<\/figcaption><\/figure>\n<\/div>\n\n\n\n<div class=\"wp-block-column is-layout-flow wp-block-column-is-layout-flow\">\n<figure class=\"wp-block-image size-large\"><a href=\"https:\/\/www.guhalg.com\/wordpress\/wp-content\/uploads\/Reisen\/Madagaskar\/Nattes\/Damm.jpg\"><img loading=\"lazy\" decoding=\"async\" width=\"1024\" height=\"575\" src=\"https:\/\/www.guhalg.com\/wordpress\/wp-content\/uploads\/Reisen\/Madagaskar\/Nattes\/Damm-1024x575.jpg\" alt=\"Damm\" class=\"wp-image-476\" srcset=\"https:\/\/www.guhalg.com\/wordpress\/wp-content\/uploads\/Reisen\/Madagaskar\/Nattes\/Damm-1024x575.jpg 1024w, https:\/\/www.guhalg.com\/wordpress\/wp-content\/uploads\/Reisen\/Madagaskar\/Nattes\/Damm-300x169.jpg 300w, https:\/\/www.guhalg.com\/wordpress\/wp-content\/uploads\/Reisen\/Madagaskar\/Nattes\/Damm-768x432.jpg 768w, https:\/\/www.guhalg.com\/wordpress\/wp-content\/uploads\/Reisen\/Madagaskar\/Nattes\/Damm-1536x863.jpg 1536w, https:\/\/www.guhalg.com\/wordpress\/wp-content\/uploads\/Reisen\/Madagaskar\/Nattes\/Damm.jpg 1920w\" sizes=\"auto, (max-width: 1024px) 100vw, 1024px\" \/><\/a><figcaption>Der Damm<\/figcaption><\/figure>\n<\/div>\n<\/div>\n\n\n\n<p>Am Anfang des Friedhofs werden durch den Guide einige Kleinigkeiten (meist eine kleine M\u00fcnze und etwas S\u00fc\u00dfigkeiten) auf eines der Gr\u00e4ber gelegt, um sich bei den Geistern f\u00fcr die St\u00f6rung zu entschuldigen. Ob er sie nach dem Besuch wieder mitnimmt, k\u00f6nnen wir nicht sagen, vermuten es aber. Sonst h\u00e4tten wir ja diese Gaben von anderen Besuchen vorab gesehen.<\/p>\n\n\n\n<p>Wenn man mal den wunderbaren Ausblick von dieser kleinen Insel und die Sch\u00f6nheit der Natur au\u00dfen vor l\u00e4sst, dann steht man einfach auf einem alten Friedhof mit ein paar Gr\u00e4bern, umgeben von alten verfallenen Grabplatten. Und an dieser Stelle kommt der Guide wunderbar ins Spiel. Er soll zwar auf der einen Seite aufpassen, dass hier nichts ver\u00e4ndert wird, er kennt aber auch alle relevanten Gr\u00e4ber und kann eine Menge passender Geschichten dazu erz\u00e4hlen. Zum Gl\u00fcck meist auf Englisch. Manchmal musste Chrischi aber \u00fcbersetzen, da wo dem Guide die richtigen Worte fehlten.<\/p>\n\n\n\n<p>Die meisten dieser Geschichten haben wir mittlerweile wieder vergessen, aber eine ist uns vom Ausgang her bis heute pr\u00e4sent. Da wurde der Kommandant der Piraten (keine Ahnung, ob er das war, aber eher nicht) durch seinen besten Freund ermordet und dieses ist so auch auf dem Grabstein vermerkt. Dieses Bild wollen wir euch nat\u00fcrlich zeigen, mitsamt der Inschrift.<\/p>\n\n\n\n<figure class=\"wp-block-image size-large\"><a href=\"https:\/\/www.guhalg.com\/wordpress\/wp-content\/uploads\/Reisen\/Madagaskar\/Nattes\/Grabstein.jpg\"><img loading=\"lazy\" decoding=\"async\" width=\"1024\" height=\"575\" src=\"https:\/\/www.guhalg.com\/wordpress\/wp-content\/uploads\/Reisen\/Madagaskar\/Nattes\/Grabstein-1024x575.jpg\" alt=\"Grabstein\" class=\"wp-image-478\" title=\"Grabstein\" srcset=\"https:\/\/www.guhalg.com\/wordpress\/wp-content\/uploads\/Reisen\/Madagaskar\/Nattes\/Grabstein-1024x575.jpg 1024w, https:\/\/www.guhalg.com\/wordpress\/wp-content\/uploads\/Reisen\/Madagaskar\/Nattes\/Grabstein-300x169.jpg 300w, https:\/\/www.guhalg.com\/wordpress\/wp-content\/uploads\/Reisen\/Madagaskar\/Nattes\/Grabstein-768x432.jpg 768w, https:\/\/www.guhalg.com\/wordpress\/wp-content\/uploads\/Reisen\/Madagaskar\/Nattes\/Grabstein-1536x863.jpg 1536w, https:\/\/www.guhalg.com\/wordpress\/wp-content\/uploads\/Reisen\/Madagaskar\/Nattes\/Grabstein.jpg 1920w\" sizes=\"auto, (max-width: 1024px) 100vw, 1024px\" \/><\/a><figcaption>Grabstein<\/figcaption><\/figure>\n\n\n\n<hr class=\"wp-block-separator\"\/>\n\n\n\n<p>CI-GIT<br><br>A<br><br>JOSEPH PIERRE<br>LECHARTIER, N\u00c9 \u00c0<br>DUCEY, D\u00c9Pt DE LA MAN<br>CHE LE 10 AVRIL<br>1788.<br>ARRIVE SUR LA FLUTE<br>LA NORMANDE<br>LE 1er NOVEMBRE 1821<br>MORT A Ste MARIE<br>LE 14 MARS 1834<br><br>PAR SON AMI HULIN<br>PASSANS PRIEZ POUR LUI<\/p>\n\n\n\n<hr class=\"wp-block-separator\"\/>\n\n\n\n<p>Wer noch einige Bilder vom Piratenfriedhof sehen m\u00f6chte, kann dem Link folgen: <a href=\"https:\/\/www.guhalg.com\/wordpress\/?page_id=548#Piratenfriedhof\" data-type=\"URL\">Piratenfriedhof Ile aux Forbans<\/a><\/p>\n\n\n\n<p>Nach dem Rundgang \u00fcber den Friedhof ging es wieder zur\u00fcck zum Parkplatz. So langsam wurde es Abend und wir wollten vermeiden bei Dunkelheit \u00fcber die Insel zu fahren. Wir sind aber doch noch \u00fcber unsere Lodge hinausgefahren und haben uns f\u00fcr den Sonnenuntergang unsere eigene Bucht gesucht. Hier konnten wir in der Natur und frei von weiteren Menschen einfach den Sonnenuntergang genie\u00dfen.<\/p>\n\n\n\n<div class=\"wp-block-columns is-layout-flex wp-container-core-columns-is-layout-9d6595d7 wp-block-columns-is-layout-flex\">\n<div class=\"wp-block-column is-layout-flow wp-block-column-is-layout-flow\">\n<figure class=\"wp-block-image size-large\"><a href=\"https:\/\/www.guhalg.com\/wordpress\/wp-content\/uploads\/Reisen\/Madagaskar\/Nattes\/Bucht.jpg\"><img loading=\"lazy\" decoding=\"async\" width=\"1024\" height=\"575\" src=\"https:\/\/www.guhalg.com\/wordpress\/wp-content\/uploads\/Reisen\/Madagaskar\/Nattes\/Bucht-1024x575.jpg\" alt=\"Bucht\" class=\"wp-image-475\" srcset=\"https:\/\/www.guhalg.com\/wordpress\/wp-content\/uploads\/Reisen\/Madagaskar\/Nattes\/Bucht-1024x575.jpg 1024w, https:\/\/www.guhalg.com\/wordpress\/wp-content\/uploads\/Reisen\/Madagaskar\/Nattes\/Bucht-300x169.jpg 300w, https:\/\/www.guhalg.com\/wordpress\/wp-content\/uploads\/Reisen\/Madagaskar\/Nattes\/Bucht-768x432.jpg 768w, https:\/\/www.guhalg.com\/wordpress\/wp-content\/uploads\/Reisen\/Madagaskar\/Nattes\/Bucht-1536x863.jpg 1536w, https:\/\/www.guhalg.com\/wordpress\/wp-content\/uploads\/Reisen\/Madagaskar\/Nattes\/Bucht.jpg 1920w\" sizes=\"auto, (max-width: 1024px) 100vw, 1024px\" \/><\/a><figcaption>eine einsame Bucht<\/figcaption><\/figure>\n<\/div>\n\n\n\n<div class=\"wp-block-column is-layout-flow wp-block-column-is-layout-flow\">\n<figure class=\"wp-block-image size-large\"><a href=\"https:\/\/www.guhalg.com\/wordpress\/wp-content\/uploads\/Reisen\/Madagaskar\/Nattes\/Sonnenuntergang.jpg\"><img loading=\"lazy\" decoding=\"async\" width=\"1024\" height=\"575\" src=\"https:\/\/www.guhalg.com\/wordpress\/wp-content\/uploads\/Reisen\/Madagaskar\/Nattes\/Sonnenuntergang-1024x575.jpg\" alt=\"Sonnenuntergang\" class=\"wp-image-482\" srcset=\"https:\/\/www.guhalg.com\/wordpress\/wp-content\/uploads\/Reisen\/Madagaskar\/Nattes\/Sonnenuntergang-1024x575.jpg 1024w, https:\/\/www.guhalg.com\/wordpress\/wp-content\/uploads\/Reisen\/Madagaskar\/Nattes\/Sonnenuntergang-300x169.jpg 300w, https:\/\/www.guhalg.com\/wordpress\/wp-content\/uploads\/Reisen\/Madagaskar\/Nattes\/Sonnenuntergang-768x432.jpg 768w, https:\/\/www.guhalg.com\/wordpress\/wp-content\/uploads\/Reisen\/Madagaskar\/Nattes\/Sonnenuntergang-1536x863.jpg 1536w, https:\/\/www.guhalg.com\/wordpress\/wp-content\/uploads\/Reisen\/Madagaskar\/Nattes\/Sonnenuntergang.jpg 1920w\" sizes=\"auto, (max-width: 1024px) 100vw, 1024px\" \/><\/a><figcaption>Sonnenuntergang<\/figcaption><\/figure>\n<\/div>\n<\/div>\n\n\n\n<p>Das Ende des Tages bildete ein leckeres Abendessen und auf unserer Terrasse haben wir den Tag ausklingen lassen. F\u00fcr eine kleine Insel gab es sehr viel zu sehen und zu erleben. Mal sehen, was der n\u00e4chste Tag so bringen w\u00fcrde.<\/p>\n\n\n\n<div class=\"wp-block-columns is-layout-flex wp-container-core-columns-is-layout-9d6595d7 wp-block-columns-is-layout-flex\">\n<div class=\"wp-block-column is-layout-flow wp-block-column-is-layout-flow\">\n<figure class=\"wp-block-image size-large\"><a href=\"https:\/\/www.guhalg.com\/wordpress\/wp-content\/uploads\/Reisen\/Madagaskar\/Nattes\/Hauptgang.jpg\"><img loading=\"lazy\" decoding=\"async\" width=\"1024\" height=\"768\" src=\"https:\/\/www.guhalg.com\/wordpress\/wp-content\/uploads\/Reisen\/Madagaskar\/Nattes\/Hauptgang-1024x768.jpg\" alt=\"Hauptgang\" class=\"wp-image-479\" srcset=\"https:\/\/www.guhalg.com\/wordpress\/wp-content\/uploads\/Reisen\/Madagaskar\/Nattes\/Hauptgang-1024x768.jpg 1024w, https:\/\/www.guhalg.com\/wordpress\/wp-content\/uploads\/Reisen\/Madagaskar\/Nattes\/Hauptgang-300x225.jpg 300w, https:\/\/www.guhalg.com\/wordpress\/wp-content\/uploads\/Reisen\/Madagaskar\/Nattes\/Hauptgang-768x576.jpg 768w, https:\/\/www.guhalg.com\/wordpress\/wp-content\/uploads\/Reisen\/Madagaskar\/Nattes\/Hauptgang-1536x1152.jpg 1536w, https:\/\/www.guhalg.com\/wordpress\/wp-content\/uploads\/Reisen\/Madagaskar\/Nattes\/Hauptgang.jpg 1920w\" sizes=\"auto, (max-width: 1024px) 100vw, 1024px\" \/><\/a><figcaption>Der Hauptgang<\/figcaption><\/figure>\n<\/div>\n\n\n\n<div class=\"wp-block-column is-layout-flow wp-block-column-is-layout-flow\">\n<figure class=\"wp-block-image size-large\"><a href=\"https:\/\/www.guhalg.com\/wordpress\/wp-content\/uploads\/Reisen\/Madagaskar\/Nattes\/Nachtisch.jpg\"><img loading=\"lazy\" decoding=\"async\" width=\"1024\" height=\"768\" src=\"https:\/\/www.guhalg.com\/wordpress\/wp-content\/uploads\/Reisen\/Madagaskar\/Nattes\/Nachtisch-1024x768.jpg\" alt=\"Nachtisch\" class=\"wp-image-481\" srcset=\"https:\/\/www.guhalg.com\/wordpress\/wp-content\/uploads\/Reisen\/Madagaskar\/Nattes\/Nachtisch-1024x768.jpg 1024w, https:\/\/www.guhalg.com\/wordpress\/wp-content\/uploads\/Reisen\/Madagaskar\/Nattes\/Nachtisch-300x225.jpg 300w, https:\/\/www.guhalg.com\/wordpress\/wp-content\/uploads\/Reisen\/Madagaskar\/Nattes\/Nachtisch-768x576.jpg 768w, https:\/\/www.guhalg.com\/wordpress\/wp-content\/uploads\/Reisen\/Madagaskar\/Nattes\/Nachtisch-1536x1152.jpg 1536w, https:\/\/www.guhalg.com\/wordpress\/wp-content\/uploads\/Reisen\/Madagaskar\/Nattes\/Nachtisch.jpg 1920w\" sizes=\"auto, (max-width: 1024px) 100vw, 1024px\" \/><\/a><figcaption>Der Nachtisch<\/figcaption><\/figure>\n<\/div>\n<\/div>\n\n\n\n<div class=\"wp-block-columns is-layout-flex wp-container-core-columns-is-layout-9d6595d7 wp-block-columns-is-layout-flex\">\n<div class=\"wp-block-column is-layout-flow wp-block-column-is-layout-flow\">\n<div class=\"wp-block-buttons is-layout-flex wp-block-buttons-is-layout-flex\">\n<div class=\"wp-block-button\"><a class=\"wp-block-button__link\" href=\"https:\/\/www.guhalg.com\/wordpress\/?page_id=451\">Ein Inseltag<\/a><\/div>\n<\/div>\n<\/div>\n\n\n\n<div class=\"wp-block-column is-layout-flow wp-block-column-is-layout-flow\">\n<div class=\"wp-block-buttons is-horizontal is-content-justification-right is-layout-flex wp-container-core-buttons-is-layout-ae2fe186 wp-block-buttons-is-layout-flex\">\n<div class=\"wp-block-button\"><a class=\"wp-block-button__link\" href=\"https:\/\/www.guhalg.com\/wordpress\/?page_id=1016\">Tauchen und Wale Watching<\/a><\/div>\n<\/div>\n<\/div>\n<\/div>\n","protected":false},"excerpt":{"rendered":"<p>Wir sind anschlie\u00dfend weiter bis an die S\u00fcdspitze von Ile. Saint Marie gefahren. Dort gibt es noch eine kleine vorgelagerte Insel Ile. aux Nattes (Nosy Nanto). Man kann dort mit kleinen Booten \u00fcbersetzen und landet dabei in einem Paradies. Die&hellip; <\/p>\n","protected":false},"author":1,"featured_media":0,"parent":279,"menu_order":0,"comment_status":"closed","ping_status":"closed","template":"","meta":{"footnotes":""},"class_list":["post-469","page","type-page","status-publish","hentry"],"_links":{"self":[{"href":"https:\/\/www.guhalg.com\/wordpress\/index.php?rest_route=\/wp\/v2\/pages\/469","targetHints":{"allow":["GET"]}}],"collection":[{"href":"https:\/\/www.guhalg.com\/wordpress\/index.php?rest_route=\/wp\/v2\/pages"}],"about":[{"href":"https:\/\/www.guhalg.com\/wordpress\/index.php?rest_route=\/wp\/v2\/types\/page"}],"author":[{"embeddable":true,"href":"https:\/\/www.guhalg.com\/wordpress\/index.php?rest_route=\/wp\/v2\/users\/1"}],"replies":[{"embeddable":true,"href":"https:\/\/www.guhalg.com\/wordpress\/index.php?rest_route=%2Fwp%2Fv2%2Fcomments&post=469"}],"version-history":[{"count":12,"href":"https:\/\/www.guhalg.com\/wordpress\/index.php?rest_route=\/wp\/v2\/pages\/469\/revisions"}],"predecessor-version":[{"id":7866,"href":"https:\/\/www.guhalg.com\/wordpress\/index.php?rest_route=\/wp\/v2\/pages\/469\/revisions\/7866"}],"up":[{"embeddable":true,"href":"https:\/\/www.guhalg.com\/wordpress\/index.php?rest_route=\/wp\/v2\/pages\/279"}],"wp:attachment":[{"href":"https:\/\/www.guhalg.com\/wordpress\/index.php?rest_route=%2Fwp%2Fv2%2Fmedia&parent=469"}],"curies":[{"name":"wp","href":"https:\/\/api.w.org\/{rel}","templated":true}]}}