{"id":4707,"date":"2021-12-16T19:30:09","date_gmt":"2021-12-16T18:30:09","guid":{"rendered":"https:\/\/www.guhalg.com\/wordpress\/?page_id=4707"},"modified":"2022-02-08T22:12:17","modified_gmt":"2022-02-08T21:12:17","slug":"unser-letzter-tag","status":"publish","type":"page","link":"https:\/\/www.guhalg.com\/wordpress\/?page_id=4707","title":{"rendered":"Unser letzter Tag"},"content":{"rendered":"\n<p>Unseren letzten Tag in Afrika konnten wir ganz entspannt genie\u00dfen. Wir brauchen ja eh immer einen Tag ohne Tauchen, um die Stickstoffs\u00e4ttigung abzubauen, und unser Flug von Mosambik nach Johannesburg ging erst am sp\u00e4ten Nachmittag. So haben wir uns von einem Touristenf\u00fchrer Inhambane zeigen lassen. Auf dem Weg gab es nochmal die letzten Eindr\u00fccke der Dorflandschaft rund um Tofo sowie Bilder vom Ackerbau und gezieltem Brandbau. Nicht zu verwechseln mit dem g\u00e4ngigen Begriff der Brandrodung. Hier wurde das vorhandene abgeerntete Gestr\u00fcpp verbrannt, um N\u00e4hrstoffe f\u00fcr den n\u00e4chsten Anbau zu gewinnen.<\/p>\n\n\n\n<figure class=\"wp-block-gallery has-nested-images columns-default is-cropped wp-block-gallery-1 is-layout-flex wp-block-gallery-is-layout-flex\">\n<figure class=\"wp-block-image size-large\"><img loading=\"lazy\" decoding=\"async\" width=\"1024\" height=\"575\" data-id=\"4766\" src=\"https:\/\/www.guhalg.com\/wordpress\/wp-content\/uploads\/Reisen\/2011 Afrika\/Inhambane\/Mozambik_011.jpg\" alt=\"\" class=\"wp-image-4766\" srcset=\"https:\/\/www.guhalg.com\/wordpress\/wp-content\/uploads\/Reisen\/2011%20Afrika\/Inhambane\/Mozambik_011.jpg 1024w, https:\/\/www.guhalg.com\/wordpress\/wp-content\/uploads\/Reisen\/2011%20Afrika\/Inhambane\/Mozambik_011-300x168.jpg 300w, https:\/\/www.guhalg.com\/wordpress\/wp-content\/uploads\/Reisen\/2011%20Afrika\/Inhambane\/Mozambik_011-768x431.jpg 768w\" sizes=\"auto, (max-width: 1024px) 100vw, 1024px\" \/><\/figure>\n\n\n\n<figure class=\"wp-block-image size-large\"><img loading=\"lazy\" decoding=\"async\" width=\"1024\" height=\"575\" data-id=\"4765\" src=\"https:\/\/www.guhalg.com\/wordpress\/wp-content\/uploads\/Reisen\/2011 Afrika\/Inhambane\/Mozambik_010.jpg\" alt=\"\" class=\"wp-image-4765\" srcset=\"https:\/\/www.guhalg.com\/wordpress\/wp-content\/uploads\/Reisen\/2011%20Afrika\/Inhambane\/Mozambik_010.jpg 1024w, https:\/\/www.guhalg.com\/wordpress\/wp-content\/uploads\/Reisen\/2011%20Afrika\/Inhambane\/Mozambik_010-300x168.jpg 300w, https:\/\/www.guhalg.com\/wordpress\/wp-content\/uploads\/Reisen\/2011%20Afrika\/Inhambane\/Mozambik_010-768x431.jpg 768w\" sizes=\"auto, (max-width: 1024px) 100vw, 1024px\" \/><\/figure>\n\n\n\n<figure class=\"wp-block-image size-large\"><img loading=\"lazy\" decoding=\"async\" width=\"1024\" height=\"575\" data-id=\"4767\" src=\"https:\/\/www.guhalg.com\/wordpress\/wp-content\/uploads\/Reisen\/2011 Afrika\/Inhambane\/Mozambik_012.jpg\" alt=\"\" class=\"wp-image-4767\" srcset=\"https:\/\/www.guhalg.com\/wordpress\/wp-content\/uploads\/Reisen\/2011%20Afrika\/Inhambane\/Mozambik_012.jpg 1024w, https:\/\/www.guhalg.com\/wordpress\/wp-content\/uploads\/Reisen\/2011%20Afrika\/Inhambane\/Mozambik_012-300x168.jpg 300w, https:\/\/www.guhalg.com\/wordpress\/wp-content\/uploads\/Reisen\/2011%20Afrika\/Inhambane\/Mozambik_012-768x431.jpg 768w\" sizes=\"auto, (max-width: 1024px) 100vw, 1024px\" \/><\/figure>\n\n\n\n<figure class=\"wp-block-image size-large\"><img loading=\"lazy\" decoding=\"async\" width=\"1024\" height=\"575\" data-id=\"4768\" src=\"https:\/\/www.guhalg.com\/wordpress\/wp-content\/uploads\/Reisen\/2011 Afrika\/Inhambane\/Mozambik_115.jpg\" alt=\"\" class=\"wp-image-4768\" srcset=\"https:\/\/www.guhalg.com\/wordpress\/wp-content\/uploads\/Reisen\/2011%20Afrika\/Inhambane\/Mozambik_115.jpg 1024w, https:\/\/www.guhalg.com\/wordpress\/wp-content\/uploads\/Reisen\/2011%20Afrika\/Inhambane\/Mozambik_115-300x168.jpg 300w, https:\/\/www.guhalg.com\/wordpress\/wp-content\/uploads\/Reisen\/2011%20Afrika\/Inhambane\/Mozambik_115-768x431.jpg 768w\" sizes=\"auto, (max-width: 1024px) 100vw, 1024px\" \/><\/figure>\n\n\n\n<figure class=\"wp-block-image size-large\"><img loading=\"lazy\" decoding=\"async\" width=\"1024\" height=\"575\" data-id=\"4770\" src=\"https:\/\/www.guhalg.com\/wordpress\/wp-content\/uploads\/Reisen\/2011 Afrika\/Inhambane\/Mozambik_117.jpg\" alt=\"\" class=\"wp-image-4770\" srcset=\"https:\/\/www.guhalg.com\/wordpress\/wp-content\/uploads\/Reisen\/2011%20Afrika\/Inhambane\/Mozambik_117.jpg 1024w, https:\/\/www.guhalg.com\/wordpress\/wp-content\/uploads\/Reisen\/2011%20Afrika\/Inhambane\/Mozambik_117-300x168.jpg 300w, https:\/\/www.guhalg.com\/wordpress\/wp-content\/uploads\/Reisen\/2011%20Afrika\/Inhambane\/Mozambik_117-768x431.jpg 768w\" sizes=\"auto, (max-width: 1024px) 100vw, 1024px\" \/><\/figure>\n\n\n\n<figure class=\"wp-block-image size-large\"><img loading=\"lazy\" decoding=\"async\" width=\"1024\" height=\"575\" data-id=\"4769\" src=\"https:\/\/www.guhalg.com\/wordpress\/wp-content\/uploads\/Reisen\/2011 Afrika\/Inhambane\/Mozambik_116.jpg\" alt=\"\" class=\"wp-image-4769\" srcset=\"https:\/\/www.guhalg.com\/wordpress\/wp-content\/uploads\/Reisen\/2011%20Afrika\/Inhambane\/Mozambik_116.jpg 1024w, https:\/\/www.guhalg.com\/wordpress\/wp-content\/uploads\/Reisen\/2011%20Afrika\/Inhambane\/Mozambik_116-300x168.jpg 300w, https:\/\/www.guhalg.com\/wordpress\/wp-content\/uploads\/Reisen\/2011%20Afrika\/Inhambane\/Mozambik_116-768x431.jpg 768w\" sizes=\"auto, (max-width: 1024px) 100vw, 1024px\" \/><\/figure>\n<\/figure>\n\n\n\n<p>Die Stadtbesichtigung\u00a0 f\u00fchrte uns u.\u00a0a. in ein kleines, aber feines Museum, wo es viele Exponate aus der kulturellen Vergangenheit gab, aber auch einige St\u00fccke aus j\u00fcngerer Zeit, wie z.\u00a0B. ein Radio, einen Fotoapparat und auch ein Transportfahrrad. <\/p>\n\n\n\n<div class=\"wp-block-columns is-layout-flex wp-container-core-columns-is-layout-9d6595d7 wp-block-columns-is-layout-flex\">\n<div class=\"wp-block-column is-layout-flow wp-block-column-is-layout-flow\">\n<div class=\"wp-block-image\"><figure class=\"aligncenter size-full\"><a href=\"https:\/\/www.guhalg.com\/wordpress\/wp-content\/uploads\/Reisen\/2011 Afrika\/Inhambane\/Mozambik_129.jpg\"><img loading=\"lazy\" decoding=\"async\" width=\"1024\" height=\"575\" src=\"https:\/\/www.guhalg.com\/wordpress\/wp-content\/uploads\/Reisen\/2011 Afrika\/Inhambane\/Mozambik_129.jpg\" alt=\"Ein altes Radio\" class=\"wp-image-4771\" srcset=\"https:\/\/www.guhalg.com\/wordpress\/wp-content\/uploads\/Reisen\/2011%20Afrika\/Inhambane\/Mozambik_129.jpg 1024w, https:\/\/www.guhalg.com\/wordpress\/wp-content\/uploads\/Reisen\/2011%20Afrika\/Inhambane\/Mozambik_129-300x168.jpg 300w, https:\/\/www.guhalg.com\/wordpress\/wp-content\/uploads\/Reisen\/2011%20Afrika\/Inhambane\/Mozambik_129-768x431.jpg 768w\" sizes=\"auto, (max-width: 1024px) 100vw, 1024px\" \/><\/a><figcaption>Ein altes Radio<\/figcaption><\/figure><\/div>\n<\/div>\n\n\n\n<div class=\"wp-block-column is-layout-flow wp-block-column-is-layout-flow\">\n<div class=\"wp-block-image\"><figure class=\"aligncenter size-full\"><a href=\"https:\/\/www.guhalg.com\/wordpress\/wp-content\/uploads\/Reisen\/2011 Afrika\/Inhambane\/Mozambik_130.jpg\"><img loading=\"lazy\" decoding=\"async\" width=\"1024\" height=\"575\" src=\"https:\/\/www.guhalg.com\/wordpress\/wp-content\/uploads\/Reisen\/2011 Afrika\/Inhambane\/Mozambik_130.jpg\" alt=\"Eine alte Kamera\" class=\"wp-image-4772\" srcset=\"https:\/\/www.guhalg.com\/wordpress\/wp-content\/uploads\/Reisen\/2011%20Afrika\/Inhambane\/Mozambik_130.jpg 1024w, https:\/\/www.guhalg.com\/wordpress\/wp-content\/uploads\/Reisen\/2011%20Afrika\/Inhambane\/Mozambik_130-300x168.jpg 300w, https:\/\/www.guhalg.com\/wordpress\/wp-content\/uploads\/Reisen\/2011%20Afrika\/Inhambane\/Mozambik_130-768x431.jpg 768w\" sizes=\"auto, (max-width: 1024px) 100vw, 1024px\" \/><\/a><figcaption>Eine alte Kamera<\/figcaption><\/figure><\/div>\n<\/div>\n\n\n\n<div class=\"wp-block-column is-layout-flow wp-block-column-is-layout-flow\">\n<div class=\"wp-block-image\"><figure class=\"aligncenter size-full\"><a href=\"https:\/\/www.guhalg.com\/wordpress\/wp-content\/uploads\/Reisen\/2011 Afrika\/Inhambane\/Mozambik_133.jpg\"><img loading=\"lazy\" decoding=\"async\" width=\"1024\" height=\"575\" src=\"https:\/\/www.guhalg.com\/wordpress\/wp-content\/uploads\/Reisen\/2011 Afrika\/Inhambane\/Mozambik_133.jpg\" alt=\"Ein altes Fahrrad\" class=\"wp-image-4773\" srcset=\"https:\/\/www.guhalg.com\/wordpress\/wp-content\/uploads\/Reisen\/2011%20Afrika\/Inhambane\/Mozambik_133.jpg 1024w, https:\/\/www.guhalg.com\/wordpress\/wp-content\/uploads\/Reisen\/2011%20Afrika\/Inhambane\/Mozambik_133-300x168.jpg 300w, https:\/\/www.guhalg.com\/wordpress\/wp-content\/uploads\/Reisen\/2011%20Afrika\/Inhambane\/Mozambik_133-768x431.jpg 768w\" sizes=\"auto, (max-width: 1024px) 100vw, 1024px\" \/><\/a><figcaption>Ein altes Fahrrad<\/figcaption><\/figure><\/div>\n<\/div>\n<\/div>\n\n\n\n<p>Weiter f\u00fchrte uns die Tour \u00fcber den alten Bahnhof, einen kurzen Besuch in einer Schmiede, wo letzte Reste der Eisenbahn zerlegt wurden, und weiter am Strand und an diversen Kirchen und Moscheen vorbei. Besonders interessant war auch der Besuch einer Druckerei, in der u.\u00a0a. Schul- und Lehrb\u00fccher f\u00fcr ganz Mosambik hergestellt werden.<\/p>\n\n\n\n<div class=\"wp-block-image\"><figure class=\"aligncenter size-full\"><a href=\"https:\/\/www.guhalg.com\/wordpress\/wp-content\/uploads\/Reisen\/2011 Afrika\/Inhambane\/Mozambik_168.jpg\"><img loading=\"lazy\" decoding=\"async\" width=\"1024\" height=\"575\" src=\"https:\/\/www.guhalg.com\/wordpress\/wp-content\/uploads\/Reisen\/2011 Afrika\/Inhambane\/Mozambik_168.jpg\" alt=\"Die Druckerei\" class=\"wp-image-4774\" srcset=\"https:\/\/www.guhalg.com\/wordpress\/wp-content\/uploads\/Reisen\/2011%20Afrika\/Inhambane\/Mozambik_168.jpg 1024w, https:\/\/www.guhalg.com\/wordpress\/wp-content\/uploads\/Reisen\/2011%20Afrika\/Inhambane\/Mozambik_168-300x168.jpg 300w, https:\/\/www.guhalg.com\/wordpress\/wp-content\/uploads\/Reisen\/2011%20Afrika\/Inhambane\/Mozambik_168-768x431.jpg 768w\" sizes=\"auto, (max-width: 1024px) 100vw, 1024px\" \/><\/a><figcaption>Die Druckerei<\/figcaption><\/figure><\/div>\n\n\n\n<div class=\"wp-block-image\"><figure class=\"aligncenter size-full\"><a href=\"https:\/\/www.guhalg.com\/wordpress\/wp-content\/uploads\/Reisen\/2011 Afrika\/Inhambane\/Mozambik_175.jpg\"><img loading=\"lazy\" decoding=\"async\" width=\"1024\" height=\"575\" src=\"https:\/\/www.guhalg.com\/wordpress\/wp-content\/uploads\/Reisen\/2011 Afrika\/Inhambane\/Mozambik_175.jpg\" alt=\"Die Druckmaschinen\" class=\"wp-image-4775\" srcset=\"https:\/\/www.guhalg.com\/wordpress\/wp-content\/uploads\/Reisen\/2011%20Afrika\/Inhambane\/Mozambik_175.jpg 1024w, https:\/\/www.guhalg.com\/wordpress\/wp-content\/uploads\/Reisen\/2011%20Afrika\/Inhambane\/Mozambik_175-300x168.jpg 300w, https:\/\/www.guhalg.com\/wordpress\/wp-content\/uploads\/Reisen\/2011%20Afrika\/Inhambane\/Mozambik_175-768x431.jpg 768w\" sizes=\"auto, (max-width: 1024px) 100vw, 1024px\" \/><\/a><figcaption>Die Druckmaschinen<\/figcaption><\/figure><\/div>\n\n\n\n<p>Der Transport erfolgte gl\u00fccklicherweise von Station zu Station im klimatisierten Bus, denn dieser Tag war so hei\u00df und schw\u00fcl, man konnte gar nicht genug Kleidung ablegen, was wir nat\u00fcrlich gar nicht versucht haben. Obwohl Inhambane am Meer liegt, war von einer frischen Meeresbrise nichts zu sp\u00fcren. Zum Abschluss haben wir den Markt in Inhambane besucht und nach einer kalten Erfrischung im In-Cafe der Stadt ging es zum Flughafen. Dort hat uns ein kleiner Flieger nach Johannesburg gebracht, um anschlie\u00dfend im A380 die Heimreise nach Deutschland anzutreten. <\/p>\n\n\n\n<p>\u00dcbrigens:&nbsp;Obwohl Imhambane ein internationaler Flughafen ist, war die Flugsicherung doch eher rustikal. Statt einer Gep\u00e4ckdurchleuchtung gab es Angestellte, die mit wei\u00dfen Handschuhen die Taschen durchsuchten. Andere L\u00e4nder, andere Sitten. W\u00e4hrend des Fluges nach Hause konnten wir noch von den letzten Eindr\u00fccken in Mosambik tr\u00e4umen, was uns \u00fcber den Abschied aus Afrika hinweg tr\u00f6stete. F\u00fcr alle, die auch ein wenig tr\u00e4umen wollen, hier unsere Bilder vom letzten Tag:&nbsp;<a href=\"https:\/\/www.guhalg.com\/wordpress\/?page_id=4784\" data-type=\"page\" data-id=\"4784\">Inhambane <\/a> und die letzten Bilder aus dem Urlaub.<\/p>\n\n\n\n<div class=\"wp-block-columns is-layout-flex wp-container-core-columns-is-layout-9d6595d7 wp-block-columns-is-layout-flex\">\n<div class=\"wp-block-column is-layout-flow wp-block-column-is-layout-flow\">\n<div class=\"wp-block-image\"><figure class=\"aligncenter size-full\"><a href=\"https:\/\/www.guhalg.com\/wordpress\/wp-content\/uploads\/Reisen\/2011 Afrika\/Inhambane\/Mozambik_187.jpg\"><img loading=\"lazy\" decoding=\"async\" width=\"1024\" height=\"575\" src=\"https:\/\/www.guhalg.com\/wordpress\/wp-content\/uploads\/Reisen\/2011 Afrika\/Inhambane\/Mozambik_187.jpg\" alt=\"Flughafen Inhambane\" class=\"wp-image-4776\" srcset=\"https:\/\/www.guhalg.com\/wordpress\/wp-content\/uploads\/Reisen\/2011%20Afrika\/Inhambane\/Mozambik_187.jpg 1024w, https:\/\/www.guhalg.com\/wordpress\/wp-content\/uploads\/Reisen\/2011%20Afrika\/Inhambane\/Mozambik_187-300x168.jpg 300w, https:\/\/www.guhalg.com\/wordpress\/wp-content\/uploads\/Reisen\/2011%20Afrika\/Inhambane\/Mozambik_187-768x431.jpg 768w\" sizes=\"auto, (max-width: 1024px) 100vw, 1024px\" \/><\/a><figcaption>Flughafen Inhambane<\/figcaption><\/figure><\/div>\n<\/div>\n\n\n\n<div class=\"wp-block-column is-layout-flow wp-block-column-is-layout-flow\">\n<div class=\"wp-block-image\"><figure class=\"aligncenter size-full\"><a href=\"https:\/\/www.guhalg.com\/wordpress\/wp-content\/uploads\/Reisen\/2011 Afrika\/Inhambane\/Mozambik_189.jpg\"><img loading=\"lazy\" decoding=\"async\" width=\"1024\" height=\"575\" src=\"https:\/\/www.guhalg.com\/wordpress\/wp-content\/uploads\/Reisen\/2011 Afrika\/Inhambane\/Mozambik_189.jpg\" alt=\"Kleiner Flieger\" class=\"wp-image-4777\" srcset=\"https:\/\/www.guhalg.com\/wordpress\/wp-content\/uploads\/Reisen\/2011%20Afrika\/Inhambane\/Mozambik_189.jpg 1024w, https:\/\/www.guhalg.com\/wordpress\/wp-content\/uploads\/Reisen\/2011%20Afrika\/Inhambane\/Mozambik_189-300x168.jpg 300w, https:\/\/www.guhalg.com\/wordpress\/wp-content\/uploads\/Reisen\/2011%20Afrika\/Inhambane\/Mozambik_189-768x431.jpg 768w\" sizes=\"auto, (max-width: 1024px) 100vw, 1024px\" \/><\/a><figcaption>Kleiner Flieger<\/figcaption><\/figure><\/div>\n<\/div>\n\n\n\n<div class=\"wp-block-column is-layout-flow wp-block-column-is-layout-flow\">\n<div class=\"wp-block-image\"><figure class=\"aligncenter size-full\"><a href=\"https:\/\/www.guhalg.com\/wordpress\/wp-content\/uploads\/Reisen\/2011 Afrika\/Inhambane\/Mozambik_190.jpg\"><img loading=\"lazy\" decoding=\"async\" width=\"1024\" height=\"575\" src=\"https:\/\/www.guhalg.com\/wordpress\/wp-content\/uploads\/Reisen\/2011 Afrika\/Inhambane\/Mozambik_190.jpg\" alt=\"Sehr gro\u00dfer Flieger\" class=\"wp-image-4778\" srcset=\"https:\/\/www.guhalg.com\/wordpress\/wp-content\/uploads\/Reisen\/2011%20Afrika\/Inhambane\/Mozambik_190.jpg 1024w, https:\/\/www.guhalg.com\/wordpress\/wp-content\/uploads\/Reisen\/2011%20Afrika\/Inhambane\/Mozambik_190-300x168.jpg 300w, https:\/\/www.guhalg.com\/wordpress\/wp-content\/uploads\/Reisen\/2011%20Afrika\/Inhambane\/Mozambik_190-768x431.jpg 768w\" sizes=\"auto, (max-width: 1024px) 100vw, 1024px\" \/><\/a><figcaption>Sehr gro\u00dfer Flieger<\/figcaption><\/figure><\/div>\n<\/div>\n<\/div>\n\n\n\n<div class=\"wp-block-columns is-layout-flex wp-container-core-columns-is-layout-9d6595d7 wp-block-columns-is-layout-flex\">\n<div class=\"wp-block-column is-layout-flow wp-block-column-is-layout-flow\">\n<div class=\"wp-block-buttons is-layout-flex wp-block-buttons-is-layout-flex\">\n<div class=\"wp-block-button\"><a class=\"wp-block-button__link\" href=\"https:\/\/www.guhalg.com\/wordpress\/?page_id=4654\">Das Tauchen<\/a><\/div>\n<\/div>\n<\/div>\n\n\n\n<div class=\"wp-block-column is-layout-flow wp-block-column-is-layout-flow\">\n<div class=\"wp-block-buttons is-horizontal is-content-justification-right is-layout-flex wp-container-core-buttons-is-layout-ae2fe186 wp-block-buttons-is-layout-flex\">\n<div class=\"wp-block-button\"><a class=\"wp-block-button__link\" href=\"https:\/\/www.guhalg.com\/wordpress\/?page_id=4297\">Bilder Potholes<\/a><\/div>\n<\/div>\n<\/div>\n<\/div>\n","protected":false},"excerpt":{"rendered":"<p>Unseren letzten Tag in Afrika konnten wir ganz entspannt genie\u00dfen. Wir brauchen ja eh immer einen Tag ohne Tauchen, um die Stickstoffs\u00e4ttigung abzubauen, und unser Flug von Mosambik nach Johannesburg ging erst am sp\u00e4ten Nachmittag. So haben wir uns von&hellip; <\/p>\n","protected":false},"author":1,"featured_media":0,"parent":4189,"menu_order":16,"comment_status":"closed","ping_status":"closed","template":"","meta":{"footnotes":""},"class_list":["post-4707","page","type-page","status-publish","hentry"],"_links":{"self":[{"href":"https:\/\/www.guhalg.com\/wordpress\/index.php?rest_route=\/wp\/v2\/pages\/4707","targetHints":{"allow":["GET"]}}],"collection":[{"href":"https:\/\/www.guhalg.com\/wordpress\/index.php?rest_route=\/wp\/v2\/pages"}],"about":[{"href":"https:\/\/www.guhalg.com\/wordpress\/index.php?rest_route=\/wp\/v2\/types\/page"}],"author":[{"embeddable":true,"href":"https:\/\/www.guhalg.com\/wordpress\/index.php?rest_route=\/wp\/v2\/users\/1"}],"replies":[{"embeddable":true,"href":"https:\/\/www.guhalg.com\/wordpress\/index.php?rest_route=%2Fwp%2Fv2%2Fcomments&post=4707"}],"version-history":[{"count":9,"href":"https:\/\/www.guhalg.com\/wordpress\/index.php?rest_route=\/wp\/v2\/pages\/4707\/revisions"}],"predecessor-version":[{"id":7847,"href":"https:\/\/www.guhalg.com\/wordpress\/index.php?rest_route=\/wp\/v2\/pages\/4707\/revisions\/7847"}],"up":[{"embeddable":true,"href":"https:\/\/www.guhalg.com\/wordpress\/index.php?rest_route=\/wp\/v2\/pages\/4189"}],"wp:attachment":[{"href":"https:\/\/www.guhalg.com\/wordpress\/index.php?rest_route=%2Fwp%2Fv2%2Fmedia&parent=4707"}],"curies":[{"name":"wp","href":"https:\/\/api.w.org\/{rel}","templated":true}]}}