{"id":4846,"date":"2021-12-20T18:06:21","date_gmt":"2021-12-20T17:06:21","guid":{"rendered":"https:\/\/www.guhalg.com\/wordpress\/?page_id=4846"},"modified":"2022-02-07T21:42:29","modified_gmt":"2022-02-07T20:42:29","slug":"malediven-2008","status":"publish","type":"page","link":"https:\/\/www.guhalg.com\/wordpress\/?page_id=4846","title":{"rendered":"Malediven 2008"},"content":{"rendered":"\n<p>Hallo Surfer, auf den folgenden Seiten findet ihr einen Urlaubsbericht \u00fcber die Malediven. Dieser allerdings nicht in der \u00fcblichen Form mit wei\u00dfem Sandstrand, gr\u00fcnen Palmen und Nichtstun. Wir waren ganz im S\u00fcden der Malediven, auf der Insel Gan im Addu Atoll. Dieses liegt s\u00fcdlich des \u00c4quators und ist mit eigenem Flughafen und 18 km geteerter Stra\u00dfe halt etwas anders. Welttechnisch gesehen war dieser Urlaub gar nicht so weit entfernt.<\/p>\n\n\n\n<div class=\"wp-block-image\"><figure class=\"aligncenter size-full\"><a href=\"https:\/\/www.guhalg.com\/wordpress\/wp-content\/uploads\/Reisen\/Gan08\/Reise\/world_rel_803005AI_2003_markiert_800.jpg\"><img loading=\"lazy\" decoding=\"async\" width=\"800\" height=\"444\" src=\"https:\/\/www.guhalg.com\/wordpress\/wp-content\/uploads\/Reisen\/Gan08\/Reise\/world_rel_803005AI_2003_markiert_800.jpg\" alt=\"Gan im Addu Atoll\" class=\"wp-image-4888\" srcset=\"https:\/\/www.guhalg.com\/wordpress\/wp-content\/uploads\/Reisen\/Gan08\/Reise\/world_rel_803005AI_2003_markiert_800.jpg 800w, https:\/\/www.guhalg.com\/wordpress\/wp-content\/uploads\/Reisen\/Gan08\/Reise\/world_rel_803005AI_2003_markiert_800-300x167.jpg 300w, https:\/\/www.guhalg.com\/wordpress\/wp-content\/uploads\/Reisen\/Gan08\/Reise\/world_rel_803005AI_2003_markiert_800-768x426.jpg 768w\" sizes=\"auto, (max-width: 800px) 100vw, 800px\" \/><\/a><figcaption>Gan im Addu Atoll<\/figcaption><\/figure><\/div>\n\n\n\n<p> Nach den vielen Tauchg\u00e4ngen auf den Philippinen wollten wir mal wieder Gro\u00dffisch sehen. Ein Freund hat uns Gan empfohlen und so haben wir im Internet ein bisschen recherchiert. Nat\u00fcrlich gibt auch wieder einen Link zum Reiseziel <a rel=\"noreferrer noopener\" href=\"http:\/\/de.wikipedia.org\/wiki\/Malediven\" target=\"_blank\">Malediven<\/a> und insbesondere zur Insel <a rel=\"noreferrer noopener\" href=\"http:\/\/de.wikipedia.org\/wiki\/Gan_Island\" target=\"_blank\">Gan<\/a> im <a rel=\"noreferrer noopener\" href=\"http:\/\/de.wikipedia.org\/wiki\/Addu-Atoll\" target=\"_blank\">Addu-Atoll<\/a> bei Wikipedia. Auf dem folgenden Bild aus GoogleEarth k\u00f6nnt ihr sehr sch\u00f6n das Addu-Atoll sehen. <\/p>\n\n\n\n<div class=\"wp-block-image\"><figure class=\"aligncenter size-large\"><a href=\"https:\/\/www.guhalg.com\/wordpress\/wp-content\/uploads\/Reisen\/Gan08\/Reise\/Addu_Atoll.jpg\"><img loading=\"lazy\" decoding=\"async\" width=\"1024\" height=\"686\" src=\"https:\/\/www.guhalg.com\/wordpress\/wp-content\/uploads\/Reisen\/Gan08\/Reise\/Addu_Atoll-1024x686.jpg\" alt=\"Das Addu Atoll\" class=\"wp-image-4885\" srcset=\"https:\/\/www.guhalg.com\/wordpress\/wp-content\/uploads\/Reisen\/Gan08\/Reise\/Addu_Atoll-1024x686.jpg 1024w, https:\/\/www.guhalg.com\/wordpress\/wp-content\/uploads\/Reisen\/Gan08\/Reise\/Addu_Atoll-300x201.jpg 300w, https:\/\/www.guhalg.com\/wordpress\/wp-content\/uploads\/Reisen\/Gan08\/Reise\/Addu_Atoll-768x515.jpg 768w, https:\/\/www.guhalg.com\/wordpress\/wp-content\/uploads\/Reisen\/Gan08\/Reise\/Addu_Atoll-1536x1030.jpg 1536w, https:\/\/www.guhalg.com\/wordpress\/wp-content\/uploads\/Reisen\/Gan08\/Reise\/Addu_Atoll.jpg 1653w\" sizes=\"auto, (max-width: 1024px) 100vw, 1024px\" \/><\/a><figcaption>Das Addu Atoll<\/figcaption><\/figure><\/div>\n\n\n\n<p>Ganz unten rechts sieht man den Flughafen und etwas westlicher an der Innenseite des Atolls liegt das Hotel. Diese vier Inseln, die ihr unten seht, sind alle mit einer Stra\u00dfe verbunden. Und Hier nun noch unser Hotel aus der Vogelperspektive.<\/p>\n\n\n\n<div class=\"wp-block-image\"><figure class=\"aligncenter size-large\"><a href=\"https:\/\/www.guhalg.com\/wordpress\/wp-content\/uploads\/Reisen\/Gan08\/Reise\/Gan_Hotel.jpg\"><img loading=\"lazy\" decoding=\"async\" width=\"1024\" height=\"676\" src=\"https:\/\/www.guhalg.com\/wordpress\/wp-content\/uploads\/Reisen\/Gan08\/Reise\/Gan_Hotel-1024x676.jpg\" alt=\"Das Hotel auf Gan\" class=\"wp-image-4886\" srcset=\"https:\/\/www.guhalg.com\/wordpress\/wp-content\/uploads\/Reisen\/Gan08\/Reise\/Gan_Hotel-1024x676.jpg 1024w, https:\/\/www.guhalg.com\/wordpress\/wp-content\/uploads\/Reisen\/Gan08\/Reise\/Gan_Hotel-300x198.jpg 300w, https:\/\/www.guhalg.com\/wordpress\/wp-content\/uploads\/Reisen\/Gan08\/Reise\/Gan_Hotel-768x507.jpg 768w, https:\/\/www.guhalg.com\/wordpress\/wp-content\/uploads\/Reisen\/Gan08\/Reise\/Gan_Hotel-1536x1014.jpg 1536w, https:\/\/www.guhalg.com\/wordpress\/wp-content\/uploads\/Reisen\/Gan08\/Reise\/Gan_Hotel.jpg 1653w\" sizes=\"auto, (max-width: 1024px) 100vw, 1024px\" \/><\/a><figcaption>Das Hotel auf Gan<\/figcaption><\/figure><\/div>\n\n\n\n<p>Sehr sch\u00f6n kann man den Pool vom Hotel sehen und auf der linken Seite auch die Verbindungsstrasse zur Nachbarinsel.<\/p>\n\n\n\n<div class=\"wp-block-columns is-layout-flex wp-container-core-columns-is-layout-9d6595d7 wp-block-columns-is-layout-flex\">\n<div class=\"wp-block-column is-layout-flow wp-block-column-is-layout-flow\"><\/div>\n\n\n\n<div class=\"wp-block-column is-layout-flow wp-block-column-is-layout-flow\">\n<div class=\"wp-block-buttons is-horizontal is-content-justification-right is-layout-flex wp-container-core-buttons-is-layout-ae2fe186 wp-block-buttons-is-layout-flex\">\n<div class=\"wp-block-button\"><a class=\"wp-block-button__link\" href=\"https:\/\/www.guhalg.com\/wordpress\/?page_id=4894\">Anreise<\/a><\/div>\n<\/div>\n<\/div>\n<\/div>\n","protected":false},"excerpt":{"rendered":"<p>Hallo Surfer, auf den folgenden Seiten findet ihr einen Urlaubsbericht \u00fcber die Malediven. Dieser allerdings nicht in der \u00fcblichen Form mit wei\u00dfem Sandstrand, gr\u00fcnen Palmen und Nichtstun. Wir waren ganz im S\u00fcden der Malediven, auf der Insel Gan im Addu&hellip; <\/p>\n","protected":false},"author":1,"featured_media":0,"parent":0,"menu_order":17,"comment_status":"closed","ping_status":"closed","template":"","meta":{"footnotes":""},"class_list":["post-4846","page","type-page","status-publish","hentry"],"_links":{"self":[{"href":"https:\/\/www.guhalg.com\/wordpress\/index.php?rest_route=\/wp\/v2\/pages\/4846","targetHints":{"allow":["GET"]}}],"collection":[{"href":"https:\/\/www.guhalg.com\/wordpress\/index.php?rest_route=\/wp\/v2\/pages"}],"about":[{"href":"https:\/\/www.guhalg.com\/wordpress\/index.php?rest_route=\/wp\/v2\/types\/page"}],"author":[{"embeddable":true,"href":"https:\/\/www.guhalg.com\/wordpress\/index.php?rest_route=\/wp\/v2\/users\/1"}],"replies":[{"embeddable":true,"href":"https:\/\/www.guhalg.com\/wordpress\/index.php?rest_route=%2Fwp%2Fv2%2Fcomments&post=4846"}],"version-history":[{"count":9,"href":"https:\/\/www.guhalg.com\/wordpress\/index.php?rest_route=\/wp\/v2\/pages\/4846\/revisions"}],"predecessor-version":[{"id":7723,"href":"https:\/\/www.guhalg.com\/wordpress\/index.php?rest_route=\/wp\/v2\/pages\/4846\/revisions\/7723"}],"wp:attachment":[{"href":"https:\/\/www.guhalg.com\/wordpress\/index.php?rest_route=%2Fwp%2Fv2%2Fmedia&parent=4846"}],"curies":[{"name":"wp","href":"https:\/\/api.w.org\/{rel}","templated":true}]}}