{"id":4894,"date":"2021-12-20T19:03:59","date_gmt":"2021-12-20T18:03:59","guid":{"rendered":"https:\/\/www.guhalg.com\/wordpress\/?page_id=4894"},"modified":"2022-02-07T21:48:32","modified_gmt":"2022-02-07T20:48:32","slug":"anreise-malediven-2008","status":"publish","type":"page","link":"https:\/\/www.guhalg.com\/wordpress\/?page_id=4894","title":{"rendered":"Anreise Malediven 2008"},"content":{"rendered":"\n<p>Wie schon so oft bei unseren Reisen ging unser Flieger ab Frankfurt. Also sind wir wieder zu unseren Freunden nach Langen gefahren um von dort zu Starten. Der Urlaub bzw. die Reise begann somit auf dem Bahnsteig der S-Bahn in Langen, wo Esther uns mit dem Auto vorbeigebracht hatte.<\/p>\n\n\n\n<div class=\"wp-block-columns is-layout-flex wp-container-core-columns-is-layout-9d6595d7 wp-block-columns-is-layout-flex\">\n<div class=\"wp-block-column is-layout-flow wp-block-column-is-layout-flow\">\n<div class=\"wp-block-image\"><figure class=\"aligncenter size-full\"><a href=\"https:\/\/www.guhalg.com\/wordpress\/wp-content\/uploads\/Reisen\/Gan08\/Reise\/2008_02_05_11_42_33.jpg\"><img loading=\"lazy\" decoding=\"async\" width=\"800\" height=\"600\" src=\"https:\/\/www.guhalg.com\/wordpress\/wp-content\/uploads\/Reisen\/Gan08\/Reise\/2008_02_05_11_42_33.jpg\" alt=\"\u00d6de und trostlos\" class=\"wp-image-4850\" srcset=\"https:\/\/www.guhalg.com\/wordpress\/wp-content\/uploads\/Reisen\/Gan08\/Reise\/2008_02_05_11_42_33.jpg 800w, https:\/\/www.guhalg.com\/wordpress\/wp-content\/uploads\/Reisen\/Gan08\/Reise\/2008_02_05_11_42_33-300x225.jpg 300w, https:\/\/www.guhalg.com\/wordpress\/wp-content\/uploads\/Reisen\/Gan08\/Reise\/2008_02_05_11_42_33-768x576.jpg 768w\" sizes=\"auto, (max-width: 800px) 100vw, 800px\" \/><\/a><figcaption>\u00d6de und trostlos<\/figcaption><\/figure><\/div>\n<\/div>\n\n\n\n<div class=\"wp-block-column is-layout-flow wp-block-column-is-layout-flow\">\n<div class=\"wp-block-image\"><figure class=\"aligncenter size-full\"><a href=\"https:\/\/www.guhalg.com\/wordpress\/wp-content\/uploads\/Reisen\/Gan08\/Reise\/2008_02_05_11_42_46.jpg\"><img loading=\"lazy\" decoding=\"async\" width=\"800\" height=\"600\" src=\"https:\/\/www.guhalg.com\/wordpress\/wp-content\/uploads\/Reisen\/Gan08\/Reise\/2008_02_05_11_42_46.jpg\" alt=\"und so kalt\" class=\"wp-image-4851\" srcset=\"https:\/\/www.guhalg.com\/wordpress\/wp-content\/uploads\/Reisen\/Gan08\/Reise\/2008_02_05_11_42_46.jpg 800w, https:\/\/www.guhalg.com\/wordpress\/wp-content\/uploads\/Reisen\/Gan08\/Reise\/2008_02_05_11_42_46-300x225.jpg 300w, https:\/\/www.guhalg.com\/wordpress\/wp-content\/uploads\/Reisen\/Gan08\/Reise\/2008_02_05_11_42_46-768x576.jpg 768w\" sizes=\"auto, (max-width: 800px) 100vw, 800px\" \/><\/a><figcaption>und so kalt<\/figcaption><\/figure><\/div>\n<\/div>\n<\/div>\n\n\n\n<p>Bei diesen Bildern m\u00f6chte man einfach nur noch wegfliegen in die W\u00e4rme. Nachdem wir uns per Telefon und SMS von Eltern und Geschwistern in den Urlaub verabschiedet hatten, ging es endlich an Bord einer Condor Maschine. Diese war es eine Sondermaschine zum 25-j\u00e4hrigen Bestehen der Airline &#8211; speziell lackiert. Aber auch dieser Flieger mit seinen freundlichen bunten Farben konnte das schlechte Wetter in Frankfurt nicht ausgleichen.<\/p>\n\n\n\n<div class=\"wp-block-columns is-layout-flex wp-container-core-columns-is-layout-9d6595d7 wp-block-columns-is-layout-flex\">\n<div class=\"wp-block-column is-layout-flow wp-block-column-is-layout-flow\">\n<div class=\"wp-block-image\"><figure class=\"aligncenter size-full\"><a href=\"https:\/\/www.guhalg.com\/wordpress\/wp-content\/uploads\/Reisen\/Gan08\/Reise\/2008_02_05_14_59_29.jpg\"><img loading=\"lazy\" decoding=\"async\" width=\"800\" height=\"600\" src=\"https:\/\/www.guhalg.com\/wordpress\/wp-content\/uploads\/Reisen\/Gan08\/Reise\/2008_02_05_14_59_29.jpg\" alt=\"Condor Flieger\" class=\"wp-image-4853\" srcset=\"https:\/\/www.guhalg.com\/wordpress\/wp-content\/uploads\/Reisen\/Gan08\/Reise\/2008_02_05_14_59_29.jpg 800w, https:\/\/www.guhalg.com\/wordpress\/wp-content\/uploads\/Reisen\/Gan08\/Reise\/2008_02_05_14_59_29-300x225.jpg 300w, https:\/\/www.guhalg.com\/wordpress\/wp-content\/uploads\/Reisen\/Gan08\/Reise\/2008_02_05_14_59_29-768x576.jpg 768w\" sizes=\"auto, (max-width: 800px) 100vw, 800px\" \/><\/a><figcaption>Condor Flieger<\/figcaption><\/figure><\/div>\n<\/div>\n\n\n\n<div class=\"wp-block-column is-layout-flow wp-block-column-is-layout-flow\">\n<div class=\"wp-block-image\"><figure class=\"aligncenter size-full\"><a href=\"https:\/\/www.guhalg.com\/wordpress\/wp-content\/uploads\/Reisen\/Gan08\/Reise\/2008_02_05_15_00_01.jpg\"><img loading=\"lazy\" decoding=\"async\" width=\"800\" height=\"600\" src=\"https:\/\/www.guhalg.com\/wordpress\/wp-content\/uploads\/Reisen\/Gan08\/Reise\/2008_02_05_15_00_01.jpg\" alt=\"Mit Herzchen\" class=\"wp-image-4854\" srcset=\"https:\/\/www.guhalg.com\/wordpress\/wp-content\/uploads\/Reisen\/Gan08\/Reise\/2008_02_05_15_00_01.jpg 800w, https:\/\/www.guhalg.com\/wordpress\/wp-content\/uploads\/Reisen\/Gan08\/Reise\/2008_02_05_15_00_01-300x225.jpg 300w, https:\/\/www.guhalg.com\/wordpress\/wp-content\/uploads\/Reisen\/Gan08\/Reise\/2008_02_05_15_00_01-768x576.jpg 768w\" sizes=\"auto, (max-width: 800px) 100vw, 800px\" \/><\/a><figcaption>Mit Herzchen<\/figcaption><\/figure><\/div>\n<\/div>\n<\/div>\n\n\n\n<p>Ja, und dieser Flug war ein Direktflug von Frankfurt nach Gan. Allerdings hei\u00dft das jetzt aber nicht, das man Non Stopp diese Strecke zur\u00fccklegt. Wir hatten n\u00e4mlich noch einen Zwischenstopp in den Vereinigten Arabischen Emiraten. N\u00e4mlich in dem Emirat <a rel=\"noreferrer noopener\" href=\"http:\/\/de.wikipedia.org\/wiki\/Ras_al_khaimah\" target=\"_blank\">Ras Al Khaimah<\/a>. Also sind wir hier brav ausgestiegen, haben unsere Transit Card beim Betreten des Flughafens entgegengenommen und konnten von den Plastiksesseln aus das Ent- und Beladen der Maschine beobachten. <\/p>\n\n\n\n<div class=\"wp-block-image\"><figure class=\"aligncenter size-full\"><a href=\"https:\/\/www.guhalg.com\/wordpress\/wp-content\/uploads\/Reisen\/Gan08\/Reise\/2008_02_05_22_38_05.jpg\"><img loading=\"lazy\" decoding=\"async\" width=\"800\" height=\"600\" src=\"https:\/\/www.guhalg.com\/wordpress\/wp-content\/uploads\/Reisen\/Gan08\/Reise\/2008_02_05_22_38_05.jpg\" alt=\"Transit Card\" class=\"wp-image-4857\" srcset=\"https:\/\/www.guhalg.com\/wordpress\/wp-content\/uploads\/Reisen\/Gan08\/Reise\/2008_02_05_22_38_05.jpg 800w, https:\/\/www.guhalg.com\/wordpress\/wp-content\/uploads\/Reisen\/Gan08\/Reise\/2008_02_05_22_38_05-300x225.jpg 300w, https:\/\/www.guhalg.com\/wordpress\/wp-content\/uploads\/Reisen\/Gan08\/Reise\/2008_02_05_22_38_05-768x576.jpg 768w\" sizes=\"auto, (max-width: 800px) 100vw, 800px\" \/><\/a><figcaption>Transit Card<\/figcaption><\/figure><\/div>\n\n\n\n<p>Nach gut 2 Stunden hie\u00df es dann wieder Transit Card abgeben und &#8211; ab an Bord &#8211; zum Weiterflug. So sind wir denn in den Morgen hineingeflogen, haben die Sonne aufgehen sehen und uns am Lichtspiel in den Wolken erfreut.<\/p>\n\n\n\n<div class=\"wp-block-columns is-layout-flex wp-container-core-columns-is-layout-9d6595d7 wp-block-columns-is-layout-flex\">\n<div class=\"wp-block-column is-layout-flow wp-block-column-is-layout-flow\">\n<div class=\"wp-block-image\"><figure class=\"aligncenter size-full\"><a href=\"https:\/\/www.guhalg.com\/wordpress\/wp-content\/uploads\/Reisen\/Gan08\/Reise\/2008_02_05_22_13_03.jpg\"><img loading=\"lazy\" decoding=\"async\" width=\"800\" height=\"600\" src=\"https:\/\/www.guhalg.com\/wordpress\/wp-content\/uploads\/Reisen\/Gan08\/Reise\/2008_02_05_22_13_03.jpg\" alt=\"Plastiksessel\" class=\"wp-image-4855\" srcset=\"https:\/\/www.guhalg.com\/wordpress\/wp-content\/uploads\/Reisen\/Gan08\/Reise\/2008_02_05_22_13_03.jpg 800w, https:\/\/www.guhalg.com\/wordpress\/wp-content\/uploads\/Reisen\/Gan08\/Reise\/2008_02_05_22_13_03-300x225.jpg 300w, https:\/\/www.guhalg.com\/wordpress\/wp-content\/uploads\/Reisen\/Gan08\/Reise\/2008_02_05_22_13_03-768x576.jpg 768w\" sizes=\"auto, (max-width: 800px) 100vw, 800px\" \/><\/a><figcaption>Plastiksessel<\/figcaption><\/figure><\/div>\n<\/div>\n\n\n\n<div class=\"wp-block-column is-layout-flow wp-block-column-is-layout-flow\">\n<div class=\"wp-block-image\"><figure class=\"aligncenter size-full\"><a href=\"https:\/\/www.guhalg.com\/wordpress\/wp-content\/uploads\/Reisen\/Gan08\/Reise\/2008_02_05_22_14_49.jpg\"><img loading=\"lazy\" decoding=\"async\" width=\"800\" height=\"600\" src=\"https:\/\/www.guhalg.com\/wordpress\/wp-content\/uploads\/Reisen\/Gan08\/Reise\/2008_02_05_22_14_49.jpg\" alt=\"Ent- und Beladen unseres Fliegers\" class=\"wp-image-4856\" srcset=\"https:\/\/www.guhalg.com\/wordpress\/wp-content\/uploads\/Reisen\/Gan08\/Reise\/2008_02_05_22_14_49.jpg 800w, https:\/\/www.guhalg.com\/wordpress\/wp-content\/uploads\/Reisen\/Gan08\/Reise\/2008_02_05_22_14_49-300x225.jpg 300w, https:\/\/www.guhalg.com\/wordpress\/wp-content\/uploads\/Reisen\/Gan08\/Reise\/2008_02_05_22_14_49-768x576.jpg 768w\" sizes=\"auto, (max-width: 800px) 100vw, 800px\" \/><\/a><figcaption>Ent- und Beladen unseres Fliegers<\/figcaption><\/figure><\/div>\n<\/div>\n<\/div>\n\n\n\n<p>Und als sich die Wolken lichteten und der Flieger langsam an H\u00f6he verlor, konnte man erst ganz kleine Punkte im Wasser entdecken, die dann sp\u00e4ter zu den kleinen Inseln der Malediven wurden.<\/p>\n\n\n\n<figure class=\"wp-block-gallery has-nested-images columns-5 is-cropped wp-block-gallery-1 is-layout-flex wp-block-gallery-is-layout-flex\">\n<figure class=\"wp-block-image size-large\"><img loading=\"lazy\" decoding=\"async\" width=\"800\" height=\"600\" data-id=\"4859\" src=\"https:\/\/www.guhalg.com\/wordpress\/wp-content\/uploads\/Reisen\/Gan08\/Reise\/2008_02_06_02_47_25.jpg\" alt=\"\" class=\"wp-image-4859\" srcset=\"https:\/\/www.guhalg.com\/wordpress\/wp-content\/uploads\/Reisen\/Gan08\/Reise\/2008_02_06_02_47_25.jpg 800w, https:\/\/www.guhalg.com\/wordpress\/wp-content\/uploads\/Reisen\/Gan08\/Reise\/2008_02_06_02_47_25-300x225.jpg 300w, https:\/\/www.guhalg.com\/wordpress\/wp-content\/uploads\/Reisen\/Gan08\/Reise\/2008_02_06_02_47_25-768x576.jpg 768w\" sizes=\"auto, (max-width: 800px) 100vw, 800px\" \/><\/figure>\n\n\n\n<figure class=\"wp-block-image size-large\"><img loading=\"lazy\" decoding=\"async\" width=\"800\" height=\"600\" data-id=\"4860\" src=\"https:\/\/www.guhalg.com\/wordpress\/wp-content\/uploads\/Reisen\/Gan08\/Reise\/2008_02_06_02_51_05.jpg\" alt=\"\" class=\"wp-image-4860\" srcset=\"https:\/\/www.guhalg.com\/wordpress\/wp-content\/uploads\/Reisen\/Gan08\/Reise\/2008_02_06_02_51_05.jpg 800w, https:\/\/www.guhalg.com\/wordpress\/wp-content\/uploads\/Reisen\/Gan08\/Reise\/2008_02_06_02_51_05-300x225.jpg 300w, https:\/\/www.guhalg.com\/wordpress\/wp-content\/uploads\/Reisen\/Gan08\/Reise\/2008_02_06_02_51_05-768x576.jpg 768w\" sizes=\"auto, (max-width: 800px) 100vw, 800px\" \/><\/figure>\n\n\n\n<figure class=\"wp-block-image size-large\"><img loading=\"lazy\" decoding=\"async\" width=\"800\" height=\"600\" data-id=\"4861\" src=\"https:\/\/www.guhalg.com\/wordpress\/wp-content\/uploads\/Reisen\/Gan08\/Reise\/2008_02_06_03_15_05.jpg\" alt=\"\" class=\"wp-image-4861\" srcset=\"https:\/\/www.guhalg.com\/wordpress\/wp-content\/uploads\/Reisen\/Gan08\/Reise\/2008_02_06_03_15_05.jpg 800w, https:\/\/www.guhalg.com\/wordpress\/wp-content\/uploads\/Reisen\/Gan08\/Reise\/2008_02_06_03_15_05-300x225.jpg 300w, https:\/\/www.guhalg.com\/wordpress\/wp-content\/uploads\/Reisen\/Gan08\/Reise\/2008_02_06_03_15_05-768x576.jpg 768w\" sizes=\"auto, (max-width: 800px) 100vw, 800px\" \/><\/figure>\n\n\n\n<figure class=\"wp-block-image size-large\"><img loading=\"lazy\" decoding=\"async\" width=\"800\" height=\"600\" data-id=\"4863\" src=\"https:\/\/www.guhalg.com\/wordpress\/wp-content\/uploads\/Reisen\/Gan08\/Reise\/2008_02_06_03_18_08.jpg\" alt=\"\" class=\"wp-image-4863\" srcset=\"https:\/\/www.guhalg.com\/wordpress\/wp-content\/uploads\/Reisen\/Gan08\/Reise\/2008_02_06_03_18_08.jpg 800w, https:\/\/www.guhalg.com\/wordpress\/wp-content\/uploads\/Reisen\/Gan08\/Reise\/2008_02_06_03_18_08-300x225.jpg 300w, https:\/\/www.guhalg.com\/wordpress\/wp-content\/uploads\/Reisen\/Gan08\/Reise\/2008_02_06_03_18_08-768x576.jpg 768w\" sizes=\"auto, (max-width: 800px) 100vw, 800px\" \/><\/figure>\n\n\n\n<figure class=\"wp-block-image size-large\"><img loading=\"lazy\" decoding=\"async\" width=\"800\" height=\"600\" data-id=\"4862\" src=\"https:\/\/www.guhalg.com\/wordpress\/wp-content\/uploads\/Reisen\/Gan08\/Reise\/2008_02_06_03_17_54.jpg\" alt=\"Anflug auf Gan\" class=\"wp-image-4862\" srcset=\"https:\/\/www.guhalg.com\/wordpress\/wp-content\/uploads\/Reisen\/Gan08\/Reise\/2008_02_06_03_17_54.jpg 800w, https:\/\/www.guhalg.com\/wordpress\/wp-content\/uploads\/Reisen\/Gan08\/Reise\/2008_02_06_03_17_54-300x225.jpg 300w, https:\/\/www.guhalg.com\/wordpress\/wp-content\/uploads\/Reisen\/Gan08\/Reise\/2008_02_06_03_17_54-768x576.jpg 768w\" sizes=\"auto, (max-width: 800px) 100vw, 800px\" \/><\/figure>\n<\/figure>\n\n\n\n<p>Der Landeanflug auf Gan erfolgt auch noch bis kurz vor dem Aufsetzen \u00fcber dem Wasser\u2026<\/p>\n\n\n\n<div class=\"wp-block-image\"><figure class=\"aligncenter size-full\"><a href=\"https:\/\/www.guhalg.com\/wordpress\/wp-content\/uploads\/Reisen\/Gan08\/Reise\/2008_02_06_03_31_33.jpg\"><img loading=\"lazy\" decoding=\"async\" width=\"800\" height=\"600\" src=\"https:\/\/www.guhalg.com\/wordpress\/wp-content\/uploads\/Reisen\/Gan08\/Reise\/2008_02_06_03_31_33.jpg\" alt=\"Landeanflug\" class=\"wp-image-4864\" srcset=\"https:\/\/www.guhalg.com\/wordpress\/wp-content\/uploads\/Reisen\/Gan08\/Reise\/2008_02_06_03_31_33.jpg 800w, https:\/\/www.guhalg.com\/wordpress\/wp-content\/uploads\/Reisen\/Gan08\/Reise\/2008_02_06_03_31_33-300x225.jpg 300w, https:\/\/www.guhalg.com\/wordpress\/wp-content\/uploads\/Reisen\/Gan08\/Reise\/2008_02_06_03_31_33-768x576.jpg 768w\" sizes=\"auto, (max-width: 800px) 100vw, 800px\" \/><\/a><figcaption>Landeanflug<\/figcaption><\/figure><\/div>\n\n\n\n<div class=\"wp-block-image\"><figure class=\"aligncenter size-full\"><a href=\"https:\/\/www.guhalg.com\/wordpress\/wp-content\/uploads\/Reisen\/Gan08\/Reise\/2008_02_06_03_31_38.jpg\"><img loading=\"lazy\" decoding=\"async\" width=\"800\" height=\"600\" src=\"https:\/\/www.guhalg.com\/wordpress\/wp-content\/uploads\/Reisen\/Gan08\/Reise\/2008_02_06_03_31_38.jpg\" alt=\"Flughafen\" class=\"wp-image-4865\" srcset=\"https:\/\/www.guhalg.com\/wordpress\/wp-content\/uploads\/Reisen\/Gan08\/Reise\/2008_02_06_03_31_38.jpg 800w, https:\/\/www.guhalg.com\/wordpress\/wp-content\/uploads\/Reisen\/Gan08\/Reise\/2008_02_06_03_31_38-300x225.jpg 300w, https:\/\/www.guhalg.com\/wordpress\/wp-content\/uploads\/Reisen\/Gan08\/Reise\/2008_02_06_03_31_38-768x576.jpg 768w\" sizes=\"auto, (max-width: 800px) 100vw, 800px\" \/><\/a><figcaption>Flughafen<\/figcaption><\/figure><\/div>\n\n\n\n<p>&#8230; und dann gings auch schon zur Landung runter und nach ein bisschen Ausrollen konnten wir den Flieger an der Gangway verlassen. Nun noch ein letzter Blick zur\u00fcck und es ging zu Fu\u00df in die Ankunftshalle, Gep\u00e4ck einsammeln und raus aus dem Flughafen, ab zum Hotel.<\/p>\n\n\n\n<figure class=\"wp-block-gallery has-nested-images columns-4 is-cropped wp-block-gallery-2 is-layout-flex wp-block-gallery-is-layout-flex\">\n<figure class=\"wp-block-image size-large\"><img loading=\"lazy\" decoding=\"async\" width=\"800\" height=\"600\" data-id=\"4867\" src=\"https:\/\/www.guhalg.com\/wordpress\/wp-content\/uploads\/Reisen\/Gan08\/Reise\/2008_02_06_03_47_23.jpg\" alt=\"\" class=\"wp-image-4867\" srcset=\"https:\/\/www.guhalg.com\/wordpress\/wp-content\/uploads\/Reisen\/Gan08\/Reise\/2008_02_06_03_47_23.jpg 800w, https:\/\/www.guhalg.com\/wordpress\/wp-content\/uploads\/Reisen\/Gan08\/Reise\/2008_02_06_03_47_23-300x225.jpg 300w, https:\/\/www.guhalg.com\/wordpress\/wp-content\/uploads\/Reisen\/Gan08\/Reise\/2008_02_06_03_47_23-768x576.jpg 768w\" sizes=\"auto, (max-width: 800px) 100vw, 800px\" \/><\/figure>\n\n\n\n<figure class=\"wp-block-image size-large\"><img loading=\"lazy\" decoding=\"async\" width=\"800\" height=\"600\" data-id=\"4866\" src=\"https:\/\/www.guhalg.com\/wordpress\/wp-content\/uploads\/Reisen\/Gan08\/Reise\/2008_02_06_03_46_31.jpg\" alt=\"\" class=\"wp-image-4866\" srcset=\"https:\/\/www.guhalg.com\/wordpress\/wp-content\/uploads\/Reisen\/Gan08\/Reise\/2008_02_06_03_46_31.jpg 800w, https:\/\/www.guhalg.com\/wordpress\/wp-content\/uploads\/Reisen\/Gan08\/Reise\/2008_02_06_03_46_31-300x225.jpg 300w, https:\/\/www.guhalg.com\/wordpress\/wp-content\/uploads\/Reisen\/Gan08\/Reise\/2008_02_06_03_46_31-768x576.jpg 768w\" sizes=\"auto, (max-width: 800px) 100vw, 800px\" \/><\/figure>\n\n\n\n<figure class=\"wp-block-image size-large\"><img loading=\"lazy\" decoding=\"async\" width=\"800\" height=\"600\" data-id=\"4868\" src=\"https:\/\/www.guhalg.com\/wordpress\/wp-content\/uploads\/Reisen\/Gan08\/Reise\/2008_02_06_03_55_21.jpg\" alt=\"\" class=\"wp-image-4868\" srcset=\"https:\/\/www.guhalg.com\/wordpress\/wp-content\/uploads\/Reisen\/Gan08\/Reise\/2008_02_06_03_55_21.jpg 800w, https:\/\/www.guhalg.com\/wordpress\/wp-content\/uploads\/Reisen\/Gan08\/Reise\/2008_02_06_03_55_21-300x225.jpg 300w, https:\/\/www.guhalg.com\/wordpress\/wp-content\/uploads\/Reisen\/Gan08\/Reise\/2008_02_06_03_55_21-768x576.jpg 768w\" sizes=\"auto, (max-width: 800px) 100vw, 800px\" \/><\/figure>\n\n\n\n<figure class=\"wp-block-image size-large\"><img loading=\"lazy\" decoding=\"async\" width=\"800\" height=\"600\" data-id=\"4869\" src=\"https:\/\/www.guhalg.com\/wordpress\/wp-content\/uploads\/Reisen\/Gan08\/Reise\/2008_02_06_04_20_19.jpg\" alt=\"Ankunft auf Gan\" class=\"wp-image-4869\" srcset=\"https:\/\/www.guhalg.com\/wordpress\/wp-content\/uploads\/Reisen\/Gan08\/Reise\/2008_02_06_04_20_19.jpg 800w, https:\/\/www.guhalg.com\/wordpress\/wp-content\/uploads\/Reisen\/Gan08\/Reise\/2008_02_06_04_20_19-300x225.jpg 300w, https:\/\/www.guhalg.com\/wordpress\/wp-content\/uploads\/Reisen\/Gan08\/Reise\/2008_02_06_04_20_19-768x576.jpg 768w\" sizes=\"auto, (max-width: 800px) 100vw, 800px\" \/><\/figure>\n<\/figure>\n\n\n\n<div class=\"wp-block-columns is-layout-flex wp-container-core-columns-is-layout-9d6595d7 wp-block-columns-is-layout-flex\">\n<div class=\"wp-block-column is-layout-flow wp-block-column-is-layout-flow\">\n<div class=\"wp-block-buttons is-layout-flex wp-block-buttons-is-layout-flex\">\n<div class=\"wp-block-button\"><a class=\"wp-block-button__link\" href=\"https:\/\/www.guhalg.com\/wordpress\/?page_id=4846\">Malediven 2008<\/a><\/div>\n<\/div>\n<\/div>\n\n\n\n<div class=\"wp-block-column is-layout-flow wp-block-column-is-layout-flow\">\n<div class=\"wp-block-buttons is-horizontal is-content-justification-right is-layout-flex wp-container-core-buttons-is-layout-ae2fe186 wp-block-buttons-is-layout-flex\">\n<div class=\"wp-block-button\"><a class=\"wp-block-button__link\" href=\"https:\/\/www.guhalg.com\/wordpress\/?page_id=4912\">Equator Village<\/a><\/div>\n<\/div>\n<\/div>\n<\/div>\n","protected":false},"excerpt":{"rendered":"<p>Wie schon so oft bei unseren Reisen ging unser Flieger ab Frankfurt. Also sind wir wieder zu unseren Freunden nach Langen gefahren um von dort zu Starten. Der Urlaub bzw. die Reise begann somit auf dem Bahnsteig der S-Bahn in&hellip; <\/p>\n","protected":false},"author":1,"featured_media":0,"parent":4846,"menu_order":2,"comment_status":"closed","ping_status":"closed","template":"","meta":{"footnotes":""},"class_list":["post-4894","page","type-page","status-publish","hentry"],"_links":{"self":[{"href":"https:\/\/www.guhalg.com\/wordpress\/index.php?rest_route=\/wp\/v2\/pages\/4894","targetHints":{"allow":["GET"]}}],"collection":[{"href":"https:\/\/www.guhalg.com\/wordpress\/index.php?rest_route=\/wp\/v2\/pages"}],"about":[{"href":"https:\/\/www.guhalg.com\/wordpress\/index.php?rest_route=\/wp\/v2\/types\/page"}],"author":[{"embeddable":true,"href":"https:\/\/www.guhalg.com\/wordpress\/index.php?rest_route=\/wp\/v2\/users\/1"}],"replies":[{"embeddable":true,"href":"https:\/\/www.guhalg.com\/wordpress\/index.php?rest_route=%2Fwp%2Fv2%2Fcomments&post=4894"}],"version-history":[{"count":11,"href":"https:\/\/www.guhalg.com\/wordpress\/index.php?rest_route=\/wp\/v2\/pages\/4894\/revisions"}],"predecessor-version":[{"id":7726,"href":"https:\/\/www.guhalg.com\/wordpress\/index.php?rest_route=\/wp\/v2\/pages\/4894\/revisions\/7726"}],"up":[{"embeddable":true,"href":"https:\/\/www.guhalg.com\/wordpress\/index.php?rest_route=\/wp\/v2\/pages\/4846"}],"wp:attachment":[{"href":"https:\/\/www.guhalg.com\/wordpress\/index.php?rest_route=%2Fwp%2Fv2%2Fmedia&parent=4894"}],"curies":[{"name":"wp","href":"https:\/\/api.w.org\/{rel}","templated":true}]}}