{"id":4912,"date":"2021-12-20T19:46:24","date_gmt":"2021-12-20T18:46:24","guid":{"rendered":"https:\/\/www.guhalg.com\/wordpress\/?page_id=4912"},"modified":"2022-02-07T21:51:45","modified_gmt":"2022-02-07T20:51:45","slug":"equator-village","status":"publish","type":"page","link":"https:\/\/www.guhalg.com\/wordpress\/?page_id=4912","title":{"rendered":"Equator Village"},"content":{"rendered":"\n<p>Ja, da waren wir nun in unserem (***) Hotel. Man sollte sich von den drei Sternen allerdings nicht t\u00e4uschen lassen. Die Zimmer sind gro\u00df und auf den Betten kann man auch mal 36 Std. Nonstop verbringen (bei Magen-Darm-Problemen). Es gibt zwar keinen Safe und keinen Fernseher auf dem Zimmer, wenn man aber den ganzen Tag taucht oder mit dem Fahrrad auf der Nachbarinsel zu einer Kleinigkeit (Latte Macchiato, frisch gepresster Saft, &#8230;) unterwegs war, freut man sich \u00fcber eine ausgiebige Dusche und die Nachtruhe. Unser Fazit: F\u00fcr Taucher v\u00f6llig ausreichend, auch wenn es kein Luxushotel auf einer wei\u00dfer Sandstrand Luxusinsel ist. Die Homepage vom Hotel findet ihr hier: <a rel=\"noreferrer noopener\" href=\"http:\/\/www.equatorvillage.com\/\" target=\"_blank\">Equator Village<\/a>.  Nach dem kurzen Transport mit dem Bus vom Flughafen zum Hotel wurden wir sehr freundlich empfangen und schnell eingechecked, konnten aber unsere Zimmer aufgrund der noch stattfindenden Endreinigung nicht beziehen.<\/p>\n\n\n\n<div class=\"wp-block-image\"><figure class=\"aligncenter size-full\"><a href=\"https:\/\/www.guhalg.com\/wordpress\/wp-content\/uploads\/Reisen\/Gan08\/Hotel\/2008_02_11_10_16_08.jpg\"><img loading=\"lazy\" decoding=\"async\" width=\"800\" height=\"600\" src=\"https:\/\/www.guhalg.com\/wordpress\/wp-content\/uploads\/Reisen\/Gan08\/Hotel\/2008_02_11_10_16_08.jpg\" alt=\"Willkommenn im Hotel\" class=\"wp-image-4923\" srcset=\"https:\/\/www.guhalg.com\/wordpress\/wp-content\/uploads\/Reisen\/Gan08\/Hotel\/2008_02_11_10_16_08.jpg 800w, https:\/\/www.guhalg.com\/wordpress\/wp-content\/uploads\/Reisen\/Gan08\/Hotel\/2008_02_11_10_16_08-300x225.jpg 300w, https:\/\/www.guhalg.com\/wordpress\/wp-content\/uploads\/Reisen\/Gan08\/Hotel\/2008_02_11_10_16_08-768x576.jpg 768w\" sizes=\"auto, (max-width: 800px) 100vw, 800px\" \/><\/a><figcaption>Willkommen im Hotel<\/figcaption><\/figure><\/div>\n\n\n\n<p>Also sind wir erstmal ins Restaurant zum Fr\u00fchst\u00fcck geschickt worden. Da wir aber im Flieger noch kurz vor der Landung einen kleinen Snack hatten, war der Appetit noch nicht wieder da. Daher sind wir los und haben uns ein bisschen das Hotel angeschaut. Gleich beim Pool sind wir dann erst mal stehengeblieben und haben den Blick und die Sonne genossen.<\/p>\n\n\n\n<div class=\"wp-block-image\"><figure class=\"aligncenter size-large\"><a href=\"https:\/\/www.guhalg.com\/wordpress\/wp-content\/uploads\/Reisen\/Gan08\/Hotel\/Panorama Pool-scaled.jpg\"><img loading=\"lazy\" decoding=\"async\" width=\"1024\" height=\"360\" src=\"https:\/\/www.guhalg.com\/wordpress\/wp-content\/uploads\/Reisen\/Gan08\/Hotel\/Panorama Pool-1024x360.jpg\" alt=\"Panorama Pool\" class=\"wp-image-4925\" srcset=\"https:\/\/www.guhalg.com\/wordpress\/wp-content\/uploads\/Reisen\/Gan08\/Hotel\/Panorama%20Pool-1024x360.jpg 1024w, https:\/\/www.guhalg.com\/wordpress\/wp-content\/uploads\/Reisen\/Gan08\/Hotel\/Panorama%20Pool-300x106.jpg 300w, https:\/\/www.guhalg.com\/wordpress\/wp-content\/uploads\/Reisen\/Gan08\/Hotel\/Panorama%20Pool-768x270.jpg 768w, https:\/\/www.guhalg.com\/wordpress\/wp-content\/uploads\/Reisen\/Gan08\/Hotel\/Panorama%20Pool-1536x541.jpg 1536w, https:\/\/www.guhalg.com\/wordpress\/wp-content\/uploads\/Reisen\/Gan08\/Hotel\/Panorama%20Pool-2048x721.jpg 2048w\" sizes=\"auto, (max-width: 1024px) 100vw, 1024px\" \/><\/a><figcaption>Panorama Pool<\/figcaption><\/figure><\/div>\n\n\n\n<p>Ja und jetzt ging es auch schon weiter in unser Zimmer. Also nochmal schnell einen Blick zur\u00fcck auf den Pool und dann voraus auf die Anlage. Nach wenigen Metern sind wir schon in unsere Bungalow Reihe abgebogen sind. Einige weitere Bilder aus dem Equator Village findet ihr hier: <a href=\"https:\/\/www.guhalg.com\/wordpress\/?page_id=4950\" data-type=\"page\" data-id=\"4950\">Bilder vom Hotel<\/a>.<\/p>\n\n\n\n<div class=\"wp-block-columns is-layout-flex wp-container-core-columns-is-layout-9d6595d7 wp-block-columns-is-layout-flex\">\n<div class=\"wp-block-column is-layout-flow wp-block-column-is-layout-flow\">\n<div class=\"wp-block-buttons is-layout-flex wp-block-buttons-is-layout-flex\">\n<div class=\"wp-block-button\"><a class=\"wp-block-button__link\" href=\"https:\/\/www.guhalg.com\/wordpress\/?page_id=4894\">Anreise<\/a><\/div>\n<\/div>\n<\/div>\n\n\n\n<div class=\"wp-block-column is-layout-flow wp-block-column-is-layout-flow\">\n<div class=\"wp-block-buttons is-horizontal is-content-justification-right is-layout-flex wp-container-core-buttons-is-layout-ae2fe186 wp-block-buttons-is-layout-flex\">\n<div class=\"wp-block-button\"><a class=\"wp-block-button__link\" href=\"https:\/\/www.guhalg.com\/wordpress\/?page_id=4956\">Gan &#8211; Addu Atoll<\/a><\/div>\n<\/div>\n<\/div>\n<\/div>\n","protected":false},"excerpt":{"rendered":"<p>Ja, da waren wir nun in unserem (***) Hotel. Man sollte sich von den drei Sternen allerdings nicht t\u00e4uschen lassen. Die Zimmer sind gro\u00df und auf den Betten kann man auch mal 36 Std. Nonstop verbringen (bei Magen-Darm-Problemen). Es gibt&hellip; <\/p>\n","protected":false},"author":1,"featured_media":0,"parent":4846,"menu_order":1,"comment_status":"closed","ping_status":"closed","template":"","meta":{"footnotes":""},"class_list":["post-4912","page","type-page","status-publish","hentry"],"_links":{"self":[{"href":"https:\/\/www.guhalg.com\/wordpress\/index.php?rest_route=\/wp\/v2\/pages\/4912","targetHints":{"allow":["GET"]}}],"collection":[{"href":"https:\/\/www.guhalg.com\/wordpress\/index.php?rest_route=\/wp\/v2\/pages"}],"about":[{"href":"https:\/\/www.guhalg.com\/wordpress\/index.php?rest_route=\/wp\/v2\/types\/page"}],"author":[{"embeddable":true,"href":"https:\/\/www.guhalg.com\/wordpress\/index.php?rest_route=\/wp\/v2\/users\/1"}],"replies":[{"embeddable":true,"href":"https:\/\/www.guhalg.com\/wordpress\/index.php?rest_route=%2Fwp%2Fv2%2Fcomments&post=4912"}],"version-history":[{"count":7,"href":"https:\/\/www.guhalg.com\/wordpress\/index.php?rest_route=\/wp\/v2\/pages\/4912\/revisions"}],"predecessor-version":[{"id":7728,"href":"https:\/\/www.guhalg.com\/wordpress\/index.php?rest_route=\/wp\/v2\/pages\/4912\/revisions\/7728"}],"up":[{"embeddable":true,"href":"https:\/\/www.guhalg.com\/wordpress\/index.php?rest_route=\/wp\/v2\/pages\/4846"}],"wp:attachment":[{"href":"https:\/\/www.guhalg.com\/wordpress\/index.php?rest_route=%2Fwp%2Fv2%2Fmedia&parent=4912"}],"curies":[{"name":"wp","href":"https:\/\/api.w.org\/{rel}","templated":true}]}}