{"id":4956,"date":"2021-12-20T21:43:52","date_gmt":"2021-12-20T20:43:52","guid":{"rendered":"https:\/\/www.guhalg.com\/wordpress\/?page_id=4956"},"modified":"2022-02-07T21:56:17","modified_gmt":"2022-02-07T20:56:17","slug":"gan-addu-atoll","status":"publish","type":"page","link":"https:\/\/www.guhalg.com\/wordpress\/?page_id=4956","title":{"rendered":"Gan &#8211; Addu Atoll"},"content":{"rendered":"\n<p> Nachdem wir unseren Bungalow bezogen, die Tauchausr\u00fcstung zur Basis gebracht und uns f\u00fcr den Nachmittagstauchgang eingetragen hatten, konnten wir uns ein bisschen genauer mit unserer Insel Gan befassen. Gan ist die s\u00fcd-\u00f6stlichste Insel von einer f\u00fcnfer Inselgruppe (Gan, Feydhoo, Maradhoo, Hankada und Hithadhoo) und beherbergt den internationalen Flughafen. Diese f\u00fcnf Inseln sind alle miteinander durch Br\u00fccken und einer Stra\u00dfe verbunden. Bei einer Ausfahrt zum Tauchen haben wir versucht, diese F\u00fcnfergruppe an Inseln auf einem Panoramabild festzuhalten.<\/p>\n\n\n\n<div class=\"wp-block-image\"><figure class=\"aligncenter size-large\"><a href=\"https:\/\/www.guhalg.com\/wordpress\/wp-content\/uploads\/Reisen\/Gan08\/Hotel\/Panorama_Kuestenlandschaft-scaled.jpg\"><img loading=\"lazy\" decoding=\"async\" width=\"1024\" height=\"200\" src=\"https:\/\/www.guhalg.com\/wordpress\/wp-content\/uploads\/Reisen\/Gan08\/Hotel\/Panorama_Kuestenlandschaft-1024x200.jpg\" alt=\"Panorama K\u00fcstenlandschaft\" class=\"wp-image-4926\" srcset=\"https:\/\/www.guhalg.com\/wordpress\/wp-content\/uploads\/Reisen\/Gan08\/Hotel\/Panorama_Kuestenlandschaft-1024x200.jpg 1024w, https:\/\/www.guhalg.com\/wordpress\/wp-content\/uploads\/Reisen\/Gan08\/Hotel\/Panorama_Kuestenlandschaft-300x59.jpg 300w, https:\/\/www.guhalg.com\/wordpress\/wp-content\/uploads\/Reisen\/Gan08\/Hotel\/Panorama_Kuestenlandschaft-768x150.jpg 768w, https:\/\/www.guhalg.com\/wordpress\/wp-content\/uploads\/Reisen\/Gan08\/Hotel\/Panorama_Kuestenlandschaft-1536x300.jpg 1536w, https:\/\/www.guhalg.com\/wordpress\/wp-content\/uploads\/Reisen\/Gan08\/Hotel\/Panorama_Kuestenlandschaft-2048x400.jpg 2048w\" sizes=\"auto, (max-width: 1024px) 100vw, 1024px\" \/><\/a><figcaption>Panorama K\u00fcstenlandschaft<\/figcaption><\/figure><\/div>\n\n\n\n<p>Im \u00f6stlichen Bereich des Atolls gibt es auch noch so ein Inselband mit den Inseln Mulikadhoo, Kalhoo Hera, Firhidhoo Hera, Heratera, Hulhudhoo und Medhoo. \u00dcbrigens variiert sowohl die Anzahl als auch die Schreibweise der Inseln. Teilweise sind die Inseln zusammengefasst zu einer neuen Insel mit einer politischen Schreibweise des Namens, andererseits ist die Schreibweise ans englische angeglichen.<\/p>\n\n\n\n<div class=\"wp-block-image\"><figure class=\"aligncenter size-full\"><a href=\"https:\/\/www.guhalg.com\/wordpress\/wp-content\/uploads\/Reisen\/Gan08\/Hotel\/2008_02_11_10_16_23.jpg\"><img loading=\"lazy\" decoding=\"async\" width=\"800\" height=\"600\" src=\"https:\/\/www.guhalg.com\/wordpress\/wp-content\/uploads\/Reisen\/Gan08\/Hotel\/2008_02_11_10_16_23.jpg\" alt=\"Das Addu Atoll\" class=\"wp-image-4924\" srcset=\"https:\/\/www.guhalg.com\/wordpress\/wp-content\/uploads\/Reisen\/Gan08\/Hotel\/2008_02_11_10_16_23.jpg 800w, https:\/\/www.guhalg.com\/wordpress\/wp-content\/uploads\/Reisen\/Gan08\/Hotel\/2008_02_11_10_16_23-300x225.jpg 300w, https:\/\/www.guhalg.com\/wordpress\/wp-content\/uploads\/Reisen\/Gan08\/Hotel\/2008_02_11_10_16_23-768x576.jpg 768w\" sizes=\"auto, (max-width: 800px) 100vw, 800px\" \/><\/a><figcaption>Das Addu Atoll<\/figcaption><\/figure><\/div>\n\n\n\n<p>Zwischen diesen beiden Inselb\u00e4ndern liegt im S\u00fcden noch Villingili. Diese Insel wird wohl ber\u00fchmt werden, da hier momentan (Februar 2008) ein Luxushotel gebaut wird. Ansonsten beherbergt das Atoll noch weitere, meist unbewohnte, kleine Inseln wie z.B. Bushi Island, auch Kandhoo Hera genannt. Hier noch mal ein Link auf die Atoll-Karte, wie sie bei Wikipedia eingebunden ist: <a rel=\"noreferrer noopener\" href=\"http:\/\/www.lib.utexas.edu\/maps\/islands_oceans_poles\/addu_atoll_76.jpg\" target=\"_blank\">Map Of Addu Atoll<\/a>.<\/p>\n\n\n\n<p>Dadurch, dass man sich im Hotel tagesweise Fahrr\u00e4der ausleihen kann, ist eine kleine Besichtigungstour immer schnell m\u00f6glich. Nach dem Tauchen nochmal auf die Nachbarinsel auf einen kleinen Cocktail und mit den Tauchfreunden einfach den Tag ausklingen lassen.<\/p>\n\n\n\n<div class=\"wp-block-columns is-layout-flex wp-container-core-columns-is-layout-9d6595d7 wp-block-columns-is-layout-flex\">\n<div class=\"wp-block-column is-layout-flow wp-block-column-is-layout-flow\">\n<div class=\"wp-block-image\"><figure class=\"aligncenter size-full\"><a href=\"https:\/\/www.guhalg.com\/wordpress\/wp-content\/uploads\/Reisen\/Gan08\/Reise\/2008_02_12_13_09_33.jpg\"><img loading=\"lazy\" decoding=\"async\" width=\"800\" height=\"600\" src=\"https:\/\/www.guhalg.com\/wordpress\/wp-content\/uploads\/Reisen\/Gan08\/Reise\/2008_02_12_13_09_33.jpg\" alt=\"Die Cocktails\" class=\"wp-image-4872\" srcset=\"https:\/\/www.guhalg.com\/wordpress\/wp-content\/uploads\/Reisen\/Gan08\/Reise\/2008_02_12_13_09_33.jpg 800w, https:\/\/www.guhalg.com\/wordpress\/wp-content\/uploads\/Reisen\/Gan08\/Reise\/2008_02_12_13_09_33-300x225.jpg 300w, https:\/\/www.guhalg.com\/wordpress\/wp-content\/uploads\/Reisen\/Gan08\/Reise\/2008_02_12_13_09_33-768x576.jpg 768w\" sizes=\"auto, (max-width: 800px) 100vw, 800px\" \/><\/a><figcaption>Die Cocktails<\/figcaption><\/figure><\/div>\n<\/div>\n\n\n\n<div class=\"wp-block-column is-layout-flow wp-block-column-is-layout-flow\">\n<div class=\"wp-block-image\"><figure class=\"aligncenter size-full\"><a href=\"https:\/\/www.guhalg.com\/wordpress\/wp-content\/uploads\/Reisen\/Gan08\/Reise\/2008_02_24_14_10_54.jpg\"><img loading=\"lazy\" decoding=\"async\" width=\"800\" height=\"600\" src=\"https:\/\/www.guhalg.com\/wordpress\/wp-content\/uploads\/Reisen\/Gan08\/Reise\/2008_02_24_14_10_54.jpg\" alt=\"Tauchfreunde\" class=\"wp-image-4880\" srcset=\"https:\/\/www.guhalg.com\/wordpress\/wp-content\/uploads\/Reisen\/Gan08\/Reise\/2008_02_24_14_10_54.jpg 800w, https:\/\/www.guhalg.com\/wordpress\/wp-content\/uploads\/Reisen\/Gan08\/Reise\/2008_02_24_14_10_54-300x225.jpg 300w, https:\/\/www.guhalg.com\/wordpress\/wp-content\/uploads\/Reisen\/Gan08\/Reise\/2008_02_24_14_10_54-768x576.jpg 768w\" sizes=\"auto, (max-width: 800px) 100vw, 800px\" \/><\/a><figcaption>Tauchfreunde<\/figcaption><\/figure><\/div>\n<\/div>\n<\/div>\n\n\n\n<p>Und auf dem R\u00fcckweg wird bei einem Fahrradstopp der Sonnenuntergang erlebt. Mit dem Licht noch unspektakul\u00e4r aber beim Blick in die untergehende Sonne ph\u00e4nomenal. Wirklich ein Erleben.<\/p>\n\n\n\n<div class=\"wp-block-columns is-layout-flex wp-container-core-columns-is-layout-9d6595d7 wp-block-columns-is-layout-flex\">\n<div class=\"wp-block-column is-layout-flow wp-block-column-is-layout-flow\">\n<div class=\"wp-block-image\"><figure class=\"aligncenter size-full\"><a href=\"https:\/\/www.guhalg.com\/wordpress\/wp-content\/uploads\/Reisen\/Gan08\/Reise\/2008_02_21_14_22_07.jpg\"><img loading=\"lazy\" decoding=\"async\" width=\"800\" height=\"600\" src=\"https:\/\/www.guhalg.com\/wordpress\/wp-content\/uploads\/Reisen\/Gan08\/Reise\/2008_02_21_14_22_07.jpg\" alt=\"kurze Pause auf der Br\u00fccke\" class=\"wp-image-4877\" srcset=\"https:\/\/www.guhalg.com\/wordpress\/wp-content\/uploads\/Reisen\/Gan08\/Reise\/2008_02_21_14_22_07.jpg 800w, https:\/\/www.guhalg.com\/wordpress\/wp-content\/uploads\/Reisen\/Gan08\/Reise\/2008_02_21_14_22_07-300x225.jpg 300w, https:\/\/www.guhalg.com\/wordpress\/wp-content\/uploads\/Reisen\/Gan08\/Reise\/2008_02_21_14_22_07-768x576.jpg 768w\" sizes=\"auto, (max-width: 800px) 100vw, 800px\" \/><\/a><figcaption>kurze Pause auf der Br\u00fccke<\/figcaption><\/figure><\/div>\n<\/div>\n\n\n\n<div class=\"wp-block-column is-layout-flow wp-block-column-is-layout-flow\">\n<div class=\"wp-block-image\"><figure class=\"aligncenter size-full\"><a href=\"https:\/\/www.guhalg.com\/wordpress\/wp-content\/uploads\/Reisen\/Gan08\/Reise\/2008_02_21_14_20_30.jpg\"><img loading=\"lazy\" decoding=\"async\" width=\"800\" height=\"600\" src=\"https:\/\/www.guhalg.com\/wordpress\/wp-content\/uploads\/Reisen\/Gan08\/Reise\/2008_02_21_14_20_30.jpg\" alt=\"f\u00fcr den Sonnenuntergang\" class=\"wp-image-4876\" srcset=\"https:\/\/www.guhalg.com\/wordpress\/wp-content\/uploads\/Reisen\/Gan08\/Reise\/2008_02_21_14_20_30.jpg 800w, https:\/\/www.guhalg.com\/wordpress\/wp-content\/uploads\/Reisen\/Gan08\/Reise\/2008_02_21_14_20_30-300x225.jpg 300w, https:\/\/www.guhalg.com\/wordpress\/wp-content\/uploads\/Reisen\/Gan08\/Reise\/2008_02_21_14_20_30-768x576.jpg 768w\" sizes=\"auto, (max-width: 800px) 100vw, 800px\" \/><\/a><figcaption>f\u00fcr den Sonnenuntergang<\/figcaption><\/figure><\/div>\n<\/div>\n<\/div>\n\n\n\n<p>Bei diesen Touren auf die Nachbarinseln gab es so einiges zu entdecken. Angefangen bei der \u00fcppigen Vegetation mit sehr sch\u00f6nen Bl\u00fcten, den D\u00f6rfern der Einheimischen mit ihrer gesamten Infrastruktur.<\/p>\n\n\n\n<figure class=\"wp-block-gallery has-nested-images columns-4 is-cropped wp-block-gallery-1 is-layout-flex wp-block-gallery-is-layout-flex\">\n<figure class=\"wp-block-image size-large\"><img loading=\"lazy\" decoding=\"async\" width=\"800\" height=\"600\" data-id=\"4883\" src=\"https:\/\/www.guhalg.com\/wordpress\/wp-content\/uploads\/Reisen\/Gan08\/Reise\/2008_02_26_07_01_50.jpg\" alt=\"\" class=\"wp-image-4883\" srcset=\"https:\/\/www.guhalg.com\/wordpress\/wp-content\/uploads\/Reisen\/Gan08\/Reise\/2008_02_26_07_01_50.jpg 800w, https:\/\/www.guhalg.com\/wordpress\/wp-content\/uploads\/Reisen\/Gan08\/Reise\/2008_02_26_07_01_50-300x225.jpg 300w, https:\/\/www.guhalg.com\/wordpress\/wp-content\/uploads\/Reisen\/Gan08\/Reise\/2008_02_26_07_01_50-768x576.jpg 768w\" sizes=\"auto, (max-width: 800px) 100vw, 800px\" \/><\/figure>\n\n\n\n<figure class=\"wp-block-image size-large\"><img loading=\"lazy\" decoding=\"async\" width=\"800\" height=\"600\" data-id=\"4870\" src=\"https:\/\/www.guhalg.com\/wordpress\/wp-content\/uploads\/Reisen\/Gan08\/Reise\/2008_02_11_10_31_25.jpg\" alt=\"\" class=\"wp-image-4870\" srcset=\"https:\/\/www.guhalg.com\/wordpress\/wp-content\/uploads\/Reisen\/Gan08\/Reise\/2008_02_11_10_31_25.jpg 800w, https:\/\/www.guhalg.com\/wordpress\/wp-content\/uploads\/Reisen\/Gan08\/Reise\/2008_02_11_10_31_25-300x225.jpg 300w, https:\/\/www.guhalg.com\/wordpress\/wp-content\/uploads\/Reisen\/Gan08\/Reise\/2008_02_11_10_31_25-768x576.jpg 768w\" sizes=\"auto, (max-width: 800px) 100vw, 800px\" \/><\/figure>\n\n\n\n<figure class=\"wp-block-image size-large\"><img loading=\"lazy\" decoding=\"async\" width=\"800\" height=\"600\" data-id=\"4882\" src=\"https:\/\/www.guhalg.com\/wordpress\/wp-content\/uploads\/Reisen\/Gan08\/Reise\/2008_02_26_07_01_00.jpg\" alt=\"\" class=\"wp-image-4882\" srcset=\"https:\/\/www.guhalg.com\/wordpress\/wp-content\/uploads\/Reisen\/Gan08\/Reise\/2008_02_26_07_01_00.jpg 800w, https:\/\/www.guhalg.com\/wordpress\/wp-content\/uploads\/Reisen\/Gan08\/Reise\/2008_02_26_07_01_00-300x225.jpg 300w, https:\/\/www.guhalg.com\/wordpress\/wp-content\/uploads\/Reisen\/Gan08\/Reise\/2008_02_26_07_01_00-768x576.jpg 768w\" sizes=\"auto, (max-width: 800px) 100vw, 800px\" \/><\/figure>\n\n\n\n<figure class=\"wp-block-image size-large\"><img loading=\"lazy\" decoding=\"async\" width=\"800\" height=\"600\" data-id=\"4871\" src=\"https:\/\/www.guhalg.com\/wordpress\/wp-content\/uploads\/Reisen\/Gan08\/Reise\/2008_02_11_13_00_30.jpg\" alt=\"\" class=\"wp-image-4871\" srcset=\"https:\/\/www.guhalg.com\/wordpress\/wp-content\/uploads\/Reisen\/Gan08\/Reise\/2008_02_11_13_00_30.jpg 800w, https:\/\/www.guhalg.com\/wordpress\/wp-content\/uploads\/Reisen\/Gan08\/Reise\/2008_02_11_13_00_30-300x225.jpg 300w, https:\/\/www.guhalg.com\/wordpress\/wp-content\/uploads\/Reisen\/Gan08\/Reise\/2008_02_11_13_00_30-768x576.jpg 768w\" sizes=\"auto, (max-width: 800px) 100vw, 800px\" \/><\/figure>\n\n\n\n<figure class=\"wp-block-image size-large\"><img loading=\"lazy\" decoding=\"async\" width=\"800\" height=\"600\" data-id=\"4874\" src=\"https:\/\/www.guhalg.com\/wordpress\/wp-content\/uploads\/Reisen\/Gan08\/Reise\/2008_02_16_13_02_28.jpg\" alt=\"\" class=\"wp-image-4874\" srcset=\"https:\/\/www.guhalg.com\/wordpress\/wp-content\/uploads\/Reisen\/Gan08\/Reise\/2008_02_16_13_02_28.jpg 800w, https:\/\/www.guhalg.com\/wordpress\/wp-content\/uploads\/Reisen\/Gan08\/Reise\/2008_02_16_13_02_28-300x225.jpg 300w, https:\/\/www.guhalg.com\/wordpress\/wp-content\/uploads\/Reisen\/Gan08\/Reise\/2008_02_16_13_02_28-768x576.jpg 768w\" sizes=\"auto, (max-width: 800px) 100vw, 800px\" \/><\/figure>\n\n\n\n<figure class=\"wp-block-image size-large\"><img loading=\"lazy\" decoding=\"async\" width=\"800\" height=\"600\" data-id=\"4875\" src=\"https:\/\/www.guhalg.com\/wordpress\/wp-content\/uploads\/Reisen\/Gan08\/Reise\/2008_02_16_13_35_15.jpg\" alt=\"\" class=\"wp-image-4875\" srcset=\"https:\/\/www.guhalg.com\/wordpress\/wp-content\/uploads\/Reisen\/Gan08\/Reise\/2008_02_16_13_35_15.jpg 800w, https:\/\/www.guhalg.com\/wordpress\/wp-content\/uploads\/Reisen\/Gan08\/Reise\/2008_02_16_13_35_15-300x225.jpg 300w, https:\/\/www.guhalg.com\/wordpress\/wp-content\/uploads\/Reisen\/Gan08\/Reise\/2008_02_16_13_35_15-768x576.jpg 768w\" sizes=\"auto, (max-width: 800px) 100vw, 800px\" \/><\/figure>\n\n\n\n<figure class=\"wp-block-image size-large\"><img loading=\"lazy\" decoding=\"async\" width=\"800\" height=\"600\" data-id=\"4884\" src=\"https:\/\/www.guhalg.com\/wordpress\/wp-content\/uploads\/Reisen\/Gan08\/Reise\/2008_02_26_07_09_04.jpg\" alt=\"\" class=\"wp-image-4884\" srcset=\"https:\/\/www.guhalg.com\/wordpress\/wp-content\/uploads\/Reisen\/Gan08\/Reise\/2008_02_26_07_09_04.jpg 800w, https:\/\/www.guhalg.com\/wordpress\/wp-content\/uploads\/Reisen\/Gan08\/Reise\/2008_02_26_07_09_04-300x225.jpg 300w, https:\/\/www.guhalg.com\/wordpress\/wp-content\/uploads\/Reisen\/Gan08\/Reise\/2008_02_26_07_09_04-768x576.jpg 768w\" sizes=\"auto, (max-width: 800px) 100vw, 800px\" \/><\/figure>\n\n\n\n<figure class=\"wp-block-image size-large\"><img loading=\"lazy\" decoding=\"async\" width=\"800\" height=\"600\" data-id=\"4873\" src=\"https:\/\/www.guhalg.com\/wordpress\/wp-content\/uploads\/Reisen\/Gan08\/Reise\/2008_02_13_13_15_55.jpg\" alt=\"\" class=\"wp-image-4873\" srcset=\"https:\/\/www.guhalg.com\/wordpress\/wp-content\/uploads\/Reisen\/Gan08\/Reise\/2008_02_13_13_15_55.jpg 800w, https:\/\/www.guhalg.com\/wordpress\/wp-content\/uploads\/Reisen\/Gan08\/Reise\/2008_02_13_13_15_55-300x225.jpg 300w, https:\/\/www.guhalg.com\/wordpress\/wp-content\/uploads\/Reisen\/Gan08\/Reise\/2008_02_13_13_15_55-768x576.jpg 768w\" sizes=\"auto, (max-width: 800px) 100vw, 800px\" \/><\/figure>\n<\/figure>\n\n\n\n<p>Und zum Schluss einen (auf den Malediven einzigen) S\u00fc\u00dfwassersee.<\/p>\n\n\n\n<div class=\"wp-block-image\"><figure class=\"aligncenter size-large\"><a href=\"https:\/\/www.guhalg.com\/wordpress\/wp-content\/uploads\/Reisen\/Gan08\/Reise\/Panorama_Binnensee-scaled.jpg\"><img loading=\"lazy\" decoding=\"async\" width=\"1024\" height=\"350\" src=\"https:\/\/www.guhalg.com\/wordpress\/wp-content\/uploads\/Reisen\/Gan08\/Reise\/Panorama_Binnensee-1024x350.jpg\" alt=\"Panorama Binnensee\" class=\"wp-image-4887\" srcset=\"https:\/\/www.guhalg.com\/wordpress\/wp-content\/uploads\/Reisen\/Gan08\/Reise\/Panorama_Binnensee-1024x350.jpg 1024w, https:\/\/www.guhalg.com\/wordpress\/wp-content\/uploads\/Reisen\/Gan08\/Reise\/Panorama_Binnensee-300x102.jpg 300w, https:\/\/www.guhalg.com\/wordpress\/wp-content\/uploads\/Reisen\/Gan08\/Reise\/Panorama_Binnensee-768x262.jpg 768w, https:\/\/www.guhalg.com\/wordpress\/wp-content\/uploads\/Reisen\/Gan08\/Reise\/Panorama_Binnensee-1536x525.jpg 1536w, https:\/\/www.guhalg.com\/wordpress\/wp-content\/uploads\/Reisen\/Gan08\/Reise\/Panorama_Binnensee-2048x700.jpg 2048w\" sizes=\"auto, (max-width: 1024px) 100vw, 1024px\" \/><\/a><figcaption>Panorama Binnensee<\/figcaption><\/figure><\/div>\n\n\n\n<p>Abends sa\u00dfen wir meist auf einen kleinen Absacker an der Bar &#8211; au\u00dfer es war der eine Abend in der Woche mit Live Musik. Wehe, wenn die Touristen losgelassen werden. Dann muss auch schon mal ein Paul Kuhn Klassiker (Es gibt kein Bier auf Hawaii) gespielt werden. Einige weitere Bilder (auch von unserer Moped Tour \u00fcber die Insel) k\u00f6nnt ihr hier finden: Bilder vom Gan und dem Addu Atoll: <a href=\"https:\/\/www.guhalg.com\/wordpress\/?page_id=5029\" data-type=\"page\" data-id=\"5029\">Bilder Addu Atoll<\/a>.<\/p>\n\n\n\n<div class=\"wp-block-columns is-layout-flex wp-container-core-columns-is-layout-9d6595d7 wp-block-columns-is-layout-flex\">\n<div class=\"wp-block-column is-layout-flow wp-block-column-is-layout-flow\">\n<div class=\"wp-block-image\"><figure class=\"aligncenter size-full\"><a href=\"https:\/\/www.guhalg.com\/wordpress\/wp-content\/uploads\/Reisen\/Gan08\/Reise\/2008_02_24_17_52_06.jpg\"><img loading=\"lazy\" decoding=\"async\" width=\"800\" height=\"600\" src=\"https:\/\/www.guhalg.com\/wordpress\/wp-content\/uploads\/Reisen\/Gan08\/Reise\/2008_02_24_17_52_06.jpg\" alt=\"gem\u00fctlicher Abend\" class=\"wp-image-4881\" srcset=\"https:\/\/www.guhalg.com\/wordpress\/wp-content\/uploads\/Reisen\/Gan08\/Reise\/2008_02_24_17_52_06.jpg 800w, https:\/\/www.guhalg.com\/wordpress\/wp-content\/uploads\/Reisen\/Gan08\/Reise\/2008_02_24_17_52_06-300x225.jpg 300w, https:\/\/www.guhalg.com\/wordpress\/wp-content\/uploads\/Reisen\/Gan08\/Reise\/2008_02_24_17_52_06-768x576.jpg 768w\" sizes=\"auto, (max-width: 800px) 100vw, 800px\" \/><\/a><figcaption>gem\u00fctlicher Abend<\/figcaption><\/figure><\/div>\n<\/div>\n\n\n\n<div class=\"wp-block-column is-layout-flow wp-block-column-is-layout-flow\">\n<div class=\"wp-block-image\"><figure class=\"aligncenter size-full\"><a href=\"https:\/\/www.guhalg.com\/wordpress\/wp-content\/uploads\/Reisen\/Gan08\/Reise\/2008_02_23_20_18_04.jpg\"><img loading=\"lazy\" decoding=\"async\" width=\"800\" height=\"600\" src=\"https:\/\/www.guhalg.com\/wordpress\/wp-content\/uploads\/Reisen\/Gan08\/Reise\/2008_02_23_20_18_04.jpg\" alt=\"Die Band\" class=\"wp-image-4878\" srcset=\"https:\/\/www.guhalg.com\/wordpress\/wp-content\/uploads\/Reisen\/Gan08\/Reise\/2008_02_23_20_18_04.jpg 800w, https:\/\/www.guhalg.com\/wordpress\/wp-content\/uploads\/Reisen\/Gan08\/Reise\/2008_02_23_20_18_04-300x225.jpg 300w, https:\/\/www.guhalg.com\/wordpress\/wp-content\/uploads\/Reisen\/Gan08\/Reise\/2008_02_23_20_18_04-768x576.jpg 768w\" sizes=\"auto, (max-width: 800px) 100vw, 800px\" \/><\/a><figcaption>Die Band<\/figcaption><\/figure><\/div>\n<\/div>\n\n\n\n<div class=\"wp-block-column is-layout-flow wp-block-column-is-layout-flow\">\n<div class=\"wp-block-image\"><figure class=\"aligncenter size-full\"><a href=\"https:\/\/www.guhalg.com\/wordpress\/wp-content\/uploads\/Reisen\/Gan08\/Reise\/2008_02_23_20_19_47.jpg\"><img loading=\"lazy\" decoding=\"async\" width=\"800\" height=\"600\" src=\"https:\/\/www.guhalg.com\/wordpress\/wp-content\/uploads\/Reisen\/Gan08\/Reise\/2008_02_23_20_19_47.jpg\" alt=\"Touristen\" class=\"wp-image-4879\" srcset=\"https:\/\/www.guhalg.com\/wordpress\/wp-content\/uploads\/Reisen\/Gan08\/Reise\/2008_02_23_20_19_47.jpg 800w, https:\/\/www.guhalg.com\/wordpress\/wp-content\/uploads\/Reisen\/Gan08\/Reise\/2008_02_23_20_19_47-300x225.jpg 300w, https:\/\/www.guhalg.com\/wordpress\/wp-content\/uploads\/Reisen\/Gan08\/Reise\/2008_02_23_20_19_47-768x576.jpg 768w\" sizes=\"auto, (max-width: 800px) 100vw, 800px\" \/><\/a><figcaption>Touristen<\/figcaption><\/figure><\/div>\n<\/div>\n<\/div>\n\n\n\n<div class=\"wp-block-columns is-layout-flex wp-container-core-columns-is-layout-9d6595d7 wp-block-columns-is-layout-flex\">\n<div class=\"wp-block-column is-layout-flow wp-block-column-is-layout-flow\">\n<div class=\"wp-block-buttons is-layout-flex wp-block-buttons-is-layout-flex\">\n<div class=\"wp-block-button\"><a class=\"wp-block-button__link\" href=\"https:\/\/www.guhalg.com\/wordpress\/?page_id=4912\">Equator Village<\/a><\/div>\n<\/div>\n<\/div>\n\n\n\n<div class=\"wp-block-column is-layout-flow wp-block-column-is-layout-flow\">\n<div class=\"wp-block-buttons is-horizontal is-content-justification-right is-layout-flex wp-container-core-buttons-is-layout-ae2fe186 wp-block-buttons-is-layout-flex\">\n<div class=\"wp-block-button\"><a class=\"wp-block-button__link\" href=\"https:\/\/www.guhalg.com\/wordpress\/?page_id=5034\">Das Tauchgebiet<\/a><\/div>\n<\/div>\n<\/div>\n<\/div>\n","protected":false},"excerpt":{"rendered":"<p>Nachdem wir unseren Bungalow bezogen, die Tauchausr\u00fcstung zur Basis gebracht und uns f\u00fcr den Nachmittagstauchgang eingetragen hatten, konnten wir uns ein bisschen genauer mit unserer Insel Gan befassen. Gan ist die s\u00fcd-\u00f6stlichste Insel von einer f\u00fcnfer Inselgruppe (Gan, Feydhoo, Maradhoo,&hellip; <\/p>\n","protected":false},"author":1,"featured_media":0,"parent":4846,"menu_order":3,"comment_status":"closed","ping_status":"closed","template":"","meta":{"footnotes":""},"class_list":["post-4956","page","type-page","status-publish","hentry"],"_links":{"self":[{"href":"https:\/\/www.guhalg.com\/wordpress\/index.php?rest_route=\/wp\/v2\/pages\/4956","targetHints":{"allow":["GET"]}}],"collection":[{"href":"https:\/\/www.guhalg.com\/wordpress\/index.php?rest_route=\/wp\/v2\/pages"}],"about":[{"href":"https:\/\/www.guhalg.com\/wordpress\/index.php?rest_route=\/wp\/v2\/types\/page"}],"author":[{"embeddable":true,"href":"https:\/\/www.guhalg.com\/wordpress\/index.php?rest_route=\/wp\/v2\/users\/1"}],"replies":[{"embeddable":true,"href":"https:\/\/www.guhalg.com\/wordpress\/index.php?rest_route=%2Fwp%2Fv2%2Fcomments&post=4956"}],"version-history":[{"count":8,"href":"https:\/\/www.guhalg.com\/wordpress\/index.php?rest_route=\/wp\/v2\/pages\/4956\/revisions"}],"predecessor-version":[{"id":7730,"href":"https:\/\/www.guhalg.com\/wordpress\/index.php?rest_route=\/wp\/v2\/pages\/4956\/revisions\/7730"}],"up":[{"embeddable":true,"href":"https:\/\/www.guhalg.com\/wordpress\/index.php?rest_route=\/wp\/v2\/pages\/4846"}],"wp:attachment":[{"href":"https:\/\/www.guhalg.com\/wordpress\/index.php?rest_route=%2Fwp%2Fv2%2Fmedia&parent=4956"}],"curies":[{"name":"wp","href":"https:\/\/api.w.org\/{rel}","templated":true}]}}