{"id":5034,"date":"2021-12-21T19:02:10","date_gmt":"2021-12-21T18:02:10","guid":{"rendered":"https:\/\/www.guhalg.com\/wordpress\/?page_id=5034"},"modified":"2022-02-07T21:59:39","modified_gmt":"2022-02-07T20:59:39","slug":"das-tauchgebiet","status":"publish","type":"page","link":"https:\/\/www.guhalg.com\/wordpress\/?page_id=5034","title":{"rendered":"Das Tauchgebiet"},"content":{"rendered":"\n<p>Ein ganz besonderer Urlaubswunsch war bei uns das Tauchen mit Gro\u00dffisch. Dieses war sicher auch ein Entscheidungsgrund f\u00fcr die Malediven gewesen. Nach dem Mittagessen und einer kleinen Ruhepause sind wir auf zur Basis und haben dort die Tauchplatzkarte studiert und uns mit einigen der schon anwesenden Taucher \u00fcber die Pl\u00e4tze und die Organisation unterhalten.<\/p>\n\n\n\n<div class=\"wp-block-image\"><figure class=\"aligncenter size-full\"><a href=\"https:\/\/www.guhalg.com\/wordpress\/wp-content\/uploads\/Reisen\/Gan08\/UW\/2008_02_10_07_51_10.jpg\"><img loading=\"lazy\" decoding=\"async\" width=\"800\" height=\"600\" src=\"https:\/\/www.guhalg.com\/wordpress\/wp-content\/uploads\/Reisen\/Gan08\/UW\/2008_02_10_07_51_10.jpg\" alt=\"Diverland Gan\" class=\"wp-image-5042\" srcset=\"https:\/\/www.guhalg.com\/wordpress\/wp-content\/uploads\/Reisen\/Gan08\/UW\/2008_02_10_07_51_10.jpg 800w, https:\/\/www.guhalg.com\/wordpress\/wp-content\/uploads\/Reisen\/Gan08\/UW\/2008_02_10_07_51_10-300x225.jpg 300w, https:\/\/www.guhalg.com\/wordpress\/wp-content\/uploads\/Reisen\/Gan08\/UW\/2008_02_10_07_51_10-768x576.jpg 768w\" sizes=\"auto, (max-width: 800px) 100vw, 800px\" \/><\/a><figcaption>Diverland Gan<\/figcaption><\/figure><\/div>\n\n\n\n<p>Hier gibt es viele Tauchpl\u00e4tze mit zum Teil weiter Anfahrt. Dadurch, dass es nach jedem Tauchgang wieder zur\u00fcck in die Basis geht, ist man flexibel in der Planung verliert aber auch Zeit mit den permanenten Bootsfahrten. Aber alle Taucher waren von den Tauchpl\u00e4tzen begeistert.<\/p>\n\n\n\n<div class=\"wp-block-image\"><figure class=\"aligncenter size-full\"><a href=\"https:\/\/www.guhalg.com\/wordpress\/wp-content\/uploads\/Reisen\/Gan08\/UW\/2008_02_06_08_27_17.jpg\"><img loading=\"lazy\" decoding=\"async\" width=\"800\" height=\"600\" src=\"https:\/\/www.guhalg.com\/wordpress\/wp-content\/uploads\/Reisen\/Gan08\/UW\/2008_02_06_08_27_17.jpg\" alt=\"Tauchpl\u00e4tze\" class=\"wp-image-5039\" srcset=\"https:\/\/www.guhalg.com\/wordpress\/wp-content\/uploads\/Reisen\/Gan08\/UW\/2008_02_06_08_27_17.jpg 800w, https:\/\/www.guhalg.com\/wordpress\/wp-content\/uploads\/Reisen\/Gan08\/UW\/2008_02_06_08_27_17-300x225.jpg 300w, https:\/\/www.guhalg.com\/wordpress\/wp-content\/uploads\/Reisen\/Gan08\/UW\/2008_02_06_08_27_17-768x576.jpg 768w\" sizes=\"auto, (max-width: 800px) 100vw, 800px\" \/><\/a><figcaption>Tauchpl\u00e4tze<\/figcaption><\/figure><\/div>\n\n\n\n<p>Ganz besonders wurde uns der Manta Point empfohlen und dieser Begeisterung k\u00f6nnen wir uns nur anschlie\u00dfen. Die Organisation auf der Basis, das Briefing (mit jedem Mal neu gezeichneten Tauchplatzkarten) und die Unterwasserwelt sind einfach Spitze. Ein kleiner Wehrmutstropfen liegt allerdings in den fehlenden Toiletten auf den Booten. Da gibt es halt nach Bedarf einen Wasserstop vor und nach den Tauchg\u00e4ngen. So und was kann man jetzt bei den Tauchg\u00e4ngen so erwarten &#8230;-&#8230; eine heile, intakte Korallenwelt ohne Korallenbleiche (<a rel=\"noreferrer noopener\" href=\"http:\/\/de.wikipedia.org\/wiki\/El_Ni%C3%B1o\" target=\"_blank\">El Ninjo<\/a> Ph\u00e4nomen), viele Fische und insbesondere Mantas, Wei\u00dfspitzenriffhaie, Schildkr\u00f6ten, Adlerrochen, Barrakuda Schw\u00e4rme und nicht zu vergessen Schaukelfische, Langusten, seltenes Kleingetier und ein wundersch\u00f6n bewachsenes Wrack. Und hier nun sehr sch\u00f6n in Position: Der Schaukelfisch.<\/p>\n\n\n\n<figure class=\"wp-block-gallery aligncenter has-nested-images columns-default is-cropped wp-block-gallery-1 is-layout-flex wp-block-gallery-is-layout-flex\">\n<figure class=\"wp-block-image size-large\"><img loading=\"lazy\" decoding=\"async\" width=\"800\" height=\"600\" data-id=\"5044\" src=\"https:\/\/www.guhalg.com\/wordpress\/wp-content\/uploads\/Reisen\/Gan08\/UW\/2008_02_11_06_27_59.jpg\" alt=\"\" class=\"wp-image-5044\" srcset=\"https:\/\/www.guhalg.com\/wordpress\/wp-content\/uploads\/Reisen\/Gan08\/UW\/2008_02_11_06_27_59.jpg 800w, https:\/\/www.guhalg.com\/wordpress\/wp-content\/uploads\/Reisen\/Gan08\/UW\/2008_02_11_06_27_59-300x225.jpg 300w, https:\/\/www.guhalg.com\/wordpress\/wp-content\/uploads\/Reisen\/Gan08\/UW\/2008_02_11_06_27_59-768x576.jpg 768w\" sizes=\"auto, (max-width: 800px) 100vw, 800px\" \/><\/figure>\n\n\n\n<figure class=\"wp-block-image size-large\"><img loading=\"lazy\" decoding=\"async\" width=\"800\" height=\"600\" data-id=\"5043\" src=\"https:\/\/www.guhalg.com\/wordpress\/wp-content\/uploads\/Reisen\/Gan08\/UW\/2008_02_11_06_19_15.jpg\" alt=\"\" class=\"wp-image-5043\" srcset=\"https:\/\/www.guhalg.com\/wordpress\/wp-content\/uploads\/Reisen\/Gan08\/UW\/2008_02_11_06_19_15.jpg 800w, https:\/\/www.guhalg.com\/wordpress\/wp-content\/uploads\/Reisen\/Gan08\/UW\/2008_02_11_06_19_15-300x225.jpg 300w, https:\/\/www.guhalg.com\/wordpress\/wp-content\/uploads\/Reisen\/Gan08\/UW\/2008_02_11_06_19_15-768x576.jpg 768w\" sizes=\"auto, (max-width: 800px) 100vw, 800px\" \/><\/figure>\n\n\n\n<figure class=\"wp-block-image size-large\"><img loading=\"lazy\" decoding=\"async\" width=\"800\" height=\"600\" data-id=\"5048\" src=\"https:\/\/www.guhalg.com\/wordpress\/wp-content\/uploads\/Reisen\/Gan08\/UW\/2008_02_13_06_48_42.jpg\" alt=\"\" class=\"wp-image-5048\" srcset=\"https:\/\/www.guhalg.com\/wordpress\/wp-content\/uploads\/Reisen\/Gan08\/UW\/2008_02_13_06_48_42.jpg 800w, https:\/\/www.guhalg.com\/wordpress\/wp-content\/uploads\/Reisen\/Gan08\/UW\/2008_02_13_06_48_42-300x225.jpg 300w, https:\/\/www.guhalg.com\/wordpress\/wp-content\/uploads\/Reisen\/Gan08\/UW\/2008_02_13_06_48_42-768x576.jpg 768w\" sizes=\"auto, (max-width: 800px) 100vw, 800px\" \/><\/figure>\n\n\n\n<figure class=\"wp-block-image size-large\"><img loading=\"lazy\" decoding=\"async\" width=\"800\" height=\"600\" data-id=\"5058\" src=\"https:\/\/www.guhalg.com\/wordpress\/wp-content\/uploads\/Reisen\/Gan08\/UW\/2008_02_23_06_36_22.jpg\" alt=\"\" class=\"wp-image-5058\" srcset=\"https:\/\/www.guhalg.com\/wordpress\/wp-content\/uploads\/Reisen\/Gan08\/UW\/2008_02_23_06_36_22.jpg 800w, https:\/\/www.guhalg.com\/wordpress\/wp-content\/uploads\/Reisen\/Gan08\/UW\/2008_02_23_06_36_22-300x225.jpg 300w, https:\/\/www.guhalg.com\/wordpress\/wp-content\/uploads\/Reisen\/Gan08\/UW\/2008_02_23_06_36_22-768x576.jpg 768w\" sizes=\"auto, (max-width: 800px) 100vw, 800px\" \/><\/figure>\n\n\n\n<figure class=\"wp-block-image size-large\"><img loading=\"lazy\" decoding=\"async\" width=\"800\" height=\"600\" data-id=\"5060\" src=\"https:\/\/www.guhalg.com\/wordpress\/wp-content\/uploads\/Reisen\/Gan08\/UW\/2008_02_24_12_04_02.jpg\" alt=\"\" class=\"wp-image-5060\" srcset=\"https:\/\/www.guhalg.com\/wordpress\/wp-content\/uploads\/Reisen\/Gan08\/UW\/2008_02_24_12_04_02.jpg 800w, https:\/\/www.guhalg.com\/wordpress\/wp-content\/uploads\/Reisen\/Gan08\/UW\/2008_02_24_12_04_02-300x225.jpg 300w, https:\/\/www.guhalg.com\/wordpress\/wp-content\/uploads\/Reisen\/Gan08\/UW\/2008_02_24_12_04_02-768x576.jpg 768w\" sizes=\"auto, (max-width: 800px) 100vw, 800px\" \/><\/figure>\n\n\n\n<figure class=\"wp-block-image size-large\"><img loading=\"lazy\" decoding=\"async\" width=\"800\" height=\"600\" data-id=\"5059\" src=\"https:\/\/www.guhalg.com\/wordpress\/wp-content\/uploads\/Reisen\/Gan08\/UW\/2008_02_23_13_09_09.jpg\" alt=\"\" class=\"wp-image-5059\" srcset=\"https:\/\/www.guhalg.com\/wordpress\/wp-content\/uploads\/Reisen\/Gan08\/UW\/2008_02_23_13_09_09.jpg 800w, https:\/\/www.guhalg.com\/wordpress\/wp-content\/uploads\/Reisen\/Gan08\/UW\/2008_02_23_13_09_09-300x225.jpg 300w, https:\/\/www.guhalg.com\/wordpress\/wp-content\/uploads\/Reisen\/Gan08\/UW\/2008_02_23_13_09_09-768x576.jpg 768w\" sizes=\"auto, (max-width: 800px) 100vw, 800px\" \/><\/figure>\n<\/figure>\n\n\n\n<div class=\"wp-block-columns is-layout-flex wp-container-core-columns-is-layout-9d6595d7 wp-block-columns-is-layout-flex\">\n<div class=\"wp-block-column is-layout-flow wp-block-column-is-layout-flow\">\n<div class=\"wp-block-buttons is-layout-flex wp-block-buttons-is-layout-flex\">\n<div class=\"wp-block-button\"><a class=\"wp-block-button__link\" href=\"https:\/\/www.guhalg.com\/wordpress\/?page_id=4956\">Gan &#8211; Addu Atoll<\/a><\/div>\n<\/div>\n<\/div>\n\n\n\n<div class=\"wp-block-column is-layout-flow wp-block-column-is-layout-flow\">\n<div class=\"wp-block-buttons is-horizontal is-content-justification-right is-layout-flex wp-container-core-buttons-is-layout-ae2fe186 wp-block-buttons-is-layout-flex\">\n<div class=\"wp-block-button\"><a class=\"wp-block-button__link\" href=\"https:\/\/www.guhalg.com\/wordpress\/?page_id=5075\">Der Tauchgang<\/a><\/div>\n<\/div>\n<\/div>\n<\/div>\n","protected":false},"excerpt":{"rendered":"<p>Ein ganz besonderer Urlaubswunsch war bei uns das Tauchen mit Gro\u00dffisch. Dieses war sicher auch ein Entscheidungsgrund f\u00fcr die Malediven gewesen. Nach dem Mittagessen und einer kleinen Ruhepause sind wir auf zur Basis und haben dort die Tauchplatzkarte studiert und&hellip; <\/p>\n","protected":false},"author":1,"featured_media":0,"parent":4846,"menu_order":4,"comment_status":"closed","ping_status":"closed","template":"","meta":{"footnotes":""},"class_list":["post-5034","page","type-page","status-publish","hentry"],"_links":{"self":[{"href":"https:\/\/www.guhalg.com\/wordpress\/index.php?rest_route=\/wp\/v2\/pages\/5034","targetHints":{"allow":["GET"]}}],"collection":[{"href":"https:\/\/www.guhalg.com\/wordpress\/index.php?rest_route=\/wp\/v2\/pages"}],"about":[{"href":"https:\/\/www.guhalg.com\/wordpress\/index.php?rest_route=\/wp\/v2\/types\/page"}],"author":[{"embeddable":true,"href":"https:\/\/www.guhalg.com\/wordpress\/index.php?rest_route=\/wp\/v2\/users\/1"}],"replies":[{"embeddable":true,"href":"https:\/\/www.guhalg.com\/wordpress\/index.php?rest_route=%2Fwp%2Fv2%2Fcomments&post=5034"}],"version-history":[{"count":8,"href":"https:\/\/www.guhalg.com\/wordpress\/index.php?rest_route=\/wp\/v2\/pages\/5034\/revisions"}],"predecessor-version":[{"id":7733,"href":"https:\/\/www.guhalg.com\/wordpress\/index.php?rest_route=\/wp\/v2\/pages\/5034\/revisions\/7733"}],"up":[{"embeddable":true,"href":"https:\/\/www.guhalg.com\/wordpress\/index.php?rest_route=\/wp\/v2\/pages\/4846"}],"wp:attachment":[{"href":"https:\/\/www.guhalg.com\/wordpress\/index.php?rest_route=%2Fwp%2Fv2%2Fmedia&parent=5034"}],"curies":[{"name":"wp","href":"https:\/\/api.w.org\/{rel}","templated":true}]}}