{"id":5075,"date":"2021-12-21T19:23:36","date_gmt":"2021-12-21T18:23:36","guid":{"rendered":"https:\/\/www.guhalg.com\/wordpress\/?page_id=5075"},"modified":"2022-02-07T22:16:24","modified_gmt":"2022-02-07T21:16:24","slug":"der-tauchgang","status":"publish","type":"page","link":"https:\/\/www.guhalg.com\/wordpress\/?page_id=5075","title":{"rendered":"Der Tauchgang"},"content":{"rendered":"\n<p>Doch starten wir erstmal mit der Ausfahrt. Die Tauchpl\u00e4tze wurden immer am Vortag festgelegt und auf einer Liste angeschrieben, so dass man sich dort eingetragen hat. Eine halbe Stunde vor Abfahrt haben wir unsere Sachen zusammengepackt und die Tasche zum jeweiligen Bootsplatz gestellt. Meisten hat einer der Guides da schon den Tauchplatz gezeichnet.<\/p>\n\n\n\n<div class=\"wp-block-image\"><figure class=\"aligncenter size-full\"><a href=\"https:\/\/www.guhalg.com\/wordpress\/wp-content\/uploads\/Reisen\/Gan08\/UW\/2008_02_13_04_59_03.jpg\"><img loading=\"lazy\" decoding=\"async\" width=\"800\" height=\"600\" src=\"https:\/\/www.guhalg.com\/wordpress\/wp-content\/uploads\/Reisen\/Gan08\/UW\/2008_02_13_04_59_03.jpg\" alt=\"Zeichnung Tauchplatz\" class=\"wp-image-5047\" srcset=\"https:\/\/www.guhalg.com\/wordpress\/wp-content\/uploads\/Reisen\/Gan08\/UW\/2008_02_13_04_59_03.jpg 800w, https:\/\/www.guhalg.com\/wordpress\/wp-content\/uploads\/Reisen\/Gan08\/UW\/2008_02_13_04_59_03-300x225.jpg 300w, https:\/\/www.guhalg.com\/wordpress\/wp-content\/uploads\/Reisen\/Gan08\/UW\/2008_02_13_04_59_03-768x576.jpg 768w\" sizes=\"auto, (max-width: 800px) 100vw, 800px\" \/><\/a><figcaption>Zeichnung Tauchplatz<\/figcaption><\/figure><\/div>\n\n\n\n<p>Anschlie\u00dfend kam dann das ausf\u00fchrliche Briefing in Englisch, manchmal auch in Deutsch. Und los gings dann zum Boot. An Board wurde erstmal das Vorhandensein von Tasche und Blei gepr\u00fcft und dann das Equipment zusammengebaut.<\/p>\n\n\n\n<div class=\"wp-block-columns is-layout-flex wp-container-core-columns-is-layout-9d6595d7 wp-block-columns-is-layout-flex\">\n<div class=\"wp-block-column is-layout-flow wp-block-column-is-layout-flow\">\n<div class=\"wp-block-image\"><figure class=\"aligncenter size-full\"><a href=\"https:\/\/www.guhalg.com\/wordpress\/wp-content\/uploads\/Reisen\/Gan08\/UW\/2008_02_20_10_46_44.jpg\"><img loading=\"lazy\" decoding=\"async\" width=\"800\" height=\"600\" src=\"https:\/\/www.guhalg.com\/wordpress\/wp-content\/uploads\/Reisen\/Gan08\/UW\/2008_02_20_10_46_44.jpg\" alt=\"Unser Tauchboot\" class=\"wp-image-5057\" srcset=\"https:\/\/www.guhalg.com\/wordpress\/wp-content\/uploads\/Reisen\/Gan08\/UW\/2008_02_20_10_46_44.jpg 800w, https:\/\/www.guhalg.com\/wordpress\/wp-content\/uploads\/Reisen\/Gan08\/UW\/2008_02_20_10_46_44-300x225.jpg 300w, https:\/\/www.guhalg.com\/wordpress\/wp-content\/uploads\/Reisen\/Gan08\/UW\/2008_02_20_10_46_44-768x576.jpg 768w\" sizes=\"auto, (max-width: 800px) 100vw, 800px\" \/><\/a><figcaption>Unser Tauchboot<\/figcaption><\/figure><\/div>\n<\/div>\n\n\n\n<div class=\"wp-block-column is-layout-flow wp-block-column-is-layout-flow\">\n<div class=\"wp-block-image\"><figure class=\"aligncenter size-full\"><a href=\"https:\/\/www.guhalg.com\/wordpress\/wp-content\/uploads\/Reisen\/Gan08\/UW\/2008_02_07_10_58_50.jpg\"><img loading=\"lazy\" decoding=\"async\" width=\"800\" height=\"600\" src=\"https:\/\/www.guhalg.com\/wordpress\/wp-content\/uploads\/Reisen\/Gan08\/UW\/2008_02_07_10_58_50.jpg\" alt=\"Vorbereitung\" class=\"wp-image-5040\" srcset=\"https:\/\/www.guhalg.com\/wordpress\/wp-content\/uploads\/Reisen\/Gan08\/UW\/2008_02_07_10_58_50.jpg 800w, https:\/\/www.guhalg.com\/wordpress\/wp-content\/uploads\/Reisen\/Gan08\/UW\/2008_02_07_10_58_50-300x225.jpg 300w, https:\/\/www.guhalg.com\/wordpress\/wp-content\/uploads\/Reisen\/Gan08\/UW\/2008_02_07_10_58_50-768x576.jpg 768w\" sizes=\"auto, (max-width: 800px) 100vw, 800px\" \/><\/a><figcaption>Vorbereitung<\/figcaption><\/figure><\/div>\n<\/div>\n<\/div>\n\n\n\n<p>Je nach Entfernung zum Tauchplatz haben wir uns dann angezogen und warteten auf den Tauchgang.<\/p>\n\n\n\n<div class=\"wp-block-image\"><figure class=\"aligncenter size-full\"><a href=\"https:\/\/www.guhalg.com\/wordpress\/wp-content\/uploads\/Reisen\/Gan08\/UW\/2008_02_17_11_02_33.jpg\"><img loading=\"lazy\" decoding=\"async\" width=\"450\" height=\"600\" src=\"https:\/\/www.guhalg.com\/wordpress\/wp-content\/uploads\/Reisen\/Gan08\/UW\/2008_02_17_11_02_33.jpg\" alt=\"Warten auf den Tauchgang\" class=\"wp-image-5055\" srcset=\"https:\/\/www.guhalg.com\/wordpress\/wp-content\/uploads\/Reisen\/Gan08\/UW\/2008_02_17_11_02_33.jpg 450w, https:\/\/www.guhalg.com\/wordpress\/wp-content\/uploads\/Reisen\/Gan08\/UW\/2008_02_17_11_02_33-225x300.jpg 225w\" sizes=\"auto, (max-width: 450px) 100vw, 450px\" \/><\/a><figcaption>Warten auf den Tauchgang<\/figcaption><\/figure><\/div>\n\n\n\n<p>Ja und dann ging es ab ins Wasser. Bei Gruppen von bis zu 16 Tauchern haben wir und meistens abgesetzt und sind alleine getaucht. Das war uns halt einfach zu voll unter Wasser. Ja, so ist es schon besser -:)<\/p>\n\n\n\n<div class=\"wp-block-columns is-layout-flex wp-container-core-columns-is-layout-9d6595d7 wp-block-columns-is-layout-flex\">\n<div class=\"wp-block-column is-layout-flow wp-block-column-is-layout-flow\">\n<div class=\"wp-block-image\"><figure class=\"aligncenter size-full\"><a href=\"https:\/\/www.guhalg.com\/wordpress\/wp-content\/uploads\/Reisen\/Gan08\/UW\/2008_02_08_06_37_35.jpg\"><img loading=\"lazy\" decoding=\"async\" width=\"800\" height=\"600\" src=\"https:\/\/www.guhalg.com\/wordpress\/wp-content\/uploads\/Reisen\/Gan08\/UW\/2008_02_08_06_37_35.jpg\" alt=\"Voll voll\" class=\"wp-image-5041\" srcset=\"https:\/\/www.guhalg.com\/wordpress\/wp-content\/uploads\/Reisen\/Gan08\/UW\/2008_02_08_06_37_35.jpg 800w, https:\/\/www.guhalg.com\/wordpress\/wp-content\/uploads\/Reisen\/Gan08\/UW\/2008_02_08_06_37_35-300x225.jpg 300w, https:\/\/www.guhalg.com\/wordpress\/wp-content\/uploads\/Reisen\/Gan08\/UW\/2008_02_08_06_37_35-768x576.jpg 768w\" sizes=\"auto, (max-width: 800px) 100vw, 800px\" \/><\/a><figcaption>Voll voll<\/figcaption><\/figure><\/div>\n<\/div>\n\n\n\n<div class=\"wp-block-column is-layout-flow wp-block-column-is-layout-flow\">\n<div class=\"wp-block-image\"><figure class=\"aligncenter size-full\"><a href=\"https:\/\/www.guhalg.com\/wordpress\/wp-content\/uploads\/Reisen\/Gan08\/UW\/2008_02_15_12_12_36.jpg\"><img loading=\"lazy\" decoding=\"async\" width=\"800\" height=\"600\" src=\"https:\/\/www.guhalg.com\/wordpress\/wp-content\/uploads\/Reisen\/Gan08\/UW\/2008_02_15_12_12_36.jpg\" alt=\"es wird besser\" class=\"wp-image-5053\" srcset=\"https:\/\/www.guhalg.com\/wordpress\/wp-content\/uploads\/Reisen\/Gan08\/UW\/2008_02_15_12_12_36.jpg 800w, https:\/\/www.guhalg.com\/wordpress\/wp-content\/uploads\/Reisen\/Gan08\/UW\/2008_02_15_12_12_36-300x225.jpg 300w, https:\/\/www.guhalg.com\/wordpress\/wp-content\/uploads\/Reisen\/Gan08\/UW\/2008_02_15_12_12_36-768x576.jpg 768w\" sizes=\"auto, (max-width: 800px) 100vw, 800px\" \/><\/a><figcaption>es wird besser<\/figcaption><\/figure><\/div>\n<\/div>\n<\/div>\n\n\n\n<p>Am Ende der Tauchg\u00e4nge waren wir dann beim Sicherheitsstopp ganz allein und haben die Boje gesetzt. <\/p>\n\n\n\n<div class=\"wp-block-image\"><figure class=\"aligncenter size-full\"><a href=\"https:\/\/www.guhalg.com\/wordpress\/wp-content\/uploads\/Reisen\/Gan08\/UW\/2008_02_17_07_01_18.jpg\"><img loading=\"lazy\" decoding=\"async\" width=\"450\" height=\"600\" src=\"https:\/\/www.guhalg.com\/wordpress\/wp-content\/uploads\/Reisen\/Gan08\/UW\/2008_02_17_07_01_18.jpg\" alt=\"ja, so passt es wieder\" class=\"wp-image-5054\" srcset=\"https:\/\/www.guhalg.com\/wordpress\/wp-content\/uploads\/Reisen\/Gan08\/UW\/2008_02_17_07_01_18.jpg 450w, https:\/\/www.guhalg.com\/wordpress\/wp-content\/uploads\/Reisen\/Gan08\/UW\/2008_02_17_07_01_18-225x300.jpg 225w\" sizes=\"auto, (max-width: 450px) 100vw, 450px\" \/><\/a><figcaption>ja, so passt es wieder<\/figcaption><\/figure><\/div>\n\n\n\n<p>Nach dem Auftauchen wurde erstmal das Boot gesucht und wenn es Boot dann ankam, entstand manchmal doch eine kleine Warteschlange.  Aber am Schluss wurde jeder wieder eingesammelt.<\/p>\n\n\n\n<div class=\"wp-block-columns is-layout-flex wp-container-core-columns-is-layout-9d6595d7 wp-block-columns-is-layout-flex\">\n<div class=\"wp-block-column is-layout-flow wp-block-column-is-layout-flow\">\n<div class=\"wp-block-image\"><figure class=\"aligncenter size-full\"><a href=\"https:\/\/www.guhalg.com\/wordpress\/wp-content\/uploads\/Reisen\/Gan08\/UW\/2008_02_11_07_20_09.jpg\"><img loading=\"lazy\" decoding=\"async\" width=\"800\" height=\"600\" src=\"https:\/\/www.guhalg.com\/wordpress\/wp-content\/uploads\/Reisen\/Gan08\/UW\/2008_02_11_07_20_09.jpg\" alt=\"Wo ist das Boot\" class=\"wp-image-5046\" srcset=\"https:\/\/www.guhalg.com\/wordpress\/wp-content\/uploads\/Reisen\/Gan08\/UW\/2008_02_11_07_20_09.jpg 800w, https:\/\/www.guhalg.com\/wordpress\/wp-content\/uploads\/Reisen\/Gan08\/UW\/2008_02_11_07_20_09-300x225.jpg 300w, https:\/\/www.guhalg.com\/wordpress\/wp-content\/uploads\/Reisen\/Gan08\/UW\/2008_02_11_07_20_09-768x576.jpg 768w\" sizes=\"auto, (max-width: 800px) 100vw, 800px\" \/><\/a><figcaption>Wo ist das Boot<\/figcaption><\/figure><\/div>\n<\/div>\n\n\n\n<div class=\"wp-block-column is-layout-flow wp-block-column-is-layout-flow\">\n<div class=\"wp-block-image\"><figure class=\"aligncenter size-full\"><a href=\"https:\/\/www.guhalg.com\/wordpress\/wp-content\/uploads\/Reisen\/Gan08\/UW\/2008_02_11_06_58_18.jpg\"><img loading=\"lazy\" decoding=\"async\" width=\"800\" height=\"600\" src=\"https:\/\/www.guhalg.com\/wordpress\/wp-content\/uploads\/Reisen\/Gan08\/UW\/2008_02_11_06_58_18.jpg\" alt=\"da ist es ja\" class=\"wp-image-5045\" srcset=\"https:\/\/www.guhalg.com\/wordpress\/wp-content\/uploads\/Reisen\/Gan08\/UW\/2008_02_11_06_58_18.jpg 800w, https:\/\/www.guhalg.com\/wordpress\/wp-content\/uploads\/Reisen\/Gan08\/UW\/2008_02_11_06_58_18-300x225.jpg 300w, https:\/\/www.guhalg.com\/wordpress\/wp-content\/uploads\/Reisen\/Gan08\/UW\/2008_02_11_06_58_18-768x576.jpg 768w\" sizes=\"auto, (max-width: 800px) 100vw, 800px\" \/><\/a><figcaption>da ist es ja<\/figcaption><\/figure><\/div>\n<\/div>\n\n\n\n<div class=\"wp-block-column is-layout-flow wp-block-column-is-layout-flow\">\n<div class=\"wp-block-image\"><figure class=\"aligncenter size-full\"><a href=\"https:\/\/www.guhalg.com\/wordpress\/wp-content\/uploads\/Reisen\/Gan08\/UW\/2008_02_13_06_53_27.jpg\"><img loading=\"lazy\" decoding=\"async\" width=\"800\" height=\"600\" src=\"https:\/\/www.guhalg.com\/wordpress\/wp-content\/uploads\/Reisen\/Gan08\/UW\/2008_02_13_06_53_27.jpg\" alt=\"Stau an der Treppe\" class=\"wp-image-5049\" srcset=\"https:\/\/www.guhalg.com\/wordpress\/wp-content\/uploads\/Reisen\/Gan08\/UW\/2008_02_13_06_53_27.jpg 800w, https:\/\/www.guhalg.com\/wordpress\/wp-content\/uploads\/Reisen\/Gan08\/UW\/2008_02_13_06_53_27-300x225.jpg 300w, https:\/\/www.guhalg.com\/wordpress\/wp-content\/uploads\/Reisen\/Gan08\/UW\/2008_02_13_06_53_27-768x576.jpg 768w\" sizes=\"auto, (max-width: 800px) 100vw, 800px\" \/><\/a><figcaption>Stau an der Treppe<\/figcaption><\/figure><\/div>\n<\/div>\n<\/div>\n\n\n\n<p>Und anschlie\u00dfend ging es wieder zur\u00fcck zur Basis. Meistens haben sich die Taucher nach dem R\u00fcckweg schon wieder f\u00fcr den n\u00e4chsten Tauchtag eingetragen. Es war einfach gut. Eine Auswahl der Bilder (und das sind immer noch genug) findet ihr hier: <a href=\"https:\/\/www.guhalg.com\/wordpress\/?page_id=5264\" data-type=\"page\" data-id=\"5264\">Gan &#8211; Unterwasser<\/a>.<\/p>\n\n\n\n<p>F\u00fcr den Nachttauchgang haben wir eine extra \u00dcbersicht angelegt, auch wenn es nur wenige Bilder sind. Da gab es so einiges direkt zwischen Strand und Bootsanleger zu entdecken. Es lohnt sich, die Bilder lange zu betrachten, besonders gegen Ende, da man ansonsten einen Fischk\u00f6der zum Angeln als solchen nicht erkennt und einige Krabben gar nicht erst entdeckt. <a href=\"https:\/\/www.guhalg.com\/wordpress\/?page_id=5390\" data-type=\"page\" data-id=\"5390\">Der Nachttauchgang<\/a>.<\/p>\n\n\n\n<div class=\"wp-block-columns is-layout-flex wp-container-core-columns-is-layout-9d6595d7 wp-block-columns-is-layout-flex\">\n<div class=\"wp-block-column is-layout-flow wp-block-column-is-layout-flow\">\n<div class=\"wp-block-buttons is-layout-flex wp-block-buttons-is-layout-flex\">\n<div class=\"wp-block-button\"><a class=\"wp-block-button__link\" href=\"https:\/\/www.guhalg.com\/wordpress\/?page_id=5034\">Das Tauchgebiet<\/a><\/div>\n<\/div>\n<\/div>\n\n\n\n<div class=\"wp-block-column is-layout-flow wp-block-column-is-layout-flow\">\n<div class=\"wp-block-buttons is-horizontal is-content-justification-right is-layout-flex wp-container-core-buttons-is-layout-ae2fe186 wp-block-buttons-is-layout-flex\">\n<div class=\"wp-block-button\"><a class=\"wp-block-button__link\" href=\"https:\/\/www.guhalg.com\/wordpress\/?page_id=5400\">Gan das Wrack<\/a><\/div>\n<\/div>\n<\/div>\n<\/div>\n","protected":false},"excerpt":{"rendered":"<p>Doch starten wir erstmal mit der Ausfahrt. Die Tauchpl\u00e4tze wurden immer am Vortag festgelegt und auf einer Liste angeschrieben, so dass man sich dort eingetragen hat. Eine halbe Stunde vor Abfahrt haben wir unsere Sachen zusammengepackt und die Tasche zum&hellip; <\/p>\n","protected":false},"author":1,"featured_media":0,"parent":4846,"menu_order":5,"comment_status":"closed","ping_status":"closed","template":"","meta":{"footnotes":""},"class_list":["post-5075","page","type-page","status-publish","hentry"],"_links":{"self":[{"href":"https:\/\/www.guhalg.com\/wordpress\/index.php?rest_route=\/wp\/v2\/pages\/5075","targetHints":{"allow":["GET"]}}],"collection":[{"href":"https:\/\/www.guhalg.com\/wordpress\/index.php?rest_route=\/wp\/v2\/pages"}],"about":[{"href":"https:\/\/www.guhalg.com\/wordpress\/index.php?rest_route=\/wp\/v2\/types\/page"}],"author":[{"embeddable":true,"href":"https:\/\/www.guhalg.com\/wordpress\/index.php?rest_route=\/wp\/v2\/users\/1"}],"replies":[{"embeddable":true,"href":"https:\/\/www.guhalg.com\/wordpress\/index.php?rest_route=%2Fwp%2Fv2%2Fcomments&post=5075"}],"version-history":[{"count":7,"href":"https:\/\/www.guhalg.com\/wordpress\/index.php?rest_route=\/wp\/v2\/pages\/5075\/revisions"}],"predecessor-version":[{"id":7735,"href":"https:\/\/www.guhalg.com\/wordpress\/index.php?rest_route=\/wp\/v2\/pages\/5075\/revisions\/7735"}],"up":[{"embeddable":true,"href":"https:\/\/www.guhalg.com\/wordpress\/index.php?rest_route=\/wp\/v2\/pages\/4846"}],"wp:attachment":[{"href":"https:\/\/www.guhalg.com\/wordpress\/index.php?rest_route=%2Fwp%2Fv2%2Fmedia&parent=5075"}],"curies":[{"name":"wp","href":"https:\/\/api.w.org\/{rel}","templated":true}]}}