{"id":5486,"date":"2021-12-22T17:12:05","date_gmt":"2021-12-22T16:12:05","guid":{"rendered":"https:\/\/www.guhalg.com\/wordpress\/?page_id=5486"},"modified":"2022-02-07T22:25:47","modified_gmt":"2022-02-07T21:25:47","slug":"vier-videos","status":"publish","type":"page","link":"https:\/\/www.guhalg.com\/wordpress\/?page_id=5486","title":{"rendered":"Vier Videos"},"content":{"rendered":"\n<p>Bevor wir zu dem Highlight Tauchspot hier auf Gan kommen noch einige Worte zu den Bildern. Da unsere alte Kamera in Mexiko leider baden ging, haben wir hier zum erstem Mal unsere neue Canon Ixus 950 IS ausprobiert. Eine sch\u00f6ne Kamera, solange man nicht den automatischen Unterwassermodus verwendet. Ich finde das Farbmanagement kein bisschen \u00fcberzeugend und dann neigt die Kamera auch zum Rauschen. Mit dem normalen Modus werden die Bilder eindeutig besser, aber so richtig warm bin ich mit der Kamera noch nicht.<\/p>\n\n\n\n<p>Aber nun zum Highlight. Auf Gan gibt es eine Putzstra\u00dfe f\u00fcr Mantas. In einem der Kan\u00e4le sind mehrere Korallenbl\u00f6cke mit Putzerfischen hintereinander aufgereiht. Aller Taucher springen mehr oder minder gemeinsam vom Boot. Man driftet gemeinsam an das Riff und folgt diesem zu den oberen Korallenbl\u00f6cken auf 17 &#8211; 20 m Tauchtiefe. Die unteren Bl\u00f6cke sind so auf 24 \u2013 30 m wundersch\u00f6n gelegen im Sandbett, aber f\u00fcr eine l\u00e4ngere Beobachtung einfach zu tief.<\/p>\n\n\n\n<p>An den Bl\u00f6cken angekommen sucht sich jeder einen geeigneten Halt und ab da hei\u00dft es warten. Die Mantas sind einfach t\u00e4glich da und auch Haie und Rochen lassen sich blicken.<\/p>\n\n\n\n<p>Wir haben diesen Trubel mit bis zu 28 Tauchern einige Male mitgemacht und dann beschlossen uns abzusondern. War f\u00fcr den Guide auch in Ordnung. Also erstmal am Anfang des Channels abwarten und nach 20 Minuten dann zu den Putzerstationen weiter driften. Da waren die anderen Taucher schon l\u00e4ngst weitergezogen, um in flacherem Gew\u00e4sser weiter zu tauchen und nicht mehr so viel Luft zu verbrauchen. Wir hatten damit den Platz f\u00fcr uns alleine und haben dieses bis an die Grenze des Luftverbrauchs und der Dekozeiten auch genossen.<\/p>\n\n\n\n<p>Die Deko mussten wir zwar im Blau absitzen, aber auch hier kamen uns Mantas und weiterer Gro\u00dffisch auf dem Weg zur Putzerstation entgegen. Wir konnten uns auch gen\u00fcgend Zeit lassen, da das Einsammeln aller Taucher, weit verstreut durch die Str\u00f6mung, einiges an Zeit in Anspruch nahm und wir damit einfach nur zu den letzten Tauchern geh\u00f6rten, die aufgelesen wurden. Anbei vier kleine Videos von den Tauchg\u00e4ngen:<\/p>\n\n\n\n<figure class=\"wp-block-video aligncenter\"><video height=\"574\" style=\"aspect-ratio: 720 \/ 574;\" width=\"720\" controls src=\"https:\/\/www.guhalg.com\/wordpress\/wp-content\/uploads\/Reisen\/Gan08\/UW\/Anemone &amp; Blaustreifen.mp4\"><\/video><figcaption>Ein h\u00fcbsches P\u00e4rchen Anemonenfische und ein Schwarm Blaustreifen Schnapper<\/figcaption><\/figure>\n\n\n\n<figure class=\"wp-block-video aligncenter\"><video height=\"574\" style=\"aspect-ratio: 720 \/ 574;\" width=\"720\" controls src=\"https:\/\/www.guhalg.com\/wordpress\/wp-content\/uploads\/Reisen\/Gan08\/UW\/Drachenkopf - Fischschwarm - Schildkr\u00f6te.mp4\"><\/video><figcaption>Ein seltenes Bild, ein Drachenkopf in Bewegung, ein Schwarm \u2026 und eine Schildkr\u00f6te<\/figcaption><\/figure>\n\n\n\n<figure class=\"wp-block-video aligncenter\"><video height=\"574\" style=\"aspect-ratio: 720 \/ 574;\" width=\"720\" controls src=\"https:\/\/www.guhalg.com\/wordpress\/wp-content\/uploads\/Reisen\/Gan08\/UW\/White Tiped And Eagle Ray.mp4\"><\/video><figcaption>Ein Wei\u00dfspitzenriffhai auf Patrouille gefolgt von einem Schwarm Adlerrochen und einem Einzelg\u00e4nger<\/figcaption><\/figure>\n\n\n\n<figure class=\"wp-block-video aligncenter\"><video height=\"480\" style=\"aspect-ratio: 640 \/ 480;\" width=\"640\" controls src=\"https:\/\/www.guhalg.com\/wordpress\/wp-content\/uploads\/Reisen\/Gan08\/UW\/Mantas.mp4\"><\/video><figcaption>Die Mantas<\/figcaption><\/figure>\n\n\n\n<div class=\"wp-block-columns is-layout-flex wp-container-core-columns-is-layout-9d6595d7 wp-block-columns-is-layout-flex\">\n<div class=\"wp-block-column is-layout-flow wp-block-column-is-layout-flow\">\n<div class=\"wp-block-buttons is-layout-flex wp-block-buttons-is-layout-flex\">\n<div class=\"wp-block-button\"><a class=\"wp-block-button__link\" href=\"https:\/\/www.guhalg.com\/wordpress\/?page_id=5400\">Am Wrack<\/a><\/div>\n<\/div>\n<\/div>\n\n\n\n<div class=\"wp-block-column is-layout-flow wp-block-column-is-layout-flow\">\n<div class=\"wp-block-buttons is-horizontal is-content-justification-right is-layout-flex wp-container-core-buttons-is-layout-ae2fe186 wp-block-buttons-is-layout-flex\">\n<div class=\"wp-block-button\"><a class=\"wp-block-button__link\" href=\"https:\/\/www.guhalg.com\/wordpress\/?page_id=4950\">Bilder Equator Village<\/a><\/div>\n<\/div>\n<\/div>\n<\/div>\n","protected":false},"excerpt":{"rendered":"<p>Bevor wir zu dem Highlight Tauchspot hier auf Gan kommen noch einige Worte zu den Bildern. Da unsere alte Kamera in Mexiko leider baden ging, haben wir hier zum erstem Mal unsere neue Canon Ixus 950 IS ausprobiert. Eine sch\u00f6ne&hellip; <\/p>\n","protected":false},"author":1,"featured_media":0,"parent":4846,"menu_order":7,"comment_status":"closed","ping_status":"closed","template":"","meta":{"footnotes":""},"class_list":["post-5486","page","type-page","status-publish","hentry"],"_links":{"self":[{"href":"https:\/\/www.guhalg.com\/wordpress\/index.php?rest_route=\/wp\/v2\/pages\/5486","targetHints":{"allow":["GET"]}}],"collection":[{"href":"https:\/\/www.guhalg.com\/wordpress\/index.php?rest_route=\/wp\/v2\/pages"}],"about":[{"href":"https:\/\/www.guhalg.com\/wordpress\/index.php?rest_route=\/wp\/v2\/types\/page"}],"author":[{"embeddable":true,"href":"https:\/\/www.guhalg.com\/wordpress\/index.php?rest_route=\/wp\/v2\/users\/1"}],"replies":[{"embeddable":true,"href":"https:\/\/www.guhalg.com\/wordpress\/index.php?rest_route=%2Fwp%2Fv2%2Fcomments&post=5486"}],"version-history":[{"count":6,"href":"https:\/\/www.guhalg.com\/wordpress\/index.php?rest_route=\/wp\/v2\/pages\/5486\/revisions"}],"predecessor-version":[{"id":7740,"href":"https:\/\/www.guhalg.com\/wordpress\/index.php?rest_route=\/wp\/v2\/pages\/5486\/revisions\/7740"}],"up":[{"embeddable":true,"href":"https:\/\/www.guhalg.com\/wordpress\/index.php?rest_route=\/wp\/v2\/pages\/4846"}],"wp:attachment":[{"href":"https:\/\/www.guhalg.com\/wordpress\/index.php?rest_route=%2Fwp%2Fv2%2Fmedia&parent=5486"}],"curies":[{"name":"wp","href":"https:\/\/api.w.org\/{rel}","templated":true}]}}