{"id":5501,"date":"2021-12-23T19:53:26","date_gmt":"2021-12-23T18:53:26","guid":{"rendered":"https:\/\/www.guhalg.com\/wordpress\/?page_id=5501"},"modified":"2022-02-08T18:01:07","modified_gmt":"2022-02-08T17:01:07","slug":"indonesien-2008","status":"publish","type":"page","link":"https:\/\/www.guhalg.com\/wordpress\/?page_id=5501","title":{"rendered":"Indonesien 2008"},"content":{"rendered":"\n<p>Hallo Tauchfreunde, im Herbst 2008 waren wir zum ersten Mal in Indonesien zum Tauchen. Dieser Urlaub war aufgeteilt in eine Woche Tauchsafari und eine Woche Hotelurlaub auf Bali. Auf den folgenden Seiten m\u00f6chten wir euch einen kleinen Einblick in die faszinierende Welt Indonesiens zeigen. Erstmal gibt es einen \u00dcberblick \u00fcber unser Urlaubsziel, s\u00fcdlich vom \u00c4quator.<\/p>\n\n\n\n<div class=\"wp-block-image\"><figure class=\"aligncenter size-full\"><a href=\"https:\/\/www.guhalg.com\/wordpress\/wp-content\/uploads\/Reisen\/Indo08\/Reise\/Bali_2008.jpg\"><img loading=\"lazy\" decoding=\"async\" width=\"1024\" height=\"568\" src=\"https:\/\/www.guhalg.com\/wordpress\/wp-content\/uploads\/Reisen\/Indo08\/Reise\/Bali_2008.jpg\" alt=\"Bali 2008\" class=\"wp-image-5552\" srcset=\"https:\/\/www.guhalg.com\/wordpress\/wp-content\/uploads\/Reisen\/Indo08\/Reise\/Bali_2008.jpg 1024w, https:\/\/www.guhalg.com\/wordpress\/wp-content\/uploads\/Reisen\/Indo08\/Reise\/Bali_2008-300x166.jpg 300w, https:\/\/www.guhalg.com\/wordpress\/wp-content\/uploads\/Reisen\/Indo08\/Reise\/Bali_2008-768x426.jpg 768w\" sizes=\"auto, (max-width: 1024px) 100vw, 1024px\" \/><\/a><figcaption>Bali 2008<\/figcaption><\/figure><\/div>\n\n\n\n<p>Wie man auf der Weltkarte schon sieht, ist es von dort gar nicht mehr weit bis nach Australien. Entsprechend lang war somit auch unsere Anreise. Doch bevor es nun mit der Anreise weitergeht, erst nochmal der Link zum Reiseziel <a rel=\"noreferrer noopener\" href=\"http:\/\/de.wikipedia.org\/wiki\/Indonesien\" target=\"_blank\">Indonesien<\/a>. Den damaligen Safari-Veranstalter Grand Komodo Tours gibt es mittlerweile nicht mehr und der Link zum Hotel Gavana Novus auf Bali ist nur ungesichert erreichbar und bekommt daher keine Verlinkung.<\/p>\n\n\n\n<div class=\"wp-block-buttons is-horizontal is-content-justification-right is-layout-flex wp-container-core-buttons-is-layout-ae2fe186 wp-block-buttons-is-layout-flex\">\n<div class=\"wp-block-button\"><a class=\"wp-block-button__link\" href=\"https:\/\/www.guhalg.com\/wordpress\/?page_id=5564\">Anreise nach Bali<\/a><\/div>\n<\/div>\n\n\n\n<p><\/p>\n","protected":false},"excerpt":{"rendered":"<p>Hallo Tauchfreunde, im Herbst 2008 waren wir zum ersten Mal in Indonesien zum Tauchen. Dieser Urlaub war aufgeteilt in eine Woche Tauchsafari und eine Woche Hotelurlaub auf Bali. Auf den folgenden Seiten m\u00f6chten wir euch einen kleinen Einblick in die&hellip; <\/p>\n","protected":false},"author":1,"featured_media":0,"parent":0,"menu_order":18,"comment_status":"closed","ping_status":"closed","template":"","meta":{"footnotes":""},"class_list":["post-5501","page","type-page","status-publish","hentry"],"_links":{"self":[{"href":"https:\/\/www.guhalg.com\/wordpress\/index.php?rest_route=\/wp\/v2\/pages\/5501","targetHints":{"allow":["GET"]}}],"collection":[{"href":"https:\/\/www.guhalg.com\/wordpress\/index.php?rest_route=\/wp\/v2\/pages"}],"about":[{"href":"https:\/\/www.guhalg.com\/wordpress\/index.php?rest_route=\/wp\/v2\/types\/page"}],"author":[{"embeddable":true,"href":"https:\/\/www.guhalg.com\/wordpress\/index.php?rest_route=\/wp\/v2\/users\/1"}],"replies":[{"embeddable":true,"href":"https:\/\/www.guhalg.com\/wordpress\/index.php?rest_route=%2Fwp%2Fv2%2Fcomments&post=5501"}],"version-history":[{"count":12,"href":"https:\/\/www.guhalg.com\/wordpress\/index.php?rest_route=\/wp\/v2\/pages\/5501\/revisions"}],"predecessor-version":[{"id":7747,"href":"https:\/\/www.guhalg.com\/wordpress\/index.php?rest_route=\/wp\/v2\/pages\/5501\/revisions\/7747"}],"wp:attachment":[{"href":"https:\/\/www.guhalg.com\/wordpress\/index.php?rest_route=%2Fwp%2Fv2%2Fmedia&parent=5501"}],"curies":[{"name":"wp","href":"https:\/\/api.w.org\/{rel}","templated":true}]}}