{"id":5564,"date":"2021-12-23T20:39:56","date_gmt":"2021-12-23T19:39:56","guid":{"rendered":"https:\/\/www.guhalg.com\/wordpress\/?page_id=5564"},"modified":"2022-02-08T18:01:47","modified_gmt":"2022-02-08T17:01:47","slug":"anreise-nach-bali","status":"publish","type":"page","link":"https:\/\/www.guhalg.com\/wordpress\/?page_id=5564","title":{"rendered":"Anreise nach Bali"},"content":{"rendered":"\n<p>Dieser Urlaub war teilweise gepr\u00e4gt durch eine Menge an Reisezeiten. Da war erstmal die Anreise zur Safari, mit einer Zwischenstation auf Bali inkl. \u00dcbernachtung, dann die R\u00fcckreise von der Safari nach Bali und dem Transport in unser Ressort und anschlie\u00dfend noch die R\u00fcckreise nach Deutschland. Wir haben hier einfach mal die Stationen zusammengefasst und ein paar Bilder ausgesucht.<\/p>\n\n\n\n<p>Wie schon so oft begann unser Urlaub mit der Anreise nach Frankfurt. Da wir diesmal zu f\u00fcnft aus Hannover waren, haben wir f\u00fcr uns f\u00fcr die Anreise per Auto entschieden. Also haben wir uns alle inkl. 5 x Tauch- und Reisegep\u00e4ck in Daniels Gel\u00e4ndewagen platziert und sind nach Frankfurt gefahren. Nat\u00fcrlich geht so eine Anreise nicht ohne den obligatorischen Toilettenstopp zwischendurch, insbesondere bei zwei M\u00e4dels im Auto. Also zwischendurch raus von der Piste, rein in die Rastst\u00e4tte und nach dem Besuch der \u00d6rtlichkeiten erstmal einen Latte Macchiato zum Nachf\u00fcllen.<\/p>\n\n\n\n<div class=\"wp-block-image\"><figure class=\"aligncenter size-full\"><a href=\"https:\/\/www.guhalg.com\/wordpress\/wp-content\/uploads\/Reisen\/Indo08\/Reise\/20071028 - 02 36 52 - IMG_0714.jpg\"><img loading=\"lazy\" decoding=\"async\" width=\"800\" height=\"600\" src=\"https:\/\/www.guhalg.com\/wordpress\/wp-content\/uploads\/Reisen\/Indo08\/Reise\/20071028 - 02 36 52 - IMG_0714.jpg\" alt=\"Zwischenstop\" class=\"wp-image-5535\" srcset=\"https:\/\/www.guhalg.com\/wordpress\/wp-content\/uploads\/Reisen\/Indo08\/Reise\/20071028%20-%2002%2036%2052%20-%20IMG_0714.jpg 800w, https:\/\/www.guhalg.com\/wordpress\/wp-content\/uploads\/Reisen\/Indo08\/Reise\/20071028%20-%2002%2036%2052%20-%20IMG_0714-300x225.jpg 300w, https:\/\/www.guhalg.com\/wordpress\/wp-content\/uploads\/Reisen\/Indo08\/Reise\/20071028%20-%2002%2036%2052%20-%20IMG_0714-768x576.jpg 768w\" sizes=\"auto, (max-width: 800px) 100vw, 800px\" \/><\/a><figcaption>Zwischenstopp<\/figcaption><\/figure><\/div>\n\n\n\n<p>Die Sanifair Bons werden immer gut aufgehoben, da sie ja doch einen beachtlichen Wert darstellen und man zumindest Getr\u00e4nke, Zeitschriften und Naschereien bezahlen kann. Aber wer nun glaubt, das n\u00e4chste Bild ist auch noch auf der Rastst\u00e4tte entstanden, den muss ich entt\u00e4uschen. Hier sind wir schon beim Stop-over in Kuala Lumpur und genie\u00dfen im Starbucks den Kaffee oder Latte Macchiato Grande.<\/p>\n\n\n\n<div class=\"wp-block-image\"><figure class=\"aligncenter size-full\"><a href=\"https:\/\/www.guhalg.com\/wordpress\/wp-content\/uploads\/Reisen\/Indo08\/Reise\/2007108 - 02 36 54 - c h kerstin dainiel flughafen.jpg\"><img loading=\"lazy\" decoding=\"async\" width=\"800\" height=\"600\" src=\"https:\/\/www.guhalg.com\/wordpress\/wp-content\/uploads\/Reisen\/Indo08\/Reise\/2007108 - 02 36 54 - c h kerstin dainiel flughafen.jpg\" alt=\"Starbucks in Kuala Lumpur\" class=\"wp-image-5536\" srcset=\"https:\/\/www.guhalg.com\/wordpress\/wp-content\/uploads\/Reisen\/Indo08\/Reise\/2007108%20-%2002%2036%2054%20-%20c%20h%20kerstin%20dainiel%20flughafen.jpg 800w, https:\/\/www.guhalg.com\/wordpress\/wp-content\/uploads\/Reisen\/Indo08\/Reise\/2007108%20-%2002%2036%2054%20-%20c%20h%20kerstin%20dainiel%20flughafen-300x225.jpg 300w, https:\/\/www.guhalg.com\/wordpress\/wp-content\/uploads\/Reisen\/Indo08\/Reise\/2007108%20-%2002%2036%2054%20-%20c%20h%20kerstin%20dainiel%20flughafen-768x576.jpg 768w\" sizes=\"auto, (max-width: 800px) 100vw, 800px\" \/><\/a><figcaption>Starbucks in Kuala Lumpur<\/figcaption><\/figure><\/div>\n\n\n\n<p>Ansonsten ist der Flug nach Bali v\u00f6llig ruhig verlaufen. Am Flughafen wurden wir dann abgeholt und in unser Hotel nach Sanur gebracht, da es mit dem Flug, der uns zu unserem Safari-Boot bringt, erst am n\u00e4chsten Morgen weiterging.<\/p>\n\n\n\n<div class=\"wp-block-columns is-layout-flex wp-container-core-columns-is-layout-9d6595d7 wp-block-columns-is-layout-flex\">\n<div class=\"wp-block-column is-layout-flow wp-block-column-is-layout-flow\">\n<div class=\"wp-block-buttons is-layout-flex wp-block-buttons-is-layout-flex\">\n<div class=\"wp-block-button\"><a class=\"wp-block-button__link\" href=\"https:\/\/www.guhalg.com\/wordpress\/?page_id=5501\">Indonesien 2008<\/a><\/div>\n<\/div>\n<\/div>\n\n\n\n<div class=\"wp-block-column is-layout-flow wp-block-column-is-layout-flow\">\n<div class=\"wp-block-buttons is-horizontal is-content-justification-right is-layout-flex wp-container-core-buttons-is-layout-ae2fe186 wp-block-buttons-is-layout-flex\">\n<div class=\"wp-block-button\"><a class=\"wp-block-button__link\" href=\"https:\/\/www.guhalg.com\/wordpress\/?page_id=5593\">Der Abend in Sanur<\/a><\/div>\n<\/div>\n<\/div>\n<\/div>\n","protected":false},"excerpt":{"rendered":"<p>Dieser Urlaub war teilweise gepr\u00e4gt durch eine Menge an Reisezeiten. Da war erstmal die Anreise zur Safari, mit einer Zwischenstation auf Bali inkl. \u00dcbernachtung, dann die R\u00fcckreise von der Safari nach Bali und dem Transport in unser Ressort und anschlie\u00dfend&hellip; <\/p>\n","protected":false},"author":1,"featured_media":0,"parent":5501,"menu_order":2,"comment_status":"closed","ping_status":"closed","template":"","meta":{"footnotes":""},"class_list":["post-5564","page","type-page","status-publish","hentry"],"_links":{"self":[{"href":"https:\/\/www.guhalg.com\/wordpress\/index.php?rest_route=\/wp\/v2\/pages\/5564","targetHints":{"allow":["GET"]}}],"collection":[{"href":"https:\/\/www.guhalg.com\/wordpress\/index.php?rest_route=\/wp\/v2\/pages"}],"about":[{"href":"https:\/\/www.guhalg.com\/wordpress\/index.php?rest_route=\/wp\/v2\/types\/page"}],"author":[{"embeddable":true,"href":"https:\/\/www.guhalg.com\/wordpress\/index.php?rest_route=\/wp\/v2\/users\/1"}],"replies":[{"embeddable":true,"href":"https:\/\/www.guhalg.com\/wordpress\/index.php?rest_route=%2Fwp%2Fv2%2Fcomments&post=5564"}],"version-history":[{"count":10,"href":"https:\/\/www.guhalg.com\/wordpress\/index.php?rest_route=\/wp\/v2\/pages\/5564\/revisions"}],"predecessor-version":[{"id":7748,"href":"https:\/\/www.guhalg.com\/wordpress\/index.php?rest_route=\/wp\/v2\/pages\/5564\/revisions\/7748"}],"up":[{"embeddable":true,"href":"https:\/\/www.guhalg.com\/wordpress\/index.php?rest_route=\/wp\/v2\/pages\/5501"}],"wp:attachment":[{"href":"https:\/\/www.guhalg.com\/wordpress\/index.php?rest_route=%2Fwp%2Fv2%2Fmedia&parent=5564"}],"curies":[{"name":"wp","href":"https:\/\/api.w.org\/{rel}","templated":true}]}}