{"id":5635,"date":"2022-01-02T18:57:28","date_gmt":"2022-01-02T17:57:28","guid":{"rendered":"https:\/\/www.guhalg.com\/wordpress\/?page_id=5635"},"modified":"2022-02-08T18:03:58","modified_gmt":"2022-02-08T17:03:58","slug":"umzug-ins-resort","status":"publish","type":"page","link":"https:\/\/www.guhalg.com\/wordpress\/?page_id=5635","title":{"rendered":"Umzug ins Resort"},"content":{"rendered":"\n<p>Leider ist auch eine so sch\u00f6ne Safari mal zu Ende und so mussten wir die MS Tarata verlassen, um in unser Resort nach Bali weiterzuziehen. Also wurde nach dem letzten Tauchgang unser Equipment zum Trocknen aufgeh\u00e4ngt und wir konnten dieses auch am n\u00e4chsten Mittag trocken verstauen. Das Safariboot brachte uns nach dem Fr\u00fchst\u00fcck nach Sape auf der Insel Sumbawa, von wo aus es mit dem Transferbus weiterging nach Bima, zu unserem Flieger. Zum Abschluss nochmal schnell ein Bild von unserer Crew.<\/p>\n\n\n\n<div class=\"wp-block-image\"><figure class=\"aligncenter size-full\"><a href=\"https:\/\/www.guhalg.com\/wordpress\/wp-content\/uploads\/Reisen\/Indo08\/Reise\/IMG_3823.jpg\"><img loading=\"lazy\" decoding=\"async\" width=\"800\" height=\"600\" src=\"https:\/\/www.guhalg.com\/wordpress\/wp-content\/uploads\/Reisen\/Indo08\/Reise\/IMG_3823.jpg\" alt=\"Trocknen\" class=\"wp-image-5558\" srcset=\"https:\/\/www.guhalg.com\/wordpress\/wp-content\/uploads\/Reisen\/Indo08\/Reise\/IMG_3823.jpg 800w, https:\/\/www.guhalg.com\/wordpress\/wp-content\/uploads\/Reisen\/Indo08\/Reise\/IMG_3823-300x225.jpg 300w, https:\/\/www.guhalg.com\/wordpress\/wp-content\/uploads\/Reisen\/Indo08\/Reise\/IMG_3823-768x576.jpg 768w\" sizes=\"auto, (max-width: 800px) 100vw, 800px\" \/><\/a><figcaption>Trocknen<\/figcaption><\/figure><\/div>\n\n\n\n<div class=\"wp-block-image\"><figure class=\"aligncenter size-full\"><a href=\"https:\/\/www.guhalg.com\/wordpress\/wp-content\/uploads\/Reisen\/Indo08\/Reise\/IMG_3874.jpg\"><img loading=\"lazy\" decoding=\"async\" width=\"800\" height=\"600\" src=\"https:\/\/www.guhalg.com\/wordpress\/wp-content\/uploads\/Reisen\/Indo08\/Reise\/IMG_3874.jpg\" alt=\"Unsere Crew\" class=\"wp-image-5559\" srcset=\"https:\/\/www.guhalg.com\/wordpress\/wp-content\/uploads\/Reisen\/Indo08\/Reise\/IMG_3874.jpg 800w, https:\/\/www.guhalg.com\/wordpress\/wp-content\/uploads\/Reisen\/Indo08\/Reise\/IMG_3874-300x225.jpg 300w, https:\/\/www.guhalg.com\/wordpress\/wp-content\/uploads\/Reisen\/Indo08\/Reise\/IMG_3874-768x576.jpg 768w\" sizes=\"auto, (max-width: 800px) 100vw, 800px\" \/><\/a><figcaption>Unsere Crew<\/figcaption><\/figure><\/div>\n\n\n\n<p>Bei einem Blick in den Hafen und auch auf der anschlie\u00dfenden Busfahrt lie\u00dfen sich keinerlei Zeichen von Tourismus erkennen. Indonesien zeigte sich uns recht urt\u00fcmlich.<\/p>\n\n\n\n<figure class=\"wp-block-gallery has-nested-images columns-5 is-cropped wp-block-gallery-1 is-layout-flex wp-block-gallery-is-layout-flex\">\n<figure class=\"wp-block-image size-large\"><img loading=\"lazy\" decoding=\"async\" width=\"800\" height=\"600\" data-id=\"5553\" src=\"https:\/\/www.guhalg.com\/wordpress\/wp-content\/uploads\/Reisen\/Indo08\/Reise\/DG 0772.jpg\" alt=\"\" class=\"wp-image-5553\" srcset=\"https:\/\/www.guhalg.com\/wordpress\/wp-content\/uploads\/Reisen\/Indo08\/Reise\/DG%200772.jpg 800w, https:\/\/www.guhalg.com\/wordpress\/wp-content\/uploads\/Reisen\/Indo08\/Reise\/DG%200772-300x225.jpg 300w, https:\/\/www.guhalg.com\/wordpress\/wp-content\/uploads\/Reisen\/Indo08\/Reise\/DG%200772-768x576.jpg 768w\" sizes=\"auto, (max-width: 800px) 100vw, 800px\" \/><\/figure>\n\n\n\n<figure class=\"wp-block-image size-large\"><img loading=\"lazy\" decoding=\"async\" width=\"800\" height=\"600\" data-id=\"5554\" src=\"https:\/\/www.guhalg.com\/wordpress\/wp-content\/uploads\/Reisen\/Indo08\/Reise\/DG 0782.jpg\" alt=\"\" class=\"wp-image-5554\" srcset=\"https:\/\/www.guhalg.com\/wordpress\/wp-content\/uploads\/Reisen\/Indo08\/Reise\/DG%200782.jpg 800w, https:\/\/www.guhalg.com\/wordpress\/wp-content\/uploads\/Reisen\/Indo08\/Reise\/DG%200782-300x225.jpg 300w, https:\/\/www.guhalg.com\/wordpress\/wp-content\/uploads\/Reisen\/Indo08\/Reise\/DG%200782-768x576.jpg 768w\" sizes=\"auto, (max-width: 800px) 100vw, 800px\" \/><\/figure>\n\n\n\n<figure class=\"wp-block-image size-large\"><img loading=\"lazy\" decoding=\"async\" width=\"800\" height=\"600\" data-id=\"5556\" src=\"https:\/\/www.guhalg.com\/wordpress\/wp-content\/uploads\/Reisen\/Indo08\/Reise\/IMG_1677.jpg\" alt=\"\" class=\"wp-image-5556\" srcset=\"https:\/\/www.guhalg.com\/wordpress\/wp-content\/uploads\/Reisen\/Indo08\/Reise\/IMG_1677.jpg 800w, https:\/\/www.guhalg.com\/wordpress\/wp-content\/uploads\/Reisen\/Indo08\/Reise\/IMG_1677-300x225.jpg 300w, https:\/\/www.guhalg.com\/wordpress\/wp-content\/uploads\/Reisen\/Indo08\/Reise\/IMG_1677-768x576.jpg 768w\" sizes=\"auto, (max-width: 800px) 100vw, 800px\" \/><\/figure>\n\n\n\n<figure class=\"wp-block-image size-large\"><img loading=\"lazy\" decoding=\"async\" width=\"800\" height=\"600\" data-id=\"5557\" src=\"https:\/\/www.guhalg.com\/wordpress\/wp-content\/uploads\/Reisen\/Indo08\/Reise\/IMG_1681.jpg\" alt=\"\" class=\"wp-image-5557\" srcset=\"https:\/\/www.guhalg.com\/wordpress\/wp-content\/uploads\/Reisen\/Indo08\/Reise\/IMG_1681.jpg 800w, https:\/\/www.guhalg.com\/wordpress\/wp-content\/uploads\/Reisen\/Indo08\/Reise\/IMG_1681-300x225.jpg 300w, https:\/\/www.guhalg.com\/wordpress\/wp-content\/uploads\/Reisen\/Indo08\/Reise\/IMG_1681-768x576.jpg 768w\" sizes=\"auto, (max-width: 800px) 100vw, 800px\" \/><\/figure>\n\n\n\n<figure class=\"wp-block-image size-large\"><img loading=\"lazy\" decoding=\"async\" width=\"800\" height=\"600\" data-id=\"5555\" src=\"https:\/\/www.guhalg.com\/wordpress\/wp-content\/uploads\/Reisen\/Indo08\/Reise\/IMG_1674.jpg\" alt=\"\" class=\"wp-image-5555\" srcset=\"https:\/\/www.guhalg.com\/wordpress\/wp-content\/uploads\/Reisen\/Indo08\/Reise\/IMG_1674.jpg 800w, https:\/\/www.guhalg.com\/wordpress\/wp-content\/uploads\/Reisen\/Indo08\/Reise\/IMG_1674-300x225.jpg 300w, https:\/\/www.guhalg.com\/wordpress\/wp-content\/uploads\/Reisen\/Indo08\/Reise\/IMG_1674-768x576.jpg 768w\" sizes=\"auto, (max-width: 800px) 100vw, 800px\" \/><\/figure>\n<\/figure>\n\n\n\n<p>Einige weitere Bilder dieser Landschaft und ihrer Menschen findet ihr in der Bildergalerie: <a href=\"https:\/\/www.guhalg.com\/wordpress\/?page_id=5665\" data-type=\"page\" data-id=\"5665\">Sumbawa <\/a><\/p>\n\n\n\n<div class=\"wp-block-columns is-layout-flex wp-container-core-columns-is-layout-9d6595d7 wp-block-columns-is-layout-flex\">\n<div class=\"wp-block-column is-layout-flow wp-block-column-is-layout-flow\">\n<div class=\"wp-block-buttons is-layout-flex wp-block-buttons-is-layout-flex\">\n<div class=\"wp-block-button\"><a class=\"wp-block-button__link\" href=\"https:\/\/www.guhalg.com\/wordpress\/?page_id=5593\">Abend in Sanur<\/a><\/div>\n<\/div>\n<\/div>\n\n\n\n<div class=\"wp-block-column is-layout-flow wp-block-column-is-layout-flow\">\n<div class=\"wp-block-buttons is-horizontal is-content-justification-right is-layout-flex wp-container-core-buttons-is-layout-ae2fe186 wp-block-buttons-is-layout-flex\">\n<div class=\"wp-block-button\"><a class=\"wp-block-button__link\" href=\"https:\/\/www.guhalg.com\/wordpress\/?page_id=5670\">Letzter Tag und Abschied<\/a><\/div>\n<\/div>\n<\/div>\n<\/div>\n","protected":false},"excerpt":{"rendered":"<p>Leider ist auch eine so sch\u00f6ne Safari mal zu Ende und so mussten wir die MS Tarata verlassen, um in unser Resort nach Bali weiterzuziehen. Also wurde nach dem letzten Tauchgang unser Equipment zum Trocknen aufgeh\u00e4ngt und wir konnten dieses&hellip; <\/p>\n","protected":false},"author":1,"featured_media":0,"parent":5501,"menu_order":3,"comment_status":"closed","ping_status":"closed","template":"","meta":{"footnotes":""},"class_list":["post-5635","page","type-page","status-publish","hentry"],"_links":{"self":[{"href":"https:\/\/www.guhalg.com\/wordpress\/index.php?rest_route=\/wp\/v2\/pages\/5635","targetHints":{"allow":["GET"]}}],"collection":[{"href":"https:\/\/www.guhalg.com\/wordpress\/index.php?rest_route=\/wp\/v2\/pages"}],"about":[{"href":"https:\/\/www.guhalg.com\/wordpress\/index.php?rest_route=\/wp\/v2\/types\/page"}],"author":[{"embeddable":true,"href":"https:\/\/www.guhalg.com\/wordpress\/index.php?rest_route=\/wp\/v2\/users\/1"}],"replies":[{"embeddable":true,"href":"https:\/\/www.guhalg.com\/wordpress\/index.php?rest_route=%2Fwp%2Fv2%2Fcomments&post=5635"}],"version-history":[{"count":7,"href":"https:\/\/www.guhalg.com\/wordpress\/index.php?rest_route=\/wp\/v2\/pages\/5635\/revisions"}],"predecessor-version":[{"id":7751,"href":"https:\/\/www.guhalg.com\/wordpress\/index.php?rest_route=\/wp\/v2\/pages\/5635\/revisions\/7751"}],"up":[{"embeddable":true,"href":"https:\/\/www.guhalg.com\/wordpress\/index.php?rest_route=\/wp\/v2\/pages\/5501"}],"wp:attachment":[{"href":"https:\/\/www.guhalg.com\/wordpress\/index.php?rest_route=%2Fwp%2Fv2%2Fmedia&parent=5635"}],"curies":[{"name":"wp","href":"https:\/\/api.w.org\/{rel}","templated":true}]}}