{"id":5872,"date":"2022-01-03T21:10:39","date_gmt":"2022-01-03T20:10:39","guid":{"rendered":"https:\/\/www.guhalg.com\/wordpress\/?page_id=5872"},"modified":"2022-02-08T18:09:14","modified_gmt":"2022-02-08T17:09:14","slug":"komodo-warane","status":"publish","type":"page","link":"https:\/\/www.guhalg.com\/wordpress\/?page_id=5872","title":{"rendered":"Komodo Warane"},"content":{"rendered":"\n<p>Wie schon erw\u00e4hnt haben wir in einer Halbtagestour nach Rinca unsere Taucherlebnisse getauscht gegen die Vergangenheit. Zumindest, wenn man den ersten Komodo-Waran Live sieht, kommt es einem so vor als ob man einen Jahrmillionen-Sprung in die Vergangenheit gereist ist. Das Eintreffen auf Rinca und der Weg zur Ranger Station sind v\u00f6llig unspektakul\u00e4r. Ein kleiner Holzanleger f\u00fcr das Boot und vertrocknete Landschaft auf dem Weg.<\/p>\n\n\n\n<div class=\"wp-block-image\"><figure class=\"aligncenter size-full\"><a href=\"https:\/\/www.guhalg.com\/wordpress\/wp-content\/uploads\/Reisen\/Indo08\/Safari\/20081029 - 02 31 45 - 01 00.jpg\"><img loading=\"lazy\" decoding=\"async\" width=\"800\" height=\"600\" src=\"https:\/\/www.guhalg.com\/wordpress\/wp-content\/uploads\/Reisen\/Indo08\/Safari\/20081029 - 02 31 45 - 01 00.jpg\" alt=\"Anleger\" class=\"wp-image-5694\" srcset=\"https:\/\/www.guhalg.com\/wordpress\/wp-content\/uploads\/Reisen\/Indo08\/Safari\/20081029%20-%2002%2031%2045%20-%2001%2000.jpg 800w, https:\/\/www.guhalg.com\/wordpress\/wp-content\/uploads\/Reisen\/Indo08\/Safari\/20081029%20-%2002%2031%2045%20-%2001%2000-300x225.jpg 300w, https:\/\/www.guhalg.com\/wordpress\/wp-content\/uploads\/Reisen\/Indo08\/Safari\/20081029%20-%2002%2031%2045%20-%2001%2000-768x576.jpg 768w\" sizes=\"auto, (max-width: 800px) 100vw, 800px\" \/><\/a><figcaption>Anleger<\/figcaption><\/figure><\/div>\n\n\n\n<div class=\"wp-block-image\"><figure class=\"aligncenter size-full\"><a href=\"https:\/\/www.guhalg.com\/wordpress\/wp-content\/uploads\/Reisen\/Indo08\/Safari\/20081029 - 07 41 06 - sandflaeche 1.jpg\"><img loading=\"lazy\" decoding=\"async\" width=\"800\" height=\"600\" src=\"https:\/\/www.guhalg.com\/wordpress\/wp-content\/uploads\/Reisen\/Indo08\/Safari\/20081029 - 07 41 06 - sandflaeche 1.jpg\" alt=\"vertrocknete Landschaft\" class=\"wp-image-5695\" srcset=\"https:\/\/www.guhalg.com\/wordpress\/wp-content\/uploads\/Reisen\/Indo08\/Safari\/20081029%20-%2007%2041%2006%20-%20sandflaeche%201.jpg 800w, https:\/\/www.guhalg.com\/wordpress\/wp-content\/uploads\/Reisen\/Indo08\/Safari\/20081029%20-%2007%2041%2006%20-%20sandflaeche%201-300x225.jpg 300w, https:\/\/www.guhalg.com\/wordpress\/wp-content\/uploads\/Reisen\/Indo08\/Safari\/20081029%20-%2007%2041%2006%20-%20sandflaeche%201-768x576.jpg 768w\" sizes=\"auto, (max-width: 800px) 100vw, 800px\" \/><\/a><figcaption>vertrocknete Landschaft<\/figcaption><\/figure><\/div>\n\n\n\n<p>Es folgt ein Hinweisschild auf den Nationalpark, eine \u00dcbersichtstafel und halt die Ranger Station mit ihrem Dorfschild.<\/p>\n\n\n\n<div class=\"wp-block-columns is-layout-flex wp-container-core-columns-is-layout-9d6595d7 wp-block-columns-is-layout-flex\">\n<div class=\"wp-block-column is-layout-flow wp-block-column-is-layout-flow\">\n<div class=\"wp-block-image\"><figure class=\"aligncenter size-full\"><a href=\"https:\/\/www.guhalg.com\/wordpress\/wp-content\/uploads\/Reisen\/Indo08\/Safari\/20081029 - 07 43 47 - 01 14.jpg\"><img loading=\"lazy\" decoding=\"async\" width=\"800\" height=\"600\" src=\"https:\/\/www.guhalg.com\/wordpress\/wp-content\/uploads\/Reisen\/Indo08\/Safari\/20081029 - 07 43 47 - 01 14.jpg\" alt=\"Hinweisschild\" class=\"wp-image-5696\" srcset=\"https:\/\/www.guhalg.com\/wordpress\/wp-content\/uploads\/Reisen\/Indo08\/Safari\/20081029%20-%2007%2043%2047%20-%2001%2014.jpg 800w, https:\/\/www.guhalg.com\/wordpress\/wp-content\/uploads\/Reisen\/Indo08\/Safari\/20081029%20-%2007%2043%2047%20-%2001%2014-300x225.jpg 300w, https:\/\/www.guhalg.com\/wordpress\/wp-content\/uploads\/Reisen\/Indo08\/Safari\/20081029%20-%2007%2043%2047%20-%2001%2014-768x576.jpg 768w\" sizes=\"auto, (max-width: 800px) 100vw, 800px\" \/><\/a><figcaption>Hinweisschild<\/figcaption><\/figure><\/div>\n<\/div>\n\n\n\n<div class=\"wp-block-column is-layout-flow wp-block-column-is-layout-flow\">\n<div class=\"wp-block-image\"><figure class=\"aligncenter size-full\"><a href=\"https:\/\/www.guhalg.com\/wordpress\/wp-content\/uploads\/Reisen\/Indo08\/Safari\/20081029 - 07 43 48 - 01 1.jpg\"><img loading=\"lazy\" decoding=\"async\" width=\"800\" height=\"600\" src=\"https:\/\/www.guhalg.com\/wordpress\/wp-content\/uploads\/Reisen\/Indo08\/Safari\/20081029 - 07 43 48 - 01 1.jpg\" alt=\"\u00dcbersichtstafel\" class=\"wp-image-5697\" srcset=\"https:\/\/www.guhalg.com\/wordpress\/wp-content\/uploads\/Reisen\/Indo08\/Safari\/20081029%20-%2007%2043%2048%20-%2001%201.jpg 800w, https:\/\/www.guhalg.com\/wordpress\/wp-content\/uploads\/Reisen\/Indo08\/Safari\/20081029%20-%2007%2043%2048%20-%2001%201-300x225.jpg 300w, https:\/\/www.guhalg.com\/wordpress\/wp-content\/uploads\/Reisen\/Indo08\/Safari\/20081029%20-%2007%2043%2048%20-%2001%201-768x576.jpg 768w\" sizes=\"auto, (max-width: 800px) 100vw, 800px\" \/><\/a><figcaption>\u00dcbersichtstafel<\/figcaption><\/figure><\/div>\n<\/div>\n\n\n\n<div class=\"wp-block-column is-layout-flow wp-block-column-is-layout-flow\">\n<div class=\"wp-block-image\"><figure class=\"aligncenter size-full\"><a href=\"https:\/\/www.guhalg.com\/wordpress\/wp-content\/uploads\/Reisen\/Indo08\/Safari\/20081029 - 07 444 11 - 01 10.jpg\"><img loading=\"lazy\" decoding=\"async\" width=\"800\" height=\"600\" src=\"https:\/\/www.guhalg.com\/wordpress\/wp-content\/uploads\/Reisen\/Indo08\/Safari\/20081029 - 07 444 11 - 01 10.jpg\" alt=\"Die Rangerstation\" class=\"wp-image-5698\" srcset=\"https:\/\/www.guhalg.com\/wordpress\/wp-content\/uploads\/Reisen\/Indo08\/Safari\/20081029%20-%2007%20444%2011%20-%2001%2010.jpg 800w, https:\/\/www.guhalg.com\/wordpress\/wp-content\/uploads\/Reisen\/Indo08\/Safari\/20081029%20-%2007%20444%2011%20-%2001%2010-300x225.jpg 300w, https:\/\/www.guhalg.com\/wordpress\/wp-content\/uploads\/Reisen\/Indo08\/Safari\/20081029%20-%2007%20444%2011%20-%2001%2010-768x576.jpg 768w\" sizes=\"auto, (max-width: 800px) 100vw, 800px\" \/><\/a><figcaption>Die Ranger Station<\/figcaption><\/figure><\/div>\n<\/div>\n<\/div>\n\n\n\n<p>Soweit alles v\u00f6llig normal und oft gesehen. Aber dann kommt der Blick zum ersten Haus&#8230;&#8230;&#8230;..unter den Stelzen&#8230;&#8230;&#8230;..im Schatten: <\/p>\n\n\n\n<h3 class=\"has-text-align-center wp-block-heading\" id=\"relikte-der-vergangenheit\"><strong>Relikte der Vergangenheit<\/strong><\/h3>\n\n\n\n<div class=\"wp-block-image\"><figure class=\"aligncenter size-full\"><a href=\"https:\/\/www.guhalg.com\/wordpress\/wp-content\/uploads\/Reisen\/Indo08\/Safari\/20081029 - 07 49 00 - 02008 warane.jpg\"><img loading=\"lazy\" decoding=\"async\" width=\"800\" height=\"600\" src=\"https:\/\/www.guhalg.com\/wordpress\/wp-content\/uploads\/Reisen\/Indo08\/Safari\/20081029 - 07 49 00 - 02008 warane.jpg\" alt=\"Warane im Schatten\" class=\"wp-image-5699\" srcset=\"https:\/\/www.guhalg.com\/wordpress\/wp-content\/uploads\/Reisen\/Indo08\/Safari\/20081029%20-%2007%2049%2000%20-%2002008%20warane.jpg 800w, https:\/\/www.guhalg.com\/wordpress\/wp-content\/uploads\/Reisen\/Indo08\/Safari\/20081029%20-%2007%2049%2000%20-%2002008%20warane-300x225.jpg 300w, https:\/\/www.guhalg.com\/wordpress\/wp-content\/uploads\/Reisen\/Indo08\/Safari\/20081029%20-%2007%2049%2000%20-%2002008%20warane-768x576.jpg 768w\" sizes=\"auto, (max-width: 800px) 100vw, 800px\" \/><\/a><figcaption>Warane im Schatten<\/figcaption><\/figure><\/div>\n\n\n\n<p>Die Tiere schlafen im Schatten und haben sich an das \u201aZusammenleben\u2018 mit den Menschen gew\u00f6hnt. Aber dies war jetzt ja nur der Einstieg. Mit dem Ranger ging es weiter in das Landesinnere. Er erz\u00e4hlte \u00fcber die Jagd- und Fressmethoden der Warane, \u00fcber ihren mit Bakterien und Viren verseuchten Speichel, dar\u00fcber, dass sie nichts von ihrer Beute \u00fcbriglassen und dadurch die Ausscheidungen den Knochenkalk der Beute enthalten und sich so wei\u00df f\u00e4rben.<\/p>\n\n\n\n<div class=\"wp-block-columns is-layout-flex wp-container-core-columns-is-layout-9d6595d7 wp-block-columns-is-layout-flex\">\n<div class=\"wp-block-column is-layout-flow wp-block-column-is-layout-flow\">\n<div class=\"wp-block-image\"><figure class=\"aligncenter size-full\"><a href=\"https:\/\/www.guhalg.com\/wordpress\/wp-content\/uploads\/Reisen\/Indo08\/Reise\/20081029 - 08 15 13 - 024 landschaft.jpg\"><img loading=\"lazy\" decoding=\"async\" width=\"800\" height=\"600\" src=\"https:\/\/www.guhalg.com\/wordpress\/wp-content\/uploads\/Reisen\/Indo08\/Reise\/20081029 - 08 15 13 - 024 landschaft.jpg\" alt=\"Rinca\" class=\"wp-image-5545\" srcset=\"https:\/\/www.guhalg.com\/wordpress\/wp-content\/uploads\/Reisen\/Indo08\/Reise\/20081029%20-%2008%2015%2013%20-%20024%20landschaft.jpg 800w, https:\/\/www.guhalg.com\/wordpress\/wp-content\/uploads\/Reisen\/Indo08\/Reise\/20081029%20-%2008%2015%2013%20-%20024%20landschaft-300x225.jpg 300w, https:\/\/www.guhalg.com\/wordpress\/wp-content\/uploads\/Reisen\/Indo08\/Reise\/20081029%20-%2008%2015%2013%20-%20024%20landschaft-768x576.jpg 768w\" sizes=\"auto, (max-width: 800px) 100vw, 800px\" \/><\/a><figcaption>Rinca<\/figcaption><\/figure><\/div>\n<\/div>\n\n\n\n<div class=\"wp-block-column is-layout-flow wp-block-column-is-layout-flow\">\n<div class=\"wp-block-image\"><figure class=\"aligncenter size-full\"><a href=\"https:\/\/www.guhalg.com\/wordpress\/wp-content\/uploads\/Reisen\/Indo08\/Reise\/20081029 - 08 17 23 - 022 pfad.jpg\"><img loading=\"lazy\" decoding=\"async\" width=\"800\" height=\"600\" src=\"https:\/\/www.guhalg.com\/wordpress\/wp-content\/uploads\/Reisen\/Indo08\/Reise\/20081029 - 08 17 23 - 022 pfad.jpg\" alt=\"Pfad auf Rinca\" class=\"wp-image-5546\" srcset=\"https:\/\/www.guhalg.com\/wordpress\/wp-content\/uploads\/Reisen\/Indo08\/Reise\/20081029%20-%2008%2017%2023%20-%20022%20pfad.jpg 800w, https:\/\/www.guhalg.com\/wordpress\/wp-content\/uploads\/Reisen\/Indo08\/Reise\/20081029%20-%2008%2017%2023%20-%20022%20pfad-300x225.jpg 300w, https:\/\/www.guhalg.com\/wordpress\/wp-content\/uploads\/Reisen\/Indo08\/Reise\/20081029%20-%2008%2017%2023%20-%20022%20pfad-768x576.jpg 768w\" sizes=\"auto, (max-width: 800px) 100vw, 800px\" \/><\/a><figcaption>Pfad auf Rinca<\/figcaption><\/figure><\/div>\n<\/div>\n\n\n\n<div class=\"wp-block-column is-layout-flow wp-block-column-is-layout-flow\">\n<div class=\"wp-block-image\"><figure class=\"aligncenter size-full\"><a href=\"https:\/\/www.guhalg.com\/wordpress\/wp-content\/uploads\/Reisen\/Indo08\/Safari\/20081029 - 08 21 47 - 030 hinterlassenschaft.jpg\"><img loading=\"lazy\" decoding=\"async\" width=\"800\" height=\"600\" src=\"https:\/\/www.guhalg.com\/wordpress\/wp-content\/uploads\/Reisen\/Indo08\/Safari\/20081029 - 08 21 47 - 030 hinterlassenschaft.jpg\" alt=\"Hinterlassenschaften\" class=\"wp-image-5700\" srcset=\"https:\/\/www.guhalg.com\/wordpress\/wp-content\/uploads\/Reisen\/Indo08\/Safari\/20081029%20-%2008%2021%2047%20-%20030%20hinterlassenschaft.jpg 800w, https:\/\/www.guhalg.com\/wordpress\/wp-content\/uploads\/Reisen\/Indo08\/Safari\/20081029%20-%2008%2021%2047%20-%20030%20hinterlassenschaft-300x225.jpg 300w, https:\/\/www.guhalg.com\/wordpress\/wp-content\/uploads\/Reisen\/Indo08\/Safari\/20081029%20-%2008%2021%2047%20-%20030%20hinterlassenschaft-768x576.jpg 768w\" sizes=\"auto, (max-width: 800px) 100vw, 800px\" \/><\/a><figcaption>Hinterlassenschaften<\/figcaption><\/figure><\/div>\n<\/div>\n<\/div>\n\n\n\n<p>Ja, so haben wir viel \u00fcber diese Tiere und ihre Umgebung gelernt. F\u00fcr einige weitere Eindr\u00fccke hier noch ein paar Bilder von <a href=\"https:\/\/www.guhalg.com\/wordpress\/?page_id=5941\" data-type=\"page\" data-id=\"5941\">Rinca<\/a>. <\/p>\n\n\n\n<div class=\"wp-block-columns is-layout-flex wp-container-core-columns-is-layout-9d6595d7 wp-block-columns-is-layout-flex\">\n<div class=\"wp-block-column is-layout-flow wp-block-column-is-layout-flow\">\n<div class=\"wp-block-buttons is-layout-flex wp-block-buttons-is-layout-flex\">\n<div class=\"wp-block-button\"><a class=\"wp-block-button__link\" href=\"https:\/\/www.guhalg.com\/wordpress\/?page_id=5685\">Die Safari<\/a><\/div>\n<\/div>\n<\/div>\n\n\n\n<div class=\"wp-block-column is-layout-flow wp-block-column-is-layout-flow\">\n<div class=\"wp-block-buttons is-horizontal is-content-justification-right is-layout-flex wp-container-core-buttons-is-layout-ae2fe186 wp-block-buttons-is-layout-flex\">\n<div class=\"wp-block-button\"><a class=\"wp-block-button__link\" href=\"https:\/\/www.guhalg.com\/wordpress\/?page_id=5952\">Gawana Novus<\/a><\/div>\n<\/div>\n<\/div>\n<\/div>\n","protected":false},"excerpt":{"rendered":"<p>Wie schon erw\u00e4hnt haben wir in einer Halbtagestour nach Rinca unsere Taucherlebnisse getauscht gegen die Vergangenheit. Zumindest, wenn man den ersten Komodo-Waran Live sieht, kommt es einem so vor als ob man einen Jahrmillionen-Sprung in die Vergangenheit gereist ist. Das&hellip; <\/p>\n","protected":false},"author":1,"featured_media":0,"parent":5501,"menu_order":6,"comment_status":"closed","ping_status":"closed","template":"","meta":{"footnotes":""},"class_list":["post-5872","page","type-page","status-publish","hentry"],"_links":{"self":[{"href":"https:\/\/www.guhalg.com\/wordpress\/index.php?rest_route=\/wp\/v2\/pages\/5872","targetHints":{"allow":["GET"]}}],"collection":[{"href":"https:\/\/www.guhalg.com\/wordpress\/index.php?rest_route=\/wp\/v2\/pages"}],"about":[{"href":"https:\/\/www.guhalg.com\/wordpress\/index.php?rest_route=\/wp\/v2\/types\/page"}],"author":[{"embeddable":true,"href":"https:\/\/www.guhalg.com\/wordpress\/index.php?rest_route=\/wp\/v2\/users\/1"}],"replies":[{"embeddable":true,"href":"https:\/\/www.guhalg.com\/wordpress\/index.php?rest_route=%2Fwp%2Fv2%2Fcomments&post=5872"}],"version-history":[{"count":10,"href":"https:\/\/www.guhalg.com\/wordpress\/index.php?rest_route=\/wp\/v2\/pages\/5872\/revisions"}],"predecessor-version":[{"id":7757,"href":"https:\/\/www.guhalg.com\/wordpress\/index.php?rest_route=\/wp\/v2\/pages\/5872\/revisions\/7757"}],"up":[{"embeddable":true,"href":"https:\/\/www.guhalg.com\/wordpress\/index.php?rest_route=\/wp\/v2\/pages\/5501"}],"wp:attachment":[{"href":"https:\/\/www.guhalg.com\/wordpress\/index.php?rest_route=%2Fwp%2Fv2%2Fmedia&parent=5872"}],"curies":[{"name":"wp","href":"https:\/\/api.w.org\/{rel}","templated":true}]}}