{"id":5952,"date":"2022-01-04T17:55:45","date_gmt":"2022-01-04T16:55:45","guid":{"rendered":"https:\/\/www.guhalg.com\/wordpress\/?page_id=5952"},"modified":"2022-02-08T18:10:16","modified_gmt":"2022-02-08T17:10:16","slug":"gawana-novus","status":"publish","type":"page","link":"https:\/\/www.guhalg.com\/wordpress\/?page_id=5952","title":{"rendered":"Gawana Novus"},"content":{"rendered":"\n<p>Nach der Safari ging es los zu unserem zweiten Teil des Urlaubs: Tauchen und Relaxen im Gawana Novus Ressort. Als der Transfer nach fast f\u00fcnf Stunden Fahrt quer durch Bali in die Hotelzufahrt einbog, waren die Gesichter doch etwas lang.<\/p>\n\n\n\n<div class=\"wp-block-image\"><figure class=\"aligncenter size-full\"><a href=\"https:\/\/www.guhalg.com\/wordpress\/wp-content\/uploads\/Reisen\/Indo08\/Gawana\/03 - 01 01 anfaht.jpg\"><img loading=\"lazy\" decoding=\"async\" width=\"800\" height=\"600\" src=\"https:\/\/www.guhalg.com\/wordpress\/wp-content\/uploads\/Reisen\/Indo08\/Gawana\/03 - 01 01 anfaht.jpg\" alt=\"Anfahrt Gawana\" class=\"wp-image-5958\" srcset=\"https:\/\/www.guhalg.com\/wordpress\/wp-content\/uploads\/Reisen\/Indo08\/Gawana\/03%20-%2001%2001%20anfaht.jpg 800w, https:\/\/www.guhalg.com\/wordpress\/wp-content\/uploads\/Reisen\/Indo08\/Gawana\/03%20-%2001%2001%20anfaht-300x225.jpg 300w, https:\/\/www.guhalg.com\/wordpress\/wp-content\/uploads\/Reisen\/Indo08\/Gawana\/03%20-%2001%2001%20anfaht-768x576.jpg 768w\" sizes=\"auto, (max-width: 800px) 100vw, 800px\" \/><\/a><figcaption>Anfahrt Gawana<\/figcaption><\/figure><\/div>\n\n\n\n<p>Doch um die Ecke herum kam der Empfangsplatz vor der Rezeption. Das Willkommensgetr\u00e4nk inkl. Erfrischungstuch glich die lange Anreise aus.<\/p>\n\n\n\n<div class=\"wp-block-image\"><figure class=\"aligncenter size-full\"><a href=\"https:\/\/www.guhalg.com\/wordpress\/wp-content\/uploads\/Reisen\/Indo08\/Gawana\/03 - 01 02  anfahrt 1.jpg\"><img loading=\"lazy\" decoding=\"async\" width=\"800\" height=\"600\" src=\"https:\/\/www.guhalg.com\/wordpress\/wp-content\/uploads\/Reisen\/Indo08\/Gawana\/03 - 01 02  anfahrt 1.jpg\" alt=\"Empfangsplatz\" class=\"wp-image-5959\" srcset=\"https:\/\/www.guhalg.com\/wordpress\/wp-content\/uploads\/Reisen\/Indo08\/Gawana\/03%20-%2001%2002%20%20anfahrt%201.jpg 800w, https:\/\/www.guhalg.com\/wordpress\/wp-content\/uploads\/Reisen\/Indo08\/Gawana\/03%20-%2001%2002%20%20anfahrt%201-300x225.jpg 300w, https:\/\/www.guhalg.com\/wordpress\/wp-content\/uploads\/Reisen\/Indo08\/Gawana\/03%20-%2001%2002%20%20anfahrt%201-768x576.jpg 768w\" sizes=\"auto, (max-width: 800px) 100vw, 800px\" \/><\/a><figcaption>Empfangsplatz<\/figcaption><\/figure><\/div>\n\n\n\n<div class=\"wp-block-image\"><figure class=\"aligncenter size-full\"><a href=\"https:\/\/www.guhalg.com\/wordpress\/wp-content\/uploads\/Reisen\/Indo08\/Gawana\/03 - 01 02 empfang.jpg\"><img loading=\"lazy\" decoding=\"async\" width=\"800\" height=\"600\" src=\"https:\/\/www.guhalg.com\/wordpress\/wp-content\/uploads\/Reisen\/Indo08\/Gawana\/03 - 01 02 empfang.jpg\" alt=\"Erfrischungsgedeck\" class=\"wp-image-5960\" srcset=\"https:\/\/www.guhalg.com\/wordpress\/wp-content\/uploads\/Reisen\/Indo08\/Gawana\/03%20-%2001%2002%20empfang.jpg 800w, https:\/\/www.guhalg.com\/wordpress\/wp-content\/uploads\/Reisen\/Indo08\/Gawana\/03%20-%2001%2002%20empfang-300x225.jpg 300w, https:\/\/www.guhalg.com\/wordpress\/wp-content\/uploads\/Reisen\/Indo08\/Gawana\/03%20-%2001%2002%20empfang-768x576.jpg 768w\" sizes=\"auto, (max-width: 800px) 100vw, 800px\" \/><\/a><figcaption>Erfrischungsgedeck<\/figcaption><\/figure><\/div>\n\n\n\n<p>Sp\u00e4testens mit dem Blick von der Rezeption \u00fcber den Pool ins Meer lie\u00df uns sofort die anstrengende Reise vergessen.<\/p>\n\n\n\n<div class=\"wp-block-image\"><figure class=\"aligncenter size-full\"><a href=\"https:\/\/www.guhalg.com\/wordpress\/wp-content\/uploads\/Reisen\/Indo08\/Gawana\/03 - 01 03pool 67.jpg\"><img loading=\"lazy\" decoding=\"async\" width=\"800\" height=\"600\" src=\"https:\/\/www.guhalg.com\/wordpress\/wp-content\/uploads\/Reisen\/Indo08\/Gawana\/03 - 01 03pool 67.jpg\" alt=\"Meerblick\" class=\"wp-image-5961\" srcset=\"https:\/\/www.guhalg.com\/wordpress\/wp-content\/uploads\/Reisen\/Indo08\/Gawana\/03%20-%2001%2003pool%2067.jpg 800w, https:\/\/www.guhalg.com\/wordpress\/wp-content\/uploads\/Reisen\/Indo08\/Gawana\/03%20-%2001%2003pool%2067-300x225.jpg 300w, https:\/\/www.guhalg.com\/wordpress\/wp-content\/uploads\/Reisen\/Indo08\/Gawana\/03%20-%2001%2003pool%2067-768x576.jpg 768w\" sizes=\"auto, (max-width: 800px) 100vw, 800px\" \/><\/a><figcaption>Meerblick<\/figcaption><\/figure><\/div>\n\n\n\n<p>In das weitl\u00e4ufige Gel\u00e4nde sind die Bungalows im einheimischen Stil nahtlos integriert. Dazu kommt auch noch die ger\u00e4umige Tauchbasis mit eigenem Steg.<\/p>\n\n\n\n<div class=\"wp-block-columns is-layout-flex wp-container-core-columns-is-layout-9d6595d7 wp-block-columns-is-layout-flex\">\n<div class=\"wp-block-column is-layout-flow wp-block-column-is-layout-flow\">\n<div class=\"wp-block-image\"><figure class=\"aligncenter size-full\"><a href=\"https:\/\/www.guhalg.com\/wordpress\/wp-content\/uploads\/Reisen\/Indo08\/Gawana\/03 - 03 garten 12.jpg\"><img loading=\"lazy\" decoding=\"async\" width=\"800\" height=\"600\" src=\"https:\/\/www.guhalg.com\/wordpress\/wp-content\/uploads\/Reisen\/Indo08\/Gawana\/03 - 03 garten 12.jpg\" alt=\"weitl\u00e4ufige Landschaft\" class=\"wp-image-5962\" srcset=\"https:\/\/www.guhalg.com\/wordpress\/wp-content\/uploads\/Reisen\/Indo08\/Gawana\/03%20-%2003%20garten%2012.jpg 800w, https:\/\/www.guhalg.com\/wordpress\/wp-content\/uploads\/Reisen\/Indo08\/Gawana\/03%20-%2003%20garten%2012-300x225.jpg 300w, https:\/\/www.guhalg.com\/wordpress\/wp-content\/uploads\/Reisen\/Indo08\/Gawana\/03%20-%2003%20garten%2012-768x576.jpg 768w\" sizes=\"auto, (max-width: 800px) 100vw, 800px\" \/><\/a><figcaption>weitl\u00e4ufige Landschaft<\/figcaption><\/figure><\/div>\n<\/div>\n\n\n\n<div class=\"wp-block-column is-layout-flow wp-block-column-is-layout-flow\">\n<div class=\"wp-block-image\"><figure class=\"aligncenter size-full\"><a href=\"https:\/\/www.guhalg.com\/wordpress\/wp-content\/uploads\/Reisen\/Indo08\/Gawana\/03 - 03 haus 01.jpg\"><img loading=\"lazy\" decoding=\"async\" width=\"800\" height=\"600\" src=\"https:\/\/www.guhalg.com\/wordpress\/wp-content\/uploads\/Reisen\/Indo08\/Gawana\/03 - 03 haus 01.jpg\" alt=\"gro\u00df\u00fcgige Bungalows\" class=\"wp-image-5963\" srcset=\"https:\/\/www.guhalg.com\/wordpress\/wp-content\/uploads\/Reisen\/Indo08\/Gawana\/03%20-%2003%20haus%2001.jpg 800w, https:\/\/www.guhalg.com\/wordpress\/wp-content\/uploads\/Reisen\/Indo08\/Gawana\/03%20-%2003%20haus%2001-300x225.jpg 300w, https:\/\/www.guhalg.com\/wordpress\/wp-content\/uploads\/Reisen\/Indo08\/Gawana\/03%20-%2003%20haus%2001-768x576.jpg 768w\" sizes=\"auto, (max-width: 800px) 100vw, 800px\" \/><\/a><figcaption>gro\u00df\u00fcgige Bungalows<\/figcaption><\/figure><\/div>\n<\/div>\n<\/div>\n\n\n\n<div class=\"wp-block-columns is-layout-flex wp-container-core-columns-is-layout-9d6595d7 wp-block-columns-is-layout-flex\">\n<div class=\"wp-block-column is-layout-flow wp-block-column-is-layout-flow\">\n<div class=\"wp-block-image\"><figure class=\"aligncenter size-full\"><a href=\"https:\/\/www.guhalg.com\/wordpress\/wp-content\/uploads\/Reisen\/Indo08\/Gawana\/03 - 07 basis 0101.jpg\"><img loading=\"lazy\" decoding=\"async\" width=\"800\" height=\"600\" src=\"https:\/\/www.guhalg.com\/wordpress\/wp-content\/uploads\/Reisen\/Indo08\/Gawana\/03 - 07 basis 0101.jpg\" alt=\"Unsere Tauchbasis\" class=\"wp-image-5964\" srcset=\"https:\/\/www.guhalg.com\/wordpress\/wp-content\/uploads\/Reisen\/Indo08\/Gawana\/03%20-%2007%20basis%200101.jpg 800w, https:\/\/www.guhalg.com\/wordpress\/wp-content\/uploads\/Reisen\/Indo08\/Gawana\/03%20-%2007%20basis%200101-300x225.jpg 300w, https:\/\/www.guhalg.com\/wordpress\/wp-content\/uploads\/Reisen\/Indo08\/Gawana\/03%20-%2007%20basis%200101-768x576.jpg 768w\" sizes=\"auto, (max-width: 800px) 100vw, 800px\" \/><\/a><figcaption>Unsere Tauchbasis<\/figcaption><\/figure><\/div>\n<\/div>\n\n\n\n<div class=\"wp-block-column is-layout-flow wp-block-column-is-layout-flow\">\n<div class=\"wp-block-image\"><figure class=\"aligncenter size-full\"><a href=\"https:\/\/www.guhalg.com\/wordpress\/wp-content\/uploads\/Reisen\/Indo08\/Gawana\/03 - 07 basis 0102.jpg\"><img loading=\"lazy\" decoding=\"async\" width=\"800\" height=\"600\" src=\"https:\/\/www.guhalg.com\/wordpress\/wp-content\/uploads\/Reisen\/Indo08\/Gawana\/03 - 07 basis 0102.jpg\" alt=\"Der Steg\" class=\"wp-image-5965\" srcset=\"https:\/\/www.guhalg.com\/wordpress\/wp-content\/uploads\/Reisen\/Indo08\/Gawana\/03%20-%2007%20basis%200102.jpg 800w, https:\/\/www.guhalg.com\/wordpress\/wp-content\/uploads\/Reisen\/Indo08\/Gawana\/03%20-%2007%20basis%200102-300x225.jpg 300w, https:\/\/www.guhalg.com\/wordpress\/wp-content\/uploads\/Reisen\/Indo08\/Gawana\/03%20-%2007%20basis%200102-768x576.jpg 768w\" sizes=\"auto, (max-width: 800px) 100vw, 800px\" \/><\/a><figcaption>Der Steg<\/figcaption><\/figure><\/div>\n<\/div>\n<\/div>\n\n\n\n<p>So konnten wir diese Woche in vollen Z\u00fcgen genie\u00dfen. Jeden Tag zu den wunderbaren Tauchpl\u00e4tzen fahren, bei weiteren Ausfahrten auch immer mit einem Lunchpaket an Board und nach getaner Arbeit im Pool abh\u00e4ngen. Abends dann ein 3-G\u00e4nge-Men\u00fc (leider nicht \u00e0 la Carte) und zum Abschluss auf der eigenen Terrasse den Tag ausklingen lassen. Auch hier haben wir einige weitere Bilder aus dem Gawana und vom s\u00fc\u00dfen Leben dort zusammengestellt: <a href=\"https:\/\/www.guhalg.com\/wordpress\/?page_id=6005\" data-type=\"page\" data-id=\"6005\">Gawana Novus <\/a> <\/p>\n\n\n\n<div class=\"wp-block-columns is-layout-flex wp-container-core-columns-is-layout-9d6595d7 wp-block-columns-is-layout-flex\">\n<div class=\"wp-block-column is-layout-flow wp-block-column-is-layout-flow\">\n<div class=\"wp-block-buttons is-layout-flex wp-block-buttons-is-layout-flex\">\n<div class=\"wp-block-button\"><a class=\"wp-block-button__link\" href=\"https:\/\/www.guhalg.com\/wordpress\/?page_id=5872\">Komodo Warane<\/a><\/div>\n<\/div>\n<\/div>\n\n\n\n<div class=\"wp-block-column is-layout-flow wp-block-column-is-layout-flow\">\n<div class=\"wp-block-buttons is-horizontal is-content-justification-right is-layout-flex wp-container-core-buttons-is-layout-ae2fe186 wp-block-buttons-is-layout-flex\">\n<div class=\"wp-block-button\"><a class=\"wp-block-button__link\" href=\"https:\/\/www.guhalg.com\/wordpress\/?page_id=6015\">Die Unterwasserwelt<\/a><\/div>\n<\/div>\n<\/div>\n<\/div>\n","protected":false},"excerpt":{"rendered":"<p>Nach der Safari ging es los zu unserem zweiten Teil des Urlaubs: Tauchen und Relaxen im Gawana Novus Ressort. Als der Transfer nach fast f\u00fcnf Stunden Fahrt quer durch Bali in die Hotelzufahrt einbog, waren die Gesichter doch etwas lang.&hellip; <\/p>\n","protected":false},"author":1,"featured_media":0,"parent":5501,"menu_order":7,"comment_status":"closed","ping_status":"closed","template":"","meta":{"footnotes":""},"class_list":["post-5952","page","type-page","status-publish","hentry"],"_links":{"self":[{"href":"https:\/\/www.guhalg.com\/wordpress\/index.php?rest_route=\/wp\/v2\/pages\/5952","targetHints":{"allow":["GET"]}}],"collection":[{"href":"https:\/\/www.guhalg.com\/wordpress\/index.php?rest_route=\/wp\/v2\/pages"}],"about":[{"href":"https:\/\/www.guhalg.com\/wordpress\/index.php?rest_route=\/wp\/v2\/types\/page"}],"author":[{"embeddable":true,"href":"https:\/\/www.guhalg.com\/wordpress\/index.php?rest_route=\/wp\/v2\/users\/1"}],"replies":[{"embeddable":true,"href":"https:\/\/www.guhalg.com\/wordpress\/index.php?rest_route=%2Fwp%2Fv2%2Fcomments&post=5952"}],"version-history":[{"count":12,"href":"https:\/\/www.guhalg.com\/wordpress\/index.php?rest_route=\/wp\/v2\/pages\/5952\/revisions"}],"predecessor-version":[{"id":7758,"href":"https:\/\/www.guhalg.com\/wordpress\/index.php?rest_route=\/wp\/v2\/pages\/5952\/revisions\/7758"}],"up":[{"embeddable":true,"href":"https:\/\/www.guhalg.com\/wordpress\/index.php?rest_route=\/wp\/v2\/pages\/5501"}],"wp:attachment":[{"href":"https:\/\/www.guhalg.com\/wordpress\/index.php?rest_route=%2Fwp%2Fv2%2Fmedia&parent=5952"}],"curies":[{"name":"wp","href":"https:\/\/api.w.org\/{rel}","templated":true}]}}