{"id":6045,"date":"2022-01-07T21:23:16","date_gmt":"2022-01-07T20:23:16","guid":{"rendered":"https:\/\/www.guhalg.com\/wordpress\/?page_id=6045"},"modified":"2022-02-08T18:19:36","modified_gmt":"2022-02-08T17:19:36","slug":"bali-2009","status":"publish","type":"page","link":"https:\/\/www.guhalg.com\/wordpress\/?page_id=6045","title":{"rendered":"Bali 2009"},"content":{"rendered":"\n<p>Hallo Freunde des Reisens und des Tauchsports,<\/p>\n\n\n\n<p>wie ihr dem vorherigen Reisebericht entnehmen k\u00f6nnt, waren wir 2008 zum ersten Mal in Indonesien. Die Landschaft rund um Bali und insbesondere das Tauchen dort, hatten uns so gut gefallen, dass wir unseren n\u00e4chsten Urlaub wieder nach Bali geplant haben. Daniel, ein Freund, Urlaubs- und Tauchpartner von uns (und nebenbei auch Arbeitskollege von Horst), hat uns auf das <a rel=\"noreferrer noopener\" href=\"http:\/\/www.balidivecenter.com\/\" target=\"_blank\">North Bali Dive Center<\/a> (NBDC) gebracht. Der erste Mailkontakt mit J\u00f6rg, dem Inhaber des NBDC, war so leicht und locker, dass unser Entschluss sofort feststand, dort den n\u00e4chsten Urlaub zu verbringen. Wo das genau ist, k\u00f6nnt ihr der Karte unten entnehmen.<\/p>\n\n\n\n<div class=\"wp-block-image\"><figure class=\"aligncenter size-full\"><a href=\"https:\/\/www.guhalg.com\/wordpress\/wp-content\/uploads\/Reisen\/Indo08\/Reise\/Bali_2008.jpg\"><img loading=\"lazy\" decoding=\"async\" width=\"1024\" height=\"568\" src=\"https:\/\/www.guhalg.com\/wordpress\/wp-content\/uploads\/Reisen\/Indo08\/Reise\/Bali_2008.jpg\" alt=\"Bali 2008\" class=\"wp-image-5552\" srcset=\"https:\/\/www.guhalg.com\/wordpress\/wp-content\/uploads\/Reisen\/Indo08\/Reise\/Bali_2008.jpg 1024w, https:\/\/www.guhalg.com\/wordpress\/wp-content\/uploads\/Reisen\/Indo08\/Reise\/Bali_2008-300x166.jpg 300w, https:\/\/www.guhalg.com\/wordpress\/wp-content\/uploads\/Reisen\/Indo08\/Reise\/Bali_2008-768x426.jpg 768w\" sizes=\"auto, (max-width: 1024px) 100vw, 1024px\" \/><\/a><figcaption>Bali 2009<\/figcaption><\/figure><\/div>\n\n\n\n<p>Hier auch nochmal der Link nach <a rel=\"noreferrer noopener\" href=\"http:\/\/de.wikipedia.org\/wiki\/Indonesien\" target=\"_blank\">Indonesien<\/a> und nach <a rel=\"noreferrer noopener\" href=\"http:\/\/de.wikipedia.org\/wiki\/Bali\" target=\"_blank\">Bali<\/a>. Meistens beginnt unser Reisebericht ja mit der Anfahrt nach Frankfurt. Das war auch diesmal so, aber \u2026 wir machen hier mal einen kleinen Abstecher zu den Vorbereitungen zu so einer Reise. Angefangen bei der Zielauswahl, dem Einholen von Informationen \u00fcber m\u00f6gliche Unterk\u00fcnfte und Tauchgebiete, der Kontaktaufnahme zum ausgew\u00e4hlten Resort, dem Buchen einer entsprechenden Reiseverbindung bis hin zum Packen des Tauchequipments und der Koffer.<\/p>\n\n\n\n<h6 class=\"wp-block-heading\" id=\"das-ziel\">Das Ziel<\/h6>\n\n\n\n<p>Die Zielauswahl war ja diesmal sehr einfach. Durch Daniels \u201aVorbereitungen\u2018 und der kurzen Kontaktaufnahme zu J\u00f6rg stand unser Reiseziel f\u00fcr den Fr\u00fchjahresurlaub schon Mitte Dezember fest. Wir wollten nach Bali ins North Bali Dive Center!<\/p>\n\n\n\n<h6 class=\"wp-block-heading\" id=\"wie-kommen-wir-dahin\">Wie kommen wir dahin?<\/h6>\n\n\n\n<p>Eigentlich kein Problem &#8211; man schaut im Internet nach Fl\u00fcgen und Transfers \u2013 bucht das ganze \u2013 und los geht\u2032s. Nat\u00fcrlich fragt man auch beim Reiseziel nach, da es dort oft Reiseb\u00fcros gibt, die mit dem Zielresort eng zusammenarbeiten. So war es auch diesmal. J\u00f6rg hat uns gleich Susanne empfohlen: &#8222;Wenn ihr noch einen Flug braucht, so fragt doch mal Susanne&#8220;. Also haben wir nach kurzer R\u00fcckfrage bei J\u00f6rg (wer ist Susanne und wie erreicht man sie) dann gleich unsere Anfrage gestellt.<\/p>\n\n\n\n<p><em>Hi Susanne, J\u00f6rg, vom North Bali Dive Center, hat uns deine E-Mail gegeben. Wir w\u00fcrden gerne im M\u00e4rz bei ihm drei Wochen Urlaub verbringen und brauchen noch einen entsprechenden Flug. Kannst du uns was anbieten?<\/em><\/p>\n\n\n\n<p>Ja und die Antwort kam ziemlich schnell zur\u00fcck.<\/p>\n\n\n\n<p><em>Ihr habt ja sicherlich auch Tauchgep\u00e4ck zum Mitnehmen! Da w\u00fcrde ich Singapore Air empfehlen. Ich hab euch schon mal ein paar Verbindungen herausgesucht?<\/em><\/p>\n\n\n\n<p>Haben wir schlie\u00dflich auch so gebucht. Bei einem Preisvergleich im Internet konnte Susanne locker mithalten. Sie ist seitdem unsere Ansprechpartnerin, wenn wir mal wieder auf Tour gehen wollen. Und falls ihr auch mal ein gutes, mitdenkendes und flexibles Reiseb\u00fcro sucht:\u00a0<a rel=\"noreferrer noopener\" href=\"http:\/\/www.country-reisen.de\/\" target=\"_blank\">Country-Reisen<\/a>.<\/p>\n\n\n\n<h6 class=\"wp-block-heading\" id=\"buchen-der-unterkunft\">Buchen der Unterkunft<\/h6>\n\n\n\n<p>Nachdem wir unsere Flugzeiten hatten, konnten wir auch gleich bei J\u00f6rg eine Unterkunft buchen. Er hat zwar auch einige Zimmer im Angebot, aber wir haben uns f\u00fcr einen frei stehenden Bungalow entschieden.<\/p>\n\n\n\n<h6 class=\"wp-block-heading\" id=\"die-tauchgebiete\">Die Tauchgebiete<\/h6>\n\n\n\n<p>Durch unseren Vorjahresaufenthalt hatten wir schon so eine gewisse Vorstellung, wo wir in Bali \u00fcberall tauchen wollten. Was wir nicht ber\u00fccksichtigt hatten, war die Gr\u00f6\u00dfe der Insel.<\/p>\n\n\n\n<div class=\"wp-block-image\"><figure class=\"aligncenter size-large\"><a href=\"https:\/\/www.guhalg.com\/wordpress\/wp-content\/uploads\/Reisen\/Bali2009\/Reise\/Bali_b.png\"><img loading=\"lazy\" decoding=\"async\" width=\"1024\" height=\"746\" src=\"https:\/\/www.guhalg.com\/wordpress\/wp-content\/uploads\/Reisen\/Bali2009\/Reise\/Bali_b-1024x746.png\" alt=\"Bali\" class=\"wp-image-6048\" srcset=\"https:\/\/www.guhalg.com\/wordpress\/wp-content\/uploads\/Reisen\/Bali2009\/Reise\/Bali_b-1024x746.png 1024w, https:\/\/www.guhalg.com\/wordpress\/wp-content\/uploads\/Reisen\/Bali2009\/Reise\/Bali_b-300x219.png 300w, https:\/\/www.guhalg.com\/wordpress\/wp-content\/uploads\/Reisen\/Bali2009\/Reise\/Bali_b-768x560.png 768w, https:\/\/www.guhalg.com\/wordpress\/wp-content\/uploads\/Reisen\/Bali2009\/Reise\/Bali_b-1536x1119.png 1536w, https:\/\/www.guhalg.com\/wordpress\/wp-content\/uploads\/Reisen\/Bali2009\/Reise\/Bali_b.png 1600w\" sizes=\"auto, (max-width: 1024px) 100vw, 1024px\" \/><\/a><figcaption>Bali<\/figcaption><\/figure><\/div>\n\n\n\n<p>Also, wir wollten auf alle F\u00e4lle zu den lokalen Tauchspots vom Resort, nach Secret Bay, nach Menjangan-Island, nach Puri Jati und zum Wrack der Liberty in Tulamben. Auch die verschiedenen Sightseeing Touren im Programm vom J\u00f6rg, insbesondere eine Vulkanbesteigung auf Java, wollten wir uns nicht entgehen lassen. Das klang doch nach genug Stoff f\u00fcr einen ausgiebigen dreiw\u00f6chigen Urlaub. Somit blieb als Letztes noch das Kofferpacken.<\/p>\n\n\n\n<ul class=\"wp-block-list\"><li>Tauchsachen in die Tauchtasche<\/li><li>alles absolut wichtige ins Handgep\u00e4ck<\/li><li>Klamotten in die Reisetasche<\/li><li>fertig.<\/li><\/ul>\n\n\n\n<p>Auf geht&#8217;s nach Bali!<\/p>\n\n\n\n<div class=\"wp-block-buttons is-horizontal is-content-justification-right is-layout-flex wp-container-core-buttons-is-layout-ae2fe186 wp-block-buttons-is-layout-flex\">\n<div class=\"wp-block-button\"><a class=\"wp-block-button__link\" href=\"https:\/\/www.guhalg.com\/wordpress\/?page_id=6075\">Auf nach Bali<\/a><\/div>\n<\/div>\n","protected":false},"excerpt":{"rendered":"<p>Hallo Freunde des Reisens und des Tauchsports, wie ihr dem vorherigen Reisebericht entnehmen k\u00f6nnt, waren wir 2008 zum ersten Mal in Indonesien. Die Landschaft rund um Bali und insbesondere das Tauchen dort, hatten uns so gut gefallen, dass wir unseren&hellip; <\/p>\n","protected":false},"author":1,"featured_media":0,"parent":0,"menu_order":19,"comment_status":"closed","ping_status":"closed","template":"","meta":{"footnotes":""},"class_list":["post-6045","page","type-page","status-publish","hentry"],"_links":{"self":[{"href":"https:\/\/www.guhalg.com\/wordpress\/index.php?rest_route=\/wp\/v2\/pages\/6045","targetHints":{"allow":["GET"]}}],"collection":[{"href":"https:\/\/www.guhalg.com\/wordpress\/index.php?rest_route=\/wp\/v2\/pages"}],"about":[{"href":"https:\/\/www.guhalg.com\/wordpress\/index.php?rest_route=\/wp\/v2\/types\/page"}],"author":[{"embeddable":true,"href":"https:\/\/www.guhalg.com\/wordpress\/index.php?rest_route=\/wp\/v2\/users\/1"}],"replies":[{"embeddable":true,"href":"https:\/\/www.guhalg.com\/wordpress\/index.php?rest_route=%2Fwp%2Fv2%2Fcomments&post=6045"}],"version-history":[{"count":11,"href":"https:\/\/www.guhalg.com\/wordpress\/index.php?rest_route=\/wp\/v2\/pages\/6045\/revisions"}],"predecessor-version":[{"id":7762,"href":"https:\/\/www.guhalg.com\/wordpress\/index.php?rest_route=\/wp\/v2\/pages\/6045\/revisions\/7762"}],"wp:attachment":[{"href":"https:\/\/www.guhalg.com\/wordpress\/index.php?rest_route=%2Fwp%2Fv2%2Fmedia&parent=6045"}],"curies":[{"name":"wp","href":"https:\/\/api.w.org\/{rel}","templated":true}]}}