{"id":6075,"date":"2022-01-09T19:13:02","date_gmt":"2022-01-09T18:13:02","guid":{"rendered":"https:\/\/www.guhalg.com\/wordpress\/?page_id=6075"},"modified":"2022-02-08T18:21:50","modified_gmt":"2022-02-08T17:21:50","slug":"auf-nach-bali","status":"publish","type":"page","link":"https:\/\/www.guhalg.com\/wordpress\/?page_id=6075","title":{"rendered":"Auf nach Bali"},"content":{"rendered":"\n<p>So, nachdem die Vorbereitungen abgeschlossen wurden, ging es jetzt wie \u00fcblich nach Frankfurt zum Flughafen. Nat\u00fcrlich nicht, ohne unsere Freunde bei Frankfurt zu besuchen. Die Reise nach Bali an sich war jetzt ganz einfach. Man suche sich den Schalter von Singapore Airline<\/p>\n\n\n\n<div class=\"wp-block-image\"><figure class=\"aligncenter size-full\"><a href=\"https:\/\/www.guhalg.com\/wordpress\/wp-content\/uploads\/Reisen\/Bali2009\/Reise\/IMG_4823.jpg\"><img loading=\"lazy\" decoding=\"async\" width=\"800\" height=\"600\" src=\"https:\/\/www.guhalg.com\/wordpress\/wp-content\/uploads\/Reisen\/Bali2009\/Reise\/IMG_4823.jpg\" alt=\"Singapore Airline\" class=\"wp-image-6050\" srcset=\"https:\/\/www.guhalg.com\/wordpress\/wp-content\/uploads\/Reisen\/Bali2009\/Reise\/IMG_4823.jpg 800w, https:\/\/www.guhalg.com\/wordpress\/wp-content\/uploads\/Reisen\/Bali2009\/Reise\/IMG_4823-300x225.jpg 300w, https:\/\/www.guhalg.com\/wordpress\/wp-content\/uploads\/Reisen\/Bali2009\/Reise\/IMG_4823-768x576.jpg 768w\" sizes=\"auto, (max-width: 800px) 100vw, 800px\" \/><\/a><figcaption>Singapore Airline<\/figcaption><\/figure><\/div>\n\n\n\n<p>Man stelle sich in die Warteschlange, nehme sich einen Traubenzucker von dem netten Bodenpersonal und freue sich \u00fcber die schon gebuchten Sitze (Dank an Susanne) und das v\u00f6llig problemlose Einchecken des Tauchgep\u00e4cks.<\/p>\n\n\n\n<div class=\"wp-block-image\"><figure class=\"aligncenter size-full\"><a href=\"https:\/\/www.guhalg.com\/wordpress\/wp-content\/uploads\/Reisen\/Bali2009\/Reise\/IMG_4826.jpg\"><img loading=\"lazy\" decoding=\"async\" width=\"800\" height=\"600\" src=\"https:\/\/www.guhalg.com\/wordpress\/wp-content\/uploads\/Reisen\/Bali2009\/Reise\/IMG_4826.jpg\" alt=\"Warteschlange\" class=\"wp-image-6052\" srcset=\"https:\/\/www.guhalg.com\/wordpress\/wp-content\/uploads\/Reisen\/Bali2009\/Reise\/IMG_4826.jpg 800w, https:\/\/www.guhalg.com\/wordpress\/wp-content\/uploads\/Reisen\/Bali2009\/Reise\/IMG_4826-300x225.jpg 300w, https:\/\/www.guhalg.com\/wordpress\/wp-content\/uploads\/Reisen\/Bali2009\/Reise\/IMG_4826-768x576.jpg 768w\" sizes=\"auto, (max-width: 800px) 100vw, 800px\" \/><\/a><figcaption>Warteschlange<\/figcaption><\/figure><\/div>\n\n\n\n<p>Erledige im Duty Free noch die Eink\u00e4ufe und freue sich auf das Flugzeug (Boing 747) nach Singapore.<\/p>\n\n\n\n<div class=\"wp-block-image\"><figure class=\"aligncenter size-full\"><a href=\"https:\/\/www.guhalg.com\/wordpress\/wp-content\/uploads\/Reisen\/Bali2009\/Reise\/IMG_4827.jpg\"><img loading=\"lazy\" decoding=\"async\" width=\"800\" height=\"600\" src=\"https:\/\/www.guhalg.com\/wordpress\/wp-content\/uploads\/Reisen\/Bali2009\/Reise\/IMG_4827.jpg\" alt=\"Unser Flieger\" class=\"wp-image-6053\" srcset=\"https:\/\/www.guhalg.com\/wordpress\/wp-content\/uploads\/Reisen\/Bali2009\/Reise\/IMG_4827.jpg 800w, https:\/\/www.guhalg.com\/wordpress\/wp-content\/uploads\/Reisen\/Bali2009\/Reise\/IMG_4827-300x225.jpg 300w, https:\/\/www.guhalg.com\/wordpress\/wp-content\/uploads\/Reisen\/Bali2009\/Reise\/IMG_4827-768x576.jpg 768w\" sizes=\"auto, (max-width: 800px) 100vw, 800px\" \/><\/a><figcaption>Unser Flieger<\/figcaption><\/figure><\/div>\n\n\n\n<p>In Singapur wundert man sich \u00fcber die Ruhe auf dem Flughafen. Dank der nicht unbedingt h\u00fcbschen, aber effektiven Teppiche ist das Ger\u00e4uschniveau wirklich gering.<\/p>\n\n\n\n<div class=\"wp-block-columns is-layout-flex wp-container-core-columns-is-layout-9d6595d7 wp-block-columns-is-layout-flex\">\n<div class=\"wp-block-column is-layout-flow wp-block-column-is-layout-flow\">\n<div class=\"wp-block-image\"><figure class=\"aligncenter size-full\"><a href=\"https:\/\/www.guhalg.com\/wordpress\/wp-content\/uploads\/Reisen\/Bali2009\/Reise\/IMG_4829.jpg\"><img loading=\"lazy\" decoding=\"async\" width=\"800\" height=\"600\" src=\"https:\/\/www.guhalg.com\/wordpress\/wp-content\/uploads\/Reisen\/Bali2009\/Reise\/IMG_4829.jpg\" alt=\"Singapur\" class=\"wp-image-6054\" srcset=\"https:\/\/www.guhalg.com\/wordpress\/wp-content\/uploads\/Reisen\/Bali2009\/Reise\/IMG_4829.jpg 800w, https:\/\/www.guhalg.com\/wordpress\/wp-content\/uploads\/Reisen\/Bali2009\/Reise\/IMG_4829-300x225.jpg 300w, https:\/\/www.guhalg.com\/wordpress\/wp-content\/uploads\/Reisen\/Bali2009\/Reise\/IMG_4829-768x576.jpg 768w\" sizes=\"auto, (max-width: 800px) 100vw, 800px\" \/><\/a><figcaption>Singapur<\/figcaption><\/figure><\/div>\n<\/div>\n\n\n\n<div class=\"wp-block-column is-layout-flow wp-block-column-is-layout-flow\">\n<div class=\"wp-block-image\"><figure class=\"aligncenter size-full\"><a href=\"https:\/\/www.guhalg.com\/wordpress\/wp-content\/uploads\/Reisen\/Bali2009\/Reise\/IMG_4830.jpg\"><img loading=\"lazy\" decoding=\"async\" width=\"800\" height=\"600\" src=\"https:\/\/www.guhalg.com\/wordpress\/wp-content\/uploads\/Reisen\/Bali2009\/Reise\/IMG_4830.jpg\" alt=\"\u00dcberall Teppich\" class=\"wp-image-6055\" srcset=\"https:\/\/www.guhalg.com\/wordpress\/wp-content\/uploads\/Reisen\/Bali2009\/Reise\/IMG_4830.jpg 800w, https:\/\/www.guhalg.com\/wordpress\/wp-content\/uploads\/Reisen\/Bali2009\/Reise\/IMG_4830-300x225.jpg 300w, https:\/\/www.guhalg.com\/wordpress\/wp-content\/uploads\/Reisen\/Bali2009\/Reise\/IMG_4830-768x576.jpg 768w\" sizes=\"auto, (max-width: 800px) 100vw, 800px\" \/><\/a><figcaption>\u00dcberall Teppich<\/figcaption><\/figure><\/div>\n<\/div>\n<\/div>\n\n\n\n<p>Den Abschluss bildet der Flieger nach Bali. Nochmal kurz in den Anschlussflieger (mit Silk Air, einer Tochter von Singapore Airline) und schon ist man in Bali.<\/p>\n\n\n\n<p>Da waren wir nun wieder auf Bali. Einreisen, Gep\u00e4ck vom Band suchen und Zollformalit\u00e4ten (inkl. R\u00f6ntgen nach Drogen) \u00fcberstehen und anschlie\u00dfend raus aus dem Flughafen. Mal sehen, wie das mit dem Transfer ins Resort organisiert ist.<\/p>\n\n\n\n<p>Oh ja, gut organisiert! Zwei Fahrer mit einem gro\u00dfen Blatt Papier \u2013 Horst und Christiane \u2013 warten schon auf uns. Also schnell das Gep\u00e4ck verladen (lassen) und rein ins klimatisierte Auto. Die Luft ist schon ganz sch\u00f6n schw\u00fcl und auch wenn die Reise v\u00f6llig &#8218;Easy Going&#8216; war, ein bisschen merkt man sie schon in den Knochen. Die beiden Fahrer haben uns dann sicher ins Resort gebracht.<\/p>\n\n\n\n<p>Zwischendurch gab es noch eine kleine Rast, mit einem Imbiss und einer Zigarette f\u00fcr die Fahrer und f\u00fcr uns mit einem ersten genaueren Eindruck von Bali in der Regenzeit.<\/p>\n\n\n\n<div class=\"wp-block-columns is-layout-flex wp-container-core-columns-is-layout-9d6595d7 wp-block-columns-is-layout-flex\">\n<div class=\"wp-block-column is-layout-flow wp-block-column-is-layout-flow\">\n<div class=\"wp-block-image\"><figure class=\"aligncenter size-full\"><a href=\"https:\/\/www.guhalg.com\/wordpress\/wp-content\/uploads\/Reisen\/Bali2009\/Reise\/IMG_4833.jpg\"><img loading=\"lazy\" decoding=\"async\" width=\"800\" height=\"600\" src=\"https:\/\/www.guhalg.com\/wordpress\/wp-content\/uploads\/Reisen\/Bali2009\/Reise\/IMG_4833.jpg\" alt=\"Bali zur Regenzeit\" class=\"wp-image-6056\" srcset=\"https:\/\/www.guhalg.com\/wordpress\/wp-content\/uploads\/Reisen\/Bali2009\/Reise\/IMG_4833.jpg 800w, https:\/\/www.guhalg.com\/wordpress\/wp-content\/uploads\/Reisen\/Bali2009\/Reise\/IMG_4833-300x225.jpg 300w, https:\/\/www.guhalg.com\/wordpress\/wp-content\/uploads\/Reisen\/Bali2009\/Reise\/IMG_4833-768x576.jpg 768w\" sizes=\"auto, (max-width: 800px) 100vw, 800px\" \/><\/a><figcaption>Bali zur Regenzeit<\/figcaption><\/figure><\/div>\n<\/div>\n\n\n\n<div class=\"wp-block-column is-layout-flow wp-block-column-is-layout-flow\">\n<div class=\"wp-block-image\"><figure class=\"aligncenter size-full\"><a href=\"https:\/\/www.guhalg.com\/wordpress\/wp-content\/uploads\/Reisen\/Bali2009\/Reise\/IMG_4837.jpg\"><img loading=\"lazy\" decoding=\"async\" width=\"800\" height=\"600\" src=\"https:\/\/www.guhalg.com\/wordpress\/wp-content\/uploads\/Reisen\/Bali2009\/Reise\/IMG_4837.jpg\" alt=\"Bali zur Regenzeit\" class=\"wp-image-6057\" srcset=\"https:\/\/www.guhalg.com\/wordpress\/wp-content\/uploads\/Reisen\/Bali2009\/Reise\/IMG_4837.jpg 800w, https:\/\/www.guhalg.com\/wordpress\/wp-content\/uploads\/Reisen\/Bali2009\/Reise\/IMG_4837-300x225.jpg 300w, https:\/\/www.guhalg.com\/wordpress\/wp-content\/uploads\/Reisen\/Bali2009\/Reise\/IMG_4837-768x576.jpg 768w\" sizes=\"auto, (max-width: 800px) 100vw, 800px\" \/><\/a><figcaption>Bali zur Regenzeit<\/figcaption><\/figure><\/div>\n<\/div>\n<\/div>\n\n\n\n<p>Das Ganze bei ca. 28\u00a0\u00b0C, total schw\u00fcl und einem v\u00f6llig schummerigen Licht \u2013 und auf einer H\u00f6he von ca. 800\u00a0m \u00fcber dem Meer.<\/p>\n\n\n\n<div class=\"wp-block-columns is-layout-flex wp-container-core-columns-is-layout-9d6595d7 wp-block-columns-is-layout-flex\">\n<div class=\"wp-block-column is-layout-flow wp-block-column-is-layout-flow\">\n<div class=\"wp-block-image\"><figure class=\"aligncenter size-full\"><a href=\"https:\/\/www.guhalg.com\/wordpress\/wp-content\/uploads\/Reisen\/Bali2009\/Reise\/Regen.jpg\"><img loading=\"lazy\" decoding=\"async\" width=\"640\" height=\"480\" src=\"https:\/\/www.guhalg.com\/wordpress\/wp-content\/uploads\/Reisen\/Bali2009\/Reise\/Regen.jpg\" alt=\"Regen\" class=\"wp-image-6063\" srcset=\"https:\/\/www.guhalg.com\/wordpress\/wp-content\/uploads\/Reisen\/Bali2009\/Reise\/Regen.jpg 640w, https:\/\/www.guhalg.com\/wordpress\/wp-content\/uploads\/Reisen\/Bali2009\/Reise\/Regen-300x225.jpg 300w\" sizes=\"auto, (max-width: 640px) 100vw, 640px\" \/><\/a><figcaption>Regen<\/figcaption><\/figure><\/div>\n<\/div>\n\n\n\n<div class=\"wp-block-column is-layout-flow wp-block-column-is-layout-flow\">\n<div class=\"wp-block-image\"><figure class=\"aligncenter size-full\"><a href=\"https:\/\/www.guhalg.com\/wordpress\/wp-content\/uploads\/Reisen\/Bali2009\/Reise\/IMG_4840.jpg\"><img loading=\"lazy\" decoding=\"async\" width=\"800\" height=\"600\" src=\"https:\/\/www.guhalg.com\/wordpress\/wp-content\/uploads\/Reisen\/Bali2009\/Reise\/IMG_4840.jpg\" alt=\"Alles gr\u00fcn\" class=\"wp-image-6059\" srcset=\"https:\/\/www.guhalg.com\/wordpress\/wp-content\/uploads\/Reisen\/Bali2009\/Reise\/IMG_4840.jpg 800w, https:\/\/www.guhalg.com\/wordpress\/wp-content\/uploads\/Reisen\/Bali2009\/Reise\/IMG_4840-300x225.jpg 300w, https:\/\/www.guhalg.com\/wordpress\/wp-content\/uploads\/Reisen\/Bali2009\/Reise\/IMG_4840-768x576.jpg 768w\" sizes=\"auto, (max-width: 800px) 100vw, 800px\" \/><\/a><figcaption>Alles gr\u00fcn<\/figcaption><\/figure><\/div>\n<\/div>\n<\/div>\n\n\n\n<p>Auf dem folgenden Video sind das denn auch wirklich Wolken, die da zwischen den Bergen h\u00e4ngen.<\/p>\n\n\n\n<figure class=\"wp-block-video aligncenter\"><video height=\"480\" style=\"aspect-ratio: 640 \/ 480;\" width=\"640\" controls src=\"https:\/\/www.guhalg.com\/wordpress\/wp-content\/uploads\/Reisen\/Bali2009\/Reise\/Regen.mp4\"><\/video><\/figure>\n\n\n\n<p>Nach der Rast ging es aber auch weiter ins Resort. Insgesamt waren wir nochmal so ca. 4 Std. im Auto unterwegs von Flughafen bis ins Urlaubsziel. Aber letztendlich kommt man an, freut sich und hat die ganzen langen Reisezeiten auch wieder vergessen.<\/p>\n\n\n\n<div class=\"wp-block-columns is-layout-flex wp-container-core-columns-is-layout-9d6595d7 wp-block-columns-is-layout-flex\">\n<div class=\"wp-block-column is-layout-flow wp-block-column-is-layout-flow\">\n<div class=\"wp-block-buttons is-layout-flex wp-block-buttons-is-layout-flex\">\n<div class=\"wp-block-button\"><a class=\"wp-block-button__link\" href=\"https:\/\/www.guhalg.com\/wordpress\/?page_id=6045\">Bali 2009<\/a><\/div>\n<\/div>\n<\/div>\n\n\n\n<div class=\"wp-block-column is-layout-flow wp-block-column-is-layout-flow\">\n<div class=\"wp-block-buttons is-horizontal is-content-justification-right is-layout-flex wp-container-core-buttons-is-layout-ae2fe186 wp-block-buttons-is-layout-flex\">\n<div class=\"wp-block-button\"><a class=\"wp-block-button__link\" href=\"https:\/\/www.guhalg.com\/wordpress\/?page_id=6089\">Ankunft im Resort<\/a><\/div>\n<\/div>\n<\/div>\n<\/div>\n","protected":false},"excerpt":{"rendered":"<p>So, nachdem die Vorbereitungen abgeschlossen wurden, ging es jetzt wie \u00fcblich nach Frankfurt zum Flughafen. Nat\u00fcrlich nicht, ohne unsere Freunde bei Frankfurt zu besuchen. Die Reise nach Bali an sich war jetzt ganz einfach. Man suche sich den Schalter von&hellip; <\/p>\n","protected":false},"author":1,"featured_media":0,"parent":6045,"menu_order":1,"comment_status":"closed","ping_status":"closed","template":"","meta":{"footnotes":""},"class_list":["post-6075","page","type-page","status-publish","hentry"],"_links":{"self":[{"href":"https:\/\/www.guhalg.com\/wordpress\/index.php?rest_route=\/wp\/v2\/pages\/6075","targetHints":{"allow":["GET"]}}],"collection":[{"href":"https:\/\/www.guhalg.com\/wordpress\/index.php?rest_route=\/wp\/v2\/pages"}],"about":[{"href":"https:\/\/www.guhalg.com\/wordpress\/index.php?rest_route=\/wp\/v2\/types\/page"}],"author":[{"embeddable":true,"href":"https:\/\/www.guhalg.com\/wordpress\/index.php?rest_route=\/wp\/v2\/users\/1"}],"replies":[{"embeddable":true,"href":"https:\/\/www.guhalg.com\/wordpress\/index.php?rest_route=%2Fwp%2Fv2%2Fcomments&post=6075"}],"version-history":[{"count":9,"href":"https:\/\/www.guhalg.com\/wordpress\/index.php?rest_route=\/wp\/v2\/pages\/6075\/revisions"}],"predecessor-version":[{"id":7764,"href":"https:\/\/www.guhalg.com\/wordpress\/index.php?rest_route=\/wp\/v2\/pages\/6075\/revisions\/7764"}],"up":[{"embeddable":true,"href":"https:\/\/www.guhalg.com\/wordpress\/index.php?rest_route=\/wp\/v2\/pages\/6045"}],"wp:attachment":[{"href":"https:\/\/www.guhalg.com\/wordpress\/index.php?rest_route=%2Fwp%2Fv2%2Fmedia&parent=6075"}],"curies":[{"name":"wp","href":"https:\/\/api.w.org\/{rel}","templated":true}]}}